{"id":15177,"date":"2025-01-19T14:12:08","date_gmt":"2025-01-19T14:12:08","guid":{"rendered":"https:\/\/www.hydraulic-cylinders.net\/product\/bucket-cylinder-for-sumitomo-middle-excavator-sh240-5lr\/"},"modified":"2025-01-19T14:12:10","modified_gmt":"2025-01-19T14:12:10","slug":"bucket-cylinder-for-sumitomo-middle-excavator-sh240-5lr","status":"publish","type":"product","link":"https:\/\/www.hydraulic-cylinders.net\/pl\/produkt\/bucket-cylinder-for-sumitomo-middle-excavator-sh240-5lr\/","title":{"rendered":"Si\u0142ownik \u0142y\u017cki do koparki \u015bredniej Sumitomo SH240-5LR"},"content":{"rendered":"<h1>Si\u0142ownik \u0142y\u017cki do koparki \u015bredniej Sumitomo SH240-5LR<\/h1>\n<h2>Wst\u0119p<\/h2>\n<p>Si\u0142ownik \u0142y\u017cki to specjalnie zaprojektowany si\u0142ownik hydrauliczny s\u0142u\u017c\u0105cy do sterowania ruchem \u0142y\u017cki w ci\u0119\u017ckich maszynach, takich jak koparki, koparko-\u0142adowarki i \u0142adowarki czo\u0142owe. Jego g\u0142\u00f3wn\u0105 funkcj\u0105 jest podnoszenie, opuszczanie i przechylanie \u0142y\u017cki, u\u0142atwiaj\u0105c tym samym r\u00f3\u017cnorodne zadania zwi\u0105zane z prze\u0142adunkiem materia\u0142\u00f3w. W uk\u0142adzie hydraulicznym si\u0142ownik \u0142y\u017cki zapewnia precyzyjn\u0105 kontrol\u0119 nad \u0142y\u017ck\u0105 poprzez zmian\u0119 ci\u015bnienia oleju hydraulicznego, umo\u017cliwiaj\u0105c operatorom wydajne przenoszenie ci\u0119\u017ckich \u0142adunk\u00f3w i dostosowywanie si\u0119 do z\u0142o\u017conych warunk\u00f3w pracy oraz zr\u00f3\u017cnicowanych wymaga\u0144.<\/p>\n<p><img decoding=\"async\" src=\"https:\/\/www.hydraulic-cylinders.net\/wp-content\/uploads\/2025\/01\/songte-company-2.webp\" alt=\"Obraz cylindra wiadra\"><\/p>\n<h2>Cechy<\/h2>\n<ul>\n<li>\n<h3>Wysoka wytrzyma\u0142o\u015b\u0107 i trwa\u0142o\u015b\u0107<\/h3>\n<p>Cylindry czerpakowe s\u0105 zazwyczaj wykonane z wysokowytrzyma\u0142ej stali lub aluminium, co pozwala im wytrzyma\u0107 wysokie ci\u015bnienie i du\u017ce obci\u0105\u017cenia, dostosowuj\u0105c si\u0119 do trudnych warunk\u00f3w pracy. Konstrukcja uwzgl\u0119dnia odporno\u015b\u0107 na zu\u017cycie i korozj\u0119, co wyd\u0142u\u017ca \u017cywotno\u015b\u0107.<\/p>\n<\/li>\n<li>\n<h3>Wydajna praca hydrauliczna<\/h3>\n<p>Cylindry czerpakowe wykorzystuj\u0105 ci\u015bnienie oleju hydraulicznego, aby zapewni\u0107 p\u0142ynne ruchy rozci\u0105gania i kurczenia, szybko reaguj\u0105 na polecenia steruj\u0105ce, zapewniaj\u0105 du\u017c\u0105 si\u0142\u0119 pchania i ci\u0105gni\u0119cia oraz nadaj\u0105 si\u0119 do przenoszenia ci\u0119\u017ckich \u0142adunk\u00f3w i wykonywania skomplikowanych zada\u0144.<\/p>\n<\/li>\n<li>\n<h3>R\u00f3\u017cne typy<\/h3>\n<p>Si\u0142owniki kube\u0142kowe mog\u0105 by\u0107 jednostronnego dzia\u0142ania (hydrauliczne w jednym kierunku) lub dwustronnego dzia\u0142ania (hydrauliczne w obu kierunkach), w zale\u017cno\u015bci od wymaga\u0144. Niekt\u00f3re modele s\u0105 teleskopowe, co pozwala na wi\u0119ksze wysuni\u0119cie bez zwi\u0119kszania wymiar\u00f3w zewn\u0119trznych, i nadaje si\u0119 do zastosowa\u0144 w ograniczonej przestrzeni.<\/p>\n<\/li>\n<li>\n<h3>Idealny zamiennik<\/h3>\n<p>Nasze produkty mog\u0105 doskonale zast\u0105pi\u0107 te si\u0142owniki hydrauliczne. Jeste\u015bmy w stanie wyprodukowa\u0107 ten produkt.<\/p>\n<\/li>\n<\/ul>\n<p><img decoding=\"async\" src=\"https:\/\/www.hydraulic-cylinders.net\/wp-content\/uploads\/2025\/01\/songte-cylinder-head-with-all-kinds-excavator-models.webp\" alt=\"Obraz wymiany cylindra \u0142y\u017cki\"><\/p>\n<h2>Aplikacje<\/h2>\n<p>Cylindry kube\u0142kowe mog\u0105 by\u0107 stosowane w r\u00f3\u017cnych ga\u0142\u0119ziach przemys\u0142u, w tym:<\/p>\n<ul>\n<li>\n<h3>Sprz\u0119t budowlany<\/h3>\n<p>W koparkach cylindry \u0142y\u017cki s\u0105 niezb\u0119dne do kopania, za\u0142adunku i przemieszczania gleby lub gruzu. W koparko-\u0142adowarkach cylindry \u0142y\u017cki pomagaj\u0105 zar\u00f3wno w kopaniu, jak i podnoszeniu. <\/p>\n<\/li>\n<li>\n<h3>Maszyny rolnicze<\/h3>\n<p>Cylindry czerpakowe s\u0105 stosowane w \u0142adowarkach czo\u0142owych do podnoszenia, zbierania i transportu gleby, siana i innych materia\u0142\u00f3w. <\/p>\n<\/li>\n<li>\n<h3>Koparki<\/h3>\n<p>Cylinder \u0142y\u017cki umo\u017cliwia zag\u0142\u0119bianie si\u0119 \u0142y\u017cki w gleb\u0119 i wykonywanie ruch\u00f3w wykopaliskowych. <\/p>\n<\/li>\n<li>\n<h3>\u0141adowarka<\/h3>\n<p>Cylindry \u0142y\u017cki w \u0142adowarkach czo\u0142owych umo\u017cliwiaj\u0105 efektywne podnoszenie i wysypywanie materia\u0142\u00f3w. <\/p>\n<\/li>\n<\/ul>\n<h2>Zagadnienia projektowe i standardy wyboru<\/h2>\n<p>Projektuj\u0105c i wybieraj\u0105c cylindry kube\u0142kowe, in\u017cynierowie musz\u0105 wzi\u0105\u0107 pod uwag\u0119 nast\u0119puj\u0105ce kwestie:<\/p>\n<ul>\n<li>\n<h3>No\u015bno\u015b\u0107<\/h3>\n<p>Cylinder musi mie\u0107 odpowiedni\u0105 no\u015bno\u015b\u0107, aby utrzyma\u0107 ci\u0119\u017car \u0142adunku.<\/p>\n<\/li>\n<li>\n<h3>Wydajno\u015b\u0107 uszczelnienia<\/h3>\n<p>R\u00f3\u017cne elementy uszczelniaj\u0105ce, takie jak uszczelnienia t\u0142ok\u00f3w i uszczelnienia t\u0142oczysk, musz\u0105 by\u0107 wykonane z materia\u0142\u00f3w odpornych na zu\u017cycie, takich jak poliuretan i kauczuk nitrylowy, aby zapewni\u0107 dobr\u0105 szczelno\u015b\u0107 i zapobiec wyciekom oleju.<\/p>\n<\/li>\n<li>\n<h3>Trwa\u0142o\u015b\u0107<\/h3>\n<p>Cylinder musi by\u0107 zaprojektowany w taki spos\u00f3b, aby by\u0142 odporny na zu\u017cycie, korozj\u0119 i inne rodzaje uszkodze\u0144 przez d\u0142u\u017cszy okres czasu.<\/p>\n<\/li>\n<li>\n<h3>Bezpiecze\u0144stwo<\/h3>\n<p>Obs\u0142uga cylindra musi by\u0107 bezpieczna, a zastosowane \u015brodki bezpiecze\u0144stwa i systemy ostrzegawcze musz\u0105 by\u0107 odpowiednie. <\/p>\n<\/li>\n<li>\n<h3>Utrzymywalno\u015b\u0107<\/h3>\n<p>Cylinder musi by\u0107 \u0142atwy w utrzymaniu, a cz\u0119\u015bci zamienne oraz us\u0142ugi naprawcze i regeneracyjne musz\u0105 by\u0107 \u0142atwo dost\u0119pne.<\/p>\n<\/li>\n<\/ul>\n<p><img decoding=\"async\" src=\"https:\/\/www.hydraulic-cylinders.net\/wp-content\/uploads\/2025\/01\/songte-oil-pipes-and-spare-parts.webp\" alt=\"Obraz cz\u0119\u015bci zamiennych cylindra \u0142y\u017cki\"><\/p>\n<h2>Uszczelnianie i smarowanie<\/h2>\n<p>Si\u0142owniki kube\u0142kowe wymagaj\u0105 r\u00f3\u017cnorodnych uszczelnie\u0144, takich jak uszczelnienia t\u0142oka i t\u0142oczyska, wykonanych z materia\u0142\u00f3w odpornych na zu\u017cycie, takich jak poliuretan i kauczuk nitrylowy, kt\u00f3re zapewniaj\u0105 dobr\u0105 szczelno\u015b\u0107 i zapobiegaj\u0105 wyciekom oleju. Korpus cylindra, t\u0142oczysko i powierzchnie gwint\u00f3w s\u0105 precyzyjnie obrobione w celu zwi\u0119kszenia odporno\u015bci na zu\u017cycie. Do smarowania wymagane jest regularne dodawanie odpowiedniej ilo\u015bci oleju hydraulicznego.<\/p>\n<h2>Konserwacja i naprawa<\/h2>\n<p>Regularne przegl\u0105dy i konserwacja zapobiegawcza s\u0105 niezb\u0119dne dla zapewnienia optymalnej wydajno\u015bci i trwa\u0142o\u015bci si\u0142ownik\u00f3w kube\u0142kowych. Do typowych czynno\u015bci konserwacyjnych nale\u017c\u0105 prawid\u0142owe smarowanie, regularna wymiana uszczelnie\u0144 oraz kontrola kalibracji. Prawid\u0142owy monta\u017c, smarowanie i regulacja maj\u0105 kluczowe znaczenie dla zapewnienia trwa\u0142o\u015bci i trwa\u0142o\u015bci si\u0142ownik\u00f3w kube\u0142kowych. Poni\u017csze wskaz\u00f3wki pomog\u0105 w diagnozowaniu i skutecznym rozwi\u0105zywaniu problem\u00f3w:<\/p>\n<ul>\n<li>\n<h3>Regularna kontrola<\/h3>\n<p>Regularne kontrole mog\u0105 pom\u00f3c wykry\u0107 potencjalne problemy zanim si\u0119 nasil\u0105.<\/p>\n<\/li>\n<li>\n<h3>Prawid\u0142owe smarowanie<\/h3>\n<p>W\u0142a\u015bciwe smarowanie mo\u017ce pom\u00f3c zapobiec zu\u017cyciu i przed\u0142u\u017cy\u0107 \u017cywotno\u015b\u0107 cylindra.<\/p>\n<\/li>\n<li>\n<h3>Wymiana uszczelki<\/h3>\n<p>Aby zapewni\u0107 optymaln\u0105 skuteczno\u015b\u0107 uszczelnienia, konieczna jest cz\u0119sta wymiana uszczelek. <\/p>\n<\/li>\n<li>\n<h3>Prawid\u0142owa instalacja i regulacja<\/h3>\n<p>Prawid\u0142owy monta\u017c i regulacja cylindra maj\u0105 kluczowe znaczenie dla jego trwa\u0142o\u015bci i wytrzyma\u0142o\u015bci. <\/p>\n<\/li>\n<\/ul>\n<p><img decoding=\"async\" src=\"https:\/\/www.hydraulic-cylinders.net\/wp-content\/uploads\/2025\/01\/songte-chushion-collar.webp\" alt=\"Obraz instalacji cylindra kube\u0142kowego\"><\/p>\n<h2>Zagadnienia bezpiecze\u0144stwa i czynniki \u015brodowiskowe<\/h2>\n<p>Podczas u\u017cytkowania cylindr\u00f3w kube\u0142kowych nale\u017cy przestrzega\u0107 \u015brodk\u00f3w bezpiecze\u0144stwa, aby zapobiec obra\u017ceniom cia\u0142a i uszkodzeniom sprz\u0119tu. Nale\u017cy r\u00f3wnie\u017c uwzgl\u0119dni\u0107 czynniki \u015brodowiskowe, takie jak temperatura, wilgotno\u015b\u0107 i kurz, aby utrzyma\u0107 optymaln\u0105 wydajno\u015b\u0107 i trwa\u0142o\u015b\u0107. <\/p>\n<h2>Diagnostyka awarii i rozwi\u0105zywanie problem\u00f3w<\/h2>\n<p>Do typowych problem\u00f3w z si\u0142ownikiem \u0142y\u017cki nale\u017c\u0105 wycieki oleju, niewystarczaj\u0105ce ci\u015bnienie i s\u0142abe uszczelnienie. Prawid\u0142owa diagnoza i rozwi\u0105zywanie problem\u00f3w mog\u0105 pom\u00f3c w skutecznym i efektywnym rozwi\u0105zaniu problem\u00f3w. Regularna konserwacja i przegl\u0105dy mog\u0105 pom\u00f3c zapobiec wyst\u0105pieniu takich problem\u00f3w.<\/p>\n<p><img decoding=\"async\" src=\"https:\/\/www.hydraulic-cylinders.net\/wp-content\/uploads\/2025\/01\/songte-bushings-with-all-kinds-of-excavator-models.webp\" alt=\"Problemy z cylindrem \u0142y\u017cki Obraz\"><\/p>\n<h2>O naszej firmie<\/h2>\n<p>Jeste\u015bmy producentem cylindr\u00f3w hydraulicznych, kt\u00f3re mog\u0105 zast\u0105pi\u0107 oryginalne cylindry. Nasza firma oferuje pe\u0142n\u0105 gam\u0119 produkt\u00f3w i jest jednym z wiod\u0105cych producent\u00f3w i hurtownik\u00f3w cylindr\u00f3w hydraulicznych na rynku krajowym i mi\u0119dzynarodowym. D\u0105\u017cymy do doskona\u0142o\u015bci w zakresie jako\u015bci, opieramy si\u0119 na przemys\u0142owych strategiach zarz\u0105dzania produkcj\u0105 w wyspecjalizowanych warsztatach produkcyjnych oraz stale ulepszamy platform\u0119 produkcyjn\u0105 i jako\u015b\u0107 produkcji w warsztacie, wykorzystuj\u0105c talenty techniczne, cyfrowy sprz\u0119t produkcyjny wysokiej klasy oraz profesjonalne systemy testowe. Dysponujemy du\u017cym potencja\u0142em produkcyjnym, spe\u0142niaj\u0105c zr\u00f3\u017cnicowane wymagania klient\u00f3w dzi\u0119ki wydajno\u015bci, precyzji i wysokim standardom jako\u015bci. <\/p>\n<p><img decoding=\"async\" src=\"https:\/\/hzpt.com\/wp-content\/uploads\/2024\/11\/songte-company-1.webp\" alt=\"Wizerunek firmy\"><\/p>\n<h3>Specjalno\u015b\u0107<\/h3>\n<p>Specjalizujemy si\u0119 w produkcji cylindr\u00f3w hydraulicznych, kt\u00f3re mog\u0105 zast\u0105pi\u0107 oryginalne cylindry.<\/p>\n<h3>Mi\u0119dzynarodowa Certyfikacja<\/h3>\n<p>Nasze produkty spe\u0142niaj\u0105 wymogi norm ISO9001, CE oraz inne mi\u0119dzynarodowe certyfikaty, co gwarantuje ich jako\u015b\u0107 i niezawodno\u015b\u0107. <\/p>\n<h3>Us\u0142uga personalizacji<\/h3>\n<p>Nasza firma \u015bwiadczy us\u0142ugi dostosowane do indywidualnych potrzeb klient\u00f3w.<\/p>\n<h3>Sprz\u0119t produkcyjny<\/h3>\n<p>Nasz warsztat jest wyposa\u017cony w najnowocze\u015bniejsze tokarki sterowane komputerowo, centra obr\u00f3bcze CNC i inny sprz\u0119t o wysokiej precyzji, co gwarantuje jako\u015b\u0107 i dok\u0142adno\u015b\u0107 naszych produkt\u00f3w. <\/p>\n<h3>Serwis posprzeda\u017cowy<\/h3>\n<p>Zapewniamy klientom doskona\u0142\u0105 obs\u0142ug\u0119 posprzeda\u017cow\u0105, obejmuj\u0105c\u0105 konserwacj\u0119, naprawy i wymian\u0119 produkt\u00f3w.<\/p>\n<h4>Autor: lyl<\/h4>","protected":false},"excerpt":{"rendered":"<p>Bucket Cylinder For Sumitomo Middle Excavator SH240-5LR Introduction A bucket cylinder is a specially designed hydraulic cylinder used to control the movement of the bucket in heavy machinery such as excavators, backhoe loaders, and front-end loaders. Its main function is to enable lifting, lowering and tilting of the bucket, thus facilitating various material handling tasks. [&hellip;]<\/p>","protected":false},"featured_media":14789,"comment_status":"open","ping_status":"closed","template":"","meta":{"_et_pb_use_builder":"","_et_pb_old_content":"","_et_gb_content_width":""},"product_brand":[],"product_cat":[1494],"product_tag":[1495,1496],"class_list":{"0":"post-15177","1":"product","2":"type-product","3":"status-publish","4":"has-post-thumbnail","6":"product_cat-bucket-cylinders","7":"product_tag-bucket-cylinders","8":"product_tag-hydraulic-cylinders","10":"first","11":"instock","12":"shipping-taxable","13":"product-type-simple"},"amp_enabled":true,"_links":{"self":[{"href":"https:\/\/www.hydraulic-cylinders.net\/pl\/wp-json\/wp\/v2\/product\/15177","targetHints":{"allow":["GET"]}}],"collection":[{"href":"https:\/\/www.hydraulic-cylinders.net\/pl\/wp-json\/wp\/v2\/product"}],"about":[{"href":"https:\/\/www.hydraulic-cylinders.net\/pl\/wp-json\/wp\/v2\/types\/product"}],"replies":[{"embeddable":true,"href":"https:\/\/www.hydraulic-cylinders.net\/pl\/wp-json\/wp\/v2\/comments?post=15177"}],"wp:featuredmedia":[{"embeddable":true,"href":"https:\/\/www.hydraulic-cylinders.net\/pl\/wp-json\/wp\/v2\/media\/14789"}],"wp:attachment":[{"href":"https:\/\/www.hydraulic-cylinders.net\/pl\/wp-json\/wp\/v2\/media?parent=15177"}],"wp:term":[{"taxonomy":"product_brand","embeddable":true,"href":"https:\/\/www.hydraulic-cylinders.net\/pl\/wp-json\/wp\/v2\/product_brand?post=15177"},{"taxonomy":"product_cat","embeddable":true,"href":"https:\/\/www.hydraulic-cylinders.net\/pl\/wp-json\/wp\/v2\/product_cat?post=15177"},{"taxonomy":"product_tag","embeddable":true,"href":"https:\/\/www.hydraulic-cylinders.net\/pl\/wp-json\/wp\/v2\/product_tag?post=15177"}],"curies":[{"name":"wp","href":"https:\/\/api.w.org\/{rel}","templated":true}]}}