{"id":15179,"date":"2025-01-19T14:12:17","date_gmt":"2025-01-19T14:12:17","guid":{"rendered":"https:\/\/www.hydraulic-cylinders.net\/product\/bucket-cylinder-for-sumitomo-middle-excavator-sh200-3g\/"},"modified":"2025-01-19T14:12:19","modified_gmt":"2025-01-19T14:12:19","slug":"bucket-cylinder-for-sumitomo-middle-excavator-sh200-3g","status":"publish","type":"product","link":"https:\/\/www.hydraulic-cylinders.net\/pl\/produkt\/bucket-cylinder-for-sumitomo-middle-excavator-sh200-3g\/","title":{"rendered":"Si\u0142ownik \u0142y\u017cki do koparki \u015bredniej Sumitomo SH200-3G"},"content":{"rendered":"<h1>Si\u0142ownik \u0142y\u017cki do koparki \u015bredniej Sumitomo SH200-3G<\/h1>\n<h2>Wst\u0119p<\/h2>\n<p>Si\u0142ownik \u0142y\u017cki do koparki Sumitomo Middle Excavator SH200-3G to specjalistyczny si\u0142ownik hydrauliczny, kt\u00f3ry s\u0142u\u017cy g\u0142\u00f3wnie do sterowania ruchem \u0142y\u017cki w ci\u0119\u017ckich maszynach, takich jak koparki, koparko-\u0142adowarki i \u0142adowarki czo\u0142owe. Jego g\u0142\u00f3wn\u0105 funkcj\u0105 jest podnoszenie, opuszczanie i przechylanie \u0142y\u017cki, u\u0142atwiaj\u0105c prze\u0142adunek r\u00f3\u017cnych materia\u0142\u00f3w. W uk\u0142adzie hydraulicznym si\u0142ownik \u0142y\u017cki wykorzystuje zmiany ci\u015bnienia oleju hydraulicznego, aby zapewni\u0107 precyzyjn\u0105 kontrol\u0119 nad \u0142y\u017ck\u0105, umo\u017cliwiaj\u0105c operatorom wydajne przenoszenie du\u017cych \u0142adunk\u00f3w i dostosowanie si\u0119 do z\u0142o\u017conych warunk\u00f3w pracy oraz zr\u00f3\u017cnicowanych wymaga\u0144 operacyjnych.<\/p>\n<p><img decoding=\"async\" src=\"https:\/\/www.hydraulic-cylinders.net\/wp-content\/uploads\/2025\/01\/songte-company-2.webp\" alt=\"Obraz cylindra wiadra\"><\/p>\n<h3>Cechy<\/h3>\n<ul>\n<li><strong>Wysoka wytrzyma\u0142o\u015b\u0107 i trwa\u0142o\u015b\u0107:<\/strong> Zazwyczaj wykonane z wytrzyma\u0142ej stali lub aluminium, wytrzymuj\u0105 du\u017ce ci\u015bnienia i obci\u0105\u017cenia, s\u0105 przystosowane do trudnych warunk\u00f3w pracy, a w procesie projektowania uwzgl\u0119dniono odporno\u015b\u0107 na zu\u017cycie i korozj\u0119, aby wyd\u0142u\u017cy\u0107 \u017cywotno\u015b\u0107 urz\u0105dzenia.<\/li>\n<li><strong>Wydajna praca uk\u0142adu hydraulicznego:<\/strong> Wykorzystuj\u0105c ci\u015bnienie oleju hydraulicznego do uzyskania p\u0142ynnego ruchu rozszerzania i kurczenia, mo\u017ce szybko reagowa\u0107 na polecenia operacyjne, zapewnia du\u017c\u0105 si\u0142\u0119 pchania i ci\u0105gni\u0119cia oraz jest odpowiedni do obs\u0142ugi du\u017cych obci\u0105\u017ce\u0144 i skomplikowanych zada\u0144 operacyjnych.<\/li>\n<li><strong>Wiele typ\u00f3w:<\/strong> Si\u0142ownik mo\u017ce by\u0107 jednostronnego dzia\u0142ania (hydraulika dzia\u0142a tylko w jednym kierunku) lub dwustronnego dzia\u0142ania (hydraulika dzia\u0142a w dw\u00f3ch kierunkach), w zale\u017cno\u015bci od potrzeb operacyjnych. Niekt\u00f3re modele s\u0105 teleskopowe, co pozwala na wi\u0119ksze wysuni\u0119cie bez zwi\u0119kszania wymiar\u00f3w zewn\u0119trznych, co jest przydatne w zastosowaniach o ograniczonej przestrzeni.<\/li>\n<li><strong>Produkcja:<\/strong> Nasza firma mo\u017ce wyprodukowa\u0107 ten produkt i doskonale zast\u0105pi\u0107 te cylindry hydrauliczne.<\/li>\n<\/ul>\n<p><img decoding=\"async\" src=\"https:\/\/www.hydraulic-cylinders.net\/wp-content\/uploads\/2025\/01\/songte-cylinder-head-with-all-kinds-excavator-models.webp\" alt=\"Obraz produktu\"><\/p>\n<h2>Aplikacje<\/h2>\n<p>Si\u0142ownik \u0142y\u017cki do koparki \u015bredniej Sumitomo SH200-3G mo\u017ce by\u0107 u\u017cywany w r\u00f3\u017cnych zastosowaniach, takich jak:<\/p>\n<ul>\n<li><strong>Sprz\u0119t budowlany:<\/strong> W koparkach s\u0105 one wa\u017cne do kopania, za\u0142adunku i przemieszczania gleby lub gruzu. W koparko-\u0142adowarkach si\u0142ownik \u0142y\u017cki pomaga zar\u00f3wno w kopaniu, jak i podnoszeniu. <\/li>\n<li><strong>Maszyny rolnicze:<\/strong> Stosowany w \u0142adowarkach czo\u0142owych do nabierania, podnoszenia i transportu gleby, siana i innych materia\u0142\u00f3w. <\/li>\n<li><strong>Koparki:<\/strong> Cylinder \u0142y\u017cki umo\u017cliwia kopanie poprzez umo\u017cliwienie \u0142y\u017cce zag\u0142\u0119biania si\u0119 w gleb\u0119. <\/li>\n<li><strong>\u0141adowarki:<\/strong> W \u0142adowarkach czo\u0142owych pomagaj\u0105 skutecznie podnosi\u0107 i przechyla\u0107 \u0142adunki. <\/li>\n<\/ul>\n<h2>Zagadnienia projektowe i kryteria wyboru<\/h2>\n<p>Zagadnienia projektowe dotycz\u0105ce cylindra \u0142y\u017cki do koparki \u015bredniej Sumitomo SH200-3G obejmuj\u0105:<\/p>\n<ul>\n<li><strong>No\u015bno\u015b\u0107:<\/strong> Si\u0142ownik musi mie\u0107 wystarczaj\u0105c\u0105 wytrzyma\u0142o\u015b\u0107, aby wytrzyma\u0107 obci\u0105\u017cenia, jakie b\u0119d\u0105 mu towarzyszy\u0107 podczas u\u017cytkowania.<\/li>\n<li><strong>Opiecz\u0119towanie:<\/strong> Aby zapobiec wyciekaniu p\u0142ynu hydraulicznego z cylindra, stosuje si\u0119 r\u00f3\u017cne uszczelnienia, takie jak uszczelnienia t\u0142okowe i uszczelnienia t\u0142oczyskowe.<\/li>\n<li><strong>Trwa\u0142o\u015b\u0107:<\/strong> Cylinder powinien by\u0107 zaprojektowany tak, aby by\u0142 odporny na zu\u017cycie i korozj\u0119, co mo\u017cna osi\u0105gn\u0105\u0107 poprzez staranny dob\u00f3r materia\u0142\u00f3w, obr\u00f3bk\u0119 powierzchni i inne techniki. <\/li>\n<li><strong>Bezpiecze\u0144stwo:<\/strong> Konstrukcja cylindra musi uwzgl\u0119dnia\u0107 wymogi bezpiecze\u0144stwa, dlatego musi on by\u0107 wyposa\u017cony w zawory bezpiecze\u0144stwa zapobiegaj\u0105ce przeci\u0105\u017ceniu oraz pokrywy bezpiecze\u0144stwa chroni\u0105ce pracownik\u00f3w przed obra\u017ceniami. <\/li>\n<li><strong>Konserwacja:<\/strong> Cylinder musi by\u0107 zaprojektowany w spos\u00f3b umo\u017cliwiaj\u0105cy \u0142atw\u0105 konserwacj\u0119, tzn. musi mie\u0107 \u0142atwo dost\u0119pne podzespo\u0142y i standardowe przy\u0142\u0105cza umo\u017cliwiaj\u0105ce \u0142atw\u0105 wymian\u0119 uszczelek i innych cz\u0119\u015bci.<\/li>\n<\/ul>\n<p><img decoding=\"async\" src=\"https:\/\/www.hydraulic-cylinders.net\/wp-content\/uploads\/2025\/01\/songte-oil-pipes-and-spare-parts.webp\" alt=\"Obraz cz\u0119\u015bci cylindra hydraulicznego\"><\/p>\n<h2>Uszczelnianie i smarowanie<\/h2>\n<p>Si\u0142ownik \u0142y\u017cki do koparki Sumitomo Middle Excavator SH200-3G wykorzystuje r\u00f3\u017cnorodne uszczelnienia, takie jak uszczelnienia t\u0142oka i t\u0142oczyska, wykonane z materia\u0142\u00f3w odpornych na zu\u017cycie, takich jak poliuretan i kauczuk nitrylowy, aby zapobiec wyciekaniu p\u0142ynu hydraulicznego z si\u0142ownika. Korpus si\u0142ownika i gwintowana powierzchnia ko\u0144cowa s\u0105 precyzyjnie obrobione, aby zwi\u0119kszy\u0107 odporno\u015b\u0107 na zu\u017cycie. Regularne uzupe\u0142nianie odpowiedniej ilo\u015bci oleju hydraulicznego w celu smarowania jest niezb\u0119dne dla p\u0142ynnej pracy si\u0142ownika.<\/p>\n<h2>Konserwacja i naprawa<\/h2>\n<p>Regularna konserwacja i naprawy s\u0105 niezb\u0119dne dla zapewnienia d\u0142ugiej \u017cywotno\u015bci cylindra \u0142y\u017cki. Poni\u017cej przedstawiono kilka typowych czynno\u015bci konserwacyjnych:<\/p>\n<ul>\n<li>Regularna kontrola <\/li>\n<li>Prawid\u0142owe smarowanie <\/li>\n<li>Wymiana uszczelki <\/li>\n<li>Kontrole kalibracji <\/li>\n<\/ul>\n<p>Podczas monta\u017cu wa\u017cne jest prawid\u0142owe ustawienie cylindra i u\u017cycie odpowiednich uchwyt\u00f3w monta\u017cowych do jego zabezpieczenia. Zalecamy stosowanie naszych rekomendowanych procedur kontroli, naprawy i wymiany, aby wyd\u0142u\u017cy\u0107 \u017cywotno\u015b\u0107 cylindra kube\u0142kowego. Oferujemy r\u00f3wnie\u017c cz\u0119\u015bci zamienne i us\u0142ugi regeneracji.<\/p>\n<p><img decoding=\"async\" src=\"https:\/\/www.hydraulic-cylinders.net\/wp-content\/uploads\/2025\/01\/songte-chushion-collar.webp\" alt=\"Obraz cz\u0119\u015bci cylindra hydraulicznego\"><\/p>\n<h2>Bezpiecze\u0144stwo i wzgl\u0119dy \u015brodowiskowe<\/h2>\n<p>Podczas u\u017cytkowania si\u0142ownika \u0142y\u017cki do koparki Sumitomo Middle Excavator SH200-3G wa\u017cne jest przestrzeganie odpowiednich \u015brodk\u00f3w bezpiecze\u0144stwa. Prawid\u0142owy monta\u017c, regularne przegl\u0105dy i konserwacja pozwalaj\u0105 unikn\u0105\u0107 potencjalnych zagro\u017ce\u0144 eksploatacyjnych. Prawid\u0142owa utylizacja p\u0142yn\u00f3w hydraulicznych i innych niebezpiecznych odpad\u00f3w jest konieczna, aby zminimalizowa\u0107 negatywny wp\u0142yw na \u015brodowisko.<\/p>\n<h2> Rozwi\u0105zywanie problem\u00f3w i typowe problemy<\/h2>\n<p>Typowe problemy z si\u0142ownikiem \u0142y\u017cki koparki Sumitomo Middle Excavator SH200-3G obejmuj\u0105 wyciek oleju, niewystarczaj\u0105c\u0105 lub nier\u00f3wnomiern\u0105 si\u0142\u0119 nacisku oraz nietypowy ha\u0142as. Problemy te cz\u0119sto mo\u017cna rozwi\u0105za\u0107, sprawdzaj\u0105c uszczelki, poziom p\u0142ynu hydraulicznego i wymieniaj\u0105c uszkodzone cz\u0119\u015bci. Zalecamy regularn\u0105 konserwacj\u0119 i przegl\u0105dy, aby zapobiec dalszym problemom. <\/p>\n<p><img decoding=\"async\" src=\"https:\/\/www.hydraulic-cylinders.net\/wp-content\/uploads\/2025\/01\/songte-bushings-with-all-kinds-of-excavator-models.webp\" alt=\"Obraz cz\u0119\u015bci cylindra hydraulicznego\"><\/p>\n<h2>O naszej firmie<\/h2>\n<p>Jeste\u015bmy producentem zamiennych cylindr\u00f3w hydraulicznych. Nasza firma oferuje szerok\u0105 gam\u0119 produkt\u00f3w i sta\u0142a si\u0119 jednym z wiod\u0105cych producent\u00f3w i hurtowych dystrybutor\u00f3w cylindr\u00f3w hydraulicznych na rynku krajowym i mi\u0119dzynarodowym. Kierujemy si\u0119 strategi\u0105 doskona\u0142ej jako\u015bci, opieraj\u0105c si\u0119 na przemys\u0142owym zarz\u0105dzaniu produkcj\u0105 w wyspecjalizowanych warsztatach produkcyjnych, ci\u0105g\u0142ym doskonaleniu naszych zak\u0142ad\u00f3w oraz doskona\u0142ej jako\u015bci linii produkcyjnych. Dysponujemy silnym potencja\u0142em kreatywnym i stosujemy zasady wysokiej wydajno\u015bci, precyzji i jako\u015bci, aby sprosta\u0107 zr\u00f3\u017cnicowanym potrzebom klient\u00f3w. <\/p>\n<h3>Profesjonalizm<\/h3>\n<p>Nasz zesp\u00f3\u0142 profesjonalist\u00f3w koncentruje si\u0119 na dostarczaniu klientom produkt\u00f3w i us\u0142ug najwy\u017cszej jako\u015bci. D\u0105\u017cymy do utrzymania pozycji wiod\u0105cego producenta si\u0142ownik\u00f3w hydraulicznych poprzez ci\u0105g\u0142e udoskonalanie i wprowadzanie innowacji do naszych produkt\u00f3w.<\/p>\n<h3>Mi\u0119dzynarodowa Certyfikacja<\/h3>\n<p>Nasze produkty uzyska\u0142y mi\u0119dzynarodowe certyfikaty, takie jak ISO i CE, co gwarantuje, \u017ce spe\u0142niaj\u0105 one mi\u0119dzynarodowe normy i przepisy jako\u015bciowe.<\/p>\n<h3>Us\u0142ugi personalizacji<\/h3>\n<p>Oferujemy us\u0142ugi dostosowywania do konkretnych potrzeb naszych klient\u00f3w, dostarczaj\u0105c rozwi\u0105zania dostosowane do indywidualnych wymaga\u0144 projektu.<\/p>\n<h3>Sprz\u0119t produkcyjny<\/h3>\n<p>Do wytwarzania naszych wyrob\u00f3w u\u017cywamy najnowocze\u015bniejszego sprz\u0119tu produkcyjnego, co gwarantuje wysok\u0105 precyzj\u0119, jako\u015b\u0107 i wydajno\u015b\u0107. <\/p>\n<h3>Us\u0142ugi posprzeda\u017cowe<\/h3>\n<p>Zapewniamy sprawn\u0105 i kompleksow\u0105 obs\u0142ug\u0119 posprzeda\u017cow\u0105, obejmuj\u0105c\u0105 wsparcie techniczne i cz\u0119\u015bci zamienne, aby mie\u0107 pewno\u015b\u0107, \u017ce nasi klienci w pe\u0142ni wykorzystuj\u0105 zalety naszych produkt\u00f3w.<\/p>\n<p><img decoding=\"async\" src=\"https:\/\/hzpt.com\/wp-content\/uploads\/2024\/11\/songte-company-1.webp\" alt=\"Obraz cylindra wiadra\"><\/p>\n<p>Autor: lyl<\/p>","protected":false},"excerpt":{"rendered":"<p>Bucket Cylinder For Sumitomo Middle Excavator SH200-3G Introduction The bucket cylinder for Sumitomo Middle Excavator SH200-3G is a specialized hydraulic cylinder that is mainly used to control the movement of the bucket in heavy machinery such as excavators, backhoe excavators, and front-end loaders. Its main function is to allow the bucket to be lifted, lowered, [&hellip;]<\/p>","protected":false},"featured_media":14787,"comment_status":"open","ping_status":"closed","template":"","meta":{"_et_pb_use_builder":"","_et_pb_old_content":"","_et_gb_content_width":""},"product_brand":[],"product_cat":[1494],"product_tag":[1495,1496],"class_list":{"0":"post-15179","1":"product","2":"type-product","3":"status-publish","4":"has-post-thumbnail","6":"product_cat-bucket-cylinders","7":"product_tag-bucket-cylinders","8":"product_tag-hydraulic-cylinders","10":"first","11":"instock","12":"shipping-taxable","13":"product-type-simple"},"amp_enabled":true,"_links":{"self":[{"href":"https:\/\/www.hydraulic-cylinders.net\/pl\/wp-json\/wp\/v2\/product\/15179","targetHints":{"allow":["GET"]}}],"collection":[{"href":"https:\/\/www.hydraulic-cylinders.net\/pl\/wp-json\/wp\/v2\/product"}],"about":[{"href":"https:\/\/www.hydraulic-cylinders.net\/pl\/wp-json\/wp\/v2\/types\/product"}],"replies":[{"embeddable":true,"href":"https:\/\/www.hydraulic-cylinders.net\/pl\/wp-json\/wp\/v2\/comments?post=15179"}],"wp:featuredmedia":[{"embeddable":true,"href":"https:\/\/www.hydraulic-cylinders.net\/pl\/wp-json\/wp\/v2\/media\/14787"}],"wp:attachment":[{"href":"https:\/\/www.hydraulic-cylinders.net\/pl\/wp-json\/wp\/v2\/media?parent=15179"}],"wp:term":[{"taxonomy":"product_brand","embeddable":true,"href":"https:\/\/www.hydraulic-cylinders.net\/pl\/wp-json\/wp\/v2\/product_brand?post=15179"},{"taxonomy":"product_cat","embeddable":true,"href":"https:\/\/www.hydraulic-cylinders.net\/pl\/wp-json\/wp\/v2\/product_cat?post=15179"},{"taxonomy":"product_tag","embeddable":true,"href":"https:\/\/www.hydraulic-cylinders.net\/pl\/wp-json\/wp\/v2\/product_tag?post=15179"}],"curies":[{"name":"wp","href":"https:\/\/api.w.org\/{rel}","templated":true}]}}