{"id":15180,"date":"2025-01-19T14:12:21","date_gmt":"2025-01-19T14:12:21","guid":{"rendered":"https:\/\/www.hydraulic-cylinders.net\/product\/bucket-cylinder-for-sumitomo-middle-excavator-sh210lc-5\/"},"modified":"2025-01-19T14:12:23","modified_gmt":"2025-01-19T14:12:23","slug":"bucket-cylinder-for-sumitomo-middle-excavator-sh210lc-5","status":"publish","type":"product","link":"https:\/\/www.hydraulic-cylinders.net\/pl\/produkt\/bucket-cylinder-for-sumitomo-middle-excavator-sh210lc-5\/","title":{"rendered":"Si\u0142ownik \u0142y\u017cki do koparki \u015bredniej Sumitomo SH210LC-5"},"content":{"rendered":"<h1>Si\u0142ownik \u0142y\u017cki do koparki \u015bredniej Sumitomo SH210LC-5<\/h1>\n<h2>Wst\u0119p<\/h2>\n<p>Si\u0142ownik \u0142y\u017cki do koparki Sumitomo Middle Excavator SH210LC-5 to si\u0142ownik hydrauliczny zaprojektowany specjalnie do sterowania ruchem \u0142y\u017cki w ci\u0119\u017ckich maszynach, takich jak koparki, koparko-\u0142adowarki i \u0142adowarki czo\u0142owe. Jego g\u0142\u00f3wn\u0105 funkcj\u0105 jest umo\u017cliwienie podnoszenia, opuszczania i przechylania \u0142y\u017cki, u\u0142atwiaj\u0105c wykonywanie r\u00f3\u017cnych zada\u0144 zwi\u0105zanych z prze\u0142adunkiem materia\u0142\u00f3w. W uk\u0142adzie hydraulicznym si\u0142ownik \u0142y\u017cki precyzyjnie steruje ruchem \u0142y\u017cki poprzez zmiany ci\u015bnienia oleju hydraulicznego, umo\u017cliwiaj\u0105c operatorom wydajne przenoszenie ci\u0119\u017ckich \u0142adunk\u00f3w i dostosowywanie si\u0119 do z\u0142o\u017conych warunk\u00f3w pracy oraz zr\u00f3\u017cnicowanych potrzeb operacyjnych.<\/p>\n<p><img decoding=\"async\" src=\"https:\/\/www.hydraulic-cylinders.net\/wp-content\/uploads\/2025\/01\/songte-company-2.webp\" alt=\"Si\u0142ownik \u0142y\u017cki do koparki \u015bredniej Sumitomo SH210LC-5\"\/><\/p>\n<h2>Cechy<\/h2>\n<ul>\n<li>Wysoka wytrzyma\u0142o\u015b\u0107 i trwa\u0142o\u015b\u0107: zazwyczaj wykonane z wysokowytrzyma\u0142ej stali lub aluminium, wytrzymuj\u0105 du\u017ce ci\u015bnienie i du\u017ce obci\u0105\u017cenia, nadaj\u0105 si\u0119 do trudnych warunk\u00f3w pracy, zaprojektowane z my\u015bl\u0105 o odporno\u015bci na zu\u017cycie i korozj\u0119, aby przed\u0142u\u017cy\u0107 \u017cywotno\u015b\u0107.<\/li>\n<li>Wydajna praca uk\u0142adu hydraulicznego: wykorzystuje ci\u015bnienie oleju hydraulicznego w celu uzyskania p\u0142ynnego rozci\u0105gania i kurczenia, umo\u017cliwia szybk\u0105 reakcj\u0119 na polecenia steruj\u0105ce, zapewnia du\u017c\u0105 si\u0142\u0119 pchania i ci\u0105gni\u0119cia, nadaje si\u0119 do obs\u0142ugi ci\u0119\u017ckich \u0142adunk\u00f3w i skomplikowanych zada\u0144 operacyjnych.<\/li>\n<li>R\u00f3\u017cne typy: Si\u0142owniki jednostronnego dzia\u0142ania (hydrauliczne tylko w jednym kierunku) lub dwustronnego dzia\u0142ania (hydrauliczne w obu kierunkach) mo\u017cna dobra\u0107 w zale\u017cno\u015bci od potrzeb, aby spe\u0142ni\u0107 r\u00f3\u017cne wymagania operacyjne. Niekt\u00f3re modele s\u0105 teleskopowe, co pozwala na wi\u0119ksze wysi\u0119gniki bez zwi\u0119kszania wymiar\u00f3w zewn\u0119trznych, i nadaje si\u0119 do zastosowa\u0144 w ograniczonej przestrzeni.<\/li>\n<li>Wymienne: Nasze produkty doskonale zast\u0119puj\u0105 te si\u0142owniki hydrauliczne.<\/li>\n<\/ul>\n<p><img decoding=\"async\" src=\"https:\/\/www.hydraulic-cylinders.net\/wp-content\/uploads\/2025\/01\/songte-cylinder-head-with-all-kinds-excavator-models.webp\" alt=\"Si\u0142ownik \u0142y\u017cki do koparki \u015bredniej Sumitomo SH210LC-5\"\/><\/p>\n<h2>Aplikacje<\/h2>\n<p>Cylindry kube\u0142kowe s\u0105 szeroko stosowane w r\u00f3\u017cnych dziedzinach, w tym:<\/p>\n<ul>\n<li>Sprz\u0119t budowlany: Jest niezb\u0119dny w koparkach do kopania, za\u0142adunku i przemieszczania gleby lub gruzu. W koparko-\u0142adowarkach si\u0142ownik \u0142y\u017cki pomaga zar\u00f3wno w wykopywaniu, jak i podnoszeniu. <\/li>\n<li>Maszyny rolnicze: U\u017cywane do \u0142adowarek czo\u0142owych w celu nabierania, podnoszenia i transportu gleby, siana i innych materia\u0142\u00f3w. <\/li>\n<li>Koparki: Cylinder \u0142y\u017cki umo\u017cliwia kopanie poprzez umo\u017cliwienie \u0142y\u017cce wnikania w gleb\u0119.<\/li>\n<li>\u0141adowarki: W \u0142adowarkach czo\u0142owych pomagaj\u0105 efektywnie podnosi\u0107 i roz\u0142adowywa\u0107 towary.<\/li>\n<\/ul>\n<h2>Zagadnienia projektowe i kryteria wyboru<\/h2>\n<p>Przy projektowaniu i doborze cylindr\u00f3w kube\u0142kowych nale\u017cy wzi\u0105\u0107 pod uwag\u0119 kilka czynnik\u00f3w:<\/p>\n<ul>\n<li>No\u015bno\u015b\u0107: Cylinder musi by\u0107 w stanie wytrzyma\u0107 obci\u0105\u017cenie i ci\u015bnienie wymagane w danym zastosowaniu.<\/li>\n<li>Uszczelnienie: Aby zapobiec wyciekom i zanieczyszczeniom p\u0142yn\u00f3w hydraulicznych, stosuje si\u0119 r\u00f3\u017cne uszczelnienia, takie jak uszczelnienia t\u0142okowe i uszczelnienia t\u0142oczyskowe.<\/li>\n<li>Trwa\u0142o\u015b\u0107: Aby wyd\u0142u\u017cy\u0107 okres eksploatacji, cylinder musi by\u0107 odporny na trudne warunki pracy oraz zu\u017cycie i korozj\u0119.<\/li>\n<li>Bezpiecze\u0144stwo: Prawid\u0142owa instalacja, u\u017cytkowanie i konserwacja cylindra s\u0105 niezb\u0119dne do zapewnienia bezpiecznej pracy.<\/li>\n<li>Konserwacja: Regularne kontrole i konserwacja pomagaj\u0105 zapobiega\u0107 problemom i wyd\u0142u\u017cy\u0107 \u017cywotno\u015b\u0107 cylindra.<\/li>\n<\/ul>\n<p><img decoding=\"async\" src=\"https:\/\/www.hydraulic-cylinders.net\/wp-content\/uploads\/2025\/01\/songte-oil-pipes-and-spare-parts.webp\" alt=\"Si\u0142ownik \u0142y\u017cki do koparki \u015bredniej Sumitomo SH210LC-5\"\/><\/p>\n<h2>Uszczelnianie i smarowanie<\/h2>\n<p>Si\u0142owniki kube\u0142kowe wymagaj\u0105 r\u00f3\u017cnorodnych uszczelnie\u0144, takich jak uszczelnienia t\u0142oka i t\u0142oczyska, wykonanych z materia\u0142\u00f3w odpornych na zu\u017cycie, takich jak poliuretan i kauczuk nitrylowy. Korpus cylindra i gwintowana powierzchnia ko\u0144cowa s\u0105 precyzyjnie obrobione, aby zwi\u0119kszy\u0107 odporno\u015b\u0107 na zu\u017cycie. Prawid\u0142owe smarowanie olejem hydraulicznym jest r\u00f3wnie\u017c niezb\u0119dne dla zapewnienia p\u0142ynnej pracy.<\/p>\n<h2>Konserwacja i naprawa<\/h2>\n<p>Prawid\u0142owa konserwacja i naprawa si\u0142ownik\u00f3w czerpakowych s\u0105 niezb\u0119dne dla wyd\u0142u\u017cenia ich \u017cywotno\u015bci i zapobiegania problemom. Niekt\u00f3re czynno\u015bci konserwacyjne obejmuj\u0105:<\/p>\n<ul>\n<li>Regularne kontrole pozwalaj\u0105 na wczesne wykrycie problem\u00f3w i ich rozwi\u0105zanie.<\/li>\n<li>W\u0142a\u015bciwe smarowanie gwarantuje p\u0142ynn\u0105 prac\u0119.<\/li>\n<li>Wymiana uszczelek w razie konieczno\u015bci w celu zapobiegania wyciekom i zanieczyszczeniom.<\/li>\n<\/ul>\n<p><img decoding=\"async\" src=\"https:\/\/www.hydraulic-cylinders.net\/wp-content\/uploads\/2025\/01\/songte-chushion-collar.webp\" alt=\"Si\u0142ownik \u0142y\u017cki do koparki \u015bredniej Sumitomo SH210LC-5\"\/><\/p>\n<h2>Bezpiecze\u0144stwo i wzgl\u0119dy \u015brodowiskowe<\/h2>\n<p>Aby zapewni\u0107 bezpieczn\u0105 eksploatacj\u0119, cylindry hydrauliczne musz\u0105 by\u0107 prawid\u0142owo zainstalowane, u\u017cytkowane i konserwowane. Prawid\u0142owa utylizacja zu\u017cytych p\u0142yn\u00f3w hydraulicznych i podzespo\u0142\u00f3w cylindr\u00f3w r\u00f3wnie\u017c przyczynia si\u0119 do ochrony \u015brodowiska.<\/p>\n<h2>Rozwi\u0105zywanie problem\u00f3w i typowe problemy<\/h2>\n<p>Do typowych problem\u00f3w z cylindrami kube\u0142kowymi nale\u017c\u0105 wycieki, uszkodzenia korpusu cylindra i nieprawid\u0142owa obs\u0142uga. Wskaz\u00f3wki dotycz\u0105ce rozwi\u0105zywania tych problem\u00f3w i ich rozwi\u0105zania:<\/p>\n<ul>\n<li>Sprawdzanie, czy uszczelki nie s\u0105 uszkodzone i w razie potrzeby ich wymiana.<\/li>\n<li>Sprawdzenie korpusu cylindra pod k\u0105tem uszkodze\u0144 i w razie konieczno\u015bci wymiana.<\/li>\n<li>Zapewnienie prawid\u0142owego smarowania i dzia\u0142ania.<\/li>\n<\/ul>\n<p><img decoding=\"async\" src=\"https:\/\/www.hydraulic-cylinders.net\/wp-content\/uploads\/2025\/01\/songte-bushings-with-all-kinds-of-excavator-models.webp\" alt=\"Si\u0142ownik \u0142y\u017cki do koparki \u015bredniej Sumitomo SH210LC-5\"\/><\/p>\n<h2>O naszej firmie<\/h2>\n<p>Jeste\u015bmy producentem zamiennych cylindr\u00f3w hydraulicznych. Nasza firma oferuje pe\u0142n\u0105 gam\u0119 produkt\u00f3w i sta\u0142a si\u0119 jednym z wiod\u0105cych producent\u00f3w i hurtowych dystrybutor\u00f3w cylindr\u00f3w hydraulicznych na rynku krajowym i mi\u0119dzynarodowym. Przestrzegamy zasady doskona\u0142ej jako\u015bci i opieramy si\u0119 na strategii zarz\u0105dzania produkcj\u0105 przemys\u0142owej w wyspecjalizowanych warsztatach produkcyjnych, aby stale ulepsza\u0107 platform\u0119 produkcyjn\u0105 i podnosi\u0107 jako\u015b\u0107 produkt\u00f3w na linii produkcyjnej. Posiadamy bogate do\u015bwiadczenie w produkcji i zaspokajamy zr\u00f3\u017cnicowane potrzeby klient\u00f3w, zapewniaj\u0105c wysok\u0105 wydajno\u015b\u0107, precyzj\u0119 i przestrzegaj\u0105c rygorystycznych zasad jako\u015bci.<\/p>\n<p><img decoding=\"async\" src=\"https:\/\/hzpt.com\/wp-content\/uploads\/2024\/11\/songte-company-1.webp\" alt=\"Si\u0142ownik \u0142y\u017cki do koparki \u015bredniej Sumitomo SH210LC-5\"\/><\/p>\n<h2>O naszych us\u0142ugach<\/h2>\n<p>Oferujemy profesjonalne us\u0142ugi, mi\u0119dzynarodowe certyfikaty, us\u0142ugi dostosowane do potrzeb klienta, sprz\u0119t produkcyjny i us\u0142ugi posprzeda\u017cowe, aby zagwarantowa\u0107 satysfakcj\u0119 klienta.<\/p>\n<ul>\n<li>Profesjonalizm: Mamy zesp\u00f3\u0142 profesjonalist\u00f3w, kt\u00f3rzy s\u0105 w stanie zapewni\u0107 klientom rozwi\u0105zania dostosowane do ich potrzeb.<\/li>\n<li>Certyfikacja mi\u0119dzynarodowa: Nasze produkty posiadaj\u0105 szereg certyfikat\u00f3w mi\u0119dzynarodowych, takich jak ISO9001 i CE.<\/li>\n<li>Us\u0142ugi dostosowane do indywidualnych potrzeb: Oferujemy us\u0142ugi dostosowane do indywidualnych potrzeb klient\u00f3w.<\/li>\n<li>Sprz\u0119t produkcyjny: Posiadamy zaawansowany sprz\u0119t produkcyjny, aby zapewni\u0107 jako\u015b\u0107 i wydajno\u015b\u0107 produktu.<\/li>\n<li>Serwis posprzeda\u017cowy: Zapewniamy serwis posprzeda\u017cowy, aby zagwarantowa\u0107 satysfakcj\u0119 klienta.<\/li>\n<\/ul>\n<h3>Autor: lyl.<\/h3>","protected":false},"excerpt":{"rendered":"<p>Bucket Cylinder For Sumitomo Middle Excavator SH210LC-5 Introduction The Bucket Cylinder for Sumitomo Middle Excavator SH210LC-5 is a hydraulic cylinder designed specifically to control the movement of the bucket in heavy machinery such as excavators, backhoe excavators, and front-end loaders. Its main function is to enable the bucket to move up, down, and tilt, making [&hellip;]<\/p>","protected":false},"featured_media":14785,"comment_status":"open","ping_status":"closed","template":"","meta":{"_et_pb_use_builder":"","_et_pb_old_content":"","_et_gb_content_width":""},"product_brand":[],"product_cat":[1494],"product_tag":[1495,1496],"class_list":{"0":"post-15180","1":"product","2":"type-product","3":"status-publish","4":"has-post-thumbnail","6":"product_cat-bucket-cylinders","7":"product_tag-bucket-cylinders","8":"product_tag-hydraulic-cylinders","10":"first","11":"instock","12":"shipping-taxable","13":"product-type-simple"},"amp_enabled":true,"_links":{"self":[{"href":"https:\/\/www.hydraulic-cylinders.net\/pl\/wp-json\/wp\/v2\/product\/15180","targetHints":{"allow":["GET"]}}],"collection":[{"href":"https:\/\/www.hydraulic-cylinders.net\/pl\/wp-json\/wp\/v2\/product"}],"about":[{"href":"https:\/\/www.hydraulic-cylinders.net\/pl\/wp-json\/wp\/v2\/types\/product"}],"replies":[{"embeddable":true,"href":"https:\/\/www.hydraulic-cylinders.net\/pl\/wp-json\/wp\/v2\/comments?post=15180"}],"wp:featuredmedia":[{"embeddable":true,"href":"https:\/\/www.hydraulic-cylinders.net\/pl\/wp-json\/wp\/v2\/media\/14785"}],"wp:attachment":[{"href":"https:\/\/www.hydraulic-cylinders.net\/pl\/wp-json\/wp\/v2\/media?parent=15180"}],"wp:term":[{"taxonomy":"product_brand","embeddable":true,"href":"https:\/\/www.hydraulic-cylinders.net\/pl\/wp-json\/wp\/v2\/product_brand?post=15180"},{"taxonomy":"product_cat","embeddable":true,"href":"https:\/\/www.hydraulic-cylinders.net\/pl\/wp-json\/wp\/v2\/product_cat?post=15180"},{"taxonomy":"product_tag","embeddable":true,"href":"https:\/\/www.hydraulic-cylinders.net\/pl\/wp-json\/wp\/v2\/product_tag?post=15180"}],"curies":[{"name":"wp","href":"https:\/\/api.w.org\/{rel}","templated":true}]}}