{"id":15184,"date":"2025-01-19T14:12:36","date_gmt":"2025-01-19T14:12:36","guid":{"rendered":"https:\/\/www.hydraulic-cylinders.net\/product\/bucket-cylinder-for-sumitomo-large-excavator-sh330a3\/"},"modified":"2025-01-19T14:12:38","modified_gmt":"2025-01-19T14:12:38","slug":"bucket-cylinder-for-sumitomo-large-excavator-sh330a3","status":"publish","type":"product","link":"https:\/\/www.hydraulic-cylinders.net\/pl\/produkt\/bucket-cylinder-for-sumitomo-large-excavator-sh330a3\/","title":{"rendered":"Si\u0142ownik \u0142y\u017cki do du\u017cej koparki Sumitomo SH330A3"},"content":{"rendered":"<h1>Si\u0142ownik \u0142y\u017cki do du\u017cej koparki Sumitomo SH330A3<\/h1>\n<h2>Wst\u0119p<\/h2>\n<p>Si\u0142ownik \u0142y\u017cki do du\u017cej koparki Sumitomo SH330A3 to specjalnie zaprojektowany si\u0142ownik hydrauliczny, kt\u00f3ry s\u0142u\u017cy g\u0142\u00f3wnie do sterowania ruchem \u0142y\u017cki w ci\u0119\u017ckich maszynach, takich jak koparki, koparko-\u0142adowarki i \u0142adowarki ko\u0142owe. Jego g\u0142\u00f3wn\u0105 funkcj\u0105 jest podnoszenie, opuszczanie i przechylanie \u0142y\u017cki, co u\u0142atwia wykonywanie r\u00f3\u017cnych zada\u0144 zwi\u0105zanych z prze\u0142adunkiem materia\u0142\u00f3w. W uk\u0142adzie hydraulicznym si\u0142ownik \u0142y\u017cki zapewnia precyzyjn\u0105 kontrol\u0119 nad \u0142y\u017ck\u0105, wykorzystuj\u0105c zmiany ci\u015bnienia oleju hydraulicznego, umo\u017cliwiaj\u0105c operatorom wydajne przenoszenie ci\u0119\u017ckich \u0142adunk\u00f3w i dostosowywanie si\u0119 do z\u0142o\u017conych warunk\u00f3w pracy oraz zr\u00f3\u017cnicowanych wymaga\u0144.<\/p>\n<p><img decoding=\"async\" src=\"https:\/\/www.hydraulic-cylinders.net\/wp-content\/uploads\/2025\/01\/songte-company-2.webp\"><\/p>\n<h2>Cechy<\/h2>\n<ul>\n<li>Wysoka wytrzyma\u0142o\u015b\u0107 i trwa\u0142o\u015b\u0107: Zazwyczaj wykonany z wysokowytrzyma\u0142ej stali lub aluminium, wytrzymuje wysokie ci\u015bnienie i du\u017ce obci\u0105\u017cenia, dostosowuj\u0105c si\u0119 do trudnych warunk\u00f3w pracy. Konstrukcja uwzgl\u0119dnia odporno\u015b\u0107 na zu\u017cycie i korozj\u0119, co wyd\u0142u\u017ca \u017cywotno\u015b\u0107.<\/li>\n<li>Wydajna praca uk\u0142adu hydraulicznego: Wykorzystuje ci\u015bnienie oleju hydraulicznego w celu uzyskania p\u0142ynnych ruch\u00f3w teleskopowych, umo\u017cliwiaj\u0105cych szybk\u0105 reakcj\u0119 na polecenia steruj\u0105ce, zapewniaj\u0105cych du\u017ce si\u0142y pchania i ci\u0105gni\u0119cia, odpowiednie do przenoszenia ci\u0119\u017ckich \u0142adunk\u00f3w i wykonywania skomplikowanych zada\u0144.<\/li>\n<li>R\u00f3\u017cne typy: Mo\u017cna wybiera\u0107 mi\u0119dzy cylindrami jednostronnego dzia\u0142ania (hydrauliczne dzia\u0142anie tylko w jednym kierunku) lub dwustronnego dzia\u0142ania (hydrauliczne dzia\u0142anie w obu kierunkach) w zale\u017cno\u015bci od potrzeb. Niekt\u00f3re modele s\u0105 teleskopowe, co pozwala na wi\u0119ksze wyd\u0142u\u017cenie bez zwi\u0119kszania wymiar\u00f3w zewn\u0119trznych, odpowiednie do zastosowa\u0144 w ograniczonej przestrzeni.<\/li>\n<li>Idealna wymiana: Nasz produkt mo\u017ce idealnie zast\u0105pi\u0107 te cylindry hydrauliczne.<\/li>\n<\/ul>\n<p><img decoding=\"async\" src=\"https:\/\/www.hydraulic-cylinders.net\/wp-content\/uploads\/2025\/01\/songte-cylinder-head-with-all-kinds-excavator-models.webp\"><\/p>\n<h2>Aplikacje<\/h2>\n<p>Si\u0142ownik \u0142y\u017cki do du\u017cej koparki Sumitomo SH330A3 jest szeroko stosowany w r\u00f3\u017cnych zastosowaniach, w tym:<\/p>\n<ul>\n<li>Sprz\u0119t budowlany: Znajduj\u0105 si\u0119 w koparkach i s\u0105 niezb\u0119dne do kopania, za\u0142adunku i przemieszczania gleby lub gruzu. W koparko-\u0142adowarkach si\u0142ownik \u0142y\u017cki wspomaga zar\u00f3wno kopanie, jak i podnoszenie.<\/li>\n<li>Maszyny rolnicze: Stosowane w \u0142adowarkach czo\u0142owych do nabierania, podnoszenia i transportu gleby, siana i innych materia\u0142\u00f3w.<\/li>\n<li>Koparki: Cylinder \u0142y\u017cki umo\u017cliwia kopanie poprzez umo\u017cliwienie \u0142y\u017cce wnikania w gleb\u0119.<\/li>\n<li>\u0141adowarki ko\u0142owe: W \u0142adowarkach ko\u0142owych pomagaj\u0105 w wydajnym podnoszeniu i wysypywaniu towar\u00f3w.<\/li>\n<\/ul>\n<h2>Zagadnienia projektowe i kryteria wyboru<\/h2>\n<p>Przy projektowaniu cylindra czerpakowego bierze si\u0119 pod uwag\u0119 szereg czynnik\u00f3w, takich jak:<\/p>\n<ul>\n<li>No\u015bno\u015b\u0107<\/li>\n<li>Mo\u017cliwo\u015b\u0107 uszczelnienia<\/li>\n<li>Trwa\u0142o\u015b\u0107<\/li>\n<li>Bezpiecze\u0144stwo<\/li>\n<li>Utrzymywalno\u015b\u0107<\/li>\n<\/ul>\n<p><img decoding=\"async\" src=\"https:\/\/www.hydraulic-cylinders.net\/wp-content\/uploads\/2025\/01\/songte-oil-pipes-and-spare-parts.webp\"><\/p>\n<h2>Uszczelnianie i smarowanie<\/h2>\n<p>W cylindrze czerpakowym zastosowano r\u00f3\u017cne elementy uszczelniaj\u0105ce, takie jak uszczelnienia t\u0142oka i t\u0142oczyska, wykonane z materia\u0142\u00f3w odpornych na zu\u017cycie, takich jak poliuretan i kauczuk nitrylowy. Korpus cylindra i gwintowane powierzchnie ko\u0144cowe s\u0105 precyzyjnie obrobione w celu zwi\u0119kszenia odporno\u015bci na zu\u017cycie. Regularne smarowanie odpowiedni\u0105 ilo\u015bci\u0105 oleju hydraulicznego jest niezb\u0119dne dla zapewnienia p\u0142ynnej pracy.<\/p>\n<h2>Regularne kontrole i konserwacja zapobiegawcza<\/h2>\n<p>Aby zapewni\u0107 d\u0142ugowieczno\u015b\u0107 cylindra \u0142y\u017cki, zaleca si\u0119 regularne kontrole i dzia\u0142ania konserwacyjne. Obejmuj\u0105 one:<\/p>\n<ul>\n<li>Sprawdzanie szczelno\u015bci i uszkodze\u0144<\/li>\n<li>Prawid\u0142owe smarowanie<\/li>\n<li>Wymiana uszczelek<\/li>\n<li>Kontrole kalibracji<\/li>\n<\/ul>\n<p><img decoding=\"async\" src=\"https:\/\/www.hydraulic-cylinders.net\/wp-content\/uploads\/2025\/01\/songte-chushion-collar.webp\"><\/p>\n<h2>Zagadnienia bezpiecze\u0144stwa i czynniki \u015brodowiskowe<\/h2>\n<p>Podczas u\u017cytkowania cylindra kube\u0142kowego, priorytetem jest zapewnienie bezpiecze\u0144stwa. Obejmuje to przestrzeganie prawid\u0142owych procedur instalacji, stosowanie odpowiednich wspornik\u00f3w monta\u017cowych do zabezpieczenia cylindra oraz przestrzeganie zalecanych protoko\u0142\u00f3w kontroli, napraw i wymiany. Wa\u017cne jest r\u00f3wnie\u017c uwzgl\u0119dnienie czynnik\u00f3w \u015brodowiskowych, aby zminimalizowa\u0107 potencjalny wp\u0142yw lub szkody.<\/p>\n<h2>Diagnostyka usterek i typowe problemy<\/h2>\n<p>W przypadku usterek lub problem\u00f3w z si\u0142ownikiem \u0142y\u017cki, kluczowe jest ich skuteczne zdiagnozowanie i rozwi\u0105zanie. Typowe problemy mog\u0105 obejmowa\u0107 wycieki, niewystarczaj\u0105c\u0105 moc lub brak reakcji na ruchy. Podanie wskaz\u00f3wek i rozwi\u0105za\u0144 dotycz\u0105cych rozwi\u0105zywania problem\u00f3w mo\u017ce pom\u00f3c czytelnikom w rozwi\u0105zaniu problem\u00f3w i zaproponowaniu \u015brodk\u00f3w zapobiegawczych w celu zminimalizowania potencjalnych problem\u00f3w.<\/p>\n<p><img decoding=\"async\" src=\"https:\/\/www.hydraulic-cylinders.net\/wp-content\/uploads\/2025\/01\/songte-bushings-with-all-kinds-of-excavator-models.webp\"><\/p>\n<p>Pami\u0119taj, aby artyku\u0142 by\u0142 logicznie uporz\u0105dkowany, u\u017cywaj podtytu\u0142\u00f3w u\u0142atwiaj\u0105cych nawigacj\u0119, dodawaj odpowiednie obrazy i wykresy, aby u\u0142atwi\u0107 zrozumienie, a tak\u017ce zadbaj o przejrzysto\u015b\u0107, zwi\u0119z\u0142o\u015b\u0107 i dostosowanie tre\u015bci do potrzeb czytelnik\u00f3w o r\u00f3\u017cnym poziomie wiedzy technicznej.<\/p>\n<h2>O naszej firmie<\/h2>\n<p>Jeste\u015bmy producentem zamiennych cylindr\u00f3w hydraulicznych. Nasza firma oferuje szerok\u0105 gam\u0119 produkt\u00f3w i sta\u0142a si\u0119 jednym z wiod\u0105cych producent\u00f3w i hurtowych dystrybutor\u00f3w cylindr\u00f3w hydraulicznych na rynku krajowym i mi\u0119dzynarodowym. Przestrzegamy zasad najwy\u017cszej jako\u015bci i opieramy si\u0119 na przemys\u0142owych strategiach zarz\u0105dzania produkcj\u0105 w naszych zaawansowanych warsztatach produkcyjnych. Koncentruj\u0105c si\u0119 na kompetencjach technologicznych, zaawansowanym, zdigitalizowanym sprz\u0119cie produkcyjnym i profesjonalnych systemach testowych, stale ulepszamy nasze platformy produkcyjne, doskonalimy jako\u015b\u0107 produkt\u00f3w i dysponujemy znacz\u0105cym potencja\u0142em innowacyjnym. Naszym celem jest zaspokojenie potrzeb klient\u00f3w poprzez wysok\u0105 wydajno\u015b\u0107, precyzj\u0119 i jako\u015b\u0107.<\/p>\n<p><img decoding=\"async\" src=\"https:\/\/www.hydraulic-cylinders.net\/wp-content\/uploads\/2025\/01\/songte-company-3.webp\"><\/p>\n<h3>Informacje dodatkowe<\/h3>\n<p>Nasza firma znana jest z:<\/p>\n<ul>\n<li>Profesjonalizm<\/li>\n<li>Certyfikaty mi\u0119dzynarodowe<\/li>\n<li>Us\u0142ugi dostosowane do indywidualnych potrzeb<\/li>\n<li>Zaawansowany sprz\u0119t produkcyjny<\/li>\n<li>Us\u0142ugi posprzeda\u017cowe<\/li>\n<\/ul>\n<p>Autor: lyl<\/p>","protected":false},"excerpt":{"rendered":"<p>Bucket Cylinder For Sumitomo Large Excavator SH330A3 Introduction The bucket cylinder for Sumitomo large excavator SH330A3 is a specially designed hydraulic cylinder that is primarily used to control the movement of the bucket in heavy machinery such as excavators, backhoe excavators, and wheel loaders. Its main function is to enable the lifting, lowering, and tilting [&hellip;]<\/p>","protected":false},"featured_media":14778,"comment_status":"open","ping_status":"closed","template":"","meta":{"_et_pb_use_builder":"","_et_pb_old_content":"","_et_gb_content_width":""},"product_brand":[],"product_cat":[1494],"product_tag":[1495,1496],"class_list":{"0":"post-15184","1":"product","2":"type-product","3":"status-publish","4":"has-post-thumbnail","6":"product_cat-bucket-cylinders","7":"product_tag-bucket-cylinders","8":"product_tag-hydraulic-cylinders","10":"first","11":"instock","12":"shipping-taxable","13":"product-type-simple"},"amp_enabled":true,"_links":{"self":[{"href":"https:\/\/www.hydraulic-cylinders.net\/pl\/wp-json\/wp\/v2\/product\/15184","targetHints":{"allow":["GET"]}}],"collection":[{"href":"https:\/\/www.hydraulic-cylinders.net\/pl\/wp-json\/wp\/v2\/product"}],"about":[{"href":"https:\/\/www.hydraulic-cylinders.net\/pl\/wp-json\/wp\/v2\/types\/product"}],"replies":[{"embeddable":true,"href":"https:\/\/www.hydraulic-cylinders.net\/pl\/wp-json\/wp\/v2\/comments?post=15184"}],"wp:featuredmedia":[{"embeddable":true,"href":"https:\/\/www.hydraulic-cylinders.net\/pl\/wp-json\/wp\/v2\/media\/14778"}],"wp:attachment":[{"href":"https:\/\/www.hydraulic-cylinders.net\/pl\/wp-json\/wp\/v2\/media?parent=15184"}],"wp:term":[{"taxonomy":"product_brand","embeddable":true,"href":"https:\/\/www.hydraulic-cylinders.net\/pl\/wp-json\/wp\/v2\/product_brand?post=15184"},{"taxonomy":"product_cat","embeddable":true,"href":"https:\/\/www.hydraulic-cylinders.net\/pl\/wp-json\/wp\/v2\/product_cat?post=15184"},{"taxonomy":"product_tag","embeddable":true,"href":"https:\/\/www.hydraulic-cylinders.net\/pl\/wp-json\/wp\/v2\/product_tag?post=15184"}],"curies":[{"name":"wp","href":"https:\/\/api.w.org\/{rel}","templated":true}]}}