{"id":15186,"date":"2025-01-19T14:12:44","date_gmt":"2025-01-19T14:12:44","guid":{"rendered":"https:\/\/www.hydraulic-cylinders.net\/product\/bucket-cylinder-for-sumitomo-large-excavator-sh350hb-3b\/"},"modified":"2025-01-19T14:12:52","modified_gmt":"2025-01-19T14:12:52","slug":"bucket-cylinder-for-sumitomo-large-excavator-sh350hb-3b","status":"publish","type":"product","link":"https:\/\/www.hydraulic-cylinders.net\/pl\/produkt\/bucket-cylinder-for-sumitomo-large-excavator-sh350hb-3b\/","title":{"rendered":"Si\u0142ownik \u0142y\u017cki do du\u017cej koparki Sumitomo SH350HB-3B"},"content":{"rendered":"<h1>Si\u0142ownik \u0142y\u017cki do du\u017cej koparki Sumitomo SH350HB-3B<\/h1>\n<h2>Wst\u0119p<\/h2>\n<p>Si\u0142ownik \u0142y\u017cki do du\u017cej koparki Sumitomo SH350HB-3B to specjalnie zaprojektowany si\u0142ownik hydrauliczny, kt\u00f3ry s\u0142u\u017cy g\u0142\u00f3wnie do sterowania ruchem \u0142y\u017cki w ci\u0119\u017ckich maszynach, takich jak koparki, koparko-\u0142adowarki i \u0142adowarki czo\u0142owe. Jego g\u0142\u00f3wn\u0105 funkcj\u0105 jest podnoszenie, opuszczanie i przechylanie \u0142y\u017cki, co u\u0142atwia wykonywanie r\u00f3\u017cnych zada\u0144 zwi\u0105zanych z prze\u0142adunkiem materia\u0142\u00f3w. W uk\u0142adzie hydraulicznym si\u0142ownik \u0142y\u017cki zapewnia precyzyjn\u0105 kontrol\u0119 nad \u0142y\u017ck\u0105, wykorzystuj\u0105c zmiany ci\u015bnienia oleju hydraulicznego, umo\u017cliwiaj\u0105c operatorom wydajne przenoszenie ci\u0119\u017ckich \u0142adunk\u00f3w i dostosowywanie si\u0119 do z\u0142o\u017conych warunk\u00f3w pracy oraz zr\u00f3\u017cnicowanych wymaga\u0144 operacyjnych.<\/p>\n<p><img decoding=\"async\" src=\"https:\/\/www.hydraulic-cylinders.net\/wp-content\/uploads\/2025\/01\/songte-company-2.webp\" alt=\"Cylinder kube\u0142kowy\"><\/p>\n<h2>Cechy<\/h2>\n<ul>\n<li>Wysoka wytrzyma\u0142o\u015b\u0107 i trwa\u0142o\u015b\u0107: Zazwyczaj wykonany z wysokowytrzyma\u0142ej stali lub aluminium, si\u0142ownik \u0142y\u017cki wytrzymuje wysokie ci\u015bnienie i du\u017ce obci\u0105\u017cenia, dostosowuj\u0105c si\u0119 do trudnych warunk\u00f3w pracy. Jego konstrukcja uwzgl\u0119dnia odporno\u015b\u0107 na zu\u017cycie i korozj\u0119, co wyd\u0142u\u017ca jego \u017cywotno\u015b\u0107.<\/li>\n<li>Wydajna praca uk\u0142adu hydraulicznego: Wykorzystuj\u0105c ci\u015bnienie oleju hydraulicznego, si\u0142ownik \u0142y\u017cki wykonuje p\u0142ynne ruchy wysuwania i wsuwania, co pozwala na szybk\u0105 reakcj\u0119 na polecenia steruj\u0105ce i zapewnia du\u017c\u0105 si\u0142\u0119 pchania i ci\u0105gni\u0119cia, odpowiedni\u0105 do podnoszenia ci\u0119\u017ckich \u0142adunk\u00f3w i wykonywania skomplikowanych zada\u0144.<\/li>\n<li>R\u00f3\u017cne typy: Si\u0142owniki kube\u0142kowe mo\u017cna wybra\u0107 jako si\u0142owniki jednostronnego dzia\u0142ania (ci\u015bnienie hydrauliczne tylko w jednym kierunku) lub dwustronnego dzia\u0142ania (ci\u015bnienie hydrauliczne w obu kierunkach), w zale\u017cno\u015bci od wymaga\u0144 operacyjnych. Niekt\u00f3re modele s\u0105 teleskopowe, co pozwala na wi\u0119ksze wysuni\u0119cie bez zwi\u0119kszania wymiar\u00f3w zewn\u0119trznych, i nadaje si\u0119 do zastosowa\u0144 w ograniczonej przestrzeni.<\/li>\n<li>Idealna wymiana: Nasze produkty mog\u0105 idealnie zast\u0105pi\u0107 te cylindry hydrauliczne. <\/li>\n<\/ul>\n<p><img decoding=\"async\" src=\"https:\/\/www.hydraulic-cylinders.net\/wp-content\/uploads\/2025\/01\/songte-cylinder-head-with-all-kinds-excavator-models.webp\" alt=\"Wymiana\"><\/p>\n<h2>Aplikacje<\/h2>\n<p>Cylinder kube\u0142kowy znajduje zastosowanie w r\u00f3\u017cnorodnych urz\u0105dzeniach:<\/p>\n<ul>\n<li>Sprz\u0119t budowlany: W koparkach s\u0105 one niezb\u0119dne do wykop\u00f3w, za\u0142adunku i transportu materia\u0142\u00f3w. W koparko-\u0142adowarkach si\u0142ownik \u0142y\u017cki wspomaga zar\u00f3wno kopanie, jak i podnoszenie.<\/li>\n<li>Maszyny rolnicze: Stosowane w \u0142adowarkach czo\u0142owych do nabierania, podnoszenia i transportu gleby, siana i innych materia\u0142\u00f3w.<\/li>\n<li>Koparki: Cylinder \u0142y\u017cki umo\u017cliwia kopanie poprzez umo\u017cliwienie \u0142y\u017cce wnikania w gleb\u0119.<\/li>\n<li>\u0141adowarki czo\u0142owe: W \u0142adowarkach czo\u0142owych pomagaj\u0105 w efektywnym podnoszeniu i przechylaniu \u0142adunk\u00f3w.<\/li>\n<\/ul>\n<h2>Zagadnienia projektowe i kryteria wyboru<\/h2>\n<p>Podczas projektowania cylindra kube\u0142kowego bierze si\u0119 pod uwag\u0119 kilka kluczowych kwestii i kryteri\u00f3w wyboru:<\/p>\n<ul>\n<li>No\u015bno\u015b\u0107: Cylinder \u0142y\u017cki jest zaprojektowany tak, aby wytrzyma\u0107 wymagan\u0105 no\u015bno\u015b\u0107.<\/li>\n<li>Uszczelnienie: Aby zapewni\u0107 skuteczne uszczelnienie, stosuje si\u0119 r\u00f3\u017cne elementy uszczelniaj\u0105ce, takie jak uszczelki t\u0142okowe i t\u0142oczyskowe. Wykonane s\u0105 one z materia\u0142\u00f3w odpornych na zu\u017cycie, takich jak poliuretan i kauczuk nitrylowy.<\/li>\n<li>Trwa\u0142o\u015b\u0107: Korpus cylindra i gwintowane ko\u0144ce s\u0105 poddawane starannej obr\u00f3bce powierzchni w celu zwi\u0119kszenia odporno\u015bci na zu\u017cycie.<\/li>\n<li>Bezpiecze\u0144stwo: Konstrukcja urz\u0105dzenia zosta\u0142a wyposa\u017cona w funkcje bezpiecze\u0144stwa gwarantuj\u0105ce bezpieczn\u0105 obs\u0142ug\u0119.<\/li>\n<li>\u0141atwo\u015b\u0107 konserwacji: Cylinder czerpaka zaprojektowano tak, aby by\u0142 \u0142atwy w konserwacji i naprawie.<\/li>\n<\/ul>\n<p><img decoding=\"async\" src=\"https:\/\/www.hydraulic-cylinders.net\/wp-content\/uploads\/2025\/01\/songte-oil-pipes-and-spare-parts.webp\" alt=\"Uszczelnianie i smarowanie\"><\/p>\n<h2>Konserwacja i \u015brodki ostro\u017cno\u015bci<\/h2>\n<p>Aby zapewni\u0107 d\u0142ug\u0105 \u017cywotno\u015b\u0107 cylindra \u0142y\u017cki, nale\u017cy regularnie przeprowadza\u0107 kontrole i podejmowa\u0107 dzia\u0142ania zapobiegawcze:<\/p>\n<ul>\n<li>Regularne kontrole: Sprawdzaj, czy nie ma \u015blad\u00f3w uszkodze\u0144 lub zu\u017cycia i niezw\u0142ocznie je naprawiaj.<\/li>\n<li>Prawid\u0142owe smarowanie: Nale\u017cy regularnie uzupe\u0142nia\u0107 odpowiedni\u0105 ilo\u015b\u0107 oleju hydraulicznego w celu smarowania.<\/li>\n<li>Wymiana uszczelek: W celu zachowania skutecznego uszczelnienia nale\u017cy wymienia\u0107 uszczelki w razie konieczno\u015bci.<\/li>\n<li>Kontrole kalibracji: Nale\u017cy okresowo sprawdza\u0107 i kalibrowa\u0107 cylinder \u0142y\u017cki, aby zapewni\u0107 jego prawid\u0142owe dzia\u0142anie.<\/li>\n<\/ul>\n<p><img decoding=\"async\" src=\"https:\/\/www.hydraulic-cylinders.net\/wp-content\/uploads\/2025\/01\/songte-chushion-collar.webp\" alt=\"Konserwacja\"><\/p>\n<h2>Zagadnienia bezpiecze\u0144stwa i czynniki \u015brodowiskowe<\/h2>\n<p>Podczas u\u017cywania cylindra czerpakowego niezwykle wa\u017cne jest przestrzeganie \u015brodk\u00f3w bezpiecze\u0144stwa w celu zapobiegania wypadkom i uwzgl\u0119dnienie czynnik\u00f3w \u015brodowiskowych:<\/p>\n<ul>\n<li>Post\u0119puj zgodnie z wytycznymi bezpiecze\u0144stwa i stosuj odpowiedni sprz\u0119t ochrony osobistej.<\/li>\n<li>P\u0142yny hydrauliczne i inne materia\u0142y nale\u017cy utylizowa\u0107 w spos\u00f3b przyjazny dla \u015brodowiska.<\/li>\n<\/ul>\n<p><img decoding=\"async\" src=\"https:\/\/www.hydraulic-cylinders.net\/wp-content\/uploads\/2025\/01\/songte-bushings-with-all-kinds-of-excavator-models.webp\" alt=\"Bezpiecze\u0144stwo i \u015brodowisko\"><\/p>\n<h2>Rozwi\u0105zywanie problem\u00f3w i typowe problemy<\/h2>\n<p>Oto kilka typowych wskaz\u00f3wek dotycz\u0105cych rozwi\u0105zywania problem\u00f3w i rozwi\u0105za\u0144 typowych problem\u00f3w zwi\u0105zanych z cylindrem czerpakowym:<\/p>\n<ul>\n<li>Problem: Wyciek Rozwi\u0105zanie: Sprawd\u017a i wymie\u0144 uszkodzone uszczelki.<\/li>\n<li>Problem: Cylinder nie wysuwa si\u0119\/nie chowa Rozwi\u0105zanie: Sprawd\u017a poziom i ci\u015bnienie p\u0142ynu hydraulicznego oraz upewnij si\u0119, \u017ce w uk\u0142adzie nie ma \u017cadnych blokad lub usterek.<\/li>\n<li>Problem: Niewystarczaj\u0105ca moc Rozwi\u0105zanie: Sprawd\u017a ci\u015bnienie w uk\u0142adzie hydraulicznym i przeprowad\u017a inspekcj\u0119 pod k\u0105tem ewentualnych ogranicze\u0144 lub usterek.<\/li>\n<\/ul>\n<p><img decoding=\"async\" src=\"https:\/\/hzpt.com\/wp-content\/uploads\/2024\/11\/songte-company-1.webp\" alt=\"Rozwi\u0105zywanie problem\u00f3w\"><\/p>\n<h2>O naszej firmie<\/h2>\n<p>Jeste\u015bmy producentem zamiennych si\u0142ownik\u00f3w hydraulicznych i jednym z wiod\u0105cych producent\u00f3w oraz dystrybutor\u00f3w hurtowych na rynku krajowym i mi\u0119dzynarodowym. Nasza firma oferuje kompleksow\u0105 gam\u0119 produkt\u00f3w i realizuje strategi\u0119 industrialnego zarz\u0105dzania produkcj\u0105, opieraj\u0105c si\u0119 na doskona\u0142ej jako\u015bci, zaawansowanym sprz\u0119cie produkcyjnym i profesjonalnych systemach testowych. Stale udoskonalamy nasz\u0105 platform\u0119 produkcyjn\u0105, aby osi\u0105gn\u0105\u0107 wysok\u0105 wydajno\u015b\u0107, precyzj\u0119 i jako\u015b\u0107, spe\u0142niaj\u0105c zr\u00f3\u017cnicowane potrzeby naszych klient\u00f3w.<\/p>\n<p><img decoding=\"async\" src=\"https:\/\/www.hydraulic-cylinders.net\/wp-content\/uploads\/2025\/01\/songte-company-3.webp\" alt=\"Firma\"><\/p>\n<p>Nasza firma d\u0105\u017cy do zapewnienia klientom najlepszych rozwi\u0105za\u0144 w zakresie cylindr\u00f3w hydraulicznych, pocz\u0105wszy od profesjonalizmu i mi\u0119dzynarodowych certyfikat\u00f3w, a\u017c po us\u0142ugi niestandardowe, sprz\u0119t produkcyjny i us\u0142ugi posprzeda\u017cowe.<\/p>\n<p>Autor: lyl<\/p>","protected":false},"excerpt":{"rendered":"<p>Bucket Cylinder For Sumitomo Large Excavator SH350HB-3B Introduction The bucket cylinder for Sumitomo large excavator SH350HB-3B is a specially designed hydraulic cylinder that is primarily used to control the movement of the bucket in heavy machinery such as excavators, backhoe loaders, and front loaders. Its main function is to enable the lifting, lowering, and tilting [&hellip;]<\/p>","protected":false},"featured_media":14773,"comment_status":"open","ping_status":"closed","template":"","meta":{"_et_pb_use_builder":"","_et_pb_old_content":"","_et_gb_content_width":""},"product_brand":[],"product_cat":[1494],"product_tag":[1495,1496],"class_list":{"0":"post-15186","1":"product","2":"type-product","3":"status-publish","4":"has-post-thumbnail","6":"product_cat-bucket-cylinders","7":"product_tag-bucket-cylinders","8":"product_tag-hydraulic-cylinders","10":"first","11":"instock","12":"shipping-taxable","13":"product-type-simple"},"amp_enabled":true,"_links":{"self":[{"href":"https:\/\/www.hydraulic-cylinders.net\/pl\/wp-json\/wp\/v2\/product\/15186","targetHints":{"allow":["GET"]}}],"collection":[{"href":"https:\/\/www.hydraulic-cylinders.net\/pl\/wp-json\/wp\/v2\/product"}],"about":[{"href":"https:\/\/www.hydraulic-cylinders.net\/pl\/wp-json\/wp\/v2\/types\/product"}],"replies":[{"embeddable":true,"href":"https:\/\/www.hydraulic-cylinders.net\/pl\/wp-json\/wp\/v2\/comments?post=15186"}],"wp:featuredmedia":[{"embeddable":true,"href":"https:\/\/www.hydraulic-cylinders.net\/pl\/wp-json\/wp\/v2\/media\/14773"}],"wp:attachment":[{"href":"https:\/\/www.hydraulic-cylinders.net\/pl\/wp-json\/wp\/v2\/media?parent=15186"}],"wp:term":[{"taxonomy":"product_brand","embeddable":true,"href":"https:\/\/www.hydraulic-cylinders.net\/pl\/wp-json\/wp\/v2\/product_brand?post=15186"},{"taxonomy":"product_cat","embeddable":true,"href":"https:\/\/www.hydraulic-cylinders.net\/pl\/wp-json\/wp\/v2\/product_cat?post=15186"},{"taxonomy":"product_tag","embeddable":true,"href":"https:\/\/www.hydraulic-cylinders.net\/pl\/wp-json\/wp\/v2\/product_tag?post=15186"}],"curies":[{"name":"wp","href":"https:\/\/api.w.org\/{rel}","templated":true}]}}