{"id":15191,"date":"2025-01-19T14:13:11","date_gmt":"2025-01-19T14:13:11","guid":{"rendered":"https:\/\/www.hydraulic-cylinders.net\/product\/bucket-cylinder-for-sumitomo-large-excavator-sh360hd-5\/"},"modified":"2025-01-19T14:13:13","modified_gmt":"2025-01-19T14:13:13","slug":"bucket-cylinder-for-sumitomo-large-excavator-sh360hd-5","status":"publish","type":"product","link":"https:\/\/www.hydraulic-cylinders.net\/pl\/produkt\/bucket-cylinder-for-sumitomo-large-excavator-sh360hd-5\/","title":{"rendered":"Si\u0142ownik \u0142y\u017cki do du\u017cej koparki Sumitomo SH360HD-5"},"content":{"rendered":"<h2>Si\u0142ownik \u0142y\u017cki do du\u017cej koparki Sumitomo SH360HD-5<\/h2>\n<p>Wst\u0119p:<\/p>\n<p>Si\u0142ownik \u0142y\u017cki do du\u017cej koparki Sumitomo SH360HD-5 to specjalnie zaprojektowany si\u0142ownik hydrauliczny s\u0142u\u017c\u0105cy do sterowania ruchem \u0142y\u017cki w ci\u0119\u017ckich maszynach, takich jak koparki, koparko-\u0142adowarki i \u0142adowarki czo\u0142owe. Jego g\u0142\u00f3wn\u0105 funkcj\u0105 jest podnoszenie, opuszczanie i przechylanie \u0142y\u017cki, u\u0142atwiaj\u0105c wykonywanie r\u00f3\u017cnych zada\u0144 zwi\u0105zanych z prze\u0142adunkiem materia\u0142\u00f3w. W uk\u0142adzie hydraulicznym si\u0142ownik \u0142y\u017cki zapewnia precyzyjn\u0105 kontrol\u0119 nad \u0142y\u017ck\u0105, wykorzystuj\u0105c zmiany ci\u015bnienia oleju hydraulicznego, umo\u017cliwiaj\u0105c operatorom wydajne przenoszenie ci\u0119\u017ckich \u0142adunk\u00f3w i dostosowywanie si\u0119 do z\u0142o\u017conych warunk\u00f3w pracy oraz zr\u00f3\u017cnicowanych wymaga\u0144.<\/p>\n<p><img decoding=\"async\" src=\"https:\/\/www.hydraulic-cylinders.net\/wp-content\/uploads\/2025\/01\/songte-company-2.webp\" alt=\"Obraz cylindra wiadra\"><\/p>\n<h2>Cechy:<\/h2>\n<ol>\n<li>Wysoka wytrzyma\u0142o\u015b\u0107 i trwa\u0142o\u015b\u0107: Zazwyczaj wykonane z wysokowytrzyma\u0142ej stali lub aluminium, odporne na wysokie ci\u015bnienie i du\u017ce obci\u0105\u017cenia, dostosowane do trudnych warunk\u00f3w pracy. Zaprojektowane z uwzgl\u0119dnieniem odporno\u015bci na zu\u017cycie i korozj\u0119, co wyd\u0142u\u017ca \u017cywotno\u015b\u0107.<\/li>\n<li>Wydajna praca uk\u0142adu hydraulicznego: Wykorzystuje ci\u015bnienie oleju hydraulicznego w celu uzyskania p\u0142ynnych ruch\u00f3w wysuwania i wsuwania, umo\u017cliwia szybk\u0105 reakcj\u0119 na polecenia steruj\u0105ce, zapewnia du\u017ce si\u0142y pchania i ci\u0105gni\u0119cia, odpowiednie do obs\u0142ugi ci\u0119\u017ckich \u0142adunk\u00f3w i wykonywania skomplikowanych zada\u0144.<\/li>\n<li>R\u00f3\u017cne typy: Mo\u017cliwo\u015b\u0107 wyboru mi\u0119dzy si\u0142ownikami jednostronnego dzia\u0142ania (hydrauliczne dzia\u0142anie tylko w jednym kierunku) lub dwustronnego dzia\u0142ania (hydrauliczne dzia\u0142anie w dw\u00f3ch kierunkach) w zale\u017cno\u015bci od konkretnych potrzeb operacyjnych. Niekt\u00f3re modele s\u0105 teleskopowe, co pozwala na wi\u0119ksze wysuni\u0119cie bez zwi\u0119kszania wymiar\u00f3w zewn\u0119trznych, i nadaje si\u0119 do zastosowa\u0144 w ograniczonej przestrzeni.<\/li>\n<li>Idealna wymiana: Nasz produkt mo\u017ce idealnie zast\u0105pi\u0107 te cylindry hydrauliczne. <\/li>\n<\/ol>\n<p><img decoding=\"async\" src=\"https:\/\/www.hydraulic-cylinders.net\/wp-content\/uploads\/2025\/01\/songte-cylinder-head-with-all-kinds-excavator-models.webp\" alt=\"Obraz cylindra hydraulicznego\"><\/p>\n<h2>Zastosowania:<\/h2>\n<p>Cylinder kube\u0142kowy znajduje zastosowanie w r\u00f3\u017cnorodnych urz\u0105dzeniach:<\/p>\n<ul>\n<li>Sprz\u0119t budowlany: W koparkach s\u0105 one niezb\u0119dne do wykop\u00f3w, za\u0142adunku i przemieszczania gleby lub gruzu. W koparko-\u0142adowarkach si\u0142ownik \u0142y\u017cki wspomaga zar\u00f3wno kopanie, jak i podnoszenie.<\/li>\n<li>Maszyny rolnicze: Stosowane w \u0142adowarkach czo\u0142owych do nabierania, podnoszenia i transportu gleby, siana i innych materia\u0142\u00f3w.<\/li>\n<li>Koparki: Cylindry \u0142y\u017cki umo\u017cliwiaj\u0105 kopanie, pozwalaj\u0105c \u0142y\u017cce wnika\u0107 w gleb\u0119.<\/li>\n<li>\u0141adowarki: W \u0142adowarkach czo\u0142owych pomagaj\u0105 w wydajnym podnoszeniu i wysypywaniu towar\u00f3w.<\/li>\n<\/ul>\n<h2>Zagadnienia projektowe i kryteria wyboru:<\/h2>\n<p>Przy projektowaniu cylindr\u00f3w kube\u0142kowych brane s\u0105 pod uwag\u0119 r\u00f3\u017cne czynniki:<\/p>\n<ul>\n<li>No\u015bno\u015b\u0107: Cylinder musi by\u0107 zaprojektowany tak, aby wytrzyma\u0107 maksymalne obci\u0105\u017cenie, jakiemu b\u0119dzie poddawany w czasie pracy.<\/li>\n<li>Uszczelnienie: Prawid\u0142owe uszczelnienie jest kluczowe, aby zapobiec wyciekom p\u0142ynu hydraulicznego i zapewni\u0107 p\u0142ynn\u0105 prac\u0119.<\/li>\n<li>Trwa\u0142o\u015b\u0107: Cylinder powinien by\u0107 wykonany z trwa\u0142ych materia\u0142\u00f3w, aby m\u00f3g\u0142 wytrzyma\u0107 trudne warunki pracy.<\/li>\n<li>Bezpiecze\u0144stwo: Podczas projektowania nale\u017cy wzi\u0105\u0107 pod uwag\u0119 takie elementy bezpiecze\u0144stwa, jak zawory bezpiecze\u0144stwa i prawid\u0142owy monta\u017c.<\/li>\n<li>\u0141atwo\u015b\u0107 konserwacji: Aby zminimalizowa\u0107 przestoje, nale\u017cy wzi\u0105\u0107 pod uwag\u0119 \u0142atwo\u015b\u0107 konserwacji i napraw.<\/li>\n<\/ul>\n<p><img decoding=\"async\" src=\"https:\/\/www.hydraulic-cylinders.net\/wp-content\/uploads\/2025\/01\/songte-oil-pipes-and-spare-parts.webp\" alt=\"Komponenty cylindr\u00f3w hydraulicznych\"><\/p>\n<h2>Uszczelnianie i smarowanie:<\/h2>\n<p>Si\u0142ownik kube\u0142kowy wyposa\u017cony jest w r\u00f3\u017cnorodne uszczelnienia, takie jak uszczelnienia t\u0142oka i t\u0142oczyska, wykonane z materia\u0142\u00f3w odpornych na zu\u017cycie, takich jak poliuretan i kauczuk nitrylowy. Korpus cylindra i gwintowane ko\u0144c\u00f3wki poddawane s\u0105 starannej obr\u00f3bce powierzchni w celu zwi\u0119kszenia odporno\u015bci na zu\u017cycie. Regularne smarowanie odpowiednim olejem hydraulicznym jest niezb\u0119dne dla zapewnienia p\u0142ynnej pracy.<\/p>\n<h2>Regularne kontrole i konserwacja zapobiegawcza:<\/h2>\n<p>Aby zachowa\u0107 optymaln\u0105 wydajno\u015b\u0107 i przed\u0142u\u017cy\u0107 \u017cywotno\u015b\u0107 cylindra \u0142y\u017cki, zaleca si\u0119 regularne kontrole i podejmowanie dzia\u0142a\u0144 zapobiegawczych:<\/p>\n<ul>\n<li>Sprawd\u017a, czy nie ma \u015blad\u00f3w wyciek\u00f3w, uszkodze\u0144 lub nietypowego zu\u017cycia.<\/li>\n<li>Nale\u017cy zapewni\u0107 w\u0142a\u015bciwe smarowanie zgodnie z wytycznymi producenta.<\/li>\n<li>Okresowo nale\u017cy wymienia\u0107 zu\u017cyte uszczelki i przeprowadza\u0107 kontrole kalibracji.<\/li>\n<\/ul>\n<p><img decoding=\"async\" src=\"https:\/\/www.hydraulic-cylinders.net\/wp-content\/uploads\/2025\/01\/songte-chushion-collar.webp\" alt=\"Konserwacja cylindr\u00f3w hydraulicznych\"><\/p>\n<h2>Zagadnienia bezpiecze\u0144stwa i czynniki \u015brodowiskowe:<\/h2>\n<p>Podczas u\u017cytkowania cylindra czerpakowego nale\u017cy bezwzgl\u0119dnie przestrzega\u0107 odpowiednich \u015brodk\u00f3w bezpiecze\u0144stwa, aby zminimalizowa\u0107 ryzyko wypadk\u00f3w. Ponadto, aby zapewni\u0107 odpowiedzialne u\u017cytkowanie, kluczowe jest uwzgl\u0119dnienie czynnik\u00f3w \u015brodowiskowych i przestrzeganie odpowiednich przepis\u00f3w.<\/p>\n<h2>Rozwi\u0105zywanie problem\u00f3w i typowe problemy:<\/h2>\n<p>W przypadku problem\u00f3w z si\u0142ownikiem \u0142y\u017cki, zrozumienie typowych problem\u00f3w i posiadanie umiej\u0119tno\u015bci rozwi\u0105zywania problem\u00f3w s\u0105 niezb\u0119dne. Do typowych problem\u00f3w nale\u017c\u0105 wycieki, niewystarczaj\u0105ca si\u0142a i nietypowe ruchy. Szybkie rozwi\u0105zanie tych problem\u00f3w i wdro\u017cenie \u015brodk\u00f3w zapobiegawczych mo\u017ce zminimalizowa\u0107 przestoje i poprawi\u0107 og\u00f3ln\u0105 wydajno\u015b\u0107.<\/p>\n<p><img decoding=\"async\" src=\"https:\/\/www.hydraulic-cylinders.net\/wp-content\/uploads\/2025\/01\/songte-bushings-with-all-kinds-of-excavator-models.webp\" alt=\"Tuleje cylindr\u00f3w hydraulicznych\"><\/p>\n<p>Pami\u0119taj, aby artyku\u0142 by\u0142 logicznie uporz\u0105dkowany, u\u017cywaj podtytu\u0142\u00f3w u\u0142atwiaj\u0105cych nawigacj\u0119, dodawaj odpowiednie obrazy i wykresy, aby u\u0142atwi\u0107 zrozumienie, a tak\u017ce zadbaj o to, aby tre\u015b\u0107 by\u0142a przejrzysta, zwi\u0119z\u0142a i odpowiednia dla czytelnik\u00f3w o r\u00f3\u017cnym poziomie wiedzy technicznej.<\/p>\n<h2>Przegl\u0105d firmy:<\/h2>\n<p>Jeste\u015bmy producentem zamiennych si\u0142ownik\u00f3w hydraulicznych, oferuj\u0105cym szerok\u0105 gam\u0119 produkt\u00f3w. Stali\u015bmy si\u0119 jednym z wiod\u0105cych producent\u00f3w i hurtowych dystrybutor\u00f3w si\u0142ownik\u00f3w hydraulicznych na rynku krajowym i mi\u0119dzynarodowym. Koncentruj\u0105c si\u0119 na doskona\u0142ej jako\u015bci, opieramy si\u0119 na przemys\u0142owych strategiach zarz\u0105dzania produkcj\u0105 w naszych zaawansowanych warsztatach produkcyjnych. Stale udoskonalamy nasz\u0105 platform\u0119 produkcyjn\u0105, wykorzystuj\u0105c talenty techniczne, zaawansowany sprz\u0119t do produkcji cyfrowej oraz profesjonalne systemy testowe. Dzi\u0119ki temu mo\u017cemy dostarcza\u0107 produkty o wysokiej wydajno\u015bci, dok\u0142adno\u015bci i jako\u015bci, spe\u0142niaj\u0105ce zr\u00f3\u017cnicowane wymagania klient\u00f3w.<\/p>\n<p><img decoding=\"async\" src=\"https:\/\/www.hydraulic-cylinders.net\/wp-content\/uploads\/2025\/01\/songte-company-3.webp\" alt=\"Wizerunek firmy\"><\/p>\n<h3>Najwa\u017cniejsze informacje o firmie:<\/h3>\n<ul>\n<li>Profesjonalizm: Posiadamy do\u015bwiadczenie w produkcji cylindr\u00f3w hydraulicznych i \u015bwiadczeniu us\u0142ug dostosowanych do indywidualnych potrzeb.<\/li>\n<li>Certyfikaty mi\u0119dzynarodowe: Nasze produkty spe\u0142niaj\u0105 mi\u0119dzynarodowe standardy jako\u015bci i certyfikaty.<\/li>\n<li>Us\u0142ugi dostosowywania: Oferujemy rozwi\u0105zania dostosowane do indywidualnych potrzeb klient\u00f3w.<\/li>\n<li>Zaawansowany sprz\u0119t produkcyjny: Wykorzystujemy najnowocze\u015bniejszy sprz\u0119t produkcyjny, aby zapewni\u0107 najwy\u017csz\u0105 jako\u015b\u0107 produkt\u00f3w.<\/li>\n<li>Serwis posprzeda\u017cowy: Zapewniamy kompleksowy serwis posprzeda\u017cowy, obejmuj\u0105cy wymian\u0119 cz\u0119\u015bci i regeneracj\u0119, co pozwala wyd\u0142u\u017cy\u0107 \u017cywotno\u015b\u0107 naszych cylindr\u00f3w hydraulicznych.<\/li>\n<\/ul>\n<p>Autor: lyl<\/p>\n<p><img decoding=\"async\" src=\"https:\/\/hzpt.com\/wp-content\/uploads\/2024\/11\/songte-company-1.webp\" alt=\"Wizerunek firmy\"><\/p>\n<p>Uwaga: Powy\u017cszy artyku\u0142 jest oparty na wytycznych podanych przez u\u017cytkownika.<\/p>","protected":false},"excerpt":{"rendered":"<p>Bucket Cylinder For Sumitomo Large Excavator SH360HD-5 Introduction: The bucket cylinder for Sumitomo large excavator SH360HD-5 is a specially designed hydraulic cylinder used to control the movement of the bucket in heavy machinery such as excavators, backhoe loaders, and front-end loaders. Its main function is to enable the lifting, lowering, and tilting of the bucket, [&hellip;]<\/p>","protected":false},"featured_media":14761,"comment_status":"open","ping_status":"closed","template":"","meta":{"_et_pb_use_builder":"","_et_pb_old_content":"","_et_gb_content_width":""},"product_brand":[],"product_cat":[1494],"product_tag":[1495,1496],"class_list":{"0":"post-15191","1":"product","2":"type-product","3":"status-publish","4":"has-post-thumbnail","6":"product_cat-bucket-cylinders","7":"product_tag-bucket-cylinders","8":"product_tag-hydraulic-cylinders","10":"first","11":"instock","12":"shipping-taxable","13":"product-type-simple"},"amp_enabled":true,"_links":{"self":[{"href":"https:\/\/www.hydraulic-cylinders.net\/pl\/wp-json\/wp\/v2\/product\/15191","targetHints":{"allow":["GET"]}}],"collection":[{"href":"https:\/\/www.hydraulic-cylinders.net\/pl\/wp-json\/wp\/v2\/product"}],"about":[{"href":"https:\/\/www.hydraulic-cylinders.net\/pl\/wp-json\/wp\/v2\/types\/product"}],"replies":[{"embeddable":true,"href":"https:\/\/www.hydraulic-cylinders.net\/pl\/wp-json\/wp\/v2\/comments?post=15191"}],"wp:featuredmedia":[{"embeddable":true,"href":"https:\/\/www.hydraulic-cylinders.net\/pl\/wp-json\/wp\/v2\/media\/14761"}],"wp:attachment":[{"href":"https:\/\/www.hydraulic-cylinders.net\/pl\/wp-json\/wp\/v2\/media?parent=15191"}],"wp:term":[{"taxonomy":"product_brand","embeddable":true,"href":"https:\/\/www.hydraulic-cylinders.net\/pl\/wp-json\/wp\/v2\/product_brand?post=15191"},{"taxonomy":"product_cat","embeddable":true,"href":"https:\/\/www.hydraulic-cylinders.net\/pl\/wp-json\/wp\/v2\/product_cat?post=15191"},{"taxonomy":"product_tag","embeddable":true,"href":"https:\/\/www.hydraulic-cylinders.net\/pl\/wp-json\/wp\/v2\/product_tag?post=15191"}],"curies":[{"name":"wp","href":"https:\/\/api.w.org\/{rel}","templated":true}]}}