{"id":15196,"date":"2025-01-19T14:13:31","date_gmt":"2025-01-19T14:13:31","guid":{"rendered":"https:\/\/www.hydraulic-cylinders.net\/product\/bucket-cylinder-for-jcb-small-excavator-js220lc\/"},"modified":"2025-01-19T14:13:33","modified_gmt":"2025-01-19T14:13:33","slug":"bucket-cylinder-for-jcb-small-excavator-js220lc","status":"publish","type":"product","link":"https:\/\/www.hydraulic-cylinders.net\/pl\/produkt\/bucket-cylinder-for-jcb-small-excavator-js220lc\/","title":{"rendered":"Si\u0142ownik \u0142y\u017cki do ma\u0142ej koparki JCB JS220LC"},"content":{"rendered":"<h1>Si\u0142ownik \u0142y\u017cki do ma\u0142ej koparki JCB JS220LC<\/h1>\n<h2>Wst\u0119p<\/h2>\n<p>Si\u0142ownik \u0142y\u017cki do ma\u0142ej koparki JCB JS220LC to specjalnie zaprojektowany si\u0142ownik hydrauliczny, u\u017cywany g\u0142\u00f3wnie do sterowania ruchem \u0142y\u017cki w ci\u0119\u017ckich maszynach, takich jak koparki, koparko-\u0142adowarki i \u0142adowarki czo\u0142owe. Jego g\u0142\u00f3wn\u0105 funkcj\u0105 jest podnoszenie, opuszczanie i przechylanie \u0142y\u017cki, u\u0142atwiaj\u0105c wykonywanie r\u00f3\u017cnych zada\u0144 zwi\u0105zanych z prze\u0142adunkiem materia\u0142\u00f3w. W uk\u0142adzie hydraulicznym si\u0142ownik \u0142y\u017cki zapewnia precyzyjn\u0105 kontrol\u0119 ruchu \u0142y\u017cki poprzez zmiany ci\u015bnienia oleju hydraulicznego, umo\u017cliwiaj\u0105c operatorom wydajne przenoszenie ci\u0119\u017ckich \u0142adunk\u00f3w i dostosowywanie si\u0119 do z\u0142o\u017conych warunk\u00f3w pracy oraz zr\u00f3\u017cnicowanych wymaga\u0144.<\/p>\n<p><img decoding=\"async\" src=\"https:\/\/www.hydraulic-cylinders.net\/wp-content\/uploads\/2025\/01\/songte-company-2.webp\"><\/p>\n<h2>Cechy produktu<\/h2>\n<ul>\n<li>Wysoka wytrzyma\u0142o\u015b\u0107 i trwa\u0142o\u015b\u0107: Zazwyczaj wykonane z wysokowytrzyma\u0142ej stali lub aluminium, wytrzymuj\u0105 du\u017ce ci\u015bnienie i obci\u0105\u017cenia, s\u0105 przystosowane do trudnych warunk\u00f3w pracy, a w procesie projektowania uwzgl\u0119dniono odporno\u015b\u0107 na zu\u017cycie i korozj\u0119, aby wyd\u0142u\u017cy\u0107 \u017cywotno\u015b\u0107 urz\u0105dzenia.<\/li>\n<li>Wydajne dzia\u0142anie uk\u0142adu hydraulicznego: P\u0142ynne ruchy wysuwania i wsuwania uzyskuje si\u0119 dzi\u0119ki wykorzystaniu ci\u015bnienia oleju hydraulicznego, co zapewnia du\u017ce si\u0142y pchania i ci\u0105gni\u0119cia, przydatne przy podnoszeniu ci\u0119\u017ckich \u0142adunk\u00f3w i wykonywaniu skomplikowanych zada\u0144.<\/li>\n<li>Wiele typ\u00f3w: Si\u0142owniki jednostronnego dzia\u0142ania (wykorzystuj\u0105ce hydraulik\u0119 tylko w jednym kierunku) lub dwustronnego dzia\u0142ania (wykorzystuj\u0105ce hydraulik\u0119 w obu kierunkach) mo\u017cna dobra\u0107 w zale\u017cno\u015bci od wymaga\u0144, aby spe\u0142ni\u0107 r\u00f3\u017cne potrzeby operacyjne. Niekt\u00f3re modele s\u0105 teleskopowe, co pozwala na wi\u0119ksze wysuni\u0119cie bez zwi\u0119kszania wymiar\u00f3w zewn\u0119trznych, i nadaje si\u0119 do zastosowa\u0144 w ograniczonej przestrzeni.<\/li>\n<li>Idealna wymiana: Nasz produkt mo\u017ce idealnie zast\u0105pi\u0107 te cylindry hydrauliczne.<\/li>\n<\/ul>\n<p><img decoding=\"async\" src=\"https:\/\/www.hydraulic-cylinders.net\/wp-content\/uploads\/2025\/01\/songte-cylinder-head-with-all-kinds-excavator-models.webp\"><\/p>\n<h2>Scenariusze zastosowa\u0144<\/h2>\n<p>Si\u0142ownik \u0142y\u017cki do ma\u0142ej koparki JCB JS220LC mo\u017ce by\u0107 szeroko stosowany w r\u00f3\u017cnych sytuacjach, w tym:<\/p>\n<ul>\n<li>Sprz\u0119t budowlany: W koparkach s\u0105 one niezb\u0119dne do kopania, za\u0142adunku i przemieszczania gleby lub gruzu. W koparko-\u0142adowarkach si\u0142owniki \u0142y\u017cki pomagaj\u0105 zar\u00f3wno w kopaniu, jak i podnoszeniu. <\/li>\n<li>Maszyny rolnicze: Stosowane w \u0142adowarkach czo\u0142owych do nabierania, podnoszenia i transportu gleby, siana i innych materia\u0142\u00f3w. <\/li>\n<li>Koparki: Cylinder \u0142y\u017cki umo\u017cliwia kopanie poprzez umo\u017cliwienie \u0142y\u017cce penetracji gleby. <\/li>\n<li>\u0141adowarki: W \u0142adowarkach czo\u0142owych pomagaj\u0105 w efektywnym podnoszeniu i przechylaniu towar\u00f3w. <\/li>\n<\/ul>\n<h2>Zagadnienia projektowe i kryteria wyboru<\/h2>\n<p>Si\u0142ownik \u0142y\u017cki do ma\u0142ej koparki JCB JS220LC zosta\u0142 zaprojektowany z uwzgl\u0119dnieniem takich czynnik\u00f3w, jak no\u015bno\u015b\u0107, szczelno\u015b\u0107, trwa\u0142o\u015b\u0107, bezpiecze\u0144stwo i \u0142atwo\u015b\u0107 konserwacji. <\/p>\n<ul>\n<li>No\u015bno\u015b\u0107: Cylinder powinien by\u0107 wykonany z materia\u0142\u00f3w o wysokiej wytrzyma\u0142o\u015bci i mie\u0107 konstrukcj\u0119 umo\u017cliwiaj\u0105c\u0105 wytrzymanie du\u017cego ci\u015bnienia i du\u017cych obci\u0105\u017ce\u0144.<\/li>\n<li>Skuteczno\u015b\u0107 uszczelnienia: Nale\u017cy stosowa\u0107 r\u00f3\u017cne elementy uszczelniaj\u0105ce, takie jak uszczelnienia t\u0142oka i t\u0142oczyska, a tak\u017ce materia\u0142y uszczelniaj\u0105ce, takie jak poliuretan i kauczuk nitrylowy o dobrej odporno\u015bci na zu\u017cycie. Korpus cylindra i gwintowane powierzchnie ko\u0144cowe powinny by\u0107 precyzyjnie obrobione w celu zwi\u0119kszenia odporno\u015bci na zu\u017cycie. <\/li>\n<li>Trwa\u0142o\u015b\u0107: Cylinder powinien by\u0107 wykonany z materia\u0142\u00f3w i pow\u0142ok odpornych na korozj\u0119, aby wyd\u0142u\u017cy\u0107 jego \u017cywotno\u015b\u0107.<\/li>\n<li>Bezpiecze\u0144stwo: Butl\u0119 nale\u017cy wyposa\u017cy\u0107 w urz\u0105dzenia zabezpieczaj\u0105ce, takie jak zawory przelewowe i zawory bezpiecze\u0144stwa, aby zapobiec wypadkom spowodowanym nadmiernym ci\u015bnieniem. <\/li>\n<li>\u0141atwo\u015b\u0107 konserwacji: Cylinder powinien by\u0107 zaprojektowany w spos\u00f3b umo\u017cliwiaj\u0105cy \u0142atw\u0105 konserwacj\u0119, np. \u0142atwy demonta\u017c i wymian\u0119 element\u00f3w uszczelniaj\u0105cych i podzespo\u0142\u00f3w. <\/li>\n<\/ul>\n<p><img decoding=\"async\" src=\"https:\/\/www.hydraulic-cylinders.net\/wp-content\/uploads\/2025\/01\/songte-oil-pipes-and-spare-parts.webp\"><\/p>\n<h2>Uszczelnianie i smarowanie<\/h2>\n<p>Si\u0142ownik \u0142y\u017cki do ma\u0142ej koparki JCB JS220LC wyposa\u017cony jest w r\u00f3\u017cne elementy uszczelniaj\u0105ce, takie jak uszczelnienia t\u0142oka, t\u0142oczyska i zgarniacza, zapewniaj\u0105ce odpowiedni\u0105 szczelno\u015b\u0107. Zastosowano materia\u0142y uszczelniaj\u0105ce o wysokiej odporno\u015bci na zu\u017cycie, takie jak poliuretan i kauczuk nitrylowy. Korpus si\u0142ownika i gwintowane powierzchnie ko\u0144cowe s\u0105 precyzyjnie obrobione, aby zwi\u0119kszy\u0107 odporno\u015b\u0107 na zu\u017cycie. Do smarowania wymagane jest regularne uzupe\u0142nianie odpowiednim olejem hydraulicznym.<\/p>\n<h2>Inspekcja i konserwacja zapobiegawcza<\/h2>\n<p>Regularne kontrole i konserwacja zapobiegawcza mog\u0105 pom\u00f3c przed\u0142u\u017cy\u0107 \u017cywotno\u015b\u0107 cylindra \u0142y\u017cki ma\u0142ej koparki JCB JS220LC. <\/p>\n<ul>\n<li>Regularna kontrola: Nale\u017cy regularnie sprawdza\u0107 cylinder pod k\u0105tem uszkodze\u0144, zu\u017cycia i przeciek\u00f3w. <\/li>\n<li>Prawid\u0142owe smarowanie: Prawid\u0142owe smarowanie cylindra pozwala ograniczy\u0107 zu\u017cycie. <\/li>\n<li>Wymiana uszczelki i kontrola kalibracji: Nale\u017cy regularnie wymienia\u0107 elementy uszczelniaj\u0105ce i sprawdza\u0107 kalibracj\u0119, aby zapewni\u0107 w\u0142a\u015bciw\u0105 szczelno\u015b\u0107. <\/li>\n<\/ul>\n<p>Podczas monta\u017cu nale\u017cy zapewni\u0107 odpowiednie wyosiowanie, aby upewni\u0107 si\u0119, \u017ce si\u0142ownik jest prawid\u0142owo zamontowany. Zaleca si\u0119 u\u017cycie odpowiednich wspornik\u00f3w monta\u017cowych do zabezpieczenia si\u0142ownika. Nale\u017cy r\u00f3wnie\u017c poda\u0107 zalecane procedury kontroli, naprawy i wymiany, aby wyd\u0142u\u017cy\u0107 \u017cywotno\u015b\u0107 si\u0142ownika \u0142y\u017cki do ma\u0142ej koparki JCB JS220LC.<\/p>\n<p><img decoding=\"async\" src=\"https:\/\/www.hydraulic-cylinders.net\/wp-content\/uploads\/2025\/01\/songte-chushion-collar.webp\"><\/p>\n<h2>Zagadnienia bezpiecze\u0144stwa i czynniki \u015brodowiskowe<\/h2>\n<p>Podczas u\u017cytkowania si\u0142ownika \u0142y\u017cki do ma\u0142ej koparki JCB JS220LC nale\u017cy podj\u0105\u0107 \u015brodki bezpiecze\u0144stwa, takie jak unikanie przeci\u0105\u017cenia i nadmiernego ci\u015bnienia, aby zapobiec wypadkom. Nale\u017cy r\u00f3wnie\u017c przestrzega\u0107 zasad prawid\u0142owej utylizacji oleju hydraulicznego i innych odpad\u00f3w, aby chroni\u0107 \u015brodowisko.<\/p>\n<h2>Rozwi\u0105zywanie problem\u00f3w i typowe problemy<\/h2>\n<p>Typowe problemy z si\u0142ownikiem \u0142y\u017cki w ma\u0142ej koparce JCB JS220LC obejmuj\u0105 uszkodzenia, zu\u017cycie i wycieki. Rozwi\u0105zywanie problem\u00f3w mo\u017cna przeprowadzi\u0107 poprzez inspekcj\u0119 i wymian\u0119 uszkodzonych lub zu\u017cytych cz\u0119\u015bci. <\/p>\n<h2>Wprowadzenie do firmy<\/h2>\n<p>Jeste\u015bmy producentem cz\u0119\u015bci zamiennych do si\u0142ownik\u00f3w hydraulicznych i oferujemy pe\u0142n\u0105 gam\u0119 produkt\u00f3w. Stali\u015bmy si\u0119 jednym z wiod\u0105cych producent\u00f3w i hurtowych dystrybutor\u00f3w si\u0142ownik\u00f3w hydraulicznych na rynku krajowym i zagranicznym. Kierujemy si\u0119 zasad\u0105 doskona\u0142ej jako\u015bci, opieramy si\u0119 na strategii zarz\u0105dzania produkcj\u0105 przemys\u0142ow\u0105 w zaawansowanych warsztatach produkcyjnych i stale ulepszamy platform\u0119 produkcyjn\u0105 warsztatu poprzez wykorzystanie talent\u00f3w technicznych, cyfrowego, zaawansowanego sprz\u0119tu produkcyjnego i profesjonalnych system\u00f3w testowych, a tak\u017ce dysponujemy du\u017cym potencja\u0142em produkcyjnym. Nasze produkty charakteryzuj\u0105 si\u0119 wysok\u0105 wydajno\u015bci\u0105, precyzj\u0105 i jako\u015bci\u0105, aby sprosta\u0107 zr\u00f3\u017cnicowanym potrzebom klient\u00f3w.<\/p>\n<p><img decoding=\"async\" src=\"https:\/\/hzpt.com\/wp-content\/uploads\/2024\/11\/songte-company-1.webp\"><\/p>\n<h3>Profesjonalizm:<\/h3>\n<p>Dysponujemy profesjonaln\u0105 kadr\u0105 techniczn\u0105, kt\u00f3ra mo\u017ce zapewni\u0107 klientom kompleksowe wsparcie techniczne i us\u0142ugi konsultacyjne.<\/p>\n<h3>Certyfikacja mi\u0119dzynarodowa:<\/h3>\n<p>Nasza firma posiada liczne certyfikaty mi\u0119dzynarodowe, takie jak ISO9001 i CE.<\/p>\n<h3>Us\u0142ugi dostosowywania:<\/h3>\n<p>Mo\u017cemy zapewni\u0107 us\u0142ugi dostosowane do indywidualnych potrzeb klient\u00f3w.<\/p>\n<h3>Sprz\u0119t produkcyjny:<\/h3>\n<p>Posiadamy zaawansowany sprz\u0119t produkcyjny, taki jak maszyny CNC, spawarki robotyczne i linie lakiernicze, co gwarantuje jako\u015b\u0107 i sp\u00f3jno\u015b\u0107 produkt\u00f3w.<\/p>\n<h3>Serwis posprzeda\u017cowy:<\/h3>\n<p>Zapewniamy terminow\u0105 i skuteczn\u0105 obs\u0142ug\u0119 posprzeda\u017cow\u0105, w tym wsparcie techniczne, konserwacj\u0119 i naprawy, aby zagwarantowa\u0107 satysfakcj\u0119 klienta.<\/p>\n<p><img decoding=\"async\" src=\"https:\/\/www.hydraulic-cylinders.net\/wp-content\/uploads\/2025\/01\/songte-company-3.webp\"><\/p>\n<p>Autor: lyl<\/p>","protected":false},"excerpt":{"rendered":"<p>Bucket Cylinder For JCB Small Excavator JS220LC Introduction The bucket cylinder for JCB small excavator JS220LC is a specially designed hydraulic cylinder, mainly used to control the movement of the bucket in heavy machinery such as excavators, backhoe loaders, and front loaders. Its main function is to enable the bucket to lift, lower, and tilt, [&hellip;]<\/p>","protected":false},"featured_media":14784,"comment_status":"open","ping_status":"closed","template":"","meta":{"_et_pb_use_builder":"","_et_pb_old_content":"","_et_gb_content_width":""},"product_brand":[],"product_cat":[1494],"product_tag":[1495,1496],"class_list":{"0":"post-15196","1":"product","2":"type-product","3":"status-publish","4":"has-post-thumbnail","6":"product_cat-bucket-cylinders","7":"product_tag-bucket-cylinders","8":"product_tag-hydraulic-cylinders","10":"first","11":"instock","12":"shipping-taxable","13":"product-type-simple"},"amp_enabled":true,"_links":{"self":[{"href":"https:\/\/www.hydraulic-cylinders.net\/pl\/wp-json\/wp\/v2\/product\/15196","targetHints":{"allow":["GET"]}}],"collection":[{"href":"https:\/\/www.hydraulic-cylinders.net\/pl\/wp-json\/wp\/v2\/product"}],"about":[{"href":"https:\/\/www.hydraulic-cylinders.net\/pl\/wp-json\/wp\/v2\/types\/product"}],"replies":[{"embeddable":true,"href":"https:\/\/www.hydraulic-cylinders.net\/pl\/wp-json\/wp\/v2\/comments?post=15196"}],"wp:featuredmedia":[{"embeddable":true,"href":"https:\/\/www.hydraulic-cylinders.net\/pl\/wp-json\/wp\/v2\/media\/14784"}],"wp:attachment":[{"href":"https:\/\/www.hydraulic-cylinders.net\/pl\/wp-json\/wp\/v2\/media?parent=15196"}],"wp:term":[{"taxonomy":"product_brand","embeddable":true,"href":"https:\/\/www.hydraulic-cylinders.net\/pl\/wp-json\/wp\/v2\/product_brand?post=15196"},{"taxonomy":"product_cat","embeddable":true,"href":"https:\/\/www.hydraulic-cylinders.net\/pl\/wp-json\/wp\/v2\/product_cat?post=15196"},{"taxonomy":"product_tag","embeddable":true,"href":"https:\/\/www.hydraulic-cylinders.net\/pl\/wp-json\/wp\/v2\/product_tag?post=15196"}],"curies":[{"name":"wp","href":"https:\/\/api.w.org\/{rel}","templated":true}]}}