{"id":15198,"date":"2025-01-19T14:13:39","date_gmt":"2025-01-19T14:13:39","guid":{"rendered":"https:\/\/www.hydraulic-cylinders.net\/product\/bucket-cylinder-for-jcb-small-excavator-js290lc\/"},"modified":"2025-01-19T14:13:41","modified_gmt":"2025-01-19T14:13:41","slug":"bucket-cylinder-for-jcb-small-excavator-js290lc","status":"publish","type":"product","link":"https:\/\/www.hydraulic-cylinders.net\/pl\/produkt\/bucket-cylinder-for-jcb-small-excavator-js290lc\/","title":{"rendered":"Si\u0142ownik \u0142y\u017cki do ma\u0142ej koparki JCB JS290LC"},"content":{"rendered":"<p><!DOCTYPE html><br \/>\n<html><\/p>\n<p><head><br \/>\n    <title>Si\u0142ownik \u0142y\u017cki do ma\u0142ej koparki JCB JS290LC<\/title><br \/>\n<\/head><\/p>\n<p><body><\/p>\n<h1>Si\u0142ownik \u0142y\u017cki do ma\u0142ej koparki JCB JS290LC<\/h1>\n<h2>Wst\u0119p<\/h2>\n<p>Si\u0142ownik \u0142y\u017cki to specjalnie zaprojektowany si\u0142ownik hydrauliczny s\u0142u\u017c\u0105cy do sterowania ruchem \u0142y\u017cki w ci\u0119\u017ckich maszynach, takich jak koparki, koparko-\u0142adowarki i \u0142adowarki ko\u0142owe. Jego g\u0142\u00f3wn\u0105 funkcj\u0105 jest podnoszenie, opuszczanie i przechylanie \u0142y\u017cki, u\u0142atwiaj\u0105c r\u00f3\u017cnorodne zadania zwi\u0105zane z prze\u0142adunkiem materia\u0142\u00f3w. W uk\u0142adzie hydraulicznym si\u0142ownik \u0142y\u017cki zapewnia precyzyjn\u0105 kontrol\u0119 nad \u0142y\u017ck\u0105, wykorzystuj\u0105c zmiany ci\u015bnienia oleju hydraulicznego, umo\u017cliwiaj\u0105c operatorom wydajne przenoszenie du\u017cych \u0142adunk\u00f3w i dostosowywanie si\u0119 do z\u0142o\u017conych warunk\u00f3w pracy oraz zr\u00f3\u017cnicowanych wymaga\u0144 operacyjnych.<\/p>\n<p>    <img decoding=\"async\" src=\"https:\/\/www.hydraulic-cylinders.net\/wp-content\/uploads\/2025\/01\/songte-company-2.webp\"><\/p>\n<h2>Cechy<\/h2>\n<ul>\n<li>Wysoka wytrzyma\u0142o\u015b\u0107 i trwa\u0142o\u015b\u0107: Zazwyczaj wykonane z wysokowytrzyma\u0142ej stali lub aluminium, wytrzymuj\u0105 du\u017ce ci\u015bnienie i du\u017ce obci\u0105\u017cenia, s\u0105 przystosowane do trudnych warunk\u00f3w pracy, a tak\u017ce zaprojektowane z uwzgl\u0119dnieniem odporno\u015bci na zu\u017cycie i korozj\u0119, aby wyd\u0142u\u017cy\u0107 okres eksploatacji.<\/li>\n<li>Wydajne dzia\u0142anie uk\u0142adu hydraulicznego: wykorzystuje ci\u015bnienie oleju hydraulicznego w celu uzyskania p\u0142ynnego wysuwania i wsuwania, umo\u017cliwia szybk\u0105 reakcj\u0119 na polecenia steruj\u0105ce, zapewnia du\u017ce si\u0142y pchania i ci\u0105gni\u0119cia, odpowiednie do obs\u0142ugi ci\u0119\u017ckich \u0142adunk\u00f3w i skomplikowanych zada\u0144 operacyjnych.<\/li>\n<li>R\u00f3\u017cne typy: W zale\u017cno\u015bci od potrzeb mo\u017cna wybra\u0107 si\u0142owniki jednostronnego dzia\u0142ania (hydrauliczne dzia\u0142aj\u0105ce tylko w jednym kierunku) lub dwustronnego dzia\u0142ania (hydrauliczne dzia\u0142aj\u0105ce w dw\u00f3ch kierunkach). Niekt\u00f3re modele s\u0105 teleskopowe, co pozwala na wi\u0119ksze wyd\u0142u\u017cenie bez zwi\u0119kszania wymiar\u00f3w zewn\u0119trznych, odpowiednie do zastosowa\u0144 w ograniczonej przestrzeni.<\/li>\n<\/ul>\n<p>    <img decoding=\"async\" src=\"https:\/\/www.hydraulic-cylinders.net\/wp-content\/uploads\/2025\/01\/songte-cylinder-head-with-all-kinds-excavator-models.webp\"><\/p>\n<h2>Aplikacje<\/h2>\n<ul>\n<li>Sprz\u0119t budowlany: Znajduj\u0105 si\u0119 w koparkach i s\u0105 niezb\u0119dne do kopania, za\u0142adunku i przemieszczania gleby lub gruzu. W koparko-\u0142adowarkach si\u0142ownik \u0142y\u017cki wspomaga zar\u00f3wno kopanie, jak i podnoszenie.<\/li>\n<li>Maszyny rolnicze: Stosowane w \u0142adowarkach czo\u0142owych do nabierania, podnoszenia i transportu gleby, siana i innych materia\u0142\u00f3w.<\/li>\n<li>Koparki: Cylinder \u0142y\u017cki umo\u017cliwia kopanie poprzez umo\u017cliwienie \u0142y\u017cce wnikania w gleb\u0119.<\/li>\n<li>\u0141adowarki ko\u0142owe: W \u0142adowarkach ko\u0142owych pomagaj\u0105 w wydajnym podnoszeniu i wysypywaniu towar\u00f3w.<\/li>\n<\/ul>\n<h2>Zagadnienia projektowe i standardy wyboru<\/h2>\n<ul>\n<li>No\u015bno\u015b\u0107: Cylinder czerpakowy jest zaprojektowany tak, aby wytrzymywa\u0142 okre\u015blone obci\u0105\u017cenia i musi by\u0107 dobrany w oparciu o planowane zastosowanie.<\/li>\n<li>Uszczelnienie: W celu zapewnienia w\u0142a\u015bciwego uszczelnienia i zapobiegania przeciekom stosuje si\u0119 r\u00f3\u017cne elementy uszczelniaj\u0105ce, takie jak uszczelki t\u0142okowe i uszczelki t\u0142oczyskowe.<\/li>\n<li>Trwa\u0142o\u015b\u0107: Materia\u0142y konstrukcyjne cylindra oraz obr\u00f3bka powierzchni zosta\u0142y dobrane tak, aby zwi\u0119kszy\u0107 odporno\u015b\u0107 na zu\u017cycie.<\/li>\n<li>Bezpiecze\u0144stwo: Aby zapobiec wypadkom, zastosowano zabezpieczenia w postaci zawor\u00f3 bezpiecze\u0144stwa.<\/li>\n<li>\u0141atwo\u015b\u0107 konserwacji: Bierze si\u0119 pod uwag\u0119 \u0142atwy dost\u0119p do podzespo\u0142\u00f3w w celu umo\u017cliwienia konserwacji i napraw.<\/li>\n<\/ul>\n<p>    <img decoding=\"async\" src=\"https:\/\/www.hydraulic-cylinders.net\/wp-content\/uploads\/2025\/01\/songte-oil-pipes-and-spare-parts.webp\"><\/p>\n<h2>Uszczelnianie i smarowanie<\/h2>\n<p>W cylindrze czerpakowym zastosowano r\u00f3\u017cnorodne uszczelnienia, takie jak uszczelnienia t\u0142oka i t\u0142oczyska, wykonane z materia\u0142\u00f3w odpornych na zu\u017cycie, takich jak poliuretan i kauczuk nitrylowy. Korpus cylindra i gwintowane ko\u0144c\u00f3wki s\u0105 precyzyjnie obrabiane w celu zwi\u0119kszenia odporno\u015bci na zu\u017cycie. Regularne smarowanie odpowiedni\u0105 ilo\u015bci\u0105 oleju hydraulicznego jest niezb\u0119dne dla zapewnienia p\u0142ynnej pracy.<\/p>\n<h2>Regularne kontrole i konserwacja zapobiegawcza<\/h2>\n<ul>\n<li>Nale\u017cy przeprowadza\u0107 regularne kontrole w celu sprawdzenia, czy nie wyst\u0119puj\u0105 oznaki zu\u017cycia, uszkodzenia lub wyciek\u00f3w.<\/li>\n<li>Nale\u017cy dba\u0107 o odpowiednie smarowanie, aby zapobiega\u0107 nadmiernemu tarciu i przedwczesnemu zu\u017cyciu.<\/li>\n<li>Uszczelki nale\u017cy wymieni\u0107, je\u015bli zostan\u0105 zauwa\u017cone \u015blady zu\u017cycia lub uszkodzenia.<\/li>\n<li>Aby zagwarantowa\u0107 prawid\u0142owe dzia\u0142anie urz\u0105dzenia, nale\u017cy przeprowadza\u0107 kontrole kalibracji.<\/li>\n<\/ul>\n<h2>Prawid\u0142owy przewodnik instalacji produktu<\/h2>\n<p>Prawid\u0142owy monta\u017c cylindra kube\u0142kowego jest niezb\u0119dny dla jego optymalnej wydajno\u015bci. Podczas monta\u017cu wa\u017cne jest prawid\u0142owe ustawienie cylindra. Zaleca si\u0119 u\u017cycie odpowiednich wspornik\u00f3w monta\u017cowych w celu zabezpieczenia cylindra na miejscu. Przestrzeganie zalecanych procedur kontroli, naprawy i wymiany pomo\u017ce wyd\u0142u\u017cy\u0107 \u017cywotno\u015b\u0107 cylindra.<\/p>\n<p>    <img decoding=\"async\" src=\"https:\/\/www.hydraulic-cylinders.net\/wp-content\/uploads\/2025\/01\/songte-chushion-collar.webp\"><\/p>\n<h2>Zagadnienia bezpiecze\u0144stwa i czynniki \u015brodowiskowe<\/h2>\n<p>Podczas u\u017cytkowania cylindra \u0142y\u017cki, wa\u017cne jest, aby priorytetowo traktowa\u0107 \u015brodki bezpiecze\u0144stwa, aby zapobiega\u0107 wypadkom i zapewni\u0107 bezpiecze\u0144stwo operatorom i personelowi. Przestrzeganie protoko\u0142\u00f3w i wytycznych bezpiecze\u0144stwa jest kluczowe.<\/p>\n<h2>Diagnostyka usterek i typowe problemy<\/h2>\n<p>Typowe problemy z si\u0142ownikiem \u0142y\u017cki mog\u0105 obejmowa\u0107 wycieki, niewystarczaj\u0105c\u0105 moc i nieprawid\u0142owe ruchy. Nale\u017cy poda\u0107 wskaz\u00f3wki dotycz\u0105ce rozwi\u0105zywania problem\u00f3w i ich rozwi\u0105zania, aby pom\u00f3c czytelnikom skutecznie zdiagnozowa\u0107 i rozwi\u0105za\u0107 te problemy. Podkre\u015blanie \u015brodk\u00f3w zapobiegawczych mo\u017ce pom\u00f3c zminimalizowa\u0107 potencjalne problemy.<\/p>\n<p>    <img decoding=\"async\" src=\"https:\/\/www.hydraulic-cylinders.net\/wp-content\/uploads\/2025\/01\/songte-bushings-with-all-kinds-of-excavator-models.webp\"><\/p>\n<h2>Wniosek<\/h2>\n<p>Podsumowuj\u0105c, si\u0142ownik \u0142y\u017cki do ma\u0142ej koparki JCB JS290LC odgrywa kluczow\u0105 rol\u0119 w efektywnej pracy ci\u0119\u017ckich maszyn. Oferuje wysok\u0105 wytrzyma\u0142o\u015b\u0107, trwa\u0142o\u015b\u0107 i wydajne sterowanie hydrauliczne, dzi\u0119ki czemu nadaje si\u0119 do r\u00f3\u017cnych zastosowa\u0144 w budownictwie, rolnictwie i pracach ziemnych. Prawid\u0142owa konstrukcja, uszczelnienia, smarowanie, konserwacja i \u015brodki bezpiecze\u0144stwa s\u0105 kluczowe dla optymalnej wydajno\u015bci i trwa\u0142o\u015bci. Jako wiod\u0105cy producent i hurtownik si\u0142ownik\u00f3w hydraulicznych, nasza firma dok\u0142ada wszelkich stara\u0144, aby oferowa\u0107 szerok\u0105 gam\u0119 wysokiej jako\u015bci produkt\u00f3w, zindywidualizowane us\u0142ugi i niezawodne wsparcie posprzeda\u017cowe.<\/p>\n<p>    <img decoding=\"async\" src=\"https:\/\/www.hydraulic-cylinders.net\/wp-content\/uploads\/2025\/01\/songte-company-3.webp\"><\/p>\n<p>Autor: lyl<\/p>\n<p><\/body><\/p>\n<p><\/html><\/p>","protected":false},"excerpt":{"rendered":"<p>Bucket Cylinder For JCB Small Excavator JS290LC Bucket Cylinder For JCB Small Excavator JS290LC Introduction The bucket cylinder is a specifically designed hydraulic cylinder used to control the movement of the bucket in heavy machinery such as excavators, backhoe loaders, and wheel loaders. Its main function is to enable the lifting, lowering, and tilting of [&hellip;]<\/p>","protected":false},"featured_media":14780,"comment_status":"open","ping_status":"closed","template":"","meta":{"_et_pb_use_builder":"","_et_pb_old_content":"","_et_gb_content_width":""},"product_brand":[],"product_cat":[1494],"product_tag":[1495,1496],"class_list":{"0":"post-15198","1":"product","2":"type-product","3":"status-publish","4":"has-post-thumbnail","6":"product_cat-bucket-cylinders","7":"product_tag-bucket-cylinders","8":"product_tag-hydraulic-cylinders","10":"first","11":"instock","12":"shipping-taxable","13":"product-type-simple"},"amp_enabled":true,"_links":{"self":[{"href":"https:\/\/www.hydraulic-cylinders.net\/pl\/wp-json\/wp\/v2\/product\/15198","targetHints":{"allow":["GET"]}}],"collection":[{"href":"https:\/\/www.hydraulic-cylinders.net\/pl\/wp-json\/wp\/v2\/product"}],"about":[{"href":"https:\/\/www.hydraulic-cylinders.net\/pl\/wp-json\/wp\/v2\/types\/product"}],"replies":[{"embeddable":true,"href":"https:\/\/www.hydraulic-cylinders.net\/pl\/wp-json\/wp\/v2\/comments?post=15198"}],"wp:featuredmedia":[{"embeddable":true,"href":"https:\/\/www.hydraulic-cylinders.net\/pl\/wp-json\/wp\/v2\/media\/14780"}],"wp:attachment":[{"href":"https:\/\/www.hydraulic-cylinders.net\/pl\/wp-json\/wp\/v2\/media?parent=15198"}],"wp:term":[{"taxonomy":"product_brand","embeddable":true,"href":"https:\/\/www.hydraulic-cylinders.net\/pl\/wp-json\/wp\/v2\/product_brand?post=15198"},{"taxonomy":"product_cat","embeddable":true,"href":"https:\/\/www.hydraulic-cylinders.net\/pl\/wp-json\/wp\/v2\/product_cat?post=15198"},{"taxonomy":"product_tag","embeddable":true,"href":"https:\/\/www.hydraulic-cylinders.net\/pl\/wp-json\/wp\/v2\/product_tag?post=15198"}],"curies":[{"name":"wp","href":"https:\/\/api.w.org\/{rel}","templated":true}]}}