{"id":1520,"date":"2023-09-27T09:31:49","date_gmt":"2023-09-27T09:31:49","guid":{"rendered":"https:\/\/hydraulic-cylinders.net\/?post_type=product&#038;p=1520"},"modified":"2025-04-11T03:26:00","modified_gmt":"2025-04-11T03:26:00","slug":"aerial-work-platform-rotary-actuator","status":"publish","type":"product","link":"https:\/\/www.hydraulic-cylinders.net\/pl\/produkt\/aerial-work-platform-rotary-actuator\/","title":{"rendered":"Si\u0142ownik obrotowy podno\u015bnika koszowego"},"content":{"rendered":"<h1 style=\"text-align: center;\"><strong>Si\u0142ownik obrotowy podno\u015bnika koszowego<\/strong><\/h1>\n<p><img loading=\"lazy\" decoding=\"async\" class=\"size-medium wp-image-1521 aligncenter\" src=\"https:\/\/hydraulic-cylinders.net\/wp-content\/uploads\/2023\/09\/rotary-actuator-1-2-300x300.webp\" alt=\"\" width=\"300\" height=\"300\" \/><\/p>\n<p>Si\u0142ownik obrotowy serii HBM to niezale\u017cnie zaprojektowany i opracowany si\u0142ownik obrotowy do sterowania ramionami przegubowych podno\u015bnik\u00f3w koszowych. Zgodnie z wymaganiami klienta dotycz\u0105cymi instalacji i wydajno\u015bci, mo\u017cliwe jest wykonanie odpowiedniej, dostosowanej konstrukcji, zapewniaj\u0105cej adaptowalno\u015b\u0107 i elastyczno\u015b\u0107 dzia\u0142ania.<\/p>\n<p>Oparte na konstrukcji metrycznej, unikalne uszczelnienie i konstrukcja zapewniaj\u0105 niski wsp\u00f3\u0142czynnik tarcia i wysoki moment obrotowy. Dodatkowo, analiza element\u00f3w sko\u0144czonych i testy wytrzyma\u0142o\u015bciowe przyczyniaj\u0105 si\u0119 do stabilno\u015bci i niezawodno\u015bci produktu. W por\u00f3wnaniu z podobnymi produktami dost\u0119pnymi na rynku, si\u0142owniki obrotowe serii HBM o tym samym rozmiarze, charakteryzuj\u0105 si\u0119 zwi\u0119kszonym momentem obrotowym o 10% ~ 20%, a ci\u015bnieniem p\u0119kania zmniejszonym o 50%. Gwarantuj\u0105 one stabiln\u0105 prac\u0119, wy\u017csz\u0105 wydajno\u015b\u0107 i lepsze ci\u015bnienie p\u0119kania, co ostatecznie gwarantuje bezpieczn\u0105, niezawodn\u0105 i wydajn\u0105 prac\u0119 platformy roboczej na du\u017cych wysoko\u015bciach.<\/p>\n<p>G\u0142\u00f3wne cechy si\u0142ownika obrotowego podno\u015bnika koszowego:<\/p>\n<ol>\n<li><strong>Niski wsp\u00f3\u0142czynnik tarcia:<\/strong><\/li>\n<\/ol>\n<ul>\n<li>Kluczowym elementem si\u0142ownika obrotowego serii HBM jest wielowypust spiralny do przenoszenia obrot\u00f3w i momentu obrotowego,<br \/>\nCharakteryzuje si\u0119 doskona\u0142\u0105 precyzj\u0105, zr\u00f3wnowa\u017conym rozk\u0142adem napr\u0119\u017ce\u0144 i stabiln\u0105 przek\u0142adni\u0105. Dzi\u0119ki \u0142o\u017cyskom osiowym o niskim tarciu i unikalnej konstrukcji systemu uszczelnie\u0144, si\u0142ownik obrotowy serii HBM charakteryzuje si\u0119 niskim wsp\u00f3\u0142czynnikiem tarcia podczas przenoszenia nap\u0119du.<\/li>\n<\/ul>\n<ol start=\"2\">\n<li><strong>Wysoki moment obrotowy wyj\u015bciowy:<\/strong><\/li>\n<\/ol>\n<ul>\n<li>Dzi\u0119ki ci\u0105g\u0142ym, innowacyjnym badaniom i walidacji, si\u0142ownik obrotowy serii HBM zosta\u0142 zaprojektowany w kompaktowej formie, aby w pe\u0142ni wykorzysta\u0107 ograniczon\u0105 przestrze\u0144 wewn\u0119trzn\u0105 i przenosi\u0107 wysoki moment obrotowy za po\u015brednictwem ci\u015bnienia cieczy. W por\u00f3wnaniu z podobnymi produktami, si\u0142ownik obrotowy serii HBM zapewnia wy\u017cszy moment obrotowy od 10% do 20% przy zachowaniu tych samych rozmiar\u00f3w.<\/li>\n<\/ul>\n<ol start=\"3\">\n<li><strong>D\u0142uga \u017cywotno\u015b\u0107:<\/strong><\/li>\n<\/ol>\n<ul>\n<li>Kompleksowa analiza i obliczenia dla ka\u017cdego rozmiaru si\u0142ownika obrotowego HBM s\u0105 przeprowadzane z wykorzystaniem oprogramowania MES w procesie projektowania. Ponadto, stale prowadzimy optymalizacj\u0119 produktu, aby zapewni\u0107, \u017ce ka\u017cdy rozmiar produktu spe\u0142nia wymagania dotycz\u0105ce d\u0142ugiej \u017cywotno\u015bci.<\/li>\n<li>Opr\u00f3cz standardowych test\u00f3w fabrycznych, do przeprowadzania test\u00f3w zgodnie z wymaganiami klienta i zastosowania s\u0142u\u017c\u0105 dwa specjalne stanowiska do testowania wytrzyma\u0142o\u015bci si\u0142ownik\u00f3w obrotowych, co gwarantuje doskona\u0142\u0105 trwa\u0142o\u015b\u0107 i d\u0142ug\u0105 \u017cywotno\u015b\u0107.<\/li>\n<\/ul>\n<h2><strong>Parametry si\u0142ownika obrotowego podno\u015bnika koszowego:<\/strong><\/h2>\n<table border=\"1\" cellspacing=\"0\" cellpadding=\"0\">\n<tbody>\n<tr>\n<td>Nazwa produktu<\/td>\n<td>Si\u0142ownik obrotowy podno\u015bnika koszowego<\/td>\n<\/tr>\n<tr>\n<td>Cechy:<\/td>\n<td>Zrealizuj ruch platformy i ramienia korby<\/td>\n<\/tr>\n<tr>\n<td>Moment obrotowy:<\/td>\n<td>500\u20135000 Nm<\/td>\n<\/tr>\n<tr>\n<td>K\u0105t wychylenia:<\/td>\n<td>0\uff5e360\u00b0<\/td>\n<\/tr>\n<tr>\n<td>Ci\u015bnienie:<\/td>\n<td>21 MPa (standardowe ci\u015bnienie robocze)<\/td>\n<\/tr>\n<tr>\n<td>Zastosowania si\u0142ownik\u00f3w obrotowych:<\/td>\n<td>Podno\u015bnik koszowy<\/td>\n<\/tr>\n<\/tbody>\n<\/table>\n<h2><strong>Schemat identyfikacji podno\u015bnika koszowego:<\/strong><\/h2>\n<p><img loading=\"lazy\" decoding=\"async\" class=\"alignnone wp-image-1517 size-full\" src=\"https:\/\/hydraulic-cylinders.net\/wp-content\/uploads\/2023\/09\/aerial-work-platform-cylinder-construct.webp\" alt=\"\" width=\"600\" height=\"400\" srcset=\"https:\/\/hydraulic-cylinders.net\/wp-content\/uploads\/2023\/09\/aerial-work-platform-cylinder-construct.webp 600w, https:\/\/hydraulic-cylinders.net\/wp-content\/uploads\/2023\/09\/aerial-work-platform-cylinder-construct-480x320.webp 480w\" sizes=\"(min-width: 0px) and (max-width: 480px) 480px, (min-width: 481px) 600px, 100vw\" \/><\/p>\n<h2><strong>Rozmiar i specyfikacja si\u0142ownika obrotowego podno\u015bnika koszowego:<\/strong><\/h2>\n<p><img loading=\"lazy\" decoding=\"async\" class=\"alignnone wp-image-1522 size-full\" src=\"https:\/\/hydraulic-cylinders.net\/wp-content\/uploads\/2023\/09\/rotary-actuator-2.webp\" alt=\"\" width=\"729\" height=\"992\" srcset=\"https:\/\/hydraulic-cylinders.net\/wp-content\/uploads\/2023\/09\/rotary-actuator-2.webp 729w, https:\/\/hydraulic-cylinders.net\/wp-content\/uploads\/2023\/09\/rotary-actuator-2-480x653.webp 480w\" sizes=\"(min-width: 0px) and (max-width: 480px) 480px, (min-width: 481px) 729px, 100vw\" \/><\/p>\n<h2><strong>Spos\u00f3b u\u017cycia si\u0142ownika obrotowego podno\u015bnika koszowego:<\/strong><\/h2>\n<ol>\n<li><strong>Monta\u017c si\u0142ownika:<\/strong><\/li>\n<\/ol>\n<ul>\n<li>W celu prawid\u0142owego monta\u017cu si\u0142ownika obrotowego podno\u015bnika koszowego nale\u017cy post\u0119powa\u0107 zgodnie z instrukcj\u0105 producenta.<\/li>\n<li>Upewnij si\u0119, \u017ce si\u0142ownik jest solidnie przymocowany do konstrukcji podno\u015bnika koszowego, co zapewni stabilne i niezawodne po\u0142\u0105czenie.<\/li>\n<\/ul>\n<ol start=\"2\">\n<li><strong>Pod\u0142\u0105czenie elektryczne i hydrauliczne:<\/strong><\/li>\n<\/ol>\n<ul>\n<li>Pod\u0142\u0105cz si\u0142ownik do uk\u0142adu elektrycznego i hydraulicznego podno\u015bnika koszowego zgodnie z dostarczonymi wytycznymi.<\/li>\n<li>Upewnij si\u0119, \u017ce wszystkie po\u0142\u0105czenia s\u0105 solidne i odpowiednio uszczelnione, aby zapobiec wyciekom lub awariom elektrycznym.<\/li>\n<\/ul>\n<ol start=\"3\">\n<li><strong>Kontrola obrot\u00f3w:<\/strong><\/li>\n<\/ol>\n<ul>\n<li>Do sterowania ruchem obrotowym platformy roboczej nale\u017cy u\u017cywa\u0107 dostarczonego panelu sterowania lub interfejsu.<\/li>\n<li>Aby zapewni\u0107 p\u0142ynne i precyzyjne obroty, nale\u017cy post\u0119powa\u0107 zgodnie z zalecanymi procedurami obs\u0142ugi i wytycznymi bezpiecze\u0144stwa.<\/li>\n<\/ul>\n<ol start=\"4\">\n<li><strong>Zagadnienia bezpiecze\u0144stwa:<\/strong><\/li>\n<\/ol>\n<ul>\n<li>Przed przyst\u0105pieniem do obs\u0142ugi podno\u015bnika koszowego nale\u017cy zapozna\u0107 si\u0119 z funkcjami bezpiecze\u0144stwa i procedurami awaryjnymi.<\/li>\n<li>Upewnij si\u0119, \u017ce wszyscy operatorzy otrzymali odpowiednie szkolenie w zakresie bezpiecznej obs\u0142ugi platformy i si\u0142ownika obrotowego podno\u015bnika koszowego.<\/li>\n<\/ul>\n<h2><strong>Jak odpowietrzy\u0107 uk\u0142ad hydrauliczny?<\/strong><\/h2>\n<p>Odpowietrzanie uk\u0142adu hydraulicznego to kluczowa procedura konserwacyjna, kt\u00f3ra zapewnia optymaln\u0105 wydajno\u015b\u0107 i zapobiega nier\u00f3wnomiernej pracy uk\u0142adu hydraulicznego. Oto instrukcja krok po kroku, jak odpowietrzy\u0107 uk\u0142ad hydrauliczny:<\/p>\n<ol>\n<li><strong>Zidentyfikuj punkty wycieku:<\/strong><\/li>\n<\/ol>\n<ul>\n<li>Zlokalizuj punkty odpowietrzania w uk\u0142adzie hydraulicznym. Zazwyczaj znajduj\u0105 si\u0119 one w miejscach o du\u017cej energii, na przyk\u0142ad na cylindrach hydraulicznych, zaworach steruj\u0105cych lub zbiornikach pomp.<\/li>\n<li>Aby okre\u015bli\u0107 konkretne punkty odpowietrzania dla danego uk\u0142adu hydraulicznego, zapoznaj si\u0119 z instrukcj\u0105 obs\u0142ugi uk\u0142adu hydraulicznego lub wytycznymi producenta.<\/li>\n<\/ul>\n<ol start=\"2\">\n<li><strong>Przygotuj system:<\/strong><\/li>\n<\/ol>\n<ul>\n<li>Wy\u0142\u0105cz zasilanie uk\u0142adu hydraulicznego i zredukuj ci\u015bnienie poprzez opuszczenie lub wsuni\u0119cie cylindr\u00f3w hydraulicznych lub zwolnienie zaworu ci\u015bnieniowego.<\/li>\n<li>Upewnij si\u0119, \u017ce masz niezb\u0119dne narz\u0119dzia i sprz\u0119t ochronny do przeprowadzenia procesu odpowietrzania, w tym okulary ochronne i r\u0119kawice.<\/li>\n<\/ul>\n<ol start=\"3\">\n<li><strong>Ustawianie pojemnika zbiorczego:<\/strong><\/li>\n<\/ol>\n<ul>\n<li>Umie\u015b\u0107 odpowiedni pojemnik lub misk\u0119 spustow\u0105 pod punktem odpowietrzania, aby zebra\u0107 p\u0142yn hydrauliczny, kt\u00f3ry mo\u017ce wydosta\u0107 si\u0119 podczas odpowietrzania.<\/li>\n<li>Pomo\u017ce to zapobiec rozlaniu p\u0142yn\u00f3w i utrzyma\u0107 miejsce pracy w czysto\u015bci.<\/li>\n<\/ul>\n<ol start=\"4\">\n<li><strong>Otw\u00f3rz zaw\u00f3r odpowietrzaj\u0105cy:<\/strong><\/li>\n<\/ol>\n<ul>\n<li>Powoli i cz\u0119\u015bciowo otw\u00f3rz zaw\u00f3r odpowietrzaj\u0105cy w wyznaczonym punkcie odpowietrzania, u\u017cywaj\u0105c odpowiedniego klucza lub narz\u0119dzia.<\/li>\n<li>Nale\u017cy zachowa\u0107 ostro\u017cno\u015b\u0107, aby nie wyj\u0105\u0107 zaworu ca\u0142kowicie na tym etapie; zamiast tego nale\u017cy utworzy\u0107 ma\u0142y otw\u00f3r, przez kt\u00f3ry b\u0119dzie mog\u0142a uchodzi\u0107 woda i powietrze.<\/li>\n<\/ul>\n<ol start=\"5\">\n<li><strong>Rozpocz\u0119cie krwawienia:<\/strong><\/li>\n<\/ol>\n<ul>\n<li>Przy cz\u0119\u015bciowo otwartym zaworze odpowietrzaj\u0105cym nale\u017cy uruchomi\u0107 uk\u0142ad hydrauliczny poprzez jego w\u0142\u0105czenie lub u\u017cycie odpowiednich element\u00f3w steruj\u0105cych.<\/li>\n<li>Pozw\u00f3l p\u0142ynowi hydraulicznemu przep\u0142yn\u0105\u0107 przez uk\u0142ad, wypychaj\u0105c wszelkie uwi\u0119zione p\u0119cherzyki powietrza. Zauwa\u017cysz, \u017ce powietrze i p\u0142yn ulatniaj\u0105 si\u0119 przez cz\u0119\u015bciowo otwarty zaw\u00f3r odpowietrzaj\u0105cy.<\/li>\n<\/ul>\n<ol start=\"6\">\n<li><strong>Monitoruj i powtarzaj:<\/strong><\/li>\n<\/ol>\n<ul>\n<li>Monitoruj przep\u0142yw p\u0142ynu i obserwuj, czy z zaworu odpowietrzaj\u0105cego nie wydostaj\u0105 si\u0119 p\u0119cherzyki powietrza.<\/li>\n<li>Gdy przep\u0142yw p\u0142ynu b\u0119dzie sta\u0142y i wolny od p\u0119cherzyk\u00f3w powietrza, szczelnie zamknij zaw\u00f3r odpowietrzaj\u0105cy, aby zapobiec przedostawaniu si\u0119 powietrza do uk\u0142adu.<\/li>\n<li>Je\u015bli p\u0119cherzyki powietrza nadal si\u0119 utrzymuj\u0105, nale\u017cy powt\u00f3rzy\u0107 proces odpowietrzania, ponownie cz\u0119\u015bciowo otwieraj\u0105c zaw\u00f3r odpowietrzaj\u0105cy i pozwalaj\u0105c na przep\u0142yw wi\u0119kszej ilo\u015bci p\u0142ynu, a\u017c do usuni\u0119cia powietrza.<\/li>\n<\/ul>\n<ol start=\"7\">\n<li><strong>Sprawd\u017a poziom p\u0142yn\u00f3w:<\/strong><\/li>\n<\/ol>\n<ul>\n<li>Po odpowietrzeniu nale\u017cy sprawdzi\u0107 poziom p\u0142ynu hydraulicznego w zbiorniku lub baku uk\u0142adu.<\/li>\n<li>W razie konieczno\u015bci nale\u017cy dola\u0107 wi\u0119cej p\u0142ynu, aby utrzyma\u0107 zalecany poziom p\u0142ynu.<\/li>\n<\/ul>\n<ol start=\"8\">\n<li><strong>Testuj i weryfikuj:<\/strong><\/li>\n<\/ol>\n<ul>\n<li>Po zako\u0144czeniu procesu odpowietrzania i ponownym z\u0142o\u017ceniu uk\u0142adu hydraulicznego nale\u017cy sprawdzi\u0107 dzia\u0142anie uk\u0142adu, aby upewni\u0107 si\u0119, \u017ce praca uk\u0142adu hydraulicznego jest p\u0142ynna i r\u00f3wnomierna.<\/li>\n<li>Sprawd\u017a, czy nie wyst\u0119puj\u0105 \u017cadne nietypowe d\u017awi\u0119ki lub wibracje i czy system reaguje prawid\u0142owo na polecenia steruj\u0105ce.<\/li>\n<\/ul>\n<h2><strong>Mo\u017cliwo\u015bci i pojemno\u015b\u0107 fabryki:<\/strong><\/h2>\n<h3>(1) Monta\u017c<\/h3>\n<p>Dysponujemy najwy\u017cszej klasy niezale\u017cn\u0105 platform\u0105 badawczo-rozwojow\u0105. Warsztat produkcji si\u0142ownik\u00f3w hydraulicznych posiada cztery p\u00f3\u0142automatyczne linie monta\u017cowe si\u0142ownik\u00f3w podnosz\u0105cych i jedn\u0105 automatyczn\u0105 lini\u0119 monta\u017cow\u0105 si\u0142ownik\u00f3w przechy\u0142u, o projektowanej rocznej zdolno\u015bci produkcyjnej 1 miliona sztuk. Specjalny warsztat cylindr\u00f3w jest wyposa\u017cony w r\u00f3\u017cne specyfikacje p\u00f3\u0142automatycznego systemu monta\u017cu czyszcz\u0105cego o projektowanej rocznej zdolno\u015bci produkcyjnej 200 000 i wyposa\u017cony w s\u0142ynny sprz\u0119t do obr\u00f3bki CNC, centrum obr\u00f3bcze, specjalny sprz\u0119t do precyzyjnej obr\u00f3bki cylindr\u00f3w, robot spawalniczy, automatyczna maszyna czyszcz\u0105ca, automatyczna maszyna do monta\u017cu cylindr\u00f3w i automatyczna linia produkcyjna do malowania. Istniej\u0105cy krytyczny sprz\u0119t sk\u0142ada si\u0119 z ponad 300 zestaw\u00f3w. Optymalna alokacja i efektywne wykorzystanie zasob\u00f3w sprz\u0119towych zapewniaj\u0105 wymagania dotycz\u0105ce dok\u0142adno\u015bci produkt\u00f3w i spe\u0142niaj\u0105 potrzeby wysokiej jako\u015bci produkt\u00f3w.<\/p>\n<p><img loading=\"lazy\" decoding=\"async\" class=\"alignnone wp-image-626\" src=\"https:\/\/hydraulic-cylinders.net\/wp-content\/uploads\/2023\/08\/hydraulic-cylinder-product-1-300x158.webp\" alt=\"\" width=\"495\" height=\"260\" srcset=\"https:\/\/hydraulic-cylinders.net\/wp-content\/uploads\/2023\/08\/hydraulic-cylinder-product-1-300x158.webp 495w, https:\/\/hydraulic-cylinders.net\/wp-content\/uploads\/2023\/08\/hydraulic-cylinder-product-1-480x252.webp 480w\" sizes=\"(min-width: 0px) and (max-width: 480px) 480px, (min-width: 481px) 495px, 100vw\" \/> <img loading=\"lazy\" decoding=\"async\" class=\"alignnone wp-image-627\" src=\"https:\/\/hydraulic-cylinders.net\/wp-content\/uploads\/2023\/08\/hydraulic-cylinder-product-2-300x189.webp\" alt=\"\" width=\"413\" height=\"260\" \/><\/p>\n<h3>(2) Obr\u00f3bka<\/h3>\n<p>Warsztat obr\u00f3bki skrawaniem jest wyposa\u017cony w niestandardowe centrum tokarskie z pochylon\u0105 szyn\u0105, centrum obr\u00f3bcze, szybkobie\u017cn\u0105 honownic\u0119, robota spawalniczego i inny powi\u0105zany sprz\u0119t, kt\u00f3ry mo\u017ce obs\u0142ugiwa\u0107 przetwarzanie rur cylindrycznych o maksymalnej \u015brednicy wewn\u0119trznej 400 mm i maksymalnej d\u0142ugo\u015bci 6 metr\u00f3w.<\/p>\n<p><img loading=\"lazy\" decoding=\"async\" class=\"alignnone wp-image-628 size-large\" src=\"https:\/\/hydraulic-cylinders.net\/wp-content\/uploads\/2023\/08\/hydraulic-cylinder-product-3-1024x391.webp\" alt=\"\" width=\"1024\" height=\"391\" srcset=\"https:\/\/hydraulic-cylinders.net\/wp-content\/uploads\/2023\/08\/hydraulic-cylinder-product-3-980x374.webp 980w, https:\/\/hydraulic-cylinders.net\/wp-content\/uploads\/2023\/08\/hydraulic-cylinder-product-3-480x183.webp 480w\" sizes=\"(min-width: 0px) and (max-width: 480px) 480px, (min-width: 481px) and (max-width: 980px) 980px, (min-width: 981px) 1024px, 100vw\" \/><\/p>\n<h3>(3) Spawanie<\/h3>\n<p><img loading=\"lazy\" decoding=\"async\" class=\"alignnone wp-image-629 size-large\" src=\"https:\/\/hydraulic-cylinders.net\/wp-content\/uploads\/2023\/08\/hydraulic-cylinder-product-4-1024x510.webp\" alt=\"\" width=\"1024\" height=\"510\" srcset=\"https:\/\/hydraulic-cylinders.net\/wp-content\/uploads\/2023\/08\/hydraulic-cylinder-product-4-980x488.webp 980w, https:\/\/hydraulic-cylinders.net\/wp-content\/uploads\/2023\/08\/hydraulic-cylinder-product-4-480x239.webp 480w\" sizes=\"(min-width: 0px) and (max-width: 480px) 480px, (min-width: 481px) and (max-width: 980px) 980px, (min-width: 981px) 1024px, 100vw\" \/><\/p>\n<h3>(4) Malowanie i powlekanie<\/h3>\n<p>Z ma\u0142ymi i \u015brednimi automatycznymi liniami do powlekania farbami na bazie wody, w celu osi\u0105gni\u0119cia automatycznego za\u0142adunku i roz\u0142adunku robota oraz automatycznego natryskiwania, wydajno\u015b\u0107 projektowa 4000 sztuk na zmian\u0119;<br \/>\nPosiadamy r\u00f3wnie\u017c p\u00f3\u0142automatyczn\u0105 lini\u0119 do produkcji farb do du\u017cych cylindr\u00f3w nap\u0119dzan\u0105 \u0142a\u0144cuchem nap\u0119dowym, o wydajno\u015bci 60 skrzy\u0144 na zmian\u0119.<\/p>\n<p><img loading=\"lazy\" decoding=\"async\" class=\"alignnone wp-image-630\" src=\"https:\/\/hydraulic-cylinders.net\/wp-content\/uploads\/2023\/08\/hydraulic-cylinder-product-5-300x213.webp\" alt=\"\" width=\"366\" height=\"260\" \/> <img loading=\"lazy\" decoding=\"async\" class=\"alignnone wp-image-631\" src=\"https:\/\/hydraulic-cylinders.net\/wp-content\/uploads\/2023\/08\/hydraulic-cylinder-product-6-300x225.webp\" alt=\"\" width=\"347\" height=\"260\" \/><\/p>\n<h3>(5) Testowanie<\/h3>\n<p>Dysponujemy najwy\u017cszej klasy urz\u0105dzeniami kontrolnymi i stanowiskami testowymi, aby zapewni\u0107, \u017ce wydajno\u015b\u0107 cylindra spe\u0142nia wymagania.<\/p>\n<p><img loading=\"lazy\" decoding=\"async\" class=\"alignnone wp-image-632\" src=\"https:\/\/hydraulic-cylinders.net\/wp-content\/uploads\/2023\/08\/hydraulic-cylinder-product-8-300x200.webp\" alt=\"\" width=\"389\" height=\"260\" \/><\/p>\n<p>&nbsp;<\/p>\n<p>&nbsp;<\/p>\n<p>Jeste\u015bmy jednym z najlepszych producent\u00f3w cylindr\u00f3w hydraulicznych. Oferujemy kompleksow\u0105 ofert\u0119 cylindr\u00f3w hydraulicznych. Dostarczamy r\u00f3wnie\u017c\u2026 <a href=\"https:\/\/hzpt.com\/agricultural-pto-gearbox\/\" target=\"_blank\" rel=\"noopener\">przek\u0142adnie rolnicze<\/a>. Eksportowali\u015bmy nasze produkty do klient\u00f3w na ca\u0142ym \u015bwiecie i zdobyli\u015bmy dobr\u0105 reputacj\u0119 dzi\u0119ki najwy\u017cszej jako\u015bci produkt\u00f3w i us\u0142ug posprzeda\u017cnych. Zapraszamy klient\u00f3w w kraju i za granic\u0105 do kontaktu z nami w celu negocjacji biznesowych, wymiany informacji i <a href=\"https:\/\/www.hydraulic-cylinders.net\/pl\/contact-us\/\">wsp\u00f3\u0142pracowa\u0107 z nami<\/a>!<\/p>","protected":false},"excerpt":{"rendered":"<p>Aerial Work Platform Rotary Actuator HBM series rotary actuator is a rotary actuator independently designed and developed for the arms control of articulated aerial work platforms. According to customer installation and performance requirements, the corresponding customized design can be realized to ensure the adaptability and flexibility of operation. Based on the metric unit design, the [&hellip;]<\/p>","protected":false},"featured_media":1523,"comment_status":"open","ping_status":"closed","template":"","meta":{"_et_pb_use_builder":"","_et_pb_old_content":"","_et_gb_content_width":""},"product_brand":[],"product_cat":[1500,1550,1376],"product_tag":[1380],"class_list":{"0":"post-1520","1":"product","2":"type-product","3":"status-publish","4":"has-post-thumbnail","6":"product_cat-aerial-work-vehicle-hydraulic-cylinder","7":"product_cat-double-acting-hydraulic-cylinder","8":"product_cat-hydraulic-cylinder","9":"product_tag-hydraulic-cylinder","11":"first","12":"instock","13":"shipping-taxable","14":"product-type-simple"},"amp_enabled":true,"_links":{"self":[{"href":"https:\/\/www.hydraulic-cylinders.net\/pl\/wp-json\/wp\/v2\/product\/1520","targetHints":{"allow":["GET"]}}],"collection":[{"href":"https:\/\/www.hydraulic-cylinders.net\/pl\/wp-json\/wp\/v2\/product"}],"about":[{"href":"https:\/\/www.hydraulic-cylinders.net\/pl\/wp-json\/wp\/v2\/types\/product"}],"replies":[{"embeddable":true,"href":"https:\/\/www.hydraulic-cylinders.net\/pl\/wp-json\/wp\/v2\/comments?post=1520"}],"wp:featuredmedia":[{"embeddable":true,"href":"https:\/\/www.hydraulic-cylinders.net\/pl\/wp-json\/wp\/v2\/media\/1523"}],"wp:attachment":[{"href":"https:\/\/www.hydraulic-cylinders.net\/pl\/wp-json\/wp\/v2\/media?parent=1520"}],"wp:term":[{"taxonomy":"product_brand","embeddable":true,"href":"https:\/\/www.hydraulic-cylinders.net\/pl\/wp-json\/wp\/v2\/product_brand?post=1520"},{"taxonomy":"product_cat","embeddable":true,"href":"https:\/\/www.hydraulic-cylinders.net\/pl\/wp-json\/wp\/v2\/product_cat?post=1520"},{"taxonomy":"product_tag","embeddable":true,"href":"https:\/\/www.hydraulic-cylinders.net\/pl\/wp-json\/wp\/v2\/product_tag?post=1520"}],"curies":[{"name":"wp","href":"https:\/\/api.w.org\/{rel}","templated":true}]}}