{"id":15200,"date":"2025-01-19T14:13:46","date_gmt":"2025-01-19T14:13:46","guid":{"rendered":"https:\/\/www.hydraulic-cylinders.net\/product\/bucket-cylinder-for-caterpillar-small-excavator-e70-70b\/"},"modified":"2025-01-19T14:13:54","modified_gmt":"2025-01-19T14:13:54","slug":"bucket-cylinder-for-caterpillar-small-excavator-e70-70b","status":"publish","type":"product","link":"https:\/\/www.hydraulic-cylinders.net\/pl\/produkt\/bucket-cylinder-for-caterpillar-small-excavator-e70-70b\/","title":{"rendered":"Si\u0142ownik \u0142y\u017cki do ma\u0142ej koparki Caterpillar E70\/70B"},"content":{"rendered":"<h1>Si\u0142ownik \u0142y\u017cki do ma\u0142ej koparki Caterpillar E70\/70B<\/h1>\n<h2>Wst\u0119p<\/h2>\n<p>Si\u0142ownik \u0142y\u017cki to specjalnie zaprojektowany si\u0142ownik hydrauliczny, u\u017cywany g\u0142\u00f3wnie do sterowania ruchem \u0142y\u017cki w ci\u0119\u017ckich maszynach, takich jak koparki, koparko-\u0142adowarki i \u0142adowarki czo\u0142owe. Jego g\u0142\u00f3wn\u0105 funkcj\u0105 jest umo\u017cliwienie podnoszenia, opuszczania i przechylania \u0142y\u017cki, co u\u0142atwia wykonywanie r\u00f3\u017cnych zada\u0144 zwi\u0105zanych z prze\u0142adunkiem materia\u0142\u00f3w. W uk\u0142adzie hydraulicznym si\u0142ownik \u0142y\u017cki zapewnia precyzyjn\u0105 kontrol\u0119 nad \u0142y\u017ck\u0105 poprzez zmiany ci\u015bnienia oleju hydraulicznego, umo\u017cliwiaj\u0105c operatorom wydajne przenoszenie du\u017cych \u0142adunk\u00f3w i dostosowywanie si\u0119 do z\u0142o\u017conych warunk\u00f3w pracy oraz zr\u00f3\u017cnicowanych wymaga\u0144 operacyjnych.<\/p>\n<p><img decoding=\"async\" src=\"https:\/\/www.hydraulic-cylinders.net\/wp-content\/uploads\/2025\/01\/songte-company-2.webp\" alt=\"Cylinder kube\u0142kowy\"><\/p>\n<h2>Cechy<\/h2>\n<ul>\n<li>Wysoka wytrzyma\u0142o\u015b\u0107 i trwa\u0142o\u015b\u0107: Zazwyczaj wykonane z wysokowytrzyma\u0142ej stali lub aluminium, wytrzymuj\u0105 wysokie ci\u015bnienie i du\u017ce obci\u0105\u017cenia, nadaj\u0105 si\u0119 do trudnych warunk\u00f3w pracy, zaprojektowane z my\u015bl\u0105 o odporno\u015bci na zu\u017cycie i korozj\u0119, co wyd\u0142u\u017ca ich \u017cywotno\u015b\u0107.<\/li>\n<li>Wydajne dzia\u0142anie uk\u0142adu hydraulicznego: P\u0142ynne rozci\u0105ganie i wsuwanie uzyskuje si\u0119 dzi\u0119ki wykorzystaniu ci\u015bnienia oleju hydraulicznego, co pozwala na szybk\u0105 reakcj\u0119 na polecenia steruj\u0105ce, zapewnia du\u017c\u0105 si\u0142\u0119 pchania i ci\u0105gni\u0119cia i jest przydatne przy obs\u0142udze ci\u0119\u017ckich \u0142adunk\u00f3w i skomplikowanych zadaniach operacyjnych.<\/li>\n<li>R\u00f3\u017cnorodne typy: Si\u0142owniki jednostronnego dzia\u0142ania (hydrauliczne dzia\u0142aj\u0105ce tylko w jednym kierunku) lub dwustronnego dzia\u0142ania (hydrauliczne dzia\u0142aj\u0105ce w obu kierunkach) mo\u017cna dobra\u0107 w zale\u017cno\u015bci od potrzeb, aby spe\u0142ni\u0107 r\u00f3\u017cne wymagania operacyjne. Niekt\u00f3re modele s\u0105 teleskopowe, co pozwala na wi\u0119ksze wysuni\u0119cie bez zwi\u0119kszania wymiar\u00f3w zewn\u0119trznych, i nadaje si\u0119 do zastosowa\u0144 w ograniczonej przestrzeni.<\/li>\n<li>\u0141atwy monta\u017c: Mo\u017cna go \u0142atwo zamontowa\u0107 w miejsce oryginalnego cylindra, oszcz\u0119dzaj\u0105c czas i koszty robocizny. Mo\u017cliwo\u015b\u0107 dostosowania do wymaga\u0144 klienta.<\/li>\n<li>Uniwersalna kompatybilno\u015b\u0107: Mo\u017ce zast\u0105pi\u0107 wiele r\u00f3\u017cnych si\u0142ownik\u00f3w hydraulicznych, zapewniaj\u0105c ekonomiczne rozwi\u0105zanie w zakresie konserwacji i napraw sprz\u0119tu.<\/li>\n<\/ul>\n<p><img decoding=\"async\" src=\"https:\/\/www.hydraulic-cylinders.net\/wp-content\/uploads\/2025\/01\/songte-cylinder-head-with-all-kinds-excavator-models.webp\" alt=\"G\u0142owica cylindra\"><\/p>\n<h2>Aplikacje<\/h2>\n<p>Cylinder czerpakowy jest powszechnie stosowany w r\u00f3\u017cnych maszynach ci\u0119\u017ckich, w tym:<\/p>\n<ul>\n<li>Sprz\u0119t budowlany: W koparkach s\u0105 one niezb\u0119dne do kopania, za\u0142adunku i przemieszczania gleby lub gruzu. W koparko-\u0142adowarkach cylindry \u0142y\u017cki wspomagaj\u0105 kopanie i podnoszenie. <\/li>\n<li>Maszyny rolnicze: Stosowane w \u0142adowarkach czo\u0142owych do nabierania, podnoszenia i transportu gleby, siana i innych materia\u0142\u00f3w. <\/li>\n<li>Sprz\u0119t do transportu materia\u0142\u00f3w: Stosowany w w\u00f3zkach wid\u0142owych i innych pojazdach przemys\u0142owych do podnoszenia, transportu i uk\u0142adania towar\u00f3w.<\/li>\n<\/ul>\n<h2>Zagadnienia projektowe i kryteria wyboru<\/h2>\n<p>Konstrukcja cylindra \u0142y\u017cki ma kluczowe znaczenie dla jego wydajno\u015bci i trwa\u0142o\u015bci. Kluczowe kwestie obejmuj\u0105:<\/p>\n<ul>\n<li>No\u015bno\u015b\u0107: Cylinder musi by\u0107 w stanie wytrzyma\u0107 przewidywane obci\u0105\u017cenie bez awarii lub uszkodze\u0144.<\/li>\n<li>Uszczelnienie: Aby zapobiec wyciekom i zanieczyszczeniom, cylinder musi by\u0107 uszczelniony.<\/li>\n<li>Trwa\u0142o\u015b\u0107: Cylinder musi by\u0107 w stanie wytrzyma\u0107 spodziewane zu\u017cycie i uszkodzenia wynikaj\u0105ce z eksploatacji w trudnych warunkach.<\/li>\n<li>Bezpiecze\u0144stwo: Cylinder musi by\u0107 zaprojektowany z uwzgl\u0119dnieniem zabezpiecze\u0144 zapobiegaj\u0105cych wypadkom i obra\u017ceniom.<\/li>\n<li>\u0141atwo\u015b\u0107 konserwacji: Cylinder musi by\u0107 zaprojektowany w spos\u00f3b umo\u017cliwiaj\u0105cy \u0142atw\u0105 konserwacj\u0119 i napraw\u0119.<\/li>\n<\/ul>\n<p><img decoding=\"async\" src=\"https:\/\/www.hydraulic-cylinders.net\/wp-content\/uploads\/2025\/01\/songte-oil-pipes-and-spare-parts.webp\" alt=\"Rury olejowe i cz\u0119\u015bci zamienne\"><\/p>\n<h2>Uszczelnianie i smarowanie<\/h2>\n<p>W cylindrze kube\u0142kowym zastosowano r\u00f3\u017cnorodne elementy uszczelniaj\u0105ce, takie jak pier\u015bcienie uszczelniaj\u0105ce t\u0142oka i t\u0142oczyska, wykonane z materia\u0142\u00f3w odpornych na zu\u017cycie, takich jak poliuretan i kauczuk nitrylowy. Korpus cylindra i gwintowane powierzchnie ko\u0144cowe s\u0105 precyzyjnie obrobione, aby zwi\u0119kszy\u0107 odporno\u015b\u0107 na zu\u017cycie. Regularne smarowanie odpowiednim olejem hydraulicznym jest niezb\u0119dne dla zapewnienia p\u0142ynnej pracy i wyd\u0142u\u017cenia \u017cywotno\u015bci cylindra.<\/p>\n<h2>Konserwacja i naprawa<\/h2>\n<p>Regularne przegl\u0105dy, smarowanie i wymiana uszczelnie\u0144 s\u0105 niezb\u0119dne dla utrzymania wydajno\u015bci si\u0142ownika czerpakowego i wyd\u0142u\u017cenia jego \u017cywotno\u015bci. Prawid\u0142owy monta\u017c, smarowanie i regulacja s\u0105 kluczowe dla zapewnienia wydajnej pracy si\u0142ownika i zapobiegania uszkodzeniom lub awariom. Zaleca si\u0119 stosowanie odpowiednich wspornik\u00f3w monta\u017cowych do mocowania si\u0142ownika oraz przestrzeganie zalecanych procedur kontroli, napraw i wymiany w celu zapewnienia prawid\u0142owego dzia\u0142ania i bezpiecze\u0144stwa.<\/p>\n<p><img decoding=\"async\" src=\"https:\/\/www.hydraulic-cylinders.net\/wp-content\/uploads\/2025\/01\/songte-chushion-collar.webp\" alt=\"Ko\u0142nierz Chushion\"><\/p>\n<h2>Bezpiecze\u0144stwo i wzgl\u0119dy \u015brodowiskowe<\/h2>\n<p>Podczas u\u017cytkowania cylindra czerpakowego nale\u017cy bezwzgl\u0119dnie przestrzega\u0107 odpowiednich procedur bezpiecze\u0144stwa, aby zapobiec wypadkom i obra\u017ceniom. Regularna konserwacja i przegl\u0105dy mog\u0105 r\u00f3wnie\u017c pom\u00f3c w zapobieganiu zanieczyszczeniu \u015brodowiska przez wycieki p\u0142yn\u00f3w lub inne uszkodzenia cylindra.<\/p>\n<h2>Rozwi\u0105zywanie problem\u00f3w i typowe problemy<\/h2>\n<p>Do typowych problem\u00f3w z si\u0142ownikiem \u0142y\u017cki nale\u017c\u0105 wycieki, obni\u017cona wydajno\u015b\u0107 i nieprawid\u0142owa obs\u0142uga. Prawid\u0142owa diagnoza i naprawa tych problem\u00f3w wymagaj\u0105 do\u015bwiadczenia i wiedzy specjalistycznej i powinny by\u0107 wykonywane wy\u0142\u0105cznie przez przeszkolonych specjalist\u00f3w. Regularna konserwacja i przegl\u0105dy mog\u0105 pom\u00f3c zapobiec wyst\u0105pieniu tych problem\u00f3w.<\/p>\n<p><img decoding=\"async\" src=\"https:\/\/www.hydraulic-cylinders.net\/wp-content\/uploads\/2025\/01\/songte-bushings-with-all-kinds-of-excavator-models.webp\" alt=\"Tuleje\"><\/p>\n<h2>O naszej firmie<\/h2>\n<p>Jeste\u015bmy producentem zamiennych cylindr\u00f3w hydraulicznych oraz wiod\u0105cym producentem i hurtownikiem cylindr\u00f3w hydraulicznych na rynku krajowym i mi\u0119dzynarodowym. Kierujemy si\u0119 zasad\u0105 doskona\u0142o\u015bci jako\u015bci i opieramy si\u0119 na zindustrializowanych strategiach zarz\u0105dzania produkcj\u0105 w precyzyjnych warsztatach produkcyjnych. Nasza firma stale udoskonala platform\u0119 produkcyjn\u0105 warsztatu, wykorzystuj\u0105c talenty techniczne, cyfrowy sprz\u0119t produkcyjny wysokiej klasy oraz profesjonalne systemy testowe, aby poprawi\u0107 jako\u015b\u0107 procesu produkcyjnego. Nasza firma charakteryzuje si\u0119 silnym potencja\u0142em kreatywnym i opiera si\u0119 na zasadach wysokiej wydajno\u015bci, precyzji i jako\u015bci, aby sprosta\u0107 zr\u00f3\u017cnicowanym potrzebom klient\u00f3w.<\/p>\n<ul>\n<li>Profesjonalizm: Nasz zesp\u00f3\u0142 ekspert\u00f3w zapewnia profesjonalne us\u0142ugi i wsparcie techniczne klientom z r\u00f3\u017cnych bran\u017c.<\/li>\n<li>Certyfikacja mi\u0119dzynarodowa: Nasze produkty posiadaj\u0105 szereg certyfikat\u00f3w mi\u0119dzynarodowych, takich jak ISO i CE.<\/li>\n<li>Us\u0142ugi dostosowywania: Dostarczamy cylindry hydrauliczne dostosowane do wymaga\u0144 i specyfikacji klienta.<\/li>\n<li>Sprz\u0119t produkcyjny: U\u017cywamy najnowocze\u015bniejszego sprz\u0119tu produkcyjnego, aby zapewni\u0107 jako\u015b\u0107 i precyzj\u0119 produkt\u00f3w.<\/li>\n<li>Obs\u0142uga posprzeda\u017cowa: Zapewniamy szybk\u0105 i skuteczn\u0105 obs\u0142ug\u0119 posprzeda\u017cow\u0105, aby zagwarantowa\u0107 satysfakcj\u0119 klienta.<\/li>\n<\/ul>\n<p><img decoding=\"async\" src=\"https:\/\/www.hydraulic-cylinders.net\/wp-content\/uploads\/2025\/01\/songte-company-3.webp\" alt=\"Firma\"><\/p>\n<p>Autor: lyl<\/p>","protected":false},"excerpt":{"rendered":"<p>Bucket Cylinder For Caterpillar Small Excavator E70\/70B Introduction A bucket cylinder is a specially designed hydraulic cylinder primarily used to control the movement of the bucket in heavy machinery such as excavators, backhoes, and front-end loaders. Its main function is to enable the bucket to perform lifting, lowering, and tilting operations, making it convenient for [&hellip;]<\/p>","protected":false},"featured_media":14776,"comment_status":"open","ping_status":"closed","template":"","meta":{"_et_pb_use_builder":"","_et_pb_old_content":"","_et_gb_content_width":""},"product_brand":[],"product_cat":[1494],"product_tag":[1495,1496],"class_list":{"0":"post-15200","1":"product","2":"type-product","3":"status-publish","4":"has-post-thumbnail","6":"product_cat-bucket-cylinders","7":"product_tag-bucket-cylinders","8":"product_tag-hydraulic-cylinders","10":"first","11":"instock","12":"shipping-taxable","13":"product-type-simple"},"amp_enabled":true,"_links":{"self":[{"href":"https:\/\/www.hydraulic-cylinders.net\/pl\/wp-json\/wp\/v2\/product\/15200","targetHints":{"allow":["GET"]}}],"collection":[{"href":"https:\/\/www.hydraulic-cylinders.net\/pl\/wp-json\/wp\/v2\/product"}],"about":[{"href":"https:\/\/www.hydraulic-cylinders.net\/pl\/wp-json\/wp\/v2\/types\/product"}],"replies":[{"embeddable":true,"href":"https:\/\/www.hydraulic-cylinders.net\/pl\/wp-json\/wp\/v2\/comments?post=15200"}],"wp:featuredmedia":[{"embeddable":true,"href":"https:\/\/www.hydraulic-cylinders.net\/pl\/wp-json\/wp\/v2\/media\/14776"}],"wp:attachment":[{"href":"https:\/\/www.hydraulic-cylinders.net\/pl\/wp-json\/wp\/v2\/media?parent=15200"}],"wp:term":[{"taxonomy":"product_brand","embeddable":true,"href":"https:\/\/www.hydraulic-cylinders.net\/pl\/wp-json\/wp\/v2\/product_brand?post=15200"},{"taxonomy":"product_cat","embeddable":true,"href":"https:\/\/www.hydraulic-cylinders.net\/pl\/wp-json\/wp\/v2\/product_cat?post=15200"},{"taxonomy":"product_tag","embeddable":true,"href":"https:\/\/www.hydraulic-cylinders.net\/pl\/wp-json\/wp\/v2\/product_tag?post=15200"}],"curies":[{"name":"wp","href":"https:\/\/api.w.org\/{rel}","templated":true}]}}