{"id":15201,"date":"2025-01-19T14:13:56","date_gmt":"2025-01-19T14:13:56","guid":{"rendered":"https:\/\/www.hydraulic-cylinders.net\/product\/bucket-cylinder-for-caterpillar-small-excavator-e302-4d\/"},"modified":"2025-01-19T14:13:58","modified_gmt":"2025-01-19T14:13:58","slug":"bucket-cylinder-for-caterpillar-small-excavator-e302-4d","status":"publish","type":"product","link":"https:\/\/www.hydraulic-cylinders.net\/pl\/produkt\/bucket-cylinder-for-caterpillar-small-excavator-e302-4d\/","title":{"rendered":"Si\u0142ownik \u0142y\u017cki do ma\u0142ej koparki Caterpillar E302.4D"},"content":{"rendered":"<h1>Si\u0142ownik \u0142y\u017cki do ma\u0142ej koparki Caterpillar E302.4D<\/h1>\n<h2>Wst\u0119p<\/h2>\n<p>Si\u0142ownik \u0142y\u017cki to specjalnie zaprojektowany si\u0142ownik hydrauliczny, u\u017cywany g\u0142\u00f3wnie do sterowania ruchem \u0142y\u017cki w ci\u0119\u017ckich maszynach, takich jak koparki, koparko-\u0142adowarki i \u0142adowarki czo\u0142owe. Jego g\u0142\u00f3wn\u0105 funkcj\u0105 jest umo\u017cliwienie podnoszenia, opuszczania i przechylania \u0142y\u017cki, u\u0142atwiaj\u0105c r\u00f3\u017cnorodne zadania zwi\u0105zane z prze\u0142adunkiem materia\u0142\u00f3w. W uk\u0142adzie hydraulicznym si\u0142ownik \u0142y\u017cki zapewnia precyzyjn\u0105 kontrol\u0119 ruchu \u0142y\u017cki poprzez zmian\u0119 ci\u015bnienia oleju hydraulicznego, umo\u017cliwiaj\u0105c operatorom wydajne przenoszenie du\u017cych \u0142adunk\u00f3w i dostosowanie si\u0119 do z\u0142o\u017conych warunk\u00f3w pracy oraz zr\u00f3\u017cnicowanych potrzeb operacyjnych.<\/p>\n<p><img decoding=\"async\" src=\"https:\/\/www.hydraulic-cylinders.net\/wp-content\/uploads\/2025\/01\/songte-company-2.webp\" alt=\"Obraz cylindra wiadra\"><\/p>\n<h2>Cechy<\/h2>\n<ul>\n<li>\n<h3>Wysoka wytrzyma\u0142o\u015b\u0107 i trwa\u0142o\u015b\u0107<\/h3>\n<p>Cylindry czerpakowe s\u0105 zazwyczaj wykonane z wysokowytrzyma\u0142ej stali lub aluminium, kt\u00f3re wytrzymuj\u0105 wysokie ci\u015bnienie i du\u017ce obci\u0105\u017cenia, dzi\u0119ki czemu nadaj\u0105 si\u0119 do pracy w trudnych warunkach. Konstrukcja uwzgl\u0119dnia r\u00f3wnie\u017c odporno\u015b\u0107 na zu\u017cycie i korozj\u0119, co wyd\u0142u\u017ca ich \u017cywotno\u015b\u0107.<\/p>\n<\/li>\n<li>\n<h3>Wydajna praca hydrauliczna<\/h3>\n<p>Si\u0142owniki czerpakowe wykorzystuj\u0105 ci\u015bnienie oleju hydraulicznego do p\u0142ynnego wysuwania i wsuwania, umo\u017cliwiaj\u0105c szybk\u0105 reakcj\u0119 na polecenia steruj\u0105ce i zapewniaj\u0105c du\u017c\u0105 si\u0142\u0119 pchania i ci\u0105gni\u0119cia, dzi\u0119ki czemu nadaj\u0105 si\u0119 do przenoszenia ci\u0119\u017ckich \u0142adunk\u00f3w i skomplikowanych zada\u0144 operacyjnych.<\/p>\n<\/li>\n<li>\n<h3>R\u00f3\u017cne typy<\/h3>\n<p>Cylindry kube\u0142kowe mog\u0105 by\u0107 wybierane jako cylindry jednostronnego dzia\u0142ania (hydrauliczne dzia\u0142aj\u0105ce tylko w jednym kierunku) lub dwustronnego dzia\u0142ania (hydrauliczne dzia\u0142aj\u0105ce w dw\u00f3ch kierunkach) w zale\u017cno\u015bci od wymaga\u0144. Niekt\u00f3re modele s\u0105 teleskopowe, co pozwala na wi\u0119ksze wysuni\u0119cie bez zwi\u0119kszania wymiar\u00f3w zewn\u0119trznych, dzi\u0119ki czemu nadaj\u0105 si\u0119 do zastosowa\u0144 w ograniczonej przestrzeni.<\/p>\n<\/li>\n<li>\n<h3>Dost\u0119pno\u015b\u0107 produktu<\/h3>\n<p>Nasze si\u0142owniki kube\u0142kowe mog\u0105 z powodzeniem zast\u0105pi\u0107 si\u0142owniki hydrauliczne. Oferujemy klientom r\u00f3\u017cne modele i typy si\u0142ownik\u00f3w kube\u0142kowych do wyboru.<\/p>\n<\/li>\n<\/ul>\n<p><img decoding=\"async\" src=\"https:\/\/www.hydraulic-cylinders.net\/wp-content\/uploads\/2025\/01\/songte-cylinder-head-with-all-kinds-excavator-models.webp\" alt=\"Obraz wymiany cylindra \u0142y\u017cki\"><\/p>\n<h2>Aplikacje<\/h2>\n<p>Cylindry czerpakowe odgrywaj\u0105 kluczow\u0105 rol\u0119 w r\u00f3\u017cnych typach ci\u0119\u017ckiego sprz\u0119tu, takich jak:<\/p>\n<ul>\n<li>\n<h3>Sprz\u0119t budowlany<\/h3>\n<p>S\u0105 one niezb\u0119dne dla koparek do kopania, za\u0142adunku i przemieszczania gleby lub gruzu. W koparko-\u0142adowarkach si\u0142ownik \u0142y\u017cki pomaga zar\u00f3wno w kopaniu, jak i podnoszeniu. <\/p>\n<\/li>\n<li>\n<h3>Maszyny rolnicze<\/h3>\n<p>S\u0105 one stosowane w \u0142adowarkach czo\u0142owych do nabierania, podnoszenia i transportu ziemi, siana i innych materia\u0142\u00f3w. W koparkach si\u0142ownik \u0142y\u017cki umo\u017cliwia kopanie, pozwalaj\u0105c \u0142y\u017cce na penetracj\u0119 gleby. W \u0142adowarkach czo\u0142owych pomagaj\u0105 w wydajnym podnoszeniu i wysypywaniu materia\u0142\u00f3w.<\/p>\n<\/li>\n<\/ul>\n<h2>Zagadnienia projektowe i standardy wyboru<\/h2>\n<p>Cylindry kube\u0142kowe s\u0105 projektowane z uwzgl\u0119dnieniem kilku kluczowych czynnik\u00f3w, takich jak:<\/p>\n<ul>\n<li>\n<h3>No\u015bno\u015b\u0107<\/h3>\n<p>Cylindry kube\u0142kowe wykonane s\u0105 z materia\u0142\u00f3w o wysokiej wytrzyma\u0142o\u015bci i zaprojektowane tak, aby wytrzymywa\u0142y du\u017ce obci\u0105\u017cenia i wysokie ci\u015bnienie.<\/p>\n<\/li>\n<li>\n<h3>Opiecz\u0119towanie<\/h3>\n<p>R\u00f3\u017cne elementy uszczelniaj\u0105ce, takie jak uszczelnienia t\u0142ok\u00f3w i t\u0142oczysk, wykonane s\u0105 z materia\u0142\u00f3w odpornych na zu\u017cycie, co zapewnia d\u0142ug\u0105 \u017cywotno\u015b\u0107. Korpusy cylindr\u00f3w i powierzchnie ko\u0144cowe gwint\u00f3w s\u0105 precyzyjnie obrabiane w celu zwi\u0119kszenia odporno\u015bci na zu\u017cycie.<\/p>\n<\/li>\n<li>\n<h3>Trwa\u0142o\u015b\u0107 i bezpiecze\u0144stwo<\/h3>\n<p>Cylindry kube\u0142kowe poddawane s\u0105 rygorystycznej kontroli jako\u015bci, aby zapewni\u0107 ich zgodno\u015b\u0107 z normami bran\u017cowymi i bezpiecze\u0144stwo u\u017cytkowania. Zaprojektowano je tak, aby by\u0142y \u0142atwe w konserwacji i naprawie, co gwarantuje ich d\u0142ug\u0105 \u017cywotno\u015b\u0107.<\/p>\n<\/li>\n<\/ul>\n<p><img decoding=\"async\" src=\"https:\/\/www.hydraulic-cylinders.net\/wp-content\/uploads\/2025\/01\/songte-oil-pipes-and-spare-parts.webp\" alt=\"Obraz cz\u0119\u015bci cylindra \u0142y\u017cki\"><\/p>\n<h2>Uszczelnienie i smarowanie<\/h2>\n<p>W si\u0142ownikach kube\u0142kowych stosowane s\u0105 r\u00f3\u017cnego rodzaju uszczelnienia, takie jak uszczelnienia t\u0142oka i t\u0142oczyska, wykonane z materia\u0142\u00f3w odpornych na zu\u017cycie, takich jak poliuretan i kauczuk nitrylowy. Korpusy si\u0142ownik\u00f3w i powierzchnie gwint\u00f3w s\u0105 precyzyjnie obrabiane w celu zwi\u0119kszenia odporno\u015bci na zu\u017cycie. Regularne uzupe\u0142nianie odpowiedniego oleju hydraulicznego jest wa\u017cne, aby zapewni\u0107 smarowanie si\u0142ownika.<\/p>\n<h2>Okresowa konserwacja i \u015brodki zapobiegawcze<\/h2>\n<p>Prawid\u0142owa konserwacja jest niezb\u0119dna dla zapewnienia d\u0142ugowieczno\u015bci i optymalnej wydajno\u015bci si\u0142ownik\u00f3w kube\u0142kowych. Typowe czynno\u015bci konserwacyjne obejmuj\u0105:<\/p>\n<ul>\n<li>\n<h3>Regularna kontrola<\/h3>\n<p>Regularne kontrole pozwalaj\u0105 identyfikowa\u0107 potencjalne problemy i zapobiega\u0107 powa\u017cnym szkodom zanim wyst\u0105pi\u0105.<\/p>\n<\/li>\n<li>\n<h3>Smarowanie<\/h3>\n<p>Regularne smarowanie jest konieczne do zapewnienia p\u0142ynnej pracy cylindra.<\/p>\n<\/li>\n<li>\n<h3>Wymiana uszczelki i kontrola kalibracji<\/h3>\n<p>Regularna wymiana zu\u017cytych uszczelek i kontrola kalibracji pozwalaj\u0105 zachowa\u0107 optymaln\u0105 wydajno\u015b\u0107.<\/p>\n<\/li>\n<\/ul>\n<p><img decoding=\"async\" src=\"https:\/\/www.hydraulic-cylinders.net\/wp-content\/uploads\/2025\/01\/songte-chushion-collar.webp\" alt=\"Obraz konserwacji cylindra \u0142y\u017cki\"><\/p>\n<h2>Zagadnienia bezpiecze\u0144stwa i czynniki \u015brodowiskowe<\/h2>\n<p>Cylindry czerpakowe s\u0105 projektowane z my\u015bl\u0105 o bezpiecze\u0144stwie u\u017cytkowania, dlatego podczas obs\u0142ugi ci\u0119\u017ckich maszyn nale\u017cy zachowa\u0107 odpowiednie \u015brodki bezpiecze\u0144stwa. Czynniki \u015brodowiskowe, takie jak temperatura i wilgotno\u015b\u0107, mog\u0105 wp\u0142ywa\u0107 na wydajno\u015b\u0107 cylindr\u00f3w czerpakowych, dlatego nale\u017cy podj\u0105\u0107 odpowiednie \u015brodki, aby zapewni\u0107 ich optymaln\u0105 wydajno\u015b\u0107 w r\u00f3\u017cnych warunkach \u015brodowiskowych.<\/p>\n<h2>Diagnostyka usterek i typowe problemy<\/h2>\n<p>Do typowych problem\u00f3w z si\u0142ownikami czerpakowymi nale\u017c\u0105 wycieki, uszkodzenia uszczelnie\u0144 i nieprawid\u0142owa obs\u0142uga. Regularne przegl\u0105dy i konserwacja mog\u0105 pom\u00f3c zapobiec tym problemom. W przypadku wyst\u0105pienia problemu niezb\u0119dna jest prawid\u0142owa diagnoza, a typowe rozwi\u0105zania obejmuj\u0105 napraw\u0119 lub wymian\u0119 uszkodzonych podzespo\u0142\u00f3w.<\/p>\n<p><img decoding=\"async\" src=\"https:\/\/www.hydraulic-cylinders.net\/wp-content\/uploads\/2025\/01\/songte-bushings-with-all-kinds-of-excavator-models.webp\" alt=\"Problem z obrazem cylindra wiadra\"><\/p>\n<h2>O naszej firmie<\/h2>\n<p>Jeste\u015bmy wiod\u0105cym producentem i hurtowym dystrybutorem si\u0142ownik\u00f3w hydraulicznych, oferuj\u0105cym pe\u0142n\u0105 gam\u0119 produkt\u00f3w na rynku krajowym i mi\u0119dzynarodowym. Nasza firma realizuje strategi\u0119 uprzemys\u0142owionego zarz\u0105dzania produkcj\u0105, opart\u0105 na doskona\u0142ej jako\u015bci, wykorzystuj\u0105c zaawansowany warsztat produkcyjny, talent techniczny, cyfrowy sprz\u0119t produkcyjny wysokiej klasy oraz profesjonalne systemy testowe, aby stale ulepsza\u0107 nasz\u0105 platform\u0119 produkcyjn\u0105, doskonali\u0107 jako\u015b\u0107 naszych produkt\u00f3w i posiada\u0107 silne zdolno\u015bci innowacyjne. D\u0105\u017cymy do zaspokojenia zr\u00f3\u017cnicowanych potrzeb naszych klient\u00f3w, zapewniaj\u0105c im wysok\u0105 wydajno\u015b\u0107, precyzj\u0119 i jako\u015b\u0107.<\/p>\n<p><img decoding=\"async\" src=\"https:\/\/hzpt.com\/wp-content\/uploads\/2024\/11\/songte-company-1.webp\" alt=\"Wizerunek firmy\"><\/p>\n<h3>Profesjonalizm<\/h3>\n<p>Naszym celem jest \u015bwiadczenie profesjonalnych porad i dostarczanie rozwi\u0105za\u0144 naszym klientom, tak aby mieli pewno\u015b\u0107, \u017ce otrzymaj\u0105 odpowiedni produkt odpowiadaj\u0105cy ich indywidualnym potrzebom.<\/p>\n<h3>Mi\u0119dzynarodowa Certyfikacja<\/h3>\n<p>Nasze produkty posiadaj\u0105 certyfikaty potwierdzaj\u0105ce zgodno\u015b\u0107 z mi\u0119dzynarodowymi normami, co gwarantuje, \u017ce odpowiadaj\u0105 potrzebom globalnego rynku.<\/p>\n<h3>Us\u0142uga personalizacji<\/h3>\n<p>Oferujemy us\u0142ugi dostosowane do indywidualnych potrzeb klient\u00f3w, gwarantuj\u0105c im produkt spe\u0142niaj\u0105cy ich wyj\u0105tkowe wymagania.<\/p>\n<h3>Sprz\u0119t produkcyjny<\/h3>\n<p>Nasze warsztaty produkcyjne wyposa\u017cone s\u0105 w najnowocze\u015bniejszy sprz\u0119t, co gwarantuje wysok\u0105 jako\u015b\u0107 produkcji naszych cylindr\u00f3w hydraulicznych.<\/p>\n<h3>Serwis posprzeda\u017cowy<\/h3>\n<p>Oferujemy kompleksowy serwis posprzeda\u017cowy, aby mie\u0107 pewno\u015b\u0107, \u017ce nasi klienci otrzymaj\u0105 niezb\u0119dne wsparcie przez ca\u0142y okres u\u017cytkowania cylindra hydraulicznego.<\/p>\n<h4>Autor: lyl<\/h4>","protected":false},"excerpt":{"rendered":"<p>Bucket Cylinder For Caterpillar Small Excavator E302.4D Introduction A bucket cylinder is a specially designed hydraulic cylinder mainly used to control the movement of the bucket in heavy machinery such as excavators, backhoe loaders, and front loaders. Its main function is to enable the bucket to lift, lower and tilt to facilitate various material handling [&hellip;]<\/p>","protected":false},"featured_media":14773,"comment_status":"open","ping_status":"closed","template":"","meta":{"_et_pb_use_builder":"","_et_pb_old_content":"","_et_gb_content_width":""},"product_brand":[],"product_cat":[1494],"product_tag":[1495,1496],"class_list":{"0":"post-15201","1":"product","2":"type-product","3":"status-publish","4":"has-post-thumbnail","6":"product_cat-bucket-cylinders","7":"product_tag-bucket-cylinders","8":"product_tag-hydraulic-cylinders","10":"first","11":"instock","12":"shipping-taxable","13":"product-type-simple"},"amp_enabled":true,"_links":{"self":[{"href":"https:\/\/www.hydraulic-cylinders.net\/pl\/wp-json\/wp\/v2\/product\/15201","targetHints":{"allow":["GET"]}}],"collection":[{"href":"https:\/\/www.hydraulic-cylinders.net\/pl\/wp-json\/wp\/v2\/product"}],"about":[{"href":"https:\/\/www.hydraulic-cylinders.net\/pl\/wp-json\/wp\/v2\/types\/product"}],"replies":[{"embeddable":true,"href":"https:\/\/www.hydraulic-cylinders.net\/pl\/wp-json\/wp\/v2\/comments?post=15201"}],"wp:featuredmedia":[{"embeddable":true,"href":"https:\/\/www.hydraulic-cylinders.net\/pl\/wp-json\/wp\/v2\/media\/14773"}],"wp:attachment":[{"href":"https:\/\/www.hydraulic-cylinders.net\/pl\/wp-json\/wp\/v2\/media?parent=15201"}],"wp:term":[{"taxonomy":"product_brand","embeddable":true,"href":"https:\/\/www.hydraulic-cylinders.net\/pl\/wp-json\/wp\/v2\/product_brand?post=15201"},{"taxonomy":"product_cat","embeddable":true,"href":"https:\/\/www.hydraulic-cylinders.net\/pl\/wp-json\/wp\/v2\/product_cat?post=15201"},{"taxonomy":"product_tag","embeddable":true,"href":"https:\/\/www.hydraulic-cylinders.net\/pl\/wp-json\/wp\/v2\/product_tag?post=15201"}],"curies":[{"name":"wp","href":"https:\/\/api.w.org\/{rel}","templated":true}]}}