{"id":15202,"date":"2025-01-19T14:14:00","date_gmt":"2025-01-19T14:14:00","guid":{"rendered":"https:\/\/www.hydraulic-cylinders.net\/product\/bucket-cylinder-for-caterpillar-small-excavator-e305ecr\/"},"modified":"2025-01-19T14:14:02","modified_gmt":"2025-01-19T14:14:02","slug":"bucket-cylinder-for-caterpillar-small-excavator-e305ecr","status":"publish","type":"product","link":"https:\/\/www.hydraulic-cylinders.net\/pl\/produkt\/bucket-cylinder-for-caterpillar-small-excavator-e305ecr\/","title":{"rendered":"Si\u0142ownik \u0142y\u017cki do ma\u0142ej koparki Caterpillar E305ECR"},"content":{"rendered":"<h1>Si\u0142ownik \u0142y\u017cki do ma\u0142ej koparki Caterpillar E305ECR<\/h1>\n<h2>Wst\u0119p<\/h2>\n<p>Si\u0142ownik \u0142y\u017cki do ma\u0142ej koparki Caterpillar E305ECR to specjalnie zaprojektowany si\u0142ownik hydrauliczny s\u0142u\u017c\u0105cy do sterowania ruchami \u0142y\u017cek w ci\u0119\u017ckich maszynach, takich jak koparki, koparko-\u0142adowarki i \u0142adowarki czo\u0142owe. Jego g\u0142\u00f3wn\u0105 funkcj\u0105 jest podnoszenie, opuszczanie i przechylanie \u0142y\u017cki, co u\u0142atwia wykonywanie r\u00f3\u017cnych zada\u0144 zwi\u0105zanych z prze\u0142adunkiem materia\u0142\u00f3w. W uk\u0142adach hydraulicznych si\u0142owniki \u0142y\u017cki zapewniaj\u0105 precyzyjn\u0105 kontrol\u0119 ruchu \u0142y\u017cki poprzez zmiany ci\u015bnienia oleju hydraulicznego, umo\u017cliwiaj\u0105c operatorom wydajne przenoszenie du\u017cych \u0142adunk\u00f3w i dostosowywanie si\u0119 do z\u0142o\u017conych warunk\u00f3w pracy oraz zr\u00f3\u017cnicowanych potrzeb operacyjnych.<\/p>\n<p><img decoding=\"async\" src=\"https:\/\/www.hydraulic-cylinders.net\/wp-content\/uploads\/2025\/01\/songte-company-2.webp\" alt=\"Si\u0142ownik \u0142y\u017cki do ma\u0142ej koparki Caterpillar E305ECR\"><\/p>\n<h2>Cechy produktu<\/h2>\n<ul>\n<li>Wysoka wytrzyma\u0142o\u015b\u0107 i trwa\u0142o\u015b\u0107: Wykonany z wytrzyma\u0142ej stali lub aluminium, wytrzymuje du\u017ce ci\u015bnienie i obci\u0105\u017cenia, jest przystosowany do trudnych warunk\u00f3w pracy, a tak\u017ce jest odporny na zu\u017cycie i korozj\u0119, co wyd\u0142u\u017ca jego \u017cywotno\u015b\u0107.<\/li>\n<li>Wydajna praca uk\u0142adu hydraulicznego: wykorzystuje ci\u015bnienie oleju hydraulicznego w celu uzyskania p\u0142ynnego ruchu teleskopowego, umo\u017cliwia szybk\u0105 reakcj\u0119 na polecenia steruj\u0105ce, zapewnia du\u017c\u0105 si\u0142\u0119 pchania i ci\u0105gni\u0119cia oraz nadaje si\u0119 do obs\u0142ugi ci\u0119\u017ckich \u0142adunk\u00f3w i skomplikowanych zada\u0144 operacyjnych.<\/li>\n<li>R\u00f3\u017cnorodne typy: Si\u0142owniki jednostronnego dzia\u0142ania (hydrauliczne dzia\u0142aj\u0105ce tylko w jednym kierunku) lub dwustronnego dzia\u0142ania (hydrauliczne dzia\u0142aj\u0105ce w dw\u00f3ch kierunkach) mo\u017cna dobra\u0107 w zale\u017cno\u015bci od potrzeb. Niekt\u00f3re modele s\u0105 teleskopowe, co pozwala na wi\u0119ksze wysuni\u0119cie bez zwi\u0119kszania wymiar\u00f3w zewn\u0119trznych, i nadaje si\u0119 do zastosowa\u0144 w ograniczonej przestrzeni.<\/li>\n<li>Wymienne: Nasz produkt doskonale zast\u0119puje te cylindry hydrauliczne.<\/li>\n<\/ul>\n<p><img decoding=\"async\" src=\"https:\/\/www.hydraulic-cylinders.net\/wp-content\/uploads\/2025\/01\/songte-cylinder-head-with-all-kinds-excavator-models.webp\" alt=\"Si\u0142ownik \u0142y\u017cki do ma\u0142ej koparki Caterpillar E305ECR\"><\/p>\n<h2>Scenariusze zastosowa\u0144<\/h2>\n<h3>Sprz\u0119t budowlany<\/h3>\n<p>W koparkach s\u0105 niezb\u0119dne do kopania, za\u0142adunku i przemieszczania gleby lub gruzu. W koparko-\u0142adowarkach cylindry \u0142y\u017cki wspomagaj\u0105 zar\u00f3wno kopanie, jak i podnoszenie. U\u017cywane w \u0142adowarkach czo\u0142owych do nabierania, podnoszenia i transportu gleby, siana i innych materia\u0142\u00f3w.<\/p>\n<h3>Maszyny rolnicze<\/h3>\n<p>Stosowany w \u0142adowarkach czo\u0142owych do nabierania, podnoszenia i transportu ziemi, siana i innych materia\u0142\u00f3w.<\/p>\n<h3>Koparki<\/h3>\n<p>Cylindry \u0142y\u017cki umo\u017cliwiaj\u0105 kopanie poprzez umo\u017cliwienie \u0142y\u017cce zag\u0142\u0119biania si\u0119 w gleb\u0119.<\/p>\n<h3>\u0141adowarki<\/h3>\n<p>W \u0142adowarkach czo\u0142owych pomagaj\u0105 efektywnie podnosi\u0107 i roz\u0142adowywa\u0107 \u0142adunki.<\/p>\n<h2>Zagadnienia projektowe i kryteria wyboru<\/h2>\n<p>Cylindry czerpakowe musz\u0105 by\u0107 zaprojektowane tak, aby wytrzymywa\u0142y du\u017ce obci\u0105\u017cenia, by\u0107 uszczelnione, aby zapobiega\u0107 wyciekom, oraz wytrzyma\u0142e, aby wytrzymywa\u0107 trudne warunki pracy. Musz\u0105 by\u0107 r\u00f3wnie\u017c bezpieczne i \u0142atwe w konserwacji.<\/p>\n<h3>No\u015bno\u015b\u0107<\/h3>\n<p>Cylindry kube\u0142kowe wykonane s\u0105 z materia\u0142\u00f3w o wysokiej wytrzyma\u0142o\u015bci, aby wytrzyma\u0107 wysokie ci\u015bnienie i du\u017ce obci\u0105\u017cenia. T\u0142oczysko musi by\u0107 wykonane ze stali o wysokiej wytrzyma\u0142o\u015bci.<\/p>\n<h3>Opiecz\u0119towanie<\/h3>\n<p>R\u00f3\u017cne uszczelnienia, takie jak uszczelnienia t\u0142okowe i t\u0142oczyskowe, s\u0142u\u017c\u0105 do zapobiegania wyciekom p\u0142ynu hydraulicznego. Ze wzgl\u0119du na odporno\u015b\u0107 na zu\u017cycie, do uszczelnie\u0144 powszechnie stosuje si\u0119 poliuretan i kauczuk nitrylowy. Korpus cylindra i powierzchnia czo\u0142owa gwintu s\u0105 precyzyjnie obrabiane w celu zwi\u0119kszenia odporno\u015bci na zu\u017cycie. Regularne smarowanie jest niezb\u0119dne, aby zapobiec zu\u017cyciu i zapewni\u0107 p\u0142ynn\u0105 prac\u0119.<\/p>\n<h3>Trwa\u0142o\u015b\u0107<\/h3>\n<p>Cylindry czerpakowe musz\u0105 by\u0107 zaprojektowane tak, aby wytrzymywa\u0142y trudne warunki pracy i by\u0142y odporne na korozj\u0119. Aby zapewni\u0107 d\u0142ug\u0105 \u017cywotno\u015b\u0107, nale\u017cy stosowa\u0107 wysokiej jako\u015bci materia\u0142y i pow\u0142oki.<\/p>\n<h3>Bezpiecze\u0144stwo<\/h3>\n<p>Cylindry czerpakowe musz\u0105 by\u0107 zaprojektowane tak, aby zapewni\u0107 bezpiecze\u0144stwo operatora. Nale\u017cy zainstalowa\u0107 zawory bezpiecze\u0144stwa, aby zapobiec nadmiernemu ci\u015bnieniu i przeci\u0105\u017ceniu.<\/p>\n<h3>Konserwacja<\/h3>\n<p>Regularne kontrole i konserwacja s\u0105 niezb\u0119dne dla zapewnienia bezpiecznej i wydajnej pracy si\u0142ownik\u00f3w czerpakowych. Obejmuje to sprawdzanie szczelno\u015bci, zapewnienie prawid\u0142owego smarowania, wymian\u0119 zu\u017cytych uszczelek oraz kontrol\u0119 kalibracji.<\/p>\n<p><img decoding=\"async\" src=\"https:\/\/www.hydraulic-cylinders.net\/wp-content\/uploads\/2025\/01\/songte-oil-pipes-and-spare-parts.webp\" alt=\"Si\u0142ownik \u0142y\u017cki do ma\u0142ej koparki Caterpillar E305ECR\"><\/p>\n<h2>Przewodnik instalacji<\/h2>\n<p>Aby zamontowa\u0107 si\u0142ownik kube\u0142kowy, konieczne jest jego prawid\u0142owe ustawienie. Zaleca si\u0119 u\u017cycie odpowiednich wspornik\u00f3w monta\u017cowych w celu zabezpieczenia si\u0142ownika na miejscu. Zaleca si\u0119 wykonanie nast\u0119puj\u0105cych czynno\u015bci konserwacyjnych:<\/p>\n<ul>\n<li>Regularna kontrola<\/li>\n<li>Prawid\u0142owe smarowanie<\/li>\n<li>Wymiana uszczelki<\/li>\n<li>Kontrole kalibracji<\/li>\n<\/ul>\n<p><img decoding=\"async\" src=\"https:\/\/www.hydraulic-cylinders.net\/wp-content\/uploads\/2025\/01\/songte-chushion-collar.webp\" alt=\"Si\u0142ownik \u0142y\u017cki do ma\u0142ej koparki Caterpillar E305ECR\"><\/p>\n<h2>Bezpiecze\u0144stwo i wzgl\u0119dy \u015brodowiskowe<\/h2>\n<p>Podczas u\u017cytkowania cylindr\u00f3w kube\u0142kowych nale\u017cy bezwzgl\u0119dnie przestrzega\u0107 \u015brodk\u00f3w bezpiecze\u0144stwa, aby zapobiec wypadkom i obra\u017ceniom. Prawid\u0142owe u\u017cytkowanie i konserwacja cylindra mo\u017ce zapobiec szkodom dla \u015brodowiska i zapewni\u0107 jego d\u0142ug\u0105 \u017cywotno\u015b\u0107.<\/p>\n<h2>Rozwi\u0105zywanie problem\u00f3w i typowe problemy<\/h2>\n<p>Awarie si\u0142ownik\u00f3w kube\u0142kowych mog\u0105 powodowa\u0107 op\u00f3\u017anienia i zagro\u017cenia bezpiecze\u0144stwa. Do najcz\u0119stszych problem\u00f3w nale\u017c\u0105 wycieki, dryft si\u0142ownik\u00f3w i s\u0142aba wydajno\u015b\u0107. Regularne przegl\u0105dy i konserwacja mog\u0105 pom\u00f3c w zapobieganiu tym problemom.<\/p>\n<h2>O naszej firmie<\/h2>\n<p>Jeste\u015bmy wiod\u0105cym producentem i hurtowym dystrybutorem si\u0142ownik\u00f3w hydraulicznych na rynku krajowym i mi\u0119dzynarodowym. Kierujemy si\u0119 strategi\u0105 doskona\u0142o\u015bci produkcji, opieraj\u0105c si\u0119 na precyzyjnie dopracowanych strategiach zarz\u0105dzania produkcj\u0105 przemys\u0142ow\u0105, kompetencjach technologicznych, cyfrowym sprz\u0119cie produkcyjnym najwy\u017cszej klasy oraz profesjonalnych systemach testowych, aby stale ulepsza\u0107 nasz\u0105 platform\u0119 produkcyjn\u0105. Dostarczamy wysokiej jako\u015bci produkty, kt\u00f3re spe\u0142niaj\u0105 zr\u00f3\u017cnicowane potrzeby klient\u00f3w i zwi\u0119kszaj\u0105 ich efektywno\u015b\u0107 operacyjn\u0105. Oferujemy profesjonalne us\u0142ugi i rozwi\u0105zania dostosowane do indywidualnych potrzeb.<\/p>\n<ul>\n<li>Profesjonalizm<\/li>\n<li>Mi\u0119dzynarodowa Certyfikacja<\/li>\n<li>Us\u0142ugi dostosowane do indywidualnych potrzeb<\/li>\n<li>Sprz\u0119t produkcyjny<\/li>\n<li>Us\u0142ugi posprzeda\u017cowe<\/li>\n<\/ul>\n<p><img decoding=\"async\" src=\"https:\/\/hzpt.com\/wp-content\/uploads\/2024\/11\/songte-company-1.webp\" alt=\"Si\u0142ownik \u0142y\u017cki do ma\u0142ej koparki Caterpillar E305ECR\"><\/p>\n<p>Autor: lyl.<\/p>","protected":false},"excerpt":{"rendered":"<p>Bucket Cylinder For Caterpillar Small Excavator E305ECR Introduction A bucket cylinder for Caterpillar small excavator E305ECR is a specially designed hydraulic cylinder used to control the movements of buckets in heavy machinery such as excavators, backhoe excavators, and front-end loaders. Its main function is to enable the bucket to lift, lower, and tilt, making it [&hellip;]<\/p>","protected":false},"featured_media":14771,"comment_status":"open","ping_status":"closed","template":"","meta":{"_et_pb_use_builder":"","_et_pb_old_content":"","_et_gb_content_width":""},"product_brand":[],"product_cat":[1494],"product_tag":[1495,1496],"class_list":{"0":"post-15202","1":"product","2":"type-product","3":"status-publish","4":"has-post-thumbnail","6":"product_cat-bucket-cylinders","7":"product_tag-bucket-cylinders","8":"product_tag-hydraulic-cylinders","10":"first","11":"instock","12":"shipping-taxable","13":"product-type-simple"},"amp_enabled":true,"_links":{"self":[{"href":"https:\/\/www.hydraulic-cylinders.net\/pl\/wp-json\/wp\/v2\/product\/15202","targetHints":{"allow":["GET"]}}],"collection":[{"href":"https:\/\/www.hydraulic-cylinders.net\/pl\/wp-json\/wp\/v2\/product"}],"about":[{"href":"https:\/\/www.hydraulic-cylinders.net\/pl\/wp-json\/wp\/v2\/types\/product"}],"replies":[{"embeddable":true,"href":"https:\/\/www.hydraulic-cylinders.net\/pl\/wp-json\/wp\/v2\/comments?post=15202"}],"wp:featuredmedia":[{"embeddable":true,"href":"https:\/\/www.hydraulic-cylinders.net\/pl\/wp-json\/wp\/v2\/media\/14771"}],"wp:attachment":[{"href":"https:\/\/www.hydraulic-cylinders.net\/pl\/wp-json\/wp\/v2\/media?parent=15202"}],"wp:term":[{"taxonomy":"product_brand","embeddable":true,"href":"https:\/\/www.hydraulic-cylinders.net\/pl\/wp-json\/wp\/v2\/product_brand?post=15202"},{"taxonomy":"product_cat","embeddable":true,"href":"https:\/\/www.hydraulic-cylinders.net\/pl\/wp-json\/wp\/v2\/product_cat?post=15202"},{"taxonomy":"product_tag","embeddable":true,"href":"https:\/\/www.hydraulic-cylinders.net\/pl\/wp-json\/wp\/v2\/product_tag?post=15202"}],"curies":[{"name":"wp","href":"https:\/\/api.w.org\/{rel}","templated":true}]}}