{"id":15205,"date":"2025-01-19T14:14:12","date_gmt":"2025-01-19T14:14:12","guid":{"rendered":"https:\/\/www.hydraulic-cylinders.net\/product\/bucket-cylinder-for-caterpillar-small-excavator-e314dcr\/"},"modified":"2025-01-19T14:14:14","modified_gmt":"2025-01-19T14:14:14","slug":"bucket-cylinder-for-caterpillar-small-excavator-e314dcr","status":"publish","type":"product","link":"https:\/\/www.hydraulic-cylinders.net\/pl\/produkt\/bucket-cylinder-for-caterpillar-small-excavator-e314dcr\/","title":{"rendered":"Si\u0142ownik \u0142y\u017cki do ma\u0142ej koparki Caterpillar E314DCR"},"content":{"rendered":"<h1>Si\u0142ownik \u0142y\u017cki do ma\u0142ej koparki Caterpillar E314DCR<\/h1>\n<h2>Wst\u0119p<\/h2>\n<p>The bucket cylinder for Caterpillar small excavator E314DCR is a specialized hydraulic cylinder designed for controlling the movement of the bucket in heavy machinery, such as excavators, backhoe excavators, and front-end loaders. Its main function is to enable the bucket to lift, lower, and tilt, making it easier to handle various material handling tasks. In the hydraulic system, the bucket cylinder achieves precise control of the bucket&#8217;s movement through changes in hydraulic oil pressure, enabling operators to efficiently handle heavy loads and adapt to complex work environments and diverse job requirements.<\/p>\n<p><img decoding=\"async\" src=\"https:\/\/www.hydraulic-cylinders.net\/wp-content\/uploads\/2025\/01\/songte-company-2.webp\"><\/p>\n<h2>Cechy<\/h2>\n<ul>\n<li>Wysoka wytrzyma\u0142o\u015b\u0107 i trwa\u0142o\u015b\u0107: Zazwyczaj wykonany z wytrzyma\u0142ej stali lub aluminium, wytrzymuje du\u017ce ci\u015bnienie i obci\u0105\u017cenia, jest przystosowany do trudnych warunk\u00f3w pracy, a tak\u017ce jest zaprojektowany z my\u015bl\u0105 o odporno\u015bci na zu\u017cycie i korozj\u0119, co wyd\u0142u\u017ca jego \u017cywotno\u015b\u0107.<\/li>\n<li>Wydajna praca uk\u0142adu hydraulicznego: Wykorzystuje ci\u015bnienie oleju hydraulicznego w celu uzyskania p\u0142ynnego rozszerzania i kurczenia, mo\u017ce szybko reagowa\u0107 na polecenia steruj\u0105ce, zapewnia du\u017c\u0105 si\u0142\u0119 pchania i ci\u0105gni\u0119cia oraz nadaje si\u0119 do obs\u0142ugi ci\u0119\u017ckich \u0142adunk\u00f3w i skomplikowanych zada\u0144 roboczych.<\/li>\n<li>R\u00f3\u017cnorodne typy: Si\u0142owniki jednostronnego dzia\u0142ania (hydraulika dzia\u0142a tylko w jednym kierunku) lub dwustronnego dzia\u0142ania (hydraulika dzia\u0142a w obu kierunkach) mo\u017cna dobra\u0107 w zale\u017cno\u015bci od potrzeb, aby spe\u0142ni\u0107 zr\u00f3\u017cnicowane potrzeby operacyjne. Niekt\u00f3re modele s\u0105 teleskopowe, co pozwala na wi\u0119ksze wysuni\u0119cie bez zwi\u0119kszania wymiar\u00f3w zewn\u0119trznych, dzi\u0119ki czemu nadaj\u0105 si\u0119 do zastosowa\u0144 o ograniczonej przestrzeni.<\/li>\n<li>Mo\u017cliwo\u015b\u0107 dostosowania: Mo\u017cemy wyprodukowa\u0107 ten produkt i nasze produkty doskonale zast\u0105pi\u0105 te cylindry hydrauliczne.<\/li>\n<\/ul>\n<p><img decoding=\"async\" src=\"https:\/\/www.hydraulic-cylinders.net\/wp-content\/uploads\/2025\/01\/songte-cylinder-head-with-all-kinds-excavator-models.webp\"><\/p>\n<h2>Aplikacje<\/h2>\n<p>Si\u0142ownik \u0142y\u017cki do ma\u0142ej koparki Caterpillar E314DCR jest szeroko stosowany w r\u00f3\u017cnych ga\u0142\u0119ziach przemys\u0142u, w tym:<\/p>\n<ul>\n<li>Sprz\u0119t budowlany: W koparkach s\u0105 one niezb\u0119dne do wykopywania, za\u0142adunku i przemieszczania gleby lub gruzu. W koparko-\u0142adowarkach cylindry \u0142y\u017cki wspomagaj\u0105 zar\u00f3wno kopanie, jak i podnoszenie. W \u0142adowarkach czo\u0142owych wspomagaj\u0105 efektywne podnoszenie i wysypywanie materia\u0142\u00f3w.<\/li>\n<li>Maszyny rolnicze: Stosowane w \u0142adowarkach czo\u0142owych do nabierania, podnoszenia i transportu gleby, siana i innych materia\u0142\u00f3w. W koparkach si\u0142owniki \u0142y\u017cki umo\u017cliwiaj\u0105 kopanie poprzez umo\u017cliwienie \u0142y\u017cce zag\u0142\u0119bienia si\u0119 w gleb\u0119.<\/li>\n<\/ul>\n<p>To tylko kilka przyk\u0142ad\u00f3w spo\u015br\u00f3d wielu zastosowa\u0144 cylindr\u00f3w kube\u0142kowych w r\u00f3\u017cnych ga\u0142\u0119ziach przemys\u0142u.<\/p>\n<h2>Zagadnienia projektowe i kryteria wyboru<\/h2>\n<p>Przy wyborze cylindra kube\u0142kowego nale\u017cy wzi\u0105\u0107 pod uwag\u0119 kilka czynnik\u00f3w:<\/p>\n<ul>\n<li>No\u015bno\u015b\u0107: Cylinder powinien by\u0107 w stanie wytrzyma\u0107 ci\u0119\u017car podnoszonego \u0142adunku bez uszkodzenia.<\/li>\n<li>Uszczelnienie: Aby zapobiec wyciekom oleju hydraulicznego i zapewni\u0107 wydajn\u0105 prac\u0119, nale\u017cy stosowa\u0107 odpowiednie uszczelnienia, takie jak uszczelnienia t\u0142okowe i t\u0142oczyskowe. Uszczelnienia powinny by\u0107 wykonane z materia\u0142\u00f3w odpornych na zu\u017cycie, takich jak poliuretan i kauczuk nitrylowy.<\/li>\n<li>Trwa\u0142o\u015b\u0107: Cylinder powinien by\u0107 zaprojektowany z my\u015bl\u0105 o odporno\u015bci na zu\u017cycie i korozj\u0119, aby wyd\u0142u\u017cy\u0107 jego \u017cywotno\u015b\u0107.<\/li>\n<li>Bezpiecze\u0144stwo: Cylinder powinien by\u0107 wyposa\u017cony w zabezpieczenia, takie jak zawory bezpiecze\u0144stwa i blokady bezpiecze\u0144stwa, zapobiegaj\u0105ce wypadkom.<\/li>\n<li>\u0141atwo\u015b\u0107 konserwacji: Cylinder powinien by\u0107 zaprojektowany w spos\u00f3b umo\u017cliwiaj\u0105cy \u0142atw\u0105 konserwacj\u0119, z wymiennymi cz\u0119\u015bciami i przejrzystymi procedurami odbudowy.<\/li>\n<\/ul>\n<p><img decoding=\"async\" src=\"https:\/\/www.hydraulic-cylinders.net\/wp-content\/uploads\/2025\/01\/songte-oil-pipes-and-spare-parts.webp\"><\/p>\n<h2>Uszczelnianie i smarowanie<\/h2>\n<p>Si\u0142ownik czerpakowy powinien by\u0107 wyposa\u017cony w r\u00f3\u017cnego rodzaju uszczelnienia, aby zapobiec wyciekom oleju hydraulicznego i zapewni\u0107 wydajn\u0105 prac\u0119. Uszczelnienia powinny by\u0107 wykonane z materia\u0142\u00f3w odpornych na zu\u017cycie, takich jak poliuretan i kauczuk nitrylowy. Korpus si\u0142ownika i gwintowana powierzchnia ko\u0144cowa powinny by\u0107 precyzyjnie obrobione, aby zwi\u0119kszy\u0107 odporno\u015b\u0107 na zu\u017cycie. Ponadto konieczne jest regularne uzupe\u0142nianie odpowiedniej ilo\u015bci oleju hydraulicznego w celu smarowania.<\/p>\n<h2>Kontrola i \u015brodki konserwacji zapobiegawczej<\/h2>\n<p>Regularne kontrole i konserwacja zapobiegawcza mog\u0105 wyd\u0142u\u017cy\u0107 \u017cywotno\u015b\u0107 cylindra \u0142y\u017cki. Poni\u017cej przedstawiono typowe czynno\u015bci konserwacyjne:<\/p>\n<ul>\n<li>Regularna kontrola: Sprawd\u017a, czy nie ma wyciek\u00f3w oleju, \u015blad\u00f3w zu\u017cycia i wszelkich nietypowych d\u017awi\u0119k\u00f3w wydawanych podczas pracy.<\/li>\n<li>Prawid\u0142owe smarowanie: Nale\u017cy regularnie dodawa\u0107 odpowiedni\u0105 ilo\u015b\u0107 oleju hydraulicznego.<\/li>\n<li>Wymiana uszczelek i kontrola kalibracji: Nale\u017cy regularnie wymienia\u0107 zu\u017cyte uszczelki i sprawdza\u0107 kalibracj\u0119 cylindra.<\/li>\n<\/ul>\n<p>Podczas monta\u017cu wa\u017cne jest prawid\u0142owe ustawienie cylindra i u\u017cycie odpowiednich uchwyt\u00f3w monta\u017cowych w celu jego zabezpieczenia. Zalecane procedury kontroli, naprawy i wymiany mog\u0105 wyd\u0142u\u017cy\u0107 \u017cywotno\u015b\u0107 cylindra.<\/p>\n<p><img decoding=\"async\" src=\"https:\/\/www.hydraulic-cylinders.net\/wp-content\/uploads\/2025\/01\/songte-chushion-collar.webp\"><\/p>\n<h2>Zagadnienia bezpiecze\u0144stwa i czynniki \u015brodowiskowe<\/h2>\n<p>Podczas u\u017cytkowania cylindra \u0142y\u017cki nale\u017cy przestrzega\u0107 \u015brodk\u00f3w bezpiecze\u0144stwa, takich jak noszenie osobistego sprz\u0119tu ochronnego i praca w dobrze wentylowanym pomieszczeniu. Prawid\u0142owa utylizacja zu\u017cytego oleju hydraulicznego jest r\u00f3wnie\u017c istotna dla ochrony \u015brodowiska.<\/p>\n<h2>Rozwi\u0105zywanie problem\u00f3w i typowe problemy<\/h2>\n<p>Do typowych problem\u00f3w z si\u0142ownikami czerpak\u00f3w nale\u017c\u0105 wycieki oleju, niewystarczaj\u0105ce ci\u015bnienie i nietypowe d\u017awi\u0119ki podczas pracy. Dost\u0119pne s\u0105 wskaz\u00f3wki i rozwi\u0105zania u\u0142atwiaj\u0105ce diagnozowanie i rozwi\u0105zywanie problem\u00f3w, a \u015brodki zapobiegawcze mog\u0105 pom\u00f3c w ograniczeniu potencjalnych problem\u00f3w.<\/p>\n<p><img decoding=\"async\" src=\"https:\/\/www.hydraulic-cylinders.net\/wp-content\/uploads\/2025\/01\/songte-bushings-with-all-kinds-of-excavator-models.webp\"><\/p>\n<h2>O naszej firmie<\/h2>\n<p>Jeste\u015bmy producentem zamiennych cylindr\u00f3w hydraulicznych, oferuj\u0105cym pe\u0142n\u0105 gam\u0119 produkt\u00f3w i stali\u015bmy si\u0119 jednym z wiod\u0105cych producent\u00f3w i hurtowych dystrybutor\u00f3w cylindr\u00f3w hydraulicznych na rynku krajowym i mi\u0119dzynarodowym. Kierujemy si\u0119 zasad\u0105 najwy\u017cszej jako\u015bci i opieramy si\u0119 na strategii zarz\u0105dzania produkcj\u0105 przemys\u0142ow\u0105 w wyspecjalizowanych warsztatach produkcyjnych. Stale udoskonalamy platform\u0119 produkcyjn\u0105 warsztatu i podnosimy jako\u015b\u0107 produkcji linii produkt\u00f3w. Dysponujemy silnym potencja\u0142em kreatywnym, aby sprosta\u0107 zr\u00f3\u017cnicowanym potrzebom klient\u00f3w, zapewniaj\u0105c wysok\u0105 wydajno\u015b\u0107, precyzj\u0119 i przestrzegaj\u0105c rygorystycznych zasad jako\u015bci.<\/p>\n<p>Oferujemy profesjonalne us\u0142ugi, mi\u0119dzynarodowe certyfikaty, us\u0142ugi dostosowane do potrzeb klienta, sprz\u0119t produkcyjny i us\u0142ugi posprzeda\u017cowe, aby sprosta\u0107 potrzebom i oczekiwaniom klienta.<\/p>\n<p><img decoding=\"async\" src=\"https:\/\/hzpt.com\/wp-content\/uploads\/2024\/11\/songte-company-1.webp\"><\/p>\n<h2>O autorze<\/h2>\n<p>Autor: lyl<\/p>","protected":false},"excerpt":{"rendered":"<p>Bucket Cylinder For Caterpillar Small Excavator E314DCR Introduction The bucket cylinder for Caterpillar small excavator E314DCR is a specialized hydraulic cylinder designed for controlling the movement of the bucket in heavy machinery, such as excavators, backhoe excavators, and front-end loaders. Its main function is to enable the bucket to lift, lower, and tilt, making it [&hellip;]<\/p>","protected":false},"featured_media":14762,"comment_status":"open","ping_status":"closed","template":"","meta":{"_et_pb_use_builder":"","_et_pb_old_content":"","_et_gb_content_width":""},"product_brand":[],"product_cat":[1494],"product_tag":[1495,1496],"class_list":{"0":"post-15205","1":"product","2":"type-product","3":"status-publish","4":"has-post-thumbnail","6":"product_cat-bucket-cylinders","7":"product_tag-bucket-cylinders","8":"product_tag-hydraulic-cylinders","10":"first","11":"instock","12":"shipping-taxable","13":"product-type-simple"},"amp_enabled":true,"_links":{"self":[{"href":"https:\/\/www.hydraulic-cylinders.net\/pl\/wp-json\/wp\/v2\/product\/15205","targetHints":{"allow":["GET"]}}],"collection":[{"href":"https:\/\/www.hydraulic-cylinders.net\/pl\/wp-json\/wp\/v2\/product"}],"about":[{"href":"https:\/\/www.hydraulic-cylinders.net\/pl\/wp-json\/wp\/v2\/types\/product"}],"replies":[{"embeddable":true,"href":"https:\/\/www.hydraulic-cylinders.net\/pl\/wp-json\/wp\/v2\/comments?post=15205"}],"wp:featuredmedia":[{"embeddable":true,"href":"https:\/\/www.hydraulic-cylinders.net\/pl\/wp-json\/wp\/v2\/media\/14762"}],"wp:attachment":[{"href":"https:\/\/www.hydraulic-cylinders.net\/pl\/wp-json\/wp\/v2\/media?parent=15205"}],"wp:term":[{"taxonomy":"product_brand","embeddable":true,"href":"https:\/\/www.hydraulic-cylinders.net\/pl\/wp-json\/wp\/v2\/product_brand?post=15205"},{"taxonomy":"product_cat","embeddable":true,"href":"https:\/\/www.hydraulic-cylinders.net\/pl\/wp-json\/wp\/v2\/product_cat?post=15205"},{"taxonomy":"product_tag","embeddable":true,"href":"https:\/\/www.hydraulic-cylinders.net\/pl\/wp-json\/wp\/v2\/product_tag?post=15205"}],"curies":[{"name":"wp","href":"https:\/\/api.w.org\/{rel}","templated":true}]}}