{"id":15207,"date":"2025-01-19T14:14:21","date_gmt":"2025-01-19T14:14:21","guid":{"rendered":"https:\/\/www.hydraulic-cylinders.net\/product\/bucket-cylinder-for-caterpillar-small-excavator-e302-7dcr\/"},"modified":"2025-01-19T14:14:23","modified_gmt":"2025-01-19T14:14:23","slug":"bucket-cylinder-for-caterpillar-small-excavator-e302-7dcr","status":"publish","type":"product","link":"https:\/\/www.hydraulic-cylinders.net\/pl\/produkt\/bucket-cylinder-for-caterpillar-small-excavator-e302-7dcr\/","title":{"rendered":"Si\u0142ownik \u0142y\u017cki do ma\u0142ej koparki Caterpillar E302.7DCR"},"content":{"rendered":"<h1>Si\u0142ownik \u0142y\u017cki do ma\u0142ej koparki Caterpillar E302.7DCR<\/h1>\n<h2>Wst\u0119p<\/h2>\n<p>Si\u0142ownik \u0142y\u017cki to si\u0142ownik hydrauliczny specjalnie zaprojektowany do sterowania ruchem \u0142y\u017cki w ci\u0119\u017ckich maszynach, takich jak koparki, koparko-\u0142adowarki i \u0142adowarki czo\u0142owe. Jego g\u0142\u00f3wn\u0105 funkcj\u0105 jest umo\u017cliwienie podnoszenia, opuszczania i przechylania \u0142y\u017cki, u\u0142atwiaj\u0105c wykonywanie r\u00f3\u017cnych zada\u0144 zwi\u0105zanych z prze\u0142adunkiem materia\u0142\u00f3w. W uk\u0142adzie hydraulicznym si\u0142ownik \u0142y\u017cki steruje precyzyjnym ruchem \u0142y\u017cki poprzez zmiany ci\u015bnienia oleju hydraulicznego, umo\u017cliwiaj\u0105c operatorom wydajne przenoszenie ci\u0119\u017ckich \u0142adunk\u00f3w i dostosowywanie si\u0119 do z\u0142o\u017conych warunk\u00f3w pracy oraz zr\u00f3\u017cnicowanych potrzeb operacyjnych.<\/p>\n<p><img decoding=\"async\" src=\"https:\/\/www.hydraulic-cylinders.net\/wp-content\/uploads\/2025\/01\/songte-company-2.webp\"><\/p>\n<h2>Cechy<\/h2>\n<ul>\n<li>Wysoka wytrzyma\u0142o\u015b\u0107 i trwa\u0142o\u015b\u0107: Zazwyczaj wykonany z wysokowytrzyma\u0142ej stali lub aluminium, wytrzymuje wysokie ci\u015bnienie i du\u017ce obci\u0105\u017cenia, dostosowuj\u0105c si\u0119 do trudnych warunk\u00f3w pracy. Zaprojektowany z my\u015bl\u0105 o odporno\u015bci na zu\u017cycie i korozj\u0119, wyd\u0142u\u017ca \u017cywotno\u015b\u0107.<\/li>\n<li>Wydajne dzia\u0142anie uk\u0142adu hydraulicznego: Wykorzystuje ci\u015bnienie oleju hydraulicznego w celu uzyskania p\u0142ynnych ruch\u00f3w rozci\u0105gania i kurczenia, umo\u017cliwia szybk\u0105 reakcj\u0119 na polecenia steruj\u0105ce, zapewnia du\u017ce si\u0142y pchania i ci\u0105gni\u0119cia, nadaje si\u0119 do obs\u0142ugi ci\u0119\u017ckich \u0142adunk\u00f3w i skomplikowanych zada\u0144 operacyjnych.<\/li>\n<li>R\u00f3\u017cnorodne typy: Mo\u017cliwo\u015b\u0107 wyboru cylindr\u00f3w jednostronnego dzia\u0142ania (hydraulika dzia\u0142a tylko w jednym kierunku) lub dwustronnego dzia\u0142ania (hydraulika dzia\u0142a w obu kierunkach), w zale\u017cno\u015bci od potrzeb operacyjnych. Niekt\u00f3re modele s\u0105 teleskopowe, co pozwala na wi\u0119ksze wysuni\u0119cie bez zwi\u0119kszania wymiar\u00f3w zewn\u0119trznych, i nadaje si\u0119 do zastosowa\u0144 w ograniczonej przestrzeni.<\/li>\n<li>Wymienne: Nasze produkty doskonale zast\u0119puj\u0105 te si\u0142owniki hydrauliczne.<\/li>\n<\/ul>\n<p><img decoding=\"async\" src=\"https:\/\/www.hydraulic-cylinders.net\/wp-content\/uploads\/2025\/01\/songte-cylinder-head-with-all-kinds-excavator-models.webp\"><\/p>\n<h2>Aplikacje<\/h2>\n<h3>Sprz\u0119t budowlany<\/h3>\n<p>W koparkach s\u0105 one niezb\u0119dne do wykop\u00f3w, za\u0142adunku i przemieszczania gleby lub gruzu. W koparko-\u0142adowarkach si\u0142owniki \u0142y\u017cki wspomagaj\u0105 zar\u00f3wno wykopy, jak i podnoszenie. W \u0142adowarkach czo\u0142owych pomagaj\u0105 w podnoszeniu i przechylaniu, aby skutecznie roz\u0142adowa\u0107 materia\u0142.<\/p>\n<h3>Maszyny rolnicze<\/h3>\n<p>Stosowany w \u0142adowarkach czo\u0142owych do nabierania, podnoszenia i transportu ziemi, siana i innych materia\u0142\u00f3w. W koparkach si\u0142ownik \u0142y\u017cki umo\u017cliwia kopanie poprzez zag\u0142\u0119bianie si\u0119 \u0142y\u017cki w gleb\u0119. W \u0142adowarkach wspomaga efektywne podnoszenie i wysypywanie materia\u0142\u00f3w.<\/p>\n<p><img decoding=\"async\" src=\"https:\/\/www.hydraulic-cylinders.net\/wp-content\/uploads\/2025\/01\/songte-chushion-collar.webp\"><\/p>\n<h2>Zagadnienia projektowe i kryteria wyboru<\/h2>\n<ul>\n<li>No\u015bno\u015b\u0107: Okre\u015bl maksymalne obci\u0105\u017cenie, jakie musi wytrzyma\u0107 si\u0142ownik hydrauliczny, a nast\u0119pnie wybierz odpowiedni rozmiar i typ si\u0142ownika.<\/li>\n<li>Uszczelnienie: Stosuj r\u00f3\u017cnorodne uszczelnienia, takie jak pier\u015bcienie uszczelniaj\u0105ce t\u0142oka i t\u0142oczyska, a tak\u017ce materia\u0142y odporne na zu\u017cycie, takie jak poliuretan i kauczuk nitrylowy. Precyzyjna obr\u00f3bka powierzchni korpusu cylindra i gwintowanej ko\u0144c\u00f3wki zwi\u0119ksza odporno\u015b\u0107 na zu\u017cycie.<\/li>\n<li>Trwa\u0142o\u015b\u0107: We\u017a pod uwag\u0119 \u015brodowisko pracy i wybierz materia\u0142y odporne na zu\u017cycie i korozj\u0119, aby wyd\u0142u\u017cy\u0107 okres eksploatacji.<\/li>\n<li>Bezpiecze\u0144stwo: Nale\u017cy upewni\u0107 si\u0119, \u017ce konstrukcja cylindra hydraulicznego spe\u0142nia odpowiednie normy i przepisy bezpiecze\u0144stwa.<\/li>\n<li>\u0141atwo\u015b\u0107 konserwacji: Nale\u017cy wzi\u0105\u0107 pod uwag\u0119 \u0142atwo\u015b\u0107 konserwacji i napraw, np. dost\u0119pno\u015b\u0107 cz\u0119\u015bci wymiennych, aby zminimalizowa\u0107 przestoje i obni\u017cy\u0107 koszty konserwacji.<\/li>\n<\/ul>\n<p><img decoding=\"async\" src=\"https:\/\/www.hydraulic-cylinders.net\/wp-content\/uploads\/2025\/01\/songte-oil-pipes-and-spare-parts.webp\"><\/p>\n<h2>Uszczelnianie i smarowanie<\/h2>\n<p>W cylindrze kube\u0142kowym stosowane s\u0105 r\u00f3\u017cne uszczelnienia, takie jak pier\u015bcienie uszczelniaj\u0105ce t\u0142oka i t\u0142oczyska. Uszczelnienia wykonane s\u0105 z materia\u0142\u00f3w odpornych na zu\u017cycie, takich jak poliuretan i kauczuk nitrylowy, co zwi\u0119ksza odporno\u015b\u0107 cylindra na zu\u017cycie. Korpus cylindra i gwintowana ko\u0144c\u00f3wka poddawane s\u0105 precyzyjnej obr\u00f3bce powierzchni w celu zwi\u0119kszenia trwa\u0142o\u015bci. Regularne smarowanie odpowiednim olejem hydraulicznym jest niezb\u0119dne dla zapewnienia p\u0142ynnej pracy cylindra.<\/p>\n<h2>Konserwacja i naprawa<\/h2>\n<p>Regularna konserwacja i przegl\u0105dy s\u0105 niezb\u0119dne dla wyd\u0142u\u017cenia \u017cywotno\u015bci si\u0142ownika hydraulicznego. Typowe czynno\u015bci konserwacyjne obejmuj\u0105 smarowanie, wymian\u0119 uszczelnie\u0144 i kontrol\u0119 kalibracji. Prawid\u0142owy monta\u017c, smarowanie i regulacja s\u0105 kluczowe podczas procesu instalacji, a zaleca si\u0119 stosowanie prawid\u0142owej metody osiowania i odpowiednich wspornik\u00f3w monta\u017cowych. Oferujemy zalecane procedury kontroli, naprawy i wymiany, a tak\u017ce cz\u0119\u015bci zamienne i us\u0142ugi regeneracji, aby wyd\u0142u\u017cy\u0107 \u017cywotno\u015b\u0107 si\u0142ownika \u0142y\u017cki.<\/p>\n<p><img decoding=\"async\" src=\"https:\/\/www.hydraulic-cylinders.net\/wp-content\/uploads\/2025\/01\/songte-bushings-with-all-kinds-of-excavator-models.webp\"><\/p>\n<h2>Zagadnienia bezpiecze\u0144stwa i czynniki \u015brodowiskowe<\/h2>\n<p>Podczas u\u017cytkowania cylindra kube\u0142kowego nale\u017cy przestrzega\u0107 odpowiednich protoko\u0142\u00f3w bezpiecze\u0144stwa, aby unikn\u0105\u0107 obra\u017ce\u0144 cia\u0142a lub uszkodzenia sprz\u0119tu. Kluczowe jest upewnienie si\u0119, \u017ce konstrukcja cylindra spe\u0142nia normy i przepisy bezpiecze\u0144stwa. Czynniki \u015brodowiskowe, takie jak temperatura i wilgotno\u015b\u0107, mog\u0105 wp\u0142ywa\u0107 na dzia\u0142anie cylindra i nale\u017cy je uwzgl\u0119dni\u0107 podczas projektowania i instalacji.<\/p>\n<h2>Rozwi\u0105zywanie problem\u00f3w i typowe problemy<\/h2>\n<ul>\n<li>Wyciek: Sprawd\u017a, czy uszczelki nie s\u0105 uszkodzone lub czy cz\u0119\u015bci nie s\u0105 zu\u017cyte. W razie konieczno\u015bci wymie\u0144 je.<\/li>\n<li>Powolna praca: Sprawd\u017a poziom i ci\u015bnienie p\u0142ynu hydraulicznego oraz upewnij si\u0119, \u017ce jest on prawid\u0142owo smarowany.<\/li>\n<li>Nadmierny ha\u0142as: Sprawd\u017a, czy nie ma lu\u017anych cz\u0119\u015bci lub zu\u017cytych podzespo\u0142\u00f3w i wymie\u0144 je w razie potrzeby.<\/li>\n<\/ul>\n<p>Dzia\u0142ania konserwacyjne mog\u0105 pom\u00f3c zminimalizowa\u0107 potencjalne problemy i zapewni\u0107 prawid\u0142owe dzia\u0142anie cylindra \u0142y\u017cki.<\/p>\n<h2>O naszej firmie<\/h2>\n<p>Jeste\u015bmy producentem zamiennych si\u0142ownik\u00f3w hydraulicznych, oferuj\u0105cym szerok\u0105 gam\u0119 produkt\u00f3w i staj\u0105c si\u0119 jednym z wiod\u0105cych producent\u00f3w i hurtowych dystrybutor\u00f3w si\u0142ownik\u00f3w hydraulicznych na rynku krajowym i mi\u0119dzynarodowym. Kierujemy si\u0119 strategi\u0105 doskona\u0142ej jako\u015bci i opieramy si\u0119 na przemys\u0142owym systemie zarz\u0105dzania produkcj\u0105, opartym na zaawansowanych warsztatach produkcyjnych, ci\u0105g\u0142ym doskonaleniu platformy produkcyjnej i podnoszeniu jako\u015bci linii produkcyjnej. Posiadamy wysokie zdolno\u015bci tworzenia produkt\u00f3w o wysokiej wydajno\u015bci, precyzji i jako\u015bci, spe\u0142niaj\u0105cych zr\u00f3\u017cnicowane potrzeby klient\u00f3w.<\/p>\n<ul>\n<li>Profesjonalizm: Posiadamy zesp\u00f3\u0142 do\u015bwiadczonych in\u017cynier\u00f3w i technik\u00f3w, kt\u00f3rych celem jest dostarczanie najlepszych produkt\u00f3w i us\u0142ug.<\/li>\n<li>Certyfikacja mi\u0119dzynarodowa: Uzyskali\u015bmy certyfikat ISO9001:2015 i CE, co gwarantuje, \u017ce nasze produkty spe\u0142niaj\u0105 mi\u0119dzynarodowe standardy jako\u015bci.<\/li>\n<li>Us\u0142ugi dostosowywania: Mo\u017cemy dostosowa\u0107 cylindry hydrauliczne do konkretnych wymaga\u0144 klienta.<\/li>\n<li>Sprz\u0119t produkcyjny: U\u017cywamy najnowocze\u015bniejszego sprz\u0119tu i technologii produkcyjnych, aby zagwarantowa\u0107 jako\u015b\u0107 naszych produkt\u00f3w.<\/li>\n<li>Serwis posprzeda\u017cowy: Zapewniamy kompleksowy serwis posprzeda\u017cowy, obejmuj\u0105cy konserwacj\u0119, naprawy i wymian\u0119.<\/li>\n<\/ul>\n<p><img decoding=\"async\" src=\"https:\/\/hzpt.com\/wp-content\/uploads\/2024\/11\/songte-company-1.webp\"><\/p>\n<p>Autor: lyl.<\/p>","protected":false},"excerpt":{"rendered":"<p>Bucket Cylinder For Caterpillar Small Excavator E302.7DCR Introduction A bucket cylinder is a hydraulic cylinder specially designed to control the movement of the bucket in heavy machinery such as excavators, backhoe loaders, and front loaders. Its main function is to enable the bucket to lift, lower, and tilt, making it easier to handle various material [&hellip;]<\/p>","protected":false},"featured_media":14789,"comment_status":"open","ping_status":"closed","template":"","meta":{"_et_pb_use_builder":"","_et_pb_old_content":"","_et_gb_content_width":""},"product_brand":[],"product_cat":[1494],"product_tag":[1495,1496],"class_list":{"0":"post-15207","1":"product","2":"type-product","3":"status-publish","4":"has-post-thumbnail","6":"product_cat-bucket-cylinders","7":"product_tag-bucket-cylinders","8":"product_tag-hydraulic-cylinders","10":"first","11":"instock","12":"shipping-taxable","13":"product-type-simple"},"amp_enabled":true,"_links":{"self":[{"href":"https:\/\/www.hydraulic-cylinders.net\/pl\/wp-json\/wp\/v2\/product\/15207","targetHints":{"allow":["GET"]}}],"collection":[{"href":"https:\/\/www.hydraulic-cylinders.net\/pl\/wp-json\/wp\/v2\/product"}],"about":[{"href":"https:\/\/www.hydraulic-cylinders.net\/pl\/wp-json\/wp\/v2\/types\/product"}],"replies":[{"embeddable":true,"href":"https:\/\/www.hydraulic-cylinders.net\/pl\/wp-json\/wp\/v2\/comments?post=15207"}],"wp:featuredmedia":[{"embeddable":true,"href":"https:\/\/www.hydraulic-cylinders.net\/pl\/wp-json\/wp\/v2\/media\/14789"}],"wp:attachment":[{"href":"https:\/\/www.hydraulic-cylinders.net\/pl\/wp-json\/wp\/v2\/media?parent=15207"}],"wp:term":[{"taxonomy":"product_brand","embeddable":true,"href":"https:\/\/www.hydraulic-cylinders.net\/pl\/wp-json\/wp\/v2\/product_brand?post=15207"},{"taxonomy":"product_cat","embeddable":true,"href":"https:\/\/www.hydraulic-cylinders.net\/pl\/wp-json\/wp\/v2\/product_cat?post=15207"},{"taxonomy":"product_tag","embeddable":true,"href":"https:\/\/www.hydraulic-cylinders.net\/pl\/wp-json\/wp\/v2\/product_tag?post=15207"}],"curies":[{"name":"wp","href":"https:\/\/api.w.org\/{rel}","templated":true}]}}