{"id":15215,"date":"2025-01-19T14:14:58","date_gmt":"2025-01-19T14:14:58","guid":{"rendered":"https:\/\/www.hydraulic-cylinders.net\/product\/bucket-cylinder-for-caterpillar-small-excavator-e307e\/"},"modified":"2025-01-19T14:14:59","modified_gmt":"2025-01-19T14:14:59","slug":"bucket-cylinder-for-caterpillar-small-excavator-e307e","status":"publish","type":"product","link":"https:\/\/www.hydraulic-cylinders.net\/pl\/produkt\/bucket-cylinder-for-caterpillar-small-excavator-e307e\/","title":{"rendered":"Si\u0142ownik \u0142y\u017cki do ma\u0142ej koparki Caterpillar E307E"},"content":{"rendered":"<h2>Si\u0142ownik \u0142y\u017cki do ma\u0142ej koparki Caterpillar E307E<\/h2>\n<h3>Wst\u0119p<\/h3>\n<p>Si\u0142ownik \u0142y\u017cki to specjalnie zaprojektowany si\u0142ownik hydrauliczny, u\u017cywany g\u0142\u00f3wnie do sterowania ruchem \u0142y\u017cki w ci\u0119\u017ckich maszynach, takich jak koparki, koparko-\u0142adowarki i \u0142adowarki czo\u0142owe. Jego g\u0142\u00f3wn\u0105 funkcj\u0105 jest umo\u017cliwienie podnoszenia, opuszczania i przechylania \u0142y\u017cki, u\u0142atwiaj\u0105c wykonywanie r\u00f3\u017cnych zada\u0144 zwi\u0105zanych z prze\u0142adunkiem materia\u0142\u00f3w. W uk\u0142adzie hydraulicznym si\u0142ownik \u0142y\u017cki zapewnia precyzyjn\u0105 kontrol\u0119 nad \u0142y\u017ck\u0105 poprzez zmiany ci\u015bnienia oleju hydraulicznego, umo\u017cliwiaj\u0105c operatorom wydajne przenoszenie ci\u0119\u017ckich przedmiot\u00f3w i dostosowanie si\u0119 do z\u0142o\u017conych warunk\u00f3w pracy oraz zr\u00f3\u017cnicowanych potrzeb operacyjnych.<\/p>\n<p><img decoding=\"async\" src=\"https:\/\/www.hydraulic-cylinders.net\/wp-content\/uploads\/2025\/01\/songte-company-2.webp\"><\/p>\n<h3>Cechy produktu<\/h3>\n<ul>\n<li>Wysoka wytrzyma\u0142o\u015b\u0107 i trwa\u0142o\u015b\u0107: Zazwyczaj wykonany jest z wysokowytrzyma\u0142ej stali lub aluminium, co pozwala na wytrzymanie du\u017cego ci\u015bnienia i du\u017cych obci\u0105\u017ce\u0144, jest przystosowany do trudnych warunk\u00f3w pracy oraz zaprojektowany z my\u015bl\u0105 o odporno\u015bci na zu\u017cycie i korozj\u0119, co wyd\u0142u\u017ca jego \u017cywotno\u015b\u0107.<\/li>\n<li>Wydajna praca uk\u0142adu hydraulicznego: wykorzystuje ci\u015bnienie oleju hydraulicznego do p\u0142ynnego rozci\u0105gania i kurczenia, szybko reaguje na polecenia operacyjne, zapewnia du\u017c\u0105 si\u0142\u0119 pchania i ci\u0105gni\u0119cia oraz nadaje si\u0119 do przenoszenia ci\u0119\u017ckich przedmiot\u00f3w i wykonywania skomplikowanych zada\u0144 operacyjnych.<\/li>\n<li>R\u00f3\u017cnorodne typy: Si\u0142owniki jednostronnego dzia\u0142ania (hydrauliczne dzia\u0142aj\u0105ce tylko w jednym kierunku) lub dwustronnego dzia\u0142ania (hydrauliczne dzia\u0142aj\u0105ce w obu kierunkach) mo\u017cna dobra\u0107 w zale\u017cno\u015bci od potrzeb, aby spe\u0142ni\u0107 zr\u00f3\u017cnicowane wymagania operacyjne. Niekt\u00f3re modele s\u0105 teleskopowe, co pozwala na wi\u0119ksze wysuni\u0119cie bez zwi\u0119kszania wymiar\u00f3w zewn\u0119trznych, dzi\u0119ki czemu nadaj\u0105 si\u0119 do zastosowa\u0144 w ograniczonej przestrzeni.<\/li>\n<li>\u0141atwa wymiana: Nasze produkty doskonale zast\u0119puj\u0105 te cylindry hydrauliczne.<\/li>\n<li>Mo\u017cliwo\u015b\u0107 dostosowania: Nasze produkty mo\u017cna dostosowa\u0107 do konkretnych potrzeb klient\u00f3w.<\/li>\n<\/ul>\n<p><img decoding=\"async\" src=\"https:\/\/www.hydraulic-cylinders.net\/wp-content\/uploads\/2025\/01\/songte-cylinder-head-with-all-kinds-excavator-models.webp\"><\/p>\n<h3>Aplikacje<\/h3>\n<p>Cylinder czerpakowy mo\u017ce by\u0107 szeroko stosowany w r\u00f3\u017cnych maszynach ci\u0119\u017ckich, w tym:<\/p>\n<ul>\n<li>Sprz\u0119t budowlany: Koparki, koparko-\u0142adowarki i \u0142adowarki czo\u0142owe wykorzystuj\u0105 si\u0142owniki \u0142y\u017cki do kopania, za\u0142adunku i przemieszczania gleby lub gruzu. W koparko-\u0142adowarkach si\u0142ownik \u0142y\u017cki pomaga zar\u00f3wno w wykopywaniu, jak i podnoszeniu.<\/li>\n<li>Maszyny rolnicze: U\u017cywane w \u0142adowarkach czo\u0142owych do nabierania, podnoszenia i transportu gleby, siana i innych materia\u0142\u00f3w. W koparkach si\u0142ownik \u0142y\u017cki umo\u017cliwia kopanie, pozwalaj\u0105c \u0142y\u017cce na penetracj\u0119 gleby. W \u0142adowarkach czo\u0142owych wspomagaj\u0105 one efektywne podnoszenie i przechylanie \u0142adunk\u00f3w.<\/li>\n<\/ul>\n<h3>Zagadnienia projektowe i kryteria wyboru<\/h3>\n<p>Przy projektowaniu cylindra kube\u0142kowego brane s\u0105 pod uwag\u0119 nast\u0119puj\u0105ce czynniki:<\/p>\n<ul>\n<li>No\u015bno\u015b\u0107: Cylinder musi wytrzymywa\u0107 wysokie ci\u015bnienie i du\u017ce obci\u0105\u017cenia.<\/li>\n<li>Uszczelnienie: R\u00f3\u017cne elementy uszczelniaj\u0105ce, takie jak uszczelnienia t\u0142oka i uszczelnienia t\u0142oczyska, nale\u017cy dobiera\u0107 w zale\u017cno\u015bci od zastosowania, aby zapewni\u0107 skuteczne uszczelnienie.<\/li>\n<li>Trwa\u0142o\u015b\u0107: Aby wyd\u0142u\u017cy\u0107 \u017cywotno\u015b\u0107 cylindra, nale\u017cy zadba\u0107 o jego konstrukcj\u0119, kt\u00f3ra b\u0119dzie odporna na zu\u017cycie i korozj\u0119.<\/li>\n<li>Bezpiecze\u0144stwo: Cylinder powinien by\u0107 zaprojektowany w spos\u00f3b zapobiegaj\u0105cy wypadkom i chroni\u0105cy operator\u00f3w przed obra\u017ceniami.<\/li>\n<li>Konserwacja: Cylinder powinien by\u0107 \u0142atwy w konserwacji i naprawie, gdy zajdzie taka potrzeba.<\/li>\n<\/ul>\n<p><img decoding=\"async\" src=\"https:\/\/www.hydraulic-cylinders.net\/wp-content\/uploads\/2025\/01\/songte-oil-pipes-and-spare-parts.webp\"><\/p>\n<h3>Uszczelnianie i smarowanie<\/h3>\n<p>W si\u0142owniku czerpakowym zastosowano r\u00f3\u017cne elementy uszczelniaj\u0105ce, takie jak uszczelnienia t\u0142oka i t\u0142oczyska, kt\u00f3re nale\u017cy dobra\u0107 w zale\u017cno\u015bci od zastosowania, aby zapewni\u0107 skuteczne uszczelnienie. Elementy uszczelniaj\u0105ce powinny by\u0107 wykonane z materia\u0142\u00f3w odpornych na zu\u017cycie, takich jak poliuretan i kauczuk nitrylowy. Korpus si\u0142ownika i gwintowana powierzchnia ko\u0144cowa powinny by\u0107 precyzyjnie obrobione, aby zwi\u0119kszy\u0107 odporno\u015b\u0107 na zu\u017cycie. Ponadto, regularne smarowanie olejem hydraulicznym jest niezb\u0119dne dla zapewnienia p\u0142ynnej pracy i wyd\u0142u\u017cenia \u017cywotno\u015bci produktu.<\/p>\n<h3>Konserwacja i naprawa<\/h3>\n<p>Regularna konserwacja i przegl\u0105dy cylindra \u0142y\u017cki s\u0105 niezb\u0119dne dla wyd\u0142u\u017cenia jego \u017cywotno\u015bci. Poni\u017cej przedstawiono typowe czynno\u015bci konserwacyjne:<\/p>\n<ul>\n<li>Regularna kontrola<\/li>\n<li>Prawid\u0142owe smarowanie<\/li>\n<li>Wymiana uszczelki<\/li>\n<li>Kontrola kalibracji<\/li>\n<\/ul>\n<p>Prawid\u0142owy monta\u017c jest r\u00f3wnie\u017c kluczowy dla zapewnienia optymalnej wydajno\u015bci cylindra. Poni\u017cej przedstawiono zalecane procedury monta\u017cu:<\/p>\n<ul>\n<li>Prawid\u0142owe ustawienie cylindra<\/li>\n<li>Zastosowanie odpowiednich wspornik\u00f3w monta\u017cowych w celu zabezpieczenia cylindra<\/li>\n<li>Regularna kontrola, naprawa i wymiana cz\u0119\u015bci<\/li>\n<\/ul>\n<p><img decoding=\"async\" src=\"https:\/\/www.hydraulic-cylinders.net\/wp-content\/uploads\/2025\/01\/songte-chushion-collar.webp\"><\/p>\n<h3>Zagadnienia bezpiecze\u0144stwa i czynniki \u015brodowiskowe<\/h3>\n<p>Podczas u\u017cytkowania cylindr\u00f3w czerpakowych wa\u017cne jest przestrzeganie \u015brodk\u00f3w bezpiecze\u0144stwa, takich jak noszenie sprz\u0119tu ochronnego i przestrzeganie w\u0142a\u015bciwych procedur operacyjnych, aby zapobiec wypadkom i zapewni\u0107 bezpiecze\u0144stwo pracownik\u00f3w. Ponadto, aby zapewni\u0107 optymaln\u0105 wydajno\u015b\u0107, nale\u017cy r\u00f3wnie\u017c uwzgl\u0119dni\u0107 czynniki \u015brodowiskowe, takie jak temperatura i wilgotno\u015b\u0107.<\/p>\n<h3>Rozwi\u0105zywanie problem\u00f3w i typowe problemy<\/h3>\n<p>Poni\u017cej przedstawiono typowe problemy, kt\u00f3re mog\u0105 wyst\u0105pi\u0107 podczas u\u017cytkowania cylindr\u00f3w kube\u0142kowych:<\/p>\n<ul>\n<li>Przeciek<\/li>\n<li>Klej\u0105cy<\/li>\n<li>Niska wydajno\u015b\u0107<\/li>\n<li>Nienormalny ha\u0142as<\/li>\n<\/ul>\n<p>Aby rozwi\u0105za\u0107 te problemy, zaleca si\u0119 sprawdzenie uszczelnie\u0144, smarowania i innych czynnik\u00f3w, kt\u00f3re mog\u0105 wp\u0142ywa\u0107 na dzia\u0142anie cylindra. Prawid\u0142owa konserwacja i przegl\u0105dy mog\u0105 r\u00f3wnie\u017c zmniejszy\u0107 prawdopodobie\u0144stwo wyst\u0105pienia tych problem\u00f3w.<\/p>\n<p><img decoding=\"async\" src=\"https:\/\/www.hydraulic-cylinders.net\/wp-content\/uploads\/2025\/01\/songte-bushings-with-all-kinds-of-excavator-models.webp\"><\/p>\n<h3>O naszej firmie<\/h3>\n<p>Nasza firma jest wiod\u0105cym producentem i hurtownikiem si\u0142ownik\u00f3w hydraulicznych na rynku krajowym i mi\u0119dzynarodowym. Kierujemy si\u0119 zasad\u0105 doskona\u0142ej jako\u015bci i opieramy si\u0119 na strategii zarz\u0105dzania produkcj\u0105 przemys\u0142ow\u0105 w wyspecjalizowanych warsztatach produkcyjnych. Stale udoskonalamy platform\u0119 produkcyjn\u0105 warsztatu, podnosimy jako\u015b\u0107 produkcji i dysponujemy silnym potencja\u0142em kreatywnym, aby sprosta\u0107 zr\u00f3\u017cnicowanym potrzebom klient\u00f3w. Nasze produkty s\u0105 personalizowane i mog\u0105 by\u0107 dostosowane do indywidualnych potrzeb klienta. Oferujemy profesjonalne i zindywidualizowane us\u0142ugi, a nasze produkty posiadaj\u0105 mi\u0119dzynarodowe certyfikaty. Wykorzystujemy wysokiej klasy sprz\u0119t do produkcji cyfrowej i profesjonalne systemy testowe, aby zapewni\u0107 najwy\u017csz\u0105 mo\u017cliw\u0105 jako\u015b\u0107 produktu. Oferujemy r\u00f3wnie\u017c us\u0142ugi konserwacji, napraw i regeneracji, aby wyd\u0142u\u017cy\u0107 \u017cywotno\u015b\u0107 naszych produkt\u00f3w. Jeste\u015bmy dumni z naszego zaanga\u017cowania w dostarczanie wysokiej jako\u015bci produkt\u00f3w i doskona\u0142ej obs\u0142ugi klienta.<\/p>\n<p><img decoding=\"async\" src=\"https:\/\/hzpt.com\/wp-content\/uploads\/2024\/11\/songte-company-1.webp\"><\/p>\n<p>Autor: lyl<\/p>","protected":false},"excerpt":{"rendered":"<p>Bucket Cylinder For Caterpillar Small Excavator E307E Introduction A bucket cylinder is a specially designed hydraulic cylinder primarily used to control the movement of buckets in heavy machinery such as excavators, backhoes, and front-end loaders. Its main function is to enable the bucket to lift, lower, and tilt, making it easier to perform various material [&hellip;]<\/p>","protected":false},"featured_media":14776,"comment_status":"open","ping_status":"closed","template":"","meta":{"_et_pb_use_builder":"","_et_pb_old_content":"","_et_gb_content_width":""},"product_brand":[],"product_cat":[1494],"product_tag":[1495,1496],"class_list":{"0":"post-15215","1":"product","2":"type-product","3":"status-publish","4":"has-post-thumbnail","6":"product_cat-bucket-cylinders","7":"product_tag-bucket-cylinders","8":"product_tag-hydraulic-cylinders","10":"first","11":"instock","12":"shipping-taxable","13":"product-type-simple"},"amp_enabled":true,"_links":{"self":[{"href":"https:\/\/www.hydraulic-cylinders.net\/pl\/wp-json\/wp\/v2\/product\/15215","targetHints":{"allow":["GET"]}}],"collection":[{"href":"https:\/\/www.hydraulic-cylinders.net\/pl\/wp-json\/wp\/v2\/product"}],"about":[{"href":"https:\/\/www.hydraulic-cylinders.net\/pl\/wp-json\/wp\/v2\/types\/product"}],"replies":[{"embeddable":true,"href":"https:\/\/www.hydraulic-cylinders.net\/pl\/wp-json\/wp\/v2\/comments?post=15215"}],"wp:featuredmedia":[{"embeddable":true,"href":"https:\/\/www.hydraulic-cylinders.net\/pl\/wp-json\/wp\/v2\/media\/14776"}],"wp:attachment":[{"href":"https:\/\/www.hydraulic-cylinders.net\/pl\/wp-json\/wp\/v2\/media?parent=15215"}],"wp:term":[{"taxonomy":"product_brand","embeddable":true,"href":"https:\/\/www.hydraulic-cylinders.net\/pl\/wp-json\/wp\/v2\/product_brand?post=15215"},{"taxonomy":"product_cat","embeddable":true,"href":"https:\/\/www.hydraulic-cylinders.net\/pl\/wp-json\/wp\/v2\/product_cat?post=15215"},{"taxonomy":"product_tag","embeddable":true,"href":"https:\/\/www.hydraulic-cylinders.net\/pl\/wp-json\/wp\/v2\/product_tag?post=15215"}],"curies":[{"name":"wp","href":"https:\/\/api.w.org\/{rel}","templated":true}]}}