{"id":15230,"date":"2025-01-19T14:16:10","date_gmt":"2025-01-19T14:16:10","guid":{"rendered":"https:\/\/www.hydraulic-cylinders.net\/product\/bucket-cylinder-for-caterpillar-middle-excavator-e240bl\/"},"modified":"2025-01-19T14:16:12","modified_gmt":"2025-01-19T14:16:12","slug":"bucket-cylinder-for-caterpillar-middle-excavator-e240bl","status":"publish","type":"product","link":"https:\/\/www.hydraulic-cylinders.net\/pl\/produkt\/bucket-cylinder-for-caterpillar-middle-excavator-e240bl\/","title":{"rendered":"Si\u0142ownik \u0142y\u017cki do koparki Caterpillar Middle Excavator E240BL"},"content":{"rendered":"<h1>Si\u0142ownik \u0142y\u017cki do koparki Caterpillar Middle Excavator E240BL<\/h1>\n<h2>Wst\u0119p<\/h2>\n<p>Si\u0142ownik \u0142y\u017cki to specjalnie zaprojektowany si\u0142ownik hydrauliczny s\u0142u\u017c\u0105cy do sterowania ruchem \u0142y\u017cki w maszynach ci\u0119\u017ckich, takich jak koparki, koparko-\u0142adowarki i \u0142adowarki czo\u0142owe. Jego g\u0142\u00f3wn\u0105 funkcj\u0105 jest umo\u017cliwienie podnoszenia, opuszczania i przechylania \u0142y\u017cki, u\u0142atwiaj\u0105c wykonywanie r\u00f3\u017cnych zada\u0144 zwi\u0105zanych z prze\u0142adunkiem materia\u0142\u00f3w. W uk\u0142adzie hydraulicznym si\u0142ownik \u0142y\u017cki zapewnia precyzyjn\u0105 kontrol\u0119 ruchu \u0142y\u017cki poprzez zmiany ci\u015bnienia oleju hydraulicznego, umo\u017cliwiaj\u0105c operatorom wydajne przenoszenie ci\u0119\u017ckich \u0142adunk\u00f3w i dostosowywanie si\u0119 do z\u0142o\u017conych warunk\u00f3w pracy oraz zr\u00f3\u017cnicowanych wymaga\u0144 operacyjnych.<\/p>\n<p><img decoding=\"async\" src=\"https:\/\/www.hydraulic-cylinders.net\/wp-content\/uploads\/2025\/01\/songte-company-2.webp\" alt=\"Obraz cylindra wiadra\"><\/p>\n<h2>Cechy<\/h2>\n<ul>\n<li>Wysoka wytrzyma\u0142o\u015b\u0107 i trwa\u0142o\u015b\u0107: Zazwyczaj wykonany z wytrzyma\u0142ej stali lub aluminium, wytrzymuje du\u017ce ci\u015bnienie i obci\u0105\u017cenia, jest przystosowany do trudnych warunk\u00f3w pracy, a tak\u017ce jest zaprojektowany z my\u015bl\u0105 o odporno\u015bci na zu\u017cycie i korozj\u0119, co wyd\u0142u\u017ca jego \u017cywotno\u015b\u0107.<\/li>\n<li>Wydajne dzia\u0142anie uk\u0142adu hydraulicznego: P\u0142ynne rozci\u0105ganie i kurczenie uzyskuje si\u0119 dzi\u0119ki wykorzystaniu ci\u015bnienia oleju hydraulicznego. Urz\u0105dzenie szybko reaguje na polecenia steruj\u0105ce, zapewniaj\u0105c du\u017ce si\u0142y pchania i ci\u0105gni\u0119cia, dzi\u0119ki czemu nadaje si\u0119 do przenoszenia ci\u0119\u017ckich \u0142adunk\u00f3w i wykonywania skomplikowanych zada\u0144.<\/li>\n<li>R\u00f3\u017cne typy: Si\u0142owniki jednostronnego dzia\u0142ania (hydrauliczne w jednym kierunku) lub dwustronnego dzia\u0142ania (hydrauliczne w dw\u00f3ch kierunkach) mo\u017cna dobra\u0107 w zale\u017cno\u015bci od wymaga\u0144, aby spe\u0142ni\u0107 zr\u00f3\u017cnicowane potrzeby operacyjne. Niekt\u00f3re modele s\u0105 teleskopowe, co pozwala na wi\u0119ksze wysuni\u0119cie bez zwi\u0119kszania wymiar\u00f3w zewn\u0119trznych, dzi\u0119ki czemu nadaj\u0105 si\u0119 do zastosowa\u0144 w ograniczonej przestrzeni.<\/li>\n<li>Nasz produkt mo\u017ce doskonale zast\u0105pi\u0107 tego typu si\u0142owniki hydrauliczne.<\/li>\n<\/ul>\n<p><img decoding=\"async\" src=\"https:\/\/www.hydraulic-cylinders.net\/wp-content\/uploads\/2025\/01\/songte-cylinder-head-with-all-kinds-excavator-models.webp\" alt=\"Obraz cylindra wiadra\"><\/p>\n<h2>Aplikacje<\/h2>\n<p>Cylinder czerpakowy stosowany jest w wielu maszynach ci\u0119\u017ckich:<\/p>\n<ul>\n<li>Sprz\u0119t budowlany: Jest niezb\u0119dny w koparkach do kopania, za\u0142adunku i przemieszczania gleby lub gruzu. W koparko-\u0142adowarkach si\u0142ownik \u0142y\u017cki pomaga zar\u00f3wno w wykopywaniu, jak i podnoszeniu. <\/li>\n<li>Maszyny rolnicze: Stosowane w \u0142adowarkach czo\u0142owych do nabierania, podnoszenia i transportu gleby, siana i innych materia\u0142\u00f3w. <\/li>\n<li>Koparki: Cylindry \u0142y\u017cki umo\u017cliwiaj\u0105 kopanie, pozwalaj\u0105c \u0142y\u017cce wnika\u0107 w gleb\u0119. <\/li>\n<li>\u0141adowarki: W \u0142adowarkach czo\u0142owych pomagaj\u0105 w efektywnym podnoszeniu i przechylaniu towar\u00f3w. <\/li>\n<\/ul>\n<h2>Zagadnienia projektowe i kryteria wyboru<\/h2>\n<p>Konstrukcja cylindra \u0142y\u017cki jest kluczowa dla zapewnienia jego niezawodnej pracy w trudnych warunkach. Poni\u017cej przedstawiono kilka kluczowych kwestii projektowych i kryteri\u00f3w wyboru:<\/p>\n<ul>\n<li>No\u015bno\u015b\u0107: Musi wytrzymywa\u0107 du\u017ce ci\u015bnienie i du\u017ce obci\u0105\u017cenia. <\/li>\n<li>Uszczelnienie: Elementy uszczelniaj\u0105ce musz\u0105 by\u0107 wysokiej jako\u015bci, takie jak uszczelki t\u0142okowe i uszczelki t\u0142oczysk, wykonane z materia\u0142\u00f3w odpornych na zu\u017cycie, takich jak poliuretan i kauczuk nitrylowy. <\/li>\n<li>Trwa\u0142o\u015b\u0107: Korpus cylindra i gwintowane powierzchnie ko\u0144cowe musz\u0105 zosta\u0107 poddane dok\u0142adnej obr\u00f3bce w celu zwi\u0119kszenia odporno\u015bci na zu\u017cycie. <\/li>\n<li>Bezpiecze\u0144stwo: Musi posiada\u0107 zabezpieczenia, takie jak zawory obej\u015bciowe i zawory bezpiecze\u0144stwa, aby zapobiec przeci\u0105\u017ceniu. <\/li>\n<li>\u0141atwo\u015b\u0107 konserwacji: cz\u0119\u015bci eksploatacyjne musz\u0105 by\u0107 \u0142atwe do wymiany, a konstrukcja musi umo\u017cliwia\u0107 \u0142atwy demonta\u017c w celu konserwacji. <\/li>\n<\/ul>\n<p><img decoding=\"async\" src=\"https:\/\/www.hydraulic-cylinders.net\/wp-content\/uploads\/2025\/01\/songte-oil-pipes-and-spare-parts.webp\" alt=\"Obraz cylindra wiadra\"><\/p>\n<h2>Uszczelnianie i smarowanie<\/h2>\n<p>Si\u0142ownik czerpakowy wymaga r\u00f3\u017cnych element\u00f3w uszczelniaj\u0105cych, aby zapobiec wyciekom oleju i zapewni\u0107 prawid\u0142owe smarowanie. Oto kilka wa\u017cnych punkt\u00f3w, kt\u00f3re nale\u017cy wzi\u0105\u0107 pod uwag\u0119:<\/p>\n<ul>\n<li>Stosuj r\u00f3\u017cne elementy uszczelniaj\u0105ce, takie jak uszczelnienia t\u0142okowe i uszczelnienia t\u0142oczyskowe<\/li>\n<li>Wybierz elementy uszczelniaj\u0105ce wykonane z materia\u0142\u00f3w odpornych na zu\u017cycie, takich jak poliuretan i kauczuk nitrylowy<\/li>\n<li>Upewnij si\u0119, \u017ce korpus cylindra i powierzchnie ko\u0144cowe gwintu s\u0105 dok\u0142adnie obrobione, aby zwi\u0119kszy\u0107 odporno\u015b\u0107 na zu\u017cycie<\/li>\n<li>Regularnie dodawaj odpowiedni olej hydrauliczny w celu smarowania<\/li>\n<\/ul>\n<h2>Konserwacja i naprawa<\/h2>\n<p>Si\u0142ownik \u0142y\u017cki wymaga regularnej kontroli i konserwacji zapobiegawczej, aby zapewni\u0107 jego optymaln\u0105 wydajno\u015b\u0107 i trwa\u0142o\u015b\u0107. Poni\u017cej przedstawiono kilka typowych czynno\u015bci konserwacyjnych:<\/p>\n<ul>\n<li>Regularna kontrola<\/li>\n<li>Prawid\u0142owe smarowanie<\/li>\n<li>Wymiana uszczelki<\/li>\n<li>Kontrola kalibracji<\/li>\n<\/ul>\n<p><img decoding=\"async\" src=\"https:\/\/www.hydraulic-cylinders.net\/wp-content\/uploads\/2025\/01\/songte-chushion-collar.webp\" alt=\"Obraz cylindra wiadra\"><\/p>\n<h2>Bezpiecze\u0144stwo i wzgl\u0119dy \u015brodowiskowe<\/h2>\n<p>Podczas u\u017cytkowania cylindra czerpakowego nale\u017cy podj\u0105\u0107 \u015brodki bezpiecze\u0144stwa, aby zapewni\u0107 bezpieczn\u0105 prac\u0119. Ponadto nale\u017cy wzi\u0105\u0107 pod uwag\u0119 wzgl\u0119dy \u015brodowiskowe, takie jak wyciek oleju.<\/p>\n<h2>Diagnostyka i typowe problemy<\/h2>\n<p>Poni\u017cej przedstawiono kilka typowych problem\u00f3w, kt\u00f3re mog\u0105 wyst\u0105pi\u0107 podczas u\u017cytkowania cylindra kube\u0142kowego:<\/p>\n<ul>\n<li>Wyciek oleju<\/li>\n<li>Niewystarczaj\u0105ce ci\u015bnienie<\/li>\n<li>Powolny ruch<\/li>\n<li>Nadmierne wibracje<\/li>\n<\/ul>\n<h2>Wprowadzenie do firmy<\/h2>\n<p>Jeste\u015bmy producentem cylindr\u00f3w hydraulicznych, kt\u00f3re mog\u0105 zast\u0105pi\u0107 oryginalne cylindry. Nasza oferta jest r\u00f3\u017cnorodna i stali\u015bmy si\u0119 jednym z wiod\u0105cych producent\u00f3w i hurtowych dystrybutor\u00f3w cylindr\u00f3w hydraulicznych na rynku krajowym i mi\u0119dzynarodowym. Kierujemy si\u0119 zasad\u0105 doskona\u0142ej jako\u015bci i opieramy si\u0119 na przemys\u0142owych strategiach zarz\u0105dzania produkcj\u0105 w precyzyjnie wyposa\u017conych warsztatach. Stale udoskonalamy nasze platformy produkcyjne i doskonalimy jako\u015b\u0107 naszych linii produkcyjnych, a tak\u017ce dysponujemy du\u017cym potencja\u0142em produkcyjnym. Zr\u00f3\u017cnicowane potrzeby naszych klient\u00f3w s\u0105 zaspokajane w oparciu o nasze zasady wysokiej wydajno\u015bci, precyzji i jako\u015bci.<\/p>\n<p>Nasza firma oferuje r\u00f3wnie\u017c us\u0142ugi dostosowane do indywidualnych potrzeb i posiada mi\u0119dzynarodowe certyfikaty, w tym ISO9001, ISO14001 oraz certyfikat CE. Dysponujemy profesjonalnym sprz\u0119tem produkcyjnym i serwisem posprzeda\u017cowym, obejmuj\u0105cym wymian\u0119 cz\u0119\u015bci zamiennych i us\u0142ugi regeneracji, co gwarantuje d\u0142ug\u0105 \u017cywotno\u015b\u0107 naszych produkt\u00f3w.<\/p>\n<p><img decoding=\"async\" src=\"https:\/\/hzpt.com\/wp-content\/uploads\/2024\/11\/songte-company-1.webp\" alt=\"Obraz cylindra wiadra\"><\/p>\n<p>Autor: lyl<\/p>","protected":false},"excerpt":{"rendered":"<p>Bucket Cylinder For Caterpillar Middle Excavator E240BL Introduction A bucket cylinder is a specially designed hydraulic cylinder used to control the movement of buckets in heavy-duty machinery such as excavators, backhoes, and front loaders. Its main function is to enable the bucket to perform lifting, lowering, and tilting actions, making it easier to handle various [&hellip;]<\/p>","protected":false},"featured_media":14776,"comment_status":"open","ping_status":"closed","template":"","meta":{"_et_pb_use_builder":"","_et_pb_old_content":"","_et_gb_content_width":""},"product_brand":[],"product_cat":[1494],"product_tag":[1495,1496],"class_list":{"0":"post-15230","1":"product","2":"type-product","3":"status-publish","4":"has-post-thumbnail","6":"product_cat-bucket-cylinders","7":"product_tag-bucket-cylinders","8":"product_tag-hydraulic-cylinders","10":"first","11":"instock","12":"shipping-taxable","13":"product-type-simple"},"amp_enabled":true,"_links":{"self":[{"href":"https:\/\/www.hydraulic-cylinders.net\/pl\/wp-json\/wp\/v2\/product\/15230","targetHints":{"allow":["GET"]}}],"collection":[{"href":"https:\/\/www.hydraulic-cylinders.net\/pl\/wp-json\/wp\/v2\/product"}],"about":[{"href":"https:\/\/www.hydraulic-cylinders.net\/pl\/wp-json\/wp\/v2\/types\/product"}],"replies":[{"embeddable":true,"href":"https:\/\/www.hydraulic-cylinders.net\/pl\/wp-json\/wp\/v2\/comments?post=15230"}],"wp:featuredmedia":[{"embeddable":true,"href":"https:\/\/www.hydraulic-cylinders.net\/pl\/wp-json\/wp\/v2\/media\/14776"}],"wp:attachment":[{"href":"https:\/\/www.hydraulic-cylinders.net\/pl\/wp-json\/wp\/v2\/media?parent=15230"}],"wp:term":[{"taxonomy":"product_brand","embeddable":true,"href":"https:\/\/www.hydraulic-cylinders.net\/pl\/wp-json\/wp\/v2\/product_brand?post=15230"},{"taxonomy":"product_cat","embeddable":true,"href":"https:\/\/www.hydraulic-cylinders.net\/pl\/wp-json\/wp\/v2\/product_cat?post=15230"},{"taxonomy":"product_tag","embeddable":true,"href":"https:\/\/www.hydraulic-cylinders.net\/pl\/wp-json\/wp\/v2\/product_tag?post=15230"}],"curies":[{"name":"wp","href":"https:\/\/api.w.org\/{rel}","templated":true}]}}