{"id":15231,"date":"2025-01-19T14:16:14","date_gmt":"2025-01-19T14:16:14","guid":{"rendered":"https:\/\/www.hydraulic-cylinders.net\/product\/bucket-cylinder-for-caterpillar-middle-excavator-e320c-320d\/"},"modified":"2025-01-19T14:16:16","modified_gmt":"2025-01-19T14:16:16","slug":"bucket-cylinder-for-caterpillar-middle-excavator-e320c-320d","status":"publish","type":"product","link":"https:\/\/www.hydraulic-cylinders.net\/pl\/produkt\/bucket-cylinder-for-caterpillar-middle-excavator-e320c-320d\/","title":{"rendered":"Si\u0142ownik \u0142y\u017cki do koparki Caterpillar Middle Excavator E320C\/320D"},"content":{"rendered":"<h1>Si\u0142ownik \u0142y\u017cki do koparki Caterpillar Middle Excavator E320C\/320D<\/h1>\n<h2>Wst\u0119p<\/h2>\n<h3>Definicja<\/h3>\n<p>Si\u0142ownik \u0142y\u017cki to specjalnie zaprojektowany si\u0142ownik hydrauliczny, u\u017cywany g\u0142\u00f3wnie do sterowania ruchem \u0142y\u017cki w ci\u0119\u017ckich maszynach, takich jak koparki, koparko-\u0142adowarki i \u0142adowarki czo\u0142owe. Jego g\u0142\u00f3wn\u0105 funkcj\u0105 jest umo\u017cliwienie podnoszenia, opuszczania i przechylania \u0142y\u017cki, u\u0142atwiaj\u0105c wykonywanie r\u00f3\u017cnych zada\u0144 zwi\u0105zanych z prze\u0142adunkiem materia\u0142\u00f3w. W uk\u0142adzie hydraulicznym si\u0142ownik \u0142y\u017cki zapewnia precyzyjn\u0105 kontrol\u0119 nad \u0142y\u017ck\u0105 poprzez zmiany ci\u015bnienia oleju hydraulicznego, umo\u017cliwiaj\u0105c operatorowi wydajne przenoszenie ci\u0119\u017ckich \u0142adunk\u00f3w i dostosowywanie si\u0119 do z\u0142o\u017conych warunk\u00f3w pracy oraz zr\u00f3\u017cnicowanych wymaga\u0144.<\/p>\n<p><img decoding=\"async\" src=\"https:\/\/www.hydraulic-cylinders.net\/wp-content\/uploads\/2025\/01\/songte-company-2.webp\"\/><\/p>\n<h3>Cechy<\/h3>\n<ul>\n<li><strong>Wysoka wytrzyma\u0142o\u015b\u0107 i trwa\u0142o\u015b\u0107:<\/strong> Zazwyczaj wykonane z wysokowytrzyma\u0142ej stali lub aluminium, odporne na wysokie ci\u015bnienie i du\u017ce obci\u0105\u017cenia, dostosowane do trudnych warunk\u00f3w pracy. Zaprojektowane z uwzgl\u0119dnieniem odporno\u015bci na zu\u017cycie i korozj\u0119, co wyd\u0142u\u017ca \u017cywotno\u015b\u0107.<\/li>\n<li><strong>Wydajna praca uk\u0142adu hydraulicznego:<\/strong> Wykorzystuje ci\u015bnienie oleju hydraulicznego w celu uzyskania p\u0142ynnego wysuwania i wsuwania, mo\u017ce szybko reagowa\u0107 na polecenia steruj\u0105ce, zapewniaj\u0105c du\u017c\u0105 si\u0142\u0119 trakcyjn\u0105 i pchania, nadaje si\u0119 do obs\u0142ugi ci\u0119\u017ckich \u0142adunk\u00f3w i wykonywania skomplikowanych zada\u0144.<\/li>\n<li><strong>Wiele typ\u00f3w:<\/strong> W zale\u017cno\u015bci od potrzeb mo\u017cna wybra\u0107 si\u0142owniki jednostronnego dzia\u0142ania (hydrauliczne dzia\u0142aj\u0105ce tylko w jednym kierunku) lub dwustronnego dzia\u0142ania (hydrauliczne dzia\u0142aj\u0105ce w dw\u00f3ch kierunkach). Niekt\u00f3re modele s\u0105 teleskopowe, co pozwala na wi\u0119ksze wysuni\u0119cie bez zwi\u0119kszania wymiar\u00f3w zewn\u0119trznych, co sprawdza si\u0119 w zastosowaniach o ograniczonej przestrzeni.<\/li>\n<li><strong>Szerokie zastosowanie:<\/strong> Cylindry czerpakowe s\u0105 powszechnie stosowane w sprz\u0119cie budowlanym, maszynach rolniczych, koparkach i \u0142adowarkach, zapewniaj\u0105c niezb\u0119dne wsparcie podczas kopania, \u0142adowania i transportu gleby, siana i innych materia\u0142\u00f3w.<\/li>\n<li><strong>Wymienny:<\/strong> Nasze produkty doskonale zast\u0119puj\u0105 si\u0142owniki hydrauliczne, zapewniaj\u0105c ekonomiczn\u0105 alternatyw\u0119.<\/li>\n<\/ul>\n<p><img decoding=\"async\" src=\"https:\/\/www.hydraulic-cylinders.net\/wp-content\/uploads\/2025\/01\/songte-cylinder-head-with-all-kinds-excavator-models.webp\"\/><\/p>\n<h2>Aplikacje<\/h2>\n<h3>Sprz\u0119t budowlany<\/h3>\n<p>W koparkach cylindry \u0142y\u017cki s\u0105 niezb\u0119dne do kopania, za\u0142adunku i przemieszczania gleby lub gruzu. W koparko-\u0142adowarkach cylindry \u0142y\u017cki wspomagaj\u0105 zar\u00f3wno kopanie, jak i podnoszenie. W \u0142adowarkach czo\u0142owych wspomagaj\u0105 efektywne podnoszenie i przechylanie \u0142adunku.<\/p>\n<h3>Maszyny rolnicze<\/h3>\n<p>Stosowany w \u0142adowarkach czo\u0142owych do nabierania, podnoszenia i transportu ziemi, siana i innych materia\u0142\u00f3w. W koparkach si\u0142ownik \u0142y\u017cki umo\u017cliwia kopanie poprzez zag\u0142\u0119bianie si\u0119 \u0142y\u017cki w gleb\u0119. Nadaje si\u0119 do r\u00f3\u017cnych zastosowa\u0144 rolniczych.<\/p>\n<h3>Koparki<\/h3>\n<p>Cylindry czerpakowe s\u0142u\u017c\u0105 do kopania, za\u0142adunku i transportu gleby, \u017cwiru i innych materia\u0142\u00f3w. Cylindry czerpakowe umo\u017cliwiaj\u0105 penetracj\u0119 gleby, umo\u017cliwiaj\u0105c wydobycie materia\u0142u.<\/p>\n<h3>\u0141adowarki<\/h3>\n<p>W \u0142adowarkach czo\u0142owych u\u0142atwiaj\u0105 podnoszenie i przechylanie \u0142adunk\u00f3w. Nadaj\u0105 si\u0119 do za\u0142adunku i roz\u0142adunku materia\u0142\u00f3w w r\u00f3\u017cnych ga\u0142\u0119ziach przemys\u0142u.<\/p>\n<p><img decoding=\"async\" src=\"https:\/\/www.hydraulic-cylinders.net\/wp-content\/uploads\/2025\/01\/songte-bushings-with-all-kinds-of-excavator-models.webp\"\/><\/p>\n<h2>Zagadnienia projektowe i kryteria wyboru<\/h2>\n<h3>No\u015bno\u015b\u0107<\/h3>\n<p>No\u015bno\u015b\u0107 si\u0142ownika hydraulicznego odnosi si\u0119 do maksymalnego obci\u0105\u017cenia, jakie si\u0142ownik mo\u017ce ud\u017awign\u0105\u0107. Jest ona okre\u015blana przez \u015brednic\u0119 wewn\u0119trzn\u0105 si\u0142ownika, \u015brednic\u0119 t\u0142oczyska i d\u0142ugo\u015b\u0107 skoku. Konstrukcja si\u0142ownika hydraulicznego musi zapewnia\u0107 jego wytrzyma\u0142o\u015b\u0107 na wymagane obci\u0105\u017cenie.<\/p>\n<h3>Opiecz\u0119towanie<\/h3>\n<p>Technologia uszczelnienia si\u0142ownika hydraulicznego decyduje o jego \u017cywotno\u015bci i niezawodno\u015bci. Zastosowanie wysokiej jako\u015bci materia\u0142\u00f3w uszczelniaj\u0105cych, takich jak poliuretan i kauczuk nitrylowy, pozwala skutecznie zmniejszy\u0107 zu\u017cycie i wyd\u0142u\u017cy\u0107 \u017cywotno\u015b\u0107 si\u0142ownika.<\/p>\n<h3>Trwa\u0142o\u015b\u0107<\/h3>\n<p>Trwa\u0142o\u015b\u0107 cylindra hydraulicznego zale\u017cy od materia\u0142\u00f3w i obr\u00f3bki powierzchni zastosowanych w jego konstrukcji. Korpus cylindra i t\u0142oczysko s\u0105 zazwyczaj wykonane z wysokiej jako\u015bci stali, a obr\u00f3bka powierzchni mo\u017ce poprawi\u0107 odporno\u015b\u0107 na zu\u017cycie i korozj\u0119.<\/p>\n<h3>Bezpiecze\u0144stwo<\/h3>\n<p>Si\u0142owniki hydrauliczne musz\u0105 by\u0107 projektowane z uwzgl\u0119dnieniem bezpiecze\u0144stwa, aby zapobiec wypadkom spowodowanym awari\u0105 cylindra. Uk\u0142ad hydrauliczny musi by\u0107 zaprojektowany tak, aby uwalnia\u0107 nadmierne ci\u015bnienie, a konstrukcja si\u0142ownika hydraulicznego powinna zapewnia\u0107 odpowiedni wsp\u00f3\u0142czynnik bezpiecze\u0144stwa, aby wytrzyma\u0107 ewentualne przeci\u0105\u017cenia.<\/p>\n<h3>Konserwacja<\/h3>\n<p>Si\u0142ownik hydrauliczny wymaga regularnej konserwacji, aby zapewni\u0107 jego prawid\u0142owe dzia\u0142anie. Regularne kontrole, prawid\u0142owe smarowanie, wymiana uszczelek i kontrole kalibracji s\u0105 niezb\u0119dne dla zapewnienia d\u0142ugiej \u017cywotno\u015bci si\u0142ownika.<\/p>\n<p><img decoding=\"async\" src=\"https:\/\/hydraulic-cylinders.net\/wp-content\/uploads\/2024\/11\/songte-oil-pipes-and-spare-parts.webp\"\/><\/p>\n<h2>Instalacja i konserwacja<\/h2>\n<h3>Instalacja<\/h3>\n<p>Prawid\u0142owy monta\u017c jest niezb\u0119dny do prawid\u0142owego dzia\u0142ania si\u0142ownik\u00f3w hydraulicznych. Si\u0142ownik hydrauliczny musi by\u0107 prawid\u0142owo wyosiowany, a do jego zabezpieczenia nale\u017cy u\u017cy\u0107 odpowiednich uchwyt\u00f3w monta\u017cowych. Prawid\u0142owe wyosiowanie mo\u017cna uzyska\u0107 za pomoc\u0105 poziomicy lub pionu. <\/p>\n<h3>Konserwacja<\/h3>\n<p>Regularne przegl\u0105dy, prawid\u0142owe smarowanie i wymiana uszczelek s\u0105 niezb\u0119dne do utrzymania \u017cywotno\u015bci si\u0142ownika hydraulicznego. Prawid\u0142owa konserwacja mo\u017ce pom\u00f3c zapobiec awariom i wyd\u0142u\u017cy\u0107 \u017cywotno\u015b\u0107 si\u0142ownika.<\/p>\n<h3>Konserwacja zapobiegawcza<\/h3>\n<ul>\n<li><strong>Regularna kontrola:<\/strong> Aby sprawdzi\u0107, czy na cylindrze i jego elementach nie wida\u0107 \u015blad\u00f3w zu\u017cycia lub uszkodze\u0144.<\/li>\n<li><strong>W\u0142a\u015bciwe smarowanie:<\/strong> Aby zapewni\u0107 prawid\u0142owe dzia\u0142anie cylindra, nale\u017cy regularnie smarowa\u0107 ruchome cz\u0119\u015bci zalecanym olejem hydraulicznym.<\/li>\n<li><strong>Wymiana uszczelki:<\/strong> Aby zapobiec wyciekom i zapewni\u0107 niezawodno\u015b\u0107, nale\u017cy wymienia\u0107 uszczelki zgodnie z zaleceniami producenta.<\/li>\n<\/ul>\n<p><img decoding=\"async\" src=\"https:\/\/www.hydraulic-cylinders.net\/wp-content\/uploads\/2025\/01\/songte-chushion-collar.webp\"\/><\/p>\n<h2>Bezpiecze\u0144stwo i wzgl\u0119dy \u015brodowiskowe<\/h2>\n<p>Podczas pracy z cylindrami hydraulicznymi nale\u017cy zachowa\u0107 odpowiednie \u015brodki bezpiecze\u0144stwa. Aby zapobiec wypadkom, konieczne jest przestrzeganie odpowiednich procedur obs\u0142ugi, monta\u017cu i konserwacji cylindra. Prawid\u0142owe obchodzenie si\u0119 z olejem hydraulicznym i innymi elementami cylindra hydraulicznego oraz ich utylizacja s\u0105 r\u00f3wnie\u017c kluczowe ze wzgl\u0119du na ochron\u0119 \u015brodowiska.<\/p>\n<h2>Diagnostyka usterek i rozwi\u0105zywanie problem\u00f3w<\/h2>\n<p>W przypadku awarii si\u0142ownika hydraulicznego, wa\u017cne jest prawid\u0142owe zdiagnozowanie problemu i podj\u0119cie odpowiednich dzia\u0142a\u0144. Typowe problemy to nieszczelno\u015bci, uszkodzenia korpusu lub t\u0142oczyska si\u0142ownika oraz awaria zaworu steruj\u0105cego. Prawid\u0142owa diagnoza mo\u017ce pom\u00f3c w ustaleniu przyczyny problemu i znalezieniu odpowiedniego rozwi\u0105zania.<\/p>\n<h2>Wprowadzenie do firmy<\/h2>\n<p>Jeste\u015bmy producentem zamiennych cylindr\u00f3w hydraulicznych. Dzi\u0119ki kompletnej ofercie produkt\u00f3w stali\u015bmy si\u0119 jednym z wiod\u0105cych producent\u00f3w i hurtowych dystrybutor\u00f3w cylindr\u00f3w hydraulicznych na rynku krajowym i mi\u0119dzynarodowym. Kierujemy si\u0119 zasad\u0105 doskona\u0142ej jako\u015bci i opieramy si\u0119 na strategii zarz\u0105dzania produkcj\u0105 przemys\u0142ow\u0105 w naszych wyspecjalizowanych warsztatach produkcyjnych. Stale udoskonalamy platform\u0119 produkcyjn\u0105 warsztatu, doskonalimy proces produkcji i posiadamy silne zdolno\u015bci kreatywne w zakresie wysokiej wydajno\u015bci, precyzji i jako\u015bci, aby sprosta\u0107 zr\u00f3\u017cnicowanym potrzebom naszych klient\u00f3w. <\/p>\n<h3>Profesjonalizm<\/h3>\n<p>Nasza firma dysponuje profesjonalnym zespo\u0142em badawczo-rozwojowym i zaawansowanym sprz\u0119tem produkcyjnym, co pozwala nam zagwarantowa\u0107 jako\u015b\u0107 naszych produkt\u00f3w i sprosta\u0107 potrzebom naszych klient\u00f3w.<\/p>\n<h3>Mi\u0119dzynarodowa Certyfikacja<\/h3>\n<p>Nasze produkty uzyska\u0142y mi\u0119dzynarodowe certyfikaty jako\u015bci, takie jak ISO9001, CE i ROHS, co gwarantuje, \u017ce nasze produkty spe\u0142niaj\u0105 mi\u0119dzynarodowe standardy i cechuj\u0105 si\u0119 doskona\u0142\u0105 jako\u015bci\u0105.<\/p>\n<h3>Us\u0142ugi personalizacji<\/h3>\n<p>Oferujemy us\u0142ugi w zakresie produkcji cylindr\u00f3w hydraulicznych dostosowanych do indywidualnych potrzeb naszych klient\u00f3w. Potrafimy zaprojektowa\u0107 i wyprodukowa\u0107 cylindry hydrauliczne spe\u0142niaj\u0105ce ich specyficzne wymagania.<\/p>\n<h3>Sprz\u0119t produkcyjny<\/h3>\n<p>Nasza firma dysponuje zaawansowanym sprz\u0119tem produkcyjnym, takim jak tokarki CNC, szlifierki CNC i frezarki CNC, kt\u00f3re zapewniaj\u0105 dok\u0142adno\u015b\u0107 i jako\u015b\u0107 naszych produkt\u00f3w.<\/p>\n<h3>Us\u0142ugi posprzeda\u017cowe<\/h3>\n<p>Oferujemy us\u0142ugi posprzeda\u017cowe, takie jak wymiana cz\u0119\u015bci i us\u0142ugi regeneracji, aby pom\u00f3c klientom w wydajnej i skutecznej konserwacji i naprawie cylindr\u00f3w hydraulicznych.<\/p>\n<p><img decoding=\"async\" src=\"https:\/\/www.hydraulic-cylinders.net\/wp-content\/uploads\/2025\/01\/songte-company-3.webp\"\/><\/p>\n<p>Autor: lyl<\/p>","protected":false},"excerpt":{"rendered":"<p>Bucket Cylinder For Caterpillar Middle Excavator E320C\/320D Introduction Definition A bucket cylinder is a specially designed hydraulic cylinder primarily used to control the movement of the bucket in heavy machinery such as excavators, backhoes, and front loaders. Its main function is to enable the bucket to lift, lower, and tilt, making it easier to handle [&hellip;]<\/p>","protected":false},"featured_media":14773,"comment_status":"open","ping_status":"closed","template":"","meta":{"_et_pb_use_builder":"","_et_pb_old_content":"","_et_gb_content_width":""},"product_brand":[],"product_cat":[1494],"product_tag":[1495,1496],"class_list":{"0":"post-15231","1":"product","2":"type-product","3":"status-publish","4":"has-post-thumbnail","6":"product_cat-bucket-cylinders","7":"product_tag-bucket-cylinders","8":"product_tag-hydraulic-cylinders","10":"first","11":"instock","12":"shipping-taxable","13":"product-type-simple"},"amp_enabled":true,"_links":{"self":[{"href":"https:\/\/www.hydraulic-cylinders.net\/pl\/wp-json\/wp\/v2\/product\/15231","targetHints":{"allow":["GET"]}}],"collection":[{"href":"https:\/\/www.hydraulic-cylinders.net\/pl\/wp-json\/wp\/v2\/product"}],"about":[{"href":"https:\/\/www.hydraulic-cylinders.net\/pl\/wp-json\/wp\/v2\/types\/product"}],"replies":[{"embeddable":true,"href":"https:\/\/www.hydraulic-cylinders.net\/pl\/wp-json\/wp\/v2\/comments?post=15231"}],"wp:featuredmedia":[{"embeddable":true,"href":"https:\/\/www.hydraulic-cylinders.net\/pl\/wp-json\/wp\/v2\/media\/14773"}],"wp:attachment":[{"href":"https:\/\/www.hydraulic-cylinders.net\/pl\/wp-json\/wp\/v2\/media?parent=15231"}],"wp:term":[{"taxonomy":"product_brand","embeddable":true,"href":"https:\/\/www.hydraulic-cylinders.net\/pl\/wp-json\/wp\/v2\/product_brand?post=15231"},{"taxonomy":"product_cat","embeddable":true,"href":"https:\/\/www.hydraulic-cylinders.net\/pl\/wp-json\/wp\/v2\/product_cat?post=15231"},{"taxonomy":"product_tag","embeddable":true,"href":"https:\/\/www.hydraulic-cylinders.net\/pl\/wp-json\/wp\/v2\/product_tag?post=15231"}],"curies":[{"name":"wp","href":"https:\/\/api.w.org\/{rel}","templated":true}]}}