{"id":15233,"date":"2025-01-19T14:16:23","date_gmt":"2025-01-19T14:16:23","guid":{"rendered":"https:\/\/www.hydraulic-cylinders.net\/product\/bucket-cylinder-for-caterpillar-middle-excavator-e33202\/"},"modified":"2025-01-19T14:16:25","modified_gmt":"2025-01-19T14:16:25","slug":"bucket-cylinder-for-caterpillar-middle-excavator-e33202","status":"publish","type":"product","link":"https:\/\/www.hydraulic-cylinders.net\/pl\/produkt\/bucket-cylinder-for-caterpillar-middle-excavator-e33202\/","title":{"rendered":"Si\u0142ownik \u0142y\u017cki do koparki Caterpillar Middle E33202"},"content":{"rendered":"<h1>Si\u0142ownik \u0142y\u017cki do koparki Caterpillar Middle E33202<\/h1>\n<h2>Wst\u0119p<\/h2>\n<h3>Definicja i wyja\u015bnienie<\/h3>\n<p>Si\u0142ownik \u0142y\u017cki do koparki Caterpillar Middle Excavator E33202 to specjalistyczny si\u0142ownik hydrauliczny, u\u017cywany g\u0142\u00f3wnie do sterowania ruchem \u0142y\u017cek w ci\u0119\u017ckich maszynach, takich jak koparki, koparko-\u0142adowarki i \u0142adowarki czo\u0142owe. Jego g\u0142\u00f3wn\u0105 funkcj\u0105 jest podnoszenie, opuszczanie i przechylanie \u0142y\u017cki, co u\u0142atwia wykonywanie r\u00f3\u017cnych zada\u0144 zwi\u0105zanych z prze\u0142adunkiem materia\u0142\u00f3w. W uk\u0142adzie hydraulicznym si\u0142ownik \u0142y\u017cki zapewnia precyzyjn\u0105 kontrol\u0119 nad \u0142y\u017ck\u0105 poprzez zmiany ci\u015bnienia oleju hydraulicznego, umo\u017cliwiaj\u0105c operatorom wydajne przenoszenie du\u017cych \u0142adunk\u00f3w, adaptacj\u0119 do z\u0142o\u017conych warunk\u00f3w pracy i zr\u00f3\u017cnicowanych wymaga\u0144 operacyjnych.<\/p>\n<div>\n    <img decoding=\"async\" src=\"https:\/\/www.hydraulic-cylinders.net\/wp-content\/uploads\/2025\/01\/songte-company-2.webp\" alt=\"Si\u0142ownik \u0142y\u017cki do koparki Caterpillar Middle E33202\">\n<\/div>\n<h2>Cechy produktu<\/h2>\n<h3>Wysoka wytrzyma\u0142o\u015b\u0107 i trwa\u0142o\u015b\u0107<\/h3>\n<p>Cylindry czerpakowe s\u0105 zazwyczaj wykonane z wysokowytrzyma\u0142ej stali lub aluminium, dzi\u0119ki czemu wytrzymuj\u0105 du\u017ce ci\u015bnienia i obci\u0105\u017cenia, s\u0105 dostosowane do trudnych warunk\u00f3w pracy oraz zaprojektowane z my\u015bl\u0105 o odporno\u015bci na zu\u017cycie i korozj\u0119, co wyd\u0142u\u017ca ich \u017cywotno\u015b\u0107.<\/p>\n<h3>Wydajne operacje hydrauliczne<\/h3>\n<p>Cylindry czerpakowe wykorzystuj\u0105 ci\u015bnienie oleju hydraulicznego w celu zapewnienia p\u0142ynnych ruch\u00f3w rozci\u0105gania i kurczenia, szybko reaguj\u0105 na polecenia steruj\u0105ce, generuj\u0105c du\u017ce si\u0142y pchania i ci\u0105gni\u0119cia, a tak\u017ce nadaj\u0105 si\u0119 do przenoszenia ci\u0119\u017ckich \u0142adunk\u00f3w i wykonywania skomplikowanych zada\u0144 operacyjnych.<\/p>\n<h3>Wiele typ\u00f3w<\/h3>\n<p>Si\u0142owniki czerpakowe mog\u0105 by\u0107 jednostronnego dzia\u0142ania (wykorzystuj\u0105ce hydraulik\u0119 tylko w jednym kierunku) lub dwustronnego dzia\u0142ania (wykorzystuj\u0105ce hydraulik\u0119 w obu kierunkach), w zale\u017cno\u015bci od potrzeb operacyjnych. Niekt\u00f3re modele s\u0105 teleskopowe, co pozwala na wi\u0119ksze wysuni\u0119cie bez zwi\u0119kszania wymiar\u00f3w zewn\u0119trznych, dzi\u0119ki czemu nadaj\u0105 si\u0119 do stosowania w ograniczonych przestrzeniach.<\/p>\n<h3>Produkcja produktu<\/h3>\n<p>Mo\u017cemy wyprodukowa\u0107 ten produkt i nasz produkt mo\u017ce doskonale zast\u0105pi\u0107 te cylindry hydrauliczne.<\/p>\n<div>\n    <img decoding=\"async\" src=\"https:\/\/www.hydraulic-cylinders.net\/wp-content\/uploads\/2025\/01\/songte-cylinder-head-with-all-kinds-excavator-models.webp\" alt=\"Si\u0142ownik \u0142y\u017cki do koparki Caterpillar Middle Excavator E33202 Produkcja\">\n<\/div>\n<h2>Scenariusze zastosowa\u0144<\/h2>\n<h3>Sprz\u0119t budowlany<\/h3>\n<p>W koparkach s\u0105 one niezb\u0119dne do kopania, za\u0142adunku i przemieszczania gleby lub gruzu. W koparko-\u0142adowarkach cylindry \u0142y\u017cki wspomagaj\u0105 zar\u00f3wno kopanie, jak i podnoszenie. W \u0142adowarkach czo\u0142owych u\u0142atwiaj\u0105 sprawne wysypywanie i przesypywanie materia\u0142\u00f3w.<\/p>\n<h3>Maszyny rolnicze<\/h3>\n<p>Stosowany w \u0142adowarkach czo\u0142owych do podnoszenia i transportu ziemi, siana i innych materia\u0142\u00f3w.<\/p>\n<h3>Koparki<\/h3>\n<p>Cylindry \u0142y\u017cki umo\u017cliwiaj\u0105 kopanie poprzez umo\u017cliwienie \u0142y\u017cce penetracji gleby.<\/p>\n<h3>\u0141adowarki<\/h3>\n<p>W \u0142adowarkach czo\u0142owych pomagaj\u0105 w wydajnym podnoszeniu i wysypywaniu towar\u00f3w.<\/p>\n<div>\n    <img decoding=\"async\" src=\"https:\/\/www.hydraulic-cylinders.net\/wp-content\/uploads\/2025\/01\/songte-bushings-with-all-kinds-of-excavator-models.webp\" alt=\"Si\u0142ownik \u0142y\u017cki do koparki Caterpillar Middle Excavator E33202 Scenariusze zastosowa\u0144\">\n<\/div>\n<h2>Zagadnienia projektowe i kryteria wyboru<\/h2>\n<h3>No\u015bno\u015b\u0107<\/h3>\n<p>Si\u0142ownik \u0142y\u017cki musi by\u0107 tak zaprojektowany, aby wytrzyma\u0142 maksymaln\u0105 si\u0142\u0119 dzia\u0142aj\u0105c\u0105 na niego podczas pracy.<\/p>\n<h3>Opiecz\u0119towanie<\/h3>\n<p>Zastosowanie r\u00f3\u017cnorodnych element\u00f3w uszczelniaj\u0105cych, takich jak uszczelnienia t\u0142oczysk i t\u0142oczysk, wykonanych z materia\u0142\u00f3w odpornych na zu\u017cycie, takich jak poliuretan i kauczuk nitrylowy, zapewnia d\u0142u\u017csz\u0105 \u017cywotno\u015b\u0107. Powierzchnia korpusu cylindra i gwintowana ko\u0144c\u00f3wka s\u0105 poddawane starannej obr\u00f3bce w celu zwi\u0119kszenia odporno\u015bci na zu\u017cycie. Regularne uzupe\u0142nianie odpowiedni\u0105 ilo\u015bci\u0105 oleju hydraulicznego zapewnia p\u0142ynn\u0105 prac\u0119.<\/p>\n<h3>Trwa\u0142o\u015b\u0107<\/h3>\n<p>Cylinder \u0142y\u017cki powinien by\u0107 wykonany z materia\u0142\u00f3w o wysokiej wytrzyma\u0142o\u015bci, odpornych na korozj\u0119, zu\u017cycie i trudne warunki otoczenia, aby zapewni\u0107 d\u0142ugoterminow\u0105 trwa\u0142o\u015b\u0107 i niezawodno\u015b\u0107.<\/p>\n<h3>Bezpiecze\u0144stwo<\/h3>\n<p>Cylindry czerpakowe powinny by\u0107 zaprojektowane i zamontowane w spos\u00f3b zapewniaj\u0105cy bezpiecze\u0144stwo operatora, a awaria nie powinna spowodowa\u0107 obra\u017ce\u0144 personelu lub obra\u017ce\u0144 maszyn.<\/p>\n<h3>Konserwacja<\/h3>\n<p>Regularna konserwacja i przegl\u0105dy, obejmuj\u0105ce smarowanie, wymian\u0119 uszczelek i kontrole kalibracji, zapewniaj\u0105 d\u0142ugowieczno\u015b\u0107 i optymaln\u0105 wydajno\u015b\u0107 si\u0142ownika \u0142y\u017cki.<\/p>\n<div>\n    <img decoding=\"async\" src=\"https:\/\/www.hydraulic-cylinders.net\/wp-content\/uploads\/2025\/01\/songte-oil-pipes-and-spare-parts.webp\" alt=\"Si\u0142ownik \u0142y\u017cki do koparki Caterpillar E33202 \u2013 rozwa\u017cania projektowe i kryteria wyboru\">\n<\/div>\n<h2>Uszczelnianie i smarowanie<\/h2>\n<p>Si\u0142owniki kube\u0142kowe wykorzystuj\u0105 r\u00f3\u017cnorodne elementy uszczelniaj\u0105ce, aby zapewni\u0107 niezawodno\u015b\u0107. Uszczelnienia t\u0142oka i t\u0142oczyska s\u0105 zazwyczaj wykonane z materia\u0142\u00f3w odpornych na zu\u017cycie, takich jak poliuretan i kauczuk nitrylowy. Korpus cylindra i gwintowana ko\u0144c\u00f3wka s\u0105 poddawane starannej obr\u00f3bce w celu zwi\u0119kszenia odporno\u015bci na zu\u017cycie. Regularne uzupe\u0142nianie odpowiedni\u0105 ilo\u015bci\u0105 oleju hydraulicznego zapewnia p\u0142ynn\u0105 prac\u0119.<\/p>\n<div>\n    <img decoding=\"async\" src=\"https:\/\/www.hydraulic-cylinders.net\/wp-content\/uploads\/2025\/01\/songte-chushion-collar.webp\" alt=\"Si\u0142ownik \u0142y\u017cki do koparki Caterpillar Middle Excavator E33202 Uszczelnienie i smarowanie\">\n<\/div>\n<h2>\u015arodki zapobiegawcze i konserwacyjne<\/h2>\n<h3>Regularna kontrola<\/h3>\n<p>Regularna kontrola cylindra \u0142y\u017cki pozwala na szybkie wykrycie i rozwi\u0105zanie wszelkich problem\u00f3w.<\/p>\n<h3>Odpowiednie smarowanie<\/h3>\n<p>Prawid\u0142owe smarowanie cylindra \u0142y\u017cki zapewnia p\u0142ynn\u0105 prac\u0119 i wyd\u0142u\u017ca \u017cywotno\u015b\u0107 cylindra.<\/p>\n<h3>Wymiana uszczelki i kontrola kalibracji<\/h3>\n<p>Wymiana zu\u017cytych element\u00f3w uszczelniaj\u0105cych i kalibracja cylindra zapewniaj\u0105 optymaln\u0105 wydajno\u015b\u0107 i d\u0142ugowieczno\u015b\u0107.<\/p>\n<p>Podczas monta\u017cu wa\u017cne jest prawid\u0142owe ustawienie cylindra i u\u017cycie odpowiednich uchwyt\u00f3w monta\u017cowych do jego zabezpieczenia. Zalecane procedury kontroli, naprawy i wymiany, a tak\u017ce us\u0142ugi regeneracji, zawieraj\u0105 wskaz\u00f3wki dotycz\u0105ce wyd\u0142u\u017cenia \u017cywotno\u015bci cylindra kube\u0142kowego.<\/p>\n<div>\n    <img decoding=\"async\" src=\"https:\/\/hzpt.com\/wp-content\/uploads\/2024\/11\/songte-company-1.webp\" alt=\"Si\u0142ownik \u0142y\u017cki do koparki Caterpillar Middle Excavator E33202 \u015arodki zapobiegawcze i naprawcze\">\n<\/div>\n<h2>Zagadnienia bezpiecze\u0144stwa i czynniki \u015brodowiskowe<\/h2>\n<p>Podczas u\u017cywania cylindr\u00f3w czerpakowych nale\u017cy podj\u0105\u0107 \u015brodki bezpiecze\u0144stwa, aby zapobiec obra\u017ceniom personelu lub maszyn. Nale\u017cy podkre\u015bli\u0107 znaczenie stosowania \u015brodk\u00f3w bezpiecze\u0144stwa podczas u\u017cytkowania produktu.<\/p>\n<h2>Diagnostyka awarii i typowe problemy<\/h2>\n<p>Si\u0142owniki kube\u0142kowe mog\u0105 napotyka\u0107 na r\u00f3\u017cne problemy podczas eksploatacji, takie jak wycieki oleju, niedostateczne ci\u015bnienie i uszkodzenia mechaniczne. Prawid\u0142owa diagnostyka i rozwi\u0105zywanie problem\u00f3w s\u0105 niezb\u0119dne do identyfikacji i rozwi\u0105zania takich problem\u00f3w. Regularna konserwacja i przegl\u0105dy minimalizuj\u0105 ryzyko wyst\u0105pienia potencjalnych problem\u00f3w.<\/p>\n<div>\n    <img decoding=\"async\" src=\"https:\/\/www.hydraulic-cylinders.net\/wp-content\/uploads\/2025\/01\/songte-company-3.webp\" alt=\"Si\u0142ownik \u0142y\u017cki do koparki Caterpillar Middle Excavator E33202 Przedstawienie firmy\">\n<\/div>\n<h2>Wprowadzenie do firmy<\/h2>\n<p>Jeste\u015bmy producentem zamiennych cylindr\u00f3w hydraulicznych, a nasza oferta obejmuje pe\u0142en asortyment, co czyni nas jednym z wiod\u0105cych producent\u00f3w i hurtowych dystrybutor\u00f3w cylindr\u00f3w hydraulicznych na rynku krajowym i mi\u0119dzynarodowym. Przestrzegamy zasady doskona\u0142ej jako\u015bci, opieramy si\u0119 na zindustrializowanych strategiach zarz\u0105dzania produkcj\u0105 w precyzyjnie dopracowanych warsztatach produkcyjnych, stale udoskonalamy nasz\u0105 platform\u0119 produkcyjn\u0105, doskonalimy jako\u015b\u0107 naszej linii produkcyjnej i posiadamy silne zdolno\u015bci kreatywne, aby sprosta\u0107 zr\u00f3\u017cnicowanym potrzebom naszych klient\u00f3w, zapewniaj\u0105c wysok\u0105 wydajno\u015b\u0107, precyzj\u0119 i przestrzegaj\u0105c zasad jako\u015bci.<\/p>\n<p>Oferujemy us\u0142ugi dostosowane do indywidualnych potrzeb i posiadamy mi\u0119dzynarodowe certyfikaty. Wykorzystujemy zaawansowany sprz\u0119t produkcyjny i dysponujemy profesjonalnym zespo\u0142em obs\u0142ugi posprzeda\u017cowej, aby zapewni\u0107 naszym klientom wysokiej jako\u015bci produkty i us\u0142ugi.<\/p>\n<div>\n    <img decoding=\"async\" src=\"https:\/\/www.hydraulic-cylinders.net\/wp-content\/uploads\/2025\/01\/songte-company-3.webp\" alt=\"Si\u0142ownik \u0142y\u017cki do koparki Caterpillar Middle Excavator E33202 Przedstawienie firmy\">\n<\/div>\n<p>Autor: lyl.<\/p>","protected":false},"excerpt":{"rendered":"<p>Bucket Cylinder For Caterpillar Middle Excavator E33202 Introduction Definition and Explanation A Bucket Cylinder for Caterpillar Middle Excavator E33202 is a specialized hydraulic cylinder primarily used to control the movement of buckets in heavy machinery, such as excavators, backhoe excavators, and front-end loaders. Its main function is to enable the bucket to lift, lower, and [&hellip;]<\/p>","protected":false},"featured_media":14769,"comment_status":"open","ping_status":"closed","template":"","meta":{"_et_pb_use_builder":"","_et_pb_old_content":"","_et_gb_content_width":""},"product_brand":[],"product_cat":[1494],"product_tag":[1495,1496],"class_list":{"0":"post-15233","1":"product","2":"type-product","3":"status-publish","4":"has-post-thumbnail","6":"product_cat-bucket-cylinders","7":"product_tag-bucket-cylinders","8":"product_tag-hydraulic-cylinders","10":"first","11":"instock","12":"shipping-taxable","13":"product-type-simple"},"amp_enabled":true,"_links":{"self":[{"href":"https:\/\/www.hydraulic-cylinders.net\/pl\/wp-json\/wp\/v2\/product\/15233","targetHints":{"allow":["GET"]}}],"collection":[{"href":"https:\/\/www.hydraulic-cylinders.net\/pl\/wp-json\/wp\/v2\/product"}],"about":[{"href":"https:\/\/www.hydraulic-cylinders.net\/pl\/wp-json\/wp\/v2\/types\/product"}],"replies":[{"embeddable":true,"href":"https:\/\/www.hydraulic-cylinders.net\/pl\/wp-json\/wp\/v2\/comments?post=15233"}],"wp:featuredmedia":[{"embeddable":true,"href":"https:\/\/www.hydraulic-cylinders.net\/pl\/wp-json\/wp\/v2\/media\/14769"}],"wp:attachment":[{"href":"https:\/\/www.hydraulic-cylinders.net\/pl\/wp-json\/wp\/v2\/media?parent=15233"}],"wp:term":[{"taxonomy":"product_brand","embeddable":true,"href":"https:\/\/www.hydraulic-cylinders.net\/pl\/wp-json\/wp\/v2\/product_brand?post=15233"},{"taxonomy":"product_cat","embeddable":true,"href":"https:\/\/www.hydraulic-cylinders.net\/pl\/wp-json\/wp\/v2\/product_cat?post=15233"},{"taxonomy":"product_tag","embeddable":true,"href":"https:\/\/www.hydraulic-cylinders.net\/pl\/wp-json\/wp\/v2\/product_tag?post=15233"}],"curies":[{"name":"wp","href":"https:\/\/api.w.org\/{rel}","templated":true}]}}