{"id":15235,"date":"2025-01-19T14:16:31","date_gmt":"2025-01-19T14:16:31","guid":{"rendered":"https:\/\/www.hydraulic-cylinders.net\/product\/bucket-cylinder-for-caterpillar-middle-excavator-e300-300b\/"},"modified":"2025-01-19T14:16:33","modified_gmt":"2025-01-19T14:16:33","slug":"bucket-cylinder-for-caterpillar-middle-excavator-e300-300b","status":"publish","type":"product","link":"https:\/\/www.hydraulic-cylinders.net\/pl\/produkt\/bucket-cylinder-for-caterpillar-middle-excavator-e300-300b\/","title":{"rendered":"Si\u0142ownik \u0142y\u017cki do koparki Caterpillar Middle Excavator E300\/300B"},"content":{"rendered":"<h1>Si\u0142ownik \u0142y\u017cki do koparki Caterpillar Middle Excavator E300\/300B<\/h1>\n<h2>Wst\u0119p<\/h2>\n<p>Si\u0142ownik \u0142y\u017cki do koparki Caterpillar E300\/300B to specjalnie zaprojektowany si\u0142ownik hydrauliczny, kt\u00f3ry s\u0142u\u017cy g\u0142\u00f3wnie do sterowania ruchem \u0142y\u017cki w ci\u0119\u017ckich maszynach, takich jak koparki, koparko-\u0142adowarki i \u0142adowarki czo\u0142owe. Jego g\u0142\u00f3wn\u0105 funkcj\u0105 jest podnoszenie, opuszczanie i przechylanie \u0142y\u017cki, u\u0142atwiaj\u0105c wykonywanie r\u00f3\u017cnych zada\u0144 zwi\u0105zanych z prze\u0142adunkiem materia\u0142\u00f3w. W uk\u0142adzie hydraulicznym si\u0142ownik \u0142y\u017cki zapewnia precyzyjn\u0105 kontrol\u0119 nad \u0142y\u017ck\u0105 poprzez regulacj\u0119 ci\u015bnienia oleju hydraulicznego, umo\u017cliwiaj\u0105c operatorom wydajne przenoszenie ci\u0119\u017ckich \u0142adunk\u00f3w i dostosowanie si\u0119 do z\u0142o\u017conych warunk\u00f3w pracy oraz zr\u00f3\u017cnicowanych wymaga\u0144 operacyjnych.<\/p>\n<p><img decoding=\"async\" src=\"https:\/\/www.hydraulic-cylinders.net\/wp-content\/uploads\/2025\/01\/songte-company-2.webp\" alt=\"Obraz cylindra wiadra\"><\/p>\n<h2>Cechy<\/h2>\n<ul>\n<li>Wysoka wytrzyma\u0142o\u015b\u0107 i trwa\u0142o\u015b\u0107: Zazwyczaj wykonany z wysokowytrzyma\u0142ej stali lub aluminium, si\u0142ownik \u0142y\u017cki wytrzymuje wysokie ci\u015bnienie i du\u017ce obci\u0105\u017cenia, dostosowuj\u0105c si\u0119 do trudnych warunk\u00f3w pracy. Jego konstrukcja uwzgl\u0119dnia odporno\u015b\u0107 na zu\u017cycie i korozj\u0119, co wyd\u0142u\u017ca jego \u017cywotno\u015b\u0107.<\/li>\n<li>Wydajna praca uk\u0142adu hydraulicznego: Wykorzystuj\u0105c ci\u015bnienie oleju hydraulicznego, si\u0142ownik \u0142y\u017cki zapewnia p\u0142ynne wysuwanie i wsuwanie, co pozwala na szybk\u0105 reakcj\u0119 na polecenia steruj\u0105ce i generuje du\u017ce si\u0142y pchania i ci\u0105gni\u0119cia, dzi\u0119ki czemu nadaje si\u0119 do przenoszenia ci\u0119\u017ckich \u0142adunk\u00f3w i wykonywania skomplikowanych zada\u0144 operacyjnych.<\/li>\n<li>R\u00f3\u017cne typy: Si\u0142ownik czerpakowy mo\u017ce by\u0107 jednostronnego dzia\u0142ania (hydrauliczny tylko w jednym kierunku) lub dwustronnego dzia\u0142ania (hydrauliczny w obu kierunkach), aby spe\u0142ni\u0107 r\u00f3\u017cne wymagania operacyjne. Niekt\u00f3re modele s\u0105 teleskopowe, co pozwala na wi\u0119ksze wysuni\u0119cie bez zwi\u0119kszania wymiar\u00f3w zewn\u0119trznych, dzi\u0119ki czemu nadaj\u0105 si\u0119 do zastosowa\u0144 w ograniczonej przestrzeni.<\/li>\n<li>Idealna wymiana: Nasze produkty mog\u0105 idealnie zast\u0105pi\u0107 te cylindry hydrauliczne.<\/li>\n<\/ul>\n<p><img decoding=\"async\" src=\"https:\/\/www.hydraulic-cylinders.net\/wp-content\/uploads\/2025\/01\/songte-cylinder-head-with-all-kinds-excavator-models.webp\" alt=\"Obraz produktu\"><\/p>\n<h2>Aplikacje<\/h2>\n<ul>\n<li>Sprz\u0119t budowlany: Znajduj\u0105 si\u0119 w koparkach i s\u0105 niezb\u0119dne do wykop\u00f3w, za\u0142adunku i przemieszczania gleby lub gruzu. W koparko-\u0142adowarkach si\u0142ownik \u0142y\u017cki wspomaga zar\u00f3wno kopanie, jak i podnoszenie.<\/li>\n<li>Maszyny rolnicze: Stosowane w \u0142adowarkach czo\u0142owych, pomagaj\u0105 w nabieraniu, podnoszeniu i transporcie gleby, siana i innych materia\u0142\u00f3w.<\/li>\n<li>Koparki: Cylinder \u0142y\u017cki umo\u017cliwia kopanie poprzez umo\u017cliwienie \u0142y\u017cce wnikania w gleb\u0119.<\/li>\n<li>\u0141adowarki: W \u0142adowarkach czo\u0142owych pomagaj\u0105 w wydajnym podnoszeniu i wysypywaniu towar\u00f3w.<\/li>\n<\/ul>\n<h2>Zagadnienia projektowe i kryteria wyboru<\/h2>\n<ul>\n<li>No\u015bno\u015b\u0107: Cylinder \u0142y\u017cki jest zaprojektowany tak, aby wytrzyma\u0107 okre\u015blone wymagania dotycz\u0105ce obci\u0105\u017cenia.<\/li>\n<li>Uszczelnienie: Aby zapewni\u0107 odpowiednie uszczelnienie i zapobiec przeciekom, stosuje si\u0119 r\u00f3\u017cne elementy uszczelniaj\u0105ce, takie jak uszczelki t\u0142okowe i uszczelki t\u0142oczyskowe.<\/li>\n<li>Trwa\u0142o\u015b\u0107: Cylinder \u0142y\u017cki zaprojektowano tak, aby wytrzymywa\u0142 trudne warunki pracy i zapewnia\u0142 d\u0142ugotrwa\u0142\u0105 wydajno\u015b\u0107.<\/li>\n<li>Bezpiecze\u0144stwo: W celu zapobie\u017cenia przeci\u0105\u017ceniu i zagwarantowania bezpiecznej pracy zastosowano funkcje bezpiecze\u0144stwa, takie jak zawory bezpiecze\u0144stwa.<\/li>\n<li>\u0141atwo\u015b\u0107 konserwacji: Konstrukcja pozwala na \u0142atw\u0105 konserwacj\u0119 i napraw\u0119, minimalizuj\u0105c przestoje.<\/li>\n<\/ul>\n<p><img decoding=\"async\" src=\"https:\/\/www.hydraulic-cylinders.net\/wp-content\/uploads\/2025\/01\/songte-oil-pipes-and-spare-parts.webp\" alt=\"Obraz produktu\"><\/p>\n<h2>Uszczelnianie i smarowanie<\/h2>\n<p>W cylindrze czerpakowym zastosowano r\u00f3\u017cnorodne elementy uszczelniaj\u0105ce, takie jak uszczelnienia t\u0142oka i t\u0142oczyska, wykonane z materia\u0142\u00f3w odpornych na zu\u017cycie, takich jak poliuretan i kauczuk nitrylowy. Korpus cylindra i gwintowane ko\u0144c\u00f3wki s\u0105 precyzyjnie obrobione w celu zwi\u0119kszenia odporno\u015bci na zu\u017cycie. Regularne smarowanie odpowiednim olejem hydraulicznym jest niezb\u0119dne dla zapewnienia p\u0142ynnej pracy.<\/p>\n<h2>Inspekcja i konserwacja zapobiegawcza<\/h2>\n<ul>\n<li>Regularnie sprawdzaj cylinder \u0142y\u017cki pod k\u0105tem uszkodze\u0144, przeciek\u00f3w lub zu\u017cycia.<\/li>\n<li>Zapewnij w\u0142a\u015bciwe smarowanie cylindra i jego podzespo\u0142\u00f3w.<\/li>\n<li>Wymie\u0144 uszczelki i inne zu\u017cyte cz\u0119\u015bci, aby zachowa\u0107 optymaln\u0105 wydajno\u015b\u0107.<\/li>\n<\/ul>\n<h2>Przewodnik instalacji<\/h2>\n<p>Prawid\u0142owy monta\u017c si\u0142ownika \u0142y\u017cki ma kluczowe znaczenie dla jego wydajno\u015bci i trwa\u0142o\u015bci. Post\u0119puj zgodnie z poni\u017cszymi wskaz\u00f3wkami:<\/p>\n<ul>\n<li>Podczas monta\u017cu nale\u017cy prawid\u0142owo ustawi\u0107 cylinder.<\/li>\n<li>Do zabezpieczenia cylindra nale\u017cy u\u017cy\u0107 odpowiednich wspornik\u00f3w monta\u017cowych.<\/li>\n<\/ul>\n<p><img decoding=\"async\" src=\"https:\/\/www.hydraulic-cylinders.net\/wp-content\/uploads\/2025\/01\/songte-chushion-collar.webp\" alt=\"Obraz produktu\"><\/p>\n<h2>Zadania konserwacyjne<\/h2>\n<p>Do typowych zada\u0144 konserwacyjnych cylindra kube\u0142kowego nale\u017c\u0105:<\/p>\n<ul>\n<li>Regularne kontrole<\/li>\n<li>Prawid\u0142owe smarowanie<\/li>\n<li>Wymiana uszczelek<\/li>\n<li>Kontrole kalibracji<\/li>\n<\/ul>\n<p>Nale\u017cy podkre\u015bli\u0107 znaczenie prawid\u0142owej instalacji, smarowania i regulacji. Zapewnienie odpowiednich wskaz\u00f3wek dotycz\u0105cych ustawienia cylindra podczas instalacji jest niezb\u0119dne. Nale\u017cy przedstawi\u0107 zalecane procedury kontroli, naprawy i wymiany, aby wyd\u0142u\u017cy\u0107 \u017cywotno\u015b\u0107 cylindra czerpakowego. Nale\u017cy r\u00f3wnie\u017c udzieli\u0107 wskaz\u00f3wek dotycz\u0105cych wymiany podzespo\u0142\u00f3w i us\u0142ug regeneracyjnych, aby wyd\u0142u\u017cy\u0107 \u017cywotno\u015b\u0107 produktu.<\/p>\n<p><img decoding=\"async\" src=\"https:\/\/www.hydraulic-cylinders.net\/wp-content\/uploads\/2025\/01\/songte-bushings-with-all-kinds-of-excavator-models.webp\" alt=\"Obraz produktu\"><\/p>\n<h2>Zagadnienia bezpiecze\u0144stwa i czynniki \u015brodowiskowe<\/h2>\n<p>Podczas u\u017cywania cylindra czerpakowego nale\u017cy przestrzega\u0107 \u015brodk\u00f3w bezpiecze\u0144stwa, aby zapobiec wypadkom i zapewni\u0107 bezpieczn\u0105 obs\u0142ug\u0119.<\/p>\n<h2>Rozwi\u0105zywanie problem\u00f3w i typowe problemy<\/h2>\n<p>Zidentyfikuj i opisz typowe problemy, kt\u00f3re mog\u0105 wyst\u0105pi\u0107 w cylindrze \u0142y\u017cki. Podaj wskaz\u00f3wki i rozwi\u0105zania dotycz\u0105ce rozwi\u0105zywania problem\u00f3w, aby pom\u00f3c czytelnikom w diagnozowaniu i rozwi\u0105zywaniu problem\u00f3w. Zaproponuj \u015brodki zapobiegawcze w celu zminimalizowania potencjalnych problem\u00f3w.<\/p>\n<p><img decoding=\"async\" src=\"https:\/\/hzpt.com\/wp-content\/uploads\/2024\/11\/songte-company-1.webp\" alt=\"Obraz produktu\"><\/p>\n<h2>O naszej firmie<\/h2>\n<p>We are a leading manufacturer and wholesale distributor of hydraulic cylinders in the domestic and international markets. Our extensive product range and commitment to excellence have made us one of the industry&#8217;s top hydraulic cylinder manufacturers and wholesalers. We follow a strategy of industrialized production management, relying on a refined manufacturing workshop, advanced digital manufacturing equipment, and professional testing systems to continuously improve our manufacturing platform and product quality production lines. With a strong ability to innovate, we aim to meet diverse customer needs with high efficiency, precision, and quality.<\/p>\n<p><img decoding=\"async\" src=\"https:\/\/www.hydraulic-cylinders.net\/wp-content\/uploads\/2025\/01\/songte-company-3.webp\" alt=\"Wizerunek firmy\"><\/p>\n<h3>Profesjonalizm<\/h3>\n<p>Mamy zesp\u00f3\u0142 wykwalifikowanych specjalist\u00f3w, kt\u00f3rzy dbaj\u0105 o zachowanie najwy\u017cszych standard\u00f3w jako\u015bci w ca\u0142ym procesie produkcyjnym.<\/p>\n<h3>Certyfikaty mi\u0119dzynarodowe<\/h3>\n<p>Nasze produkty spe\u0142niaj\u0105 mi\u0119dzynarodowe standardy jako\u015bci i bezpiecze\u0144stwa, co gwarantuje niezawodno\u015b\u0107 i zadowolenie klienta.<\/p>\n<h3>Us\u0142ugi personalizacji<\/h3>\n<p>Oferujemy us\u0142ugi dostosowywania do indywidualnych potrzeb klient\u00f3w i dostarczamy rozwi\u0105zania dostosowane do ich potrzeb.<\/p>\n<h3>Sprz\u0119t produkcyjny<\/h3>\n<p>Wykorzystujemy najnowocze\u015bniejszy sprz\u0119t produkcyjny, aby zagwarantowa\u0107 precyzj\u0119 i wydajno\u015b\u0107 na ka\u017cdym etapie wytwarzania.<\/p>\n<h3>Serwis posprzeda\u017cowy<\/h3>\n<p>Zapewniamy kompleksow\u0105 obs\u0142ug\u0119 posprzeda\u017cow\u0105 i wsparcie, aby pom\u00f3c klientom w przypadku jakichkolwiek pyta\u0144 lub w\u0105tpliwo\u015bci.<\/p>\n<p>Autor: lyl<\/p>","protected":false},"excerpt":{"rendered":"<p>Bucket Cylinder For Caterpillar Middle Excavator E300\/300B Introduction The bucket cylinder for Caterpillar middle excavator E300\/300B is a specially designed hydraulic cylinder that is primarily used to control the movement of the bucket in heavy machinery such as excavators, backhoe loaders, and front-end loaders. Its main function is to allow the bucket to lift, lower, [&hellip;]<\/p>","protected":false},"featured_media":14762,"comment_status":"open","ping_status":"closed","template":"","meta":{"_et_pb_use_builder":"","_et_pb_old_content":"","_et_gb_content_width":""},"product_brand":[],"product_cat":[1494],"product_tag":[1495,1496],"class_list":{"0":"post-15235","1":"product","2":"type-product","3":"status-publish","4":"has-post-thumbnail","6":"product_cat-bucket-cylinders","7":"product_tag-bucket-cylinders","8":"product_tag-hydraulic-cylinders","10":"first","11":"instock","12":"shipping-taxable","13":"product-type-simple"},"amp_enabled":true,"_links":{"self":[{"href":"https:\/\/www.hydraulic-cylinders.net\/pl\/wp-json\/wp\/v2\/product\/15235","targetHints":{"allow":["GET"]}}],"collection":[{"href":"https:\/\/www.hydraulic-cylinders.net\/pl\/wp-json\/wp\/v2\/product"}],"about":[{"href":"https:\/\/www.hydraulic-cylinders.net\/pl\/wp-json\/wp\/v2\/types\/product"}],"replies":[{"embeddable":true,"href":"https:\/\/www.hydraulic-cylinders.net\/pl\/wp-json\/wp\/v2\/comments?post=15235"}],"wp:featuredmedia":[{"embeddable":true,"href":"https:\/\/www.hydraulic-cylinders.net\/pl\/wp-json\/wp\/v2\/media\/14762"}],"wp:attachment":[{"href":"https:\/\/www.hydraulic-cylinders.net\/pl\/wp-json\/wp\/v2\/media?parent=15235"}],"wp:term":[{"taxonomy":"product_brand","embeddable":true,"href":"https:\/\/www.hydraulic-cylinders.net\/pl\/wp-json\/wp\/v2\/product_brand?post=15235"},{"taxonomy":"product_cat","embeddable":true,"href":"https:\/\/www.hydraulic-cylinders.net\/pl\/wp-json\/wp\/v2\/product_cat?post=15235"},{"taxonomy":"product_tag","embeddable":true,"href":"https:\/\/www.hydraulic-cylinders.net\/pl\/wp-json\/wp\/v2\/product_tag?post=15235"}],"curies":[{"name":"wp","href":"https:\/\/api.w.org\/{rel}","templated":true}]}}