{"id":15239,"date":"2025-01-19T14:16:46","date_gmt":"2025-01-19T14:16:46","guid":{"rendered":"https:\/\/www.hydraulic-cylinders.net\/product\/bucket-cylinder-for-caterpillar-middle-excavator-e325d\/"},"modified":"2025-01-19T14:16:48","modified_gmt":"2025-01-19T14:16:48","slug":"bucket-cylinder-for-caterpillar-middle-excavator-e325d","status":"publish","type":"product","link":"https:\/\/www.hydraulic-cylinders.net\/pl\/produkt\/bucket-cylinder-for-caterpillar-middle-excavator-e325d\/","title":{"rendered":"Si\u0142ownik \u0142y\u017cki do koparki Caterpillar Middle Excavator E325D"},"content":{"rendered":"<p><!DOCTYPE html><br \/>\n<html><br \/>\n<head><br \/>\n<title>Si\u0142ownik \u0142y\u017cki do koparki Caterpillar Middle Excavator E325D<\/title><br \/>\n<\/head><br \/>\n<body><\/p>\n<h1>Si\u0142ownik \u0142y\u017cki do koparki Caterpillar Middle Excavator E325D<\/h1>\n<h2>Wst\u0119p<\/h2>\n<p>Si\u0142ownik \u0142y\u017cki do koparki Caterpillar E325D to specjalnie zaprojektowany si\u0142ownik hydrauliczny s\u0142u\u017c\u0105cy do sterowania ruchem \u0142y\u017cki w ci\u0119\u017ckich maszynach, takich jak koparki, koparko-\u0142adowarki i \u0142adowarki czo\u0142owe. Jego g\u0142\u00f3wn\u0105 funkcj\u0105 jest podnoszenie, opuszczanie i przechylanie \u0142y\u017cki, u\u0142atwiaj\u0105c r\u00f3\u017cnorodne zadania zwi\u0105zane z prze\u0142adunkiem materia\u0142\u00f3w. W uk\u0142adzie hydraulicznym si\u0142ownik \u0142y\u017cki zapewnia precyzyjn\u0105 kontrol\u0119 nad \u0142y\u017ck\u0105, wykorzystuj\u0105c zmiany ci\u015bnienia oleju hydraulicznego, umo\u017cliwiaj\u0105c operatorom wydajne przenoszenie ci\u0119\u017ckich \u0142adunk\u00f3w i dostosowywanie si\u0119 do z\u0142o\u017conych warunk\u00f3w pracy oraz zr\u00f3\u017cnicowanych potrzeb operacyjnych.<\/p>\n<p><img decoding=\"async\" src=\"https:\/\/www.hydraulic-cylinders.net\/wp-content\/uploads\/2025\/01\/songte-company-2.webp\" alt=\"Obraz cylindra wiadra\"><\/p>\n<h2>Cechy<\/h2>\n<ul>\n<li>Wysoka wytrzyma\u0142o\u015b\u0107 i trwa\u0142o\u015b\u0107: Zazwyczaj wykonane z wysokowytrzyma\u0142ej stali lub aluminium, wytrzymuj\u0105 du\u017ce ci\u015bnienie i du\u017ce obci\u0105\u017cenia, s\u0105 przystosowane do trudnych warunk\u00f3w pracy, a tak\u017ce zaprojektowane z uwzgl\u0119dnieniem odporno\u015bci na zu\u017cycie i korozj\u0119, aby wyd\u0142u\u017cy\u0107 ich \u017cywotno\u015b\u0107.<\/li>\n<li>Wydajna praca uk\u0142adu hydraulicznego: Wykorzystuje ci\u015bnienie oleju hydraulicznego w celu uzyskania p\u0142ynnego wysuwania i wsuwania, umo\u017cliwiaj\u0105c szybk\u0105 reakcj\u0119 na polecenia steruj\u0105ce, zapewniaj\u0105c du\u017ce si\u0142y pchania i ci\u0105gni\u0119cia, odpowiednie do obs\u0142ugi ci\u0119\u017ckich \u0142adunk\u00f3w i skomplikowanych zada\u0144 operacyjnych.<\/li>\n<li>R\u00f3\u017cne typy: Mo\u017cna wybra\u0107 cylindry jednostronnego dzia\u0142ania (hydrauliczne dzia\u0142aj\u0105ce tylko w jednym kierunku) lub dwustronnego dzia\u0142ania (hydrauliczne dzia\u0142aj\u0105ce w obu kierunkach) w zale\u017cno\u015bci od wymaga\u0144. Niekt\u00f3re modele s\u0105 teleskopowe, co pozwala na wi\u0119ksze wyd\u0142u\u017cenie bez zwi\u0119kszania wymiar\u00f3w zewn\u0119trznych i jest odpowiednie do zastosowa\u0144 w ograniczonej przestrzeni.<\/li>\n<li>Idealna wymiana: Nasze produkty mog\u0105 idealnie zast\u0105pi\u0107 te cylindry hydrauliczne.<\/li>\n<\/ul>\n<p><img decoding=\"async\" src=\"https:\/\/www.hydraulic-cylinders.net\/wp-content\/uploads\/2025\/01\/songte-cylinder-head-with-all-kinds-excavator-models.webp\" alt=\"Obraz zast\u0119pczy produktu\"><\/p>\n<h2>Aplikacje<\/h2>\n<ul>\n<li>Sprz\u0119t budowlany: Znajduj\u0105 si\u0119 w koparkach i s\u0105 niezb\u0119dne do wykop\u00f3w, za\u0142adunku i przemieszczania gleby lub gruzu. W koparko-\u0142adowarkach si\u0142ownik \u0142y\u017cki wspomaga zar\u00f3wno kopanie, jak i podnoszenie.<\/li>\n<li>Maszyny rolnicze: Stosowane w \u0142adowarkach czo\u0142owych do nabierania, podnoszenia i transportu gleby, siana i innych materia\u0142\u00f3w.<\/li>\n<li>Koparki: Cylinder \u0142y\u017cki umo\u017cliwia kopanie poprzez umo\u017cliwienie \u0142y\u017cce zag\u0142\u0119biania si\u0119 w gleb\u0119.<\/li>\n<li>\u0141adowarki: W \u0142adowarkach czo\u0142owych pomagaj\u0105 w wydajnym podnoszeniu i przechylaniu towar\u00f3w.<\/li>\n<\/ul>\n<h2>Zagadnienia projektowe i kryteria wyboru<\/h2>\n<ul>\n<li>No\u015bno\u015b\u0107: Om\u00f3w zdolno\u015b\u0107 cylindra do przenoszenia obci\u0105\u017ce\u0144.<\/li>\n<li>Uszczelnienie: Wyja\u015bnij znaczenie prawid\u0142owego uszczelnienia i jego wp\u0142yw na wydajno\u015b\u0107.<\/li>\n<li>Trwa\u0142o\u015b\u0107: Podkre\u015bl trwa\u0142o\u015b\u0107 cylindra i jego zdolno\u015b\u0107 do wytrzymywania trudnych warunk\u00f3w.<\/li>\n<li>Bezpiecze\u0144stwo: Om\u00f3w zagadnienia bezpiecze\u0144stwa w procesie projektowania i wyboru.<\/li>\n<li>\u0141atwo\u015b\u0107 konserwacji: Wyja\u015bnij \u0142atwo\u015b\u0107 konserwacji i napraw.<\/li>\n<\/ul>\n<p><img decoding=\"async\" src=\"https:\/\/www.hydraulic-cylinders.net\/wp-content\/uploads\/2025\/01\/songte-oil-pipes-and-spare-parts.webp\" alt=\"Obraz element\u00f3w cylindra hydraulicznego\"><\/p>\n<h2>Uszczelnianie i smarowanie<\/h2>\n<p>W cylindrze kube\u0142kowym zastosowano r\u00f3\u017cnorodne uszczelnienia, takie jak uszczelnienia t\u0142oka i t\u0142oczyska, wykonane z materia\u0142\u00f3w odpornych na zu\u017cycie, takich jak poliuretan i kauczuk nitrylowy. Korpus cylindra i gwintowane ko\u0144c\u00f3wki s\u0105 poddawane precyzyjnej obr\u00f3bce w celu zwi\u0119kszenia odporno\u015bci na zu\u017cycie. Regularne smarowanie odpowiedni\u0105 ilo\u015bci\u0105 oleju hydraulicznego jest niezb\u0119dne dla zapewnienia p\u0142ynnej pracy i d\u0142ugiej \u017cywotno\u015bci cylindra.<\/p>\n<h2>Regularne kontrole i konserwacja zapobiegawcza<\/h2>\n<ul>\n<li>Regularnie sprawdzaj cylinder pod k\u0105tem uszkodze\u0144 i nieszczelno\u015bci.<\/li>\n<li>Zapewnij odpowiednie smarowanie wszystkich ruchomych cz\u0119\u015bci.<\/li>\n<li>Aby zachowa\u0107 optymaln\u0105 wydajno\u015b\u0107, nale\u017cy w razie konieczno\u015bci wymieni\u0107 uszczelki.<\/li>\n<li>Przeprowad\u017a kontrol\u0119 kalibracji, aby zapewni\u0107 prawid\u0142owe dzia\u0142anie urz\u0105dzenia.<\/li>\n<\/ul>\n<p><img decoding=\"async\" src=\"https:\/\/www.hydraulic-cylinders.net\/wp-content\/uploads\/2025\/01\/songte-chushion-collar.webp\" alt=\"Wskaz\u00f3wki dotycz\u0105ce konserwacji Obraz\"><\/p>\n<h2>Zagadnienia bezpiecze\u0144stwa i czynniki \u015brodowiskowe<\/h2>\n<p>Podczas u\u017cytkowania cylindra czerpakowego nale\u017cy przestrzega\u0107 \u015brodk\u00f3w bezpiecze\u0144stwa, aby zapobiec wypadkom i zapewni\u0107 bezpiecze\u0144stwo operatorom i osobom postronnym. Aby zapewni\u0107 trwa\u0142o\u015b\u0107 i optymaln\u0105 wydajno\u015b\u0107 cylindra, nale\u017cy r\u00f3wnie\u017c uwzgl\u0119dni\u0107 czynniki \u015brodowiskowe, takie jak temperatura, wilgotno\u015b\u0107 i nara\u017cenie na dzia\u0142anie substancji chemicznych.<\/p>\n<h2>Diagnostyka awarii i typowe problemy<\/h2>\n<p>Do typowych awarii i problem\u00f3w, kt\u00f3re mog\u0105 wyst\u0105pi\u0107 w cylindrze \u0142y\u017cki, nale\u017c\u0105 wycieki, niewystarczaj\u0105ce ci\u015bnienie i nieregularne ruchy. Przedstaw wskaz\u00f3wki i rozwi\u0105zania dotycz\u0105ce rozwi\u0105zywania problem\u00f3w, aby pom\u00f3c czytelnikom skutecznie diagnozowa\u0107 i rozwi\u0105zywa\u0107 problemy. Podkre\u015bl \u015brodki zapobiegawcze w celu zminimalizowania potencjalnych problem\u00f3w.<\/p>\n<p><img decoding=\"async\" src=\"https:\/\/www.hydraulic-cylinders.net\/wp-content\/uploads\/2025\/01\/songte-bushings-with-all-kinds-of-excavator-models.webp\" alt=\"Rozwi\u0105zywanie problem\u00f3w z obrazem\"><\/p>\n<p>Pami\u0119taj, aby artyku\u0142 by\u0142 logicznie uporz\u0105dkowany, u\u017cywaj podtytu\u0142\u00f3w u\u0142atwiaj\u0105cych nawigacj\u0119, dodawaj odpowiednie obrazy i wykresy, aby u\u0142atwi\u0107 zrozumienie, a tak\u017ce zadbaj o to, aby tre\u015b\u0107 by\u0142a przejrzysta, zwi\u0119z\u0142a i odpowiednia dla czytelnik\u00f3w o r\u00f3\u017cnym poziomie wiedzy technicznej.<\/p>\n<h2>O naszej firmie<\/h2>\n<p>Jeste\u015bmy producentem zamiennych cylindr\u00f3w hydraulicznych, oferuj\u0105cym kompleksow\u0105 gam\u0119 produkt\u00f3w. Jeste\u015bmy jednym z wiod\u0105cych producent\u00f3w i hurtowych dystrybutor\u00f3w cylindr\u00f3w hydraulicznych na rynku krajowym i mi\u0119dzynarodowym. Koncentruj\u0105c si\u0119 na doskona\u0142ej jako\u015bci, opieramy si\u0119 na przemys\u0142owych strategiach zarz\u0105dzania produkcj\u0105 w naszym zaawansowanym warsztacie produkcyjnym. Nasza firma stale udoskonala platform\u0119 produkcyjn\u0105, inwestuj\u0105c w talent techniczny, zaawansowany sprz\u0119t do produkcji cyfrowej oraz profesjonalne systemy testowe. Posiadamy silne mo\u017cliwo\u015bci innowacyjne i przestrzegamy zasad wysokiej wydajno\u015bci, precyzji i jako\u015bci, aby sprosta\u0107 zr\u00f3\u017cnicowanym potrzebom naszych klient\u00f3w.<\/p>\n<p><img decoding=\"async\" src=\"https:\/\/www.hydraulic-cylinders.net\/wp-content\/uploads\/2025\/01\/songte-company-3.webp\" alt=\"Wizerunek firmy\"><\/p>\n<h3>Profesjonalizm:<\/h3>\n<p>Jeste\u015bmy dumni z naszego profesjonalizmu i wiedzy specjalistycznej w dziedzinie si\u0142ownik\u00f3w hydraulicznych.<\/p>\n<h3>Certyfikaty mi\u0119dzynarodowe:<\/h3>\n<p>Nasze produkty posiadaj\u0105 certyfikaty potwierdzaj\u0105ce zgodno\u015b\u0107 z mi\u0119dzynarodowymi normami, co gwarantuje ich jako\u015b\u0107 i niezawodno\u015b\u0107.<\/p>\n<h3>Us\u0142ugi dostosowywania:<\/h3>\n<p>Oferujemy us\u0142ugi dostosowywania do indywidualnych potrzeb i dostarczamy rozwi\u0105zania dostosowane do indywidualnych potrzeb.<\/p>\n<h3>Zaawansowany sprz\u0119t produkcyjny:<\/h3>\n<p>Wykorzystujemy najnowocze\u015bniejszy sprz\u0119t produkcyjny, aby zagwarantowa\u0107 precyzj\u0119 i jako\u015b\u0107 naszych produkt\u00f3w.<\/p>\n<h3>Serwis posprzeda\u017cowy:<\/h3>\n<p>Zapewniamy kompleksowy serwis posprzeda\u017cowy, obejmuj\u0105cy wymian\u0119 podzespo\u0142\u00f3w i us\u0142ugi regeneracji, co pozwala wyd\u0142u\u017cy\u0107 \u017cywotno\u015b\u0107 naszych cylindr\u00f3w hydraulicznych.<\/p>\n<p>Autor: lyl<\/p>\n<p><\/body><br \/>\n<\/html><\/p>","protected":false},"excerpt":{"rendered":"<p>Bucket Cylinder For Caterpillar Middle Excavator E325D Bucket Cylinder For Caterpillar Middle Excavator E325D Introduction The bucket cylinder for Caterpillar middle excavator E325D is a specially designed hydraulic cylinder used to control the movement of the bucket in heavy machinery such as excavators, backhoe loaders, and front loaders. Its main function is to enable the [&hellip;]<\/p>","protected":false},"featured_media":14787,"comment_status":"open","ping_status":"closed","template":"","meta":{"_et_pb_use_builder":"","_et_pb_old_content":"","_et_gb_content_width":""},"product_brand":[],"product_cat":[1494],"product_tag":[1495,1496],"class_list":{"0":"post-15239","1":"product","2":"type-product","3":"status-publish","4":"has-post-thumbnail","6":"product_cat-bucket-cylinders","7":"product_tag-bucket-cylinders","8":"product_tag-hydraulic-cylinders","10":"first","11":"instock","12":"shipping-taxable","13":"product-type-simple"},"amp_enabled":true,"_links":{"self":[{"href":"https:\/\/www.hydraulic-cylinders.net\/pl\/wp-json\/wp\/v2\/product\/15239","targetHints":{"allow":["GET"]}}],"collection":[{"href":"https:\/\/www.hydraulic-cylinders.net\/pl\/wp-json\/wp\/v2\/product"}],"about":[{"href":"https:\/\/www.hydraulic-cylinders.net\/pl\/wp-json\/wp\/v2\/types\/product"}],"replies":[{"embeddable":true,"href":"https:\/\/www.hydraulic-cylinders.net\/pl\/wp-json\/wp\/v2\/comments?post=15239"}],"wp:featuredmedia":[{"embeddable":true,"href":"https:\/\/www.hydraulic-cylinders.net\/pl\/wp-json\/wp\/v2\/media\/14787"}],"wp:attachment":[{"href":"https:\/\/www.hydraulic-cylinders.net\/pl\/wp-json\/wp\/v2\/media?parent=15239"}],"wp:term":[{"taxonomy":"product_brand","embeddable":true,"href":"https:\/\/www.hydraulic-cylinders.net\/pl\/wp-json\/wp\/v2\/product_brand?post=15239"},{"taxonomy":"product_cat","embeddable":true,"href":"https:\/\/www.hydraulic-cylinders.net\/pl\/wp-json\/wp\/v2\/product_cat?post=15239"},{"taxonomy":"product_tag","embeddable":true,"href":"https:\/\/www.hydraulic-cylinders.net\/pl\/wp-json\/wp\/v2\/product_tag?post=15239"}],"curies":[{"name":"wp","href":"https:\/\/api.w.org\/{rel}","templated":true}]}}