{"id":15240,"date":"2025-01-19T14:16:50","date_gmt":"2025-01-19T14:16:50","guid":{"rendered":"https:\/\/www.hydraulic-cylinders.net\/product\/bucket-cylinder-for-caterpillar-large-excavator-e326dl\/"},"modified":"2025-01-19T14:16:58","modified_gmt":"2025-01-19T14:16:58","slug":"bucket-cylinder-for-caterpillar-large-excavator-e326dl","status":"publish","type":"product","link":"https:\/\/www.hydraulic-cylinders.net\/pl\/produkt\/bucket-cylinder-for-caterpillar-large-excavator-e326dl\/","title":{"rendered":"Si\u0142ownik \u0142y\u017cki do du\u017cej koparki Caterpillar E326DL"},"content":{"rendered":"<h1>Si\u0142ownik \u0142y\u017cki do du\u017cej koparki Caterpillar E326DL<\/h1>\n<h2>Wst\u0119p<\/h2>\n<p>Si\u0142ownik \u0142y\u017cki do du\u017cej koparki Caterpillar E326DL to specjalnie zaprojektowany si\u0142ownik hydrauliczny, u\u017cywany g\u0142\u00f3wnie do sterowania ruchem \u0142y\u017cki w ci\u0119\u017ckich maszynach, takich jak koparki, koparko-\u0142adowarki i \u0142adowarki czo\u0142owe. Jego g\u0142\u00f3wn\u0105 funkcj\u0105 jest podnoszenie, opuszczanie i przechylanie \u0142y\u017cki, u\u0142atwiaj\u0105c wykonywanie r\u00f3\u017cnych zada\u0144 zwi\u0105zanych z prze\u0142adunkiem materia\u0142\u00f3w. W uk\u0142adzie hydraulicznym si\u0142ownik \u0142y\u017cki zapewnia precyzyjn\u0105 kontrol\u0119 ruchu \u0142y\u017cki poprzez zmian\u0119 ci\u015bnienia oleju hydraulicznego, umo\u017cliwiaj\u0105c operatorom wydajne przenoszenie ci\u0119\u017ckich przedmiot\u00f3w, dostosowanie si\u0119 do z\u0142o\u017conych warunk\u00f3w pracy i zr\u00f3\u017cnicowanych wymaga\u0144 operacyjnych.<\/p>\n<p><img decoding=\"async\" src=\"https:\/\/www.hydraulic-cylinders.net\/wp-content\/uploads\/2025\/01\/songte-company-2.webp\" alt=\"obraz cylindra wiadra\"><\/p>\n<h2>Cechy produktu<\/h2>\n<ul>\n<li>\n<h3>Wysoka wytrzyma\u0142o\u015b\u0107 i trwa\u0142o\u015b\u0107<\/h3>\n<p>Cylindry czerpakowe s\u0105 zazwyczaj wykonane z wytrzyma\u0142ej stali lub aluminium, wytrzymuj\u0105 du\u017ce ci\u015bnienie i obci\u0105\u017cenia, s\u0105 dostosowane do trudnych warunk\u00f3w pracy, a tak\u017ce zaprojektowane z my\u015bl\u0105 o odporno\u015bci na zu\u017cycie i korozj\u0119, co wyd\u0142u\u017ca ich \u017cywotno\u015b\u0107.<\/p>\n<\/li>\n<li>\n<h3>Wydajna praca hydrauliczna<\/h3>\n<p>Cylindry czerpakowe wykorzystuj\u0105 ci\u015bnienie oleju hydraulicznego, aby zapewni\u0107 p\u0142ynne ruchy teleskopowe, szybko reaguj\u0105 na polecenia steruj\u0105ce, zapewniaj\u0105 du\u017c\u0105 si\u0142\u0119 pchania i ci\u0105gni\u0119cia oraz nadaj\u0105 si\u0119 do przenoszenia ci\u0119\u017ckich przedmiot\u00f3w i wykonywania skomplikowanych zada\u0144.<\/p>\n<\/li>\n<li>\n<h3>R\u00f3\u017cne typy<\/h3>\n<p>Si\u0142owniki kube\u0142kowe s\u0105 dost\u0119pne w wersji jednostronnego dzia\u0142ania (hydraulika dzia\u0142a tylko w jednym kierunku) lub dwustronnego dzia\u0142ania (hydraulika dzia\u0142a w dw\u00f3ch kierunkach), aby sprosta\u0107 r\u00f3\u017cnym potrzebom operacyjnym. Niekt\u00f3re modele s\u0105 teleskopowe, co pozwala na wi\u0119ksze wysuni\u0119cie bez zwi\u0119kszania wymiar\u00f3w zewn\u0119trznych, i nadaj\u0105 si\u0119 do zastosowa\u0144 w ograniczonej przestrzeni.<\/p>\n<\/li>\n<li>\n<h3>Wymiana produktu<\/h3>\n<p>Nasze produkty mog\u0105 doskonale zast\u0105pi\u0107 te si\u0142owniki hydrauliczne. <\/p>\n<\/li>\n<\/ul>\n<p><img decoding=\"async\" src=\"https:\/\/www.hydraulic-cylinders.net\/wp-content\/uploads\/2025\/01\/songte-cylinder-head-with-all-kinds-excavator-models.webp\" alt=\"zdj\u0119cie wymiany cylindra \u0142y\u017cki\"><\/p>\n<h2>Aplikacje<\/h2>\n<p>Cylindry kube\u0142kowe s\u0105 powszechnie stosowane w r\u00f3\u017cnych maszynach ci\u0119\u017ckich, w tym:<\/p>\n<ul>\n<li>\n<h3>Sprz\u0119t budowlany<\/h3>\n<p>W koparkach s\u0105 niezb\u0119dne do kopania, za\u0142adunku i przemieszczania gleby lub gruzu. W koparko-\u0142adowarkach si\u0142owniki \u0142y\u017cki pomagaj\u0105 zar\u00f3wno w kopaniu, jak i podnoszeniu. <\/p>\n<\/li>\n<li>\n<h3>Maszyny rolnicze<\/h3>\n<p>Stosowany w \u0142adowarkach czo\u0142owych do nabierania, podnoszenia i transportu ziemi, siana i innych materia\u0142\u00f3w.<\/p>\n<\/li>\n<li>\n<h3>Koparki<\/h3>\n<p>Cylindry \u0142y\u017cki umo\u017cliwiaj\u0105 kopanie poprzez umo\u017cliwienie \u0142y\u017cce wnikania w gleb\u0119.<\/p>\n<\/li>\n<li>\n<h3>\u0141adowarki<\/h3>\n<p>W \u0142adowarkach czo\u0142owych pomagaj\u0105 efektywnie podnosi\u0107 i roz\u0142adowywa\u0107 \u0142adunki.<\/p>\n<\/li>\n<\/ul>\n<h2>Zagadnienia projektowe i kryteria wyboru<\/h2>\n<ul>\n<li>\n<h3>No\u015bno\u015b\u0107<\/h3>\n<p>Podczas projektowania nale\u017cy uwzgl\u0119dni\u0107 no\u015bno\u015b\u0107 cylindra czerpakowego. Powinien on wytrzyma\u0107 maksymalne przewidywane obci\u0105\u017cenie bez uszkodzenia lub odkszta\u0142cenia.<\/p>\n<\/li>\n<li>\n<h3>Uszczelnienie, trwa\u0142o\u015b\u0107 i bezpiecze\u0144stwo<\/h3>\n<p>Cylindry kube\u0142kowe musz\u0105 by\u0107 zaprojektowane z trwa\u0142ymi uszczelnieniami i materia\u0142ami odpornymi na zu\u017cycie i korozj\u0119. Musz\u0105 by\u0107 r\u00f3wnie\u017c wyposa\u017cone w zabezpieczenia, takie jak wy\u0142\u0105czniki awaryjne, zawory bezpiecze\u0144stwa i zatrzaski bezpiecze\u0144stwa.<\/p>\n<\/li>\n<li>\n<h3>Konserwacja<\/h3>\n<p>Cylinder czerpakowy powinien by\u0107 zaprojektowany tak, aby by\u0142 \u0142atwy w konserwacji i naprawie. Powinien by\u0107 \u0142atwy w demonta\u017cu i ponownym monta\u017cu, a cz\u0119\u015bci zamienne powinny by\u0107 \u0142atwo dost\u0119pne.<\/p>\n<\/li>\n<\/ul>\n<p><img decoding=\"async\" src=\"https:\/\/www.hydraulic-cylinders.net\/wp-content\/uploads\/2025\/01\/songte-oil-pipes-and-spare-parts.webp\" alt=\"obraz cz\u0119\u015bci zamiennych cylindra \u0142y\u017cki\"><\/p>\n<h2>Uszczelnianie i smarowanie produktu<\/h2>\n<p>W cylindrze czerpakowym nale\u017cy stosowa\u0107 r\u00f3\u017cnorodne uszczelnienia, w tym uszczelnienia t\u0142oczyska i t\u0142oczyska, wykonane z materia\u0142\u00f3w odpornych na zu\u017cycie, takich jak poliuretan i kauczuk nitrylowy. Korpus cylindra i gwintowana powierzchnia ko\u0144cowa powinny zosta\u0107 poddane precyzyjnej obr\u00f3bce w celu zwi\u0119kszenia odporno\u015bci na zu\u017cycie. Prawid\u0142owe smarowanie olejem hydraulicznym jest r\u00f3wnie\u017c niezb\u0119dne dla zapewnienia optymalnej pracy.<\/p>\n<h2>Konserwacja i naprawa<\/h2>\n<p>Aby utrzyma\u0107 cylinder \u0142y\u017cki w dobrym stanie, nale\u017cy regularnie przeprowadza\u0107 konserwacj\u0119 i dzia\u0142ania zapobiegawcze. Obejmuj\u0105 one:<\/p>\n<ul>\n<li>\n<h3>Regularna kontrola<\/h3>\n<p>Aby zapobiec awariom i przed\u0142u\u017cy\u0107 \u017cywotno\u015b\u0107 cylindra, konieczne jest sprawdzenie go pod k\u0105tem uszkodze\u0144, nieszczelno\u015bci lub korozji.<\/p>\n<\/li>\n<li>\n<h3>Smarowanie<\/h3>\n<p>Aby zapewni\u0107 p\u0142ynn\u0105 prac\u0119 cylindra, nale\u017cy go regularnie smarowa\u0107.<\/p>\n<\/li>\n<li>\n<h3>Wymiana uszczelki<\/h3>\n<p>Okresowa wymiana uszczelek pozwala zachowa\u0107 wydajn\u0105 prac\u0119 cylindra i zapobiega wyciekom.<\/p>\n<\/li>\n<\/ul>\n<p><img decoding=\"async\" src=\"https:\/\/www.hydraulic-cylinders.net\/wp-content\/uploads\/2025\/01\/songte-chushion-collar.webp\" alt=\"obraz poduszki cylindra wiadra\"><\/p>\n<h2>Bezpiecze\u0144stwo i wzgl\u0119dy \u015brodowiskowe<\/h2>\n<p>Podczas u\u017cytkowania cylindr\u00f3w kube\u0142kowych nale\u017cy zachowa\u0107 \u015brodki bezpiecze\u0144stwa, aby zapobiec wypadkom i obra\u017ceniom. Nale\u017cy r\u00f3wnie\u017c uwzgl\u0119dni\u0107 kwestie ochrony \u015brodowiska podczas utylizacji lub recyklingu zu\u017cytych cylindr\u00f3w lub ich podzespo\u0142\u00f3w.<\/p>\n<h2>Diagnostyka usterek i typowe problemy<\/h2>\n<p>Do typowych problem\u00f3w z si\u0142ownikami kube\u0142kowymi nale\u017c\u0105 wycieki, uszkodzenia uszczelnie\u0144 i utrata mocy. Diagnostyka usterek wymaga dok\u0142adnej inspekcji si\u0142ownika i jego podzespo\u0142\u00f3w. Prawid\u0142owa konserwacja i naprawa mog\u0105 rozwi\u0105za\u0107 te problemy.<\/p>\n<p><img decoding=\"async\" src=\"https:\/\/www.hydraulic-cylinders.net\/wp-content\/uploads\/2025\/01\/songte-bushings-with-all-kinds-of-excavator-models.webp\" alt=\"tuleje cylindra \u0142y\u017cki obraz\"><\/p>\n<h2>O naszej firmie<\/h2>\n<p>Jeste\u015bmy producentem zamiennych cylindr\u00f3w hydraulicznych oferuj\u0105cym pe\u0142n\u0105 gam\u0119 produkt\u00f3w. Jeste\u015bmy jednym z wiod\u0105cych producent\u00f3w i hurtowych dystrybutor\u00f3w cylindr\u00f3w hydraulicznych na rynku krajowym i mi\u0119dzynarodowym. Kierujemy si\u0119 zasad\u0105 doskona\u0142ej jako\u015bci i opieramy si\u0119 na przemys\u0142owych strategiach zarz\u0105dzania produkcj\u0105 w dopracowanych warsztatach produkcyjnych. Stale udoskonalamy platform\u0119 produkcyjn\u0105 warsztatu, podnosimy jako\u015b\u0107 linii produkcyjnej i wykazujemy si\u0119 kreatywno\u015bci\u0105. Kieruj\u0105c si\u0119 zasadami wysokiej wydajno\u015bci, precyzji i jako\u015bci, zaspokajamy zr\u00f3\u017cnicowane potrzeby klient\u00f3w.<\/p>\n<p><img decoding=\"async\" src=\"https:\/\/hzpt.com\/wp-content\/uploads\/2024\/11\/songte-company-1.webp\" alt=\"wizerunek firmy produkuj\u0105cej cylindry wiaderkowe\"><\/p>\n<h2>Nasze specjalno\u015bci<\/h2>\n<ul>\n<li>\n<h3>Profesjonalizm<\/h3>\n<p>Nasz zesp\u00f3\u0142 sk\u0142ada si\u0119 z profesjonalnych in\u017cynier\u00f3w i projektant\u00f3w z du\u017cym do\u015bwiadczeniem w bran\u017cy cylindr\u00f3w hydraulicznych.<\/p>\n<\/li>\n<li>\n<h3>Mi\u0119dzynarodowa Certyfikacja<\/h3>\n<p>Nasze produkty posiadaj\u0105 certyfikaty mi\u0119dzynarodowe, takie jak ISO i CE.<\/p>\n<\/li>\n<li>\n<h3>Us\u0142ugi personalizacji<\/h3>\n<p>Dostarczamy rozwi\u0105zania w zakresie si\u0142ownik\u00f3w hydraulicznych dostosowane do indywidualnych potrzeb klient\u00f3w.<\/p>\n<\/li>\n<li>\n<h3>Sprz\u0119t produkcyjny<\/h3>\n<p>Aby zapewni\u0107 jako\u015b\u0107 naszych produkt\u00f3w, korzystamy z najnowocze\u015bniejszego sprz\u0119tu produkcyjnego i system\u00f3w testowych.<\/p>\n<\/li>\n<li>\n<h3>Serwis posprzeda\u017cowy<\/h3>\n<p>Zapewniamy doskona\u0142\u0105 obs\u0142ug\u0119 posprzeda\u017cow\u0105, aby zagwarantowa\u0107 satysfakcj\u0119 klienta.<\/p>\n<\/li>\n<\/ul>\n<h3>Autor: lyl<\/h3>","protected":false},"excerpt":{"rendered":"<p>Bucket Cylinder For Caterpillar Large Excavator E326DL Introduction A bucket cylinder for a Caterpillar large excavator E326DL is a specially designed hydraulic cylinder mainly used to control the movement of the bucket in heavy machinery such as excavators, backhoe loaders, and front-end loaders. Its main function is to allow the bucket to lift, lower, and [&hellip;]<\/p>","protected":false},"featured_media":14785,"comment_status":"open","ping_status":"closed","template":"","meta":{"_et_pb_use_builder":"","_et_pb_old_content":"","_et_gb_content_width":""},"product_brand":[],"product_cat":[1494],"product_tag":[1495,1496],"class_list":{"0":"post-15240","1":"product","2":"type-product","3":"status-publish","4":"has-post-thumbnail","6":"product_cat-bucket-cylinders","7":"product_tag-bucket-cylinders","8":"product_tag-hydraulic-cylinders","10":"first","11":"instock","12":"shipping-taxable","13":"product-type-simple"},"amp_enabled":true,"_links":{"self":[{"href":"https:\/\/www.hydraulic-cylinders.net\/pl\/wp-json\/wp\/v2\/product\/15240","targetHints":{"allow":["GET"]}}],"collection":[{"href":"https:\/\/www.hydraulic-cylinders.net\/pl\/wp-json\/wp\/v2\/product"}],"about":[{"href":"https:\/\/www.hydraulic-cylinders.net\/pl\/wp-json\/wp\/v2\/types\/product"}],"replies":[{"embeddable":true,"href":"https:\/\/www.hydraulic-cylinders.net\/pl\/wp-json\/wp\/v2\/comments?post=15240"}],"wp:featuredmedia":[{"embeddable":true,"href":"https:\/\/www.hydraulic-cylinders.net\/pl\/wp-json\/wp\/v2\/media\/14785"}],"wp:attachment":[{"href":"https:\/\/www.hydraulic-cylinders.net\/pl\/wp-json\/wp\/v2\/media?parent=15240"}],"wp:term":[{"taxonomy":"product_brand","embeddable":true,"href":"https:\/\/www.hydraulic-cylinders.net\/pl\/wp-json\/wp\/v2\/product_brand?post=15240"},{"taxonomy":"product_cat","embeddable":true,"href":"https:\/\/www.hydraulic-cylinders.net\/pl\/wp-json\/wp\/v2\/product_cat?post=15240"},{"taxonomy":"product_tag","embeddable":true,"href":"https:\/\/www.hydraulic-cylinders.net\/pl\/wp-json\/wp\/v2\/product_tag?post=15240"}],"curies":[{"name":"wp","href":"https:\/\/api.w.org\/{rel}","templated":true}]}}