{"id":15246,"date":"2025-01-19T14:17:21","date_gmt":"2025-01-19T14:17:21","guid":{"rendered":"https:\/\/www.hydraulic-cylinders.net\/product\/bucket-cylinder-for-caterpillar-large-excavator-e390dl\/"},"modified":"2025-01-19T14:17:23","modified_gmt":"2025-01-19T14:17:23","slug":"bucket-cylinder-for-caterpillar-large-excavator-e390dl","status":"publish","type":"product","link":"https:\/\/www.hydraulic-cylinders.net\/pl\/produkt\/bucket-cylinder-for-caterpillar-large-excavator-e390dl\/","title":{"rendered":"Si\u0142ownik \u0142y\u017cki do du\u017cej koparki Caterpillar E390DL"},"content":{"rendered":"<h2>Si\u0142ownik \u0142y\u017cki do du\u017cej koparki Caterpillar E390DL<\/h2>\n<h3>Wst\u0119p<\/h3>\n<p>Si\u0142ownik \u0142y\u017cki do du\u017cej koparki Caterpillar E390DL to specjalistyczny si\u0142ownik hydrauliczny przeznaczony g\u0142\u00f3wnie do sterowania ruchem \u0142y\u017cki w ci\u0119\u017ckich maszynach, takich jak koparki, koparko-\u0142adowarki i \u0142adowarki czo\u0142owe. Jego g\u0142\u00f3wn\u0105 funkcj\u0105 jest podnoszenie, opuszczanie i przechylanie \u0142y\u017cki, u\u0142atwiaj\u0105c wykonywanie r\u00f3\u017cnych zada\u0144 zwi\u0105zanych z prze\u0142adunkiem materia\u0142\u00f3w. W uk\u0142adzie hydraulicznym si\u0142owniki \u0142y\u017cki steruj\u0105 precyzyjnymi ruchami \u0142y\u017cki poprzez zmiany ci\u015bnienia oleju hydraulicznego, umo\u017cliwiaj\u0105c operatorom wydajne przenoszenie ci\u0119\u017ckich \u0142adunk\u00f3w, adaptacj\u0119 do z\u0142o\u017conych warunk\u00f3w pracy i zr\u00f3\u017cnicowanych wymaga\u0144.<\/p>\n<p><img decoding=\"async\" src=\"https:\/\/www.hydraulic-cylinders.net\/wp-content\/uploads\/2025\/01\/songte-company-2.webp\" alt=\"Si\u0142ownik \u0142y\u017cki do du\u017cej koparki Caterpillar E390DL\" \/><\/p>\n<h3>Cechy<\/h3>\n<ul>\n<li>Wysoka wytrzyma\u0142o\u015b\u0107 i trwa\u0142o\u015b\u0107: Zazwyczaj wykonany z wytrzyma\u0142ej stali lub aluminium, wytrzymuje du\u017ce ci\u015bnienie i obci\u0105\u017cenia, jest przystosowany do trudnych warunk\u00f3w pracy, a tak\u017ce jest zaprojektowany z my\u015bl\u0105 o odporno\u015bci na zu\u017cycie i korozj\u0119, co wyd\u0142u\u017ca jego \u017cywotno\u015b\u0107.<\/li>\n<li>Wydajna praca uk\u0142adu hydraulicznego: Wykorzystuje ci\u015bnienie oleju hydraulicznego w celu uzyskania p\u0142ynnych ruch\u00f3w rozci\u0105gania i kurczenia. Mo\u017ce szybko reagowa\u0107 na polecenia steruj\u0105ce, zapewnia\u0107 du\u017ce si\u0142y pchania i ci\u0105gni\u0119cia oraz nadaje si\u0119 do obs\u0142ugi ci\u0119\u017ckich \u0142adunk\u00f3w i wykonywania skomplikowanych zada\u0144.<\/li>\n<li>R\u00f3\u017cne typy: Si\u0142owniki jednostronnego dzia\u0142ania (hydrauliczne dzia\u0142aj\u0105ce tylko w jednym kierunku) lub dwustronnego dzia\u0142ania (hydrauliczne dzia\u0142aj\u0105ce w dw\u00f3ch kierunkach) mo\u017cna dobra\u0107 w zale\u017cno\u015bci od potrzeb, aby spe\u0142ni\u0107 zr\u00f3\u017cnicowane potrzeby operacyjne. Niekt\u00f3re modele s\u0105 teleskopowe, co pozwala na wi\u0119ksze wysuni\u0119cie bez zwi\u0119kszania wymiar\u00f3w zewn\u0119trznych, dzi\u0119ki czemu nadaj\u0105 si\u0119 do zastosowa\u0144 w ograniczonej przestrzeni.<\/li>\n<li>Wysoka kompatybilno\u015b\u0107: Nasz produkt mo\u017ce doskonale zast\u0105pi\u0107 te si\u0142owniki hydrauliczne<\/li>\n<li>Mo\u017cliwo\u015b\u0107 dostosowania: Mo\u017cemy wyprodukowa\u0107 ten produkt wed\u0142ug Twoich specyfikacji, aby spe\u0142ni\u0107 Twoje szczeg\u00f3lne potrzeby.<\/li>\n<\/ul>\n<p><img decoding=\"async\" src=\"https:\/\/www.hydraulic-cylinders.net\/wp-content\/uploads\/2025\/01\/songte-cylinder-head-with-all-kinds-excavator-models.webp\" alt=\"Si\u0142ownik \u0142y\u017cki do du\u017cej koparki Caterpillar E390DL\" \/><\/p>\n<h3>Aplikacje<\/h3>\n<p>Cylindry kube\u0142kowe s\u0105 powszechnie stosowane w r\u00f3\u017cnych maszynach ci\u0119\u017ckich, takich jak:<\/p>\n<ul>\n<li>Sprz\u0119t budowlany: W koparkach s\u0105 one niezb\u0119dne do kopania, za\u0142adunku i przemieszczania gleby lub gruzu. W koparko-\u0142adowarkach si\u0142owniki \u0142y\u017cki wspomagaj\u0105 kopanie i podnoszenie.<\/li>\n<li>Maszyny rolnicze: Stosowane w \u0142adowarkach czo\u0142owych do nabierania, podnoszenia i transportu gleby, siana i innych materia\u0142\u00f3w.<\/li>\n<li>Koparki: Cylindry \u0142y\u017cki umo\u017cliwiaj\u0105 kopanie, pozwalaj\u0105c \u0142y\u017cce na penetracj\u0119 gleby.<\/li>\n<li>\u0141adowarki: W \u0142adowarkach czo\u0142owych pomagaj\u0105 w efektywnym podnoszeniu i wysypywaniu towar\u00f3w.<\/li>\n<\/ul>\n<h3>Kryteria projektowania i wyboru<\/h3>\n<p>Przy projektowaniu i doborze cylindr\u00f3w kube\u0142kowych nale\u017cy wzi\u0105\u0107 pod uwag\u0119 kilka czynnik\u00f3w:<\/p>\n<ul>\n<li>No\u015bno\u015b\u0107: Cylindry czerpak\u00f3w musz\u0105 by\u0107 w stanie ud\u017awign\u0105\u0107 obci\u0105\u017cenie maszyny, w kt\u00f3rej s\u0105 u\u017cywane, oraz ci\u0119\u017car przenoszonego materia\u0142u.<\/li>\n<li>Uszczelnienie: Aby zapewni\u0107 skuteczne uszczelnienie i zapobiec wyciekom, konieczne jest zastosowanie r\u00f3\u017cnych element\u00f3w uszczelniaj\u0105cych, takich jak uszczelki t\u0142okowe, uszczelki t\u0142oczyskowe i uszczelki zgarniaj\u0105ce.<\/li>\n<li>Trwa\u0142o\u015b\u0107: Cylindry \u0142y\u017cki musz\u0105 by\u0107 projektowane z my\u015bl\u0105 o trwa\u0142o\u015bci, aby mog\u0142y wytrzyma\u0107 trudne warunki pracy, d\u0142ugotrwa\u0142e u\u017cytkowanie i du\u017ce obci\u0105\u017cenia.<\/li>\n<li>Bezpiecze\u0144stwo: Cylindry czerpakowe powinny by\u0107 projektowane i produkowane tak, aby spe\u0142nia\u0142y rygorystyczne normy bezpiecze\u0144stwa, gwarantuj\u0105c bezpieczn\u0105 obs\u0142ug\u0119 i zapobiegaj\u0105c wypadkom.<\/li>\n<li>Konserwacja: Cylindry czerpakowe powinny by\u0107 projektowane z my\u015bl\u0105 o \u0142atwej konserwacji, aby w razie potrzeby mo\u017cna je by\u0142o \u0142atwo zdemontowa\u0107, naprawi\u0107 i wymieni\u0107 cz\u0119\u015bci.<\/li>\n<\/ul>\n<p><img decoding=\"async\" src=\"https:\/\/www.hydraulic-cylinders.net\/wp-content\/uploads\/2025\/01\/songte-oil-pipes-and-spare-parts.webp\" alt=\"Si\u0142ownik \u0142y\u017cki do du\u017cej koparki Caterpillar E390DL\" \/><\/p>\n<h3>Uszczelnianie i smarowanie<\/h3>\n<p>Aby zapewni\u0107 prawid\u0142owe funkcjonowanie, si\u0142owniki kube\u0142kowe wymagaj\u0105 odpowiedniego uszczelnienia i smarowania. Obejmuje to stosowanie r\u00f3\u017cnorodnych element\u00f3w uszczelniaj\u0105cych, takich jak uszczelnienia t\u0142oka, t\u0142oczyska i zgarniaczy, wykonanych z trwa\u0142ych materia\u0142\u00f3w, takich jak poliuretan i kauczuk nitrylowy, a tak\u017ce precyzyjn\u0105 obr\u00f3bk\u0119 korpusu si\u0142ownika i powierzchni gwintowanych w celu zwi\u0119kszenia odporno\u015bci na zu\u017cycie. Regularne dodawanie odpowiedniej ilo\u015bci oleju hydraulicznego jest niezb\u0119dne do zapewnienia prawid\u0142owego smarowania.<\/p>\n<h3>Konserwacja i naprawa<\/h3>\n<p>Regularne przegl\u0105dy i konserwacja zapobiegawcza maj\u0105 kluczowe znaczenie dla trwa\u0142o\u015bci si\u0142ownik\u00f3w kube\u0142kowych. Typowe czynno\u015bci konserwacyjne obejmuj\u0105:<\/p>\n<ul>\n<li>Regularna kontrola: Sprawd\u017a cylinder pod k\u0105tem uszkodze\u0144 lub zu\u017cycia, takich jak wycieki oleju, p\u0119kni\u0119cia, wgniecenia lub rdza.<\/li>\n<li>Smarowanie: Regularnie nak\u0142adaj odpowiedni smar na newralgiczne powierzchnie.<\/li>\n<li>Wymiana uszczelek: Wymie\u0144 wszystkie zu\u017cyte lub uszkodzone uszczelki, aby zapobiec wyciekowi oleju.<\/li>\n<li>Kontrola kalibracji: Nale\u017cy regularnie sprawdza\u0107 dzia\u0142anie cylindra, aby mie\u0107 pewno\u015b\u0107, \u017ce dzia\u0142a on prawid\u0142owo.<\/li>\n<\/ul>\n<p><img decoding=\"async\" src=\"https:\/\/www.hydraulic-cylinders.net\/wp-content\/uploads\/2025\/01\/songte-chushion-collar.webp\" alt=\"Si\u0142ownik \u0142y\u017cki do du\u017cej koparki Caterpillar E390DL\" \/><\/p>\n<h3>Zagadnienia bezpiecze\u0144stwa i czynniki \u015brodowiskowe<\/h3>\n<p>Cylindry czerpakowe nale\u017cy obs\u0142ugiwa\u0107 ostro\u017cnie i w odpowiednim sprz\u0119cie ochronnym, takim jak r\u0119kawice i obuwie robocze. Prawid\u0142owa utylizacja oleju hydraulicznego i innych odpad\u00f3w ma kluczowe znaczenie dla bezpiecze\u0144stwa \u015brodowiska i musi by\u0107 zgodna z lokalnymi przepisami.<\/p>\n<h3>Diagnostyka usterek i typowe problemy<\/h3>\n<p>Do typowych problem\u00f3w, kt\u00f3re mog\u0105 wp\u0142ywa\u0107 na dzia\u0142anie si\u0142ownik\u00f3w kube\u0142kowych, nale\u017c\u0105 wycieki oleju, uszkodzenia t\u0142oka i zu\u017cycie uszczelnie\u0144. Poni\u017csze wskaz\u00f3wki mog\u0105 pom\u00f3c w diagnozie i rozwi\u0105zaniu tych problem\u00f3w:<\/p>\n<ul>\n<li>Regularnie sprawdzaj, czy cylinder nie jest uszkodzony lub zu\u017cyty.<\/li>\n<li>Wymie\u0144 wszystkie zu\u017cyte lub uszkodzone uszczelki i elementy.<\/li>\n<li>Sprawd\u017a i wyreguluj kalibracj\u0119, je\u015bli to konieczne.<\/li>\n<\/ul>\n<p><img decoding=\"async\" src=\"https:\/\/www.hydraulic-cylinders.net\/wp-content\/uploads\/2025\/01\/songte-bushings-with-all-kinds-of-excavator-models.webp\" alt=\"Si\u0142ownik \u0142y\u017cki do du\u017cej koparki Caterpillar E390DL\" \/><\/p>\n<h3>O naszej firmie<\/h3>\n<p>Jeste\u015bmy wiod\u0105cym producentem i hurtowym dystrybutorem si\u0142ownik\u00f3w hydraulicznych na rynku krajowym i mi\u0119dzynarodowym. Przestrzegamy najwy\u017cszych standard\u00f3w jako\u015bci, opieramy si\u0119 na przemys\u0142owych strategiach zarz\u0105dzania produkcj\u0105 w precyzyjnie dopracowanych warsztatach produkcyjnych oraz stale ulepszamy nasz\u0105 platform\u0119 produkcyjn\u0105 i metody jako\u015bci produkt\u00f3w poprzez wykorzystanie talent\u00f3w technicznych, cyfrowego, zaawansowanego sprz\u0119tu produkcyjnego oraz profesjonalnych system\u00f3w testowych. Dysponujemy du\u017cym potencja\u0142em innowacyjnym i oferujemy produkty oraz us\u0142ugi o wysokiej wydajno\u015bci, precyzji i jako\u015bci, aby sprosta\u0107 zr\u00f3\u017cnicowanym potrzebom klient\u00f3w.<\/p>\n<p><img decoding=\"async\" src=\"https:\/\/hzpt.com\/wp-content\/uploads\/2024\/11\/songte-company-1.webp\" alt=\"Si\u0142ownik \u0142y\u017cki do du\u017cej koparki Caterpillar E390DL\" \/><\/p>\n<h3>Dlaczego warto nas wybra\u0107?<\/h3>\n<ul>\n<li>Profesjonalizm: Posiadamy zesp\u00f3\u0142 do\u015bwiadczonych fachowc\u00f3w, kt\u00f3rzy s\u0105 ekspertami w dziedzinie si\u0142ownik\u00f3w hydraulicznych.<\/li>\n<li>Certyfikacja mi\u0119dzynarodowa: Posiadamy certyfikat ISO9001 oraz inne certyfikaty mi\u0119dzynarodowe, kt\u00f3re gwarantuj\u0105 jako\u015b\u0107 naszych produkt\u00f3w.<\/li>\n<li>Us\u0142ugi dostosowywania: Mo\u017cemy dostarczy\u0107 produkty dostosowane do Twoich wymaga\u0144, aby spe\u0142ni\u0107 Twoje szczeg\u00f3lne potrzeby.<\/li>\n<li>Zaawansowany sprz\u0119t produkcyjny: Aby zagwarantowa\u0107 dok\u0142adno\u015b\u0107 i jako\u015b\u0107 naszych produkt\u00f3w, korzystamy z zaawansowanego sprz\u0119tu produkcyjnego.<\/li>\n<li>Obs\u0142uga posprzeda\u017cowa: Naszym klientom zapewniamy doskona\u0142\u0105 obs\u0142ug\u0119 posprzeda\u017cow\u0105, obejmuj\u0105c\u0105 konserwacj\u0119, naprawy i odbudow\u0119.<\/li>\n<\/ul>\n<p>Autor: lyl<\/p>","protected":false},"excerpt":{"rendered":"<p>Bucket Cylinder for Caterpillar Large Excavator E390DL Introduction A bucket cylinder for a Caterpillar large excavator E390DL is a specialized hydraulic cylinder designed primarily for controlling the movement of the bucket in heavy machinery such as excavators, backhoe loaders, and front-end loaders. Its main function is to enable the bucket to lift, lower, and tilt, [&hellip;]<\/p>","protected":false},"featured_media":14773,"comment_status":"open","ping_status":"closed","template":"","meta":{"_et_pb_use_builder":"","_et_pb_old_content":"","_et_gb_content_width":""},"product_brand":[],"product_cat":[1494],"product_tag":[1495,1496],"class_list":{"0":"post-15246","1":"product","2":"type-product","3":"status-publish","4":"has-post-thumbnail","6":"product_cat-bucket-cylinders","7":"product_tag-bucket-cylinders","8":"product_tag-hydraulic-cylinders","10":"first","11":"instock","12":"shipping-taxable","13":"product-type-simple"},"amp_enabled":true,"_links":{"self":[{"href":"https:\/\/www.hydraulic-cylinders.net\/pl\/wp-json\/wp\/v2\/product\/15246","targetHints":{"allow":["GET"]}}],"collection":[{"href":"https:\/\/www.hydraulic-cylinders.net\/pl\/wp-json\/wp\/v2\/product"}],"about":[{"href":"https:\/\/www.hydraulic-cylinders.net\/pl\/wp-json\/wp\/v2\/types\/product"}],"replies":[{"embeddable":true,"href":"https:\/\/www.hydraulic-cylinders.net\/pl\/wp-json\/wp\/v2\/comments?post=15246"}],"wp:featuredmedia":[{"embeddable":true,"href":"https:\/\/www.hydraulic-cylinders.net\/pl\/wp-json\/wp\/v2\/media\/14773"}],"wp:attachment":[{"href":"https:\/\/www.hydraulic-cylinders.net\/pl\/wp-json\/wp\/v2\/media?parent=15246"}],"wp:term":[{"taxonomy":"product_brand","embeddable":true,"href":"https:\/\/www.hydraulic-cylinders.net\/pl\/wp-json\/wp\/v2\/product_brand?post=15246"},{"taxonomy":"product_cat","embeddable":true,"href":"https:\/\/www.hydraulic-cylinders.net\/pl\/wp-json\/wp\/v2\/product_cat?post=15246"},{"taxonomy":"product_tag","embeddable":true,"href":"https:\/\/www.hydraulic-cylinders.net\/pl\/wp-json\/wp\/v2\/product_tag?post=15246"}],"curies":[{"name":"wp","href":"https:\/\/api.w.org\/{rel}","templated":true}]}}