{"id":15248,"date":"2025-01-19T14:17:29","date_gmt":"2025-01-19T14:17:29","guid":{"rendered":"https:\/\/www.hydraulic-cylinders.net\/product\/bucket-cylinder-for-caterpillar-large-excavator-e330b330c\/"},"modified":"2025-01-19T14:17:31","modified_gmt":"2025-01-19T14:17:31","slug":"bucket-cylinder-for-caterpillar-large-excavator-e330b330c","status":"publish","type":"product","link":"https:\/\/www.hydraulic-cylinders.net\/pl\/produkt\/bucket-cylinder-for-caterpillar-large-excavator-e330b330c\/","title":{"rendered":"Si\u0142ownik \u0142y\u017cki do du\u017cej koparki Caterpillar E330B330C"},"content":{"rendered":"<h1>Si\u0142ownik \u0142y\u017cki do du\u017cej koparki Caterpillar E330B330C<\/h1>\n<h2>Wst\u0119p<\/h2>\n<p>Si\u0142ownik \u0142y\u017cki to specjalnie zaprojektowany si\u0142ownik hydrauliczny s\u0142u\u017c\u0105cy do sterowania ruchem \u0142y\u017cki w ci\u0119\u017ckich maszynach, takich jak koparki, koparko-\u0142adowarki i \u0142adowarki czo\u0142owe. Jego g\u0142\u00f3wn\u0105 funkcj\u0105 jest podnoszenie, opuszczanie i przechylanie \u0142y\u017cki, co u\u0142atwia wykonywanie r\u00f3\u017cnych zada\u0144 zwi\u0105zanych z prze\u0142adunkiem materia\u0142\u00f3w. W uk\u0142adzie hydraulicznym si\u0142ownik \u0142y\u017cki zapewnia precyzyjn\u0105 kontrol\u0119 nad \u0142y\u017ck\u0105 poprzez zmiany ci\u015bnienia oleju hydraulicznego, umo\u017cliwiaj\u0105c operatorom wydajne przenoszenie du\u017cych \u0142adunk\u00f3w i dostosowywanie si\u0119 do z\u0142o\u017conych warunk\u00f3w pracy oraz zr\u00f3\u017cnicowanych wymaga\u0144 operacyjnych.<\/p>\n<p><img decoding=\"async\" src=\"https:\/\/www.hydraulic-cylinders.net\/wp-content\/uploads\/2025\/01\/songte-company-2.webp\"><\/p>\n<h2>Cechy<\/h2>\n<ul>\n<li>Wysoka wytrzyma\u0142o\u015b\u0107 i trwa\u0142o\u015b\u0107: Zazwyczaj wykonany z wytrzyma\u0142ej stali lub aluminium, wytrzymuje du\u017ce ci\u015bnienie i obci\u0105\u017cenia, jest przystosowany do trudnych warunk\u00f3w pracy, a tak\u017ce jest projektowany z uwzgl\u0119dnieniem odporno\u015bci na zu\u017cycie i korozj\u0119, co wyd\u0142u\u017ca jego \u017cywotno\u015b\u0107.<\/li>\n<li>Wydajna praca uk\u0142adu hydraulicznego: Wykorzystuj\u0105c ci\u015bnienie oleju hydraulicznego, zapewnia p\u0142ynne ruchy teleskopowe, szybko reaguje na polecenia steruj\u0105ce, zapewnia du\u017c\u0105 si\u0142\u0119 pchania i ci\u0105gni\u0119cia oraz nadaje si\u0119 do przenoszenia ci\u0119\u017ckich \u0142adunk\u00f3w i wykonywania skomplikowanych zada\u0144 operacyjnych.<\/li>\n<li>R\u00f3\u017cne typy: Dost\u0119pne w cylindrach jednostronnego dzia\u0142ania (hydraulika dzia\u0142a tylko w jednym kierunku) lub dwustronnego dzia\u0142ania (hydraulika dzia\u0142a w obu kierunkach), w zale\u017cno\u015bci od wymaga\u0144 operacyjnych. Niekt\u00f3re modele s\u0105 teleskopowe, co pozwala na wi\u0119ksze wysuni\u0119cie bez zwi\u0119kszania wymiar\u00f3w zewn\u0119trznych, dzi\u0119ki czemu nadaj\u0105 si\u0119 do zastosowa\u0144 o ograniczonej przestrzeni.<\/li>\n<li>Idealny zamiennik: Nasz produkt mo\u017ce doskonale zast\u0105pi\u0107 te si\u0142owniki hydrauliczne.<\/li>\n<\/ul>\n<p><img decoding=\"async\" src=\"https:\/\/www.hydraulic-cylinders.net\/wp-content\/uploads\/2025\/01\/songte-cylinder-head-with-all-kinds-excavator-models.webp\"><\/p>\n<h2>Aplikacje<\/h2>\n<p>Cylinder kube\u0142kowy znajduje zastosowanie w r\u00f3\u017cnorodnych urz\u0105dzeniach:<\/p>\n<ul>\n<li>Maszyny budowlane: Znajduj\u0105 si\u0119 w koparkach i s\u0105 niezb\u0119dne do wykop\u00f3w, za\u0142adunku i przemieszczania gleby lub gruzu. W koparko-\u0142adowarkach si\u0142ownik \u0142y\u017cki wspomaga zar\u00f3wno wykopy, jak i podnoszenie.<\/li>\n<li>Maszyny rolnicze: Stosowane w \u0142adowarkach czo\u0142owych do kopania, podnoszenia i transportu gleby, siana i innych materia\u0142\u00f3w.<\/li>\n<li>Koparki: Cylinder \u0142y\u017cki umo\u017cliwia kopanie poprzez umo\u017cliwienie \u0142y\u017cce wnikania w gleb\u0119.<\/li>\n<li>\u0141adowarki: W \u0142adowarkach czo\u0142owych pomagaj\u0105 w wydajnym podnoszeniu i wysypywaniu towar\u00f3w.<\/li>\n<\/ul>\n<h2>Zagadnienia projektowe i kryteria wyboru<\/h2>\n<p>Przy rozwa\u017caniach projektowych i kryteriach wyboru cylindra kube\u0142kowego nale\u017cy wzi\u0105\u0107 pod uwag\u0119 kilka czynnik\u00f3w:<\/p>\n<ul>\n<li>No\u015bno\u015b\u0107: Cylinder powinien by\u0107 zaprojektowany w taki spos\u00f3b, aby m\u00f3g\u0142 bezpiecznie i niezawodnie wytrzyma\u0107 wymagane obci\u0105\u017cenie.<\/li>\n<li>Uszczelnienie: Aby zapewni\u0107 skuteczne uszczelnienie, stosuje si\u0119 r\u00f3\u017cne uszczelnienia, takie jak uszczelnienia t\u0142okowe i t\u0142oczyskowe, wykonane z materia\u0142\u00f3w odpornych na zu\u017cycie, takich jak poliuretan i kauczuk nitrylowy. Korpus cylindra i gwintowane ko\u0144c\u00f3wki s\u0105 precyzyjnie obrabiane w celu zwi\u0119kszenia odporno\u015bci na zu\u017cycie.<\/li>\n<li>Trwa\u0142o\u015b\u0107: Cylinder powinien by\u0107 zaprojektowany w taki spos\u00f3b, aby wytrzyma\u0142 trudne warunki panuj\u0105ce w \u015brodowisku pracy i zapewnia\u0142 d\u0142ugotrwa\u0142\u0105 wydajno\u015b\u0107.<\/li>\n<li>Bezpiecze\u0144stwo: Konstrukcja maszyny powinna uwzgl\u0119dnia\u0107 elementy bezpiecze\u0144stwa, kt\u00f3re zapobiegn\u0105 wypadkom i zapewni\u0105 bezpiecze\u0144stwo operatora.<\/li>\n<li>\u0141atwo\u015b\u0107 konserwacji: Cylinder powinien by\u0107 zaprojektowany w spos\u00f3b umo\u017cliwiaj\u0105cy \u0142atw\u0105 konserwacj\u0119, umo\u017cliwiaj\u0105c wygodn\u0105 kontrol\u0119, smarowanie i wymian\u0119 cz\u0119\u015bci.<\/li>\n<\/ul>\n<p><img decoding=\"async\" src=\"https:\/\/www.hydraulic-cylinders.net\/wp-content\/uploads\/2025\/01\/songte-oil-pipes-and-spare-parts.webp\"><\/p>\n<h2>Uszczelnianie i smarowanie<\/h2>\n<p>W cylindrze czerpakowym zastosowano r\u00f3\u017cnorodne uszczelnienia, takie jak uszczelnienia t\u0142oka i t\u0142oczyska, wykonane z materia\u0142\u00f3w odpornych na zu\u017cycie, takich jak poliuretan i kauczuk nitrylowy. Korpus cylindra i gwintowane ko\u0144c\u00f3wki s\u0105 precyzyjnie obrobione w celu zwi\u0119kszenia odporno\u015bci na zu\u017cycie. Regularne smarowanie jest niezb\u0119dne dla zapewnienia p\u0142ynnej pracy. Zaleca si\u0119 regularne uzupe\u0142nianie odpowiedniej ilo\u015bci oleju hydraulicznego w celu smarowania.<\/p>\n<h2>Regularne kontrole i konserwacja zapobiegawcza<\/h2>\n<p>Aby utrzyma\u0107 optymaln\u0105 wydajno\u015b\u0107 si\u0142ownika \u0142y\u017cki, niezb\u0119dne s\u0105 regularne kontrole i konserwacja zapobiegawcza. Oto kilka sugerowanych dzia\u0142a\u0144:<\/p>\n<ul>\n<li>Regularnie sprawdzaj cylinder pod k\u0105tem oznak zu\u017cycia, nieszczelno\u015bci lub uszkodze\u0144.<\/li>\n<li>Nale\u017cy zapewni\u0107 w\u0142a\u015bciwe smarowanie zgodnie z wytycznymi producenta.<\/li>\n<li>W razie konieczno\u015bci wymie\u0144 uszczelki, aby zachowa\u0107 skuteczno\u015b\u0107 uszczelnienia.<\/li>\n<li>Przeprowad\u017a kontrol\u0119 kalibracji, aby zapewni\u0107 precyzj\u0119 dzia\u0142ania.<\/li>\n<\/ul>\n<p><img decoding=\"async\" src=\"https:\/\/www.hydraulic-cylinders.net\/wp-content\/uploads\/2025\/01\/songte-chushion-collar.webp\"><\/p>\n<h2>Zagadnienia bezpiecze\u0144stwa i czynniki \u015brodowiskowe<\/h2>\n<p>Podczas u\u017cytkowania cylindra \u0142y\u017cki, \u015brodki bezpiecze\u0144stwa s\u0105 niezwykle wa\u017cne. Operatorzy powinni przestrzega\u0107 wytycznych i \u015brodk\u00f3w ostro\u017cno\u015bci, aby zapobiega\u0107 wypadkom i zapewni\u0107 bezpieczne \u015brodowisko pracy. Ponadto, aby zminimalizowa\u0107 negatywny wp\u0142yw na \u015brodowisko, kluczowe jest uwzgl\u0119dnienie czynnik\u00f3w \u015brodowiskowych, takich jak prawid\u0142owa utylizacja odpad\u00f3w i przestrzeganie przepis\u00f3w.<\/p>\n<h2>Rozwi\u0105zywanie problem\u00f3w i typowe problemy<\/h2>\n<p>Pomimo swojej trwa\u0142o\u015bci, si\u0142owniki kube\u0142kowe mog\u0105 sprawia\u0107 problemy. Oto kilka typowych problem\u00f3w i wskaz\u00f3wek dotycz\u0105cych rozwi\u0105zywania problem\u00f3w:<\/p>\n<ul>\n<li>Problem: Wyciek Rozwi\u0105zanie: Sprawd\u017a uszczelki i w razie potrzeby wymie\u0144 je.<\/li>\n<li>Problem: Powolny lub niesprawny ruch Rozwi\u0105zanie: Sprawd\u017a poziom p\u0142ynu hydraulicznego i upewnij si\u0119, \u017ce jest on prawid\u0142owo smarowany.<\/li>\n<li>Problem: Nietypowy ha\u0142as Rozwi\u0105zanie: Sprawd\u017a, czy cz\u0119\u015bci nie s\u0105 lu\u017ane lub zu\u017cyte i odpowiednio je dokr\u0119\u0107 lub wymie\u0144.<\/li>\n<\/ul>\n<p><img decoding=\"async\" src=\"https:\/\/www.hydraulic-cylinders.net\/wp-content\/uploads\/2025\/01\/songte-bushings-with-all-kinds-of-excavator-models.webp\"><\/p>\n<p>Dzi\u0119ki przestrzeganiu prawid\u0142owych procedur instalacji, smarowania i regulacji czytelnicy mog\u0105 skutecznie diagnozowa\u0107 i rozwi\u0105zywa\u0107 problemy oraz wdra\u017ca\u0107 \u015brodki zapobiegawcze w celu zminimalizowania potencjalnych usterek, zapewniaj\u0105c d\u0142ugowieczno\u015b\u0107 cylindra czerpakowego.<\/p>\n<h2>O naszej firmie<\/h2>\n<p>Jeste\u015bmy wiod\u0105cym producentem i hurtowym dystrybutorem si\u0142ownik\u00f3w hydraulicznych na rynku krajowym i mi\u0119dzynarodowym. Nasza firma oferuje szerok\u0105 gam\u0119 produkt\u00f3w i d\u0105\u017cy do zapewnienia najwy\u017cszej jako\u015bci. Dzi\u0119ki zaawansowanym zak\u0142adom produkcyjnym, zespo\u0142owi wykwalifikowanych specjalist\u00f3w i dba\u0142o\u015bci o zadowolenie klienta, dok\u0142adamy wszelkich stara\u0144, aby sprosta\u0107 zr\u00f3\u017cnicowanym potrzebom klient\u00f3w, zapewniaj\u0105c wysok\u0105 wydajno\u015b\u0107, precyzj\u0119 i jako\u015b\u0107.<\/p>\n<p><img decoding=\"async\" src=\"https:\/\/www.hydraulic-cylinders.net\/wp-content\/uploads\/2025\/01\/songte-company-3.webp\"><\/p>\n<p>Nasza firma szczyci si\u0119 profesjonalizmem, mi\u0119dzynarodowymi certyfikatami, zindywidualizowanymi us\u0142ugami, najnowocze\u015bniejszym sprz\u0119tem produkcyjnym oraz kompleksow\u0105 obs\u0142ug\u0105 posprzeda\u017cow\u0105. Priorytetem jest dla nas zapewnienie najwy\u017cszych standard\u00f3w w ka\u017cdym aspekcie naszej dzia\u0142alno\u015bci, aby zapewni\u0107 satysfakcj\u0119 klienta.<\/p>\n<p>Autor: lyl<\/p>","protected":false},"excerpt":{"rendered":"<p>Bucket Cylinder For Caterpillar Large Excavator E330B330C Introduction A bucket cylinder is a specially designed hydraulic cylinder that is used to control the movement of buckets in heavy machinery such as excavators, backhoe loaders, and front-end loaders. Its main function is to enable the lifting, lowering, and tilting of the bucket, making it convenient for [&hellip;]<\/p>","protected":false},"featured_media":14769,"comment_status":"open","ping_status":"closed","template":"","meta":{"_et_pb_use_builder":"","_et_pb_old_content":"","_et_gb_content_width":""},"product_brand":[],"product_cat":[1494],"product_tag":[1495,1496],"class_list":{"0":"post-15248","1":"product","2":"type-product","3":"status-publish","4":"has-post-thumbnail","6":"product_cat-bucket-cylinders","7":"product_tag-bucket-cylinders","8":"product_tag-hydraulic-cylinders","10":"first","11":"instock","12":"shipping-taxable","13":"product-type-simple"},"amp_enabled":true,"_links":{"self":[{"href":"https:\/\/www.hydraulic-cylinders.net\/pl\/wp-json\/wp\/v2\/product\/15248","targetHints":{"allow":["GET"]}}],"collection":[{"href":"https:\/\/www.hydraulic-cylinders.net\/pl\/wp-json\/wp\/v2\/product"}],"about":[{"href":"https:\/\/www.hydraulic-cylinders.net\/pl\/wp-json\/wp\/v2\/types\/product"}],"replies":[{"embeddable":true,"href":"https:\/\/www.hydraulic-cylinders.net\/pl\/wp-json\/wp\/v2\/comments?post=15248"}],"wp:featuredmedia":[{"embeddable":true,"href":"https:\/\/www.hydraulic-cylinders.net\/pl\/wp-json\/wp\/v2\/media\/14769"}],"wp:attachment":[{"href":"https:\/\/www.hydraulic-cylinders.net\/pl\/wp-json\/wp\/v2\/media?parent=15248"}],"wp:term":[{"taxonomy":"product_brand","embeddable":true,"href":"https:\/\/www.hydraulic-cylinders.net\/pl\/wp-json\/wp\/v2\/product_brand?post=15248"},{"taxonomy":"product_cat","embeddable":true,"href":"https:\/\/www.hydraulic-cylinders.net\/pl\/wp-json\/wp\/v2\/product_cat?post=15248"},{"taxonomy":"product_tag","embeddable":true,"href":"https:\/\/www.hydraulic-cylinders.net\/pl\/wp-json\/wp\/v2\/product_tag?post=15248"}],"curies":[{"name":"wp","href":"https:\/\/api.w.org\/{rel}","templated":true}]}}