{"id":15249,"date":"2025-01-19T14:17:33","date_gmt":"2025-01-19T14:17:33","guid":{"rendered":"https:\/\/www.hydraulic-cylinders.net\/product\/bucket-cylinder-for-caterpillar-large-excavator-e336dl\/"},"modified":"2025-01-19T14:17:35","modified_gmt":"2025-01-19T14:17:35","slug":"bucket-cylinder-for-caterpillar-large-excavator-e336dl","status":"publish","type":"product","link":"https:\/\/www.hydraulic-cylinders.net\/pl\/produkt\/bucket-cylinder-for-caterpillar-large-excavator-e336dl\/","title":{"rendered":"Si\u0142ownik \u0142y\u017cki do du\u017cej koparki Caterpillar E336DL"},"content":{"rendered":"<h1>Si\u0142ownik \u0142y\u017cki do du\u017cej koparki Caterpillar E336DL<\/h1>\n<h2>Wst\u0119p<\/h2>\n<p>Si\u0142ownik \u0142y\u017cki do koparki Caterpillar E336DL to specjalistyczny si\u0142ownik hydrauliczny, u\u017cywany g\u0142\u00f3wnie do sterowania ruchem \u0142y\u017cki w ci\u0119\u017ckich maszynach, takich jak koparki, koparko-\u0142adowarki i \u0142adowarki czo\u0142owe. Jego g\u0142\u00f3wn\u0105 funkcj\u0105 jest podnoszenie, opuszczanie i przechylanie \u0142y\u017cki, u\u0142atwiaj\u0105c wykonywanie r\u00f3\u017cnych zada\u0144 zwi\u0105zanych z prze\u0142adunkiem materia\u0142\u00f3w. W uk\u0142adzie hydraulicznym si\u0142ownik \u0142y\u017cki wykorzystuje zmiany ci\u015bnienia oleju hydraulicznego, aby zapewni\u0107 precyzyjn\u0105 kontrol\u0119 nad \u0142y\u017ck\u0105, umo\u017cliwiaj\u0105c operatorom wydajne przenoszenie ci\u0119\u017ckich \u0142adunk\u00f3w i dostosowanie si\u0119 do z\u0142o\u017conych warunk\u00f3w pracy oraz zr\u00f3\u017cnicowanych potrzeb operacyjnych.<\/p>\n<p><img decoding=\"async\" src=\"https:\/\/www.hydraulic-cylinders.net\/wp-content\/uploads\/2025\/01\/songte-company-2.webp\" \/><\/p>\n<h2>Cechy<\/h2>\n<ul>\n<li>Wysoka wytrzyma\u0142o\u015b\u0107 i trwa\u0142o\u015b\u0107: zazwyczaj wykonane z wysokowytrzyma\u0142ej stali lub aluminium, wytrzymuj\u0105 du\u017ce ci\u015bnienie i du\u017ce obci\u0105\u017cenia, nadaj\u0105 si\u0119 do trudnych warunk\u00f3w pracy, zaprojektowane z uwzgl\u0119dnieniem odporno\u015bci na zu\u017cycie i korozj\u0119, co wyd\u0142u\u017ca ich \u017cywotno\u015b\u0107.<\/li>\n<li>Wydajne dzia\u0142anie uk\u0142adu hydraulicznego: wykorzystuje ci\u015bnienie oleju hydraulicznego w celu uzyskania p\u0142ynnego rozci\u0105gania i kurczenia, umo\u017cliwia szybk\u0105 reakcj\u0119 na polecenia steruj\u0105ce, zapewnia du\u017c\u0105 si\u0142\u0119 pchania i ci\u0105gni\u0119cia, nadaje si\u0119 do obs\u0142ugi du\u017cych obci\u0105\u017ce\u0144 i skomplikowanych zada\u0144 operacyjnych.<\/li>\n<li>R\u00f3\u017cnorodno\u015b\u0107 typ\u00f3w: cylindry jednostronnego dzia\u0142ania (hydrauliczne tylko w jednym kierunku) lub dwustronnego dzia\u0142ania (hydrauliczne w obu kierunkach) mo\u017cna dobra\u0107 w zale\u017cno\u015bci od potrzeb, aby spe\u0142ni\u0107 zr\u00f3\u017cnicowane potrzeby operacyjne. Niekt\u00f3re modele s\u0105 teleskopowe, co pozwala na wi\u0119ksze wysuni\u0119cie bez zwi\u0119kszania wymiar\u00f3w zewn\u0119trznych, i nadaje si\u0119 do zastosowa\u0144 w ograniczonej przestrzeni.<\/li>\n<li>\u0141atwy monta\u017c: zaprojektowany z my\u015bl\u0105 o prostych punktach mocowania, co u\u0142atwia instalacj\u0119 i wymian\u0119.<\/li>\n<li>Niskie wymagania konserwacyjne: wymagaj\u0105 minimalnej konserwacji, co zmniejsza przestoje i koszty konserwacji.<\/li>\n<\/ul>\n<p><img decoding=\"async\" src=\"https:\/\/www.hydraulic-cylinders.net\/wp-content\/uploads\/2025\/01\/songte-cylinder-head-with-all-kinds-excavator-models.webp\" \/><\/p>\n<h2>Aplikacje<\/h2>\n<p>Si\u0142ownik \u0142y\u017cki do du\u017cej koparki Caterpillar E336DL jest szeroko stosowany w r\u00f3\u017cnych ga\u0142\u0119ziach przemys\u0142u, w tym:<\/p>\n<h3>Sprz\u0119t budowlany<\/h3>\n<p>W koparkach s\u0105 niezb\u0119dne do kopania, za\u0142adunku i przemieszczania gleby lub gruzu. W koparko-\u0142adowarkach cylindry \u0142y\u017cki pomagaj\u0105 zar\u00f3wno w kopaniu, jak i podnoszeniu. <\/p>\n<h3>Maszyny rolnicze<\/h3>\n<p>U\u017cywane w \u0142adowarkach czo\u0142owych do nabierania, podnoszenia i transportu ziemi, siana i innych materia\u0142\u00f3w. W koparkach cylindry \u0142y\u017cki umo\u017cliwiaj\u0105 kopanie, pozwalaj\u0105c \u0142y\u017cce na penetracj\u0119 gleby. W \u0142adowarkach czo\u0142owych pomagaj\u0105 w sprawnym wysypywaniu i przechylaniu materia\u0142\u00f3w.<\/p>\n<p><img decoding=\"async\" src=\"https:\/\/www.hydraulic-cylinders.net\/wp-content\/uploads\/2025\/01\/songte-bushings-with-all-kinds-of-excavator-models.webp\" \/><\/p>\n<h2>Zagadnienia projektowe i kryteria wyboru<\/h2>\n<p>Si\u0142ownik \u0142y\u017cki do du\u017cej koparki Caterpillar E336DL zosta\u0142 zaprojektowany z uwzgl\u0119dnieniem kilku kluczowych kwestii:<\/p>\n<h3>No\u015bno\u015b\u0107<\/h3>\n<p>Cylinder musi wytrzyma\u0107 du\u017ce obci\u0105\u017cenia i ci\u015bnienie, a tak\u017ce trudne warunki pracy.<\/p>\n<h3>Uszczelnienie i trwa\u0142o\u015b\u0107<\/h3>\n<p>W cylindrze zastosowano r\u00f3\u017cnorodne uszczelnienia, takie jak uszczelki t\u0142okowe, uszczelki t\u0142oczyskowe itp., wykonane z materia\u0142\u00f3w odpornych na zu\u017cycie, takich jak poliuretan i kauczuk nitrylowy, co zwi\u0119ksza trwa\u0142o\u015b\u0107. Korpus cylindra i powierzchnia gwintu s\u0105 precyzyjnie obrobione, aby zwi\u0119kszy\u0107 odporno\u015b\u0107 na zu\u017cycie. Regularne smarowanie jest wymagane dla prawid\u0142owego smarowania.<\/p>\n<h3>Bezpiecze\u0144stwo i konserwacja<\/h3>\n<p>Cylinder zosta\u0142 zaprojektowany tak, aby by\u0142 \u0142atwy w monta\u017cu, wymianie i konserwacji, co pozwala ograniczy\u0107 przestoje i koszty konserwacji. Zaleca si\u0119 regularne przegl\u0105dy i konserwacj\u0119 zapobiegawcz\u0105 w celu zapewnienia prawid\u0142owego dzia\u0142ania i bezpiecznego u\u017cytkowania.<\/p>\n<p><img decoding=\"async\" src=\"https:\/\/www.hydraulic-cylinders.net\/wp-content\/uploads\/2025\/01\/songte-oil-pipes-and-spare-parts.webp\" \/><\/p>\n<h2>Przewodnik instalacji<\/h2>\n<p>Prawid\u0142owy monta\u017c ma kluczowe znaczenie dla optymalnej wydajno\u015bci i trwa\u0142o\u015bci si\u0142ownika \u0142y\u017cki do du\u017cej koparki Caterpillar E336DL. Aby prawid\u0142owo zamontowa\u0107 si\u0142ownik, nale\u017cy wykona\u0107 poni\u017csze czynno\u015bci:<\/p>\n<ol>\n<li>Upewnij si\u0119, \u017ce cylinder jest prawid\u0142owo ustawiony i u\u017cyj odpowiednich wspornik\u00f3w monta\u017cowych, aby go zabezpieczy\u0107.<\/li>\n<li>Podczas monta\u017cu nale\u017cy stosowa\u0107 odpowiednie smarowanie i w razie potrzeby regularnie nak\u0142ada\u0107 olej konserwacyjny.<\/li>\n<li>Regularnie sprawdzaj i wymieniaj uszczelki oraz, je\u015bli to konieczne, wykonuj kontrole kalibracji.<\/li>\n<\/ol>\n<h2>Bezpiecze\u0144stwo i wzgl\u0119dy \u015brodowiskowe<\/h2>\n<p>Podczas u\u017cytkowania si\u0142ownika \u0142y\u017cki do du\u017cej koparki Caterpillar E336DL nale\u017cy zachowa\u0107 \u015brodki bezpiecze\u0144stwa, aby zapobiec wypadkom. Operatorzy musz\u0105 posiada\u0107 odpowiednie przeszkolenie i sprz\u0119t ochronny.<\/p>\n<h2>Rozwi\u0105zywanie problem\u00f3w i typowe problemy<\/h2>\n<p>Typowe problemy z si\u0142ownikiem \u0142y\u017cki do du\u017cej koparki Caterpillar E336DL obejmuj\u0105 wycieki p\u0142ynu, obni\u017con\u0105 wydajno\u015b\u0107 i usterki mechaniczne. Aby zdiagnozowa\u0107 i rozwi\u0105za\u0107 problemy, zaleca si\u0119 regularn\u0105 konserwacj\u0119 i u\u017cycie odpowiednich cz\u0119\u015bci zamiennych.<\/p>\n<h2>O nas<\/h2>\n<p>Jeste\u015bmy wiod\u0105cym producentem i hurtowym dystrybutorem cylindr\u00f3w hydraulicznych, specjalizuj\u0105cym si\u0119 w wymianie cylindr\u00f3w hydraulicznych. Nasza oferta jest kompletna, a my stali\u015bmy si\u0119 jednym z wiod\u0105cych producent\u00f3w i hurtowych dystrybutor\u00f3w cylindr\u00f3w hydraulicznych na rynku krajowym i mi\u0119dzynarodowym. Przestrzegamy zasady doskona\u0142ej jako\u015bci i opieramy si\u0119 na strategii zarz\u0105dzania produkcj\u0105 przemys\u0142ow\u0105 w wyspecjalizowanych warsztatach produkcyjnych, wykorzystuj\u0105c talenty techniczne, cyfrowy sprz\u0119t produkcyjny wysokiej klasy oraz profesjonalne systemy testowe. Stale udoskonalamy platform\u0119 produkcyjn\u0105 warsztatu, podnosimy jako\u015b\u0107 procesu produkcyjnego i posiadamy silne zdolno\u015bci kreatywne, aby sprosta\u0107 zr\u00f3\u017cnicowanym potrzebom klient\u00f3w, zapewniaj\u0105c wysok\u0105 wydajno\u015b\u0107, precyzj\u0119 i jako\u015b\u0107.<\/p>\n<p><img decoding=\"async\" src=\"https:\/\/hzpt.com\/wp-content\/uploads\/2024\/11\/songte-company-1.webp\" \/><\/p>\n<h3>Profesjonalizm<\/h3>\n<p>Nasz zesp\u00f3\u0142 do\u015bwiadczonych specjalist\u00f3w gwarantuje jako\u015b\u0107 ka\u017cdego wytwarzanego przez nas produktu i oferuje wyj\u0105tkow\u0105 obs\u0142ug\u0119 klienta.<\/p>\n<h3>Mi\u0119dzynarodowa Certyfikacja<\/h3>\n<p>Nasze produkty spe\u0142niaj\u0105 wymogi ISO9001, CE oraz inne certyfikaty mi\u0119dzynarodowe, co gwarantuje, \u017ce spe\u0142niaj\u0105 lub przewy\u017cszaj\u0105 standardy bran\u017cowe.<\/p>\n<h3>Us\u0142ugi personalizacji<\/h3>\n<p>Dostarczamy rozwi\u0105zania w zakresie si\u0142ownik\u00f3w hydraulicznych dostosowane do indywidualnych potrzeb klient\u00f3w.<\/p>\n<h3>Sprz\u0119t produkcyjny<\/h3>\n<p>Do produkcji wysokiej jako\u015bci cylindr\u00f3w hydraulicznych wykorzystujemy najnowocze\u015bniejszy sprz\u0119t cyfrowy.<\/p>\n<h3>Serwis posprzeda\u017cowy<\/h3>\n<p>Zapewniamy doskona\u0142\u0105 obs\u0142ug\u0119 posprzeda\u017cow\u0105, obejmuj\u0105c\u0105 konserwacj\u0119, naprawy i wymian\u0119.<\/p>\n<p><img decoding=\"async\" src=\"https:\/\/www.hydraulic-cylinders.net\/wp-content\/uploads\/2025\/01\/songte-chushion-collar.webp\" \/><\/p>\n<p>Autor: lyl.<\/p>","protected":false},"excerpt":{"rendered":"<p>Bucket Cylinder For Caterpillar Large Excavator E336DL Introduction The Bucket Cylinder for Caterpillar Large Excavator E336DL is a specialized hydraulic cylinder primarily used to control the movement of buckets in heavy machinery such as excavators, backhoe excavators, and front-end loaders. Its main function is to enable the bucket to lift, lower, and tilt, making it [&hellip;]<\/p>","protected":false},"featured_media":14765,"comment_status":"open","ping_status":"closed","template":"","meta":{"_et_pb_use_builder":"","_et_pb_old_content":"","_et_gb_content_width":""},"product_brand":[],"product_cat":[1494],"product_tag":[1495,1496],"class_list":{"0":"post-15249","1":"product","2":"type-product","3":"status-publish","4":"has-post-thumbnail","6":"product_cat-bucket-cylinders","7":"product_tag-bucket-cylinders","8":"product_tag-hydraulic-cylinders","10":"first","11":"instock","12":"shipping-taxable","13":"product-type-simple"},"amp_enabled":true,"_links":{"self":[{"href":"https:\/\/www.hydraulic-cylinders.net\/pl\/wp-json\/wp\/v2\/product\/15249","targetHints":{"allow":["GET"]}}],"collection":[{"href":"https:\/\/www.hydraulic-cylinders.net\/pl\/wp-json\/wp\/v2\/product"}],"about":[{"href":"https:\/\/www.hydraulic-cylinders.net\/pl\/wp-json\/wp\/v2\/types\/product"}],"replies":[{"embeddable":true,"href":"https:\/\/www.hydraulic-cylinders.net\/pl\/wp-json\/wp\/v2\/comments?post=15249"}],"wp:featuredmedia":[{"embeddable":true,"href":"https:\/\/www.hydraulic-cylinders.net\/pl\/wp-json\/wp\/v2\/media\/14765"}],"wp:attachment":[{"href":"https:\/\/www.hydraulic-cylinders.net\/pl\/wp-json\/wp\/v2\/media?parent=15249"}],"wp:term":[{"taxonomy":"product_brand","embeddable":true,"href":"https:\/\/www.hydraulic-cylinders.net\/pl\/wp-json\/wp\/v2\/product_brand?post=15249"},{"taxonomy":"product_cat","embeddable":true,"href":"https:\/\/www.hydraulic-cylinders.net\/pl\/wp-json\/wp\/v2\/product_cat?post=15249"},{"taxonomy":"product_tag","embeddable":true,"href":"https:\/\/www.hydraulic-cylinders.net\/pl\/wp-json\/wp\/v2\/product_tag?post=15249"}],"curies":[{"name":"wp","href":"https:\/\/api.w.org\/{rel}","templated":true}]}}