{"id":15255,"date":"2025-01-19T14:18:02","date_gmt":"2025-01-19T14:18:02","guid":{"rendered":"https:\/\/www.hydraulic-cylinders.net\/product\/bucket-cylinder-for-caterpillar-large-excavator-e330d-330l\/"},"modified":"2025-01-19T14:18:04","modified_gmt":"2025-01-19T14:18:04","slug":"bucket-cylinder-for-caterpillar-large-excavator-e330d-330l","status":"publish","type":"product","link":"https:\/\/www.hydraulic-cylinders.net\/pl\/produkt\/bucket-cylinder-for-caterpillar-large-excavator-e330d-330l\/","title":{"rendered":"Si\u0142ownik \u0142y\u017cki do du\u017cej koparki Caterpillar E330D\/330L"},"content":{"rendered":"<h1>Si\u0142ownik \u0142y\u017cki do du\u017cej koparki Caterpillar E330D\/330L<\/h1>\n<h2>Wst\u0119p<\/h2>\n<p>Si\u0142ownik \u0142y\u017cki do koparki Caterpillar E330D\/330L to specjalnie zaprojektowany si\u0142ownik hydrauliczny, kt\u00f3ry s\u0142u\u017cy g\u0142\u00f3wnie do sterowania ruchem \u0142y\u017cki w ci\u0119\u017ckich maszynach, takich jak koparki, koparko-\u0142adowarki i \u0142adowarki czo\u0142owe. Jego g\u0142\u00f3wn\u0105 funkcj\u0105 jest podnoszenie, opuszczanie i przechylanie \u0142y\u017cki, u\u0142atwiaj\u0105c wykonywanie r\u00f3\u017cnych zada\u0144 zwi\u0105zanych z prze\u0142adunkiem materia\u0142\u00f3w. W uk\u0142adzie hydraulicznym si\u0142ownik \u0142y\u017cki steruje precyzyjnym ruchem \u0142y\u017cki poprzez zmiany ci\u015bnienia oleju hydraulicznego, umo\u017cliwiaj\u0105c operatorom wydajne przenoszenie ci\u0119\u017ckich \u0142adunk\u00f3w i dostosowywanie si\u0119 do z\u0142o\u017conych warunk\u00f3w pracy oraz zr\u00f3\u017cnicowanych wymaga\u0144 operacyjnych.<\/p>\n<p><img decoding=\"async\" src=\"https:\/\/www.hydraulic-cylinders.net\/wp-content\/uploads\/2025\/01\/songte-company-2.webp\" \/><\/p>\n<h2>Cechy<\/h2>\n<ul>\n<li>\n<h3>Wysoka wytrzyma\u0142o\u015b\u0107 i trwa\u0142o\u015b\u0107<\/h3>\n<p>Cylinder czerpakowy jest zwykle wykonany z wytrzyma\u0142ej stali lub aluminium, co pozwala na wytrzymywanie du\u017cego ci\u015bnienia i du\u017cych obci\u0105\u017ce\u0144, przystosowanie do trudnych warunk\u00f3w pracy oraz odporno\u015b\u0107 na zu\u017cycie i korozj\u0119, co wyd\u0142u\u017ca jego \u017cywotno\u015b\u0107.<\/p>\n<\/li>\n<li>\n<h3>Wydajna praca hydrauliczna<\/h3>\n<p>Si\u0142ownik czerpakowy wykorzystuje ci\u015bnienie oleju hydraulicznego, aby zapewni\u0107 p\u0142ynne rozci\u0105ganie i kurczenie, mo\u017ce szybko reagowa\u0107 na polecenia steruj\u0105ce, zapewnia du\u017c\u0105 si\u0142\u0119 pchania i ci\u0105gni\u0119cia oraz nadaje si\u0119 do przenoszenia ci\u0119\u017ckich \u0142adunk\u00f3w i wykonywania skomplikowanych zada\u0144 operacyjnych.<\/p>\n<\/li>\n<li>\n<h3>R\u00f3\u017cne typy<\/h3>\n<p>Si\u0142ownik czerpakowy mo\u017ce by\u0107 wybrany jako si\u0142ownik jednostronnego dzia\u0142ania (hydraulika dzia\u0142a tylko w jednym kierunku) lub dwustronnego dzia\u0142ania (hydraulika dzia\u0142a w obu kierunkach), w zale\u017cno\u015bci od potrzeb i wymaga\u0144 operacyjnych. Niekt\u00f3re modele s\u0105 teleskopowe, co pozwala na wi\u0119ksze wysuni\u0119cie bez zwi\u0119kszania wymiar\u00f3w zewn\u0119trznych, co jest odpowiednie do zastosowa\u0144 w ograniczonej przestrzeni.<\/p>\n<\/li>\n<li>\n<h3>Idealny zamiennik<\/h3>\n<p>Nasze produkty doskonale zast\u0119puj\u0105 si\u0142owniki hydrauliczne. Oferujemy r\u00f3\u017cne typy i modele si\u0142ownik\u00f3w czerpakowych, kt\u00f3re mo\u017cemy dostosowa\u0107 do indywidualnych wymaga\u0144 klienta.<\/p>\n<\/li>\n<li>\n<h3>Szerokie zastosowanie<\/h3>\n<p>Si\u0142ownik \u0142y\u017cki jest powszechnie stosowany w r\u00f3\u017cnych maszynach budowlanych, takich jak koparki, koparko-\u0142adowarki, \u0142adowarki czo\u0142owe oraz w maszynach rolniczych, takich jak \u0142adowarki, koparki itp. Jest on r\u00f3wnie\u017c stosowany w innych urz\u0105dzeniach do transportu materia\u0142\u00f3w, takich jak w\u00f3zki wid\u0142owe.<\/p>\n<\/li>\n<\/ul>\n<h2>Zagadnienia projektowe i kryteria wyboru<\/h2>\n<ul>\n<li>\n<h3>No\u015bno\u015b\u0107<\/h3>\n<p>Cylinder \u0142y\u017cki musi by\u0107 w stanie wytrzyma\u0107 obci\u0105\u017cenie i ci\u015bnienie przenoszonego materia\u0142u. No\u015bno\u015b\u0107 cylindra powinna by\u0107 dostosowana do konkretnych wymaga\u0144 operacyjnych.<\/p>\n<\/li>\n<li>\n<h3>Wydajno\u015b\u0107 uszczelnienia<\/h3>\n<p>W cylindrze kube\u0142kowym zastosowano r\u00f3\u017cnorodne elementy uszczelniaj\u0105ce, takie jak uszczelki t\u0142oka i t\u0142oczyska, wykonane z materia\u0142\u00f3w odpornych na zu\u017cycie, takich jak poliuretan i kauczuk nitrylowy, aby zapewni\u0107 dobr\u0105 szczelno\u015b\u0107 i zapobiec wyciekom oleju. Korpus cylindra i powierzchnia gwintu s\u0105 precyzyjnie obrobione, aby zwi\u0119kszy\u0107 odporno\u015b\u0107 na zu\u017cycie.<\/p>\n<\/li>\n<li>\n<h3>Trwa\u0142o\u015b\u0107<\/h3>\n<p>Cylinder czerpakowy powinien by\u0107 wykonany z materia\u0142\u00f3w najwy\u017cszej jako\u015bci, a dob\u00f3r materia\u0142\u00f3w i proces\u00f3w produkcyjnych powinien gwarantowa\u0107 dobr\u0105 trwa\u0142o\u015b\u0107 i wyd\u0142u\u017cy\u0107 \u017cywotno\u015b\u0107 cylindra.<\/p>\n<\/li>\n<li>\n<h3>Bezpiecze\u0144stwo<\/h3>\n<p>Cylinder czerpakowy powinien by\u0107 zaprojektowany i wyprodukowany z uwzgl\u0119dnieniem kwestii bezpiecze\u0144stwa, a jego parametry bezpiecze\u0144stwa powinny spe\u0142nia\u0107 odpowiednie normy krajowe i mi\u0119dzynarodowe.<\/p>\n<\/li>\n<li>\n<h3>Konserwacja<\/h3>\n<p>Cylinder czerpakowy powinien by\u0107 \u0142atwy w konserwacji i naprawie, a jego elementy powinny by\u0107 \u0142atwe w demonta\u017cu i wymianie. Nale\u017cy regularnie przeprowadza\u0107 przegl\u0105dy i konserwacj\u0119, aby zapewni\u0107 dobry stan techniczny cylindra.<\/p>\n<\/li>\n<\/ul>\n<p><img decoding=\"async\" src=\"https:\/\/www.hydraulic-cylinders.net\/wp-content\/uploads\/2025\/01\/songte-oil-pipes-and-spare-parts.webp\" \/><\/p>\n<h2>Instalacja i konserwacja<\/h2>\n<p>Prawid\u0142owy monta\u017c i konserwacja cylindra czerpakowego mog\u0105 zapewni\u0107 jego d\u0142ugotrwa\u0142\u0105 i niezawodn\u0105 prac\u0119. Poni\u017cej przedstawiono typowe czynno\u015bci konserwacyjne:<\/p>\n<h3>Regularna kontrola<\/h3>\n<p>Regularna kontrola cylindra \u0142y\u017cki mo\u017ce pom\u00f3c w wykryciu potencjalnych problem\u00f3w i zapobieganiu awariom. Obejmuje ona sprawdzenie poziomu oleju hydraulicznego, sprawdzenie uszczelek i podk\u0142adek pod k\u0105tem zu\u017cycia i uszkodze\u0144 oraz sprawdzenie cylindra pod k\u0105tem p\u0119kni\u0119\u0107 i innych uszkodze\u0144.<\/p>\n<h3>Smarowanie<\/h3>\n<p>Si\u0142ownik \u0142y\u017cki wymaga regularnego smarowania, aby zapewni\u0107 p\u0142ynn\u0105 i wydajn\u0105 prac\u0119. Nale\u017cy dobra\u0107 odpowiedni olej hydrauliczny i uzupe\u0142ni\u0107 go zgodnie z zaleceniami producenta.<\/p>\n<h3>Wymiana uszczelki i kontrola kalibracji<\/h3>\n<p>Uszczelki cylindra wiadra nale\u017cy regularnie wymienia\u0107, aby zapobiec wyciekom oleju. Dodatkowo nale\u017cy przeprowadza\u0107 kontrole kalibracji, aby upewni\u0107 si\u0119, \u017ce cylinder dzia\u0142a prawid\u0142owo.<\/p>\n<h2>Zagadnienia bezpiecze\u0144stwa i czynniki \u015brodowiskowe<\/h2>\n<p>Podczas u\u017cytkowania cylindra czerpakowego nale\u017cy przestrzega\u0107 \u015brodk\u00f3w bezpiecze\u0144stwa, aby zapobiec wypadkom. Do typowych \u015brodk\u00f3w bezpiecze\u0144stwa nale\u017c\u0105: noszenie odzie\u017cy ochronnej i sprz\u0119tu ochronnego, przestrzeganie procedur obs\u0142ugi i konserwacji oraz stosowanie odpowiednich akcesori\u00f3w i osprz\u0119tu.<\/p>\n<p><img decoding=\"async\" src=\"https:\/\/www.hydraulic-cylinders.net\/wp-content\/uploads\/2025\/01\/songte-bushings-with-all-kinds-of-excavator-models.webp\" \/><\/p>\n<h2>Rozwi\u0105zywanie problem\u00f3w i typowe problemy<\/h2>\n<p>Si\u0142ownik czerpakowy mo\u017ce napotka\u0107 r\u00f3\u017cne problemy podczas pracy, takie jak wyciek oleju, niewystarczaj\u0105ca si\u0142a i nietypowy ha\u0142as. Aby zdiagnozowa\u0107 i rozwi\u0105za\u0107 te problemy, konieczne jest zidentyfikowanie przyczyny i podj\u0119cie odpowiednich dzia\u0142a\u0144. Typowe rozwi\u0105zania obejmuj\u0105 regulacj\u0119 ci\u015bnienia hydraulicznego, wymian\u0119 uszczelnie\u0144 oraz napraw\u0119 lub wymian\u0119 uszkodzonych cz\u0119\u015bci.<\/p>\n<h2>O naszej firmie<\/h2>\n<p>Jeste\u015bmy producentem cylindr\u00f3w hydraulicznych oraz wiod\u0105cym producentem i hurtownikiem cylindr\u00f3w hydraulicznych na rynku krajowym i mi\u0119dzynarodowym. Przestrzegamy zasady doskona\u0142ej jako\u015bci i opieramy si\u0119 na strategii zarz\u0105dzania produkcj\u0105 przemys\u0142ow\u0105 w wyspecjalizowanych warsztatach produkcyjnych. Nasza firma stale udoskonala platform\u0119 produkcyjn\u0105 warsztatu, podnosi jako\u015b\u0107 linii produkcyjnej oraz charakteryzuje si\u0119 kreatywno\u015bci\u0105, wysok\u0105 wydajno\u015bci\u0105, precyzj\u0105 i wysok\u0105 jako\u015bci\u0105 produkt\u00f3w, aby sprosta\u0107 zr\u00f3\u017cnicowanym potrzebom klient\u00f3w.<\/p>\n<ul>\n<li>\n<h3>Profesjonalizm<\/h3>\n<p>Nasza firma zatrudnia profesjonalny zesp\u00f3\u0142 in\u017cynier\u00f3w i technik\u00f3w, kt\u00f3rzy posiadaj\u0105 bogate do\u015bwiadczenie w projektowaniu i produkcji cylindr\u00f3w hydraulicznych. Zapewniaj\u0105 oni klientom rozwi\u0105zania dostosowane do indywidualnych potrzeb oraz wsparcie techniczne.<\/p>\n<\/li>\n<li>\n<h3>Mi\u0119dzynarodowa Certyfikacja<\/h3>\n<p>Produkty naszej firmy uzyska\u0142y szereg mi\u0119dzynarodowych certyfikat\u00f3w, takich jak CE, ISO i SGS, kt\u00f3re gwarantuj\u0105, \u017ce nasze produkty spe\u0142niaj\u0105 mi\u0119dzynarodowe normy i wymagania klient\u00f3w.<\/p>\n<\/li>\n<li>\n<h3>Us\u0142uga personalizacji<\/h3>\n<p>Nasza firma mo\u017ce dostosowa\u0107 cylindry hydrauliczne do wymaga\u0144 klienta, takich jak rozmiar, ci\u015bnienie i materia\u0142.<\/p>\n<\/li>\n<li>\n<h3>Sprz\u0119t produkcyjny<\/h3>\n<p>Nasza firma dysponuje zaawansowanym sprz\u0119tem produkcyjnym, takim jak centra obr\u00f3bcze CNC, roboty spawalnicze i urz\u0105dzenia testowe, kt\u00f3re zapewniaj\u0105 wysok\u0105 jako\u015b\u0107 i precyzj\u0119 naszych produkt\u00f3w.<\/p>\n<\/li>\n<li>\n<h3>Serwis posprzeda\u017cowy<\/h3>\n<p>Nasza firma zapewnia klientom kompleksow\u0105 obs\u0142ug\u0119 posprzeda\u017cow\u0105, obejmuj\u0105c\u0105 wsparcie techniczne, konserwacj\u0119 produkt\u00f3w i us\u0142ugi naprawcze, aby zapewni\u0107 klientom ufno\u015b\u0107 w korzystaniu z naszych produkt\u00f3w.<\/p>\n<\/li>\n<\/ul>\n<p><img decoding=\"async\" src=\"https:\/\/hzpt.com\/wp-content\/uploads\/2024\/11\/songte-company-1.webp\" \/><\/p>\n<p>Autor: lyl<\/p>","protected":false},"excerpt":{"rendered":"<p>Bucket Cylinder For Caterpillar Large Excavator E330D\/330L Introduction The bucket cylinder for Caterpillar large excavator E330D\/330L is a specially designed hydraulic cylinder that is mainly used to control the movement of the bucket in heavy machinery such as excavators, backhoes, and front-end loaders. Its main function is to allow the bucket to lift, lower, and [&hellip;]<\/p>","protected":false},"featured_media":14785,"comment_status":"open","ping_status":"closed","template":"","meta":{"_et_pb_use_builder":"","_et_pb_old_content":"","_et_gb_content_width":""},"product_brand":[],"product_cat":[1494],"product_tag":[1495,1496],"class_list":{"0":"post-15255","1":"product","2":"type-product","3":"status-publish","4":"has-post-thumbnail","6":"product_cat-bucket-cylinders","7":"product_tag-bucket-cylinders","8":"product_tag-hydraulic-cylinders","10":"first","11":"instock","12":"shipping-taxable","13":"product-type-simple"},"amp_enabled":true,"_links":{"self":[{"href":"https:\/\/www.hydraulic-cylinders.net\/pl\/wp-json\/wp\/v2\/product\/15255","targetHints":{"allow":["GET"]}}],"collection":[{"href":"https:\/\/www.hydraulic-cylinders.net\/pl\/wp-json\/wp\/v2\/product"}],"about":[{"href":"https:\/\/www.hydraulic-cylinders.net\/pl\/wp-json\/wp\/v2\/types\/product"}],"replies":[{"embeddable":true,"href":"https:\/\/www.hydraulic-cylinders.net\/pl\/wp-json\/wp\/v2\/comments?post=15255"}],"wp:featuredmedia":[{"embeddable":true,"href":"https:\/\/www.hydraulic-cylinders.net\/pl\/wp-json\/wp\/v2\/media\/14785"}],"wp:attachment":[{"href":"https:\/\/www.hydraulic-cylinders.net\/pl\/wp-json\/wp\/v2\/media?parent=15255"}],"wp:term":[{"taxonomy":"product_brand","embeddable":true,"href":"https:\/\/www.hydraulic-cylinders.net\/pl\/wp-json\/wp\/v2\/product_brand?post=15255"},{"taxonomy":"product_cat","embeddable":true,"href":"https:\/\/www.hydraulic-cylinders.net\/pl\/wp-json\/wp\/v2\/product_cat?post=15255"},{"taxonomy":"product_tag","embeddable":true,"href":"https:\/\/www.hydraulic-cylinders.net\/pl\/wp-json\/wp\/v2\/product_tag?post=15255"}],"curies":[{"name":"wp","href":"https:\/\/api.w.org\/{rel}","templated":true}]}}