{"id":15263,"date":"2025-01-19T14:18:35","date_gmt":"2025-01-19T14:18:35","guid":{"rendered":"https:\/\/www.hydraulic-cylinders.net\/product\/bucket-cylinder-for-caterpillar-wheel-excavator-m3180\/"},"modified":"2025-01-19T14:18:36","modified_gmt":"2025-01-19T14:18:36","slug":"bucket-cylinder-for-caterpillar-wheel-excavator-m3180","status":"publish","type":"product","link":"https:\/\/www.hydraulic-cylinders.net\/pl\/produkt\/bucket-cylinder-for-caterpillar-wheel-excavator-m3180\/","title":{"rendered":"Si\u0142ownik \u0142y\u017cki do koparki ko\u0142owej Caterpillar M3180"},"content":{"rendered":"<h1>Si\u0142ownik \u0142y\u017cki do koparki ko\u0142owej Caterpillar M3180<\/h1>\n<h2>Wst\u0119p<\/h2>\n<p>Si\u0142ownik \u0142y\u017cki do koparki ko\u0142owej Caterpillar M3180 to specjalnie zaprojektowany si\u0142ownik hydrauliczny s\u0142u\u017c\u0105cy do sterowania ruchem \u0142y\u017cki w ci\u0119\u017ckich maszynach, takich jak koparki, koparko-\u0142adowarki i \u0142adowarki czo\u0142owe. Jego g\u0142\u00f3wn\u0105 funkcj\u0105 jest podnoszenie, opuszczanie i przechylanie \u0142y\u017cki, u\u0142atwiaj\u0105c wykonywanie r\u00f3\u017cnych zada\u0144 zwi\u0105zanych z prze\u0142adunkiem materia\u0142\u00f3w. W uk\u0142adzie hydraulicznym si\u0142ownik \u0142y\u017cki zapewnia precyzyjn\u0105 kontrol\u0119 nad \u0142y\u017ck\u0105 poprzez zmiany ci\u015bnienia oleju hydraulicznego, umo\u017cliwiaj\u0105c operatorom wydajne przenoszenie ci\u0119\u017ckich \u0142adunk\u00f3w i dostosowywanie si\u0119 do z\u0142o\u017conych warunk\u00f3w pracy oraz zr\u00f3\u017cnicowanych wymaga\u0144.<\/p>\n<p><img decoding=\"async\" src=\"https:\/\/www.hydraulic-cylinders.net\/wp-content\/uploads\/2025\/01\/songte-company-2.webp\"><\/p>\n<h2>Cechy cylindra \u0142y\u017cki do koparki ko\u0142owej Caterpillar M3180<\/h2>\n<ul>\n<li>Wysoka wytrzyma\u0142o\u015b\u0107 i trwa\u0142o\u015b\u0107: Zazwyczaj wykonany z wysokowytrzyma\u0142ej stali lub aluminium, wytrzymuje wysokie ci\u015bnienie i du\u017ce obci\u0105\u017cenia, dostosowuj\u0105c si\u0119 do trudnych warunk\u00f3w pracy. Konstrukcja uwzgl\u0119dnia odporno\u015b\u0107 na zu\u017cycie i korozj\u0119, co wyd\u0142u\u017ca jego \u017cywotno\u015b\u0107.<\/li>\n<li>Wydajna praca uk\u0142adu hydraulicznego: Wykorzystuj\u0105c ci\u015bnienie oleju hydraulicznego, urz\u0105dzenie zapewnia p\u0142ynne ruchy wysuwania i wsuwania, szybko reaguje na polecenia steruj\u0105ce, zapewnia du\u017c\u0105 si\u0142\u0119 pchania i ci\u0105gni\u0119cia oraz nadaje si\u0119 do przenoszenia ci\u0119\u017ckich \u0142adunk\u00f3w i wykonywania skomplikowanych zada\u0144.<\/li>\n<li>R\u00f3\u017cne typy: Si\u0142ownik mo\u017cna wybra\u0107 jako jednostronnego dzia\u0142ania (hydrauliczny dzia\u0142aj\u0105cy tylko w jednym kierunku) lub dwustronnego dzia\u0142ania (hydrauliczny dzia\u0142aj\u0105cy w obu kierunkach), w zale\u017cno\u015bci od wymaga\u0144 i potrzeb operacyjnych. Niekt\u00f3re modele s\u0105 teleskopowe, co pozwala na wi\u0119ksze wysuni\u0119cie bez zwi\u0119kszania wymiar\u00f3w zewn\u0119trznych, dzi\u0119ki czemu nadaj\u0105 si\u0119 do zastosowa\u0144 o ograniczonej przestrzeni.<\/li>\n<\/ul>\n<p><img decoding=\"async\" src=\"https:\/\/www.hydraulic-cylinders.net\/wp-content\/uploads\/2025\/01\/songte-cylinder-head-with-all-kinds-excavator-models.webp\"><\/p>\n<h2>Zastosowania cylindra \u0142y\u017cki do koparki ko\u0142owej Caterpillar M3180<\/h2>\n<p>Si\u0142ownik czerpakowy znajduje zastosowanie w r\u00f3\u017cnych maszynach budowlanych:<\/p>\n<ul>\n<li>Koparki: Niezb\u0119dne do wykop\u00f3w, za\u0142adunku i przemieszczania gleby lub gruzu. Si\u0142ownik \u0142y\u017cki umo\u017cliwia kopanie i podnoszenie.<\/li>\n<li>Koparko-\u0142adowarki: pomagaj\u0105 w kopaniu i podnoszeniu za pomoc\u0105 koparko-\u0142adowarek.<\/li>\n<li>Maszyny rolnicze: Stosowane w \u0142adowarkach czo\u0142owych do nabierania, podnoszenia i transportu gleby, siana i innych materia\u0142\u00f3w.<\/li>\n<li>\u0141adowarki czo\u0142owe: W \u0142adowarkach czo\u0142owych pomagaj\u0105 w wydajnym podnoszeniu i wysypywaniu towar\u00f3w.<\/li>\n<\/ul>\n<h2>Zagadnienia projektowe i kryteria wyboru cylindra \u0142y\u017cki do koparki ko\u0142owej Caterpillar M3180<\/h2>\n<p>Zagadnienia projektowe:<\/p>\n<ul>\n<li>No\u015bno\u015b\u0107: Cylinder zaprojektowano tak, aby wytrzymywa\u0142 du\u017ce obci\u0105\u017cenia i ci\u015bnienia, co gwarantuje bezpieczn\u0105 i niezawodn\u0105 prac\u0119.<\/li>\n<li>Uszczelnienie: Aby zagwarantowa\u0107 szczelno\u015b\u0107 i zapobiec zanieczyszczeniom, stosuje si\u0119 r\u00f3\u017cne elementy uszczelniaj\u0105ce, takie jak uszczelki t\u0142okowe i uszczelki t\u0142oczyskowe.<\/li>\n<li>Trwa\u0142o\u015b\u0107: Cylinder zosta\u0142 zbudowany tak, aby by\u0142 trwa\u0142y. Precyzyjna obr\u00f3bka powierzchni korpusu cylindra i gwintowane ko\u0144ce zwi\u0119kszaj\u0105 odporno\u015b\u0107 na zu\u017cycie.<\/li>\n<li>Bezpiecze\u0144stwo: W celu zapobiegania potencjalnym zagro\u017ceniom zastosowano zabezpieczenia w postaci zawor\u00f3 bezpiecze\u0144stwa.<\/li>\n<li>\u0141atwo\u015b\u0107 konserwacji: Konstrukcja zapewnia \u0142atw\u0105 konserwacj\u0119 i naprawy, co pozwala na szybk\u0105 napraw\u0119 usterek i wymian\u0119 podzespo\u0142\u00f3w.<\/li>\n<\/ul>\n<p><img decoding=\"async\" src=\"https:\/\/www.hydraulic-cylinders.net\/wp-content\/uploads\/2025\/01\/songte-oil-pipes-and-spare-parts.webp\"><\/p>\n<h2>Uszczelnianie i smarowanie<\/h2>\n<p>W cylindrze kube\u0142kowym zastosowano r\u00f3\u017cnorodne uszczelnienia, takie jak uszczelnienia t\u0142oka i t\u0142oczyska, wykonane z materia\u0142\u00f3w odpornych na zu\u017cycie, takich jak poliuretan i kauczuk nitrylowy. Korpus cylindra i gwintowane ko\u0144c\u00f3wki s\u0105 poddawane precyzyjnej obr\u00f3bce w celu zwi\u0119kszenia odporno\u015bci na zu\u017cycie. Regularne smarowanie odpowiednim olejem hydraulicznym jest niezb\u0119dne dla zapewnienia p\u0142ynnej pracy.<\/p>\n<h2>Regularne kontrole i \u015brodki konserwacji zapobiegawczej<\/h2>\n<ul>\n<li>Regularnie sprawdzaj cylinder pod k\u0105tem wszelkich oznak uszkodze\u0144 lub zu\u017cycia, takich jak nieszczelno\u015bci lub odkszta\u0142cenia.<\/li>\n<li>Zapewnij odpowiednie smarowanie cylindra i wszystkich ruchomych cz\u0119\u015bci.<\/li>\n<li>Aby zachowa\u0107 optymaln\u0105 wydajno\u015b\u0107, nale\u017cy okresowo wymienia\u0107 zu\u017cyte uszczelki.<\/li>\n<li>Przeprowad\u017a kontrol\u0119 kalibracji, aby zapewni\u0107 prawid\u0142owe dzia\u0142anie urz\u0105dzenia.<\/li>\n<li>Post\u0119puj zgodnie z zalecanymi procedurami monta\u017cu, aby prawid\u0142owo ustawi\u0107 cylinder. Zaleca si\u0119 u\u017cycie odpowiednich uchwyt\u00f3w monta\u017cowych w celu zapewnienia bezpiecznego mocowania.<\/li>\n<\/ul>\n<p><img decoding=\"async\" src=\"https:\/\/www.hydraulic-cylinders.net\/wp-content\/uploads\/2025\/01\/songte-chushion-collar.webp\"><\/p>\n<h2>Zagadnienia bezpiecze\u0144stwa i czynniki \u015brodowiskowe<\/h2>\n<p>Podczas u\u017cytkowania cylindra \u0142y\u017cki, priorytetem jest zapewnienie \u015brodk\u00f3w bezpiecze\u0144stwa, aby zapobiec wypadkom i zapewni\u0107 bezpiecze\u0144stwo operatorom i personelowi w pobli\u017cu. Przestrzeganie wytycznych bezpiecze\u0144stwa, takich jak noszenie odpowiedniego sprz\u0119tu ochrony osobistej, przestrzeganie w\u0142a\u015bciwych procedur obs\u0142ugi oraz regularne kontrole bezpiecze\u0144stwa, ma kluczowe znaczenie.<\/p>\n<h2>Rozwi\u0105zywanie problem\u00f3w i typowe problemy<\/h2>\n<p>Typowe problemy, kt\u00f3re mog\u0105 wyst\u0105pi\u0107 w przypadku cylindra \u0142y\u017cki, to wycieki, nieregularny ruch lub obni\u017cona wydajno\u015b\u0107. Aby zdiagnozowa\u0107 i skutecznie rozwi\u0105za\u0107 te problemy, nale\u017cy zastosowa\u0107 si\u0119 do poni\u017cszych wskaz\u00f3wek:<\/p>\n<ul>\n<li>Sprawd\u017a, czy nie ma widocznych \u015blad\u00f3w wyciek\u00f3w lub uszkodze\u0144 w cylindrze i wsp\u00f3\u0142pracuj\u0105cych podzespo\u0142ach.<\/li>\n<li>Sprawd\u017a uk\u0142ad hydrauliczny pod k\u0105tem prawid\u0142owego ci\u015bnienia i poziomu p\u0142yn\u00f3w.<\/li>\n<li>Sprawd\u017a, czy wszystkie po\u0142\u0105czenia s\u0105 dobrze dokr\u0119cone i bezpieczne.<\/li>\n<li>Aby pozna\u0107 szczeg\u00f3\u0142owe informacje na temat problem\u00f3w i zalecanych rozwi\u0105za\u0144, zapoznaj si\u0119 z instrukcj\u0105 rozwi\u0105zywania problem\u00f3w producenta.<\/li>\n<li>Wdra\u017caj \u015brodki zapobiegawcze, aby zminimalizowa\u0107 potencjalne problemy, np. regularn\u0105 konserwacj\u0119 i kontrole.<\/li>\n<\/ul>\n<p><img decoding=\"async\" src=\"https:\/\/www.hydraulic-cylinders.net\/wp-content\/uploads\/2025\/01\/songte-bushings-with-all-kinds-of-excavator-models.webp\"><\/p>\n<h2>O naszej firmie<\/h2>\n<p>Jeste\u015bmy wiod\u0105cym producentem i hurtowym dystrybutorem zamiennych si\u0142ownik\u00f3w hydraulicznych. Dzi\u0119ki szerokiej gamie produkt\u00f3w stali\u015bmy si\u0119 jednym z wiod\u0105cych producent\u00f3w i hurtownik\u00f3w si\u0142ownik\u00f3w hydraulicznych na rynku krajowym i mi\u0119dzynarodowym. Przestrzegamy zasad doskona\u0142o\u015bci i opieramy si\u0119 na przemys\u0142owych strategiach zarz\u0105dzania produkcj\u0105 w naszych doskonale wyposa\u017conych warsztatach produkcyjnych. Dzi\u0119ki wykorzystaniu talent\u00f3w technicznych, zaawansowanego sprz\u0119tu produkcyjnego i profesjonalnych system\u00f3w testowych, stale ulepszamy nasz\u0105 platform\u0119 produkcyjn\u0105 i lini\u0119 produkcyjn\u0105, zapewniaj\u0105c wysok\u0105 wydajno\u015b\u0107, precyzj\u0119 i jako\u015b\u0107, aby sprosta\u0107 zr\u00f3\u017cnicowanym potrzebom naszych klient\u00f3w.<\/p>\n<p><img decoding=\"async\" src=\"https:\/\/hzpt.com\/wp-content\/uploads\/2024\/11\/songte-company-1.webp\"><\/p>\n<h3>Najwa\u017cniejsze informacje o firmie:<\/h3>\n<ul>\n<li>Profesjonalizm: Posiadamy zesp\u00f3\u0142 ekspert\u00f3w, kt\u00f3rzy zajmuj\u0105 si\u0119 dostarczaniem wysokiej jako\u015bci cylindr\u00f3w hydraulicznych.<\/li>\n<li>Certyfikaty mi\u0119dzynarodowe: Nasze produkty spe\u0142niaj\u0105 rygorystyczne standardy jako\u015bci i uzyska\u0142y mi\u0119dzynarodowe certyfikaty.<\/li>\n<li>Us\u0142ugi dostosowywania: Dostarczamy rozwi\u0105zania dostosowane do indywidualnych potrzeb klient\u00f3w.<\/li>\n<li>Najnowocze\u015bniejszy sprz\u0119t produkcyjny: Nasze zak\u0142ady produkcyjne s\u0105 wyposa\u017cone w zaawansowany sprz\u0119t umo\u017cliwiaj\u0105cy wydajn\u0105 produkcj\u0119.<\/li>\n<li>Serwis posprzeda\u017cowy: Oferujemy kompleksowy serwis posprzeda\u017cowy, obejmuj\u0105cy wymian\u0119 cz\u0119\u015bci i us\u0142ugi regeneracji, aby wyd\u0142u\u017cy\u0107 \u017cywotno\u015b\u0107 naszych produkt\u00f3w.<\/li>\n<\/ul>\n<p><img decoding=\"async\" src=\"https:\/\/www.hydraulic-cylinders.net\/wp-content\/uploads\/2025\/01\/songte-company-3.webp\"><\/p>\n<p>Autor: lyl<\/p>","protected":false},"excerpt":{"rendered":"<p>Bucket Cylinder For Caterpillar Wheel Excavator M3180 Introduction The bucket cylinder for Caterpillar wheel excavator M3180 is a specially designed hydraulic cylinder used to control the movement of the bucket in heavy machinery such as excavators, backhoe loaders, and front loaders. Its main function is to enable the bucket to lift, lower, and tilt, making [&hellip;]<\/p>","protected":false},"featured_media":14769,"comment_status":"open","ping_status":"closed","template":"","meta":{"_et_pb_use_builder":"","_et_pb_old_content":"","_et_gb_content_width":""},"product_brand":[],"product_cat":[1494],"product_tag":[1495,1496],"class_list":{"0":"post-15263","1":"product","2":"type-product","3":"status-publish","4":"has-post-thumbnail","6":"product_cat-bucket-cylinders","7":"product_tag-bucket-cylinders","8":"product_tag-hydraulic-cylinders","10":"first","11":"instock","12":"shipping-taxable","13":"product-type-simple"},"amp_enabled":true,"_links":{"self":[{"href":"https:\/\/www.hydraulic-cylinders.net\/pl\/wp-json\/wp\/v2\/product\/15263","targetHints":{"allow":["GET"]}}],"collection":[{"href":"https:\/\/www.hydraulic-cylinders.net\/pl\/wp-json\/wp\/v2\/product"}],"about":[{"href":"https:\/\/www.hydraulic-cylinders.net\/pl\/wp-json\/wp\/v2\/types\/product"}],"replies":[{"embeddable":true,"href":"https:\/\/www.hydraulic-cylinders.net\/pl\/wp-json\/wp\/v2\/comments?post=15263"}],"wp:featuredmedia":[{"embeddable":true,"href":"https:\/\/www.hydraulic-cylinders.net\/pl\/wp-json\/wp\/v2\/media\/14769"}],"wp:attachment":[{"href":"https:\/\/www.hydraulic-cylinders.net\/pl\/wp-json\/wp\/v2\/media?parent=15263"}],"wp:term":[{"taxonomy":"product_brand","embeddable":true,"href":"https:\/\/www.hydraulic-cylinders.net\/pl\/wp-json\/wp\/v2\/product_brand?post=15263"},{"taxonomy":"product_cat","embeddable":true,"href":"https:\/\/www.hydraulic-cylinders.net\/pl\/wp-json\/wp\/v2\/product_cat?post=15263"},{"taxonomy":"product_tag","embeddable":true,"href":"https:\/\/www.hydraulic-cylinders.net\/pl\/wp-json\/wp\/v2\/product_tag?post=15263"}],"curies":[{"name":"wp","href":"https:\/\/api.w.org\/{rel}","templated":true}]}}