{"id":15269,"date":"2025-01-19T14:19:04","date_gmt":"2025-01-19T14:19:04","guid":{"rendered":"https:\/\/www.hydraulic-cylinders.net\/product\/bucket-cylinder-for-doosan-small-excavator-dh150-7\/"},"modified":"2025-01-19T14:19:06","modified_gmt":"2025-01-19T14:19:06","slug":"bucket-cylinder-for-doosan-small-excavator-dh150-7","status":"publish","type":"product","link":"https:\/\/www.hydraulic-cylinders.net\/pl\/produkt\/bucket-cylinder-for-doosan-small-excavator-dh150-7\/","title":{"rendered":"Si\u0142ownik \u0142y\u017cki do ma\u0142ej koparki Doosan DH150-7"},"content":{"rendered":"<h1>Si\u0142ownik \u0142y\u017cki do ma\u0142ej koparki Doosan DH150-7<\/h1>\n<h2>Wst\u0119p<\/h2>\n<p>Si\u0142ownik \u0142y\u017cki to specjalnie zaprojektowany si\u0142ownik hydrauliczny, kt\u00f3ry s\u0142u\u017cy g\u0142\u00f3wnie do sterowania ruchem \u0142y\u017cki w ci\u0119\u017ckich maszynach, takich jak koparki, koparko-\u0142adowarki i \u0142adowarki czo\u0142owe. Jego g\u0142\u00f3wn\u0105 funkcj\u0105 jest umo\u017cliwienie podnoszenia, opuszczania i przechylania \u0142y\u017cki, u\u0142atwiaj\u0105c wykonywanie r\u00f3\u017cnych zada\u0144 zwi\u0105zanych z prze\u0142adunkiem materia\u0142\u00f3w. W uk\u0142adzie hydraulicznym si\u0142ownik \u0142y\u017cki steruje precyzyjnym ruchem \u0142y\u017cki poprzez zmiany ci\u015bnienia oleju hydraulicznego, umo\u017cliwiaj\u0105c operatorom wydajne przenoszenie ci\u0119\u017ckich \u0142adunk\u00f3w i dostosowywanie si\u0119 do z\u0142o\u017conych warunk\u00f3w pracy oraz zr\u00f3\u017cnicowanych wymaga\u0144.<\/p>\n<p><img decoding=\"async\" src=\"https:\/\/www.hydraulic-cylinders.net\/wp-content\/uploads\/2025\/01\/songte-company-2.webp\"><\/p>\n<h2>Cechy<\/h2>\n<ul>\n<li>Wysoka wytrzyma\u0142o\u015b\u0107 i trwa\u0142o\u015b\u0107: Zazwyczaj wykonany z wysokowytrzyma\u0142ej stali lub aluminium, jest w stanie wytrzyma\u0107 wysokie ci\u015bnienie i du\u017ce obci\u0105\u017cenia, dostosowuj\u0105c si\u0119 do trudnych warunk\u00f3w pracy. Jego konstrukcja uwzgl\u0119dnia odporno\u015b\u0107 na zu\u017cycie i korozj\u0119, co wyd\u0142u\u017ca jego \u017cywotno\u015b\u0107.<\/li>\n<li>Wydajna praca uk\u0142adu hydraulicznego: wykorzystuje ci\u015bnienie oleju hydraulicznego w celu uzyskania p\u0142ynnego dzia\u0142ania teleskopowego, mo\u017ce szybko reagowa\u0107 na polecenia steruj\u0105ce, zapewnia du\u017c\u0105 si\u0142\u0119 uci\u0105gu i nadaje si\u0119 do przenoszenia ci\u0119\u017ckich przedmiot\u00f3w i wykonywania skomplikowanych zada\u0144.<\/li>\n<li>R\u00f3\u017cnorodne typy: Si\u0142owniki jednostronnego dzia\u0142ania (hydrauliczne dzia\u0142aj\u0105ce tylko w jednym kierunku) lub dwustronnego dzia\u0142ania (hydrauliczne dzia\u0142aj\u0105ce w obu kierunkach) mo\u017cna dobra\u0107 w zale\u017cno\u015bci od potrzeb, aby spe\u0142ni\u0107 zr\u00f3\u017cnicowane potrzeby operacyjne. Niekt\u00f3re modele s\u0105 teleskopowe, co pozwala na wi\u0119ksze wysuni\u0119cie bez zwi\u0119kszania wymiar\u00f3w zewn\u0119trznych, i nadaje si\u0119 do zastosowa\u0144 w ograniczonej przestrzeni.<\/li>\n<li>\u0141atwy monta\u017c: \u0141atwy monta\u017c i nadaje si\u0119 do r\u00f3\u017cnych typ\u00f3w maszyn.<\/li>\n<li>Mo\u017cliwo\u015b\u0107 dostosowania: Mo\u017cliwo\u015b\u0107 dostosowania do indywidualnych potrzeb klienta, co zapewnia rozwi\u0105zania szyte na miar\u0119 dla r\u00f3\u017cnych zastosowa\u0144.<\/li>\n<\/ul>\n<p><img decoding=\"async\" src=\"https:\/\/www.hydraulic-cylinders.net\/wp-content\/uploads\/2025\/01\/songte-cylinder-head-with-all-kinds-excavator-models.webp\"><\/p>\n<h2>Aplikacje<\/h2>\n<p>Cylindry kube\u0142kowe s\u0105 powszechnie stosowane w r\u00f3\u017cnych ga\u0142\u0119ziach przemys\u0142u, takich jak budownictwo, rolnictwo i g\u00f3rnictwo.<\/p>\n<h3>Sprz\u0119t budowlany<\/h3>\n<ul>\n<li>W koparkach s\u0105 one niezb\u0119dne do kopania, za\u0142adunku i przemieszczania gleby lub gruzu. <\/li>\n<li>W koparko-\u0142adowarkach cylindry \u0142y\u017cki pomagaj\u0105 zar\u00f3wno przy kopaniu, jak i podnoszeniu.<\/li>\n<li>W \u0142adowarkach czo\u0142owych u\u0142atwiaj\u0105 podnoszenie i roz\u0142adowywanie \u0142adunk\u00f3w.<\/li>\n<\/ul>\n<h3>Maszyny rolnicze<\/h3>\n<ul>\n<li>Stosowany w \u0142adowarkach czo\u0142owych do nabierania, podnoszenia i transportu ziemi, siana i innych materia\u0142\u00f3w.<\/li>\n<\/ul>\n<h3>Maszyny g\u00f3rnicze<\/h3>\n<ul>\n<li>W koparkach cylindry \u0142y\u017cki umo\u017cliwiaj\u0105 wykopywanie poprzez umo\u017cliwienie \u0142y\u017cce zag\u0142\u0119biania si\u0119 w gleb\u0119.<\/li>\n<\/ul>\n<h2>Zagadnienia projektowe i kryteria wyboru<\/h2>\n<ul>\n<li>No\u015bno\u015b\u0107: zdolno\u015b\u0107 cylindra do podtrzymywania \u0142adunku bez odkszta\u0142cenia lub uszkodzenia.<\/li>\n<li>Uszczelnienie: Aby zagwarantowa\u0107 szczelno\u015b\u0107, nale\u017cy stosowa\u0107 r\u00f3\u017cne elementy uszczelniaj\u0105ce, takie jak uszczelki t\u0142okowe, uszczelki t\u0142oczyskowe itp.<\/li>\n<li>Trwa\u0142o\u015b\u0107: Cylinder powinien by\u0107 w stanie wytrzyma\u0107 trudne warunki \u015brodowiskowe i du\u017ce obci\u0105\u017cenia przez d\u0142ugi okres czasu.<\/li>\n<li>Bezpiecze\u0144stwo: Aby zapobiec przeci\u0105\u017ceniu i zagwarantowa\u0107 bezpieczn\u0105 prac\u0119 urz\u0105dzenia, nale\u017cy zainstalowa\u0107 elementy bezpiecze\u0144stwa, takie jak wy\u0142\u0105czniki kra\u0144cowe i zawory bezpiecze\u0144stwa.<\/li>\n<li>Konserwacja: Cylinder powinien by\u0107 zaprojektowany w spos\u00f3b umo\u017cliwiaj\u0105cy \u0142atw\u0105 konserwacj\u0119 i napraw\u0119.<\/li>\n<\/ul>\n<p><img decoding=\"async\" src=\"https:\/\/www.hydraulic-cylinders.net\/wp-content\/uploads\/2025\/01\/songte-oil-pipes-and-spare-parts.webp\"><\/p>\n<h2>Uszczelnianie i smarowanie<\/h2>\n<p>Aby zapewni\u0107 szczelno\u015b\u0107, stosuje si\u0119 r\u00f3\u017cne elementy uszczelniaj\u0105ce, takie jak uszczelnienia t\u0142oka, t\u0142oczyska itp. Uszczelnienia wykonane s\u0105 z materia\u0142\u00f3w odpornych na zu\u017cycie, takich jak poliuretan i kauczuk nitrylowy. Korpus cylindra i powierzchnia gwintu s\u0105 precyzyjnie obrobione, aby zwi\u0119kszy\u0107 odporno\u015b\u0107 na zu\u017cycie. Nale\u017cy regularnie uzupe\u0142nia\u0107 olej hydrauliczny w celu smarowania cylindra i zapewnienia jego p\u0142ynnej pracy.<\/p>\n<h2>Regularne kontrole i \u015brodki konserwacji zapobiegawczej<\/h2>\n<ul>\n<li>Regularna kontrola: Nale\u017cy regularnie sprawdza\u0107 cylinder pod k\u0105tem oznak zu\u017cycia i uszkodze\u0144, takich jak zarysowania, wgniecenia i p\u0119kni\u0119cia.<\/li>\n<li>Smarowanie: Prawid\u0142owe smarowanie jest konieczne, aby zapobiec uszkodzeniu cylindra na skutek niedostatecznego smarowania.<\/li>\n<li>Wymiana uszczelki: Je\u015bli uszczelka jest uszkodzona lub zu\u017cyta, nale\u017cy j\u0105 wymieni\u0107 w odpowiednim czasie, aby unikn\u0105\u0107 wycieku oleju i uszkodzenia cylindra.<\/li>\n<li>Kontrola kalibracji: Kalibracj\u0119 nale\u017cy sprawdza\u0107 regularnie, aby mie\u0107 pewno\u015b\u0107, \u017ce cylinder dzia\u0142a w ramach okre\u015blonych parametr\u00f3w.<\/li>\n<\/ul>\n<p>Prawid\u0142owy monta\u017c, smarowanie i regulacja s\u0105 kluczowe dla prawid\u0142owego dzia\u0142ania i d\u0142ugiej \u017cywotno\u015bci cylindra. Podczas monta\u017cu nale\u017cy zadba\u0107 o prawid\u0142owe ustawienie cylindra i u\u017cycie odpowiednich uchwyt\u00f3w monta\u017cowych w celu jego zabezpieczenia. Przedstawiono zalecane procedury kontroli, naprawy i wymiany, aby wyd\u0142u\u017cy\u0107 \u017cywotno\u015b\u0107 cylindra.<\/p>\n<p><img decoding=\"async\" src=\"https:\/\/www.hydraulic-cylinders.net\/wp-content\/uploads\/2025\/01\/songte-chushion-collar.webp\"><\/p>\n<h2>Zagadnienia bezpiecze\u0144stwa i czynniki \u015brodowiskowe<\/h2>\n<p>Podczas u\u017cytkowania cylindr\u00f3w kube\u0142kowych nale\u017cy przestrzega\u0107 zasad bezpiecze\u0144stwa, aby unikn\u0105\u0107 wypadk\u00f3w i obra\u017ce\u0144. Prawid\u0142owa instalacja, regularna konserwacja i przegl\u0105dy mog\u0105 zminimalizowa\u0107 ryzyko awarii cylindra i zapewni\u0107 bezpieczn\u0105 eksploatacj\u0119. Przy wyborze i u\u017cytkowaniu cylindr\u00f3w kube\u0142kowych nale\u017cy r\u00f3wnie\u017c uwzgl\u0119dni\u0107 czynniki \u015brodowiskowe, takie jak temperatura, wilgotno\u015b\u0107 i nara\u017cenie na dzia\u0142anie substancji chemicznych.<\/p>\n<p><img decoding=\"async\" src=\"https:\/\/hzpt.com\/wp-content\/uploads\/2024\/11\/songte-company-1.webp\"><\/p>\n<h2>Typowe problemy i rozwi\u0105zywanie problem\u00f3w<\/h2>\n<p>Do typowych problem\u00f3w, kt\u00f3re mog\u0105 wyst\u0105pi\u0107 w przypadku si\u0142ownik\u00f3w czerpakowych, nale\u017c\u0105 wycieki oleju, uszkodzone uszczelki oraz zu\u017cyte t\u0142oki i korbowody. Rozwi\u0105zywanie problem\u00f3w mo\u017ce pom\u00f3c w zidentyfikowaniu przyczyny problemu i zapewnieniu skutecznych rozwi\u0105za\u0144. Regularne przegl\u0105dy, konserwacja i naprawy mog\u0105 zapobiec wyst\u0105pieniu potencjalnych problem\u00f3w.<\/p>\n<p><img decoding=\"async\" src=\"https:\/\/www.hydraulic-cylinders.net\/wp-content\/uploads\/2025\/01\/songte-bushings-with-all-kinds-of-excavator-models.webp\"><\/p>\n<h2>O naszej firmie<\/h2>\n<p>Jeste\u015bmy wiod\u0105cym producentem i hurtowym dystrybutorem si\u0142ownik\u00f3w hydraulicznych na rynku krajowym i mi\u0119dzynarodowym, oferuj\u0105c pe\u0142n\u0105 gam\u0119 produkt\u00f3w. Kierujemy si\u0119 zasad\u0105 doskona\u0142ej jako\u015bci, opieraj\u0105c si\u0119 na strategii zarz\u0105dzania produkcj\u0105 przemys\u0142ow\u0105 w wyspecjalizowanych warsztatach produkcyjnych, stale ulepszaj\u0105c platformy produkcyjne, poprawiaj\u0105c jako\u015b\u0107 procesu produkcyjnego oraz dysponuj\u0105c silnym potencja\u0142em kreatywnym, aby sprosta\u0107 zr\u00f3\u017cnicowanym potrzebom naszych klient\u00f3w, zapewniaj\u0105c wysok\u0105 wydajno\u015b\u0107, precyzj\u0119 i jako\u015b\u0107. Oferujemy profesjonalne, certyfikowane na arenie mi\u0119dzynarodowej, dostosowane do indywidualnych potrzeb us\u0142ugi, z wykorzystaniem zaawansowanego sprz\u0119tu produkcyjnego i profesjonalnych system\u00f3w testowych. Zapewniamy r\u00f3wnie\u017c cz\u0119\u015bci zamienne i us\u0142ugi regeneracji, aby wyd\u0142u\u017cy\u0107 \u017cywotno\u015b\u0107 si\u0142ownik\u00f3w.<\/p>\n<p>Autor: lyl<\/p>","protected":false},"excerpt":{"rendered":"<p>Bucket Cylinder For Doosan Small Excavator DH150-7 Introduction A bucket cylinder is a specially designed hydraulic cylinder that is primarily used to control the movement of buckets in heavy machinery such as excavators, backhoes, and front loaders. Its main function is to enable the bucket to lift, lower, and tilt, making it easier to handle [&hellip;]<\/p>","protected":false},"featured_media":14787,"comment_status":"open","ping_status":"closed","template":"","meta":{"_et_pb_use_builder":"","_et_pb_old_content":"","_et_gb_content_width":""},"product_brand":[],"product_cat":[1494],"product_tag":[1495,1496],"class_list":{"0":"post-15269","1":"product","2":"type-product","3":"status-publish","4":"has-post-thumbnail","6":"product_cat-bucket-cylinders","7":"product_tag-bucket-cylinders","8":"product_tag-hydraulic-cylinders","10":"first","11":"instock","12":"shipping-taxable","13":"product-type-simple"},"amp_enabled":true,"_links":{"self":[{"href":"https:\/\/www.hydraulic-cylinders.net\/pl\/wp-json\/wp\/v2\/product\/15269","targetHints":{"allow":["GET"]}}],"collection":[{"href":"https:\/\/www.hydraulic-cylinders.net\/pl\/wp-json\/wp\/v2\/product"}],"about":[{"href":"https:\/\/www.hydraulic-cylinders.net\/pl\/wp-json\/wp\/v2\/types\/product"}],"replies":[{"embeddable":true,"href":"https:\/\/www.hydraulic-cylinders.net\/pl\/wp-json\/wp\/v2\/comments?post=15269"}],"wp:featuredmedia":[{"embeddable":true,"href":"https:\/\/www.hydraulic-cylinders.net\/pl\/wp-json\/wp\/v2\/media\/14787"}],"wp:attachment":[{"href":"https:\/\/www.hydraulic-cylinders.net\/pl\/wp-json\/wp\/v2\/media?parent=15269"}],"wp:term":[{"taxonomy":"product_brand","embeddable":true,"href":"https:\/\/www.hydraulic-cylinders.net\/pl\/wp-json\/wp\/v2\/product_brand?post=15269"},{"taxonomy":"product_cat","embeddable":true,"href":"https:\/\/www.hydraulic-cylinders.net\/pl\/wp-json\/wp\/v2\/product_cat?post=15269"},{"taxonomy":"product_tag","embeddable":true,"href":"https:\/\/www.hydraulic-cylinders.net\/pl\/wp-json\/wp\/v2\/product_tag?post=15269"}],"curies":[{"name":"wp","href":"https:\/\/api.w.org\/{rel}","templated":true}]}}