{"id":15270,"date":"2025-01-19T14:19:09","date_gmt":"2025-01-19T14:19:09","guid":{"rendered":"https:\/\/www.hydraulic-cylinders.net\/product\/bucket-cylinder-for-doosan-small-excavator-dx150lc-7\/"},"modified":"2025-01-19T14:19:11","modified_gmt":"2025-01-19T14:19:11","slug":"bucket-cylinder-for-doosan-small-excavator-dx150lc-7","status":"publish","type":"product","link":"https:\/\/www.hydraulic-cylinders.net\/pl\/produkt\/bucket-cylinder-for-doosan-small-excavator-dx150lc-7\/","title":{"rendered":"Si\u0142ownik \u0142y\u017cki do ma\u0142ej koparki Doosan DX150LC-7"},"content":{"rendered":"<p><!DOCTYPE html><br \/>\n<html><br \/>\n<head><br \/>\n<title>Si\u0142ownik \u0142y\u017cki do ma\u0142ej koparki Doosan DX150LC-7<\/title><br \/>\n<\/head><br \/>\n<body><\/p>\n<h1>Si\u0142ownik \u0142y\u017cki do ma\u0142ej koparki Doosan DX150LC-7<\/h1>\n<h2>Wst\u0119p<\/h2>\n<p>Si\u0142ownik \u0142y\u017cki do ma\u0142ej koparki Doosan DX150LC-7 to specjalnie zaprojektowany si\u0142ownik hydrauliczny s\u0142u\u017c\u0105cy do sterowania ruchem \u0142y\u017cki w ci\u0119\u017ckich maszynach, takich jak koparki, koparko-\u0142adowarki i \u0142adowarki ko\u0142owe. Jego g\u0142\u00f3wn\u0105 funkcj\u0105 jest podnoszenie, opuszczanie i przechylanie \u0142y\u017cki, u\u0142atwiaj\u0105c r\u00f3\u017cnorodne zadania zwi\u0105zane z prze\u0142adunkiem materia\u0142\u00f3w. W uk\u0142adzie hydraulicznym si\u0142ownik \u0142y\u017cki zapewnia precyzyjn\u0105 kontrol\u0119 nad \u0142y\u017ck\u0105, wykorzystuj\u0105c zmiany ci\u015bnienia oleju hydraulicznego, umo\u017cliwiaj\u0105c operatorom wydajne przenoszenie du\u017cych \u0142adunk\u00f3w i dostosowywanie si\u0119 do z\u0142o\u017conych warunk\u00f3w pracy oraz zr\u00f3\u017cnicowanych wymaga\u0144 operacyjnych.<\/p>\n<p><img decoding=\"async\" src=\"https:\/\/www.hydraulic-cylinders.net\/wp-content\/uploads\/2025\/01\/songte-company-2.webp\" alt=\"Obraz cylindra wiadra\"><\/p>\n<h2>Cechy<\/h2>\n<ul>\n<li>Wysoka wytrzyma\u0142o\u015b\u0107 i trwa\u0142o\u015b\u0107: Zazwyczaj wykonany z wysokowytrzyma\u0142ej stali lub aluminium, wytrzymuje wysokie ci\u015bnienie i du\u017ce obci\u0105\u017cenia, dostosowuj\u0105c si\u0119 do trudnych warunk\u00f3w pracy. Konstrukcja uwzgl\u0119dnia odporno\u015b\u0107 na zu\u017cycie i korozj\u0119, aby wyd\u0142u\u017cy\u0107 jego \u017cywotno\u015b\u0107.<\/li>\n<li>Wydajna praca uk\u0142adu hydraulicznego: Wykorzystuj\u0105c ci\u015bnienie oleju hydraulicznego do uzyskania p\u0142ynnych ruch\u00f3w wysuwania i wsuwania, uk\u0142ad mo\u017ce szybko reagowa\u0107 na polecenia steruj\u0105ce, zapewniaj\u0105c du\u017ce si\u0142y pchaj\u0105ce i ci\u0105gn\u0105ce, odpowiednie do obs\u0142ugi ci\u0119\u017ckich \u0142adunk\u00f3w i skomplikowanych zada\u0144 operacyjnych.<\/li>\n<li>R\u00f3\u017cne typy: Dost\u0119pne w wersji jednostronnego dzia\u0142ania (hydraulika dzia\u0142a tylko w jednym kierunku) lub dwustronnego dzia\u0142ania (hydraulika dzia\u0142a w obu kierunkach), co pozwala na spe\u0142nienie r\u00f3\u017cnych wymaga\u0144 operacyjnych. Niekt\u00f3re modele s\u0105 teleskopowe, co pozwala na wi\u0119ksze wysuni\u0119cie bez zwi\u0119kszania wymiar\u00f3w zewn\u0119trznych, dzi\u0119ki czemu nadaj\u0105 si\u0119 do zastosowa\u0144 w ograniczonej przestrzeni.<\/li>\n<li>Idealna wymiana: Nasz produkt mo\u017ce idealnie zast\u0105pi\u0107 te cylindry hydrauliczne.<\/li>\n<\/ul>\n<p><img decoding=\"async\" src=\"https:\/\/www.hydraulic-cylinders.net\/wp-content\/uploads\/2025\/01\/songte-cylinder-head-with-all-kinds-excavator-models.webp\" alt=\"Obraz produktu\"><\/p>\n<h2>Aplikacje<\/h2>\n<ul>\n<li>Sprz\u0119t budowlany: Znajduj\u0105 si\u0119 w koparkach i s\u0105 niezb\u0119dne do kopania, za\u0142adunku i przemieszczania gleby lub gruzu. W koparko-\u0142adowarkach si\u0142ownik \u0142y\u017cki wspomaga zar\u00f3wno kopanie, jak i podnoszenie.<\/li>\n<li>Maszyny rolnicze: Stosowane w \u0142adowarkach czo\u0142owych do nabierania, podnoszenia i transportu gleby, siana i innych materia\u0142\u00f3w.<\/li>\n<li>Koparki: Cylinder \u0142y\u017cki umo\u017cliwia kopanie poprzez umo\u017cliwienie \u0142y\u017cce wnikania w gleb\u0119.<\/li>\n<li>\u0141adowarki ko\u0142owe: W \u0142adowarkach ko\u0142owych pomagaj\u0105 w wydajnym podnoszeniu i wysypywaniu towar\u00f3w.<\/li>\n<\/ul>\n<h2>Zagadnienia projektowe i kryteria wyboru<\/h2>\n<ul>\n<li>No\u015bno\u015b\u0107: Om\u00f3w zdolno\u015b\u0107 cylindra do wytrzymywania obci\u0105\u017ce\u0144.<\/li>\n<li>Uszczelnienie: Om\u00f3w znaczenie prawid\u0142owego uszczelnienia w celu zapobiegania przeciekom.<\/li>\n<li>Trwa\u0142o\u015b\u0107: Om\u00f3w odporno\u015b\u0107 cylindra na zu\u017cycie i uszkodzenia.<\/li>\n<li>Bezpiecze\u0144stwo: Om\u00f3w kwestie bezpiecze\u0144stwa i kwestie, kt\u00f3re nale\u017cy uwzgl\u0119dni\u0107 w projekcie.<\/li>\n<li>\u0141atwo\u015b\u0107 konserwacji: Om\u00f3w \u0142atwo\u015b\u0107 konserwacji i napraw.<\/li>\n<\/ul>\n<p><img decoding=\"async\" src=\"https:\/\/www.hydraulic-cylinders.net\/wp-content\/uploads\/2025\/01\/songte-oil-pipes-and-spare-parts.webp\" alt=\"Cz\u0119\u015bci cylindr\u00f3w hydraulicznych\"><\/p>\n<h2>Uszczelnianie i smarowanie<\/h2>\n<p>W cylindrze czerpakowym zastosowano r\u00f3\u017cnorodne uszczelnienia, takie jak uszczelnienia t\u0142oka i t\u0142oczyska, wykonane z materia\u0142\u00f3w odpornych na zu\u017cycie, takich jak poliuretan i kauczuk nitrylowy. Korpus cylindra i gwintowane powierzchnie ko\u0144cowe s\u0105 poddawane precyzyjnej obr\u00f3bce w celu zwi\u0119kszenia odporno\u015bci na zu\u017cycie. Regularne smarowanie olejem hydraulicznym jest niezb\u0119dne dla zapewnienia p\u0142ynnej pracy.<\/p>\n<h2>Regularne kontrole i konserwacja zapobiegawcza<\/h2>\n<ul>\n<li>Regularnie sprawdzaj cylinder pod k\u0105tem oznak zu\u017cycia lub uszkodze\u0144.<\/li>\n<li>Zapewnij odpowiednie smarowanie wszystkich ruchomych cz\u0119\u015bci.<\/li>\n<li>Aby zachowa\u0107 optymaln\u0105 wydajno\u015b\u0107, nale\u017cy okresowo wymienia\u0107 uszczelki.<\/li>\n<li>Przeprowad\u017a kontrol\u0119 kalibracji, aby zapewni\u0107 prawid\u0142owe dzia\u0142anie urz\u0105dzenia.<\/li>\n<\/ul>\n<h2>Instrukcja instalacji produktu<\/h2>\n<p>Aby prawid\u0142owo zamontowa\u0107 cylinder kube\u0142kowy, nale\u017cy wykona\u0107 nast\u0119puj\u0105ce czynno\u015bci:<\/p>\n<ol>\n<li>Wyr\u00f3wnaj cylinder prawid\u0142owo, post\u0119puj\u0105c zgodnie z podanymi wskaz\u00f3wkami.<\/li>\n<li>Do zabezpieczenia cylindra nale\u017cy u\u017cy\u0107 odpowiednich wspornik\u00f3w monta\u017cowych.<\/li>\n<li>Zapoznaj si\u0119 z zalecanymi procedurami kontroli, napraw i wymiany.<\/li>\n<li>Podaj wskaz\u00f3wki dotycz\u0105ce wyd\u0142u\u017cenia \u017cywotno\u015bci cylindra.<\/li>\n<\/ol>\n<p><img decoding=\"async\" src=\"https:\/\/www.hydraulic-cylinders.net\/wp-content\/uploads\/2025\/01\/songte-chushion-collar.webp\" alt=\"Monta\u017c cylindra\"><\/p>\n<h2>Zagadnienia bezpiecze\u0144stwa i czynniki \u015brodowiskowe<\/h2>\n<p>Om\u00f3w znaczenie \u015brodk\u00f3w bezpiecze\u0144stwa podczas korzystania z cylindra czerpakowego i w jaki spos\u00f3b przyczyniaj\u0105 si\u0119 one do bezpieczniejszego \u015brodowiska pracy.<\/p>\n<h2>Rozwi\u0105zywanie problem\u00f3w i typowe problemy<\/h2>\n<p>Om\u00f3w typowe problemy, kt\u00f3re mog\u0105 si\u0119 pojawi\u0107, i podaj wskaz\u00f3wki dotycz\u0105ce rozwi\u0105zywania problem\u00f3w oraz rozwi\u0105zania, kt\u00f3re pomog\u0105 czytelnikom skutecznie diagnozowa\u0107 i rozwi\u0105zywa\u0107 problemy. Uwzgl\u0119dnij \u015brodki zapobiegawcze, aby zminimalizowa\u0107 potencjalne problemy.<\/p>\n<p><img decoding=\"async\" src=\"https:\/\/www.hydraulic-cylinders.net\/wp-content\/uploads\/2025\/01\/songte-bushings-with-all-kinds-of-excavator-models.webp\" alt=\"Typowe problemy\"><\/p>\n<h2>Nasza firma<\/h2>\n<p>Jeste\u015bmy wiod\u0105cym producentem i hurtowym dystrybutorem zamiennych si\u0142ownik\u00f3w hydraulicznych na rynku krajowym i mi\u0119dzynarodowym. Nasza firma oferuje szerok\u0105 gam\u0119 produkt\u00f3w i stosuje strategi\u0119 zarz\u0105dzania produkcj\u0105 opart\u0105 na doskona\u0142ej jako\u015bci. Dzi\u0119ki naszemu do\u015bwiadczeniu technicznemu, najnowocze\u015bniejszemu sprz\u0119towi produkcyjnemu i profesjonalnym systemom testowym, stale udoskonalamy nasz\u0105 platform\u0119 produkcyjn\u0105 i zapewniamy produkcj\u0119 produkt\u00f3w o wysokiej wydajno\u015bci, precyzji i jako\u015bci, spe\u0142niaj\u0105cych zr\u00f3\u017cnicowane potrzeby klient\u00f3w.<\/p>\n<p><img decoding=\"async\" src=\"https:\/\/www.hydraulic-cylinders.net\/wp-content\/uploads\/2025\/01\/songte-company-3.webp\" alt=\"Wizerunek firmy\"><\/p>\n<h3>Profesjonalizm:<\/h3>\n<p>Explain the company&#8217;s professionalism in delivering quality products and services.<\/p>\n<h3>Certyfikaty mi\u0119dzynarodowe:<\/h3>\n<p>Wymie\u0144 wszelkie istotne certyfikaty mi\u0119dzynarodowe uzyskane przez firm\u0119.<\/p>\n<h3>Us\u0142ugi dostosowywania:<\/h3>\n<p>Om\u00f3w mo\u017cliwo\u015b\u0107 \u015bwiadczenia przez firm\u0119 us\u0142ug dostosowanych do indywidualnych potrzeb.<\/p>\n<h3>Sprz\u0119t produkcyjny:<\/h3>\n<p>Opisz zaawansowany sprz\u0119t produkcyjny wykorzystywany przez firm\u0119.<\/p>\n<h3>Serwis posprzeda\u017cowy:<\/h3>\n<p>Emphasize the company&#8217;s commitment to excellent after-sales service.<\/p>\n<p><img decoding=\"async\" src=\"https:\/\/hzpt.com\/wp-content\/uploads\/2024\/11\/songte-company-1.webp\" alt=\"Wizerunek firmy\"><\/p>\n<p>Autor: lyl<\/p>\n<p><\/body><br \/>\n<\/html><\/p>","protected":false},"excerpt":{"rendered":"<p>Bucket Cylinder For Doosan Small Excavator DX150LC-7 Bucket Cylinder For Doosan Small Excavator DX150LC-7 Introduction The bucket cylinder for Doosan small excavator DX150LC-7 is a specially designed hydraulic cylinder used to control the movement of the bucket in heavy machinery such as excavators, backhoe loaders, and wheel loaders. Its main function is to enable the [&hellip;]<\/p>","protected":false},"featured_media":14785,"comment_status":"open","ping_status":"closed","template":"","meta":{"_et_pb_use_builder":"","_et_pb_old_content":"","_et_gb_content_width":""},"product_brand":[],"product_cat":[1494],"product_tag":[1495,1496],"class_list":{"0":"post-15270","1":"product","2":"type-product","3":"status-publish","4":"has-post-thumbnail","6":"product_cat-bucket-cylinders","7":"product_tag-bucket-cylinders","8":"product_tag-hydraulic-cylinders","10":"first","11":"instock","12":"shipping-taxable","13":"product-type-simple"},"amp_enabled":true,"_links":{"self":[{"href":"https:\/\/www.hydraulic-cylinders.net\/pl\/wp-json\/wp\/v2\/product\/15270","targetHints":{"allow":["GET"]}}],"collection":[{"href":"https:\/\/www.hydraulic-cylinders.net\/pl\/wp-json\/wp\/v2\/product"}],"about":[{"href":"https:\/\/www.hydraulic-cylinders.net\/pl\/wp-json\/wp\/v2\/types\/product"}],"replies":[{"embeddable":true,"href":"https:\/\/www.hydraulic-cylinders.net\/pl\/wp-json\/wp\/v2\/comments?post=15270"}],"wp:featuredmedia":[{"embeddable":true,"href":"https:\/\/www.hydraulic-cylinders.net\/pl\/wp-json\/wp\/v2\/media\/14785"}],"wp:attachment":[{"href":"https:\/\/www.hydraulic-cylinders.net\/pl\/wp-json\/wp\/v2\/media?parent=15270"}],"wp:term":[{"taxonomy":"product_brand","embeddable":true,"href":"https:\/\/www.hydraulic-cylinders.net\/pl\/wp-json\/wp\/v2\/product_brand?post=15270"},{"taxonomy":"product_cat","embeddable":true,"href":"https:\/\/www.hydraulic-cylinders.net\/pl\/wp-json\/wp\/v2\/product_cat?post=15270"},{"taxonomy":"product_tag","embeddable":true,"href":"https:\/\/www.hydraulic-cylinders.net\/pl\/wp-json\/wp\/v2\/product_tag?post=15270"}],"curies":[{"name":"wp","href":"https:\/\/api.w.org\/{rel}","templated":true}]}}