{"id":15271,"date":"2025-01-19T14:19:13","date_gmt":"2025-01-19T14:19:13","guid":{"rendered":"https:\/\/www.hydraulic-cylinders.net\/product\/bucket-cylinder-for-doosan-small-excavator-dh55-5\/"},"modified":"2025-01-19T14:19:15","modified_gmt":"2025-01-19T14:19:15","slug":"bucket-cylinder-for-doosan-small-excavator-dh55-5","status":"publish","type":"product","link":"https:\/\/www.hydraulic-cylinders.net\/pl\/produkt\/bucket-cylinder-for-doosan-small-excavator-dh55-5\/","title":{"rendered":"Si\u0142ownik \u0142y\u017cki do ma\u0142ej koparki Doosan DH55-5"},"content":{"rendered":"<h1>Si\u0142ownik \u0142y\u017cki do ma\u0142ej koparki Doosan DH55-5<\/h1>\n<h2>Wst\u0119p<\/h2>\n<h3>Definiowanie cylindra \u0142y\u017cki do ma\u0142ej koparki Doosan DH55-5<\/h3>\n<p>Si\u0142ownik \u0142y\u017cki to specjalnie zaprojektowany si\u0142ownik hydrauliczny, kt\u00f3ry s\u0142u\u017cy g\u0142\u00f3wnie do sterowania ruchem \u0142y\u017cki w ci\u0119\u017ckich maszynach, takich jak koparki, koparko-\u0142adowarki i \u0142adowarki czo\u0142owe. Jego g\u0142\u00f3wn\u0105 funkcj\u0105 jest umo\u017cliwienie podnoszenia, opuszczania i przechylania \u0142y\u017cki, u\u0142atwiaj\u0105c tym samym r\u00f3\u017cnorodne zadania zwi\u0105zane z prze\u0142adunkiem materia\u0142\u00f3w. W uk\u0142adzie hydraulicznym si\u0142ownik \u0142y\u017cki zapewnia precyzyjn\u0105 kontrol\u0119 nad \u0142y\u017ck\u0105 poprzez zmian\u0119 ci\u015bnienia oleju hydraulicznego, umo\u017cliwiaj\u0105c operatorom wydajne przenoszenie du\u017cych \u0142adunk\u00f3w i dostosowywanie si\u0119 do z\u0142o\u017conych warunk\u00f3w pracy oraz zr\u00f3\u017cnicowanych wymaga\u0144 operacyjnych.<\/p>\n<p><img decoding=\"async\" src=\"https:\/\/www.hydraulic-cylinders.net\/wp-content\/uploads\/2025\/01\/songte-company-2.webp\" alt=\"Cylinder kube\u0142kowy\" \/><\/p>\n<h3>Cechy cylindra \u0142y\u017cki do ma\u0142ej koparki Doosan DH55-5<\/h3>\n<ul>\n<li>Wysoka wytrzyma\u0142o\u015b\u0107 i trwa\u0142o\u015b\u0107: Zazwyczaj wykonany z wysokowytrzyma\u0142ej stali lub aluminium, wytrzymuje du\u017ce ci\u015bnienie i obci\u0105\u017cenia, jest przystosowany do trudnych warunk\u00f3w pracy, a tak\u017ce jest zaprojektowany z my\u015bl\u0105 o odporno\u015bci na zu\u017cycie i korozj\u0119, co wyd\u0142u\u017ca jego \u017cywotno\u015b\u0107.<\/li>\n<li>Wydajna praca uk\u0142adu hydraulicznego: Wykorzystuj\u0105c ci\u015bnienie oleju hydraulicznego do uzyskania p\u0142ynnych ruch\u00f3w teleskopowych, uk\u0142ad mo\u017ce szybko reagowa\u0107 na polecenia steruj\u0105ce, zapewnia du\u017c\u0105 si\u0142\u0119 pchania i ci\u0105gni\u0119cia oraz nadaje si\u0119 do obs\u0142ugi ci\u0119\u017ckich \u0142adunk\u00f3w i skomplikowanych zada\u0144 operacyjnych.<\/li>\n<li>Wiele typ\u00f3w: Si\u0142owniki jednostronnego dzia\u0142ania (hydrauliczne tylko w jednym kierunku) lub dwustronnego dzia\u0142ania (hydrauliczne w obu kierunkach) mo\u017cna dobra\u0107 w zale\u017cno\u015bci od wymaga\u0144 operacyjnych. Niekt\u00f3re modele s\u0105 teleskopowe, co pozwala na wi\u0119ksze wysuni\u0119cie bez zwi\u0119kszania wymiar\u00f3w zewn\u0119trznych, dzi\u0119ki czemu nadaj\u0105 si\u0119 do zastosowa\u0144 o ograniczonej przestrzeni.<\/li>\n<li>Wymienne: Nasz produkt doskonale zast\u0119puje te cylindry hydrauliczne.<\/li>\n<\/ul>\n<p><img decoding=\"async\" src=\"https:\/\/www.hydraulic-cylinders.net\/wp-content\/uploads\/2025\/01\/songte-cylinder-head-with-all-kinds-excavator-models.webp\" alt=\"Modele cylindr\u00f3w kube\u0142kowych\" \/><\/p>\n<h3>Zastosowanie si\u0142ownika \u0142y\u017cki do ma\u0142ej koparki Doosan DH55-5<\/h3>\n<p>Si\u0142ownik czerpakowy jest powszechnie stosowany w r\u00f3\u017cnych maszynach ci\u0119\u017ckich, takich jak:<\/p>\n<ul>\n<li>Sprz\u0119t budowlany: W koparkach s\u0105 one niezb\u0119dne do wykopywania, za\u0142adunku i przemieszczania gleby lub gruzu. W koparko-\u0142adowarkach cylindry \u0142y\u017cki wspomagaj\u0105 zar\u00f3wno wykopywanie, jak i podnoszenie. <\/li>\n<li>Maszyny rolnicze: Stosowane w \u0142adowarkach czo\u0142owych do nabierania, podnoszenia i transportu gleby, siana i innych materia\u0142\u00f3w. <\/li>\n<li>Koparki: Cylinder \u0142y\u017cki umo\u017cliwia wykopywanie poprzez umo\u017cliwienie \u0142y\u017cce zag\u0142\u0119biania si\u0119 w gleb\u0119. <\/li>\n<li>\u0141adowarki: W \u0142adowarkach czo\u0142owych pomagaj\u0105 w efektywnym podnoszeniu i przechylaniu \u0142adunk\u00f3w. <\/li>\n<\/ul>\n<p>Ka\u017cde zastosowanie cylindra kube\u0142kowego zosta\u0142o szerzej om\u00f3wione poni\u017cej.<\/p>\n<h3>Zagadnienia projektowe i kryteria wyboru<\/h3>\n<p>Cylinder kube\u0142kowy zaprojektowano z uwzgl\u0119dnieniem nast\u0119puj\u0105cych kwestii:<\/p>\n<ul>\n<li>No\u015bno\u015b\u0107: Cylinder musi wytrzymywa\u0107 du\u017ce obci\u0105\u017cenia i zachowywa\u0107 stabilno\u015b\u0107 podczas pracy.<\/li>\n<li>Uszczelnienie: Cylinder musi by\u0107 uszczelniony, aby zapobiec wyciekaniu p\u0142ynu i utrzyma\u0107 w\u0142a\u015bciwe ci\u015bnienie.<\/li>\n<li>Trwa\u0142o\u015b\u0107: Cylinder musi by\u0107 zaprojektowany tak, aby wytrzymywa\u0142 trudne warunki pracy i by\u0142 odporny na zu\u017cycie i korozj\u0119.<\/li>\n<li>Bezpiecze\u0144stwo: Cylinder musi by\u0107 zaprojektowany w spos\u00f3b zapobiegaj\u0105cy wypadkom i minimalizuj\u0105cy ryzyko obra\u017ce\u0144 operator\u00f3w.<\/li>\n<li>\u0141atwo\u015b\u0107 konserwacji: Cylinder musi by\u0107 \u0142atwy w konserwacji i naprawie.<\/li>\n<\/ul>\n<p><img decoding=\"async\" src=\"https:\/\/www.hydraulic-cylinders.net\/wp-content\/uploads\/2025\/01\/songte-oil-pipes-and-spare-parts.webp\" alt=\"Cz\u0119\u015bci cylindra \u0142y\u017cki\" \/><\/p>\n<h3>Uszczelnienie i smarowanie cylindra \u0142y\u017cki do ma\u0142ej koparki Doosan DH55-5<\/h3>\n<ul>\n<li>W cylindrze stosowane s\u0105 r\u00f3\u017cne elementy uszczelniaj\u0105ce, takie jak uszczelki t\u0142okowe, uszczelki t\u0142oczysk itp. Elementy uszczelniaj\u0105ce wykonane s\u0105 z materia\u0142\u00f3w odpornych na zu\u017cycie, takich jak poliuretan i kauczuk nitrylowy.<\/li>\n<li>Precyzyjnie obrobiony korpus cylindra: korpus cylindra i powierzchnia ko\u0144cowa gwintu s\u0105 precyzyjnie obrobione w celu zwi\u0119kszenia odporno\u015bci na zu\u017cycie.<\/li>\n<li>Smarowanie: Cylinder nale\u017cy regularnie smarowa\u0107 odpowiedni\u0105 ilo\u015bci\u0105 oleju hydraulicznego.<\/li>\n<\/ul>\n<h3>Regularne kontrole i \u015brodki konserwacji zapobiegawczej<\/h3>\n<p>Zaleca si\u0119 regularne wykonywanie nast\u0119puj\u0105cych prac konserwacyjnych:<\/p>\n<ul>\n<li>Regularna kontrola: Nale\u017cy regularnie sprawdza\u0107 cylinder pod k\u0105tem uszkodze\u0144, nieszczelno\u015bci i zu\u017cycia.<\/li>\n<li>Prawid\u0142owe smarowanie: Utrzymuj cylinder prawid\u0142owo nasmarowany.<\/li>\n<li>Wymiana uszczelek: W razie potrzeby wymie\u0144 uszczelki.<\/li>\n<li>Calibration Check: Check the cylinder&#8217;s calibration periodically.<\/li>\n<\/ul>\n<p>Prawid\u0142owy monta\u017c, smarowanie i regulacja s\u0105 niezb\u0119dne dla zapewnienia bezpiecznej i wydajnej pracy si\u0142ownika czerpakowego. Zaleca si\u0119 prawid\u0142owe ustawienie si\u0142ownika podczas monta\u017cu oraz u\u017cycie odpowiednich wspornik\u00f3w monta\u017cowych w celu jego zabezpieczenia. Nasza firma oferuje cz\u0119\u015bci zamienne i us\u0142ugi regeneracji, aby wyd\u0142u\u017cy\u0107 \u017cywotno\u015b\u0107 si\u0142ownika czerpakowego.<\/p>\n<p><img decoding=\"async\" src=\"https:\/\/www.hydraulic-cylinders.net\/wp-content\/uploads\/2025\/01\/songte-chushion-collar.webp\" alt=\"Monta\u017c cylindra kube\u0142kowego\" \/><\/p>\n<h3>Zagadnienia bezpiecze\u0144stwa i czynniki \u015brodowiskowe<\/h3>\n<p>Podczas u\u017cytkowania cylindra czerpakowego nale\u017cy bezwzgl\u0119dnie przestrzega\u0107 \u015brodk\u00f3w bezpiecze\u0144stwa, aby zapobiec wypadkom i obra\u017ceniom. Nale\u017cy r\u00f3wnie\u017c uwzgl\u0119dni\u0107 czynniki \u015brodowiskowe, takie jak wp\u0142yw wycieku p\u0142ynu hydraulicznego na \u015brodowisko oraz prawid\u0142ow\u0105 utylizacj\u0119 odpad\u00f3w.<\/p>\n<h3>Rozwi\u0105zywanie problem\u00f3w i typowe problemy z si\u0142ownikiem \u0142y\u017cki do ma\u0142ej koparki Doosan DH55-5<\/h3>\n<p>Typowe problemy, kt\u00f3re mog\u0105 wyst\u0105pi\u0107 w si\u0142owniku \u0142y\u017cki, to wyciek oleju, dryft si\u0142ownika i niewystarczaj\u0105ca si\u0142a. Nasze wskaz\u00f3wki i rozwi\u0105zania pomagaj\u0105 w diagnozowaniu i skutecznym rozwi\u0105zywaniu tych problem\u00f3w. Zaleca si\u0119 r\u00f3wnie\u017c podj\u0119cie dzia\u0142a\u0144 zapobiegawczych w celu zminimalizowania potencjalnych problem\u00f3w.<\/p>\n<p><img decoding=\"async\" src=\"https:\/\/www.hydraulic-cylinders.net\/wp-content\/uploads\/2025\/01\/songte-bushings-with-all-kinds-of-excavator-models.webp\" alt=\"Tuleje cylindra \u0142y\u017cki\" \/><\/p>\n<h2>O naszej firmie<\/h2>\n<p>We are a manufacturer of hydraulic cylinders that can replace conventional hydraulic cylinders. Our company offers a complete range of hydraulic cylinders and has become one of the leading manufacturers and wholesale distributors in the domestic and international markets. We adhere to the principles of excellent quality, rely on industrialized production management strategies, and have continuously improved our manufacturing platforms by using technological talents, digitalized high-end manufacturing equipment, and professional testing systems, and we have a strong ability to create high-efficiency, high-precision, and high-quality products to meet our customers&#8217; diverse needs.<\/p>\n<p><img decoding=\"async\" src=\"https:\/\/hzpt.com\/wp-content\/uploads\/2024\/11\/songte-company-1.webp\" alt=\"Przegl\u0105d firmy\" \/><\/p>\n<h3>Nasza wiedza specjalistyczna<\/h3>\n<p>Nasza firma specjalizuje si\u0119 w nast\u0119puj\u0105cych obszarach:<\/p>\n<ul>\n<li>Certyfikaty mi\u0119dzynarodowe: Nasze produkty uzyska\u0142y szereg certyfikat\u00f3w mi\u0119dzynarodowych, w tym ISO9001, CE, SGS i TUV. <\/li>\n<li>Customized Services: Our company can provide customized services according to customers&#8217; needs, such as tailored product design, customized packaging, etc.<\/li>\n<li>Sprz\u0119t produkcyjny: U\u017cywamy najwy\u017cszej klasy sprz\u0119tu do obr\u00f3bki CNC, zaawansowanego sprz\u0119tu spawalniczego i r\u00f3\u017cnego sprz\u0119tu testowego, aby zapewni\u0107 jako\u015b\u0107 naszych produkt\u00f3w.<\/li>\n<li>Serwis posprzeda\u017cowy: Zapewniamy kompleksowe wsparcie posprzeda\u017cowe, obejmuj\u0105ce instalacj\u0119, konserwacj\u0119 i naprawy.<\/li>\n<\/ul>\n<p>Dzi\u0119kujemy za zainteresowanie naszymi produktami. Aby uzyska\u0107 wi\u0119cej informacji, odwied\u017a nasz\u0105 stron\u0119 internetow\u0105 lub skontaktuj si\u0119 z nami bezpo\u015brednio.<\/p>\n<footer>Autor: lyl<\/footer>","protected":false},"excerpt":{"rendered":"<p>Bucket Cylinder For Doosan Small Excavator DH55-5 Introduction Defining Bucket Cylinder for Doosan Small Excavator DH55-5 A bucket cylinder is a specially designed hydraulic cylinder that is primarily used to control the movement of the bucket in heavy machinery such as excavators, backhoe loaders, and front-end loaders. Its main function is to enable the bucket [&hellip;]<\/p>","protected":false},"featured_media":14784,"comment_status":"open","ping_status":"closed","template":"","meta":{"_et_pb_use_builder":"","_et_pb_old_content":"","_et_gb_content_width":""},"product_brand":[],"product_cat":[1494],"product_tag":[1495,1496],"class_list":{"0":"post-15271","1":"product","2":"type-product","3":"status-publish","4":"has-post-thumbnail","6":"product_cat-bucket-cylinders","7":"product_tag-bucket-cylinders","8":"product_tag-hydraulic-cylinders","10":"first","11":"instock","12":"shipping-taxable","13":"product-type-simple"},"amp_enabled":true,"_links":{"self":[{"href":"https:\/\/www.hydraulic-cylinders.net\/pl\/wp-json\/wp\/v2\/product\/15271","targetHints":{"allow":["GET"]}}],"collection":[{"href":"https:\/\/www.hydraulic-cylinders.net\/pl\/wp-json\/wp\/v2\/product"}],"about":[{"href":"https:\/\/www.hydraulic-cylinders.net\/pl\/wp-json\/wp\/v2\/types\/product"}],"replies":[{"embeddable":true,"href":"https:\/\/www.hydraulic-cylinders.net\/pl\/wp-json\/wp\/v2\/comments?post=15271"}],"wp:featuredmedia":[{"embeddable":true,"href":"https:\/\/www.hydraulic-cylinders.net\/pl\/wp-json\/wp\/v2\/media\/14784"}],"wp:attachment":[{"href":"https:\/\/www.hydraulic-cylinders.net\/pl\/wp-json\/wp\/v2\/media?parent=15271"}],"wp:term":[{"taxonomy":"product_brand","embeddable":true,"href":"https:\/\/www.hydraulic-cylinders.net\/pl\/wp-json\/wp\/v2\/product_brand?post=15271"},{"taxonomy":"product_cat","embeddable":true,"href":"https:\/\/www.hydraulic-cylinders.net\/pl\/wp-json\/wp\/v2\/product_cat?post=15271"},{"taxonomy":"product_tag","embeddable":true,"href":"https:\/\/www.hydraulic-cylinders.net\/pl\/wp-json\/wp\/v2\/product_tag?post=15271"}],"curies":[{"name":"wp","href":"https:\/\/api.w.org\/{rel}","templated":true}]}}