{"id":15275,"date":"2025-01-19T14:19:32","date_gmt":"2025-01-19T14:19:32","guid":{"rendered":"https:\/\/www.hydraulic-cylinders.net\/product\/bucket-cylinder-for-doosan-middle-excavator-dh200-5-7\/"},"modified":"2025-01-19T14:19:34","modified_gmt":"2025-01-19T14:19:34","slug":"bucket-cylinder-for-doosan-middle-excavator-dh200-5-7","status":"publish","type":"product","link":"https:\/\/www.hydraulic-cylinders.net\/pl\/produkt\/bucket-cylinder-for-doosan-middle-excavator-dh200-5-7\/","title":{"rendered":"Si\u0142ownik \u0142y\u017cki do koparki \u015bredniej Doosan DH200-5-7"},"content":{"rendered":"<h1>Si\u0142ownik \u0142y\u017cki do koparki \u015bredniej Doosan DH200-5-7<\/h1>\n<h2>Wst\u0119p<\/h2>\n<p>Si\u0142ownik \u0142y\u017cki to specjalnie zaprojektowany si\u0142ownik hydrauliczny, kt\u00f3ry s\u0142u\u017cy g\u0142\u00f3wnie do sterowania ruchem \u0142y\u017cki w ci\u0119\u017ckich maszynach, takich jak koparki, koparko-\u0142adowarki i \u0142adowarki czo\u0142owe. Jego g\u0142\u00f3wn\u0105 funkcj\u0105 jest umo\u017cliwienie podnoszenia, opuszczania i przechylania \u0142y\u017cki, u\u0142atwiaj\u0105c wykonywanie r\u00f3\u017cnych zada\u0144 zwi\u0105zanych z prze\u0142adunkiem materia\u0142\u00f3w. W uk\u0142adzie hydraulicznym si\u0142ownik \u0142y\u017cki steruje precyzyjnym ruchem \u0142y\u017cki poprzez zmiany ci\u015bnienia oleju hydraulicznego, umo\u017cliwiaj\u0105c operatorom wydajne przenoszenie du\u017cych \u0142adunk\u00f3w i dostosowywanie si\u0119 do z\u0142o\u017conych warunk\u00f3w pracy oraz zr\u00f3\u017cnicowanych wymaga\u0144.<\/p>\n<p><img decoding=\"async\" src=\"https:\/\/www.hydraulic-cylinders.net\/wp-content\/uploads\/2025\/01\/songte-company-2.webp\" alt=\"Obraz cylindra wiadra\"><\/p>\n<h2>Cechy<\/h2>\n<ul>\n<li>\n<h3>Wysoka wytrzyma\u0142o\u015b\u0107 i trwa\u0142o\u015b\u0107<\/h3>\n<p>Cylindry czerpakowe s\u0105 zazwyczaj wykonane z wysokowytrzyma\u0142ej stali lub aluminium, co pozwala im wytrzyma\u0107 wysokie ci\u015bnienie i du\u017ce obci\u0105\u017cenia, dostosowuj\u0105c si\u0119 do trudnych warunk\u00f3w pracy. Konstrukcja uwzgl\u0119dnia odporno\u015b\u0107 na zu\u017cycie i korozj\u0119, co wyd\u0142u\u017ca \u017cywotno\u015b\u0107.<\/p>\n<\/li>\n<li>\n<h3>Wydajna praca hydrauliczna<\/h3>\n<p>Ci\u015bnienie hydrauliczne jest wykorzystywane do uzyskania p\u0142ynnego rozci\u0105gania i kurczenia, co pozwala na szybk\u0105 reakcj\u0119 na polecenia steruj\u0105ce, zapewnia du\u017ce si\u0142y pchania i ci\u0105gni\u0119cia oraz nadaje si\u0119 do obs\u0142ugi du\u017cych obci\u0105\u017ce\u0144 i wykonywania skomplikowanych zada\u0144.<\/p>\n<\/li>\n<li>\n<h3>R\u00f3\u017cne typy<\/h3>\n<p>Si\u0142owniki czerpakowe mog\u0105 by\u0107 jednostronnego dzia\u0142ania (wykorzystuj\u0105ce hydraulik\u0119 tylko w jednym kierunku) lub dwustronnego dzia\u0142ania (wykorzystuj\u0105ce hydraulik\u0119 w obu kierunkach), w zale\u017cno\u015bci od wymaga\u0144 roboczych. Niekt\u00f3re modele s\u0105 teleskopowe, co pozwala na wi\u0119ksze wysuni\u0119cie bez zwi\u0119kszania wymiar\u00f3w zewn\u0119trznych, dzi\u0119ki czemu nadaj\u0105 si\u0119 do zastosowa\u0144 w ograniczonej przestrzeni.<\/p>\n<\/li>\n<li>\n<h3>Doskona\u0142y zamiennik<\/h3>\n<p>Nasze produkty mog\u0105 doskonale zast\u0105pi\u0107 te si\u0142owniki hydrauliczne.<\/p>\n<\/li>\n<\/ul>\n<p><img decoding=\"async\" src=\"https:\/\/www.hydraulic-cylinders.net\/wp-content\/uploads\/2025\/01\/songte-cylinder-head-with-all-kinds-excavator-models.webp\" alt=\"Obraz zast\u0105pienia cylindra wiadra\"><\/p>\n<h2>Aplikacje<\/h2>\n<p>Cylindry kube\u0142kowe s\u0105 szeroko stosowane w r\u00f3\u017cnych maszynach, takich jak:<\/p>\n<ul>\n<li>\n<h3>Sprz\u0119t budowlany<\/h3>\n<p>W koparkach s\u0105 one niezb\u0119dne do kopania, za\u0142adunku i przemieszczania gleby lub gruzu. W koparko-\u0142adowarkach si\u0142ownik \u0142y\u017cki pomaga zar\u00f3wno w kopaniu, jak i podnoszeniu. <\/p>\n<\/li>\n<li>\n<h3>Maszyny rolnicze<\/h3>\n<p>Stosowany w \u0142adowarkach czo\u0142owych do nabierania, podnoszenia i transportu ziemi, siana i innych materia\u0142\u00f3w.<\/p>\n<\/li>\n<li>\n<h3>Koparki<\/h3>\n<p>Cylinder \u0142y\u017cki umo\u017cliwia penetracj\u0119 gleby w celu wykonania wykopu.<\/p>\n<\/li>\n<li>\n<h3>\u0141adowarki<\/h3>\n<p>W \u0142adowarkach czo\u0142owych pomagaj\u0105 efektywnie podnosi\u0107 i roz\u0142adowywa\u0107 \u0142adunki.<\/p>\n<\/li>\n<\/ul>\n<h2>Zagadnienia projektowe i kryteria wyboru<\/h2>\n<ul>\n<li>\n<h3>No\u015bno\u015b\u0107<\/h3>\n<p>Cylinder musi mie\u0107 odpowiedni\u0105 no\u015bno\u015b\u0107, aby zapewni\u0107 bezpieczn\u0105 prac\u0119 i zapobiec przeci\u0105\u017ceniu. <\/p>\n<\/li>\n<li>\n<h3>Opiecz\u0119towanie<\/h3>\n<p>Uszczelnienie t\u0142oka, uszczelnienie t\u0142oczyska i inne uszczelnienia musz\u0105 by\u0107 wykonane z materia\u0142\u00f3w odpornych na zu\u017cycie, takich jak poliuretan i kauczuk nitrylowy, aby przed\u0142u\u017cy\u0107 ich \u017cywotno\u015b\u0107. <\/p>\n<\/li>\n<li>\n<h3>Trwa\u0142o\u015b\u0107<\/h3>\n<p>Korpus cylindra i powierzchnia ko\u0144cowa gwintu musz\u0105 zosta\u0107 poddane dok\u0142adnej obr\u00f3bce w celu zwi\u0119kszenia odporno\u015bci na zu\u017cycie. <\/p>\n<\/li>\n<li>\n<h3>Bezpiecze\u0144stwo<\/h3>\n<p>Cylinder musi by\u0107 wyposa\u017cony w urz\u0105dzenia zabezpieczaj\u0105ce zapobiegaj\u0105ce wypadkom spowodowanym nag\u0142ymi spadkami ci\u015bnienia lub nadmiernymi obci\u0105\u017ceniami. <\/p>\n<\/li>\n<li>\n<h3>Utrzymywalno\u015b\u0107<\/h3>\n<p>Cylinder musi by\u0107 \u0142atwy w demonta\u017cu i monta\u017cu, wymianie uszkodzonych cz\u0119\u015bci i konserwacji.<\/p>\n<\/li>\n<\/ul>\n<p><img decoding=\"async\" src=\"https:\/\/www.hydraulic-cylinders.net\/wp-content\/uploads\/2025\/01\/songte-oil-pipes-and-spare-parts.webp\" alt=\"Obraz cz\u0119\u015bci zamiennych\"><\/p>\n<h2>Uszczelnianie i smarowanie<\/h2>\n<p>R\u00f3\u017cne elementy uszczelniaj\u0105ce, takie jak uszczelnienia t\u0142oka i t\u0142oczyska, zapobiegaj\u0105 wyciekom oleju i zapewniaj\u0105 smarowanie ruchomych element\u00f3w. Uszczelnienia wykonane s\u0105 z materia\u0142\u00f3w odpornych na zu\u017cycie, takich jak poliuretan i kauczuk nitrylowy, a korpus cylindra i powierzchnia gwintu s\u0105 precyzyjnie obrabiane w celu zwi\u0119kszenia odporno\u015bci na zu\u017cycie. Cylinder wymaga r\u00f3wnie\u017c regularnego nape\u0142niania odpowiedni\u0105 ilo\u015bci\u0105 oleju hydraulicznego w celu smarowania.<\/p>\n<h2>Kontrola i \u015brodki konserwacji zapobiegawczej<\/h2>\n<p>Regularne przegl\u0105dy, odpowiednie smarowanie, wymiana uszczelek i kalibracja to typowe czynno\u015bci konserwacyjne. Prawid\u0142owy monta\u017c, smarowanie i regulacja s\u0105 niezb\u0119dne, a podczas monta\u017cu nale\u017cy zapewni\u0107 prawid\u0142owe ustawienie cylindra. Zaleca si\u0119 stosowanie odpowiednich wspornik\u00f3w monta\u017cowych do mocowania cylindra. Przedstawiono zalecane procedury kontroli, naprawy i wymiany, a tak\u017ce wskaz\u00f3wki dotycz\u0105ce wyd\u0142u\u017cenia \u017cywotno\u015bci cylindra.<\/p>\n<p><img decoding=\"async\" src=\"https:\/\/www.hydraulic-cylinders.net\/wp-content\/uploads\/2025\/01\/songte-chushion-collar.webp\" alt=\"Obraz instalacyjny\"><\/p>\n<h2>Zagadnienia bezpiecze\u0144stwa i czynniki \u015brodowiskowe<\/h2>\n<p>\u015arodki bezpiecze\u0144stwa s\u0105 kluczowe podczas u\u017cytkowania butli. Nale\u017cy upewni\u0107 si\u0119, \u017ce butla jest prawid\u0142owo zainstalowana i u\u017cywana, aby zapobiec wypadkom. Nale\u017cy r\u00f3wnie\u017c uwzgl\u0119dni\u0107 czynniki \u015brodowiskowe, takie jak temperatura, ci\u015bnienie i wilgotno\u015b\u0107, aby zapobiec potencjalnym zagro\u017ceniom bezpiecze\u0144stwa.<\/p>\n<h2>Typowa diagnostyka usterek i ich rozwi\u0105zania<\/h2>\n<p>Podczas u\u017cytkowania cylindra mog\u0105 wyst\u0105pi\u0107 typowe usterki, takie jak wyciek oleju, niewystarczaj\u0105ce ci\u015bnienie i niestabilna praca. Instrukcja obs\u0142ugi cylindra zawiera wskaz\u00f3wki i rozwi\u0105zania dotycz\u0105ce rozwi\u0105zywania problem\u00f3w, kt\u00f3re pomog\u0105 czytelnikom skutecznie diagnozowa\u0107 i rozwi\u0105zywa\u0107 problemy, a tak\u017ce \u015brodki zapobiegawcze w celu ograniczenia potencjalnych problem\u00f3w.<\/p>\n<p><img decoding=\"async\" src=\"https:\/\/www.hydraulic-cylinders.net\/wp-content\/uploads\/2025\/01\/songte-bushings-with-all-kinds-of-excavator-models.webp\" alt=\"Obraz diagnostyki usterek\"><\/p>\n<h2>O naszej firmie<\/h2>\n<p>Jeste\u015bmy producentem zamiennik\u00f3w cylindr\u00f3w hydraulicznych, oferuj\u0105cym pe\u0142n\u0105 gam\u0119 produkt\u00f3w, i stali\u015bmy si\u0119 jednym z wiod\u0105cych producent\u00f3w i hurtownik\u00f3w cylindr\u00f3w hydraulicznych na rynku krajowym i mi\u0119dzynarodowym. Przestrzegamy zasad doskona\u0142ej jako\u015bci i opieramy si\u0119 na strategii zarz\u0105dzania produkcj\u0105 przemys\u0142ow\u0105, obejmuj\u0105cej wysokiej klasy warsztaty produkcyjne, wykwalifikowanych specjalist\u00f3w, cyfrowy sprz\u0119t produkcyjny wysokiej klasy oraz profesjonalne systemy testowe. Nasza firma stale udoskonala platform\u0119 produkcyjn\u0105 warsztatu, doskonali proces produkcji i posiada silne zdolno\u015bci produkcyjne, aby sprosta\u0107 zr\u00f3\u017cnicowanym potrzebom klient\u00f3w, kieruj\u0105c si\u0119 zasadami wysokiej wydajno\u015bci, precyzji i jako\u015bci.<\/p>\n<p><img decoding=\"async\" src=\"https:\/\/hzpt.com\/wp-content\/uploads\/2024\/11\/songte-company-1.webp\" alt=\"Wizerunek firmy\"><\/p>\n<h3>Profesjonalizm<\/h3>\n<p>Dysponujemy profesjonalnym zespo\u0142em projektant\u00f3w i producent\u00f3w, kt\u00f3ry jest w stanie zapewni\u0107 klientom us\u0142ugi dostosowane do ich indywidualnych potrzeb.<\/p>\n<h3>Mi\u0119dzynarodowa Certyfikacja<\/h3>\n<p>Produkty naszej firmy uzyska\u0142y certyfikaty ISO9001, CE oraz inne mi\u0119dzynarodowe certyfikaty, kt\u00f3re s\u0105 pe\u0142nym potwierdzeniem naszej doskona\u0142ej jako\u015bci produkt\u00f3w i poziomu us\u0142ug.<\/p>\n<h3>Us\u0142uga dostosowana do potrzeb<\/h3>\n<p>Jeste\u015bmy w stanie zapewni\u0107 us\u0142ugi dostosowane do r\u00f3\u017cnych potrzeb klient\u00f3w, a nasz profesjonalny zesp\u00f3\u0142 projektant\u00f3w jest w stanie zapewni\u0107 klientom spersonalizowane rozwi\u0105zania.<\/p>\n<h3>Sprz\u0119t produkcyjny<\/h3>\n<p>Posiadamy zaawansowany sprz\u0119t produkcyjny, taki jak obrabiarki CNC i sprz\u0119t testowy, co gwarantuje wysok\u0105 jako\u015b\u0107 i precyzj\u0119 naszych produkt\u00f3w.<\/p>\n<h3>Serwis posprzeda\u017cowy<\/h3>\n<p>Oferujemy klientom kompleksow\u0105 obs\u0142ug\u0119 posprzeda\u017cow\u0105, obejmuj\u0105c\u0105 doradztwo w zakresie instalacji, pomoc techniczn\u0105 i us\u0142ugi konserwacyjne, aby zapewni\u0107 klientom spokojne korzystanie z naszych produkt\u00f3w.<\/p>\n<p>Autor: lyl<\/p>","protected":false},"excerpt":{"rendered":"<p>Bucket Cylinder for Doosan Middle Excavator DH200-5-7 Introduction A bucket cylinder is a specially designed hydraulic cylinder that is primarily used to control the movement of the bucket in heavy machinery such as excavators, backhoe loaders, and front-end loaders. Its main function is to enable the bucket to lift, lower, and tilt, making it easier [&hellip;]<\/p>","protected":false},"featured_media":14776,"comment_status":"open","ping_status":"closed","template":"","meta":{"_et_pb_use_builder":"","_et_pb_old_content":"","_et_gb_content_width":""},"product_brand":[],"product_cat":[1494],"product_tag":[1495,1496],"class_list":{"0":"post-15275","1":"product","2":"type-product","3":"status-publish","4":"has-post-thumbnail","6":"product_cat-bucket-cylinders","7":"product_tag-bucket-cylinders","8":"product_tag-hydraulic-cylinders","10":"first","11":"instock","12":"shipping-taxable","13":"product-type-simple"},"amp_enabled":true,"_links":{"self":[{"href":"https:\/\/www.hydraulic-cylinders.net\/pl\/wp-json\/wp\/v2\/product\/15275","targetHints":{"allow":["GET"]}}],"collection":[{"href":"https:\/\/www.hydraulic-cylinders.net\/pl\/wp-json\/wp\/v2\/product"}],"about":[{"href":"https:\/\/www.hydraulic-cylinders.net\/pl\/wp-json\/wp\/v2\/types\/product"}],"replies":[{"embeddable":true,"href":"https:\/\/www.hydraulic-cylinders.net\/pl\/wp-json\/wp\/v2\/comments?post=15275"}],"wp:featuredmedia":[{"embeddable":true,"href":"https:\/\/www.hydraulic-cylinders.net\/pl\/wp-json\/wp\/v2\/media\/14776"}],"wp:attachment":[{"href":"https:\/\/www.hydraulic-cylinders.net\/pl\/wp-json\/wp\/v2\/media?parent=15275"}],"wp:term":[{"taxonomy":"product_brand","embeddable":true,"href":"https:\/\/www.hydraulic-cylinders.net\/pl\/wp-json\/wp\/v2\/product_brand?post=15275"},{"taxonomy":"product_cat","embeddable":true,"href":"https:\/\/www.hydraulic-cylinders.net\/pl\/wp-json\/wp\/v2\/product_cat?post=15275"},{"taxonomy":"product_tag","embeddable":true,"href":"https:\/\/www.hydraulic-cylinders.net\/pl\/wp-json\/wp\/v2\/product_tag?post=15275"}],"curies":[{"name":"wp","href":"https:\/\/api.w.org\/{rel}","templated":true}]}}