{"id":15279,"date":"2025-01-19T14:19:47","date_gmt":"2025-01-19T14:19:47","guid":{"rendered":"https:\/\/www.hydraulic-cylinders.net\/product\/bucket-cylinder-for-doosan-middle-excavator-dh280-3\/"},"modified":"2025-01-19T14:19:49","modified_gmt":"2025-01-19T14:19:49","slug":"bucket-cylinder-for-doosan-middle-excavator-dh280-3","status":"publish","type":"product","link":"https:\/\/www.hydraulic-cylinders.net\/pl\/produkt\/bucket-cylinder-for-doosan-middle-excavator-dh280-3\/","title":{"rendered":"Si\u0142ownik \u0142y\u017cki do koparki \u015bredniej Doosan DH280-3"},"content":{"rendered":"<h1>Si\u0142ownik \u0142y\u017cki do koparki \u015bredniej Doosan DH280-3<\/h1>\n<h2>Wst\u0119p<\/h2>\n<p>Si\u0142ownik \u0142y\u017cki do koparki \u015bredniej Doosan DH280-3 to specjalnie zaprojektowany si\u0142ownik hydrauliczny, kt\u00f3ry steruje ruchem \u0142y\u017cki w ci\u0119\u017ckich maszynach, takich jak koparki, koparko-\u0142adowarki i \u0142adowarki czo\u0142owe. Jego g\u0142\u00f3wn\u0105 funkcj\u0105 jest podnoszenie, opuszczanie i przechylanie \u0142y\u017cki, u\u0142atwiaj\u0105c wykonywanie r\u00f3\u017cnych zada\u0144 zwi\u0105zanych z prze\u0142adunkiem materia\u0142\u00f3w. W uk\u0142adzie hydraulicznym si\u0142ownik \u0142y\u017cki precyzyjnie steruje \u0142y\u017ck\u0105 poprzez zmian\u0119 ci\u015bnienia oleju hydraulicznego, umo\u017cliwiaj\u0105c operatorowi wydajne podnoszenie ci\u0119\u017ckich \u0142adunk\u00f3w i dostosowywanie si\u0119 do z\u0142o\u017conych warunk\u00f3w pracy oraz zr\u00f3\u017cnicowanych wymaga\u0144.<\/p>\n<p><img decoding=\"async\" src=\"https:\/\/www.hydraulic-cylinders.net\/wp-content\/uploads\/2025\/01\/songte-company-2.webp\"><\/p>\n<h2>Cechy<\/h2>\n<ul>\n<li>\n<h3>Wysoka wytrzyma\u0142o\u015b\u0107 i trwa\u0142o\u015b\u0107<\/h3>\n<p>Si\u0142ownik czerpaka jest zazwyczaj wykonany z wysokowytrzyma\u0142ej stali lub aluminium i wytrzymuje wysokie ci\u015bnienie i du\u017ce obci\u0105\u017cenia, dostosowuj\u0105c si\u0119 do trudnych warunk\u00f3w pracy. Konstrukcja uwzgl\u0119dnia r\u00f3wnie\u017c odporno\u015b\u0107 na zu\u017cycie i korozj\u0119, co wyd\u0142u\u017ca \u017cywotno\u015b\u0107.<\/p>\n<\/li>\n<li>\n<h3>Wydajna praca uk\u0142adu hydraulicznego<\/h3>\n<p>Si\u0142ownik \u0142y\u017cki wykorzystuje ci\u015bnienie oleju hydraulicznego, aby zapewni\u0107 p\u0142ynne rozci\u0105ganie i kurczenie, mo\u017ce szybko reagowa\u0107 na polecenia steruj\u0105ce, zapewnia du\u017c\u0105 si\u0142\u0119 pchania i ci\u0105gni\u0119cia oraz nadaje si\u0119 do przenoszenia ci\u0119\u017ckich \u0142adunk\u00f3w i wykonywania skomplikowanych zada\u0144.<\/p>\n<\/li>\n<li>\n<h3>R\u00f3\u017cne typy<\/h3>\n<p>Si\u0142owniki kube\u0142kowe mog\u0105 by\u0107 jednostronnego dzia\u0142ania (hydrauliczne tylko w jednym kierunku) lub dwustronnego dzia\u0142ania (hydrauliczne w obu kierunkach), w zale\u017cno\u015bci od potrzeb i wymaga\u0144 operacyjnych. Niekt\u00f3re modele s\u0105 teleskopowe, co pozwala na wi\u0119ksze wysuni\u0119cie bez zwi\u0119kszania wymiar\u00f3w zewn\u0119trznych, co jest przydatne w zastosowaniach o ograniczonej przestrzeni.<\/p>\n<\/li>\n<li>\n<h3>Idealny zamiennik<\/h3>\n<p>Nasze produkty doskonale zast\u0119puj\u0105 si\u0142owniki hydrauliczne i s\u0105 dost\u0119pne w szerokiej gamie modeli koparek.<\/p>\n<\/li>\n<\/ul>\n<p><img decoding=\"async\" src=\"https:\/\/www.hydraulic-cylinders.net\/wp-content\/uploads\/2025\/01\/songte-cylinder-head-with-all-kinds-excavator-models.webp\"><\/p>\n<h2>Aplikacje<\/h2>\n<p>Si\u0142ownik kube\u0142kowy ma r\u00f3\u017cnorodne zastosowania w r\u00f3\u017cnych typach ci\u0119\u017ckiego sprz\u0119tu, takich jak:<\/p>\n<ul>\n<li>\n<h3>Sprz\u0119t budowlany<\/h3>\n<p>W koparkach s\u0105 one niezb\u0119dne do kopania, za\u0142adunku i przemieszczania ziemi lub gruzu. W koparko-\u0142adowarkach si\u0142ownik \u0142y\u017cki pomaga zar\u00f3wno w kopaniu, jak i podnoszeniu.<\/p>\n<\/li>\n<li>\n<h3>Maszyny rolnicze<\/h3>\n<p>Stosowany w \u0142adowarkach czo\u0142owych do podnoszenia, za\u0142adunku i transportu ziemi, siana i innych materia\u0142\u00f3w. W koparkach si\u0142ownik \u0142y\u017cki umo\u017cliwia wykopywanie materia\u0142u, umo\u017cliwiaj\u0105c \u0142y\u017cce penetracj\u0119 gleby. W \u0142adowarkach czo\u0142owych si\u0142ownik ten u\u0142atwia podnoszenie i przechylanie materia\u0142\u00f3w.<\/p>\n<\/li>\n<\/ul>\n<h2>Zagadnienia projektowe i standardy wyboru<\/h2>\n<ul>\n<li>\n<h3>No\u015bno\u015b\u0107<\/h3>\n<p>Si\u0142ownik czerpakowy powinien mie\u0107 odpowiedni\u0105 no\u015bno\u015b\u0107, aby zapewni\u0107 stabiln\u0105 prac\u0119 przy du\u017cych obci\u0105\u017ceniach.<\/p>\n<\/li>\n<li>\n<h3>Opiecz\u0119towanie<\/h3>\n<p>Si\u0142ownik \u0142y\u017cki powinien mie\u0107 doskona\u0142e uszczelnienie, aby zapobiec wyciekom oleju hydraulicznego, kt\u00f3re mog\u0105 spowodowa\u0107 uszkodzenie innych cz\u0119\u015bci i zmniejszy\u0107 wydajno\u015b\u0107 pracy.<\/p>\n<\/li>\n<li>\n<h3>Trwa\u0142o\u015b\u0107<\/h3>\n<p>Cylinder czerpakowy powinien charakteryzowa\u0107 si\u0119 du\u017c\u0105 trwa\u0142o\u015bci\u0105 i by\u0107 zdolny do pracy w trudnych warunkach \u015brodowiskowych.<\/p>\n<\/li>\n<li>\n<h3>Bezpiecze\u0144stwo<\/h3>\n<p>Konstrukcja cylindra \u0142y\u017cki powinna uwzgl\u0119dnia\u0107 bezpiecze\u0144stwo operatora i pozosta\u0142ego personelu oraz zapobiega\u0107 wypadkom podczas pracy.<\/p>\n<\/li>\n<li>\n<h3>Utrzymywalno\u015b\u0107<\/h3>\n<p>Cylinder czerpakowy powinien by\u0107 \u0142atwy w konserwacji i naprawie, gdy zajdzie taka potrzeba.<\/p>\n<\/li>\n<\/ul>\n<p><img decoding=\"async\" src=\"https:\/\/www.hydraulic-cylinders.net\/wp-content\/uploads\/2025\/01\/songte-oil-pipes-and-spare-parts.webp\"><\/p>\n<h2>Uszczelnianie i smarowanie<\/h2>\n<p>W cylindrze kube\u0142kowym zastosowano r\u00f3\u017cnorodne uszczelnienia, takie jak uszczelnienia t\u0142oka i t\u0142oczyska, wykonane z materia\u0142\u00f3w odpornych na zu\u017cycie, takich jak poliuretan i kauczuk nitrylowy, aby zapewni\u0107 doskona\u0142\u0105 szczelno\u015b\u0107. Korpus cylindra i gwintowana powierzchnia ko\u0144cowa s\u0105 precyzyjnie obrobione w celu zwi\u0119kszenia odporno\u015bci na zu\u017cycie. Konieczne jest regularne uzupe\u0142nianie odpowiedniej ilo\u015bci oleju hydraulicznego w celu smarowania.<\/p>\n<p><img decoding=\"async\" src=\"https:\/\/www.hydraulic-cylinders.net\/wp-content\/uploads\/2025\/01\/songte-chushion-collar.webp\"><\/p>\n<h2>Konserwacja i naprawa<\/h2>\n<ul>\n<li>\n<h3>Regularne kontrole<\/h3>\n<p>Aby utrzyma\u0107 cylinder \u0142y\u017cki w dobrym stanie, konieczne jest przeprowadzanie regularnych kontroli.<\/p>\n<\/li>\n<li>\n<h3>Smarowanie<\/h3>\n<p>W\u0142a\u015bciwe smarowanie zapewnia p\u0142ynn\u0105 prac\u0119 i wyd\u0142u\u017ca \u017cywotno\u015b\u0107 cylindra \u0142y\u017cki.<\/p>\n<\/li>\n<li>\n<h3>Wymiana uszczelki i kontrola kalibracji<\/h3>\n<p>Regularna wymiana uszczelek i kalibracja cylindra \u0142y\u017cki zapobiega wyciekom oleju i zapewnia stabiln\u0105 prac\u0119.<\/p>\n<\/li>\n<\/ul>\n<h2>Zagadnienia bezpiecze\u0144stwa i czynniki \u015brodowiskowe<\/h2>\n<p>Podczas obs\u0142ugi ci\u0119\u017ckich maszyn, takich jak koparki, koparko-\u0142adowarki i \u0142adowarki czo\u0142owe, operatorzy musz\u0105 podejmowa\u0107 niezb\u0119dne \u015brodki bezpiecze\u0144stwa, aby zapobiega\u0107 wypadkom. Prawid\u0142owa konserwacja i naprawa si\u0142ownika \u0142y\u017cki mo\u017ce r\u00f3wnie\u017c zmniejszy\u0107 ryzyko wypadk\u00f3w i awarii.<\/p>\n<p><img decoding=\"async\" src=\"https:\/\/www.hydraulic-cylinders.net\/wp-content\/uploads\/2025\/01\/songte-bushings-with-all-kinds-of-excavator-models.webp\"><\/p>\n<h2>Rozwi\u0105zywanie problem\u00f3w i typowe problemy<\/h2>\n<p>Do typowych problem\u00f3w z si\u0142ownikiem \u0142y\u017cki nale\u017c\u0105 wycieki oleju, niestabilna praca i uszkodzenia innych cz\u0119\u015bci. Prawid\u0142owa konserwacja i naprawa mog\u0105 zapobiec wyst\u0105pieniu tych problem\u00f3w. Rozwi\u0105zywanie problem\u00f3w i podejmowanie \u015brodk\u00f3w zapobiegawczych mo\u017ce r\u00f3wnie\u017c zmniejszy\u0107 ryzyko potencjalnych problem\u00f3w i awarii.<\/p>\n<h2>O naszej firmie<\/h2>\n<p>Jeste\u015bmy producentem zamiennych cylindr\u00f3w hydraulicznych, oferuj\u0105cym pe\u0142n\u0105 gam\u0119 produkt\u00f3w i stali\u015bmy si\u0119 jednym z wiod\u0105cych producent\u00f3w i hurtowych dystrybutor\u00f3w cylindr\u00f3w hydraulicznych na rynku krajowym i mi\u0119dzynarodowym. Przestrzegamy zasady doskona\u0142ej jako\u015bci i opieramy si\u0119 na zindustrializowanych strategiach zarz\u0105dzania produkcj\u0105 w precyzyjnym warsztacie produkcyjnym, aby stale ulepsza\u0107 platform\u0119 produkcyjn\u0105 warsztatu, podnosi\u0107 jako\u015b\u0107 linii produkcyjnej produkt\u00f3w oraz dysponujemy du\u017cymi mo\u017cliwo\u015bciami produkcyjnymi o wysokiej wydajno\u015bci, precyzji i jako\u015bci, aby sprosta\u0107 zr\u00f3\u017cnicowanym potrzebom klient\u00f3w. <\/p>\n<p><img decoding=\"async\" src=\"https:\/\/hzpt.com\/wp-content\/uploads\/2024\/11\/songte-company-1.webp\"><\/p>\n<h3>Mocne strony naszej firmy:<\/h3>\n<ul>\n<li>Profesjonalizm<\/li>\n<li>Mi\u0119dzynarodowa Certyfikacja<\/li>\n<li>Us\u0142uga personalizacji<\/li>\n<li>Sprz\u0119t produkcyjny<\/li>\n<li>Serwis posprzeda\u017cowy<\/li>\n<\/ul>\n<p>Autor: lyl<\/p>","protected":false},"excerpt":{"rendered":"<p>Bucket Cylinder For Doosan Middle Excavator DH280-3 Introduction The bucket cylinder for Doosan middle excavator DH280-3 is a specially designed hydraulic cylinder that controls the movement of the bucket in heavy machinery such as excavators, backhoe loaders, and front-end loaders. Its main function is to enable the bucket to lift, lower, and tilt, making it [&hellip;]<\/p>","protected":false},"featured_media":14765,"comment_status":"open","ping_status":"closed","template":"","meta":{"_et_pb_use_builder":"","_et_pb_old_content":"","_et_gb_content_width":""},"product_brand":[],"product_cat":[1494],"product_tag":[1495,1496],"class_list":{"0":"post-15279","1":"product","2":"type-product","3":"status-publish","4":"has-post-thumbnail","6":"product_cat-bucket-cylinders","7":"product_tag-bucket-cylinders","8":"product_tag-hydraulic-cylinders","10":"first","11":"instock","12":"shipping-taxable","13":"product-type-simple"},"amp_enabled":true,"_links":{"self":[{"href":"https:\/\/www.hydraulic-cylinders.net\/pl\/wp-json\/wp\/v2\/product\/15279","targetHints":{"allow":["GET"]}}],"collection":[{"href":"https:\/\/www.hydraulic-cylinders.net\/pl\/wp-json\/wp\/v2\/product"}],"about":[{"href":"https:\/\/www.hydraulic-cylinders.net\/pl\/wp-json\/wp\/v2\/types\/product"}],"replies":[{"embeddable":true,"href":"https:\/\/www.hydraulic-cylinders.net\/pl\/wp-json\/wp\/v2\/comments?post=15279"}],"wp:featuredmedia":[{"embeddable":true,"href":"https:\/\/www.hydraulic-cylinders.net\/pl\/wp-json\/wp\/v2\/media\/14765"}],"wp:attachment":[{"href":"https:\/\/www.hydraulic-cylinders.net\/pl\/wp-json\/wp\/v2\/media?parent=15279"}],"wp:term":[{"taxonomy":"product_brand","embeddable":true,"href":"https:\/\/www.hydraulic-cylinders.net\/pl\/wp-json\/wp\/v2\/product_brand?post=15279"},{"taxonomy":"product_cat","embeddable":true,"href":"https:\/\/www.hydraulic-cylinders.net\/pl\/wp-json\/wp\/v2\/product_cat?post=15279"},{"taxonomy":"product_tag","embeddable":true,"href":"https:\/\/www.hydraulic-cylinders.net\/pl\/wp-json\/wp\/v2\/product_tag?post=15279"}],"curies":[{"name":"wp","href":"https:\/\/api.w.org\/{rel}","templated":true}]}}