{"id":15280,"date":"2025-01-19T14:19:51","date_gmt":"2025-01-19T14:19:51","guid":{"rendered":"https:\/\/www.hydraulic-cylinders.net\/product\/bucket-cylinder-for-doosan-middle-excavator-dh215-9e-2\/"},"modified":"2025-01-19T14:19:53","modified_gmt":"2025-01-19T14:19:53","slug":"bucket-cylinder-for-doosan-middle-excavator-dh215-9e-2","status":"publish","type":"product","link":"https:\/\/www.hydraulic-cylinders.net\/pl\/produkt\/bucket-cylinder-for-doosan-middle-excavator-dh215-9e-2\/","title":{"rendered":"Si\u0142ownik \u0142y\u017cki do koparki \u015bredniej Doosan DH215-9E"},"content":{"rendered":"<h1>Si\u0142ownik \u0142y\u017cki do koparki \u015bredniej Doosan DH215-9E<\/h1>\n<h2>Wst\u0119p<\/h2>\n<p>Si\u0142ownik \u0142y\u017cki to specjalnie zaprojektowany si\u0142ownik hydrauliczny s\u0142u\u017c\u0105cy do sterowania ruchem \u0142y\u017cki w ci\u0119\u017ckich maszynach, takich jak koparki, koparko-\u0142adowarki i \u0142adowarki czo\u0142owe. Jego g\u0142\u00f3wn\u0105 funkcj\u0105 jest podnoszenie, opuszczanie i przechylanie \u0142y\u017cki, u\u0142atwiaj\u0105c wykonywanie r\u00f3\u017cnych zada\u0144 zwi\u0105zanych z prze\u0142adunkiem materia\u0142\u00f3w. W uk\u0142adzie hydraulicznym si\u0142ownik \u0142y\u017cki wykorzystuje zmiany ci\u015bnienia oleju hydraulicznego, aby zapewni\u0107 precyzyjn\u0105 kontrol\u0119 nad \u0142y\u017ck\u0105, umo\u017cliwiaj\u0105c operatorom wydajne przenoszenie ci\u0119\u017ckich \u0142adunk\u00f3w i dostosowywanie si\u0119 do z\u0142o\u017conych warunk\u00f3w pracy oraz zr\u00f3\u017cnicowanych wymaga\u0144.<\/p>\n<p><img decoding=\"async\" src=\"https:\/\/www.hydraulic-cylinders.net\/wp-content\/uploads\/2025\/01\/songte-company-2.webp\" alt=\"Obraz cylindra wiadra\"><\/p>\n<h2>Cechy<\/h2>\n<ul>\n<li>Wysoka wytrzyma\u0142o\u015b\u0107 i trwa\u0142o\u015b\u0107: Zazwyczaj wykonany z wysokowytrzyma\u0142ej stali lub aluminium, si\u0142ownik \u0142y\u017cki wytrzymuje wysokie ci\u015bnienie i du\u017ce obci\u0105\u017cenia, dostosowuj\u0105c si\u0119 do trudnych warunk\u00f3w pracy. Jego konstrukcja uwzgl\u0119dnia odporno\u015b\u0107 na zu\u017cycie i korozj\u0119, aby wyd\u0142u\u017cy\u0107 jego \u017cywotno\u015b\u0107.<\/li>\n<li>Wydajna praca uk\u0142adu hydraulicznego: Dzi\u0119ki wykorzystaniu ci\u015bnienia oleju hydraulicznego si\u0142ownik \u0142y\u017cki zapewnia p\u0142ynne wysuwanie i wsuwanie, co pozwala na szybk\u0105 reakcj\u0119 na polecenia steruj\u0105ce i generuje du\u017ce si\u0142y pchaj\u0105ce i ci\u0105gn\u0105ce, odpowiednie do podnoszenia ci\u0119\u017ckich \u0142adunk\u00f3w i wykonywania skomplikowanych zada\u0144.<\/li>\n<li>R\u00f3\u017cne typy: Si\u0142owniki czerpakowe mo\u017cna wybra\u0107 jako jednostronnego dzia\u0142ania (hydrauliczne tylko w jednym kierunku) lub dwustronnego dzia\u0142ania (hydrauliczne w obu kierunkach), aby spe\u0142ni\u0107 r\u00f3\u017cne potrzeby operacyjne. Niekt\u00f3re modele s\u0105 teleskopowe, co pozwala na wi\u0119ksze wysuni\u0119cie bez zwi\u0119kszania wymiar\u00f3w zewn\u0119trznych, dzi\u0119ki czemu nadaj\u0105 si\u0119 do zastosowa\u0144 w ograniczonej przestrzeni.<\/li>\n<li>Idealna wymiana: Nasz si\u0142ownik \u0142y\u017cki mo\u017ce bez problemu zast\u0105pi\u0107 te si\u0142owniki hydrauliczne.<\/li>\n<\/ul>\n<p><img decoding=\"async\" src=\"https:\/\/www.hydraulic-cylinders.net\/wp-content\/uploads\/2025\/01\/songte-cylinder-head-with-all-kinds-excavator-models.webp\" alt=\"Obraz g\u0142owicy cylindra\"><\/p>\n<h2>Aplikacje<\/h2>\n<p>Cylinder kube\u0142kowy znajduje zastosowanie w r\u00f3\u017cnorodnych urz\u0105dzeniach:<\/p>\n<ul>\n<li>Sprz\u0119t budowlany: Znajduj\u0105 si\u0119 w koparkach i s\u0105 niezb\u0119dne do kopania, za\u0142adunku i przemieszczania gleby lub gruzu. W koparko-\u0142adowarkach si\u0142ownik \u0142y\u017cki wspomaga zar\u00f3wno kopanie, jak i podnoszenie.<\/li>\n<li>Maszyny rolnicze: Stosowane w \u0142adowarkach czo\u0142owych do nabierania, podnoszenia i transportu gleby, siana i innych materia\u0142\u00f3w.<\/li>\n<li>Koparki: Cylinder \u0142y\u017cki umo\u017cliwia kopanie, pozwalaj\u0105c \u0142y\u017cce na penetracj\u0119 gleby.<\/li>\n<li>\u0141adowarki: W \u0142adowarkach czo\u0142owych pomagaj\u0105 w efektywnym podnoszeniu i wysypywaniu towar\u00f3w.<\/li>\n<\/ul>\n<h2>Zagadnienia projektowe i kryteria wyboru<\/h2>\n<p>Przy projektowaniu cylindr\u00f3w kube\u0142kowych bierze si\u0119 pod uwag\u0119 kilka czynnik\u00f3w:<\/p>\n<ul>\n<li>No\u015bno\u015b\u0107: Cylinder musi by\u0107 w stanie wytrzyma\u0107 przewidywane obci\u0105\u017cenia i ci\u015bnienia.<\/li>\n<li>Uszczelnienie: Stosowane s\u0105 r\u00f3\u017cne uszczelnienia, takie jak uszczelnienia t\u0142ok\u00f3w i t\u0142oczysk, wykonane z materia\u0142\u00f3w odpornych na zu\u017cycie, takich jak poliuretan i kauczuk nitrylowy. Korpus cylindra i gwintowane ko\u0144c\u00f3wki poddawane s\u0105 precyzyjnej obr\u00f3bce w celu zwi\u0119kszenia odporno\u015bci na zu\u017cycie.<\/li>\n<li>Trwa\u0142o\u015b\u0107: Si\u0142ownik \u0142y\u017cki zaprojektowano tak, aby zapewni\u0107 d\u0142ugowieczno\u015b\u0107 nawet w trudnych warunkach.<\/li>\n<li>Bezpiecze\u0144stwo: Zastosowano funkcje bezpiecze\u0144stwa, aby zapobiega\u0107 wypadkom i dba\u0107 o dobre samopoczucie operatora.<\/li>\n<li>\u0141atwo\u015b\u0107 konserwacji: brana jest pod uwag\u0119 \u0142atwo\u015b\u0107 konserwacji i napraw.<\/li>\n<\/ul>\n<p><img decoding=\"async\" src=\"https:\/\/www.hydraulic-cylinders.net\/wp-content\/uploads\/2025\/01\/songte-oil-pipes-and-spare-parts.webp\" alt=\"Obraz rur naftowych\"><\/p>\n<h2>Uszczelnianie i smarowanie<\/h2>\n<p>W cylindrze czerpakowym zastosowano r\u00f3\u017cne uszczelnienia, takie jak uszczelnienia t\u0142oka i t\u0142oczyska. Uszczelnienia te wykonane s\u0105 z materia\u0142\u00f3w odpornych na zu\u017cycie, takich jak poliuretan i kauczuk nitrylowy. Korpus cylindra i gwintowane ko\u0144c\u00f3wki s\u0105 precyzyjnie obrobione, aby zwi\u0119kszy\u0107 odporno\u015b\u0107 na zu\u017cycie. Regularne smarowanie odpowiedni\u0105 ilo\u015bci\u0105 oleju hydraulicznego jest niezb\u0119dne dla zapewnienia p\u0142ynnej pracy.<\/p>\n<h2>Regularne kontrole i konserwacja zapobiegawcza<\/h2>\n<p>Aby utrzyma\u0107 optymaln\u0105 wydajno\u015b\u0107 cylindra \u0142y\u017cki, zaleca si\u0119 regularne kontrole i konserwacj\u0119 zapobiegawcz\u0105:<\/p>\n<ul>\n<li>Sprawd\u017a, czy nie ma \u015blad\u00f3w zu\u017cycia, przeciek\u00f3w lub uszkodze\u0144.<\/li>\n<li>Zapewnij odpowiednie smarowanie.<\/li>\n<li>Aby zachowa\u0107 skuteczno\u015b\u0107 uszczelek, nale\u017cy je regularnie wymienia\u0107.<\/li>\n<li>Przeprowad\u017a kontrol\u0119 kalibracji, aby zapewni\u0107 prawid\u0142owe dzia\u0142anie urz\u0105dzenia.<\/li>\n<\/ul>\n<p><img decoding=\"async\" src=\"https:\/\/www.hydraulic-cylinders.net\/wp-content\/uploads\/2025\/01\/songte-chushion-collar.webp\" alt=\"Obraz ko\u0142nierza Chushion\"><\/p>\n<h2>Zagadnienia bezpiecze\u0144stwa i czynniki \u015brodowiskowe<\/h2>\n<p>Podczas u\u017cytkowania cylindra czerpakowego nale\u017cy bezwzgl\u0119dnie przestrzega\u0107 \u015brodk\u00f3w bezpiecze\u0144stwa, aby zapobiec wypadkom. Zabezpieczenia powinny by\u0107 prawid\u0142owo zainstalowane i konserwowane. Aby zapewni\u0107 optymaln\u0105 wydajno\u015b\u0107, nale\u017cy r\u00f3wnie\u017c uwzgl\u0119dni\u0107 czynniki \u015brodowiskowe, takie jak temperatura i wilgotno\u015b\u0107.<\/p>\n<h2>Diagnostyka usterek i typowe problemy<\/h2>\n<p>Typowe problemy, kt\u00f3re mog\u0105 wyst\u0105pi\u0107 w cylindrze \u0142y\u017cki, to nieszczelno\u015bci, niewystarczaj\u0105ce ci\u015bnienie i nietypowy ha\u0142as. Aby rozwi\u0105za\u0107 te problemy:<\/p>\n<ul>\n<li>Sprawd\u017a, czy nie ma widocznych przeciek\u00f3w i niezw\u0142ocznie je napraw.<\/li>\n<li>Upewnij si\u0119, \u017ce uk\u0142ad hydrauliczny ma wystarczaj\u0105ce ci\u015bnienie.<\/li>\n<li>Zbadaj i usu\u0144 wszelkie nietypowe ha\u0142asy, sprawdzaj\u0105c cylinder i jego elementy.<\/li>\n<\/ul>\n<p><img decoding=\"async\" src=\"https:\/\/www.hydraulic-cylinders.net\/wp-content\/uploads\/2025\/01\/songte-bushings-with-all-kinds-of-excavator-models.webp\" alt=\"Obraz tulei\"><\/p>\n<p>Regularne czynno\u015bci konserwacyjne, takie jak prawid\u0142owa instalacja, odpowiednie smarowanie i kontrola kalibracji, s\u0105 niezb\u0119dne dla zapewnienia trwa\u0142o\u015bci i optymalnej wydajno\u015bci si\u0142ownika czerpakowego. Kluczowe znaczenie ma udzielenie wskaz\u00f3wek dotycz\u0105cych prawid\u0142owego ustawienia podczas instalacji oraz zalecenie u\u017cycia odpowiednich wspornik\u00f3w monta\u017cowych do zabezpieczenia si\u0142ownika. Nale\u017cy przestrzega\u0107 zalecanych procedur kontroli, napraw i wymiany, a tak\u017ce wskaz\u00f3wek dotycz\u0105cych wyd\u0142u\u017cenia \u017cywotno\u015bci si\u0142ownika czerpakowego.<\/p>\n<h2>O naszej firmie<\/h2>\n<p>Jeste\u015bmy wiod\u0105cym producentem i hurtowym dystrybutorem si\u0142ownik\u00f3w hydraulicznych na rynku krajowym i mi\u0119dzynarodowym. Nasza szeroka gama produkt\u00f3w i d\u0105\u017cenie do doskona\u0142o\u015bci czyni\u0105 nas jednym z czo\u0142owych producent\u00f3w si\u0142ownik\u00f3w hydraulicznych w bran\u017cy. Przestrzegamy zasad najwy\u017cszej jako\u015bci i wykorzystujemy przemys\u0142owe strategie zarz\u0105dzania produkcj\u0105 w naszym doskonale wyposa\u017conym zak\u0142adzie produkcyjnym. Dzi\u0119ki naszemu do\u015bwiadczeniu technicznemu, najnowocze\u015bniejszemu sprz\u0119towi produkcyjnemu i profesjonalnym systemom testowym, stale udoskonalamy nasz\u0105 platform\u0119 produkcyjn\u0105, podnosimy jako\u015b\u0107 produkt\u00f3w i jeste\u015bmy w stanie sprosta\u0107 zr\u00f3\u017cnicowanym wymaganiom klient\u00f3w w zakresie wydajno\u015bci, precyzji i wysokich standard\u00f3w jako\u015bci.<\/p>\n<p><img decoding=\"async\" src=\"https:\/\/www.hydraulic-cylinders.net\/wp-content\/uploads\/2025\/01\/songte-company-3.webp\" alt=\"Wizerunek firmy\"><\/p>\n<p>Opr\u00f3cz profesjonalizmu, mi\u0119dzynarodowych certyfikat\u00f3w i us\u0142ug niestandardowych, nasza firma mo\u017ce pochwali\u0107 si\u0119 zaawansowanym sprz\u0119tem produkcyjnym i doskona\u0142\u0105 obs\u0142ug\u0105 posprzeda\u017cow\u0105.<\/p>\n<p><img decoding=\"async\" src=\"https:\/\/hzpt.com\/wp-content\/uploads\/2024\/11\/songte-company-1.webp\" alt=\"Wizerunek firmy\"><\/p>\n<p>Autor: lyl<\/p>","protected":false},"excerpt":{"rendered":"<p>Bucket Cylinder For Doosan Middle Excavator DH215-9E Introduction A bucket cylinder is a specially designed hydraulic cylinder used to control the movement of the bucket in heavy machinery such as excavators, backhoe loaders, and front-end loaders. Its main function is to enable the lifting, lowering, and tilting of the bucket, making it easier to handle [&hellip;]<\/p>","protected":false},"featured_media":14762,"comment_status":"open","ping_status":"closed","template":"","meta":{"_et_pb_use_builder":"","_et_pb_old_content":"","_et_gb_content_width":""},"product_brand":[],"product_cat":[1494],"product_tag":[1495,1496],"class_list":{"0":"post-15280","1":"product","2":"type-product","3":"status-publish","4":"has-post-thumbnail","6":"product_cat-bucket-cylinders","7":"product_tag-bucket-cylinders","8":"product_tag-hydraulic-cylinders","10":"first","11":"instock","12":"shipping-taxable","13":"product-type-simple"},"amp_enabled":true,"_links":{"self":[{"href":"https:\/\/www.hydraulic-cylinders.net\/pl\/wp-json\/wp\/v2\/product\/15280","targetHints":{"allow":["GET"]}}],"collection":[{"href":"https:\/\/www.hydraulic-cylinders.net\/pl\/wp-json\/wp\/v2\/product"}],"about":[{"href":"https:\/\/www.hydraulic-cylinders.net\/pl\/wp-json\/wp\/v2\/types\/product"}],"replies":[{"embeddable":true,"href":"https:\/\/www.hydraulic-cylinders.net\/pl\/wp-json\/wp\/v2\/comments?post=15280"}],"wp:featuredmedia":[{"embeddable":true,"href":"https:\/\/www.hydraulic-cylinders.net\/pl\/wp-json\/wp\/v2\/media\/14762"}],"wp:attachment":[{"href":"https:\/\/www.hydraulic-cylinders.net\/pl\/wp-json\/wp\/v2\/media?parent=15280"}],"wp:term":[{"taxonomy":"product_brand","embeddable":true,"href":"https:\/\/www.hydraulic-cylinders.net\/pl\/wp-json\/wp\/v2\/product_brand?post=15280"},{"taxonomy":"product_cat","embeddable":true,"href":"https:\/\/www.hydraulic-cylinders.net\/pl\/wp-json\/wp\/v2\/product_cat?post=15280"},{"taxonomy":"product_tag","embeddable":true,"href":"https:\/\/www.hydraulic-cylinders.net\/pl\/wp-json\/wp\/v2\/product_tag?post=15280"}],"curies":[{"name":"wp","href":"https:\/\/api.w.org\/{rel}","templated":true}]}}