{"id":15281,"date":"2025-01-19T14:19:55","date_gmt":"2025-01-19T14:19:55","guid":{"rendered":"https:\/\/www.hydraulic-cylinders.net\/product\/bucket-cylinder-for-doosan-middle-excavator-dh220lc-9e\/"},"modified":"2025-01-19T14:20:04","modified_gmt":"2025-01-19T14:20:04","slug":"bucket-cylinder-for-doosan-middle-excavator-dh220lc-9e","status":"publish","type":"product","link":"https:\/\/www.hydraulic-cylinders.net\/pl\/produkt\/bucket-cylinder-for-doosan-middle-excavator-dh220lc-9e\/","title":{"rendered":"Si\u0142ownik \u0142y\u017cki do koparki \u015bredniej Doosan DH220LC-9E"},"content":{"rendered":"<h1>Si\u0142ownik \u0142y\u017cki do koparki \u015bredniej Doosan DH220LC-9E<\/h1>\n<h2>Wst\u0119p<\/h2>\n<p>Si\u0142ownik \u0142y\u017cki do koparki Doosan Middle Excavator DH220LC-9E to si\u0142ownik hydrauliczny przeznaczony do sterowania ruchem \u0142y\u017cki w ci\u0119\u017ckich maszynach, takich jak koparki, koparko-\u0142adowarki i \u0142adowarki czo\u0142owe. Jego g\u0142\u00f3wn\u0105 funkcj\u0105 jest podnoszenie, opuszczanie i przechylanie \u0142y\u017cki, u\u0142atwiaj\u0105c wykonywanie r\u00f3\u017cnych zada\u0144 zwi\u0105zanych z prze\u0142adunkiem materia\u0142\u00f3w. W uk\u0142adzie hydraulicznym si\u0142ownik \u0142y\u017cki wykorzystuje ci\u015bnienie oleju hydraulicznego do precyzyjnego sterowania \u0142y\u017ck\u0105, umo\u017cliwiaj\u0105c operatorom wydajne przenoszenie ci\u0119\u017ckich \u0142adunk\u00f3w, adaptacj\u0119 do z\u0142o\u017conych warunk\u00f3w pracy i spe\u0142nienie zr\u00f3\u017cnicowanych wymaga\u0144.<\/p>\n<p><img decoding=\"async\" src=\"https:\/\/www.hydraulic-cylinders.net\/wp-content\/uploads\/2025\/01\/songte-company-2.webp\" alt=\"Obraz cylindra wiadra\"><\/p>\n<h2>Cechy<\/h2>\n<ul>\n<li>Wysoka wytrzyma\u0142o\u015b\u0107 i trwa\u0142o\u015b\u0107: zazwyczaj wykonane z wysokowytrzyma\u0142ej stali lub aluminium, wytrzymuj\u0105 du\u017ce ci\u015bnienie i du\u017ce obci\u0105\u017cenia, nadaj\u0105 si\u0119 do pracy w trudnych warunkach, zaprojektowane z my\u015bl\u0105 o odporno\u015bci na zu\u017cycie i korozj\u0119, aby wyd\u0142u\u017cy\u0107 \u017cywotno\u015b\u0107.<\/li>\n<li>Wydajna praca uk\u0142adu hydraulicznego: wykorzystuje ci\u015bnienie oleju hydraulicznego do uzyskania p\u0142ynnego rozci\u0105gania i kurczenia, umo\u017cliwia szybk\u0105 reakcj\u0119 na polecenia steruj\u0105ce, zapewnia du\u017c\u0105 si\u0142\u0119 pchania i ci\u0105gni\u0119cia, nadaje si\u0119 do obs\u0142ugi ci\u0119\u017ckich \u0142adunk\u00f3w i wykonywania skomplikowanych zada\u0144.<\/li>\n<li>R\u00f3\u017cne typy: cylindry jednostronnego dzia\u0142ania (wykorzystuj\u0105ce hydraulik\u0119 tylko w jednym kierunku) lub dwustronnego dzia\u0142ania (wykorzystuj\u0105ce hydraulik\u0119 w dw\u00f3ch kierunkach) mo\u017cna dobra\u0107 w zale\u017cno\u015bci od potrzeb, niekt\u00f3re modele s\u0105 teleskopowe, co pozwala na wi\u0119ksze wysuni\u0119cie bez zwi\u0119kszania wymiar\u00f3w zewn\u0119trznych, odpowiednie do zastosowa\u0144 w ograniczonej przestrzeni.<\/li>\n<li>Idealny zamiennik: nasze produkty mog\u0105 doskonale zast\u0105pi\u0107 te si\u0142owniki hydrauliczne.<\/li>\n<\/ul>\n<p><img decoding=\"async\" src=\"https:\/\/www.hydraulic-cylinders.net\/wp-content\/uploads\/2025\/01\/songte-cylinder-head-with-all-kinds-excavator-models.webp\" alt=\"Obraz wymiany cylindra \u0142y\u017cki\"><\/p>\n<h2>Aplikacje<\/h2>\n<p>Si\u0142ownik \u0142y\u017cki do koparki \u015bredniej Doosan DH220LC-9E jest szeroko stosowany w r\u00f3\u017cnych zastosowaniach ci\u0119\u017ckiego sprz\u0119tu, takich jak:<\/p>\n<ul>\n<li>Sprz\u0119t budowlany: niezb\u0119dny do wykopywania, \u0142adowania i przemieszczania gleby lub gruzu w koparkach i koparko-\u0142adowarkach; cylindry \u0142y\u017cki pomagaj\u0105 w kopaniu i podnoszeniu w koparko-\u0142adowarkach.<\/li>\n<li>Maszyny rolnicze: stosowane w \u0142adowarkach czo\u0142owych do zgarniania, podnoszenia i transportu gleby, siana i innych materia\u0142\u00f3w; cylindry \u0142y\u017cki umo\u017cliwiaj\u0105 kopanie, pozwalaj\u0105c \u0142y\u017cce na zag\u0142\u0119bianie si\u0119 w gleb\u0119 w koparkach.<\/li>\n<li>\u0141adowarka: w \u0142adowarkach czo\u0142owych si\u0142owniki \u0142y\u017cki pomagaj\u0105 w efektywnym podnoszeniu i wysypywaniu towar\u00f3w.<\/li>\n<\/ul>\n<h2>Zagadnienia projektowe i kryteria wyboru<\/h2>\n<p>Si\u0142ownik \u0142y\u017cki do koparki \u015bredniej Doosan DH220LC-9E zosta\u0142 zaprojektowany z uwzgl\u0119dnieniem kilku kluczowych kwestii, takich jak:<\/p>\n<ul>\n<li>No\u015bno\u015b\u0107: cylinder musi wytrzyma\u0107 maksymalne obci\u0105\u017cenia, kt\u00f3rym b\u0119dzie poddawany.<\/li>\n<li>Uszczelnienie: kluczowe w zapobieganiu wyciekom i utrzymywaniu ci\u015bnienia hydraulicznego.<\/li>\n<li>Trwa\u0142o\u015b\u0107: cylinder musi by\u0107 odporny na trudne warunki i intensywne u\u017cytkowanie.<\/li>\n<li>Bezpiecze\u0144stwo: cylinder musi by\u0107 zaprojektowany z uwzgl\u0119dnieniem zabezpiecze\u0144 zapobiegaj\u0105cych wypadkom i obra\u017ceniom.<\/li>\n<li>\u0141atwo\u015b\u0107 konserwacji: cylinder musi by\u0107 \u0142atwy w konserwacji i naprawie, aby zminimalizowa\u0107 przestoje.<\/li>\n<\/ul>\n<p><img decoding=\"async\" src=\"https:\/\/www.hydraulic-cylinders.net\/wp-content\/uploads\/2025\/01\/songte-oil-pipes-and-spare-parts.webp\" alt=\"Komponenty cylindra kube\u0142kowego\"><\/p>\n<h2>Uszczelnianie i smarowanie<\/h2>\n<p>Si\u0142ownik \u0142y\u017cki do koparki Doosan DH220LC-9E wykorzystuje r\u00f3\u017cnorodne elementy uszczelniaj\u0105ce, takie jak uszczelnienia t\u0142oka, uszczelnienia t\u0142oczyska itp., wykonane z materia\u0142\u00f3w odpornych na zu\u017cycie, takich jak poliuretan, kauczuk nitrylowy itp. Korpus cylindra i gwintowane powierzchnie ko\u0144cowe s\u0105 precyzyjnie obrobione, aby zwi\u0119kszy\u0107 odporno\u015b\u0107 na zu\u017cycie. Regularne smarowanie odpowiedni\u0105 ilo\u015bci\u0105 oleju hydraulicznego jest niezb\u0119dne do p\u0142ynnej pracy.<\/p>\n<h2>Konserwacja i naprawa<\/h2>\n<p>Regularne przegl\u0105dy, smarowanie i wymiana uszczelnie\u0144 to niekt\u00f3re z typowych czynno\u015bci konserwacyjnych si\u0142ownika \u0142y\u017cki koparki Doosan Middle Excavator DH220LC-9E. Prawid\u0142owy monta\u017c, smarowanie i regulacja s\u0105 niezb\u0119dne dla optymalnej wydajno\u015bci. Zaleca si\u0119 prawid\u0142owe ustawienie si\u0142ownika i stosowanie odpowiednich wspornik\u00f3w monta\u017cowych. Oferujemy r\u00f3wnie\u017c cz\u0119\u015bci zamienne i us\u0142ugi regeneracji, aby wyd\u0142u\u017cy\u0107 \u017cywotno\u015b\u0107 si\u0142ownika.<\/p>\n<p><img decoding=\"async\" src=\"https:\/\/www.hydraulic-cylinders.net\/wp-content\/uploads\/2025\/01\/songte-chushion-collar.webp\" alt=\"Obraz instalacji cylindra kube\u0142kowego\"><\/p>\n<h2>Bezpiecze\u0144stwo i wzgl\u0119dy \u015brodowiskowe<\/h2>\n<p>Podczas u\u017cytkowania si\u0142ownika \u0142y\u017cki do koparki Doosan DH220LC-9E nale\u017cy zachowa\u0107 odpowiednie \u015brodki bezpiecze\u0144stwa. Uk\u0142ady hydrauliczne pracuj\u0105 pod wysokim ci\u015bnieniem i mog\u0105 spowodowa\u0107 powa\u017cne obra\u017cenia lub wypadki, je\u015bli nie b\u0119d\u0105 obs\u0142ugiwane prawid\u0142owo. Prawid\u0142owa utylizacja zu\u017cytego oleju hydraulicznego i innych podzespo\u0142\u00f3w jest konieczna, aby zminimalizowa\u0107 wp\u0142yw na \u015brodowisko.<\/p>\n<h2>Rozwi\u0105zywanie problem\u00f3w i typowe problemy<\/h2>\n<p>Si\u0142ownik \u0142y\u017cki do koparki Doosan Middle Excavator DH220LC-9E mo\u017ce napotyka\u0107 problemy, takie jak wycieki, obni\u017cona wydajno\u015b\u0107 oraz uszkodzenia spowodowane niew\u0142a\u015bciwym u\u017cytkowaniem lub zu\u017cyciem. Prawid\u0142owa diagnoza i terminowa naprawa s\u0105 niezb\u0119dne, aby zapobiec dalszym uszkodzeniom. Oferujemy wskaz\u00f3wki i rozwi\u0105zania dotycz\u0105ce rozwi\u0105zywania problem\u00f3w, kt\u00f3re pomog\u0105 czytelnikom skutecznie diagnozowa\u0107 i rozwi\u0105zywa\u0107 problemy. Sugerujemy r\u00f3wnie\u017c \u015brodki zapobiegawcze w celu zminimalizowania potencjalnych problem\u00f3w.<\/p>\n<p><img decoding=\"async\" src=\"https:\/\/www.hydraulic-cylinders.net\/wp-content\/uploads\/2025\/01\/songte-bushings-with-all-kinds-of-excavator-models.webp\" alt=\"Obraz tulei cylindra \u0142y\u017cki\"><\/p>\n<h2>O nas<\/h2>\n<p>Jeste\u015bmy producentem cz\u0119\u015bci zamiennych do si\u0142ownik\u00f3w hydraulicznych, oferuj\u0105cym szerok\u0105 gam\u0119 produkt\u00f3w. Jeste\u015bmy jednym z wiod\u0105cych producent\u00f3w i hurtownik\u00f3w si\u0142ownik\u00f3w hydraulicznych na rynku krajowym i mi\u0119dzynarodowym. Przestrzegamy zasad doskona\u0142ej jako\u015bci, opieramy si\u0119 na strategii zarz\u0105dzania produkcj\u0105 przemys\u0142ow\u0105 w dopracowanym warsztacie produkcyjnym, stale udoskonalamy platform\u0119 produkcyjn\u0105, podnosimy jako\u015b\u0107 produkt\u00f3w i dysponujemy silnymi mo\u017cliwo\u015bciami innowacyjnymi. Spe\u0142niamy zr\u00f3\u017cnicowane potrzeby klient\u00f3w dzi\u0119ki wysokiej wydajno\u015bci, precyzji i wysokim standardom jako\u015bci.<\/p>\n<p>Oferujemy profesjonalne, certyfikowane na ca\u0142ym \u015bwiecie, spersonalizowane us\u0142ugi, wykorzystuj\u0105c zaawansowany sprz\u0119t produkcyjny i profesjonalne systemy testowania. Oferujemy niezawodny sprz\u0119t produkcyjny i doskona\u0142\u0105 obs\u0142ug\u0119 posprzeda\u017cow\u0105.<\/p>\n<p><img decoding=\"async\" src=\"https:\/\/www.hydraulic-cylinders.net\/wp-content\/uploads\/2025\/01\/songte-company-3.webp\" alt=\"Wizerunek firmy\"><\/p>\n<p><em>Autor: lyl<\/em><\/p>","protected":false},"excerpt":{"rendered":"<p>Bucket Cylinder For Doosan Middle Excavator DH220LC-9E Introduction The Bucket Cylinder for Doosan Middle Excavator DH220LC-9E is a hydraulic cylinder designed to control the movement of the bucket in heavy machinery such as excavators, backhoe excavators, and front-end loaders. Its main function is to enable the bucket to lift, lower, and tilt, making it easier [&hellip;]<\/p>","protected":false},"featured_media":14761,"comment_status":"open","ping_status":"closed","template":"","meta":{"_et_pb_use_builder":"","_et_pb_old_content":"","_et_gb_content_width":""},"product_brand":[],"product_cat":[1494],"product_tag":[1495,1496],"class_list":{"0":"post-15281","1":"product","2":"type-product","3":"status-publish","4":"has-post-thumbnail","6":"product_cat-bucket-cylinders","7":"product_tag-bucket-cylinders","8":"product_tag-hydraulic-cylinders","10":"first","11":"instock","12":"shipping-taxable","13":"product-type-simple"},"amp_enabled":true,"_links":{"self":[{"href":"https:\/\/www.hydraulic-cylinders.net\/pl\/wp-json\/wp\/v2\/product\/15281","targetHints":{"allow":["GET"]}}],"collection":[{"href":"https:\/\/www.hydraulic-cylinders.net\/pl\/wp-json\/wp\/v2\/product"}],"about":[{"href":"https:\/\/www.hydraulic-cylinders.net\/pl\/wp-json\/wp\/v2\/types\/product"}],"replies":[{"embeddable":true,"href":"https:\/\/www.hydraulic-cylinders.net\/pl\/wp-json\/wp\/v2\/comments?post=15281"}],"wp:featuredmedia":[{"embeddable":true,"href":"https:\/\/www.hydraulic-cylinders.net\/pl\/wp-json\/wp\/v2\/media\/14761"}],"wp:attachment":[{"href":"https:\/\/www.hydraulic-cylinders.net\/pl\/wp-json\/wp\/v2\/media?parent=15281"}],"wp:term":[{"taxonomy":"product_brand","embeddable":true,"href":"https:\/\/www.hydraulic-cylinders.net\/pl\/wp-json\/wp\/v2\/product_brand?post=15281"},{"taxonomy":"product_cat","embeddable":true,"href":"https:\/\/www.hydraulic-cylinders.net\/pl\/wp-json\/wp\/v2\/product_cat?post=15281"},{"taxonomy":"product_tag","embeddable":true,"href":"https:\/\/www.hydraulic-cylinders.net\/pl\/wp-json\/wp\/v2\/product_tag?post=15281"}],"curies":[{"name":"wp","href":"https:\/\/api.w.org\/{rel}","templated":true}]}}