{"id":15285,"date":"2025-01-19T14:20:20","date_gmt":"2025-01-19T14:20:20","guid":{"rendered":"https:\/\/www.hydraulic-cylinders.net\/product\/bucket-cylinder-for-doosan-large-excavator-dh290\/"},"modified":"2025-01-19T14:20:22","modified_gmt":"2025-01-19T14:20:22","slug":"bucket-cylinder-for-doosan-large-excavator-dh290","status":"publish","type":"product","link":"https:\/\/www.hydraulic-cylinders.net\/pl\/produkt\/bucket-cylinder-for-doosan-large-excavator-dh290\/","title":{"rendered":"Si\u0142ownik \u0142y\u017cki do du\u017cej koparki Doosan DH290"},"content":{"rendered":"<h1>Si\u0142ownik \u0142y\u017cki do du\u017cej koparki Doosan DH290<\/h1>\n<h2>Wst\u0119p<\/h2>\n<p>Si\u0142ownik \u0142y\u017cki do du\u017cej koparki Doosan DH290 to specjalnie zaprojektowany si\u0142ownik hydrauliczny s\u0142u\u017c\u0105cy do sterowania ruchem \u0142y\u017cki w ci\u0119\u017ckich maszynach, takich jak koparki, koparko-\u0142adowarki i \u0142adowarki czo\u0142owe. Jego g\u0142\u00f3wn\u0105 funkcj\u0105 jest podnoszenie, opuszczanie i przechylanie \u0142y\u017cki, u\u0142atwiaj\u0105c wykonywanie r\u00f3\u017cnych zada\u0144 zwi\u0105zanych z prze\u0142adunkiem materia\u0142\u00f3w. W uk\u0142adzie hydraulicznym si\u0142ownik \u0142y\u017cki steruje precyzyjnym ruchem \u0142y\u017cki poprzez zmiany ci\u015bnienia oleju hydraulicznego, umo\u017cliwiaj\u0105c operatorom wydajne przenoszenie ci\u0119\u017ckich \u0142adunk\u00f3w i dostosowywanie si\u0119 do z\u0142o\u017conych warunk\u00f3w pracy oraz zr\u00f3\u017cnicowanych wymaga\u0144.<\/p>\n<p><img decoding=\"async\" src=\"https:\/\/www.hydraulic-cylinders.net\/wp-content\/uploads\/2025\/01\/songte-company-2.webp\" alt=\"Obraz cylindra wiadra\" \/><\/p>\n<h2>Cechy<\/h2>\n<ul>\n<li>\n<h3>Wysoka wytrzyma\u0142o\u015b\u0107 i trwa\u0142o\u015b\u0107<\/h3>\n<p>Cylinder czerpakowy jest zwykle wykonany z wysokowytrzyma\u0142ej stali lub aluminium, co pozwala na wytrzymywanie du\u017cego ci\u015bnienia i du\u017cych obci\u0105\u017ce\u0144, przystosowanie do trudnych warunk\u00f3w pracy oraz zwi\u0119kszenie odporno\u015bci na zu\u017cycie i korozj\u0119, co wyd\u0142u\u017ca jego \u017cywotno\u015b\u0107.<\/p>\n<\/li>\n<li>\n<h3>Wydajna praca hydrauliczna<\/h3>\n<p>Si\u0142ownik \u0142y\u017cki wykorzystuje ci\u015bnienie oleju hydraulicznego do p\u0142ynnego rozci\u0105gania i kurczenia, szybko reaguje na polecenia steruj\u0105ce, zapewnia du\u017c\u0105 si\u0142\u0119 pchania i ci\u0105gni\u0119cia oraz nadaje si\u0119 do podnoszenia ci\u0119\u017ckich \u0142adunk\u00f3w i wykonywania skomplikowanych zada\u0144.<\/p>\n<\/li>\n<li>\n<h3>R\u00f3\u017cne typy<\/h3>\n<p>Si\u0142ownik czerpakowy mo\u017ce by\u0107 wybrany jako si\u0142ownik jednostronnego dzia\u0142ania (hydraulika dzia\u0142a tylko w jednym kierunku) lub dwustronnego dzia\u0142ania (hydraulika dzia\u0142a w obu kierunkach) w zale\u017cno\u015bci od potrzeb. Niekt\u00f3re modele s\u0105 teleskopowe, co pozwala na wi\u0119ksze wysuni\u0119cie bez zwi\u0119kszania wymiar\u00f3w zewn\u0119trznych, nadaj\u0105c si\u0119 do zastosowa\u0144 w ograniczonej przestrzeni.<\/p>\n<\/li>\n<li>\n<h3>Idealny zamiennik<\/h3>\n<p>Nasz produkt mo\u017ce doskonale zast\u0105pi\u0107 tego typu si\u0142owniki hydrauliczne.<\/p>\n<\/li>\n<\/ul>\n<p><img decoding=\"async\" src=\"https:\/\/www.hydraulic-cylinders.net\/wp-content\/uploads\/2025\/01\/songte-cylinder-head-with-all-kinds-excavator-models.webp\" alt=\"Obraz wymiany cylindra \u0142y\u017cki\" \/><\/p>\n<h2>Aplikacje<\/h2>\n<p>Cylinder czerpakowy jest powszechnie stosowany w r\u00f3\u017cnych maszynach ci\u0119\u017ckich, w tym:<\/p>\n<ul>\n<li>\n<h3>Sprz\u0119t budowlany<\/h3>\n<p>W koparkach s\u0105 one niezb\u0119dne do kopania, za\u0142adunku i przemieszczania gleby lub gruzu. W koparko-\u0142adowarkach si\u0142ownik \u0142y\u017cki wspomaga kopanie i podnoszenie. W \u0142adowarkach czo\u0142owych u\u0142atwiaj\u0105 efektywne podnoszenie i przechylanie \u0142adunk\u00f3w.<\/p>\n<\/li>\n<li>\n<h3>Maszyny rolnicze<\/h3>\n<p>Stosowany w \u0142adowarkach czo\u0142owych do podnoszenia, zbierania i transportu ziemi, siana i innych materia\u0142\u00f3w.<\/p>\n<\/li>\n<li>\n<h3>Koparki<\/h3>\n<p>Cylinder \u0142y\u017cki umo\u017cliwia jej zag\u0142\u0119bianie si\u0119 w gleb\u0119 w celu wykonania czynno\u015bci kopania.<\/p>\n<\/li>\n<\/ul>\n<h2>Zagadnienia projektowe i kryteria wyboru<\/h2>\n<p>Konstrukcja cylindra czerpakowego uwzgl\u0119dnia jego no\u015bno\u015b\u0107, szczelno\u015b\u0107, trwa\u0142o\u015b\u0107, bezpiecze\u0144stwo i \u0142atwo\u015b\u0107 konserwacji. Poni\u017cej przedstawiono kluczowe kwestie projektowe:<\/p>\n<ul>\n<li>\n<h3>No\u015bno\u015b\u0107<\/h3>\n<p>Si\u0142ownik czerpakowy jest zaprojektowany i wyprodukowany tak, aby wytrzyma\u0142 maksymaln\u0105 si\u0142\u0119 i ci\u0119\u017car wymagane do zamierzonego zastosowania.<\/p>\n<\/li>\n<li>\n<h3>Opiecz\u0119towanie<\/h3>\n<p>W cylindrze kube\u0142kowym zastosowano r\u00f3\u017cne elementy uszczelniaj\u0105ce, takie jak uszczelki t\u0142okowe, uszczelki t\u0142oczyskowe itp., wykonane z materia\u0142\u00f3w odpornych na zu\u017cycie, takich jak poliuretan i kauczuk nitrylowy, co zapewnia dobre uszczelnienie i zapobiega wyciekaniu p\u0142ynu.<\/p>\n<\/li>\n<li>\n<h3>Trwa\u0142o\u015b\u0107<\/h3>\n<p>Korpus cylindra i gwintowana powierzchnia ko\u0144cowa s\u0105 precyzyjnie obrobione, aby zwi\u0119kszy\u0107 odporno\u015b\u0107 na zu\u017cycie. Cylinder kube\u0142kowy zosta\u0142 r\u00f3wnie\u017c zaprojektowany z materia\u0142\u00f3w i pow\u0142ok odpornych na korozj\u0119, aby wyd\u0142u\u017cy\u0107 jego \u017cywotno\u015b\u0107.<\/p>\n<\/li>\n<li>\n<h3>Bezpiecze\u0144stwo<\/h3>\n<p>Cylinder czerpakowy jest wyposa\u017cony w urz\u0105dzenia zabezpieczaj\u0105ce, takie jak zawory bezpiecze\u0144stwa i zabezpieczenia przeci\u0105\u017ceniowe, kt\u00f3re zapobiegaj\u0105 obra\u017ceniom cia\u0142a lub uszkodzeniom cylindra albo maszyny.<\/p>\n<\/li>\n<li>\n<h3>Utrzymywalno\u015b\u0107<\/h3>\n<p>Si\u0142ownik \u0142y\u017cki wymaga regularnej kontroli i konserwacji zapobiegawczej, aby zapewni\u0107 optymaln\u0105 wydajno\u015b\u0107. Olej hydrauliczny nale\u017cy regularnie wymienia\u0107 i uzupe\u0142nia\u0107, a uszczelnienie nale\u017cy w razie potrzeby sprawdzi\u0107 i wymieni\u0107.<\/p>\n<\/li>\n<\/ul>\n<p><img decoding=\"async\" src=\"https:\/\/www.hydraulic-cylinders.net\/wp-content\/uploads\/2025\/01\/songte-oil-pipes-and-spare-parts.webp\" alt=\"Obraz cz\u0119\u015bci zamiennych cylindra \u0142y\u017cki\" \/><\/p>\n<h2>Uszczelnianie i smarowanie<\/h2>\n<p>W cylindrze czerpakowym zastosowano r\u00f3\u017cnorodne elementy uszczelniaj\u0105ce, takie jak uszczelnienia t\u0142oka, uszczelnienia t\u0142oczyska itp., wykonane z materia\u0142\u00f3w odpornych na zu\u017cycie, takich jak poliuretan i kauczuk nitrylowy, aby zapewni\u0107 dobr\u0105 szczelno\u015b\u0107 i zapobiec wyciekom p\u0142ynu. Korpus cylindra i gwintowana powierzchnia ko\u0144cowa s\u0105 precyzyjnie obrobione, aby zwi\u0119kszy\u0107 odporno\u015b\u0107 na zu\u017cycie. Aby utrzyma\u0107 optymaln\u0105 wydajno\u015b\u0107, nale\u017cy je regularnie smarowa\u0107 odpowiedni\u0105 ilo\u015bci\u0105 oleju hydraulicznego.<\/p>\n<h2>Konserwacja i naprawa<\/h2>\n<p>Poni\u017cej przedstawiono kilka typowych zada\u0144 konserwacyjnych cylindra kube\u0142kowego:<\/p>\n<ul>\n<li>\n<h3>Regularna kontrola<\/h3>\n<p>Nale\u017cy regularnie dokonywa\u0107 przegl\u0105du cylindra czerpakowego, aby mie\u0107 pewno\u015b\u0107, \u017ce dzia\u0142a prawid\u0142owo i wcze\u015bnie wykry\u0107 potencjalne problemy.<\/p>\n<\/li>\n<li>\n<h3>Smarowanie<\/h3>\n<p>Aby zachowa\u0107 optymaln\u0105 wydajno\u015b\u0107, si\u0142ownik \u0142y\u017cki musi by\u0107 smarowany odpowiedni\u0105 ilo\u015bci\u0105 oleju hydraulicznego.<\/p>\n<\/li>\n<li>\n<h3>Wymiana uszczelki<\/h3>\n<p>Aby zachowa\u0107 szczelno\u015b\u0107 i zapobiec wyciekowi p\u0142ynu, nale\u017cy sprawdzi\u0107 uszczelk\u0119 i w razie konieczno\u015bci j\u0105 wymieni\u0107.<\/p>\n<\/li>\n<li>\n<h3>Kontrola ustawienia<\/h3>\n<p>Podczas instalacji nale\u017cy prawid\u0142owo ustawi\u0107 cylinder pojemnika, aby zapewni\u0107 jego prawid\u0142owe dzia\u0142anie.<\/p>\n<\/li>\n<\/ul>\n<p>Prawid\u0142owy monta\u017c, smarowanie i regulacja s\u0105 niezb\u0119dne dla zapewnienia d\u0142ugiej \u017cywotno\u015bci si\u0142ownika kube\u0142kowego. Zaleca si\u0119 stosowanie odpowiednich wspornik\u00f3w monta\u017cowych w celu zabezpieczenia si\u0142ownika. Oferujemy zalecan\u0105 procedur\u0119 kontroli, naprawy i wymiany, aby wyd\u0142u\u017cy\u0107 \u017cywotno\u015b\u0107 si\u0142ownika kube\u0142kowego.<\/p>\n<p><img decoding=\"async\" src=\"https:\/\/www.hydraulic-cylinders.net\/wp-content\/uploads\/2025\/01\/songte-chushion-collar.webp\" alt=\"Obraz ko\u0142nierza cylindra \u0142y\u017cki\" \/><\/p>\n<h2>Zagadnienia bezpiecze\u0144stwa i czynniki \u015brodowiskowe<\/h2>\n<p>Podczas u\u017cytkowania cylindra czerpakowego nale\u017cy bezwzgl\u0119dnie przestrzega\u0107 odpowiednich procedur bezpiecze\u0144stwa, aby zapobiec obra\u017ceniom cia\u0142a lub uszkodzeniu cylindra lub maszyn. Regularne przegl\u0105dy, konserwacja i naprawy mog\u0105 pom\u00f3c w zmniejszeniu potencjalnych zagro\u017ce\u0144 dla \u015brodowiska.<\/p>\n<h2>Rozwi\u0105zywanie problem\u00f3w i typowe problemy<\/h2>\n<p>Poni\u017cej przedstawiono kilka typowych problem\u00f3w, kt\u00f3re mog\u0105 wyst\u0105pi\u0107 w cylindrze czerpakowym:<\/p>\n<ul>\n<li>\n<h3>Przeciek<\/h3>\n<p>Cylinder mo\u017ce przecieka\u0107 z powodu uszkodzonych uszczelek, zanieczyszczonego oleju hydraulicznego lub lu\u017anych po\u0142\u0105cze\u0144.<\/p>\n<\/li>\n<li>\n<h3>Powolna praca<\/h3>\n<p>Si\u0142ownik mo\u017ce pracowa\u0107 powoli z powodu niewystarczaj\u0105cej ilo\u015bci oleju hydraulicznego, zu\u017cytych uszczelek lub uszkodzonych pr\u0119t\u00f3w.<\/p>\n<\/li>\n<li>\n<h3>Przegrzanie<\/h3>\n<p>Cylinder mo\u017ce si\u0119 przegrza\u0107 z powodu niskiego poziomu oleju, zablokowanych kana\u0142\u00f3w olejowych lub uszkodzonych zawor\u00f3w bezpiecze\u0144stwa.<\/p>\n<\/li>\n<\/ul>\n<p>Aby rozwi\u0105za\u0107 te problemy, nale\u017cy zidentyfikowa\u0107 przyczyn\u0119 i podj\u0105\u0107 odpowiednie dzia\u0142ania naprawcze, takie jak wymiana uszkodzonych uszczelek, oczyszczenie oleju hydraulicznego lub naprawa b\u0105d\u017a wymiana uszkodzonych cz\u0119\u015bci.<\/p>\n<p><img decoding=\"async\" src=\"https:\/\/www.hydraulic-cylinders.net\/wp-content\/uploads\/2025\/01\/songte-bushings-with-all-kinds-of-excavator-models.webp\" alt=\"Obraz tulei cylindra \u0142y\u017cki\" \/><\/p>\n<h2>O nas<\/h2>\n<p>Nasza firma jest producentem zamiennych cylindr\u00f3w hydraulicznych, oferuj\u0105cym pe\u0142n\u0105 gam\u0119 produkt\u00f3w, i sta\u0142a si\u0119 jednym z wiod\u0105cych producent\u00f3w i hurtownik\u00f3w cylindr\u00f3w hydraulicznych na rynku krajowym i mi\u0119dzynarodowym. Kierujemy si\u0119 zasadami doskona\u0142ej jako\u015bci, opieramy si\u0119 na zindustrializowanych strategiach zarz\u0105dzania produkcj\u0105 w precyzyjnych warsztatach produkcyjnych oraz stale udoskonalamy nasz\u0105 platform\u0119 produkcyjn\u0105, ulepszamy jako\u015b\u0107 linii produkcyjnych i posiadamy silne zdolno\u015bci do tworzenia produkt\u00f3w o wysokiej wydajno\u015bci, precyzji i jako\u015bci, aby sprosta\u0107 zr\u00f3\u017cnicowanym potrzebom naszych klient\u00f3w.<\/p>\n<p><img decoding=\"async\" src=\"https:\/\/hzpt.com\/wp-content\/uploads\/2024\/11\/songte-company-1.webp\" alt=\"Wizerunek firmy\" \/><\/p>\n<h3>Profesjonalizm<\/h3>\n<p>W naszej firmie pracuje zesp\u00f3\u0142 profesjonalnych technik\u00f3w i in\u017cynier\u00f3w, kt\u00f3rzy maj\u0105 wieloletnie do\u015bwiadczenie w projektowaniu i produkcji cylindr\u00f3w hydraulicznych oraz zwi\u0105zanego z nimi sprz\u0119tu.<\/p>\n<h3>Mi\u0119dzynarodowa Certyfikacja<\/h3>\n<p>Nasze produkty uzyska\u0142y mi\u0119dzynarodowe certyfikaty, takie jak ISO9001, CE i SGS, co gwarantuje, \u017ce spe\u0142niaj\u0105 mi\u0119dzynarodowe standardy jako\u015bci.<\/p>\n<h3>Us\u0142ugi personalizacji<\/h3>\n<p>Oferujemy us\u0142ugi dostosowywania cylindr\u00f3w hydraulicznych do szczeg\u00f3lnych potrzeb naszych klient\u00f3w.<\/p>\n<h3>Sprz\u0119t produkcyjny<\/h3>\n<p>Nasza firma dysponuje zaawansowanym sprz\u0119tem produkcyjnym, takim jak obrabiarki CNC, centra obr\u00f3bcze i sprz\u0119t testowy, co gwarantuje wysok\u0105 jako\u015b\u0107 i wydajno\u015b\u0107 produkcji.<\/p>\n<h3>Serwis posprzeda\u017cowy<\/h3>\n<p>Zapewniamy naszym klientom doskona\u0142\u0105 obs\u0142ug\u0119 posprzeda\u017cow\u0105, obejmuj\u0105c\u0105 wsparcie techniczne, konserwacj\u0119 i naprawy.<\/p>\n<p>Autor: lyl<\/p>","protected":false},"excerpt":{"rendered":"<p>Bucket Cylinder For Doosan Large Excavator DH290 Introduction The bucket cylinder for Doosan large excavator DH290 is a specially designed hydraulic cylinder used to control the movement of the bucket in heavy machinery such as excavators, backhoe excavators, and front-end loaders. Its main function is to enable the bucket to lift, lower, and tilt, making [&hellip;]<\/p>","protected":false},"featured_media":14785,"comment_status":"open","ping_status":"closed","template":"","meta":{"_et_pb_use_builder":"","_et_pb_old_content":"","_et_gb_content_width":""},"product_brand":[],"product_cat":[1494],"product_tag":[1495,1496],"class_list":{"0":"post-15285","1":"product","2":"type-product","3":"status-publish","4":"has-post-thumbnail","6":"product_cat-bucket-cylinders","7":"product_tag-bucket-cylinders","8":"product_tag-hydraulic-cylinders","10":"first","11":"instock","12":"shipping-taxable","13":"product-type-simple"},"amp_enabled":true,"_links":{"self":[{"href":"https:\/\/www.hydraulic-cylinders.net\/pl\/wp-json\/wp\/v2\/product\/15285","targetHints":{"allow":["GET"]}}],"collection":[{"href":"https:\/\/www.hydraulic-cylinders.net\/pl\/wp-json\/wp\/v2\/product"}],"about":[{"href":"https:\/\/www.hydraulic-cylinders.net\/pl\/wp-json\/wp\/v2\/types\/product"}],"replies":[{"embeddable":true,"href":"https:\/\/www.hydraulic-cylinders.net\/pl\/wp-json\/wp\/v2\/comments?post=15285"}],"wp:featuredmedia":[{"embeddable":true,"href":"https:\/\/www.hydraulic-cylinders.net\/pl\/wp-json\/wp\/v2\/media\/14785"}],"wp:attachment":[{"href":"https:\/\/www.hydraulic-cylinders.net\/pl\/wp-json\/wp\/v2\/media?parent=15285"}],"wp:term":[{"taxonomy":"product_brand","embeddable":true,"href":"https:\/\/www.hydraulic-cylinders.net\/pl\/wp-json\/wp\/v2\/product_brand?post=15285"},{"taxonomy":"product_cat","embeddable":true,"href":"https:\/\/www.hydraulic-cylinders.net\/pl\/wp-json\/wp\/v2\/product_cat?post=15285"},{"taxonomy":"product_tag","embeddable":true,"href":"https:\/\/www.hydraulic-cylinders.net\/pl\/wp-json\/wp\/v2\/product_tag?post=15285"}],"curies":[{"name":"wp","href":"https:\/\/api.w.org\/{rel}","templated":true}]}}