{"id":15286,"date":"2025-01-19T14:20:24","date_gmt":"2025-01-19T14:20:24","guid":{"rendered":"https:\/\/www.hydraulic-cylinders.net\/product\/bucket-cylinder-for-doosan-large-excavator-dh320\/"},"modified":"2025-01-19T14:20:26","modified_gmt":"2025-01-19T14:20:26","slug":"bucket-cylinder-for-doosan-large-excavator-dh320","status":"publish","type":"product","link":"https:\/\/www.hydraulic-cylinders.net\/pl\/produkt\/bucket-cylinder-for-doosan-large-excavator-dh320\/","title":{"rendered":"Si\u0142ownik \u0142y\u017cki do du\u017cej koparki Doosan DH320"},"content":{"rendered":"<h1>Si\u0142ownik \u0142y\u017cki do du\u017cej koparki Doosan DH320<\/h1>\n<h2>Wst\u0119p<\/h2>\n<p>Si\u0142ownik \u0142y\u017cki do du\u017cej koparki Doosan DH320 to specjalistyczny typ si\u0142ownika hydraulicznego, kt\u00f3ry s\u0142u\u017cy do sterowania ruchem \u0142y\u017cki w ci\u0119\u017ckich maszynach, takich jak koparki, koparko-\u0142adowarki i \u0142adowarki czo\u0142owe. Jego g\u0142\u00f3wn\u0105 funkcj\u0105 jest podnoszenie, opuszczanie i przechylanie \u0142y\u017cki, co u\u0142atwia przenoszenie materia\u0142\u00f3w. W uk\u0142adzie hydraulicznym si\u0142ownik \u0142y\u017cki wykorzystuje ci\u015bnienie oleju hydraulicznego, aby zapewni\u0107 precyzyjn\u0105 kontrol\u0119 nad \u0142y\u017ck\u0105, umo\u017cliwiaj\u0105c operatorom wydajne przenoszenie ci\u0119\u017ckich przedmiot\u00f3w i dostosowanie si\u0119 do z\u0142o\u017conych warunk\u00f3w pracy oraz zr\u00f3\u017cnicowanych wymaga\u0144.<\/p>\n<p><img decoding=\"async\" src=\"https:\/\/www.hydraulic-cylinders.net\/wp-content\/uploads\/2025\/01\/songte-company-2.webp\"><\/p>\n<h2>Cechy<\/h2>\n<ul>\n<li>\n<h3>Wysoka wytrzyma\u0142o\u015b\u0107 i trwa\u0142o\u015b\u0107<\/h3>\n<p>Cylindry kube\u0142kowe s\u0105 zazwyczaj wykonane z wysokowytrzyma\u0142ej stali lub aluminium, co pozwala im wytrzyma\u0107 wysokie ci\u015bnienie i du\u017ce obci\u0105\u017cenia. Zaprojektowano je tak, aby by\u0142y odporne na zu\u017cycie i korozj\u0119, co wyd\u0142u\u017ca ich \u017cywotno\u015b\u0107.<\/p>\n<\/li>\n<li>\n<h3>Wydajna praca hydrauliczna<\/h3>\n<p>Cylindry czerpakowe wykorzystuj\u0105 ci\u015bnienie oleju hydraulicznego, aby zapewni\u0107 p\u0142ynne ruchy rozszerzania i kurczenia, szybko reaguj\u0105 na polecenia steruj\u0105ce i wytwarzaj\u0105 du\u017ce si\u0142y pchania i ci\u0105gni\u0119cia, dzi\u0119ki czemu nadaj\u0105 si\u0119 do przenoszenia ci\u0119\u017ckich przedmiot\u00f3w i wykonywania skomplikowanych zada\u0144.<\/p>\n<\/li>\n<li>\n<h3>R\u00f3\u017cne typy<\/h3>\n<p>Si\u0142owniki czerpakowe mog\u0105 by\u0107 jednostronnego dzia\u0142ania (wykorzystuj\u0105 ci\u015bnienie hydrauliczne tylko w jednym kierunku) lub dwustronnego dzia\u0142ania (wykorzystuj\u0105 ci\u015bnienie hydrauliczne w obu kierunkach), w zale\u017cno\u015bci od wymaga\u0144 operacyjnych. Niekt\u00f3re modele s\u0105 teleskopowe, co pozwala na wi\u0119ksze wysuni\u0119cie bez zwi\u0119kszania rozmiaru zewn\u0119trznego, dzi\u0119ki czemu nadaj\u0105 si\u0119 do zastosowa\u0144 w ograniczonej przestrzeni.<\/p>\n<\/li>\n<li>\n<h3>Idealny zamiennik cylindr\u00f3w hydraulicznych<\/h3>\n<p>Nasze produkty mog\u0105 doskonale zast\u0105pi\u0107 te cylindry hydrauliczne i jeste\u015bmy w stanie wyprodukowa\u0107 ten produkt.<\/p>\n<\/li>\n<\/ul>\n<p><img decoding=\"async\" src=\"https:\/\/www.hydraulic-cylinders.net\/wp-content\/uploads\/2025\/01\/songte-cylinder-head-with-all-kinds-excavator-models.webp\"><\/p>\n<h2>Aplikacje<\/h2>\n<p>Cylindry czerpakowe maj\u0105 r\u00f3\u017cnorodne zastosowania w r\u00f3\u017cnych ga\u0142\u0119ziach przemys\u0142u, w tym w sprz\u0119cie budowlanym, maszynach rolniczych, koparkach i \u0142adowarkach:<\/p>\n<ul>\n<li>\n<h3>Sprz\u0119t budowlany<\/h3>\n<p>W koparkach cylindry \u0142y\u017cki s\u0105 niezb\u0119dne do kopania, za\u0142adunku i przemieszczania gleby lub gruzu. W koparko-\u0142adowarkach cylindry \u0142y\u017cki pomagaj\u0105 zar\u00f3wno w kopaniu, jak i podnoszeniu. W \u0142adowarkach wspomagaj\u0105 one wydajne podnoszenie i przechylanie \u0142adunk\u00f3w.<\/p>\n<\/li>\n<li>\n<h3>Maszyny rolnicze<\/h3>\n<p>Cylindry czerpakowe s\u0105 stosowane w \u0142adowarkach czo\u0142owych do podnoszenia, zbierania i transportu gleby, siana i innych materia\u0142\u00f3w.<\/p>\n<\/li>\n<li>\n<h3>Koparki<\/h3>\n<p>Cylinder \u0142y\u017cki umo\u017cliwia zag\u0142\u0119bianie si\u0119 \u0142y\u017cki w gleb\u0119 w celu wykonania czynno\u015bci kopania.<\/p>\n<\/li>\n<li>\n<h3>\u0141adowarki<\/h3>\n<p>Cylindry \u0142y\u017cki pomagaj\u0105 w efektywnym podnoszeniu i wysypywaniu materia\u0142\u00f3w w \u0142adowarkach czo\u0142owych.<\/p>\n<\/li>\n<\/ul>\n<h2>Zagadnienia projektowe i kryteria wyboru<\/h2>\n<p>Przy rozwa\u017caniu projektu i doboru cylindr\u00f3w kube\u0142kowych nale\u017cy wzi\u0105\u0107 pod uwag\u0119 nast\u0119puj\u0105ce czynniki:<\/p>\n<ul>\n<li>\n<h3>No\u015bno\u015b\u0107<\/h3>\n<p>Cylinder powinien by\u0107 zaprojektowany tak, aby wytrzyma\u0107 przewidywane obci\u0105\u017cenie i ci\u015bnienie.<\/p>\n<\/li>\n<li>\n<h3>Uszczelnienie i trwa\u0142o\u015b\u0107<\/h3>\n<p>Cylinder powinien by\u0107 zaprojektowany z odpowiednim uszczelnieniem i cechami trwa\u0142o\u015bci, aby zapewni\u0107 d\u0142ug\u0105 \u017cywotno\u015b\u0107.<\/p>\n<\/li>\n<li>\n<h3>Bezpiecze\u0144stwo i konserwacja<\/h3>\n<p>Cylinder powinien by\u0107 zaprojektowany w spos\u00f3b zapewniaj\u0105cy bezpiecze\u0144stwo podczas pracy i \u0142atw\u0105 konserwacj\u0119.<\/p>\n<\/li>\n<\/ul>\n<p><img decoding=\"async\" src=\"https:\/\/www.hydraulic-cylinders.net\/wp-content\/uploads\/2025\/01\/songte-oil-pipes-and-spare-parts.webp\"><\/p>\n<h2>Uszczelnianie i smarowanie<\/h2>\n<p>W si\u0142ownikach kube\u0142kowych stosowane s\u0105 r\u00f3\u017cne elementy uszczelniaj\u0105ce, takie jak uszczelnienia t\u0142oka i t\u0142oczyska, wykonane z materia\u0142\u00f3w odpornych na zu\u017cycie, takich jak poliuretan i kauczuk nitrylowy. G\u0142owica cylindra i gwintowane powierzchnie ko\u0144cowe s\u0105 precyzyjnie obrobione mechanicznie w celu zwi\u0119kszenia odporno\u015bci na zu\u017cycie. Regularne smarowanie odpowiednim olejem hydraulicznym jest niezb\u0119dne dla zapewnienia p\u0142ynnej pracy i d\u0142ugiej \u017cywotno\u015bci.<\/p>\n<h2>Konserwacja i instalacja<\/h2>\n<p>Regularna konserwacja i monta\u017c s\u0105 niezb\u0119dne dla zapewnienia prawid\u0142owego dzia\u0142ania i d\u0142ugiej \u017cywotno\u015bci si\u0142ownika \u0142y\u017cki. Zaleca si\u0119 wykonywanie nast\u0119puj\u0105cych czynno\u015bci konserwacyjnych:<\/p>\n<ul>\n<li>\n<h3>Regularna kontrola<\/h3>\n<p>Regularna kontrola uszczelek, przy\u0142\u0105czy i innych podzespo\u0142\u00f3w cylindra jest konieczna, aby mie\u0107 pewno\u015b\u0107, \u017ce s\u0105 w dobrym stanie i dzia\u0142aj\u0105 prawid\u0142owo.<\/p>\n<\/li>\n<li>\n<h3>Smarowanie<\/h3>\n<p>Regularne smarowanie cylindra odpowiednim olejem hydraulicznym jest konieczne, aby zapewni\u0107 p\u0142ynn\u0105 prac\u0119 i d\u0142ug\u0105 \u017cywotno\u015b\u0107.<\/p>\n<\/li>\n<li>\n<h3>Wymiana uszczelki i kontrola kalibracji<\/h3>\n<p>Okresowo mo\u017ce zaj\u015b\u0107 konieczno\u015b\u0107 wymiany uszczelek. Konieczne mo\u017ce by\u0107 r\u00f3wnie\u017c przeprowadzenie kontroli kalibracji, aby mie\u0107 pewno\u015b\u0107, \u017ce cylinder dzia\u0142a prawid\u0142owo.<\/p>\n<\/li>\n<\/ul>\n<p><img decoding=\"async\" src=\"https:\/\/www.hydraulic-cylinders.net\/wp-content\/uploads\/2025\/01\/songte-chushion-collar.webp\"><\/p>\n<h2>Bezpiecze\u0144stwo i wzgl\u0119dy \u015brodowiskowe<\/h2>\n<p>Cylindry czerpakowe nale\u017cy instalowa\u0107 i obs\u0142ugiwa\u0107 zgodnie z zalecanymi procedurami bezpiecze\u0144stwa, aby zapewni\u0107 bezpiecze\u0144stwo operatora i \u015brodowiska. Nale\u017cy podj\u0105\u0107 odpowiednie \u015brodki bezpiecze\u0144stwa, aby zapobiec przypadkowym uszkodzeniom oraz unikn\u0105\u0107 wycieku lub rozlania oleju.<\/p>\n<h2>Diagnoza i rozwi\u0105zywanie problem\u00f3w<\/h2>\n<p>Je\u015bli cylinder nie dzia\u0142a prawid\u0142owo, mo\u017cna zdiagnozowa\u0107 nast\u0119puj\u0105ce problemy:<\/p>\n<ul>\n<li>\n<h3>Nieszczelne uszczelki<\/h3>\n<p>Je\u017celi z cylindra wycieka olej, przyczyn\u0105 mo\u017ce by\u0107 zu\u017cyte uszczelki, kt\u00f3re nale\u017cy wymieni\u0107.<\/p>\n<\/li>\n<li>\n<h3>Ha\u0142a\u015bliwa praca<\/h3>\n<p>Je\u017celi praca cylindra jest g\u0142o\u015bna, mo\u017ce to oznacza\u0107, \u017ce w uk\u0142adzie hydraulicznym znajduj\u0105 si\u0119 kieszenie powietrzne lub \u017ce uk\u0142ad nie jest odpowiednio smarowany.<\/p>\n<\/li>\n<li>\n<h3>Powolna praca<\/h3>\n<p>Je\u017celi praca cylindra jest powolna, mo\u017ce to oznacza\u0107 niewystarczaj\u0105ce ci\u015bnienie hydrauliczne lub zablokowanie dop\u0142ywu oleju.<\/p>\n<\/li>\n<\/ul>\n<p>Poni\u017csze wskaz\u00f3wki i rozwi\u0105zania dotycz\u0105ce rozwi\u0105zywania problem\u00f3w mog\u0105 okaza\u0107 si\u0119 pomocne:<\/p>\n<ul>\n<li>\n<h3>Wymiana uszczelki<\/h3>\n<p>Zu\u017cyte uszczelki nale\u017cy wymieni\u0107 na nowe.<\/p>\n<\/li>\n<li>\n<h3>Odpowietrzanie uk\u0142adu hydraulicznego<\/h3>\n<p>Nale\u017cy odpowietrzy\u0107 kieszenie powietrzne w uk\u0142adzie hydraulicznym.<\/p>\n<\/li>\n<li>\n<h3>Smarowanie<\/h3>\n<p>Cylinder nale\u017cy smarowa\u0107 odpowiednim olejem hydraulicznym.<\/p>\n<\/li>\n<\/ul>\n<p><img decoding=\"async\" src=\"https:\/\/www.hydraulic-cylinders.net\/wp-content\/uploads\/2025\/01\/songte-bushings-with-all-kinds-of-excavator-models.webp\"><\/p>\n<h2>O naszej firmie<\/h2>\n<p>Jeste\u015bmy wiod\u0105cym producentem i hurtownikiem si\u0142ownik\u00f3w hydraulicznych na rynku krajowym i mi\u0119dzynarodowym. Oferujemy pe\u0142n\u0105 gam\u0119 produkt\u00f3w i realizujemy strategi\u0119 przemys\u0142owego zarz\u0105dzania produkcj\u0105, zapewniaj\u0105c doskona\u0142\u0105 jako\u015b\u0107, opieraj\u0105c si\u0119 na doskona\u0142ych warsztatach produkcyjnych, utalentowanych pracownikach technicznych, cyfrowym sprz\u0119cie produkcyjnym najwy\u017cszej klasy oraz profesjonalnych systemach testowych. Nasza platforma produkcyjna jest stale udoskonalana, linia produkcyjna jest perfekcyjna, a my dysponujemy silnym potencja\u0142em innowacyjnym, aby sprosta\u0107 zr\u00f3\u017cnicowanym potrzebom klient\u00f3w, zapewniaj\u0105c wysok\u0105 wydajno\u015b\u0107, precyzj\u0119 i jako\u015b\u0107.<\/p>\n<h3>Profesjonalizm<\/h3>\n<p>Nasza firma dysponuje profesjonaln\u0105 wiedz\u0105 techniczn\u0105 i stosuje rygorystyczne \u015brodki kontroli jako\u015bci, aby mie\u0107 pewno\u015b\u0107, \u017ce nasze produkty spe\u0142niaj\u0105 standardy bran\u017cowe i wymagania klient\u00f3w.<\/p>\n<h3>Mi\u0119dzynarodowa Certyfikacja<\/h3>\n<p>Nasze produkty posiadaj\u0105 certyfikaty i spe\u0142niaj\u0105 mi\u0119dzynarodowe normy, takie jak ISO, CE i SGS.<\/p>\n<h3>Us\u0142ugi dostosowane do indywidualnych potrzeb<\/h3>\n<p>Oferujemy us\u0142ugi dostosowane do indywidualnych potrzeb klient\u00f3w.<\/p>\n<h3>Sprz\u0119t produkcyjny<\/h3>\n<p>Nasza firma korzysta z zaawansowanego cyfrowego sprz\u0119tu produkcyjnego najwy\u017cszej klasy, takiego jak centra obr\u00f3bcze CNC, precyzyjne szlifierki i automatyczne spawarki, co gwarantuje najwy\u017csz\u0105 jako\u015b\u0107 naszych produkt\u00f3w.<\/p>\n<h3>Serwis posprzeda\u017cowy<\/h3>\n<p>Nasza firma zapewnia kompleksowy serwis posprzeda\u017cowy, obejmuj\u0105cy konserwacj\u0119, naprawy i wymian\u0119 produkt\u00f3w.<\/p>\n<p><img decoding=\"async\" src=\"https:\/\/hzpt.com\/wp-content\/uploads\/2024\/11\/songte-company-1.webp\"><\/p>\n<p>Autor: lyl<\/p>","protected":false},"excerpt":{"rendered":"<p>Bucket Cylinder For Doosan Large Excavator DH320 Introduction A bucket cylinder for Doosan large excavator DH320 is a specialized type of hydraulic cylinder used to control the movement of the bucket in heavy machinery such as excavators, backhoe excavators, and front-end loaders. Its main function is to lift, lower, and tilt the bucket for easy [&hellip;]<\/p>","protected":false},"featured_media":14784,"comment_status":"open","ping_status":"closed","template":"","meta":{"_et_pb_use_builder":"","_et_pb_old_content":"","_et_gb_content_width":""},"product_brand":[],"product_cat":[1494],"product_tag":[1495,1496],"class_list":{"0":"post-15286","1":"product","2":"type-product","3":"status-publish","4":"has-post-thumbnail","6":"product_cat-bucket-cylinders","7":"product_tag-bucket-cylinders","8":"product_tag-hydraulic-cylinders","10":"first","11":"instock","12":"shipping-taxable","13":"product-type-simple"},"amp_enabled":true,"_links":{"self":[{"href":"https:\/\/www.hydraulic-cylinders.net\/pl\/wp-json\/wp\/v2\/product\/15286","targetHints":{"allow":["GET"]}}],"collection":[{"href":"https:\/\/www.hydraulic-cylinders.net\/pl\/wp-json\/wp\/v2\/product"}],"about":[{"href":"https:\/\/www.hydraulic-cylinders.net\/pl\/wp-json\/wp\/v2\/types\/product"}],"replies":[{"embeddable":true,"href":"https:\/\/www.hydraulic-cylinders.net\/pl\/wp-json\/wp\/v2\/comments?post=15286"}],"wp:featuredmedia":[{"embeddable":true,"href":"https:\/\/www.hydraulic-cylinders.net\/pl\/wp-json\/wp\/v2\/media\/14784"}],"wp:attachment":[{"href":"https:\/\/www.hydraulic-cylinders.net\/pl\/wp-json\/wp\/v2\/media?parent=15286"}],"wp:term":[{"taxonomy":"product_brand","embeddable":true,"href":"https:\/\/www.hydraulic-cylinders.net\/pl\/wp-json\/wp\/v2\/product_brand?post=15286"},{"taxonomy":"product_cat","embeddable":true,"href":"https:\/\/www.hydraulic-cylinders.net\/pl\/wp-json\/wp\/v2\/product_cat?post=15286"},{"taxonomy":"product_tag","embeddable":true,"href":"https:\/\/www.hydraulic-cylinders.net\/pl\/wp-json\/wp\/v2\/product_tag?post=15286"}],"curies":[{"name":"wp","href":"https:\/\/api.w.org\/{rel}","templated":true}]}}