{"id":15289,"date":"2025-01-19T14:20:36","date_gmt":"2025-01-19T14:20:36","guid":{"rendered":"https:\/\/www.hydraulic-cylinders.net\/product\/bucket-cylinder-for-doosan-large-excavator-dx500lc\/"},"modified":"2025-01-19T14:20:38","modified_gmt":"2025-01-19T14:20:38","slug":"bucket-cylinder-for-doosan-large-excavator-dx500lc","status":"publish","type":"product","link":"https:\/\/www.hydraulic-cylinders.net\/pl\/produkt\/bucket-cylinder-for-doosan-large-excavator-dx500lc\/","title":{"rendered":"Si\u0142ownik \u0142y\u017cki do du\u017cej koparki Doosan DX500LC"},"content":{"rendered":"<h1>Si\u0142ownik \u0142y\u017cki do du\u017cej koparki Doosan DX500LC<\/h1>\n<h2>Wst\u0119p<\/h2>\n<p>Si\u0142ownik \u0142y\u017cki do du\u017cej koparki Doosan DX500LC to specjalnie zaprojektowany si\u0142ownik hydrauliczny, kt\u00f3ry steruje g\u0142\u00f3wnie ruchem \u0142y\u017cki w ci\u0119\u017ckich maszynach, takich jak koparki, koparko-\u0142adowarki i \u0142adowarki czo\u0142owe. Jego g\u0142\u00f3wn\u0105 funkcj\u0105 jest podnoszenie, opuszczanie i przechylanie \u0142y\u017cki, co u\u0142atwia wykonywanie r\u00f3\u017cnych zada\u0144 zwi\u0105zanych z prze\u0142adunkiem materia\u0142\u00f3w. W uk\u0142adzie hydraulicznym si\u0142ownik \u0142y\u017cki zapewnia precyzyjn\u0105 kontrol\u0119 ruchu \u0142y\u017cki poprzez zmiany ci\u015bnienia oleju hydraulicznego, umo\u017cliwiaj\u0105c operatorom wydajne przenoszenie du\u017cych \u0142adunk\u00f3w i dostosowywanie si\u0119 do z\u0142o\u017conych warunk\u00f3w pracy oraz zr\u00f3\u017cnicowanych potrzeb operacyjnych.<\/p>\n<p><img decoding=\"async\" src=\"https:\/\/www.hydraulic-cylinders.net\/wp-content\/uploads\/2025\/01\/songte-company-2.webp\"><\/p>\n<h2>Cechy<\/h2>\n<ul>\n<li>Wysoka wytrzyma\u0142o\u015b\u0107 i trwa\u0142o\u015b\u0107: Zazwyczaj wykonany z wysokowytrzyma\u0142ej stali lub aluminium, wytrzymuje du\u017ce ci\u015bnienie i obci\u0105\u017cenia, jest przystosowany do trudnych warunk\u00f3w pracy oraz zaprojektowany z my\u015bl\u0105 o odporno\u015bci na zu\u017cycie i korozj\u0119, co wyd\u0142u\u017ca jego \u017cywotno\u015b\u0107.<\/li>\n<li>Wydajna praca uk\u0142adu hydraulicznego: Wykorzystuj\u0105c ci\u015bnienie oleju hydraulicznego w celu uzyskania p\u0142ynnego rozszerzania i kurczenia, uk\u0142ad mo\u017ce szybko reagowa\u0107 na polecenia steruj\u0105ce, zapewnia\u0107 du\u017ce si\u0142y pchania i ci\u0105gni\u0119cia oraz nadaje si\u0119 do obs\u0142ugi du\u017cych obci\u0105\u017ce\u0144 i skomplikowanych zada\u0144 operacyjnych.<\/li>\n<li>R\u00f3\u017cnorodne typy: W zale\u017cno\u015bci od potrzeb, mo\u017cna wybra\u0107 si\u0142owniki jednostronnego dzia\u0142ania (hydrauliczne dzia\u0142aj\u0105ce tylko w jednym kierunku) lub dwustronnego dzia\u0142ania (hydrauliczne dzia\u0142aj\u0105ce w dw\u00f3ch kierunkach). Niekt\u00f3re modele s\u0105 teleskopowe, co pozwala na wi\u0119ksz\u0105 rozbudow\u0119 bez zwi\u0119kszania wymiar\u00f3w zewn\u0119trznych, co jest odpowiednie do zastosowa\u0144 w ograniczonej przestrzeni.<\/li>\n<li>\u0141atwa wymiana: Nasz produkt doskonale zast\u0119puje te cylindry hydrauliczne.<\/li>\n<\/ul>\n<p><img decoding=\"async\" src=\"https:\/\/www.hydraulic-cylinders.net\/wp-content\/uploads\/2025\/01\/songte-cylinder-head-with-all-kinds-excavator-models.webp\"><\/p>\n<h2>Aplikacje<\/h2>\n<p>Cylindry kube\u0142kowe s\u0105 szeroko stosowane w r\u00f3\u017cnych ga\u0142\u0119ziach przemys\u0142u, takich jak budownictwo, rolnictwo i g\u00f3rnictwo. Oto kilka typowych zastosowa\u0144:<\/p>\n<ul>\n<li>Sprz\u0119t budowlany: W koparkach s\u0105 one niezb\u0119dne do kopania, za\u0142adunku i przemieszczania ziemi lub gruzu. W koparko-\u0142adowarkach cylindry \u0142y\u017cki u\u0142atwiaj\u0105 zar\u00f3wno kopanie, jak i podnoszenie. <\/li>\n<li>Maszyny rolnicze: Stosowane w \u0142adowarkach czo\u0142owych do nabierania, podnoszenia i transportu gleby, siana i innych materia\u0142\u00f3w. <\/li>\n<li>Koparki: Cylindry \u0142y\u017cki umo\u017cliwiaj\u0105 wykopywanie poprzez umo\u017cliwienie \u0142y\u017cce zag\u0142\u0119biania si\u0119 w gleb\u0119. <\/li>\n<li>\u0141adowarki: W \u0142adowarkach czo\u0142owych pomagaj\u0105 skutecznie podnosi\u0107 i roz\u0142adowywa\u0107 towary. <\/li>\n<\/ul>\n<h2>Zagadnienia projektowe i kryteria wyboru<\/h2>\n<p>Przy wyborze cylindra kube\u0142kowego nale\u017cy wzi\u0105\u0107 pod uwag\u0119 nast\u0119puj\u0105ce kwestie konstrukcyjne i kryteria wyboru:<\/p>\n<ul>\n<li>No\u015bno\u015b\u0107: Nale\u017cy upewni\u0107 si\u0119, \u017ce cylinder wytrzyma ci\u0119\u017car podtrzymywanego \u0142adunku.<\/li>\n<li>Uszczelnienie: R\u00f3\u017cne elementy uszczelniaj\u0105ce, takie jak uszczelki t\u0142oka, uszczelki t\u0142oczyska itp., powinny zapewni\u0107 szczelno\u015b\u0107 cylindra i zapobiec wyciekom p\u0142ynu hydraulicznego. <\/li>\n<li>Trwa\u0142o\u015b\u0107: Aby przed\u0142u\u017cy\u0107 \u017cywotno\u015b\u0107 cylindra, nale\u017cy wzi\u0105\u0107 pod uwag\u0119 materia\u0142, z kt\u00f3rego wykonany jest cylindr, oraz jego odporno\u015b\u0107 na zu\u017cycie i korozj\u0119.<\/li>\n<li>Bezpiecze\u0144stwo: Nale\u017cy upewni\u0107 si\u0119, \u017ce cylinder jest bezpieczny w u\u017cyciu i \u017ce wytrzyma ewentualne wypadki, takie jak przeci\u0105\u017cenie, drgania itp.<\/li>\n<li>\u0141atwo\u015b\u0107 konserwacji: Nale\u017cy upewni\u0107 si\u0119, \u017ce cylinder jest \u0142atwy w konserwacji i naprawie, a jego cz\u0119\u015bci s\u0105 \u0142atwo dost\u0119pne.<\/li>\n<\/ul>\n<p><img decoding=\"async\" src=\"https:\/\/www.hydraulic-cylinders.net\/wp-content\/uploads\/2025\/01\/songte-oil-pipes-and-spare-parts.webp\"><\/p>\n<h2>Uszczelnianie i smarowanie<\/h2>\n<p>W cylindrach kube\u0142kowych stosuje si\u0119 r\u00f3\u017cne elementy uszczelniaj\u0105ce, takie jak uszczelnienia t\u0142oka, uszczelnienia t\u0142oczyska itp., aby zapewni\u0107 szczelno\u015b\u0107 cylindra i zapobiec wyciekom p\u0142ynu hydraulicznego. Elementy uszczelniaj\u0105ce wykonane s\u0105 z materia\u0142\u00f3w odpornych na zu\u017cycie, takich jak poliuretan i kauczuk nitrylowy. Korpus cylindra i gwintowane powierzchnie ko\u0144cowe poddawane s\u0105 precyzyjnej obr\u00f3bce w celu zwi\u0119kszenia odporno\u015bci na zu\u017cycie. Regularne uzupe\u0142nianie odpowiedniej ilo\u015bci oleju hydraulicznego w celu smarowania jest niezwykle istotne.<\/p>\n<h2>Konserwacja i \u015brodki ostro\u017cno\u015bci<\/h2>\n<p>Regularne przegl\u0105dy i konserwacja zapobiegawcza s\u0105 niezb\u0119dne dla zapewnienia d\u0142u\u017cszej \u017cywotno\u015bci si\u0142ownika \u0142y\u017cki. Oto kilka typowych czynno\u015bci konserwacyjnych:<\/p>\n<ul>\n<li>Regularna kontrola<\/li>\n<li>Prawid\u0142owe smarowanie<\/li>\n<li>Wymiana uszczelki i kontrola kalibracji<\/li>\n<\/ul>\n<p>Podczas monta\u017cu, kluczowe jest zapewnienie prawid\u0142owych instrukcji dotycz\u0105cych ustawienia cylindra. Zaleca si\u0119 u\u017cycie odpowiednich wspornik\u00f3w monta\u017cowych do zamocowania cylindra. Sugerujemy r\u00f3wnie\u017c stosowanie zalecanych procedur kontroli, naprawy i wymiany, aby wyd\u0142u\u017cy\u0107 \u017cywotno\u015b\u0107 cylindra.<\/p>\n<p><img decoding=\"async\" src=\"https:\/\/www.hydraulic-cylinders.net\/wp-content\/uploads\/2025\/01\/songte-chushion-collar.webp\"><\/p>\n<h2>Bezpiecze\u0144stwo i wzgl\u0119dy \u015brodowiskowe<\/h2>\n<p>Podczas u\u017cytkowania cylindr\u00f3w kube\u0142kowych nale\u017cy bezwzgl\u0119dnie przestrzega\u0107 \u015brodk\u00f3w bezpiecze\u0144stwa, aby unikn\u0105\u0107 potencjalnych zagro\u017ce\u0144, takich jak przeci\u0105\u017cenie, wibracje itp. Czynniki \u015brodowiskowe, takie jak nara\u017cenie na kurz i wysokie temperatury, r\u00f3wnie\u017c mog\u0105 wp\u0142ywa\u0107 na wydajno\u015b\u0107 cylindra. Dlatego konieczne jest utrzymanie czystego i bezpiecznego \u015brodowiska pracy.<\/p>\n<h2>Diagnostyka awarii i rozwi\u0105zywanie problem\u00f3w<\/h2>\n<p>Oto kilka typowych problem\u00f3w, kt\u00f3re mog\u0105 wyst\u0105pi\u0107 podczas u\u017cytkowania cylindra kube\u0142kowego:<\/p>\n<ul>\n<li>Wyciek p\u0142ynu hydraulicznego<\/li>\n<li>Trudno\u015bci w poruszaniu t\u0142okiem<\/li>\n<li>Ha\u0142as podczas pracy<\/li>\n<\/ul>\n<p>Aby rozwi\u0105za\u0107 te problemy, konieczna jest kontrola uszczelek cylindra, t\u0142oka i innych element\u00f3w. Regularne czyszczenie i odpowiednie smarowanie mo\u017ce pom\u00f3c zapobiec tym problemom.<\/p>\n<p><img decoding=\"async\" src=\"https:\/\/www.hydraulic-cylinders.net\/wp-content\/uploads\/2025\/01\/songte-bushings-with-all-kinds-of-excavator-models.webp\"><\/p>\n<h2>O naszej firmie<\/h2>\n<p>Jeste\u015bmy producentem zamiennych cylindr\u00f3w hydraulicznych z pe\u0142n\u0105 ofert\u0105 produkt\u00f3w i stali\u015bmy si\u0119 jednym z wiod\u0105cych producent\u00f3w i hurtowych dystrybutor\u00f3w cylindr\u00f3w hydraulicznych na rynku krajowym i mi\u0119dzynarodowym. Przestrzegamy zasady doskona\u0142ej jako\u015bci i opieramy si\u0119 na strategii zarz\u0105dzania produkcj\u0105 przemys\u0142ow\u0105 w zaawansowanym warsztacie produkcyjnym. Dzi\u0119ki wykorzystaniu talent\u00f3w technologicznych, cyfrowego, zaawansowanego sprz\u0119tu produkcyjnego i profesjonalnych system\u00f3w testowych, stale udoskonalamy platform\u0119 produkcyjn\u0105 warsztatu, podnosimy jako\u015b\u0107 linii produkcyjnej i dysponujemy silnym potencja\u0142em kreatywnym. Naszym celem jest zaspokojenie zr\u00f3\u017cnicowanych potrzeb klient\u00f3w dzi\u0119ki wysokiej wydajno\u015bci, precyzji i zasadom jako\u015bci.<\/p>\n<p><img decoding=\"async\" src=\"https:\/\/hzpt.com\/wp-content\/uploads\/2024\/11\/songte-company-1.webp\"><\/p>\n<h2>Profesjonalizm<\/h2>\n<p>Mamy zesp\u00f3\u0142 profesjonalist\u00f3w, kt\u00f3rzy mog\u0105 zapewni\u0107 wsparcie techniczne i us\u0142ugi dostosowane do indywidualnych potrzeb klient\u00f3w.<\/p>\n<h2>Mi\u0119dzynarodowa Certyfikacja<\/h2>\n<p>Nasze produkty posiadaj\u0105 mi\u0119dzynarodowe certyfikaty, takie jak ISO9001, CE i SGS.<\/p>\n<h2>Us\u0142ugi dostosowane do indywidualnych potrzeb<\/h2>\n<p>Oferujemy us\u0142ugi dostosowane do r\u00f3\u017cnych wymaga\u0144, w tym dotycz\u0105cych materia\u0142u, rozmiaru i innych specyfikacji.<\/p>\n<h2>Sprz\u0119t produkcyjny<\/h2>\n<p>Wykorzystujemy najnowocze\u015bniejszy sprz\u0119t produkcyjny, aby zagwarantowa\u0107 jako\u015b\u0107 produktu i wydajno\u015b\u0107 produkcji.<\/p>\n<h2>Serwis posprzeda\u017cowy<\/h2>\n<p>Zapewniamy kompleksowy serwis posprzeda\u017cowy, obejmuj\u0105cy konserwacj\u0119, naprawy i wymian\u0119 cz\u0119\u015bci, aby pom\u00f3c klientom zachowa\u0107 doskona\u0142\u0105 wydajno\u015b\u0107 cylindra hydraulicznego.<\/p>\n<h4>Autor: lyl<\/h4>","protected":false},"excerpt":{"rendered":"<p>Bucket Cylinder For Doosan Large Excavator DX500LC Introduction A bucket cylinder for Doosan large excavator DX500LC is a specially designed hydraulic cylinder that mainly controls the movement of the bucket in heavy machinery such as excavators, backhoe excavators, and front loaders. Its primary function is to enable the bucket to lift, lower, and tilt, making [&hellip;]<\/p>","protected":false},"featured_media":14778,"comment_status":"open","ping_status":"closed","template":"","meta":{"_et_pb_use_builder":"","_et_pb_old_content":"","_et_gb_content_width":""},"product_brand":[],"product_cat":[1494],"product_tag":[1495,1496],"class_list":{"0":"post-15289","1":"product","2":"type-product","3":"status-publish","4":"has-post-thumbnail","6":"product_cat-bucket-cylinders","7":"product_tag-bucket-cylinders","8":"product_tag-hydraulic-cylinders","10":"first","11":"instock","12":"shipping-taxable","13":"product-type-simple"},"amp_enabled":true,"_links":{"self":[{"href":"https:\/\/www.hydraulic-cylinders.net\/pl\/wp-json\/wp\/v2\/product\/15289","targetHints":{"allow":["GET"]}}],"collection":[{"href":"https:\/\/www.hydraulic-cylinders.net\/pl\/wp-json\/wp\/v2\/product"}],"about":[{"href":"https:\/\/www.hydraulic-cylinders.net\/pl\/wp-json\/wp\/v2\/types\/product"}],"replies":[{"embeddable":true,"href":"https:\/\/www.hydraulic-cylinders.net\/pl\/wp-json\/wp\/v2\/comments?post=15289"}],"wp:featuredmedia":[{"embeddable":true,"href":"https:\/\/www.hydraulic-cylinders.net\/pl\/wp-json\/wp\/v2\/media\/14778"}],"wp:attachment":[{"href":"https:\/\/www.hydraulic-cylinders.net\/pl\/wp-json\/wp\/v2\/media?parent=15289"}],"wp:term":[{"taxonomy":"product_brand","embeddable":true,"href":"https:\/\/www.hydraulic-cylinders.net\/pl\/wp-json\/wp\/v2\/product_brand?post=15289"},{"taxonomy":"product_cat","embeddable":true,"href":"https:\/\/www.hydraulic-cylinders.net\/pl\/wp-json\/wp\/v2\/product_cat?post=15289"},{"taxonomy":"product_tag","embeddable":true,"href":"https:\/\/www.hydraulic-cylinders.net\/pl\/wp-json\/wp\/v2\/product_tag?post=15289"}],"curies":[{"name":"wp","href":"https:\/\/api.w.org\/{rel}","templated":true}]}}