{"id":15298,"date":"2025-01-19T14:21:17","date_gmt":"2025-01-19T14:21:17","guid":{"rendered":"https:\/\/www.hydraulic-cylinders.net\/product\/bucket-cylinder-for-doosan-large-excavator-dx380lc\/"},"modified":"2025-01-19T14:21:19","modified_gmt":"2025-01-19T14:21:19","slug":"bucket-cylinder-for-doosan-large-excavator-dx380lc","status":"publish","type":"product","link":"https:\/\/www.hydraulic-cylinders.net\/pl\/produkt\/bucket-cylinder-for-doosan-large-excavator-dx380lc\/","title":{"rendered":"Si\u0142ownik \u0142y\u017cki do du\u017cej koparki Doosan DX380LC"},"content":{"rendered":"<h2>Wst\u0119p<\/h2>\n<h3>Definicja cylindra \u0142y\u017cki do du\u017cej koparki Doosan DX380LC<\/h3>\n<p>Si\u0142ownik \u0142y\u017cki do koparki Doosan DX380LC to specjalistyczny si\u0142ownik hydrauliczny przeznaczony do sterowania ruchem \u0142y\u017cki w ci\u0119\u017ckich maszynach, takich jak koparki, koparko-\u0142adowarki i \u0142adowarki czo\u0142owe. Jego g\u0142\u00f3wn\u0105 funkcj\u0105 jest podnoszenie, opuszczanie i przechylanie \u0142y\u017cki, u\u0142atwiaj\u0105c wykonywanie r\u00f3\u017cnych zada\u0144 zwi\u0105zanych z prze\u0142adunkiem materia\u0142\u00f3w. W uk\u0142adzie hydraulicznym si\u0142ownik \u0142y\u017cki zapewnia precyzyjn\u0105 kontrol\u0119 nad \u0142y\u017ck\u0105 poprzez zmiany ci\u015bnienia oleju hydraulicznego, umo\u017cliwiaj\u0105c operatorom wydajne przenoszenie ci\u0119\u017ckich \u0142adunk\u00f3w i dostosowywanie si\u0119 do z\u0142o\u017conych warunk\u00f3w pracy oraz zr\u00f3\u017cnicowanych wymaga\u0144.<\/p>\n<p><img decoding=\"async\" src=\"https:\/\/www.hydraulic-cylinders.net\/wp-content\/uploads\/2025\/01\/songte-company-2.webp\" alt=\"Si\u0142ownik \u0142y\u017cki do du\u017cej koparki Doosan DX380LC\"><\/p>\n<h2>Cechy produktu<\/h2>\n<h3>Wysoka wytrzyma\u0142o\u015b\u0107 i trwa\u0142o\u015b\u0107<\/h3>\n<p>Si\u0142ownik \u0142y\u017cki do koparki Doosan DX380LC jest zazwyczaj wykonany z wysokowytrzyma\u0142ej stali lub aluminium i wytrzymuje wysokie ci\u015bnienia i obci\u0105\u017cenia, dostosowuj\u0105c si\u0119 do trudnych warunk\u00f3w pracy. Konstrukcja si\u0142ownika uwzgl\u0119dnia odporno\u015b\u0107 na zu\u017cycie i korozj\u0119, aby wyd\u0142u\u017cy\u0107 jego \u017cywotno\u015b\u0107.<\/p>\n<h3>Wydajna praca uk\u0142adu hydraulicznego<\/h3>\n<p>Si\u0142ownik \u0142y\u017cki do du\u017cej koparki Doosan DX380LC wykorzystuje ci\u015bnienie oleju hydraulicznego w celu zapewnienia p\u0142ynnych ruch\u00f3w wysuwania i kurczenia, co pozwala na szybk\u0105 reakcj\u0119 na polecenia i zapewnia du\u017c\u0105 si\u0142\u0119 pchania i ci\u0105gni\u0119cia, dzi\u0119ki czemu nadaje si\u0119 do podnoszenia ci\u0119\u017ckich \u0142adunk\u00f3w i wykonywania skomplikowanych zada\u0144.<\/p>\n<h3>R\u00f3\u017cne typy<\/h3>\n<p>Si\u0142ownik \u0142y\u017cki do du\u017cej koparki Doosan DX380LC jest dost\u0119pny w wersji jednostronnego dzia\u0142ania (hydrauliczny w jednym kierunku) lub dwustronnego dzia\u0142ania (hydrauliczny w dw\u00f3ch kierunkach), aby spe\u0142ni\u0107 r\u00f3\u017cne wymagania eksploatacyjne. Niekt\u00f3re modele s\u0105 teleskopowe, co pozwala na wi\u0119ksze wysuni\u0119cie bez zwi\u0119kszania rozmiaru zewn\u0119trznego, dzi\u0119ki czemu nadaj\u0105 si\u0119 do zastosowa\u0144 w ograniczonej przestrzeni.<\/p>\n<h3>Dost\u0119pno\u015b\u0107 do produkcji<\/h3>\n<p>Mo\u017cemy wyprodukowa\u0107 si\u0142ownik \u0142y\u017cki do du\u017cej koparki Doosan DX380LC, a nasz produkt mo\u017ce doskonale zast\u0105pi\u0107 te si\u0142owniki hydrauliczne.<\/p>\n<p><img decoding=\"async\" src=\"https:\/\/www.hydraulic-cylinders.net\/wp-content\/uploads\/2025\/01\/songte-cylinder-head-with-all-kinds-excavator-models.webp\" alt=\"Si\u0142ownik \u0142y\u017cki do du\u017cej koparki Doosan DX380LC\"><\/p>\n<h2>Aplikacje<\/h2>\n<p>Si\u0142ownik \u0142y\u017cki do du\u017cej koparki Doosan DX380LC jest stosowany w r\u00f3\u017cnych urz\u0105dzeniach, takich jak:<\/p>\n<ul>\n<li>Sprz\u0119t budowlany: W koparkach s\u0105 one niezb\u0119dne do kopania, za\u0142adunku i przemieszczania gleby lub gruzu. W koparko-\u0142adowarkach si\u0142ownik \u0142y\u017cki wspomaga kopanie i podnoszenie. <\/li>\n<li>Maszyny rolnicze: Stosowane w \u0142adowarkach czo\u0142owych do nabierania, podnoszenia i transportu gleby, siana i innych materia\u0142\u00f3w.<\/li>\n<li>Koparki: Cylinder \u0142y\u017cki umo\u017cliwia ruch wykopu poprzez umo\u017cliwienie \u0142y\u017cce zag\u0142\u0119biania si\u0119 w gleb\u0119.<\/li>\n<li>\u0141adowarki: W \u0142adowarkach czo\u0142owych pomagaj\u0105 w efektywnym podnoszeniu i przechylaniu towar\u00f3w.<\/li>\n<\/ul>\n<p>Przyjrzyjmy si\u0119 bli\u017cej ka\u017cdemu zastosowaniu:<\/p>\n<h3>Sprz\u0119t budowlany<\/h3>\n<p>W koparkach, si\u0142ownik \u0142y\u017cki do du\u017cej koparki Doosan DX380LC ma kluczowe znaczenie podczas kopania, za\u0142adunku i przemieszczania gleby lub gruzu. Zapewnia on niezb\u0119dn\u0105 si\u0142\u0119 do podnoszenia, opuszczania i przechylania \u0142y\u017cki, u\u0142atwiaj\u0105c operatorowi maszyny wykonywanie tych zada\u0144. W koparko-\u0142adowarkach si\u0142ownik \u0142y\u017cki wspomaga kopanie i podnoszenie. Umo\u017cliwia \u0142y\u017cce penetracj\u0119 gleby i efektywne podnoszenie \u0142adunku.<\/p>\n<h3>Maszyny rolnicze<\/h3>\n<p>Si\u0142ownik \u0142y\u017cki do du\u017cej koparki Doosan DX380LC jest stosowany w \u0142adowarkach czo\u0142owych do nabierania, podnoszenia i transportu gleby, siana i innych materia\u0142\u00f3w. P\u0142ynne ruchy si\u0142ownika \u0142y\u017cki, polegaj\u0105ce na jego wysuwaniu i kurczeniu, umo\u017cliwiaj\u0105 operatorom maszyn rolniczych \u0142atwe podnoszenie i transport ci\u0119\u017ckich \u0142adunk\u00f3w.<\/p>\n<h3>Koparki<\/h3>\n<p>W koparkach si\u0142ownik \u0142y\u017cki umo\u017cliwia ruch koparki, umo\u017cliwiaj\u0105c jej zag\u0142\u0119bianie si\u0119 w gleb\u0119. Zapewnia on si\u0142\u0119 niezb\u0119dn\u0105 do podnoszenia, opuszczania i przechylania \u0142y\u017cki, u\u0142atwiaj\u0105c operatorowi maszyny wykonywanie tych zada\u0144.<\/p>\n<h3>\u0141adowarki<\/h3>\n<p>W \u0142adowarkach czo\u0142owych si\u0142ownik \u0142y\u017cki do koparki Doosan DX380LC wspomaga efektywne podnoszenie i przechylanie \u0142adunk\u00f3w. Umo\u017cliwia operatorowi podnoszenie ci\u0119\u017ckich \u0142adunk\u00f3w i przemieszczanie ich do miejsca przeznaczenia, zapewniaj\u0105c si\u0142\u0119 niezb\u0119dn\u0105 do podnoszenia i przechylania.<\/p>\n<h2>Zagadnienia projektowe i kryteria wyboru<\/h2>\n<p>Istnieje kilka kluczowych kwestii projektowych dotycz\u0105cych cylindra \u0142y\u017cki do du\u017cej koparki Doosan DX380LC:<\/p>\n<h3>No\u015bno\u015b\u0107<\/h3>\n<p>Si\u0142ownik \u0142y\u017cki do du\u017cej koparki Doosan DX380LC zosta\u0142 zaprojektowany do pracy pod wysokim ci\u015bnieniem i przy du\u017cych obci\u0105\u017ceniach. W zwi\u0105zku z tym musi by\u0107 w stanie wytrzyma\u0107 si\u0142y wymagane do wykonania danego zadania.<\/p>\n<h3>Opiecz\u0119towanie<\/h3>\n<p>Si\u0142ownik \u0142y\u017cki do du\u017cej koparki Doosan DX380LC wykorzystuje r\u00f3\u017cnorodne uszczelnienia, takie jak uszczelnienia t\u0142oka, uszczelnienia t\u0142oczyska itp., wykonane z materia\u0142\u00f3w odpornych na zu\u017cycie, takich jak poliuretan i kauczuk nitrylowy. Korpus cylindra i powierzchnie gwintowane s\u0105 precyzyjnie obrobione, aby zwi\u0119kszy\u0107 odporno\u015b\u0107 na zu\u017cycie. Si\u0142ownik wymaga regularnego smarowania olejem hydraulicznym, aby zapewni\u0107 jego prawid\u0142owe funkcjonowanie i wyd\u0142u\u017cy\u0107 \u017cywotno\u015b\u0107.<\/p>\n<h3>Trwa\u0142o\u015b\u0107<\/h3>\n<p>Si\u0142ownik \u0142y\u017cki do du\u017cej koparki Doosan DX380LC zosta\u0142 zaprojektowany z my\u015bl\u0105 o trwa\u0142o\u015bci, odporno\u015bci na zu\u017cycie i korozj\u0119. Jest w stanie wytrzyma\u0107 trudne warunki pracy i zachowa\u0107 swoj\u0105 funkcjonalno\u015b\u0107 przez d\u0142ugi czas.<\/p>\n<h3>Bezpiecze\u0144stwo<\/h3>\n<p>Si\u0142ownik \u0142y\u017cki do du\u017cej koparki Doosan DX380LC musi by\u0107 zaprojektowany z my\u015bl\u0105 o bezpiecze\u0144stwie, z uwzgl\u0119dnieniem spe\u0142nienia wszystkich wymog\u00f3w bezpiecze\u0144stwa i zapobiegania potencjalnym wypadkom podczas pracy.<\/p>\n<h3>Utrzymywalno\u015b\u0107<\/h3>\n<p>Si\u0142ownik \u0142y\u017cki do du\u017cej koparki Doosan DX380LC musi by\u0107 zaprojektowany z my\u015bl\u0105 o \u0142atwej konserwacji, aby mo\u017cna by\u0142o go regularnie sprawdza\u0107 i naprawia\u0107 w razie potrzeby, co skr\u00f3ci przestoje i zwi\u0119kszy wydajno\u015b\u0107.<\/p>\n<p><img decoding=\"async\" src=\"https:\/\/www.hydraulic-cylinders.net\/wp-content\/uploads\/2025\/01\/songte-oil-pipes-and-spare-parts.webp\" alt=\"Si\u0142ownik \u0142y\u017cki do du\u017cej koparki Doosan DX380LC\"><\/p>\n<h2>Uszczelnianie i smarowanie<\/h2>\n<p>Si\u0142ownik \u0142y\u017cki do du\u017cej koparki Doosan DX380LC wykorzystuje r\u00f3\u017cnorodne uszczelnienia, takie jak uszczelnienia t\u0142oka, uszczelnienia t\u0142oczyska itp., wykonane z materia\u0142\u00f3w odpornych na zu\u017cycie, takich jak poliuretan i kauczuk nitrylowy. Korpus cylindra i powierzchnie gwintowane s\u0105 precyzyjnie obrobione, aby zwi\u0119kszy\u0107 odporno\u015b\u0107 na zu\u017cycie. Zalecamy regularne smarowanie cylindra olejem hydraulicznym, aby zapewni\u0107 jego prawid\u0142owe funkcjonowanie i wyd\u0142u\u017cy\u0107 \u017cywotno\u015b\u0107.<\/p>\n<h2>Regularne kontrole i konserwacja zapobiegawcza<\/h2>\n<p>Zalecamy regularne przegl\u0105dy i konserwacj\u0119 zapobiegawcz\u0105, aby utrzyma\u0107 si\u0142ownik \u0142y\u017cki do du\u017cej koparki Doosan DX380LC w optymalnym stanie technicznym. Zadania te obejmuj\u0105:<\/p>\n<ul>\n<li>Regularne smarowanie<\/li>\n<li>Wymiana uszczelki<\/li>\n<li>Kontrola kalibracji<\/li>\n<\/ul>\n<p>Prawid\u0142owy monta\u017c, smarowanie i regulacja si\u0142ownika \u0142y\u017cki do du\u017cej koparki Doosan DX380LC jest niezwykle wa\u017cne. Zalecamy prawid\u0142owe ustawienie si\u0142ownika podczas monta\u017cu i u\u017cycie odpowiednich wspornik\u00f3w monta\u017cowych w celu jego zabezpieczenia. Zalecamy r\u00f3wnie\u017c przestrzeganie naszych procedur kontroli, naprawy i wymiany, aby wyd\u0142u\u017cy\u0107 \u017cywotno\u015b\u0107 si\u0142ownika.<\/p>\n<p><img decoding=\"async\" src=\"https:\/\/www.hydraulic-cylinders.net\/wp-content\/uploads\/2025\/01\/songte-chushion-collar.webp\" alt=\"Si\u0142ownik \u0142y\u017cki do du\u017cej koparki Doosan DX380LC\"><\/p>\n<h2>Zagadnienia bezpiecze\u0144stwa i czynniki \u015brodowiskowe<\/h2>\n<p>Podczas u\u017cytkowania si\u0142ownika \u0142y\u017cki do du\u017cej koparki Doosan DX380LC nale\u017cy przestrzega\u0107 wszystkich procedur bezpiecze\u0144stwa, aby zapobiec wypadkom. Nale\u017cy r\u00f3wnie\u017c wzi\u0105\u0107 pod uwag\u0119 czynniki \u015brodowiskowe, takie jak w\u0142a\u015bciwa utylizacja zu\u017cytego oleju hydraulicznego i zapobieganie wyciekom oleju, kt\u00f3re mog\u0142yby zanieczy\u015bci\u0107 \u015brodowisko.<\/p>\n<h2>Rozwi\u0105zywanie problem\u00f3w i typowe problemy<\/h2>\n<p>Typowe problemy z si\u0142ownikiem \u0142y\u017cki do du\u017cej koparki Doosan DX380LC obejmuj\u0105 nieprawid\u0142owe rozci\u0105ganie i kurczenie, wyciek oleju oraz nietypowe d\u017awi\u0119ki. Problemy te mo\u017cna zdiagnozowa\u0107 i rozwi\u0105za\u0107, sprawdzaj\u0105c zu\u017cycie, zapewniaj\u0105c odpowiednie smarowanie i wymieniaj\u0105c zu\u017cyte uszczelki w razie potrzeby.<\/p>\n<p>Regularne kontrole i konserwacja zapobiegawcza mog\u0105 pom\u00f3c zminimalizowa\u0107 potencjalne problemy.<\/p>\n<p><img decoding=\"async\" src=\"https:\/\/www.hydraulic-cylinders.net\/wp-content\/uploads\/2025\/01\/songte-bushings-with-all-kinds-of-excavator-models.webp\" alt=\"Si\u0142ownik \u0142y\u017cki do du\u017cej koparki Doosan DX380LC\"><\/p>\n<h2>Przegl\u0105d firmy<\/h2>\n<p>Jeste\u015bmy producentem si\u0142ownik\u00f3w hydraulicznych, w tym si\u0142ownika \u0142y\u017cki do du\u017cej koparki Doosan DX380LC. Oferujemy pe\u0142n\u0105 gam\u0119 produkt\u00f3w i stali\u015bmy si\u0119 jednym z wiod\u0105cych producent\u00f3w i hurtowych dystrybutor\u00f3w si\u0142ownik\u00f3w hydraulicznych na rynku krajowym i mi\u0119dzynarodowym. Nasza strategia zarz\u0105dzania produkcj\u0105 opiera si\u0119 na doskona\u0142ej jako\u015bci, wykorzystaniu nowoczesnego warsztatu produkcyjnego, zatrudnianiu specjalist\u00f3w ds. technologii, zdigitalizowanego, wysokiej klasy sprz\u0119tu produkcyjnego oraz profesjonalnego systemu testowania, co pozwala nam stale ulepsza\u0107 nasz\u0105 platform\u0119 produkcyjn\u0105, podnosi\u0107 jako\u015b\u0107 produkt\u00f3w i zapewnia\u0107 wysoki poziom tw\u00f3rczy. Dok\u0142adamy wszelkich stara\u0144, aby sprosta\u0107 zr\u00f3\u017cnicowanym potrzebom klient\u00f3w, stosuj\u0105c zasady wysokiej wydajno\u015bci, precyzji i jako\u015bci.<\/p>\n<p>Oferujemy us\u0142ugi dostosowane do indywidualnych potrzeb, produkty wysokiej jako\u015bci oraz szeroki wyb\u00f3r sprz\u0119tu produkcyjnego. Zapewniamy r\u00f3wnie\u017c doskona\u0142\u0105 obs\u0142ug\u0119 posprzeda\u017cow\u0105, aby zagwarantowa\u0107 satysfakcj\u0119 klienta.<\/p>\n<p><img decoding=\"async\" src=\"https:\/\/hzpt.com\/wp-content\/uploads\/2024\/11\/songte-company-1.webp\" alt=\"Si\u0142ownik \u0142y\u017cki do du\u017cej koparki Doosan DX380LC\"><\/p>\n<p>Nasza firma posiada mi\u0119dzynarodowe certyfikaty i zapewnia profesjonalne, wysokiej jako\u015bci us\u0142ugi produkcyjne. Dysponujemy zespo\u0142em do\u015bwiadczonych specjalist\u00f3w, kt\u00f3rzy mog\u0105 dostarczy\u0107 rozwi\u0105zania dostosowane do indywidualnych potrzeb klienta. Oferujemy r\u00f3wnie\u017c konserwacj\u0119, naprawy i cz\u0119\u015bci zamienne do cylindr\u00f3w hydraulicznych.<\/p>\n<h2>Autor<\/h2>\n<p>Autor: lyl<\/p>","protected":false},"excerpt":{"rendered":"<p>Introduction Definition of Bucket Cylinder For Doosan Large Excavator DX380LC The Bucket Cylinder For Doosan Large Excavator DX380LC is a specialized hydraulic cylinder designed to control the movement of the bucket in heavy machinery such as excavators, backhoe loaders, and front-end loaders. Its main function is to enable the bucket to lift, lower, and tilt, [&hellip;]<\/p>","protected":false},"featured_media":14788,"comment_status":"open","ping_status":"closed","template":"","meta":{"_et_pb_use_builder":"","_et_pb_old_content":"","_et_gb_content_width":""},"product_brand":[],"product_cat":[1494],"product_tag":[1495,1496],"class_list":{"0":"post-15298","1":"product","2":"type-product","3":"status-publish","4":"has-post-thumbnail","6":"product_cat-bucket-cylinders","7":"product_tag-bucket-cylinders","8":"product_tag-hydraulic-cylinders","10":"first","11":"instock","12":"shipping-taxable","13":"product-type-simple"},"amp_enabled":true,"_links":{"self":[{"href":"https:\/\/www.hydraulic-cylinders.net\/pl\/wp-json\/wp\/v2\/product\/15298","targetHints":{"allow":["GET"]}}],"collection":[{"href":"https:\/\/www.hydraulic-cylinders.net\/pl\/wp-json\/wp\/v2\/product"}],"about":[{"href":"https:\/\/www.hydraulic-cylinders.net\/pl\/wp-json\/wp\/v2\/types\/product"}],"replies":[{"embeddable":true,"href":"https:\/\/www.hydraulic-cylinders.net\/pl\/wp-json\/wp\/v2\/comments?post=15298"}],"wp:featuredmedia":[{"embeddable":true,"href":"https:\/\/www.hydraulic-cylinders.net\/pl\/wp-json\/wp\/v2\/media\/14788"}],"wp:attachment":[{"href":"https:\/\/www.hydraulic-cylinders.net\/pl\/wp-json\/wp\/v2\/media?parent=15298"}],"wp:term":[{"taxonomy":"product_brand","embeddable":true,"href":"https:\/\/www.hydraulic-cylinders.net\/pl\/wp-json\/wp\/v2\/product_brand?post=15298"},{"taxonomy":"product_cat","embeddable":true,"href":"https:\/\/www.hydraulic-cylinders.net\/pl\/wp-json\/wp\/v2\/product_cat?post=15298"},{"taxonomy":"product_tag","embeddable":true,"href":"https:\/\/www.hydraulic-cylinders.net\/pl\/wp-json\/wp\/v2\/product_tag?post=15298"}],"curies":[{"name":"wp","href":"https:\/\/api.w.org\/{rel}","templated":true}]}}