{"id":15299,"date":"2025-01-19T14:21:21","date_gmt":"2025-01-19T14:21:21","guid":{"rendered":"https:\/\/www.hydraulic-cylinders.net\/product\/bucket-cylinder-for-doosan-large-excavator-dh300lc\/"},"modified":"2025-01-19T14:21:23","modified_gmt":"2025-01-19T14:21:23","slug":"bucket-cylinder-for-doosan-large-excavator-dh300lc","status":"publish","type":"product","link":"https:\/\/www.hydraulic-cylinders.net\/pl\/produkt\/bucket-cylinder-for-doosan-large-excavator-dh300lc\/","title":{"rendered":"Si\u0142ownik \u0142y\u017cki do du\u017cej koparki Doosan DH300LC"},"content":{"rendered":"<h1>Si\u0142ownik \u0142y\u017cki do du\u017cej koparki Doosan DH300LC<\/h1>\n<h2>Wst\u0119p<\/h2>\n<p>The Bucket Cylinder for Doosan Large Excavator DH300LC is a specially designed hydraulic cylinder used to control the movement of the bucket in heavy machinery such as excavators, backhoe excavators, and front-end loaders. Its main function is to enable the bucket to lift, lower, and tilt, making it easier to handle various material handling tasks. In the hydraulic system, the bucket cylinder achieves precise control of the bucket&#8217;s movement through changes in hydraulic oil pressure, enabling operators to efficiently handle heavy loads and adapt to complex work environments and diverse operational requirements.<\/p>\n<p><img decoding=\"async\" src=\"https:\/\/www.hydraulic-cylinders.net\/wp-content\/uploads\/2025\/01\/songte-company-2.webp\" alt=\"Si\u0142ownik \u0142y\u017cki do du\u017cej koparki Doosan DH300LC\"><\/p>\n<h2>Cechy<\/h2>\n<ul>\n<li>Wysoka wytrzyma\u0142o\u015b\u0107 i trwa\u0142o\u015b\u0107: Zazwyczaj wykonany z wysokowytrzyma\u0142ej stali lub aluminium, wytrzymuje wysokie ci\u015bnienie i du\u017ce obci\u0105\u017cenia, dostosowuj\u0105c si\u0119 do trudnych warunk\u00f3w pracy. Jego konstrukcja uwzgl\u0119dnia odporno\u015b\u0107 na zu\u017cycie i korozj\u0119, co wyd\u0142u\u017ca jego \u017cywotno\u015b\u0107.<\/li>\n<li>Wydajne dzia\u0142anie uk\u0142adu hydraulicznego: P\u0142ynne rozci\u0105ganie i kurczenie jest mo\u017cliwe dzi\u0119ki wykorzystaniu ci\u015bnienia oleju hydraulicznego. Uk\u0142ad szybko reaguje na polecenia steruj\u0105ce, zapewnia du\u017c\u0105 si\u0142\u0119 pchania i ci\u0105gni\u0119cia oraz nadaje si\u0119 do przenoszenia du\u017cych ci\u0119\u017car\u00f3w i wykonywania skomplikowanych operacji.<\/li>\n<li>R\u00f3\u017cnorodne typy: Si\u0142owniki jednostronnego dzia\u0142ania (hydraulicznie dzia\u0142aj\u0105ce tylko w jednym kierunku) lub dwustronnego dzia\u0142ania (hydraulicznie dzia\u0142aj\u0105ce w obu kierunkach) mo\u017cna dobra\u0107 w zale\u017cno\u015bci od potrzeb, aby spe\u0142ni\u0107 r\u00f3\u017cne wymagania operacyjne. Niekt\u00f3re modele s\u0105 teleskopowe, co pozwala na wi\u0119ksze wysuni\u0119cie bez zwi\u0119kszania wymiar\u00f3w zewn\u0119trznych, i nadaje si\u0119 do zastosowa\u0144 w ograniczonej przestrzeni.<\/li>\n<li>Mo\u017cemy wyprodukowa\u0107 je w naszej firmie: Nasze produkty doskonale zast\u0119puj\u0105 te cylindry hydrauliczne.<\/li>\n<\/ul>\n<p><img decoding=\"async\" src=\"https:\/\/www.hydraulic-cylinders.net\/wp-content\/uploads\/2025\/01\/songte-cylinder-head-with-all-kinds-excavator-models.webp\" alt=\"Si\u0142ownik \u0142y\u017cki do du\u017cej koparki Doosan DH300LC\"><\/p>\n<h2>Aplikacje<\/h2>\n<p>Si\u0142ownik \u0142y\u017cki do du\u017cej koparki Doosan DH300LC jest szeroko stosowany w r\u00f3\u017cnych ga\u0142\u0119ziach przemys\u0142u, w tym:<\/p>\n<ul>\n<li>Sprz\u0119t budowlany: W koparkach s\u0105 one niezb\u0119dne do kopania, za\u0142adunku i przemieszczania gleby lub gruzu. W koparko-\u0142adowarkach si\u0142ownik \u0142y\u017cki pomaga zar\u00f3wno w kopaniu, jak i podnoszeniu. <\/li>\n<li>Maszyny rolnicze: Stosowane na \u0142adowarkach czo\u0142owych do kopania, podnoszenia i transportu gleby, siana i innych materia\u0142\u00f3w. <\/li>\n<li>Koparki: Cylinder \u0142y\u017cki umo\u017cliwia kopanie poprzez umo\u017cliwienie \u0142y\u017cce wnikania w gleb\u0119. <\/li>\n<li>\u0141adowarki: W \u0142adowarkach czo\u0142owych pomagaj\u0105 skutecznie podnosi\u0107 i przechyla\u0107 towary. <\/li>\n<\/ul>\n<h2>Zagadnienia projektowe i kryteria wyboru<\/h2>\n<p>Przy projektowaniu cylindra \u0142y\u017cki do du\u017cej koparki Doosan DH300LC nale\u017cy wzi\u0105\u0107 pod uwag\u0119 nast\u0119puj\u0105ce kryteria i zagadnienia:<\/p>\n<ul>\n<li>No\u015bno\u015b\u0107: Cylinder musi by\u0107 w stanie wytrzyma\u0107 obci\u0105\u017cenie w trudnych warunkach pracy. <\/li>\n<li>Uszczelnienie: Aby zapobiec wyciekaniu p\u0142ynu hydraulicznego, stosuje si\u0119 r\u00f3\u017cne elementy uszczelniaj\u0105ce, takie jak uszczelki t\u0142okowe i uszczelki t\u0142oczyskowe. <\/li>\n<li>Durability: Materials such as high-strength steel or aluminum and coatings are used to extend the product&#8217;s life cycle. <\/li>\n<li>Bezpiecze\u0144stwo: W celu zagwarantowania bezpiecznej i niezawodnej pracy urz\u0105dzenia zastosowano takie elementy bezpiecze\u0144stwa jak zawory bezpiecze\u0144stwa. <\/li>\n<li>Konserwacja: \u0141atwe do wymiany podzespo\u0142y i proste procedury konserwacyjne pozwalaj\u0105 ograniczy\u0107 przestoje. <\/li>\n<\/ul>\n<p><img decoding=\"async\" src=\"https:\/\/www.hydraulic-cylinders.net\/wp-content\/uploads\/2025\/01\/songte-oil-pipes-and-spare-parts.webp\" alt=\"Si\u0142ownik \u0142y\u017cki do du\u017cej koparki Doosan DH300LC\"><\/p>\n<h2>Uszczelnianie i smarowanie<\/h2>\n<p>Si\u0142ownik \u0142y\u017cki do du\u017cej koparki Doosan DH300LC wymaga r\u00f3\u017cnych element\u00f3w uszczelniaj\u0105cych, takich jak uszczelnienia t\u0142oka i t\u0142oczyska, aby zapobiec wyciekom p\u0142ynu hydraulicznego. Do uszczelnie\u0144 zastosowano trwa\u0142e materia\u0142y, takie jak poliuretan i kauczuk nitrylowy, aby zapewni\u0107 odporno\u015b\u0107 na zu\u017cycie. Korpus si\u0142ownika i powierzchnia gwintowana s\u0105 precyzyjnie obrobione, aby zwi\u0119kszy\u0107 odporno\u015b\u0107 na zu\u017cycie. Regularne smarowanie olejem hydraulicznym jest niezb\u0119dne dla zapewnienia p\u0142ynnej pracy. <\/p>\n<h2>Konserwacja i naprawa<\/h2>\n<p>Zaleca si\u0119 wykonywanie nast\u0119puj\u0105cych prac konserwacyjnych i naprawczych:<\/p>\n<ul>\n<li>Regularna kontrola<\/li>\n<li>Okresowe smarowanie<\/li>\n<li>Wymiana uszczelki<\/li>\n<li>Kontrola kalibracji<\/li>\n<\/ul>\n<p>Prawid\u0142owy monta\u017c jest niezb\u0119dny dla zapewnienia prawid\u0142owego dzia\u0142ania. Zaleca si\u0119 stosowanie odpowiednich uchwyt\u00f3w monta\u017cowych do mocowania cylindra i zapewnienia prawid\u0142owego prowadzenia podczas jego wyr\u00f3wnywania. Regularne kontrole, naprawy i wymiana podzespo\u0142\u00f3w s\u0105 niezb\u0119dne dla wyd\u0142u\u017cenia \u017cywotno\u015bci cylindra. <\/p>\n<p><img decoding=\"async\" src=\"https:\/\/www.hydraulic-cylinders.net\/wp-content\/uploads\/2025\/01\/songte-chushion-collar.webp\" alt=\"Si\u0142ownik \u0142y\u017cki do du\u017cej koparki Doosan DH300LC\"><\/p>\n<h2>Bezpiecze\u0144stwo i wzgl\u0119dy \u015brodowiskowe<\/h2>\n<p>Podczas u\u017cytkowania si\u0142ownika \u0142y\u017cki do du\u017cej koparki Doosan DH300LC konieczne jest stosowanie \u015brodk\u00f3w bezpiecze\u0144stwa, takich jak noszenie sprz\u0119tu ochronnego i przestrzeganie prawid\u0142owych procedur obs\u0142ugi, aby zapobiec wypadkom i obra\u017ceniom. Dba\u0142o\u015b\u0107 o \u015brodowisko, taka jak prawid\u0142owa utylizacja zu\u017cytego oleju hydraulicznego, ma kluczowe znaczenie dla unikni\u0119cia zanieczyszczenia \u015brodowiska.<\/p>\n<h2>Typowe usterki i rozwi\u0105zywanie problem\u00f3w<\/h2>\n<p>Typowe usterki si\u0142ownika \u0142y\u017cki w du\u017cej koparce Doosan DH300LC to wycieki, niskie ci\u015bnienie i powolna praca. Poni\u017cej znajduj\u0105 si\u0119 wskaz\u00f3wki dotycz\u0105ce diagnozowania i rozwi\u0105zywania problem\u00f3w:<\/p>\n<ul>\n<li>Wyciek: Sprawd\u017a uszczelki i w razie potrzeby wymie\u0144 je. <\/li>\n<li>Niskie ci\u015bnienie: Sprawd\u017a uk\u0142ad hydrauliczny i cylinder pod k\u0105tem wyciek\u00f3w i zator\u00f3w. <\/li>\n<li>Powolna praca: Sprawd\u017a zaw\u00f3r hydrauliczny i szybko\u015b\u0107 przep\u0142ywu oleju hydraulicznego. <\/li>\n<\/ul>\n<p>\u015arodki zapobiegawcze, takie jak regularna konserwacja i przegl\u0105dy, mog\u0105 zminimalizowa\u0107 potencjalne problemy.<\/p>\n<p><img decoding=\"async\" src=\"https:\/\/www.hydraulic-cylinders.net\/wp-content\/uploads\/2025\/01\/songte-bushings-with-all-kinds-of-excavator-models.webp\" alt=\"Si\u0142ownik \u0142y\u017cki do du\u017cej koparki Doosan DH300LC\"><\/p>\n<h2>O naszej firmie<\/h2>\n<p>Jeste\u015bmy producentem cylindr\u00f3w hydraulicznych, specjalizuj\u0105cym si\u0119 w wymianie cylindr\u00f3w. Nasza firma oferuje pe\u0142n\u0105 gam\u0119 produkt\u00f3w i sta\u0142a si\u0119 jednym z wiod\u0105cych producent\u00f3w i hurtowych dystrybutor\u00f3w cylindr\u00f3w hydraulicznych na rynku krajowym i mi\u0119dzynarodowym. Przestrzegamy zasady doskona\u0142ej jako\u015bci, opieramy si\u0119 na strategii przemys\u0142owego zarz\u0105dzania produkcj\u0105 w naszym warsztacie produkcyjnym i stale ulepszamy platform\u0119 produkcyjn\u0105 poprzez wykorzystanie talent\u00f3w technologicznych, cyfrowego, zaawansowanego sprz\u0119tu produkcyjnego oraz profesjonalnych system\u00f3w testowych. Dysponujemy silnym potencja\u0142em kreatywnym i mo\u017cemy dostarcza\u0107 klientom wydajne, precyzyjne i wysokiej jako\u015bci produkty, spe\u0142niaj\u0105ce zr\u00f3\u017cnicowane potrzeby.<\/p>\n<h3>Profesjonalizm<\/h3>\n<p>Nasz zesp\u00f3\u0142 sk\u0142ada si\u0119 z profesjonalist\u00f3w, kt\u00f3rych celem jest dostarczanie klientom wysokiej jako\u015bci produkt\u00f3w i us\u0142ug.<\/p>\n<h3>Mi\u0119dzynarodowa Certyfikacja<\/h3>\n<p>Nasza firma uzyska\u0142a mi\u0119dzynarodowy certyfikat gwarantuj\u0105cy jako\u015b\u0107 naszych produkt\u00f3w.<\/p>\n<h3>Us\u0142ugi personalizacji<\/h3>\n<p>We offer customization services to meet customers&#8217; unique needs.<\/p>\n<h3>Sprz\u0119t produkcyjny<\/h3>\n<p>Dysponujemy zaawansowanym sprz\u0119tem produkcyjnym, co gwarantuje jako\u015b\u0107 i wydajno\u015b\u0107 produktu.<\/p>\n<h3>Us\u0142ugi posprzeda\u017cowe<\/h3>\n<p>Zapewniamy kompleksow\u0105 obs\u0142ug\u0119 posprzeda\u017cow\u0105, aby zagwarantowa\u0107 satysfakcj\u0119 klienta.<\/p>\n<p><img decoding=\"async\" src=\"https:\/\/hzpt.com\/wp-content\/uploads\/2024\/11\/songte-company-1.webp\" alt=\"Si\u0142ownik \u0142y\u017cki do du\u017cej koparki Doosan DH300LC\"><\/p>\n<p>Autor: lyl<\/p>","protected":false},"excerpt":{"rendered":"<p>Bucket Cylinder For Doosan Large Excavator DH300LC Introduction The Bucket Cylinder for Doosan Large Excavator DH300LC is a specially designed hydraulic cylinder used to control the movement of the bucket in heavy machinery such as excavators, backhoe excavators, and front-end loaders. Its main function is to enable the bucket to lift, lower, and tilt, making [&hellip;]<\/p>","protected":false},"featured_media":14787,"comment_status":"open","ping_status":"closed","template":"","meta":{"_et_pb_use_builder":"","_et_pb_old_content":"","_et_gb_content_width":""},"product_brand":[],"product_cat":[1494],"product_tag":[1495,1496],"class_list":{"0":"post-15299","1":"product","2":"type-product","3":"status-publish","4":"has-post-thumbnail","6":"product_cat-bucket-cylinders","7":"product_tag-bucket-cylinders","8":"product_tag-hydraulic-cylinders","10":"first","11":"instock","12":"shipping-taxable","13":"product-type-simple"},"amp_enabled":true,"_links":{"self":[{"href":"https:\/\/www.hydraulic-cylinders.net\/pl\/wp-json\/wp\/v2\/product\/15299","targetHints":{"allow":["GET"]}}],"collection":[{"href":"https:\/\/www.hydraulic-cylinders.net\/pl\/wp-json\/wp\/v2\/product"}],"about":[{"href":"https:\/\/www.hydraulic-cylinders.net\/pl\/wp-json\/wp\/v2\/types\/product"}],"replies":[{"embeddable":true,"href":"https:\/\/www.hydraulic-cylinders.net\/pl\/wp-json\/wp\/v2\/comments?post=15299"}],"wp:featuredmedia":[{"embeddable":true,"href":"https:\/\/www.hydraulic-cylinders.net\/pl\/wp-json\/wp\/v2\/media\/14787"}],"wp:attachment":[{"href":"https:\/\/www.hydraulic-cylinders.net\/pl\/wp-json\/wp\/v2\/media?parent=15299"}],"wp:term":[{"taxonomy":"product_brand","embeddable":true,"href":"https:\/\/www.hydraulic-cylinders.net\/pl\/wp-json\/wp\/v2\/product_brand?post=15299"},{"taxonomy":"product_cat","embeddable":true,"href":"https:\/\/www.hydraulic-cylinders.net\/pl\/wp-json\/wp\/v2\/product_cat?post=15299"},{"taxonomy":"product_tag","embeddable":true,"href":"https:\/\/www.hydraulic-cylinders.net\/pl\/wp-json\/wp\/v2\/product_tag?post=15299"}],"curies":[{"name":"wp","href":"https:\/\/api.w.org\/{rel}","templated":true}]}}