{"id":15300,"date":"2025-01-19T14:21:25","date_gmt":"2025-01-19T14:21:25","guid":{"rendered":"https:\/\/www.hydraulic-cylinders.net\/product\/bucket-cylinder-for-doosan-large-excavator-dh360\/"},"modified":"2025-01-19T14:21:27","modified_gmt":"2025-01-19T14:21:27","slug":"bucket-cylinder-for-doosan-large-excavator-dh360","status":"publish","type":"product","link":"https:\/\/www.hydraulic-cylinders.net\/pl\/produkt\/bucket-cylinder-for-doosan-large-excavator-dh360\/","title":{"rendered":"Si\u0142ownik \u0142y\u017cki do du\u017cej koparki Doosan DH360"},"content":{"rendered":"<p><!DOCTYPE html><br \/>\n<html><br \/>\n<head><br \/>\n  <title>Si\u0142ownik \u0142y\u017cki do du\u017cej koparki Doosan DH360<\/title><br \/>\n<\/head><br \/>\n<body><\/p>\n<h1>Si\u0142ownik \u0142y\u017cki do du\u017cej koparki Doosan DH360<\/h1>\n<h2>Wst\u0119p<\/h2>\n<p>Si\u0142ownik \u0142y\u017cki do du\u017cej koparki Doosan DH360 to specjalnie zaprojektowany si\u0142ownik hydrauliczny, kt\u00f3ry s\u0142u\u017cy g\u0142\u00f3wnie do sterowania ruchem \u0142y\u017cki w ci\u0119\u017ckich maszynach, takich jak koparki, koparko-\u0142adowarki i \u0142adowarki czo\u0142owe. Jego g\u0142\u00f3wn\u0105 funkcj\u0105 jest podnoszenie, opuszczanie i przechylanie \u0142y\u017cki, umo\u017cliwiaj\u0105c wydajne przenoszenie r\u00f3\u017cnych materia\u0142\u00f3w. W uk\u0142adzie hydraulicznym si\u0142ownik \u0142y\u017cki zapewnia precyzyjn\u0105 kontrol\u0119 nad \u0142y\u017ck\u0105, wykorzystuj\u0105c zmiany ci\u015bnienia oleju hydraulicznego, umo\u017cliwiaj\u0105c operatorom wydajne przenoszenie ci\u0119\u017ckich \u0142adunk\u00f3w i dostosowywanie si\u0119 do z\u0142o\u017conych warunk\u00f3w pracy oraz zr\u00f3\u017cnicowanych wymaga\u0144.<\/p>\n<p>  <img decoding=\"async\" src=\"https:\/\/www.hydraulic-cylinders.net\/wp-content\/uploads\/2025\/01\/songte-company-2.webp\" alt=\"Obraz produktu\"><\/p>\n<h2>Cechy<\/h2>\n<ul>\n<li>Wysoka wytrzyma\u0142o\u015b\u0107 i trwa\u0142o\u015b\u0107: Zazwyczaj wykonany z wysokowytrzyma\u0142ej stali lub aluminium, si\u0142ownik \u0142y\u017cki wytrzymuje wysokie ci\u015bnienie i du\u017ce obci\u0105\u017cenia, dostosowuj\u0105c si\u0119 do trudnych warunk\u00f3w pracy. Konstrukcja uwzgl\u0119dnia r\u00f3wnie\u017c odporno\u015b\u0107 na zu\u017cycie i korozj\u0119, aby wyd\u0142u\u017cy\u0107 jego \u017cywotno\u015b\u0107.<\/li>\n<li>Wydajna praca hydrauliczna: Wykorzystuj\u0105c ci\u015bnienie oleju hydraulicznego, si\u0142ownik \u0142y\u017cki zapewnia p\u0142ynne ruchy wysuwania i wsuwania, umo\u017cliwiaj\u0105c szybk\u0105 reakcj\u0119 na polecenia steruj\u0105ce i zapewniaj\u0105c du\u017c\u0105 si\u0142\u0119 pchania i ci\u0105gni\u0119cia. Nadaje si\u0119 do przenoszenia ci\u0119\u017ckich \u0142adunk\u00f3w i wykonywania skomplikowanych zada\u0144.<\/li>\n<li>R\u00f3\u017cne typy: Si\u0142ownik czerpakowy mo\u017ce by\u0107 jednostronnego dzia\u0142ania (si\u0142a hydrauliczna przyk\u0142adana tylko w jednym kierunku) lub dwustronnego dzia\u0142ania (si\u0142a hydrauliczna przyk\u0142adana w obu kierunkach), aby spe\u0142ni\u0107 r\u00f3\u017cne potrzeby operacyjne. Niekt\u00f3re modele s\u0105 teleskopowe, co pozwala na wi\u0119ksze wysuni\u0119cie bez zwi\u0119kszania wymiar\u00f3w zewn\u0119trznych, dzi\u0119ki czemu nadaj\u0105 si\u0119 do zastosowa\u0144 w ograniczonej przestrzeni.<\/li>\n<li>Idealna wymiana: Nasze produkty mog\u0105 idealnie zast\u0105pi\u0107 istniej\u0105ce cylindry hydrauliczne. <img decoding=\"async\" src=\"https:\/\/www.hydraulic-cylinders.net\/wp-content\/uploads\/2025\/01\/songte-cylinder-head-with-all-kinds-excavator-models.webp\" alt=\"Obraz zast\u0119pczy produktu\"><\/li>\n<\/ul>\n<h2>Aplikacje<\/h2>\n<ul>\n<li>Sprz\u0119t budowlany: Znajduj\u0105 si\u0119 w koparkach, odgrywaj\u0105 kluczow\u0105 rol\u0119 w wykopach, za\u0142adunku i transporcie materia\u0142\u00f3w.<\/li>\n<li>Maszyny rolnicze: Stosowane w \u0142adowarkach czo\u0142owych do nabierania, podnoszenia i transportu gleby, siana i innych materia\u0142\u00f3w.<\/li>\n<li>Koparki: Cylinder \u0142y\u017cki umo\u017cliwia wykonywanie prac wykopaliskowych, pozwalaj\u0105c \u0142y\u017cce na penetracj\u0119 gleby.<\/li>\n<li>\u0141adowarki: W \u0142adowarkach czo\u0142owych pomagaj\u0105 w wydajnym podnoszeniu i wysypywaniu towar\u00f3w.<\/li>\n<\/ul>\n<h2>Zagadnienia projektowe i kryteria wyboru<\/h2>\n<ul>\n<li>No\u015bno\u015b\u0107: Cylinder \u0142y\u017cki jest zaprojektowany tak, aby wytrzyma\u0107 okre\u015blon\u0105 no\u015bno\u015b\u0107.<\/li>\n<li>Uszczelnienie: Aby zapewni\u0107 prawid\u0142owe uszczelnienie, stosuje si\u0119 r\u00f3\u017cne uszczelnienia, takie jak uszczelnienia t\u0142okowe i t\u0142oczyskowe. Wykonane s\u0105 one z materia\u0142\u00f3w odpornych na zu\u017cycie, takich jak poliuretan i kauczuk nitrylowy.<\/li>\n<li>Trwa\u0142o\u015b\u0107: Korpus cylindra i gwintowane powierzchnie ko\u0144cowe s\u0105 precyzyjnie obrobione w celu zwi\u0119kszenia odporno\u015bci na zu\u017cycie.<\/li>\n<li>Bezpiecze\u0144stwo: W celu zapobiegania wypadkom i zapewnienia bezpiecze\u0144stwa operatora wdro\u017cono \u015brodki bezpiecze\u0144stwa.<\/li>\n<li>\u0141atwo\u015b\u0107 konserwacji: Cylinder czerpaka zaprojektowano w spos\u00f3b umo\u017cliwiaj\u0105cy \u0142atw\u0105 konserwacj\u0119 i napraw\u0119.<\/li>\n<\/ul>\n<p>  <img decoding=\"async\" src=\"https:\/\/www.hydraulic-cylinders.net\/wp-content\/uploads\/2025\/01\/songte-oil-pipes-and-spare-parts.webp\" alt=\"Obraz projektu produktu\"><\/p>\n<h2>Uszczelnianie i smarowanie<\/h2>\n<p>W cylindrze czerpakowym zastosowano r\u00f3\u017cnorodne uszczelnienia, takie jak uszczelnienia t\u0142oka i t\u0142oczyska, wykonane z materia\u0142\u00f3w odpornych na zu\u017cycie, takich jak poliuretan i kauczuk nitrylowy. Korpus cylindra i gwintowane powierzchnie ko\u0144cowe s\u0105 precyzyjnie obrobione w celu zwi\u0119kszenia odporno\u015bci na zu\u017cycie. Regularne smarowanie odpowiedni\u0105 ilo\u015bci\u0105 oleju hydraulicznego jest niezb\u0119dne do p\u0142ynnej pracy.<\/p>\n<h2>Regularne kontrole i konserwacja zapobiegawcza<\/h2>\n<ul>\n<li>Regularnie sprawdzaj cylinder \u0142y\u017cki pod k\u0105tem ewentualnych wyciek\u00f3w, uszkodze\u0144 lub zu\u017cycia.<\/li>\n<li>Zapewnij w\u0142a\u015bciwe smarowanie cylindra i jego podzespo\u0142\u00f3w.<\/li>\n<li>W razie konieczno\u015bci wymie\u0144 uszczelki, aby zachowa\u0107 odpowiedni\u0105 szczelno\u015b\u0107.<\/li>\n<li>Przeprowad\u017a kontrol\u0119 kalibracji, aby upewni\u0107 si\u0119, \u017ce cylinder \u0142y\u017cki dzia\u0142a prawid\u0142owo.<\/li>\n<\/ul>\n<h2>Prawid\u0142owe wytyczne dotycz\u0105ce instalacji produktu<\/h2>\n<p>Prawid\u0142owy monta\u017c si\u0142ownika \u0142y\u017cki jest niezb\u0119dny dla zapewnienia optymalnej wydajno\u015bci i trwa\u0142o\u015bci. Post\u0119puj zgodnie z poni\u017cszymi wskaz\u00f3wkami:<\/p>\n<ul>\n<li>Podczas monta\u017cu nale\u017cy prawid\u0142owo ustawi\u0107 cylinder.<\/li>\n<li>Do zabezpieczenia cylindra nale\u017cy u\u017cy\u0107 odpowiednich wspornik\u00f3w monta\u017cowych.<\/li>\n<li>Post\u0119puj zgodnie z zalecanymi procedurami kontroli, napraw i wymiany.<\/li>\n<li>Podaj wskaz\u00f3wki dotycz\u0105ce wyd\u0142u\u017cenia okresu u\u017cytkowania cylindra czerpakowego.<\/li>\n<\/ul>\n<p>  <img decoding=\"async\" src=\"https:\/\/www.hydraulic-cylinders.net\/wp-content\/uploads\/2025\/01\/songte-chushion-collar.webp\" alt=\"Obraz przewodnika instalacji\"><\/p>\n<h2>Zagadnienia bezpiecze\u0144stwa i czynniki \u015brodowiskowe<\/h2>\n<p>Podczas korzystania z cylindra czerpakowego wa\u017cne jest, aby priorytetowo traktowa\u0107 \u015brodki bezpiecze\u0144stwa, aby zapobiec wypadkom i zapewni\u0107 bezpieczne \u015brodowisko pracy.<\/p>\n<h2>Rozwi\u0105zywanie problem\u00f3w i typowe problemy<\/h2>\n<p>Identyfikuj potencjalne problemy i udzielaj wskaz\u00f3wek oraz rozwi\u0105za\u0144, aby skutecznie diagnozowa\u0107 i rozwi\u0105zywa\u0107 problemy. Podkre\u015blaj \u015brodki zapobiegawcze w celu minimalizacji potencjalnych problem\u00f3w.<\/p>\n<p>  <img decoding=\"async\" src=\"https:\/\/www.hydraulic-cylinders.net\/wp-content\/uploads\/2025\/01\/songte-bushings-with-all-kinds-of-excavator-models.webp\" alt=\"Rozwi\u0105zywanie problem\u00f3w z obrazem\"><\/p>\n<h2>O naszej firmie<\/h2>\n<p>Jeste\u015bmy producentem zamiennych cylindr\u00f3w hydraulicznych i jednym z wiod\u0105cych producent\u00f3w oraz dystrybutor\u00f3w hurtowych na rynku krajowym i mi\u0119dzynarodowym. Nasza firma koncentruje si\u0119 na doskona\u0142ej jako\u015bci i wykorzystuje zindustrializowane strategie zarz\u0105dzania produkcj\u0105 w naszym nowoczesnym zak\u0142adzie produkcyjnym. Dzi\u0119ki silnemu potencja\u0142owi tw\u00f3rczemu, zaspokajamy zr\u00f3\u017cnicowane potrzeby klient\u00f3w, kieruj\u0105c si\u0119 zasadami wydajno\u015bci, precyzji i wysokiej jako\u015bci.<\/p>\n<p>  <img decoding=\"async\" src=\"https:\/\/hzpt.com\/wp-content\/uploads\/2024\/11\/songte-company-1.webp\" alt=\"Wizerunek firmy\"><\/p>\n<h3>Profesjonalizm:<\/h3>\n<p>W produkcji cylindr\u00f3w hydraulicznych stosujemy si\u0119 do najwy\u017cszych standard\u00f3w profesjonalizmu i fachowo\u015bci.<\/p>\n<h3>Certyfikaty mi\u0119dzynarodowe:<\/h3>\n<p>Nasze produkty posiadaj\u0105 mi\u0119dzynarodowe certyfikaty, kt\u00f3re gwarantuj\u0105 ich jako\u015b\u0107 i niezawodno\u015b\u0107.<\/p>\n<h3>Us\u0142ugi dostosowywania:<\/h3>\n<p>Oferujemy us\u0142ugi dostosowywania do indywidualnych wymaga\u0144 klient\u00f3w.<\/p>\n<h3>Sprz\u0119t produkcyjny:<\/h3>\n<p>Wykorzystujemy zaawansowany sprz\u0119t produkcyjny, aby zagwarantowa\u0107 precyzj\u0119 i jako\u015b\u0107 naszych produkt\u00f3w.<\/p>\n<h3>Serwis posprzeda\u017cowy:<\/h3>\n<p>Oferujemy kompleksow\u0105 obs\u0142ug\u0119 posprzeda\u017cow\u0105, aby pom\u00f3c klientom w przypadku jakichkolwiek problem\u00f3w lub w\u0105tpliwo\u015bci.<\/p>\n<p>  <img decoding=\"async\" src=\"https:\/\/www.hydraulic-cylinders.net\/wp-content\/uploads\/2025\/01\/songte-company-3.webp\" alt=\"Informacje o firmie Obraz\"><\/p>\n<p>Autor: lyl<\/p>\n<p><\/body><br \/>\n<\/html><\/p>","protected":false},"excerpt":{"rendered":"<p>Bucket Cylinder For Doosan Large Excavator DH360 Bucket Cylinder For Doosan Large Excavator DH360 Introduction The bucket cylinder for Doosan large excavator DH360 is a specially designed hydraulic cylinder that is primarily used to control the movement of the bucket in heavy machinery such as excavators, backhoe loaders, and front loaders. Its main function is [&hellip;]<\/p>","protected":false},"featured_media":14785,"comment_status":"open","ping_status":"closed","template":"","meta":{"_et_pb_use_builder":"","_et_pb_old_content":"","_et_gb_content_width":""},"product_brand":[],"product_cat":[1494],"product_tag":[1495,1496],"class_list":{"0":"post-15300","1":"product","2":"type-product","3":"status-publish","4":"has-post-thumbnail","6":"product_cat-bucket-cylinders","7":"product_tag-bucket-cylinders","8":"product_tag-hydraulic-cylinders","10":"first","11":"instock","12":"shipping-taxable","13":"product-type-simple"},"amp_enabled":true,"_links":{"self":[{"href":"https:\/\/www.hydraulic-cylinders.net\/pl\/wp-json\/wp\/v2\/product\/15300","targetHints":{"allow":["GET"]}}],"collection":[{"href":"https:\/\/www.hydraulic-cylinders.net\/pl\/wp-json\/wp\/v2\/product"}],"about":[{"href":"https:\/\/www.hydraulic-cylinders.net\/pl\/wp-json\/wp\/v2\/types\/product"}],"replies":[{"embeddable":true,"href":"https:\/\/www.hydraulic-cylinders.net\/pl\/wp-json\/wp\/v2\/comments?post=15300"}],"wp:featuredmedia":[{"embeddable":true,"href":"https:\/\/www.hydraulic-cylinders.net\/pl\/wp-json\/wp\/v2\/media\/14785"}],"wp:attachment":[{"href":"https:\/\/www.hydraulic-cylinders.net\/pl\/wp-json\/wp\/v2\/media?parent=15300"}],"wp:term":[{"taxonomy":"product_brand","embeddable":true,"href":"https:\/\/www.hydraulic-cylinders.net\/pl\/wp-json\/wp\/v2\/product_brand?post=15300"},{"taxonomy":"product_cat","embeddable":true,"href":"https:\/\/www.hydraulic-cylinders.net\/pl\/wp-json\/wp\/v2\/product_cat?post=15300"},{"taxonomy":"product_tag","embeddable":true,"href":"https:\/\/www.hydraulic-cylinders.net\/pl\/wp-json\/wp\/v2\/product_tag?post=15300"}],"curies":[{"name":"wp","href":"https:\/\/api.w.org\/{rel}","templated":true}]}}