{"id":15304,"date":"2025-01-19T14:21:42","date_gmt":"2025-01-19T14:21:42","guid":{"rendered":"https:\/\/www.hydraulic-cylinders.net\/product\/bucket-cylinder-for-doosan-wheel-excavator-dh210w-7\/"},"modified":"2025-01-19T14:21:44","modified_gmt":"2025-01-19T14:21:44","slug":"bucket-cylinder-for-doosan-wheel-excavator-dh210w-7","status":"publish","type":"product","link":"https:\/\/www.hydraulic-cylinders.net\/pl\/produkt\/bucket-cylinder-for-doosan-wheel-excavator-dh210w-7\/","title":{"rendered":"Si\u0142ownik \u0142y\u017cki do koparki ko\u0142owej Doosan DH210W-7"},"content":{"rendered":"<h1>Si\u0142ownik \u0142y\u017cki do koparki ko\u0142owej Doosan DH210W-7<\/h1>\n<h2>Wst\u0119p<\/h2>\n<h3>Definicja<\/h3>\n<p>Si\u0142ownik \u0142y\u017cki to specjalnie zaprojektowany si\u0142ownik hydrauliczny s\u0142u\u017c\u0105cy do sterowania ruchem \u0142y\u017cki w ci\u0119\u017ckich maszynach, takich jak koparki, koparko-\u0142adowarki i \u0142adowarki czo\u0142owe. Jego g\u0142\u00f3wn\u0105 funkcj\u0105 jest umo\u017cliwienie podnoszenia, opuszczania i przechylania \u0142y\u017cki, u\u0142atwiaj\u0105c wykonywanie r\u00f3\u017cnych zada\u0144 zwi\u0105zanych z prze\u0142adunkiem materia\u0142\u00f3w. W uk\u0142adzie hydraulicznym si\u0142ownik \u0142y\u017cki zapewnia precyzyjn\u0105 kontrol\u0119 nad \u0142y\u017ck\u0105 poprzez zmiany ci\u015bnienia oleju hydraulicznego, umo\u017cliwiaj\u0105c operatorom wydajne przenoszenie ci\u0119\u017ckich \u0142adunk\u00f3w, adaptacj\u0119 do z\u0142o\u017conych warunk\u00f3w pracy i zr\u00f3\u017cnicowanych wymaga\u0144 operacyjnych.<\/p>\n<p><img decoding=\"async\" src=\"https:\/\/www.hydraulic-cylinders.net\/wp-content\/uploads\/2025\/01\/songte-company-2.webp\"><\/p>\n<h2>Cechy<\/h2>\n<ul>\n<li>Wysoka wytrzyma\u0142o\u015b\u0107 i trwa\u0142o\u015b\u0107: Zazwyczaj wykonane z wytrzyma\u0142ej stali lub aluminium, wytrzymuj\u0105 wysokie ci\u015bnienie i du\u017ce obci\u0105\u017cenia, s\u0105 przystosowane do trudnych warunk\u00f3w pracy oraz zaprojektowane z my\u015bl\u0105 o odporno\u015bci na zu\u017cycie i korozj\u0119, co wyd\u0142u\u017ca ich \u017cywotno\u015b\u0107.<\/li>\n<li>Wydajne dzia\u0142anie uk\u0142adu hydraulicznego: P\u0142ynne rozci\u0105ganie i kurczenie uzyskuje si\u0119 dzi\u0119ki wykorzystaniu ci\u015bnienia oleju hydraulicznego, co pozwala na szybk\u0105 reakcj\u0119 na polecenia steruj\u0105ce, zapewnia du\u017c\u0105 si\u0142\u0119 pchania i ci\u0105gni\u0119cia, a tak\u017ce jest przydatne przy obs\u0142udze du\u017cych ci\u0119\u017car\u00f3w i skomplikowanych zada\u0144 operacyjnych.<\/li>\n<li>R\u00f3\u017cne typy: W zale\u017cno\u015bci od potrzeb mo\u017cna wybra\u0107 cylindry jednostronnego dzia\u0142ania (hydrauliczne tylko w jednym kierunku) lub dwustronnego dzia\u0142ania (hydrauliczne w obu kierunkach). Niekt\u00f3re modele s\u0105 teleskopowe, co pozwala na wi\u0119ksze wysuni\u0119cie bez zwi\u0119kszania wymiar\u00f3w zewn\u0119trznych i jest odpowiednie do zastosowa\u0144 w ograniczonej przestrzeni.<\/li>\n<li>Bezpo\u015brednia wymiana: Nasze produkty doskonale zast\u0119puj\u0105 te si\u0142owniki hydrauliczne. <\/li>\n<\/ul>\n<p><img decoding=\"async\" src=\"https:\/\/www.hydraulic-cylinders.net\/wp-content\/uploads\/2025\/01\/songte-cylinder-head-with-all-kinds-excavator-models.webp\"><\/p>\n<h2>Aplikacje<\/h2>\n<h3>Sprz\u0119t budowlany<\/h3>\n<p>W koparkach s\u0105 one niezb\u0119dne do kopania, za\u0142adunku i przemieszczania gleby lub gruzu. W koparko-\u0142adowarkach si\u0142owniki \u0142y\u017cki pomagaj\u0105 zar\u00f3wno w kopaniu, jak i podnoszeniu. W \u0142adowarkach czo\u0142owych u\u0142atwiaj\u0105 efektywne podnoszenie i wysypywanie \u0142adunku.<\/p>\n<h3>Maszyny rolnicze<\/h3>\n<p>Cylindry \u0142y\u017cki stosowane s\u0105 w \u0142adowarkach czo\u0142owych do nabierania, podnoszenia i transportu gleby, siana i innych materia\u0142\u00f3w. Umo\u017cliwiaj\u0105 one kopanie, pozwalaj\u0105c \u0142y\u017cce na penetracj\u0119 gleby.<\/p>\n<h3>Koparki<\/h3>\n<p>W koparkach cylindry \u0142y\u017cki umo\u017cliwiaj\u0105 kopanie, pozwalaj\u0105c \u0142y\u017cce na zag\u0142\u0119bianie si\u0119 w gleb\u0119.<\/p>\n<h3>\u0141adowarki<\/h3>\n<p>W \u0142adowarkach czo\u0142owych pomagaj\u0105 efektywnie podnosi\u0107 i roz\u0142adowywa\u0107 \u0142adunki.<\/p>\n<h2>Zagadnienia projektowe i kryteria wyboru<\/h2>\n<h3>No\u015bno\u015b\u0107<\/h3>\n<p>Kluczowym czynnikiem przy projektowaniu cylindr\u00f3w kube\u0142kowych jest ich no\u015bno\u015b\u0107, aby zapewni\u0107 ich wytrzyma\u0142o\u015b\u0107 na du\u017ce obci\u0105\u017cenia, kt\u00f3rym b\u0119d\u0105 poddawane. Wymaga to zastosowania materia\u0142\u00f3w o wysokiej wytrzyma\u0142o\u015bci i precyzyjnych proces\u00f3w produkcyjnych, aby zapewni\u0107 wytrzyma\u0142o\u015b\u0107 i trwa\u0142o\u015b\u0107 cylindr\u00f3w.<\/p>\n<h3>Uszczelnienie i trwa\u0142o\u015b\u0107<\/h3>\n<p>Uszczelnienia cylindra czerpakowego odgrywaj\u0105 kluczow\u0105 rol\u0119 w zapewnieniu jego trwa\u0142o\u015bci. Uszczelnienia musz\u0105 by\u0107 wykonane z materia\u0142\u00f3w odpornych na zu\u017cycie i wytrzymuj\u0105cych ci\u015bnienie hydrauliczne w uk\u0142adzie. Dodatkowo, korpus cylindra i gwintowane powierzchnie ko\u0144cowe musz\u0105 by\u0107 precyzyjnie obrobione, aby zwi\u0119kszy\u0107 odporno\u015b\u0107 na zu\u017cycie. Regularne smarowanie jest r\u00f3wnie\u017c niezb\u0119dne dla zapewnienia prawid\u0142owego dzia\u0142ania i trwa\u0142o\u015bci.<\/p>\n<p><img decoding=\"async\" src=\"https:\/\/www.hydraulic-cylinders.net\/wp-content\/uploads\/2025\/01\/songte-oil-pipes-and-spare-parts.webp\"><\/p>\n<h2>Konserwacja i rozwi\u0105zywanie problem\u00f3w<\/h2>\n<h3>Konserwacja<\/h3>\n<p>Regularna konserwacja ma kluczowe znaczenie dla zapewnienia trwa\u0142o\u015bci i prawid\u0142owego dzia\u0142ania si\u0142ownik\u00f3w kube\u0142kowych. Typowe czynno\u015bci konserwacyjne obejmuj\u0105 regularne kontrole, smarowanie i wymian\u0119 uszczelnie\u0144. Prawid\u0142owy monta\u017c, smarowanie i regulacja maj\u0105 kluczowe znaczenie dla zapewnienia trwa\u0142o\u015bci si\u0142ownika.<\/p>\n<h3>Rozwi\u0105zywanie problem\u00f3w<\/h3>\n<p>Do typowych problem\u00f3w z si\u0142ownikami czerpakowymi nale\u017c\u0105 wycieki, powolna praca i niewystarczaj\u0105ca moc. Rozwi\u0105zywanie problem\u00f3w polega na zidentyfikowaniu pierwotnej przyczyny tych problem\u00f3w i podj\u0119ciu odpowiednich dzia\u0142a\u0144 naprawczych. Zapobieganie jest kluczowe, a regularna konserwacja to najlepszy spos\u00f3b na minimalizacj\u0119 potencjalnych problem\u00f3w.<\/p>\n<h2>Wprowadzenie do firmy<\/h2>\n<p>Jeste\u015bmy producentem zamiennych cylindr\u00f3w hydraulicznych, oferuj\u0105cym pe\u0142n\u0105 gam\u0119 produkt\u00f3w i stali\u015bmy si\u0119 jednym z wiod\u0105cych producent\u00f3w i hurtownik\u00f3w cylindr\u00f3w hydraulicznych na rynku krajowym i zagranicznym. Przestrzegamy zasady doskona\u0142ej jako\u015bci i opieramy si\u0119 na strategii zarz\u0105dzania produkcj\u0105 przemys\u0142ow\u0105 w naszych warsztatach produkcyjnych. Nasza firma stale udoskonala platform\u0119 produkcyjn\u0105, doskonali proces produkcji i charakteryzuje si\u0119 kreatywno\u015bci\u0105, dostarczaj\u0105c produkty o wysokiej wydajno\u015bci, precyzji i jako\u015bci, aby sprosta\u0107 zr\u00f3\u017cnicowanym potrzebom klient\u00f3w.<\/p>\n<ul>\n<li>Profesjonalizm: W naszej firmie pracuje zesp\u00f3\u0142 profesjonalist\u00f3w, kt\u00f3rzy posiadaj\u0105 wiedz\u0119 na temat cylindr\u00f3w hydraulicznych i mog\u0105 s\u0142u\u017cy\u0107 klientom fachow\u0105 porad\u0105.<\/li>\n<li>Certyfikacja mi\u0119dzynarodowa: Nasze produkty spe\u0142niaj\u0105 normy mi\u0119dzynarodowe i posiadaj\u0105 certyfikaty r\u00f3\u017cnych organ\u00f3w mi\u0119dzynarodowych.<\/li>\n<li>Us\u0142ugi dostosowane do indywidualnych potrzeb: Nasza firma zapewnia us\u0142ugi dostosowane do indywidualnych potrzeb klient\u00f3w.<\/li>\n<li>Sprz\u0119t produkcyjny: Nasza firma dysponuje zaawansowanym sprz\u0119tem produkcyjnym umo\u017cliwiaj\u0105cym wytwarzanie produkt\u00f3w wysokiej jako\u015bci.<\/li>\n<li>Obs\u0142uga posprzeda\u017cowa: Nasza firma zapewnia wysokiej jako\u015bci obs\u0142ug\u0119 posprzeda\u017cow\u0105, aby zagwarantowa\u0107 satysfakcj\u0119 klienta.<\/li>\n<\/ul>\n<p><img decoding=\"async\" src=\"https:\/\/hzpt.com\/wp-content\/uploads\/2024\/11\/songte-company-1.webp\"><\/p>\n<p>Autor: lyl<\/p>","protected":false},"excerpt":{"rendered":"<p>Bucket Cylinder For Doosan Wheel Excavator DH210W-7 Introduction Definition A bucket cylinder is a specially designed hydraulic cylinder used to control the movement of the bucket in heavy machinery such as excavators, backhoe excavators, and front-end loaders. Its main function is to enable the bucket to lift, lower, and tilt, making it easier to handle [&hellip;]<\/p>","protected":false},"featured_media":14778,"comment_status":"open","ping_status":"closed","template":"","meta":{"_et_pb_use_builder":"","_et_pb_old_content":"","_et_gb_content_width":""},"product_brand":[],"product_cat":[1494],"product_tag":[1495,1496],"class_list":{"0":"post-15304","1":"product","2":"type-product","3":"status-publish","4":"has-post-thumbnail","6":"product_cat-bucket-cylinders","7":"product_tag-bucket-cylinders","8":"product_tag-hydraulic-cylinders","10":"first","11":"instock","12":"shipping-taxable","13":"product-type-simple"},"amp_enabled":true,"_links":{"self":[{"href":"https:\/\/www.hydraulic-cylinders.net\/pl\/wp-json\/wp\/v2\/product\/15304","targetHints":{"allow":["GET"]}}],"collection":[{"href":"https:\/\/www.hydraulic-cylinders.net\/pl\/wp-json\/wp\/v2\/product"}],"about":[{"href":"https:\/\/www.hydraulic-cylinders.net\/pl\/wp-json\/wp\/v2\/types\/product"}],"replies":[{"embeddable":true,"href":"https:\/\/www.hydraulic-cylinders.net\/pl\/wp-json\/wp\/v2\/comments?post=15304"}],"wp:featuredmedia":[{"embeddable":true,"href":"https:\/\/www.hydraulic-cylinders.net\/pl\/wp-json\/wp\/v2\/media\/14778"}],"wp:attachment":[{"href":"https:\/\/www.hydraulic-cylinders.net\/pl\/wp-json\/wp\/v2\/media?parent=15304"}],"wp:term":[{"taxonomy":"product_brand","embeddable":true,"href":"https:\/\/www.hydraulic-cylinders.net\/pl\/wp-json\/wp\/v2\/product_brand?post=15304"},{"taxonomy":"product_cat","embeddable":true,"href":"https:\/\/www.hydraulic-cylinders.net\/pl\/wp-json\/wp\/v2\/product_cat?post=15304"},{"taxonomy":"product_tag","embeddable":true,"href":"https:\/\/www.hydraulic-cylinders.net\/pl\/wp-json\/wp\/v2\/product_tag?post=15304"}],"curies":[{"name":"wp","href":"https:\/\/api.w.org\/{rel}","templated":true}]}}