{"id":15305,"date":"2025-01-19T14:21:46","date_gmt":"2025-01-19T14:21:46","guid":{"rendered":"https:\/\/www.hydraulic-cylinders.net\/product\/bucket-cylinder-for-doosan-wheel-excavator-dx60n\/"},"modified":"2025-01-19T14:21:48","modified_gmt":"2025-01-19T14:21:48","slug":"bucket-cylinder-for-doosan-wheel-excavator-dx60n","status":"publish","type":"product","link":"https:\/\/www.hydraulic-cylinders.net\/pl\/produkt\/bucket-cylinder-for-doosan-wheel-excavator-dx60n\/","title":{"rendered":"Si\u0142ownik \u0142y\u017cki do koparki ko\u0142owej Doosan DX60N"},"content":{"rendered":"<h1>Si\u0142ownik \u0142y\u017cki do koparki ko\u0142owej Doosan DX60N<\/h1>\n<h2>Wst\u0119p<\/h2>\n<p>Si\u0142ownik \u0142y\u017cki do koparki ko\u0142owej Doosan DX60N to specjalistyczny si\u0142ownik hydrauliczny przeznaczony do sterowania ruchami \u0142y\u017cki w ci\u0119\u017ckich maszynach, takich jak koparki, koparko-\u0142adowarki i \u0142adowarki czo\u0142owe. Jego g\u0142\u00f3wn\u0105 funkcj\u0105 jest podnoszenie, opuszczanie i przechylanie \u0142y\u017cki, dzi\u0119ki czemu nadaje si\u0119 do r\u00f3\u017cnych zada\u0144 zwi\u0105zanych z prze\u0142adunkiem materia\u0142\u00f3w. W uk\u0142adzie hydraulicznym si\u0142ownik \u0142y\u017cki zapewnia precyzyjn\u0105 kontrol\u0119 ruch\u00f3w \u0142y\u017cki poprzez zmiany ci\u015bnienia oleju hydraulicznego, umo\u017cliwiaj\u0105c operatorom wydajne przenoszenie du\u017cych \u0142adunk\u00f3w i dostosowanie si\u0119 do z\u0142o\u017conych warunk\u00f3w pracy oraz zr\u00f3\u017cnicowanych wymaga\u0144 operacyjnych.<\/p>\n<p><img decoding=\"async\" src=\"https:\/\/www.hydraulic-cylinders.net\/wp-content\/uploads\/2025\/01\/songte-company-2.webp\" alt=\"Si\u0142ownik \u0142y\u017cki do koparki ko\u0142owej Doosan DX60N\"><\/p>\n<h2>Cechy produktu<\/h2>\n<ul>\n<li>Wysoka wytrzyma\u0142o\u015b\u0107 i trwa\u0142o\u015b\u0107: Zazwyczaj wykonany z wytrzyma\u0142ej stali lub aluminium, wytrzymuje du\u017ce ci\u015bnienie i obci\u0105\u017cenia, jest przystosowany do trudnych warunk\u00f3w pracy, a tak\u017ce jest zaprojektowany z my\u015bl\u0105 o odporno\u015bci na zu\u017cycie i korozj\u0119, co wyd\u0142u\u017ca jego \u017cywotno\u015b\u0107.<\/li>\n<li>Wydajna praca uk\u0142adu hydraulicznego: Wykorzystuje ci\u015bnienie oleju hydraulicznego w celu uzyskania p\u0142ynnych ruch\u00f3w wysuwania i wsuwania. Mo\u017ce szybko reagowa\u0107 na polecenia steruj\u0105ce, zapewnia\u0107 du\u017ce si\u0142y pchania i ci\u0105gni\u0119cia oraz nadaje si\u0119 do obs\u0142ugi ci\u0119\u017ckich \u0142adunk\u00f3w i wykonywania skomplikowanych zada\u0144.<\/li>\n<li>R\u00f3\u017cne typy: Si\u0142owniki jednostronnego dzia\u0142ania (hydrauliczne dzia\u0142aj\u0105ce tylko w jednym kierunku) lub dwustronnego dzia\u0142ania (hydrauliczne dzia\u0142aj\u0105ce w obu kierunkach) mo\u017cna dobra\u0107 w zale\u017cno\u015bci od potrzeb, aby spe\u0142ni\u0107 r\u00f3\u017cne wymagania operacyjne. Niekt\u00f3re modele s\u0105 teleskopowe, co pozwala na wi\u0119ksze wysuni\u0119cie bez zwi\u0119kszania wymiar\u00f3w zewn\u0119trznych, dzi\u0119ki czemu nadaj\u0105 si\u0119 do zastosowa\u0144 w ograniczonej przestrzeni.<\/li>\n<li>Bezpo\u015brednia wymiana: Nasz produkt mo\u017ce zast\u0105pi\u0107 r\u00f3\u017cne cylindry hydrauliczne.<\/li>\n<\/ul>\n<p><img decoding=\"async\" src=\"https:\/\/www.hydraulic-cylinders.net\/wp-content\/uploads\/2025\/01\/songte-cylinder-head-with-all-kinds-excavator-models.webp\" alt=\"Si\u0142ownik \u0142y\u017cki do koparki ko\u0142owej Doosan DX60N\"><\/p>\n<h2>Aplikacje<\/h2>\n<p>Si\u0142ownik \u0142y\u017cki do koparki ko\u0142owej Doosan DX60N jest szeroko stosowany w r\u00f3\u017cnych maszynach ci\u0119\u017ckich, w tym:<\/p>\n<ul>\n<li>Sprz\u0119t budowlany: W koparkach s\u0105 one niezb\u0119dne do wykop\u00f3w, za\u0142adunku i przemieszczania gleby lub gruzu. W koparko-\u0142adowarkach si\u0142ownik \u0142y\u017cki pomaga zar\u00f3wno w wykopach, jak i podnoszeniu. <\/li>\n<li>Maszyny rolnicze: Stosowane w \u0142adowarkach czo\u0142owych do nabierania, podnoszenia i transportu gleby, siana i innych materia\u0142\u00f3w. <\/li>\n<li>Koparki: Cylinder \u0142y\u017cki umo\u017cliwia kopanie poprzez zag\u0142\u0119bianie si\u0119 \u0142y\u017cki w gleb\u0119. <\/li>\n<li>\u0141adowarki czo\u0142owe: W \u0142adowarkach czo\u0142owych u\u0142atwiaj\u0105 efektywne podnoszenie i wysypywanie towar\u00f3w.<\/li>\n<\/ul>\n<h2>Zagadnienia projektowe i kryteria wyboru<\/h2>\n<p>Si\u0142ownik \u0142y\u017cki do koparki ko\u0142owej Doosan DX60N zosta\u0142 zaprojektowany z uwzgl\u0119dnieniem r\u00f3\u017cnych czynnik\u00f3w, w tym:<\/p>\n<ul>\n<li>No\u015bno\u015b\u0107: Cylinder musi by\u0107 w stanie wytrzyma\u0107 obci\u0105\u017cenia, kt\u00f3rym jest poddawany, bez uszkodzenia lub odkszta\u0142cenia. <\/li>\n<li>Uszczelnienie: Prawid\u0142owe uszczelnienie jest wymagane, aby zapobiec wyciekom p\u0142ynu hydraulicznego, kt\u00f3re mog\u0105 spowodowa\u0107 uszkodzenie sprz\u0119tu i zwi\u0119kszy\u0107 ryzyko wypadk\u00f3w. <\/li>\n<li>Trwa\u0142o\u015b\u0107: Cylinder musi wytrzymywa\u0107 d\u0142ugi okres czasu, bez konieczno\u015bci cz\u0119stych napraw lub wymiany. <\/li>\n<li>Bezpiecze\u0144stwo: Cylinder musi by\u0107 zaprojektowany tak, aby by\u0142 bezpieczny w obs\u0142udze i konserwacji, a tak\u017ce musi posiada\u0107 odpowiednie \u015brodki bezpiecze\u0144stwa zapobiegaj\u0105ce wypadkom. <\/li>\n<li>\u0141atwo\u015b\u0107 konserwacji: Cylinder musi by\u0107 \u0142atwy w konserwacji i naprawie, a cz\u0119\u015bci zamienne musz\u0105 by\u0107 \u0142atwo dost\u0119pne. <\/li>\n<\/ul>\n<p><img decoding=\"async\" src=\"https:\/\/www.hydraulic-cylinders.net\/wp-content\/uploads\/2025\/01\/songte-oil-pipes-and-spare-parts.webp\" alt=\"Si\u0142ownik \u0142y\u017cki do koparki ko\u0142owej Doosan DX60N\"><\/p>\n<h2>Uszczelnianie i smarowanie<\/h2>\n<p>Si\u0142ownik \u0142y\u017cki koparki ko\u0142owej Doosan DX60N wykorzystuje r\u00f3\u017cne elementy uszczelniaj\u0105ce, takie jak uszczelnienia t\u0142oka i t\u0142oczyska. Elementy te wykonane s\u0105 z materia\u0142\u00f3w odpornych na zu\u017cycie, takich jak poliuretan i kauczuk nitrylowy. Korpus cylindra i gwintowana powierzchnia ko\u0144cowa s\u0105 precyzyjnie obrobione, aby zwi\u0119kszy\u0107 odporno\u015b\u0107 na zu\u017cycie. Regularne smarowanie odpowiednim olejem hydraulicznym jest niezb\u0119dne do zapewnienia p\u0142ynnej pracy cylindra.<\/p>\n<h2>Konserwacja i naprawa<\/h2>\n<p>Regularne przegl\u0105dy i konserwacja zapobiegawcza s\u0105 niezb\u0119dne, aby utrzyma\u0107 si\u0142ownik \u0142y\u017cki koparki ko\u0142owej Doosan DX60N w dobrym stanie technicznym. Typowe czynno\u015bci konserwacyjne obejmuj\u0105:<\/p>\n<ul>\n<li>Regularna kontrola<\/li>\n<li>Prawid\u0142owe smarowanie<\/li>\n<li>Wymiana uszczelki<\/li>\n<li>Kontrola kalibracji<\/li>\n<\/ul>\n<p>Prawid\u0142owy monta\u017c, smarowanie i regulacja s\u0105 kluczowe dla zapewnienia trwa\u0142o\u015bci cylindra. Zaleca si\u0119 prawid\u0142owe ustawienie i u\u017cycie odpowiedniego wspornika monta\u017cowego do zabezpieczenia cylindra. Oferujemy r\u00f3wnie\u017c zalecane procedury kontroli, naprawy i wymiany, cz\u0119\u015bci zamienne oraz us\u0142ugi regeneracji, aby wyd\u0142u\u017cy\u0107 \u017cywotno\u015b\u0107 cylindra \u0142y\u017cki koparki ko\u0142owej Doosan DX60N.<\/p>\n<p><img decoding=\"async\" src=\"https:\/\/www.hydraulic-cylinders.net\/wp-content\/uploads\/2025\/01\/songte-chushion-collar.webp\" alt=\"Si\u0142ownik \u0142y\u017cki do koparki ko\u0142owej Doosan DX60N\"><\/p>\n<h2>Bezpiecze\u0144stwo i wzgl\u0119dy \u015brodowiskowe<\/h2>\n<p>Odpowiednie \u015brodki bezpiecze\u0144stwa, takie jak noszenie sprz\u0119tu ochronnego i przestrzeganie wytycznych bezpiecze\u0144stwa podczas instalacji i konserwacji, maj\u0105 kluczowe znaczenie dla zapobiegania wypadkom. Nale\u017cy r\u00f3wnie\u017c wzi\u0105\u0107 pod uwag\u0119 kwestie \u015brodowiskowe, takie jak prawid\u0142owa utylizacja zu\u017cytego p\u0142ynu hydraulicznego i innych odpad\u00f3w powstaj\u0105cych podczas konserwacji i napraw.<\/p>\n<h2>Diagnoza i rozwi\u0105zywanie problem\u00f3w<\/h2>\n<p>Si\u0142ownik \u0142y\u017cki koparki ko\u0142owej Doosan DX60N mo\u017ce mie\u0107 problemy, takie jak wycieki, niedostateczna moc lub powolny ruch. Prawid\u0142owa diagnoza i rozwi\u0105zywanie problem\u00f3w s\u0105 kluczowe dla identyfikacji i rozwi\u0105zania tych problem\u00f3w. Odpowiednie \u015brodki zapobiegawcze mog\u0105 pom\u00f3c unikn\u0105\u0107 tych problem\u00f3w.<\/p>\n<p><img decoding=\"async\" src=\"https:\/\/www.hydraulic-cylinders.net\/wp-content\/uploads\/2025\/01\/songte-bushings-with-all-kinds-of-excavator-models.webp\" alt=\"Si\u0142ownik \u0142y\u017cki do koparki ko\u0142owej Doosan DX60N\"><\/p>\n<h2>O naszej firmie<\/h2>\n<p>Jeste\u015bmy wiod\u0105cym producentem i hurtowym dystrybutorem r\u00f3\u017cnorodnych si\u0142ownik\u00f3w hydraulicznych, w tym si\u0142ownika \u0142y\u017cki do koparki ko\u0142owej Doosan DX60N. Nasza firma oferuje kompleksowe linie produkt\u00f3w i rozwi\u0105zania dostosowane do zr\u00f3\u017cnicowanych potrzeb klient\u00f3w. D\u0105\u017cymy do doskona\u0142o\u015bci jako\u015bci, opieraj\u0105c si\u0119 na strategiach zarz\u0105dzania produkcj\u0105 przemys\u0142ow\u0105 i ulepszaniu proces\u00f3w produkcyjnych, wykorzystuj\u0105c talent techniczny, cyfrowy sprz\u0119t produkcyjny wysokiej klasy oraz profesjonalny system wykrywania. Stosujemy zasady wysokiej wydajno\u015bci, precyzji i jako\u015bci, aby sprosta\u0107 zr\u00f3\u017cnicowanym potrzebom klient\u00f3w. Jeste\u015bmy niezawodnym partnerem w zakresie zaopatrzenia w si\u0142owniki hydrauliczne.<\/p>\n<p><img decoding=\"async\" src=\"https:\/\/hzpt.com\/wp-content\/uploads\/2024\/11\/songte-company-1.webp\" alt=\"Si\u0142ownik \u0142y\u017cki do koparki ko\u0142owej Doosan DX60N\"><\/p>\n<p>Autor: lyl<\/p>","protected":false},"excerpt":{"rendered":"<p>Bucket Cylinder For Doosan Wheel Excavator DX60N Introduction The bucket cylinder for Doosan wheel excavator DX60N is a specialized hydraulic cylinder designed to control the movements of the bucket in heavy machinery such as excavators, backhoe loaders, and front-end loaders. Its main function is to enable the bucket to lift, lower, and tilt, making it [&hellip;]<\/p>","protected":false},"featured_media":14776,"comment_status":"open","ping_status":"closed","template":"","meta":{"_et_pb_use_builder":"","_et_pb_old_content":"","_et_gb_content_width":""},"product_brand":[],"product_cat":[1494],"product_tag":[1495,1496],"class_list":{"0":"post-15305","1":"product","2":"type-product","3":"status-publish","4":"has-post-thumbnail","6":"product_cat-bucket-cylinders","7":"product_tag-bucket-cylinders","8":"product_tag-hydraulic-cylinders","10":"first","11":"instock","12":"shipping-taxable","13":"product-type-simple"},"amp_enabled":true,"_links":{"self":[{"href":"https:\/\/www.hydraulic-cylinders.net\/pl\/wp-json\/wp\/v2\/product\/15305","targetHints":{"allow":["GET"]}}],"collection":[{"href":"https:\/\/www.hydraulic-cylinders.net\/pl\/wp-json\/wp\/v2\/product"}],"about":[{"href":"https:\/\/www.hydraulic-cylinders.net\/pl\/wp-json\/wp\/v2\/types\/product"}],"replies":[{"embeddable":true,"href":"https:\/\/www.hydraulic-cylinders.net\/pl\/wp-json\/wp\/v2\/comments?post=15305"}],"wp:featuredmedia":[{"embeddable":true,"href":"https:\/\/www.hydraulic-cylinders.net\/pl\/wp-json\/wp\/v2\/media\/14776"}],"wp:attachment":[{"href":"https:\/\/www.hydraulic-cylinders.net\/pl\/wp-json\/wp\/v2\/media?parent=15305"}],"wp:term":[{"taxonomy":"product_brand","embeddable":true,"href":"https:\/\/www.hydraulic-cylinders.net\/pl\/wp-json\/wp\/v2\/product_brand?post=15305"},{"taxonomy":"product_cat","embeddable":true,"href":"https:\/\/www.hydraulic-cylinders.net\/pl\/wp-json\/wp\/v2\/product_cat?post=15305"},{"taxonomy":"product_tag","embeddable":true,"href":"https:\/\/www.hydraulic-cylinders.net\/pl\/wp-json\/wp\/v2\/product_tag?post=15305"}],"curies":[{"name":"wp","href":"https:\/\/api.w.org\/{rel}","templated":true}]}}