{"id":15307,"date":"2025-01-19T14:21:53","date_gmt":"2025-01-19T14:21:53","guid":{"rendered":"https:\/\/www.hydraulic-cylinders.net\/product\/bucket-cylinder-for-hyundai-small-excavator-r80-7\/"},"modified":"2025-01-19T14:21:55","modified_gmt":"2025-01-19T14:21:55","slug":"bucket-cylinder-for-hyundai-small-excavator-r80-7","status":"publish","type":"product","link":"https:\/\/www.hydraulic-cylinders.net\/pl\/produkt\/bucket-cylinder-for-hyundai-small-excavator-r80-7\/","title":{"rendered":"Si\u0142ownik \u0142y\u017cki do ma\u0142ej koparki Hyundai R80-7"},"content":{"rendered":"<p><!DOCTYPE html><br \/>\n<html><br \/>\n<head><br \/>\n\t<title>Si\u0142ownik \u0142y\u017cki do ma\u0142ej koparki Hyundai R80-7<\/title><br \/>\n<\/head><br \/>\n<body><\/p>\n<h1>Si\u0142ownik \u0142y\u017cki do ma\u0142ej koparki Hyundai R80-7<\/h1>\n<h2>Wst\u0119p<\/h2>\n<p>Si\u0142ownik \u0142y\u017cki do ma\u0142ej koparki Hyundai R80-7 to specjalnie zaprojektowany si\u0142ownik hydrauliczny s\u0142u\u017c\u0105cy do sterowania ruchem \u0142y\u017cki w ci\u0119\u017ckich maszynach, takich jak koparki, koparko-\u0142adowarki i \u0142adowarki czo\u0142owe. Jego g\u0142\u00f3wn\u0105 funkcj\u0105 jest podnoszenie, opuszczanie i przechylanie \u0142y\u017cki, dzi\u0119ki czemu nadaje si\u0119 do r\u00f3\u017cnych zada\u0144 zwi\u0105zanych z prze\u0142adunkiem materia\u0142\u00f3w. W uk\u0142adzie hydraulicznym si\u0142ownik \u0142y\u017cki zapewnia precyzyjn\u0105 kontrol\u0119 nad \u0142y\u017ck\u0105, wykorzystuj\u0105c zmiany ci\u015bnienia oleju hydraulicznego, umo\u017cliwiaj\u0105c operatorom wydajne przenoszenie du\u017cych \u0142adunk\u00f3w i dostosowywanie si\u0119 do z\u0142o\u017conych warunk\u00f3w pracy oraz zr\u00f3\u017cnicowanych potrzeb operacyjnych.<\/p>\n<p>\t<img decoding=\"async\" src=\"https:\/\/www.hydraulic-cylinders.net\/wp-content\/uploads\/2025\/01\/songte-company-2.webp\" alt=\"Obraz produktu\"><\/p>\n<h2>Cechy<\/h2>\n<ul>\n<li>Wysoka wytrzyma\u0142o\u015b\u0107 i trwa\u0142o\u015b\u0107: Zazwyczaj wykonane z wysokowytrzyma\u0142ej stali lub aluminium, wytrzymuj\u0105 du\u017ce ci\u015bnienie i du\u017ce obci\u0105\u017cenia, s\u0105 przystosowane do trudnych warunk\u00f3w pracy, zaprojektowane z uwzgl\u0119dnieniem odporno\u015bci na zu\u017cycie i korozj\u0119, co wyd\u0142u\u017ca ich \u017cywotno\u015b\u0107.<\/li>\n<li>Wydajne dzia\u0142anie uk\u0142adu hydraulicznego: wykorzystuje ci\u015bnienie oleju hydraulicznego w celu uzyskania p\u0142ynnego wysuwania i wsuwania, umo\u017cliwia szybk\u0105 reakcj\u0119 na polecenia steruj\u0105ce, zapewnia du\u017c\u0105 si\u0142\u0119 pchania i ci\u0105gni\u0119cia, nadaje si\u0119 do obs\u0142ugi ci\u0119\u017ckich \u0142adunk\u00f3w i skomplikowanych zada\u0144 operacyjnych.<\/li>\n<li>R\u00f3\u017cne typy: Mo\u017cna wybra\u0107 cylindry jednostronnego dzia\u0142ania (hydrauliczne dzia\u0142aj\u0105ce tylko w jednym kierunku) lub dwustronnego dzia\u0142ania (hydrauliczne dzia\u0142aj\u0105ce w obu kierunkach) w zale\u017cno\u015bci od konkretnych wymaga\u0144 roboczych. Niekt\u00f3re modele s\u0105 teleskopowe, co pozwala na wi\u0119ksze wyd\u0142u\u017cenie bez zwi\u0119kszania wymiar\u00f3w zewn\u0119trznych i jest odpowiednie do zastosowa\u0144 w ograniczonej przestrzeni.<\/li>\n<li>Idealna wymiana: Nasze produkty mog\u0105 idealnie zast\u0105pi\u0107 te cylindry hydrauliczne. <\/li>\n<\/ul>\n<p>\t<img decoding=\"async\" src=\"https:\/\/www.hydraulic-cylinders.net\/wp-content\/uploads\/2025\/01\/songte-cylinder-head-with-all-kinds-excavator-models.webp\" alt=\"Obraz produktu\"><\/p>\n<h2>Aplikacje<\/h2>\n<ul>\n<li>Sprz\u0119t budowlany: Znajduj\u0105 si\u0119 w koparkach i s\u0105 niezb\u0119dne do kopania, za\u0142adunku i przemieszczania gleby lub gruzu. W koparko-\u0142adowarkach si\u0142ownik \u0142y\u017cki wspomaga zar\u00f3wno kopanie, jak i podnoszenie.<\/li>\n<li>Maszyny rolnicze: Stosowane w \u0142adowarkach czo\u0142owych do nabierania, podnoszenia i transportu gleby, siana i innych materia\u0142\u00f3w.<\/li>\n<li>Koparki: Cylinder \u0142y\u017cki umo\u017cliwia kopanie poprzez umo\u017cliwienie \u0142y\u017cce wnikania w gleb\u0119.<\/li>\n<li>\u0141adowarki: W \u0142adowarkach czo\u0142owych pomagaj\u0105 w efektywnym podnoszeniu i wysypywaniu towar\u00f3w.<\/li>\n<\/ul>\n<h2>Zagadnienia projektowe i kryteria wyboru<\/h2>\n<ul>\n<li>No\u015bno\u015b\u0107: Om\u00f3w zdolno\u015b\u0107 cylindra do wytrzymywania du\u017cych obci\u0105\u017ce\u0144.<\/li>\n<li>Uszczelnienie: Om\u00f3w znaczenie prawid\u0142owego uszczelnienia, aby zapobiec wyciekom oleju i zapewni\u0107 niezawodn\u0105 prac\u0119.<\/li>\n<li>Trwa\u0142o\u015b\u0107: Sprawd\u017a trwa\u0142o\u015b\u0107 cylindra, bior\u0105c pod uwag\u0119 takie czynniki, jak odporno\u015b\u0107 na zu\u017cycie i korozj\u0119.<\/li>\n<li>Bezpiecze\u0144stwo: Om\u00f3w zagadnienia bezpiecze\u0144stwa uwzgl\u0119dnione w projekcie, w tym \u015brodki zapobiegaj\u0105ce wypadkom.<\/li>\n<li>\u0141atwo\u015b\u0107 konserwacji: Om\u00f3w \u0142atwo\u015b\u0107 i dost\u0119pno\u015b\u0107 zada\u0144 konserwacyjnych cylindra.<\/li>\n<\/ul>\n<p>\t<img decoding=\"async\" src=\"https:\/\/www.hydraulic-cylinders.net\/wp-content\/uploads\/2025\/01\/songte-oil-pipes-and-spare-parts.webp\" alt=\"Obraz produktu\"><\/p>\n<h2>Uszczelnianie i smarowanie<\/h2>\n<p>W cylindrze czerpakowym zastosowano r\u00f3\u017cnorodne uszczelnienia, takie jak uszczelnienia t\u0142oka i t\u0142oczyska, wykonane z materia\u0142\u00f3w odpornych na zu\u017cycie, takich jak poliuretan i kauczuk nitrylowy. Korpus cylindra i gwintowane ko\u0144c\u00f3wki s\u0105 poddawane precyzyjnej obr\u00f3bce w celu zwi\u0119kszenia odporno\u015bci na zu\u017cycie. Regularne smarowanie odpowiedni\u0105 ilo\u015bci\u0105 oleju hydraulicznego jest niezb\u0119dne dla zapewnienia p\u0142ynnej pracy.<\/p>\n<h2>Regularne kontrole i konserwacja zapobiegawcza<\/h2>\n<ul>\n<li>Regularnie sprawdzaj cylinder pod k\u0105tem oznak zu\u017cycia, uszkodze\u0144 lub nieszczelno\u015bci.<\/li>\n<li>Zapewnij odpowiednie smarowanie wszystkich ruchomych cz\u0119\u015bci.<\/li>\n<li>Aby zachowa\u0107 optymaln\u0105 wydajno\u015b\u0107, nale\u017cy w razie potrzeby wymieni\u0107 uszczelki.<\/li>\n<li>Przeprowad\u017a kontrol\u0119 kalibracji, aby zapewni\u0107 prawid\u0142owe dzia\u0142anie urz\u0105dzenia.<\/li>\n<\/ul>\n<h2>Prawid\u0142owy przewodnik instalacji produktu<\/h2>\n<p>Prawid\u0142owy monta\u017c ma kluczowe znaczenie dla optymalnej wydajno\u015bci i trwa\u0142o\u015bci si\u0142ownika kube\u0142kowego. Post\u0119puj zgodnie z poni\u017cszymi wskaz\u00f3wkami:<\/p>\n<ul>\n<li>Podczas procesu instalacji nale\u017cy zapewni\u0107 w\u0142a\u015bciwe wytyczne dotycz\u0105ce ustawienia.<\/li>\n<li>Zaleca si\u0119 u\u017cycie odpowiednich uchwyt\u00f3w monta\u017cowych w celu zabezpieczenia cylindra.<\/li>\n<li>Przedstaw zalecane procedury kontroli, napraw i wymiany.<\/li>\n<li>Udziel porad dotycz\u0105cych wyd\u0142u\u017cenia \u017cywotno\u015bci cylindra czerpakowego.<\/li>\n<\/ul>\n<p>\t<img decoding=\"async\" src=\"https:\/\/www.hydraulic-cylinders.net\/wp-content\/uploads\/2025\/01\/songte-chushion-collar.webp\" alt=\"Obraz produktu\"><\/p>\n<h2>Zagadnienia bezpiecze\u0144stwa i czynniki \u015brodowiskowe<\/h2>\n<p>Podczas u\u017cytkowania cylindra \u0142y\u017cki konieczne jest wdro\u017cenie \u015brodk\u00f3w bezpiecze\u0144stwa, aby zapewni\u0107 bezpiecze\u0144stwo operatorom i zapobiec wypadkom. Nale\u017cy wzi\u0105\u0107 pod uwag\u0119 nast\u0119puj\u0105ce czynniki:<\/p>\n<ul>\n<li>Odpowiednie szkolenie operator\u00f3w w zakresie bezpiecznego obchodzenia si\u0119 ze sprz\u0119tem.<\/li>\n<li>Przestrzeganie norm i przepis\u00f3w bezpiecze\u0144stwa.<\/li>\n<li>Wdra\u017canie przyjaznych dla \u015brodowiska praktyk w zakresie stosowania i utylizacji p\u0142yn\u00f3w hydraulicznych.<\/li>\n<\/ul>\n<p>\t<img decoding=\"async\" src=\"https:\/\/www.hydraulic-cylinders.net\/wp-content\/uploads\/2025\/01\/songte-bushings-with-all-kinds-of-excavator-models.webp\" alt=\"Obraz produktu\"><\/p>\n<h2>Rozwi\u0105zywanie problem\u00f3w i typowe problemy<\/h2>\n<ul>\n<li>Wyciek: Podaj wskaz\u00f3wki i rozwi\u0105zania dotycz\u0105ce usuwania wyciek\u00f3w oleju.<\/li>\n<li>Niska wydajno\u015b\u0107: Om\u00f3w mo\u017cliwe przyczyny obni\u017conej wydajno\u015bci i sposoby ich rozwi\u0105zania.<\/li>\n<li>Ha\u0142as lub wibracje: Wyja\u015bnij potencjalne przyczyny ha\u0142asu lub wibracji i zaproponuj metody rozwi\u0105zywania problem\u00f3w.<\/li>\n<\/ul>\n<h2>Wskaz\u00f3wki i rozwi\u0105zania dotycz\u0105ce konserwacji<\/h2>\n<p>Doradzaj w zakresie prac konserwacyjnych, w tym regularnych przegl\u0105d\u00f3w, prawid\u0142owego smarowania, wymiany uszczelnie\u0144 i kontroli kalibracji. Podkre\u015blaj znaczenie prawid\u0142owej instalacji, smarowania i regulacji. Udzielaj wskaz\u00f3wek dotycz\u0105cych prawid\u0142owego ustawienia cylindra podczas instalacji. Zalecaj procedury kontroli, naprawy i wymiany. Dziel si\u0119 wskaz\u00f3wkami dotycz\u0105cymi wyd\u0142u\u017cenia \u017cywotno\u015bci cylindra kube\u0142kowego.<\/p>\n<p>\t<img decoding=\"async\" src=\"https:\/\/hzpt.com\/wp-content\/uploads\/2024\/11\/songte-company-1.webp\" alt=\"Obraz produktu\"><\/p>\n<h2>O naszej firmie<\/h2>\n<p>Jeste\u015bmy producentem zamiennych cylindr\u00f3w hydraulicznych i jednym z wiod\u0105cych producent\u00f3w oraz dystrybutor\u00f3w hurtowych na rynku krajowym i mi\u0119dzynarodowym. Przestrzegamy zasad doskona\u0142ej jako\u015bci i opieramy si\u0119 na przemys\u0142owych strategiach zarz\u0105dzania produkcj\u0105 w naszym nowoczesnym zak\u0142adzie produkcyjnym. Dzi\u0119ki wykorzystaniu talent\u00f3w technologicznych, zaawansowanego sprz\u0119tu do produkcji cyfrowej oraz profesjonalnych system\u00f3w testowych, stale ulepszamy nasz\u0105 platform\u0119 produkcyjn\u0105, doskonalimy nasze procesy produkcyjne pod k\u0105tem jako\u015bci produkt\u00f3w i dysponujemy silnymi mo\u017cliwo\u015bciami innowacyjnymi. D\u0105\u017cymy do zaspokojenia zr\u00f3\u017cnicowanych potrzeb klient\u00f3w, zapewniaj\u0105c wysok\u0105 wydajno\u015b\u0107, precyzj\u0119 i jako\u015b\u0107.<\/p>\n<p>\t<img decoding=\"async\" src=\"https:\/\/www.hydraulic-cylinders.net\/wp-content\/uploads\/2025\/01\/songte-company-3.webp\" alt=\"Obraz produktu\"><\/p>\n<h2>Najwa\u017cniejsze informacje o naszej firmie<\/h2>\n<ul>\n<li>Profesjonalizm: Podkre\u015bl kompetencje i specjalizacj\u0119 firmy w zakresie cylindr\u00f3w hydraulicznych.<\/li>\n<li>Certyfikaty mi\u0119dzynarodowe: Wymie\u0144 wszelkie istotne certyfikaty i normy uzyskane przez firm\u0119.<\/li>\n<li>Us\u0142ugi dostosowywania: Om\u00f3w mo\u017cliwo\u015bci firmy w zakresie dostarczania rozwi\u0105za\u0144 dostosowanych do konkretnych wymaga\u0144 klient\u00f3w.<\/li>\n<li>Sprz\u0119t produkcyjny: Wska\u017c zaawansowany sprz\u0119t produkcyjny wykorzystywany przez firm\u0119.<\/li>\n<li>Serwis posprzeda\u017cowy: Wyja\u015bnij, w jaki spos\u00f3b firma dba o zapewnienie doskona\u0142ej obs\u0142ugi posprzeda\u017cowej i wsparcia.<\/li>\n<\/ul>\n<p>Autor: lyl<\/p>\n<p><\/body><br \/>\n<\/html><\/p>","protected":false},"excerpt":{"rendered":"<p>Bucket Cylinder For Hyundai Small Excavator R80-7 Bucket Cylinder For Hyundai Small Excavator R80-7 Introduction The bucket cylinder for Hyundai small excavator R80-7 is a specially designed hydraulic cylinder used to control the movement of the bucket in heavy machinery such as excavators, backhoe loaders, and front-end loaders. Its main function is to enable the [&hellip;]<\/p>","protected":false},"featured_media":14771,"comment_status":"open","ping_status":"closed","template":"","meta":{"_et_pb_use_builder":"","_et_pb_old_content":"","_et_gb_content_width":""},"product_brand":[],"product_cat":[1494],"product_tag":[1495,1496],"class_list":{"0":"post-15307","1":"product","2":"type-product","3":"status-publish","4":"has-post-thumbnail","6":"product_cat-bucket-cylinders","7":"product_tag-bucket-cylinders","8":"product_tag-hydraulic-cylinders","10":"first","11":"instock","12":"shipping-taxable","13":"product-type-simple"},"amp_enabled":true,"_links":{"self":[{"href":"https:\/\/www.hydraulic-cylinders.net\/pl\/wp-json\/wp\/v2\/product\/15307","targetHints":{"allow":["GET"]}}],"collection":[{"href":"https:\/\/www.hydraulic-cylinders.net\/pl\/wp-json\/wp\/v2\/product"}],"about":[{"href":"https:\/\/www.hydraulic-cylinders.net\/pl\/wp-json\/wp\/v2\/types\/product"}],"replies":[{"embeddable":true,"href":"https:\/\/www.hydraulic-cylinders.net\/pl\/wp-json\/wp\/v2\/comments?post=15307"}],"wp:featuredmedia":[{"embeddable":true,"href":"https:\/\/www.hydraulic-cylinders.net\/pl\/wp-json\/wp\/v2\/media\/14771"}],"wp:attachment":[{"href":"https:\/\/www.hydraulic-cylinders.net\/pl\/wp-json\/wp\/v2\/media?parent=15307"}],"wp:term":[{"taxonomy":"product_brand","embeddable":true,"href":"https:\/\/www.hydraulic-cylinders.net\/pl\/wp-json\/wp\/v2\/product_brand?post=15307"},{"taxonomy":"product_cat","embeddable":true,"href":"https:\/\/www.hydraulic-cylinders.net\/pl\/wp-json\/wp\/v2\/product_cat?post=15307"},{"taxonomy":"product_tag","embeddable":true,"href":"https:\/\/www.hydraulic-cylinders.net\/pl\/wp-json\/wp\/v2\/product_tag?post=15307"}],"curies":[{"name":"wp","href":"https:\/\/api.w.org\/{rel}","templated":true}]}}