{"id":15312,"date":"2025-01-19T14:22:19","date_gmt":"2025-01-19T14:22:19","guid":{"rendered":"https:\/\/www.hydraulic-cylinders.net\/product\/bucket-cylinder-for-hyundai-middle-excavator-r170lc-5\/"},"modified":"2025-01-19T14:22:21","modified_gmt":"2025-01-19T14:22:21","slug":"bucket-cylinder-for-hyundai-middle-excavator-r170lc-5","status":"publish","type":"product","link":"https:\/\/www.hydraulic-cylinders.net\/pl\/produkt\/bucket-cylinder-for-hyundai-middle-excavator-r170lc-5\/","title":{"rendered":"Si\u0142ownik \u0142y\u017cki do koparki \u015bredniej Hyundai R170LC-5"},"content":{"rendered":"<h1>Si\u0142ownik \u0142y\u017cki do koparki \u015bredniej Hyundai R170LC-5<\/h1>\n<h2>Wst\u0119p<\/h2>\n<p>Si\u0142ownik \u0142y\u017cki do koparki Hyundai Middle Excavator R170LC-5 to specjalistyczny si\u0142ownik hydrauliczny, u\u017cywany g\u0142\u00f3wnie do sterowania ruchem \u0142y\u017cek koparek w ci\u0119\u017ckich maszynach, takich jak koparki, koparko-\u0142adowarki i \u0142adowarki czo\u0142owe. Jego g\u0142\u00f3wn\u0105 funkcj\u0105 jest podnoszenie, opuszczanie i przechylanie \u0142y\u017cki, u\u0142atwiaj\u0105c wykonywanie r\u00f3\u017cnych zada\u0144 zwi\u0105zanych z przenoszeniem materia\u0142\u00f3w. W uk\u0142adzie hydraulicznym si\u0142ownik \u0142y\u017cki wykorzystuje zmiany ci\u015bnienia oleju hydraulicznego, aby zapewni\u0107 precyzyjn\u0105 kontrol\u0119 nad \u0142y\u017ck\u0105, umo\u017cliwiaj\u0105c operatorom wydajne przenoszenie ci\u0119\u017ckich \u0142adunk\u00f3w i dostosowanie si\u0119 do z\u0142o\u017conych warunk\u00f3w pracy oraz zr\u00f3\u017cnicowanych wymaga\u0144.<\/p>\n<p><img decoding=\"async\" src=\"https:\/\/www.hydraulic-cylinders.net\/wp-content\/uploads\/2025\/01\/songte-company-2.webp\"><\/p>\n<h2>Cechy produktu<\/h2>\n<ul>\n<li>\n<h3>Wysoka wytrzyma\u0142o\u015b\u0107 i trwa\u0142o\u015b\u0107<\/h3>\n<p>Zazwyczaj wykonany z wysokowytrzyma\u0142ej stali lub aluminium, si\u0142ownik \u0142y\u017cki wytrzymuje wysokie ci\u015bnienie i du\u017ce obci\u0105\u017cenia, dostosowuj\u0105c si\u0119 do trudnych warunk\u00f3w pracy. Konstrukcja uwzgl\u0119dnia r\u00f3wnie\u017c odporno\u015b\u0107 na zu\u017cycie i korozj\u0119, aby wyd\u0142u\u017cy\u0107 \u017cywotno\u015b\u0107 si\u0142ownika.<\/p>\n<\/li>\n<li>\n<h3>Wydajna praca hydrauliczna<\/h3>\n<p>Wykorzystuj\u0105c ci\u015bnienie oleju hydraulicznego do uzyskania p\u0142ynnego rozci\u0105gania i wci\u0105gania, si\u0142ownik mo\u017ce szybko reagowa\u0107 na polecenia i zapewnia\u0107 du\u017c\u0105 si\u0142\u0119 pchania i ci\u0105gni\u0119cia, odpowiedni\u0105 do przenoszenia ci\u0119\u017ckich \u0142adunk\u00f3w i wykonywania skomplikowanych zada\u0144.<\/p>\n<\/li>\n<li>\n<h3>R\u00f3\u017cne typy<\/h3>\n<p>W zale\u017cno\u015bci od potrzeb, mo\u017cna wybra\u0107 cylindry jedno- lub dwustronnego dzia\u0142ania, aby spe\u0142ni\u0107 zr\u00f3\u017cnicowane wymagania operacyjne. Niekt\u00f3re modele s\u0105 teleskopowe, co pozwala na wi\u0119ksze wysuni\u0119cie bez zwi\u0119kszania wymiar\u00f3w zewn\u0119trznych, co jest odpowiednie do zastosowa\u0144 w ograniczonej przestrzeni.<\/p>\n<\/li>\n<li>\n<h3>Idealny zamiennik<\/h3>\n<p>Nasz produkt mo\u017ce doskonale zast\u0105pi\u0107 tego typu si\u0142owniki hydrauliczne. <\/p>\n<\/li>\n<\/ul>\n<p><img decoding=\"async\" src=\"https:\/\/www.hydraulic-cylinders.net\/wp-content\/uploads\/2025\/01\/songte-cylinder-head-with-all-kinds-excavator-models.webp\"><\/p>\n<h2>Aplikacje<\/h2>\n<p>Si\u0142ownik \u0142y\u017cki do koparki \u015bredniej Hyundai R170LC-5 mo\u017ce by\u0107 szeroko stosowany w r\u00f3\u017cnych ci\u0119\u017ckich maszynach, w tym:<\/p>\n<ul>\n<li>\n<h3>Sprz\u0119t budowlany<\/h3>\n<p>W koparkach s\u0105 one niezb\u0119dne do kopania, za\u0142adunku i przemieszczania gleby lub gruzu. W koparko-\u0142adowarkach si\u0142ownik wspomaga zar\u00f3wno kopanie, jak i podnoszenie. <\/p>\n<\/li>\n<li>\n<h3>Maszyny rolnicze<\/h3>\n<p>Stosowany w \u0142adowarkach czo\u0142owych do przenoszenia ziemi, siana i innych materia\u0142\u00f3w, cylinder mo\u017cna podnosi\u0107 i przechyla\u0107, aby zapewni\u0107 efektywny roz\u0142adunek. <\/p>\n<\/li>\n<li>\n<h3>Koparki<\/h3>\n<p>Cylinder \u0142y\u017cki umo\u017cliwia jej zag\u0142\u0119bianie si\u0119 w gleb\u0119 podczas kopania. <\/p>\n<\/li>\n<li>\n<h3>\u0141adowarki<\/h3>\n<p>W \u0142adowarkach czo\u0142owych pomagaj\u0105 efektywnie podnosi\u0107 i roz\u0142adowywa\u0107 \u0142adunki. <\/p>\n<\/li>\n<\/ul>\n<h2>Zagadnienia projektowe i kryteria wyboru<\/h2>\n<p>Si\u0142ownik \u0142y\u017cki do koparki \u015bredniej Hyundai R170LC-5 zosta\u0142 zaprojektowany z uwzgl\u0119dnieniem r\u00f3\u017cnych czynnik\u00f3w, w tym:<\/p>\n<ul>\n<li>\n<h3>No\u015bno\u015b\u0107<\/h3>\n<p>Cylinder powinien wytrzyma\u0107 maksymalne obci\u0105\u017cenie, jakie b\u0119dzie obs\u0142ugiwa\u0142. <\/p>\n<\/li>\n<li>\n<h3>Wydajno\u015b\u0107 uszczelnienia<\/h3>\n<p>Cylinder powinien mie\u0107 niezawodne uszczelnienie, aby zapobiec wyciekom oleju i zapewni\u0107 p\u0142ynn\u0105 prac\u0119. <\/p>\n<\/li>\n<li>\n<h3>Trwa\u0142o\u015b\u0107<\/h3>\n<p>Cylinder powinien by\u0107 wykonany z materia\u0142\u00f3w najwy\u017cszej jako\u015bci, charakteryzuj\u0105cych si\u0119 du\u017c\u0105 odporno\u015bci\u0105 na zu\u017cycie i korozj\u0119, aby wyd\u0142u\u017cy\u0107 jego \u017cywotno\u015b\u0107. <\/p>\n<\/li>\n<li>\n<h3>Bezpiecze\u0144stwo<\/h3>\n<p>Cylinder powinien by\u0107 zaprojektowany z uwzgl\u0119dnieniem kwestii bezpiecze\u0144stwa, aby zapobiec wypadkom spowodowanym awari\u0105 cylindra. <\/p>\n<\/li>\n<li>\n<h3>Utrzymywalno\u015b\u0107<\/h3>\n<p>Cylinder powinien by\u0107 \u0142atwy w utrzymaniu, aby ograniczy\u0107 koszty konserwacji i przestoje. <\/p>\n<\/li>\n<\/ul>\n<p><img decoding=\"async\" src=\"https:\/\/www.hydraulic-cylinders.net\/wp-content\/uploads\/2025\/01\/songte-oil-pipes-and-spare-parts.webp\"><\/p>\n<h2>Uszczelnianie i smarowanie<\/h2>\n<p>Si\u0142ownik \u0142y\u017cki do koparki Hyundai Middle Excavator R170LC-5 wykorzystuje r\u00f3\u017cnorodne elementy uszczelniaj\u0105ce, takie jak uszczelki t\u0142oka i t\u0142oczyska, wykonane z materia\u0142\u00f3w odpornych na zu\u017cycie, takich jak poliuretan i kauczuk nitrylowy. Korpus cylindra, t\u0142ok i powierzchnia t\u0142oczyska s\u0105 r\u00f3wnie\u017c precyzyjnie obrobione, aby zwi\u0119kszy\u0107 odporno\u015b\u0107 na zu\u017cycie. Regularne smarowanie odpowiednim olejem hydraulicznym jest niezb\u0119dne dla zapewnienia p\u0142ynnej pracy. <\/p>\n<h2>Regularne kontrole i konserwacja zapobiegawcza<\/h2>\n<p>Regularne przegl\u0105dy i konserwacja zapobiegawcza s\u0105 wa\u017cne dla zapewnienia bezpiecznej i wydajnej pracy si\u0142ownika \u0142y\u017cki koparki Hyundai Middle Excavator R170LC-5. Niekt\u00f3re \u015brodki zapobiegawcze obejmuj\u0105:<\/p>\n<ul>\n<li>Regularne smarowanie<\/li>\n<li>Wymiana uszczelki<\/li>\n<li>Kontrola kalibracji<\/li>\n<\/ul>\n<h2>Instrukcja instalacji produktu<\/h2>\n<p>Prawid\u0142owy monta\u017c jest niezb\u0119dny dla bezpiecznej i wydajnej pracy si\u0142ownika \u0142y\u017cki koparki Hyundai Middle Excavator R170LC-5. Poni\u017csze kroki zawieraj\u0105 wskaz\u00f3wki dotycz\u0105ce prawid\u0142owego monta\u017cu:<\/p>\n<ol>\n<li>Wyr\u00f3wnaj cylinder z powierzchni\u0105 monta\u017cow\u0105.<\/li>\n<li>Do zabezpieczenia cylindra nale\u017cy u\u017cy\u0107 odpowiednich wspornik\u00f3w monta\u017cowych.<\/li>\n<li>Pod\u0142\u0105cz przewody hydrauliczne do cylindra.<\/li>\n<li>Sprawd\u017a, czy w\u0119\u017ce nie s\u0105 skr\u0119cone lub za\u0142amane.<\/li>\n<li>Przed rozpocz\u0119ciem pracy nale\u017cy przep\u0142uka\u0107 uk\u0142ad hydrauliczny.<\/li>\n<\/ol>\n<p>Podkre\u015bla si\u0119 znaczenie prawid\u0142owego monta\u017cu, smarowania i regulacji, aby wyd\u0142u\u017cy\u0107 \u017cywotno\u015b\u0107 i poprawi\u0107 wydajno\u015b\u0107 cylindra. Aby zapewni\u0107 najlepsze rezultaty, zalecamy stosowanie odpowiednich narz\u0119dzi monta\u017cowych oraz przestrzeganie zalecanych procedur kontroli, naprawy i wymiany. <\/p>\n<p><img decoding=\"async\" src=\"https:\/\/www.hydraulic-cylinders.net\/wp-content\/uploads\/2025\/01\/songte-chushion-collar.webp\"><\/p>\n<h2>Zagadnienia bezpiecze\u0144stwa i czynniki \u015brodowiskowe<\/h2>\n<p>Podczas obs\u0142ugi cylindra \u0142y\u017cki koparki Hyundai Middle Excavator R170LC-5 nale\u017cy bezwzgl\u0119dnie przestrzega\u0107 \u015brodk\u00f3w bezpiecze\u0144stwa. Aby zapobiec wypadkom, cylinder powinien by\u0107 obs\u0142ugiwany zgodnie z okre\u015blonymi parametrami. Podczas obs\u0142ugi cylindra nale\u017cy r\u00f3wnie\u017c uwzgl\u0119dni\u0107 czynniki \u015brodowiskowe, takie jak temperatura i wilgotno\u015b\u0107.<\/p>\n<h2>Rozwi\u0105zywanie problem\u00f3w i typowe problemy<\/h2>\n<p>Poni\u017cej przedstawiono typowe problemy, kt\u00f3re mog\u0105 wyst\u0105pi\u0107 podczas u\u017cytkowania cylindra \u0142y\u017cki do koparki Hyundai Middle Excavator R170LC-5:<\/p>\n<ul>\n<li>Wyciek oleju<\/li>\n<li>Powolna praca<\/li>\n<li>Nieregularna praca<\/li>\n<li>Ha\u0142as<\/li>\n<\/ul>\n<p>Aby rozwi\u0105za\u0107 te problemy, nale\u017cy podj\u0105\u0107 odpowiednie dzia\u0142ania naprawcze. Na przyk\u0142ad, wyciek oleju mo\u017ce by\u0107 spowodowany uszkodzonymi uszczelkami lub lu\u017anymi po\u0142\u0105czeniami. Wolna praca mo\u017ce by\u0107 spowodowana niskim ci\u015bnieniem oleju hydraulicznego. Nieregularna praca mo\u017ce by\u0107 spowodowana awari\u0105 zaworu lub cylindra. Ha\u0142as mo\u017ce by\u0107 spowodowany uwi\u0119zieniem powietrza w uk\u0142adzie hydraulicznym. Regularne przegl\u0105dy i konserwacja zapobiegawcza mog\u0105 pom\u00f3c zapobiec wyst\u0105pieniu tych problem\u00f3w.<\/p>\n<p><img decoding=\"async\" src=\"https:\/\/www.hydraulic-cylinders.net\/wp-content\/uploads\/2025\/01\/songte-bushings-with-all-kinds-of-excavator-models.webp\"><\/p>\n<h2>O naszej firmie<\/h2>\n<p>Jeste\u015bmy producentem zamiennych cylindr\u00f3w hydraulicznych, oferuj\u0105cym pe\u0142n\u0105 gam\u0119 produkt\u00f3w. Stali\u015bmy si\u0119 jednym z wiod\u0105cych producent\u00f3w i hurtowych dystrybutor\u00f3w cylindr\u00f3w hydraulicznych na rynku krajowym i mi\u0119dzynarodowym. Kierujemy si\u0119 strategi\u0105 doskona\u0142ej jako\u015bci, opieraj\u0105c si\u0119 na przemys\u0142owym zarz\u0105dzaniu produkcj\u0105 w wyspecjalizowanych warsztatach produkcyjnych. Stale udoskonalamy platform\u0119 produkcyjn\u0105 warsztatu, podnosimy jako\u015b\u0107 produkcji i dysponujemy du\u017cym potencja\u0142em kreatywnym. Kierujemy si\u0119 wysok\u0105 wydajno\u015bci\u0105, precyzj\u0105 i jako\u015bci\u0105, aby sprosta\u0107 zr\u00f3\u017cnicowanym potrzebom klient\u00f3w.<\/p>\n<p>Naszym celem jest \u015bwiadczenie profesjonalnych, certyfikowanych, mi\u0119dzynarodowych us\u0142ug dostosowanych do indywidualnych potrzeb, a tak\u017ce korzystanie z zaawansowanego sprz\u0119tu produkcyjnego i doskona\u0142ej obs\u0142ugi posprzeda\u017cowej. Nasza firma stale si\u0119 rozwija i jeste\u015bmy przekonani, \u017ce mo\u017cemy zapewni\u0107 naszym klientom wysokiej jako\u015bci produkty i us\u0142ugi.<\/p>\n<p><img decoding=\"async\" src=\"https:\/\/hzpt.com\/wp-content\/uploads\/2024\/11\/songte-company-1.webp\"><\/p>\n<p>Autor: lyl<\/p>","protected":false},"excerpt":{"rendered":"<p>Bucket Cylinder For Hyundai Middle Excavator R170LC-5 Introduction The Bucket Cylinder for Hyundai Middle Excavator R170LC-5 is a specialized hydraulic cylinder primarily used to control the motion of excavator buckets in heavy machinery such as excavators, backhoe excavators, and front-end loaders. Its main function is to enable the bucket to lift, lower, and tilt, making [&hellip;]<\/p>","protected":false},"featured_media":14789,"comment_status":"open","ping_status":"closed","template":"","meta":{"_et_pb_use_builder":"","_et_pb_old_content":"","_et_gb_content_width":""},"product_brand":[],"product_cat":[1494],"product_tag":[1495,1496],"class_list":{"0":"post-15312","1":"product","2":"type-product","3":"status-publish","4":"has-post-thumbnail","6":"product_cat-bucket-cylinders","7":"product_tag-bucket-cylinders","8":"product_tag-hydraulic-cylinders","10":"first","11":"instock","12":"shipping-taxable","13":"product-type-simple"},"amp_enabled":true,"_links":{"self":[{"href":"https:\/\/www.hydraulic-cylinders.net\/pl\/wp-json\/wp\/v2\/product\/15312","targetHints":{"allow":["GET"]}}],"collection":[{"href":"https:\/\/www.hydraulic-cylinders.net\/pl\/wp-json\/wp\/v2\/product"}],"about":[{"href":"https:\/\/www.hydraulic-cylinders.net\/pl\/wp-json\/wp\/v2\/types\/product"}],"replies":[{"embeddable":true,"href":"https:\/\/www.hydraulic-cylinders.net\/pl\/wp-json\/wp\/v2\/comments?post=15312"}],"wp:featuredmedia":[{"embeddable":true,"href":"https:\/\/www.hydraulic-cylinders.net\/pl\/wp-json\/wp\/v2\/media\/14789"}],"wp:attachment":[{"href":"https:\/\/www.hydraulic-cylinders.net\/pl\/wp-json\/wp\/v2\/media?parent=15312"}],"wp:term":[{"taxonomy":"product_brand","embeddable":true,"href":"https:\/\/www.hydraulic-cylinders.net\/pl\/wp-json\/wp\/v2\/product_brand?post=15312"},{"taxonomy":"product_cat","embeddable":true,"href":"https:\/\/www.hydraulic-cylinders.net\/pl\/wp-json\/wp\/v2\/product_cat?post=15312"},{"taxonomy":"product_tag","embeddable":true,"href":"https:\/\/www.hydraulic-cylinders.net\/pl\/wp-json\/wp\/v2\/product_tag?post=15312"}],"curies":[{"name":"wp","href":"https:\/\/api.w.org\/{rel}","templated":true}]}}