{"id":15314,"date":"2025-01-19T14:22:28","date_gmt":"2025-01-19T14:22:28","guid":{"rendered":"https:\/\/www.hydraulic-cylinders.net\/product\/bucket-cylinder-for-hyundai-middle-excavator-r210-5d\/"},"modified":"2025-01-19T14:22:29","modified_gmt":"2025-01-19T14:22:29","slug":"bucket-cylinder-for-hyundai-middle-excavator-r210-5d","status":"publish","type":"product","link":"https:\/\/www.hydraulic-cylinders.net\/pl\/produkt\/bucket-cylinder-for-hyundai-middle-excavator-r210-5d\/","title":{"rendered":"Si\u0142ownik \u0142y\u017cki do koparki \u015bredniej Hyundai R210-5D"},"content":{"rendered":"<h1>Si\u0142ownik \u0142y\u017cki do koparki \u015bredniej Hyundai R210-5D<\/h1>\n<h2>Wst\u0119p<\/h2>\n<p>Si\u0142ownik \u0142y\u017cki to specjalnie zaprojektowany si\u0142ownik hydrauliczny s\u0142u\u017c\u0105cy do sterowania ruchem \u0142y\u017cki w ci\u0119\u017ckich maszynach, takich jak koparki, koparko-\u0142adowarki i \u0142adowarki czo\u0142owe. Jego g\u0142\u00f3wn\u0105 funkcj\u0105 jest umo\u017cliwienie podnoszenia, opuszczania i przechylania \u0142y\u017cki, u\u0142atwiaj\u0105c tym samym r\u00f3\u017cnorodne zadania zwi\u0105zane z prze\u0142adunkiem materia\u0142\u00f3w. W uk\u0142adzie hydraulicznym si\u0142ownik \u0142y\u017cki zapewnia precyzyjn\u0105 kontrol\u0119 nad \u0142y\u017ck\u0105 poprzez zmian\u0119 ci\u015bnienia oleju hydraulicznego, umo\u017cliwiaj\u0105c operatorom wydajne przenoszenie ci\u0119\u017ckich przedmiot\u00f3w i dostosowanie si\u0119 do z\u0142o\u017conych warunk\u00f3w pracy oraz zr\u00f3\u017cnicowanych wymaga\u0144 operacyjnych.<\/p>\n<p><img decoding=\"async\" src=\"https:\/\/www.hydraulic-cylinders.net\/wp-content\/uploads\/2025\/01\/songte-company-2.webp\" \/><\/p>\n<h2>Cechy<\/h2>\n<ul>\n<li>\n<h3>Wysoka wytrzyma\u0142o\u015b\u0107 i trwa\u0142o\u015b\u0107<\/h3>\n<p>Cylindry kube\u0142kowe s\u0105 zazwyczaj wykonane z wytrzyma\u0142ej stali lub aluminium, dzi\u0119ki czemu wytrzymuj\u0105 du\u017ce ci\u015bnienie i obci\u0105\u017cenia, a ich konstrukcja ma zapewnia\u0107 odporno\u015b\u0107 na zu\u017cycie i korozj\u0119, co wyd\u0142u\u017ca ich \u017cywotno\u015b\u0107.<\/p>\n<\/li>\n<li>\n<h3>Wydajna praca uk\u0142adu hydraulicznego<\/h3>\n<p>Cylindry czerpakowe wykorzystuj\u0105 ci\u015bnienie oleju hydraulicznego, aby zapewni\u0107 p\u0142ynne rozci\u0105ganie i kurczenie, szybko reaguj\u0105 na polecenia steruj\u0105ce, zapewniaj\u0105 du\u017c\u0105 si\u0142\u0119 pchania i ci\u0105gni\u0119cia oraz idealnie nadaj\u0105 si\u0119 do przenoszenia ci\u0119\u017ckich przedmiot\u00f3w i wykonywania skomplikowanych zada\u0144 operacyjnych.<\/p>\n<\/li>\n<li>\n<h3>R\u00f3\u017cne typy<\/h3>\n<p>Si\u0142owniki kube\u0142kowe mog\u0105 by\u0107 wybierane jako si\u0142owniki jednostronnego dzia\u0142ania (hydrauliczne dzia\u0142aj\u0105ce tylko w jednym kierunku) lub dwustronnego dzia\u0142ania (hydrauliczne dzia\u0142aj\u0105ce w dw\u00f3ch kierunkach), w zale\u017cno\u015bci od wymaga\u0144 operacyjnych. Niekt\u00f3re modele s\u0105 teleskopowe, co pozwala na wi\u0119ksz\u0105 rozbudow\u0119 bez zwi\u0119kszania wymiar\u00f3w zewn\u0119trznych, i nadaje si\u0119 do zastosowa\u0144 w ograniczonej przestrzeni.<\/p>\n<\/li>\n<li>\n<h3>Idealny zamiennik<\/h3>\n<p>Nasze produkty mog\u0105 doskonale zast\u0105pi\u0107 te si\u0142owniki hydrauliczne.<\/p>\n<\/li>\n<\/ul>\n<p><img decoding=\"async\" src=\"https:\/\/www.hydraulic-cylinders.net\/wp-content\/uploads\/2025\/01\/songte-cylinder-head-with-all-kinds-excavator-models.webp\" \/><\/p>\n<h2>Aplikacje<\/h2>\n<p>Cylindry kube\u0142kowe s\u0105 szeroko stosowane w r\u00f3\u017cnych ga\u0142\u0119ziach przemys\u0142u do r\u00f3\u017cnych cel\u00f3w, w tym:<\/p>\n<ul>\n<li>\n<h3>Sprz\u0119t budowlany<\/h3>\n<p>Si\u0142owniki \u0142y\u017cki s\u0105 niezb\u0119dne w koparkach do kopania, za\u0142adunku i przemieszczania gleby lub gruzu. W koparko-\u0142adowarkach si\u0142owniki \u0142y\u017cki pomagaj\u0105 zar\u00f3wno w kopaniu, jak i podnoszeniu.<\/p>\n<\/li>\n<li>\n<h3>Maszyny rolnicze<\/h3>\n<p>Cylindry \u0142y\u017cki s\u0105 stosowane w \u0142adowarkach czo\u0142owych do nabierania, podnoszenia i transportu gleby, siana i innych materia\u0142\u00f3w. W koparkach cylinder \u0142y\u017cki umo\u017cliwia kopanie, pozwalaj\u0105c \u0142y\u017cce na penetracj\u0119 gleby.<\/p>\n<\/li>\n<li>\n<h3>\u0141adowarka<\/h3>\n<p>Cylindry \u0142y\u017cki pomagaj\u0105 w wydajnym podnoszeniu i wysypywaniu materia\u0142\u00f3w w \u0142adowarkach czo\u0142owych.<\/p>\n<\/li>\n<\/ul>\n<h2>Zagadnienia projektowe i kryteria wyboru<\/h2>\n<ul>\n<li>\n<h3>No\u015bno\u015b\u0107<\/h3>\n<p>Cylinder musi by\u0107 zaprojektowany tak, aby wytrzymywa\u0142 du\u017ce obci\u0105\u017cenia i ci\u015bnienie, a wykorzystane materia\u0142y musz\u0105 by\u0107 bardzo trwa\u0142e i odporne na zu\u017cycie i korozj\u0119.<\/p>\n<\/li>\n<li>\n<h3>Uszczelnianie i smarowanie<\/h3>\n<p>W cylindrze nale\u017cy stosowa\u0107 r\u00f3\u017cnorodne uszczelnienia, takie jak pier\u015bcienie uszczelniaj\u0105ce t\u0142oka i t\u0142oczyska, wykonane z materia\u0142\u00f3w odpornych na zu\u017cycie, takich jak poliuretan i kauczuk nitrylowy. Korpus cylindra i powierzchnie gwintowane musz\u0105 zosta\u0107 poddane precyzyjnej obr\u00f3bce w celu zwi\u0119kszenia odporno\u015bci na zu\u017cycie. W celu zapewnienia smarowania nale\u017cy regularnie uzupe\u0142nia\u0107 odpowiedni\u0105 ilo\u015b\u0107 oleju hydraulicznego.<\/p>\n<\/li>\n<li>\n<h3>Trwa\u0142o\u015b\u0107 i bezpiecze\u0144stwo<\/h3>\n<p>Butla musi by\u0107 zaprojektowana z my\u015bl\u0105 o bezpiecze\u0144stwie, z uwzgl\u0119dnieniem takich rozwi\u0105za\u0144 jak zawory bezpiecze\u0144stwa. Aby zapewni\u0107 jej trwa\u0142o\u015b\u0107 i bezpiecze\u0144stwo, nale\u017cy przeprowadza\u0107 odpowiedni\u0105 konserwacj\u0119 i okresowe przegl\u0105dy.<\/p>\n<\/li>\n<\/ul>\n<p><img decoding=\"async\" src=\"https:\/\/www.hydraulic-cylinders.net\/wp-content\/uploads\/2025\/01\/songte-oil-pipes-and-spare-parts.webp\" \/><\/p>\n<h2>Konserwacja i naprawa<\/h2>\n<p>Regularna konserwacja i odpowiednie smarowanie s\u0105 niezb\u0119dne dla zapewnienia d\u0142ugiej \u017cywotno\u015bci si\u0142ownik\u00f3w kube\u0142kowych. Typowe czynno\u015bci konserwacyjne obejmuj\u0105:<\/p>\n<ul>\n<li>\n<h3>Okresowa kontrola<\/h3>\n<p>Regularne sprawdzanie cylindra w celu zapewnienia jego prawid\u0142owego dzia\u0142ania i wykrycia potencjalnych problem\u00f3w.<\/p>\n<\/li>\n<li>\n<h3>Smarowanie<\/h3>\n<p>Regularne dodawanie odpowiedniej ilo\u015bci oleju hydraulicznego w celu zapewnienia w\u0142a\u015bciwego smarowania cylindra.<\/p>\n<\/li>\n<li>\n<h3>Wymiana uszczelki<\/h3>\n<p>Wymiana uszczelek, takich jak pier\u015bcienie uszczelniaj\u0105ce t\u0142oka i pier\u015bcienie uszczelniaj\u0105ce t\u0142oczyska, gdy jest to konieczne w celu zachowania integralno\u015bci cylindra.<\/p>\n<\/li>\n<li>\n<h3>Kontrola kalibracji<\/h3>\n<p>Okresowe sprawdzanie kalibracji cylindra w celu upewnienia si\u0119, \u017ce dzia\u0142a on zgodnie z przeznaczeniem.<\/p>\n<\/li>\n<\/ul>\n<p><img decoding=\"async\" src=\"https:\/\/www.hydraulic-cylinders.net\/wp-content\/uploads\/2025\/01\/songte-chushion-collar.webp\" \/><\/p>\n<h2>Bezpiecze\u0144stwo i wzgl\u0119dy \u015brodowiskowe<\/h2>\n<p>Podczas u\u017cytkowania cylindr\u00f3w czerpakowych nale\u017cy zachowa\u0107 \u015brodki ostro\u017cno\u015bci, aby zminimalizowa\u0107 ryzyko obra\u017ce\u0144 operator\u00f3w i os\u00f3b postronnych. Nale\u017cy r\u00f3wnie\u017c uwzgl\u0119dni\u0107 czynniki \u015brodowiskowe, takie jak w\u0142a\u015bciwa utylizacja zu\u017cytego oleju hydraulicznego i uszczelnie\u0144, aby ograniczy\u0107 zanieczyszczenie.<\/p>\n<h2>Rozwi\u0105zywanie problem\u00f3w i typowe problemy<\/h2>\n<p>Typowe problemy z cylindrem czerpakowym obejmuj\u0105 nieszczelno\u015bci, powoln\u0105 prac\u0119 i niskie ci\u015bnienie. Wskaz\u00f3wki i rozwi\u0105zania dotycz\u0105ce rozwi\u0105zywania problem\u00f3w:<\/p>\n<ul>\n<li>\n<h3>Przeciek<\/h3>\n<p>Sprawd\u017a uszczelki i w razie potrzeby wymie\u0144 je.<\/p>\n<\/li>\n<li>\n<h3>Powolna praca<\/h3>\n<p>Sprawd\u017a, czy poziom oleju hydraulicznego jest odpowiedni i w razie potrzeby wyreguluj zaw\u00f3r steruj\u0105cy.<\/p>\n<\/li>\n<li>\n<h3>Niskie ci\u015bnienie<\/h3>\n<p>Sprawd\u017a, czy pompa hydrauliczna dzia\u0142a prawid\u0142owo i w razie potrzeby wyreguluj zaw\u00f3r bezpiecze\u0144stwa.<\/p>\n<\/li>\n<li>\n<h3>\u015arodki zapobiegawcze<\/h3>\n<p>Regularna konserwacja i kontrola mog\u0105 pom\u00f3c zapobiec wyst\u0119powaniu typowych problem\u00f3w i zapewni\u0107 d\u0142ug\u0105 \u017cywotno\u015b\u0107 cylindra.<\/p>\n<\/li>\n<\/ul>\n<p><img decoding=\"async\" src=\"https:\/\/www.hydraulic-cylinders.net\/wp-content\/uploads\/2025\/01\/songte-bushings-with-all-kinds-of-excavator-models.webp\" \/><\/p>\n<h2>O nas<\/h2>\n<p>Jeste\u015bmy producentem zamiennych cylindr\u00f3w hydraulicznych. Nasza szeroka gama produkt\u00f3w uczyni\u0142a nas jednym z wiod\u0105cych producent\u00f3w i hurtownik\u00f3w cylindr\u00f3w hydraulicznych na rynku krajowym i mi\u0119dzynarodowym. Kierujemy si\u0119 zasad\u0105 doskona\u0142ej jako\u015bci i opieramy si\u0119 na zindustrializowanych strategiach zarz\u0105dzania produkcj\u0105 w naszych zaawansowanych warsztatach produkcyjnych. Koncentruj\u0105c si\u0119 na technice, cyfrowym sprz\u0119cie produkcyjnym najwy\u017cszej klasy oraz profesjonalnych systemach testowych, nasza platforma produkcyjna stale si\u0119 rozwija, doskonal\u0105c jako\u015b\u0107 produkt\u00f3w i procesy produkcyjne, aby sprosta\u0107 zr\u00f3\u017cnicowanym wymaganiom klient\u00f3w, zapewniaj\u0105c wysok\u0105 wydajno\u015b\u0107, precyzj\u0119 i jako\u015b\u0107.<\/p>\n<h3>Profesjonalizm<\/h3>\n<p>Nasza firma stawia sobie za cel dostarczanie klientom profesjonalnych i niezawodnych produkt\u00f3w oraz rozwi\u0105za\u0144 w zakresie si\u0142ownik\u00f3w hydraulicznych, wspieranych przez zesp\u00f3\u0142 wykwalifikowanych in\u017cynier\u00f3w i technik\u00f3w, kt\u00f3rzy maj\u0105 do\u015bwiadczenie w dziedzinie maszyn hydraulicznych.<\/p>\n<h3>Certyfikacja mi\u0119dzynarodowa<\/h3>\n<p>Nasza firma uzyska\u0142a mi\u0119dzynarodowe certyfikaty, takie jak ISO9001, gwarantuj\u0105ce jako\u015b\u0107 naszych produkt\u00f3w.<\/p>\n<h3>Us\u0142uga dostosowana do potrzeb<\/h3>\n<p>Oferujemy us\u0142ugi dostosowane do indywidualnych potrzeb naszych klient\u00f3w.<\/p>\n<h3>Sprz\u0119t produkcyjny<\/h3>\n<p>Nasza firma dysponuje zaawansowanym sprz\u0119tem produkcyjnym i testowym, co gwarantuje, \u017ce nasze produkty spe\u0142niaj\u0105 najwy\u017csze standardy.<\/p>\n<h3>Serwis posprzeda\u017cowy<\/h3>\n<p>Nasza firma zapewnia kompleksow\u0105 i terminow\u0105 obs\u0142ug\u0119 posprzeda\u017cow\u0105, aby zagwarantowa\u0107 satysfakcj\u0119 klienta.<\/p>\n<p><img decoding=\"async\" src=\"https:\/\/hzpt.com\/wp-content\/uploads\/2024\/11\/songte-company-1.webp\" \/><\/p>\n<p>Autor: lyl.<\/p>","protected":false},"excerpt":{"rendered":"<p>Bucket Cylinder For Hyundai Middle Excavator R210-5D Introduction A bucket cylinder is a specially designed hydraulic cylinder used to control the movement of the bucket in heavy machinery, such as excavators, backhoe loaders, and front-end loaders. Its main function is to enable the bucket to lift, lower, and tilt, thus facilitating various material handling tasks. [&hellip;]<\/p>","protected":false},"featured_media":14787,"comment_status":"open","ping_status":"closed","template":"","meta":{"_et_pb_use_builder":"","_et_pb_old_content":"","_et_gb_content_width":""},"product_brand":[],"product_cat":[1494],"product_tag":[1495,1496],"class_list":{"0":"post-15314","1":"product","2":"type-product","3":"status-publish","4":"has-post-thumbnail","6":"product_cat-bucket-cylinders","7":"product_tag-bucket-cylinders","8":"product_tag-hydraulic-cylinders","10":"first","11":"instock","12":"shipping-taxable","13":"product-type-simple"},"amp_enabled":true,"_links":{"self":[{"href":"https:\/\/www.hydraulic-cylinders.net\/pl\/wp-json\/wp\/v2\/product\/15314","targetHints":{"allow":["GET"]}}],"collection":[{"href":"https:\/\/www.hydraulic-cylinders.net\/pl\/wp-json\/wp\/v2\/product"}],"about":[{"href":"https:\/\/www.hydraulic-cylinders.net\/pl\/wp-json\/wp\/v2\/types\/product"}],"replies":[{"embeddable":true,"href":"https:\/\/www.hydraulic-cylinders.net\/pl\/wp-json\/wp\/v2\/comments?post=15314"}],"wp:featuredmedia":[{"embeddable":true,"href":"https:\/\/www.hydraulic-cylinders.net\/pl\/wp-json\/wp\/v2\/media\/14787"}],"wp:attachment":[{"href":"https:\/\/www.hydraulic-cylinders.net\/pl\/wp-json\/wp\/v2\/media?parent=15314"}],"wp:term":[{"taxonomy":"product_brand","embeddable":true,"href":"https:\/\/www.hydraulic-cylinders.net\/pl\/wp-json\/wp\/v2\/product_brand?post=15314"},{"taxonomy":"product_cat","embeddable":true,"href":"https:\/\/www.hydraulic-cylinders.net\/pl\/wp-json\/wp\/v2\/product_cat?post=15314"},{"taxonomy":"product_tag","embeddable":true,"href":"https:\/\/www.hydraulic-cylinders.net\/pl\/wp-json\/wp\/v2\/product_tag?post=15314"}],"curies":[{"name":"wp","href":"https:\/\/api.w.org\/{rel}","templated":true}]}}