{"id":15318,"date":"2025-01-19T14:22:44","date_gmt":"2025-01-19T14:22:44","guid":{"rendered":"https:\/\/www.hydraulic-cylinders.net\/product\/bucket-cylinder-for-hyundai-middle-excavator-r200lc\/"},"modified":"2025-01-19T14:22:46","modified_gmt":"2025-01-19T14:22:46","slug":"bucket-cylinder-for-hyundai-middle-excavator-r200lc","status":"publish","type":"product","link":"https:\/\/www.hydraulic-cylinders.net\/pl\/produkt\/bucket-cylinder-for-hyundai-middle-excavator-r200lc\/","title":{"rendered":"Si\u0142ownik \u0142y\u017cki do koparki \u015bredniej Hyundai R200LC"},"content":{"rendered":"<h1>Si\u0142ownik \u0142y\u017cki do koparki \u015bredniej Hyundai R200LC<\/h1>\n<h2>Wst\u0119p<\/h2>\n<p>Si\u0142ownik \u0142y\u017cki do koparki \u015bredniej Hyundai R200LC to specjalistyczny si\u0142ownik hydrauliczny przeznaczony do sterowania ruchem \u0142y\u017cki w ci\u0119\u017ckich maszynach, takich jak koparki, koparko-\u0142adowarki i \u0142adowarki czo\u0142owe. Jego g\u0142\u00f3wn\u0105 funkcj\u0105 jest podnoszenie, opuszczanie i przechylanie \u0142y\u017cki, u\u0142atwiaj\u0105c tym samym r\u00f3\u017cnorodne zadania zwi\u0105zane z prze\u0142adunkiem materia\u0142\u00f3w. W uk\u0142adzie hydraulicznym si\u0142ownik \u0142y\u017cki steruje precyzyjnymi ruchami \u0142y\u017cki poprzez zmiany ci\u015bnienia oleju hydraulicznego, umo\u017cliwiaj\u0105c operatorom wydajne przenoszenie ci\u0119\u017ckich przedmiot\u00f3w i dostosowanie si\u0119 do z\u0142o\u017conych warunk\u00f3w pracy oraz zr\u00f3\u017cnicowanych wymaga\u0144 operacyjnych.<\/p>\n<p><img decoding=\"async\" src=\"https:\/\/www.hydraulic-cylinders.net\/wp-content\/uploads\/2025\/01\/songte-company-2.webp\"\/><\/p>\n<h2>Cechy<\/h2>\n<ul>\n<li>\n<h3>Wysoka wytrzyma\u0142o\u015b\u0107 i trwa\u0142o\u015b\u0107<\/h3>\n<p>Cylinder czerpakowy jest zazwyczaj wykonany z wytrzyma\u0142ej stali lub aluminium, jest w stanie wytrzyma\u0107 wysokie ci\u015bnienie i du\u017ce obci\u0105\u017cenia, przystosowany do trudnych warunk\u00f3w pracy oraz zaprojektowany tak, aby by\u0142 odporny na zu\u017cycie i korozj\u0119, co wyd\u0142u\u017ca jego \u017cywotno\u015b\u0107.<\/p>\n<\/li>\n<li>\n<h3>Wydajna praca hydrauliczna<\/h3>\n<p>Si\u0142ownik \u0142y\u017cki wykorzystuje ci\u015bnienie oleju hydraulicznego, aby zapewni\u0107 p\u0142ynne ruchy wysuwania i chowania, szybko reagowa\u0107 na polecenia operacyjne i zapewnia\u0107 du\u017ce si\u0142y pchania i ci\u0105gni\u0119cia, odpowiednie do ci\u0119\u017ckich i skomplikowanych zada\u0144 operacyjnych.<\/p>\n<\/li>\n<li>\n<h3>R\u00f3\u017cne typy<\/h3>\n<p>Si\u0142ownik czerpakowy mo\u017ce by\u0107 jednostronnego dzia\u0142ania (wykorzystuj\u0105c ci\u015bnienie hydrauliczne w jednym kierunku) lub dwustronnego dzia\u0142ania (wykorzystuj\u0105c ci\u015bnienie hydrauliczne w dw\u00f3ch kierunkach), w zale\u017cno\u015bci od potrzeb eksploatacyjnych. Niekt\u00f3re modele s\u0105 teleskopowe, co pozwala na wi\u0119ksze wysuni\u0119cie bez zwi\u0119kszania wymiar\u00f3w zewn\u0119trznych, i nadaje si\u0119 do zastosowa\u0144 w ograniczonej przestrzeni.<\/p>\n<\/li>\n<li>\n<h3>Idealny zamiennik<\/h3>\n<p>Nasz produkt mo\u017ce doskonale zast\u0105pi\u0107 tego typu si\u0142owniki hydrauliczne. <\/p>\n<\/li>\n<\/ul>\n<p><img decoding=\"async\" src=\"https:\/\/www.hydraulic-cylinders.net\/wp-content\/uploads\/2025\/01\/songte-cylinder-head-with-all-kinds-excavator-models.webp\"\/><\/p>\n<h2>Aplikacje<\/h2>\n<ul>\n<li>\n<h3>Sprz\u0119t budowlany<\/h3>\n<p>W koparkach s\u0105 one niezb\u0119dne do kopania, za\u0142adunku i przemieszczania gleby lub gruzu. W koparko-\u0142adowarkach si\u0142ownik \u0142y\u017cki pomaga w kopaniu i podnoszeniu. W \u0142adowarkach czo\u0142owych s\u0142u\u017c\u0105 do efektywnego podnoszenia i przechylania \u0142adunk\u00f3w.<\/p>\n<\/li>\n<li>\n<h3>Maszyny rolnicze<\/h3>\n<p>Stosowany w \u0142adowarkach czo\u0142owych do nabierania, podnoszenia i transportu ziemi, siana i innych materia\u0142\u00f3w. W koparkach si\u0142ownik \u0142y\u017cki umo\u017cliwia kopanie, pozwalaj\u0105c \u0142y\u017cce na zag\u0142\u0119bianie si\u0119 w gleb\u0119.<\/p>\n<\/li>\n<\/ul>\n<h2>Standardy projektowania i wyboru<\/h2>\n<ul>\n<li>\n<h3>No\u015bno\u015b\u0107<\/h3>\n<p>No\u015bno\u015b\u0107 cylindra czerpakowego musi by\u0107 na tyle du\u017ca, aby wytrzyma\u0107 du\u017ce ci\u015bnienie i du\u017ce obci\u0105\u017cenia.<\/p>\n<\/li>\n<li>\n<h3>Opiecz\u0119towanie<\/h3>\n<p>Cylinder musi zosta\u0107 uszczelniony za pomoc\u0105 r\u00f3\u017cnych element\u00f3w uszczelniaj\u0105cych, takich jak uszczelki t\u0142okowe, uszczelki t\u0142oczyskowe itp. wykonanych z materia\u0142\u00f3w odpornych na zu\u017cycie, takich jak poliuretan i kauczuk nitrylowy.<\/p>\n<\/li>\n<li>\n<h3>Trwa\u0142o\u015b\u0107<\/h3>\n<p>Cylinder powinien by\u0107 zaprojektowany tak, aby by\u0142 odporny na zu\u017cycie i uszkodzenia, a korpus cylindra i gwintowane powierzchnie ko\u0144cowe powinny by\u0107 poddane dok\u0142adnej obr\u00f3bce w celu zwi\u0119kszenia odporno\u015bci na zu\u017cycie.<\/p>\n<\/li>\n<li>\n<h3>Bezpiecze\u0144stwo<\/h3>\n<p>Cylindry czerpakowe musz\u0105 spe\u0142nia\u0107 normy bezpiecze\u0144stwa i nie mog\u0105 stanowi\u0107 zagro\u017cenia dla operatora ani innych pracownik\u00f3w.<\/p>\n<\/li>\n<li>\n<h3>Konserwacja<\/h3>\n<p>Cylinder powinien by\u0107 tak zaprojektowany, aby mo\u017cna go by\u0142o \u0142atwo konserwowa\u0107 i naprawia\u0107. Aby zapewni\u0107 jego prawid\u0142owe dzia\u0142anie, nale\u017cy regularnie przeprowadza\u0107 konserwacj\u0119.<\/p>\n<\/li>\n<\/ul>\n<p><img decoding=\"async\" src=\"https:\/\/www.hydraulic-cylinders.net\/wp-content\/uploads\/2025\/01\/songte-oil-pipes-and-spare-parts.webp\"\/><\/p>\n<h2>Uszczelnianie i smarowanie<\/h2>\n<p>W cylindrze kube\u0142kowym zastosowano r\u00f3\u017cnorodne elementy uszczelniaj\u0105ce, takie jak uszczelnienia t\u0142oka, uszczelnienia t\u0142oczyska itp., wykonane z materia\u0142\u00f3w odpornych na zu\u017cycie, takich jak poliuretan i kauczuk nitrylowy. Korpus cylindra i gwintowane powierzchnie ko\u0144cowe s\u0105 precyzyjnie obrabiane w celu zwi\u0119kszenia odporno\u015bci na zu\u017cycie. Regularne uzupe\u0142nianie oleju hydraulicznego jest niezb\u0119dne do zapewnienia smarowania cylindra, a olej hydrauliczny nale\u017cy dodawa\u0107 w odpowiedniej ilo\u015bci, aby unikn\u0105\u0107 uszkodze\u0144.<\/p>\n<h2>Konserwacja i naprawa<\/h2>\n<ul>\n<li>\n<h3>Regularna kontrola<\/h3>\n<p>Aby zapewni\u0107 prawid\u0142ow\u0105 prac\u0119 cylindra \u0142y\u017cki, konieczne s\u0105 regularne kontrole. W razie konieczno\u015bci nale\u017cy wymieni\u0107 lub naprawi\u0107 cz\u0119\u015bci.<\/p>\n<\/li>\n<li>\n<h3>Smarowanie<\/h3>\n<p>Si\u0142ownik czerpaka wymaga odpowiedniego smarowania, a regularne smarowanie jest konieczne do zapewnienia jego prawid\u0142owej pracy.<\/p>\n<\/li>\n<li>\n<h3>Wymiana uszczelki<\/h3>\n<p>Je\u015bli oka\u017ce si\u0119, \u017ce jakakolwiek cz\u0119\u015b\u0107 uk\u0142adu uszczelniaj\u0105cego jest uszkodzona lub nieszczelna, nale\u017cy j\u0105 natychmiast wymieni\u0107, aby zapewni\u0107 prawid\u0142owe dzia\u0142anie cylindra.<\/p>\n<\/li>\n<li>\n<h3>Wyr\u00f3wnanie i kalibracja<\/h3>\n<p>Podczas instalacji cylinder czerpaka musi by\u0107 prawid\u0142owo wyr\u00f3wnany i skalibrowany, aby zapewni\u0107 w\u0142a\u015bciw\u0105 prac\u0119 i unikn\u0105\u0107 uszkodze\u0144.<\/p>\n<\/li>\n<\/ul>\n<p><img decoding=\"async\" src=\"https:\/\/www.hydraulic-cylinders.net\/wp-content\/uploads\/2025\/01\/songte-chushion-collar.webp\"\/><\/p>\n<h2>Zagadnienia bezpiecze\u0144stwa i czynniki \u015brodowiskowe<\/h2>\n<p>Podczas u\u017cytkowania cylindr\u00f3w kube\u0142kowych nale\u017cy bezwzgl\u0119dnie przestrzega\u0107 zasad bezpiecze\u0144stwa, aby unikn\u0105\u0107 wypadk\u00f3w. Nale\u017cy r\u00f3wnie\u017c uwzgl\u0119dni\u0107 i unika\u0107 czynnik\u00f3w \u015brodowiskowych, takich jak temperatura, wilgotno\u015b\u0107 i kurz, aby zapewni\u0107 prawid\u0142owe dzia\u0142anie cylindra.<\/p>\n<h2>Rozwi\u0105zywanie problem\u00f3w i typowe problemy<\/h2>\n<p>Do typowych problem\u00f3w, kt\u00f3re mog\u0105 wyst\u0105pi\u0107 podczas eksploatacji cylindra \u0142y\u017cki, nale\u017c\u0105 wycieki, odkszta\u0142cenia i uszkodzenia r\u00f3\u017cnych podzespo\u0142\u00f3w. Regularna konserwacja i przegl\u0105dy s\u0105 niezb\u0119dne, aby unikn\u0105\u0107 tych problem\u00f3w. W przypadku wyst\u0105pienia jakichkolwiek problem\u00f3w nale\u017cy przeprowadzi\u0107 odpowiedni\u0105 diagnostyk\u0119 i napraw\u0119, a tak\u017ce podj\u0105\u0107 kroki zapobiegaj\u0105ce wyst\u0105pieniu podobnych problem\u00f3w w przysz\u0142o\u015bci.<\/p>\n<p><img decoding=\"async\" src=\"https:\/\/www.hydraulic-cylinders.net\/wp-content\/uploads\/2025\/01\/songte-bushings-with-all-kinds-of-excavator-models.webp\"\/><\/p>\n<h2>O nas<\/h2>\n<p>Nasza firma jest wiod\u0105cym producentem i hurtowym dystrybutorem si\u0142ownik\u00f3w hydraulicznych na rynku krajowym i mi\u0119dzynarodowym, spe\u0142niaj\u0105c zr\u00f3\u017cnicowane potrzeby klient\u00f3w dzi\u0119ki nowoczesnym warsztatom produkcyjnym, zaawansowanemu sprz\u0119towi do produkcji cyfrowej, profesjonalnym systemom testowym i personelowi technicznemu. Kierujemy si\u0119 zasad\u0105 wysokiej wydajno\u015bci, precyzji i jako\u015bci, aby sprosta\u0107 zr\u00f3\u017cnicowanym potrzebom klient\u00f3w, oferuj\u0105c doskona\u0142\u0105 jako\u015b\u0107 i perfekcyjn\u0105 obs\u0142ug\u0119.<\/p>\n<p><img decoding=\"async\" src=\"https:\/\/hzpt.com\/wp-content\/uploads\/2024\/11\/songte-company-1.webp\"\/> <\/p>\n<h5>Autor: lyl<\/h5>","protected":false},"excerpt":{"rendered":"<p>Bucket Cylinder For Hyundai Middle Excavator R200LC Introduction The bucket cylinder for Hyundai middle excavator R200LC is a specialized hydraulic cylinder designed for controlling the movement of the bucket in heavy machinery such as excavators, backhoe excavators, and front-end loaders. Its main function is to enable the bucket to lift, lower, and tilt, thus facilitating [&hellip;]<\/p>","protected":false},"featured_media":14780,"comment_status":"open","ping_status":"closed","template":"","meta":{"_et_pb_use_builder":"","_et_pb_old_content":"","_et_gb_content_width":""},"product_brand":[],"product_cat":[1494],"product_tag":[1495,1496],"class_list":{"0":"post-15318","1":"product","2":"type-product","3":"status-publish","4":"has-post-thumbnail","6":"product_cat-bucket-cylinders","7":"product_tag-bucket-cylinders","8":"product_tag-hydraulic-cylinders","10":"first","11":"instock","12":"shipping-taxable","13":"product-type-simple"},"amp_enabled":true,"_links":{"self":[{"href":"https:\/\/www.hydraulic-cylinders.net\/pl\/wp-json\/wp\/v2\/product\/15318","targetHints":{"allow":["GET"]}}],"collection":[{"href":"https:\/\/www.hydraulic-cylinders.net\/pl\/wp-json\/wp\/v2\/product"}],"about":[{"href":"https:\/\/www.hydraulic-cylinders.net\/pl\/wp-json\/wp\/v2\/types\/product"}],"replies":[{"embeddable":true,"href":"https:\/\/www.hydraulic-cylinders.net\/pl\/wp-json\/wp\/v2\/comments?post=15318"}],"wp:featuredmedia":[{"embeddable":true,"href":"https:\/\/www.hydraulic-cylinders.net\/pl\/wp-json\/wp\/v2\/media\/14780"}],"wp:attachment":[{"href":"https:\/\/www.hydraulic-cylinders.net\/pl\/wp-json\/wp\/v2\/media?parent=15318"}],"wp:term":[{"taxonomy":"product_brand","embeddable":true,"href":"https:\/\/www.hydraulic-cylinders.net\/pl\/wp-json\/wp\/v2\/product_brand?post=15318"},{"taxonomy":"product_cat","embeddable":true,"href":"https:\/\/www.hydraulic-cylinders.net\/pl\/wp-json\/wp\/v2\/product_cat?post=15318"},{"taxonomy":"product_tag","embeddable":true,"href":"https:\/\/www.hydraulic-cylinders.net\/pl\/wp-json\/wp\/v2\/product_tag?post=15318"}],"curies":[{"name":"wp","href":"https:\/\/api.w.org\/{rel}","templated":true}]}}