{"id":15324,"date":"2025-01-19T14:23:14","date_gmt":"2025-01-19T14:23:14","guid":{"rendered":"https:\/\/www.hydraulic-cylinders.net\/product\/bucket-cylinder-for-hyundai-large-excavator-r350lc-7\/"},"modified":"2025-01-19T14:23:16","modified_gmt":"2025-01-19T14:23:16","slug":"bucket-cylinder-for-hyundai-large-excavator-r350lc-7","status":"publish","type":"product","link":"https:\/\/www.hydraulic-cylinders.net\/pl\/produkt\/bucket-cylinder-for-hyundai-large-excavator-r350lc-7\/","title":{"rendered":"Si\u0142ownik \u0142y\u017cki do du\u017cej koparki Hyundai R350LC-7"},"content":{"rendered":"<h1>Si\u0142ownik \u0142y\u017cki do du\u017cej koparki Hyundai R350LC-7<\/h1>\n<h2>Wst\u0119p<\/h2>\n<h3>Definiowanie cylindra wiadra<\/h3>\n<p>Si\u0142ownik \u0142y\u017cki to specjalnie zaprojektowany si\u0142ownik hydrauliczny, kt\u00f3ry s\u0142u\u017cy g\u0142\u00f3wnie do sterowania ruchem \u0142y\u017cki w ci\u0119\u017ckich maszynach, takich jak koparki, koparko-\u0142adowarki i \u0142adowarki czo\u0142owe. Jego g\u0142\u00f3wn\u0105 funkcj\u0105 jest umo\u017cliwienie podnoszenia, opuszczania i przechylania \u0142y\u017cki, u\u0142atwiaj\u0105c wykonywanie r\u00f3\u017cnych zada\u0144 zwi\u0105zanych z prze\u0142adunkiem materia\u0142\u00f3w. W uk\u0142adzie hydraulicznym si\u0142ownik \u0142y\u017cki zapewnia precyzyjn\u0105 kontrol\u0119 nad \u0142y\u017ck\u0105 poprzez zmian\u0119 ci\u015bnienia oleju hydraulicznego, umo\u017cliwiaj\u0105c operatorowi wydajne przenoszenie ci\u0119\u017ckich \u0142adunk\u00f3w i dostosowanie si\u0119 do z\u0142o\u017conych warunk\u00f3w pracy oraz zr\u00f3\u017cnicowanych potrzeb.<\/p>\n<p><img decoding=\"async\" src=\"https:\/\/www.hydraulic-cylinders.net\/wp-content\/uploads\/2025\/01\/songte-company-2.webp\" alt=\"Obraz cylindra wiadra\"><\/p>\n<h3>Cechy<\/h3>\n<ul>\n<li>Wysoka wytrzyma\u0142o\u015b\u0107 i trwa\u0142o\u015b\u0107: Zazwyczaj wykonane z wysokowytrzyma\u0142ej stali lub aluminium, wytrzymuj\u0105 du\u017ce ci\u015bnienie i obci\u0105\u017cenia, s\u0105 przystosowane do trudnych warunk\u00f3w pracy, a tak\u017ce s\u0105 odporne na zu\u017cycie i korozj\u0119, co wyd\u0142u\u017ca ich \u017cywotno\u015b\u0107.<\/li>\n<li>Wydajne dzia\u0142anie uk\u0142adu hydraulicznego: P\u0142ynne ruchy rozci\u0105gania i kurczenia s\u0105 osi\u0105gane dzi\u0119ki ci\u015bnieniu oleju hydraulicznego, co zapewnia du\u017ce si\u0142y pchania i ci\u0105gni\u0119cia, odpowiednie do przenoszenia du\u017cych ci\u0119\u017car\u00f3w i skomplikowanych zada\u0144.<\/li>\n<li>R\u00f3\u017cne typy: W zale\u017cno\u015bci od potrzeb mo\u017cna wybra\u0107 cylindry jednostronnego dzia\u0142ania (hydrauliczne tylko w jednym kierunku) lub dwustronnego dzia\u0142ania (hydrauliczne w obu kierunkach). Niekt\u00f3re modele s\u0105 teleskopowe, co pozwala na wi\u0119ksze wysuni\u0119cie bez zwi\u0119kszania wymiar\u00f3w zewn\u0119trznych i jest odpowiednie do zastosowa\u0144 w ograniczonej przestrzeni.<\/li>\n<li>\u0141atwa wymiana: Nasz produkt doskonale zast\u0105pi te si\u0142owniki hydrauliczne.<\/li>\n<\/ul>\n<p><img decoding=\"async\" src=\"https:\/\/www.hydraulic-cylinders.net\/wp-content\/uploads\/2025\/01\/songte-cylinder-head-with-all-kinds-excavator-models.webp\" alt=\"Obraz wymiany cylindra \u0142y\u017cki\"><\/p>\n<h3>Aplikacje<\/h3>\n<p>Cylinder kube\u0142kowy jest szeroko stosowany w r\u00f3\u017cnych dziedzinach, w tym:<\/p>\n<h4>Sprz\u0119t budowlany<\/h4>\n<ul>\n<li>Koparki: Cylindry \u0142y\u017cki koparki umo\u017cliwiaj\u0105 kopanie i kopanie. <\/li>\n<li>Koparko-\u0142adowarki: Cylindry \u0142y\u017cki koparko-\u0142adowarki s\u0142u\u017c\u0105 zar\u00f3wno do wykopywania, jak i podnoszenia.<\/li>\n<\/ul>\n<h4>Maszyny rolnicze<\/h4>\n<ul>\n<li>\u0141adowarki czo\u0142owe: s\u0142u\u017c\u0105 do podnoszenia, zbierania i transportu ziemi, siana i innych materia\u0142\u00f3w.<\/li>\n<\/ul>\n<p>To tylko kilka przyk\u0142ad\u00f3w spo\u015br\u00f3d wielu zastosowa\u0144 cylindr\u00f3w kube\u0142kowych.<\/p>\n<h3>Zagadnienia projektowe i kryteria wyboru<\/h3>\n<p>Przy projektowaniu i doborze cylindr\u00f3w kube\u0142kowych nale\u017cy wzi\u0105\u0107 pod uwag\u0119 kilka kluczowych czynnik\u00f3w:<\/p>\n<h4>No\u015bno\u015b\u0107<\/h4>\n<p>Cylinder musi wytrzymywa\u0107 du\u017ce obci\u0105\u017cenia bez odkszta\u0142ce\u0144 lub uszkodze\u0144, gwarantuj\u0105c tym samym d\u0142ugotrwa\u0142\u0105, bezpieczn\u0105 i niezawodn\u0105 prac\u0119.<\/p>\n<h4>Opiecz\u0119towanie<\/h4>\n<p>System uszczelniaj\u0105cy musi zapobiega\u0107 wewn\u0119trznym i zewn\u0119trznym wyciekom oleju hydraulicznego lub minimalizowa\u0107 je, zapewniaj\u0105c wydajn\u0105 i czyst\u0105 prac\u0119.<\/p>\n<h4>Trwa\u0142o\u015b\u0107<\/h4>\n<p>Cylinder musi by\u0107 trwa\u0142y i odporny na zu\u017cycie, korozj\u0119, uszkodzenia spowodowane \u015brodowiskiem i si\u0142ami zewn\u0119trznymi, co zapewni d\u0142ug\u0105 \u017cywotno\u015b\u0107.<\/p>\n<h4>Bezpiecze\u0144stwo<\/h4>\n<p>Cylinder musi by\u0107 zaprojektowany i wyprodukowany w spos\u00f3b zapewniaj\u0105cy bezpieczn\u0105 i niezawodn\u0105 prac\u0119, chroni\u0105c operator\u00f3w i sprz\u0119t przed wypadkami i uszkodzeniami.<\/p>\n<h4>Utrzymywalno\u015b\u0107<\/h4>\n<p>Cylinder powinien by\u0107 zaprojektowany tak, aby by\u0142 \u0142atwy w konserwacji, umo\u017cliwiaj\u0105c \u0142atwy dost\u0119p do podzespo\u0142\u00f3w wewn\u0119trznych i wymian\u0119 cz\u0119\u015bci zu\u017cywalnych, co zmniejszy przestoje i koszty konserwacji.<\/p>\n<p><img decoding=\"async\" src=\"https:\/\/www.hydraulic-cylinders.net\/wp-content\/uploads\/2025\/01\/songte-oil-pipes-and-spare-parts.webp\" alt=\"Obraz projektu cylindra kube\u0142kowego\"><\/p>\n<h3>Uszczelnianie i smarowanie<\/h3>\n<p>W cylindrze kube\u0142kowym zastosowano r\u00f3\u017cnorodne elementy uszczelniaj\u0105ce, takie jak uszczelki t\u0142oka i t\u0142oczyska, wykonane z materia\u0142\u00f3w odpornych na zu\u017cycie, takich jak poliuretan i kauczuk nitrylowy, aby zapobiec wewn\u0119trznemu i zewn\u0119trznemu wyciekowi oleju. Korpus cylindra i gwintowana powierzchnia ko\u0144cowa s\u0105 poddawane precyzyjnej obr\u00f3bce w celu zwi\u0119kszenia odporno\u015bci na zu\u017cycie.<\/p>\n<p>Cylinder wymaga regularnego smarowania, aby zapewni\u0107 p\u0142ynn\u0105 prac\u0119. Zaleca si\u0119 stosowanie odpowiedniego oleju hydraulicznego i uzupe\u0142nianie go w odpowiednich ilo\u015bciach w regularnych odst\u0119pach czasu.<\/p>\n<h3>Konserwacja i naprawa<\/h3>\n<p>Regularne przegl\u0105dy i konserwacja zapobiegawcza s\u0105 niezb\u0119dne dla zapewnienia d\u0142ugotrwa\u0142ej, niezawodnej pracy si\u0142ownika \u0142y\u017cki. Zaleca si\u0119 wykonywanie nast\u0119puj\u0105cych czynno\u015bci konserwacyjnych:<\/p>\n<ul>\n<li>Regularna kontrola<\/li>\n<li>Prawid\u0142owe smarowanie<\/li>\n<li>Wymiana uszczelki<\/li>\n<li>Kontrola kalibracji<\/li>\n<\/ul>\n<p>Wa\u017cne jest zapewnienie odpowiednich wskaz\u00f3wek dotycz\u0105cych prawid\u0142owego monta\u017cu cylindra, w tym prawid\u0142owego ustawienia cylindra i u\u017cycia odpowiednich wspornik\u00f3w monta\u017cowych w celu jego zabezpieczenia. Przedstawiono zalecane procedury kontroli, naprawy i wymiany, w tym cz\u0119\u015bci zamienne i us\u0142ugi regeneracji, aby wyd\u0142u\u017cy\u0107 \u017cywotno\u015b\u0107 cylindra kube\u0142kowego.<\/p>\n<p><img decoding=\"async\" src=\"https:\/\/www.hydraulic-cylinders.net\/wp-content\/uploads\/2025\/01\/songte-chushion-collar.webp\" alt=\"Obraz konserwacji cylindra \u0142y\u017cki\"><\/p>\n<h3>Zagadnienia bezpiecze\u0144stwa i czynniki \u015brodowiskowe<\/h3>\n<p>Si\u0142ownik \u0142y\u017cki jest kluczowym elementem ci\u0119\u017ckiego sprz\u0119tu, a wzgl\u0119dy bezpiecze\u0144stwa s\u0105 najwa\u017cniejsze. Nale\u017cy podj\u0105\u0107 odpowiednie \u015brodki, aby zapewni\u0107 bezpieczn\u0105 obs\u0142ug\u0119 i zapobiec wypadkom lub uszkodzeniom.<\/p>\n<p>Czynniki \u015brodowiskowe, takie jak temperatura, wilgotno\u015b\u0107 i zanieczyszczenia, mog\u0105 wp\u0142ywa\u0107 na dzia\u0142anie i \u017cywotno\u015b\u0107 cylindra czerpakowego. Nale\u017cy podj\u0105\u0107 odpowiednie \u015brodki w celu ochrony cylindra i zapewnienia jego prawid\u0142owego dzia\u0142ania.<\/p>\n<h3>Rozwi\u0105zywanie problem\u00f3w i typowe problemy<\/h3>\n<p>Do typowych problem\u00f3w zwi\u0105zanych z si\u0142ownikiem \u0142y\u017cki nale\u017c\u0105 wycieki oleju, powolna praca i nietypowy ha\u0142as. Przedstawiono wskaz\u00f3wki i rozwi\u0105zania problem\u00f3w, kt\u00f3re pomog\u0105 w diagnozowaniu i rozwi\u0105zywaniu problem\u00f3w, a tak\u017ce \u015brodki zapobiegawcze minimalizuj\u0105ce potencjalne problemy.<\/p>\n<p><img decoding=\"async\" src=\"https:\/\/www.hydraulic-cylinders.net\/wp-content\/uploads\/2025\/01\/songte-bushings-with-all-kinds-of-excavator-models.webp\" alt=\"Rozwi\u0105zywanie problem\u00f3w z cylindrem wiadra Obraz\"><\/p>\n<h2>O naszej firmie<\/h2>\n<p>Jeste\u015bmy producentem zamiennych cylindr\u00f3w hydraulicznych, oferuj\u0105cym pe\u0142n\u0105 gam\u0119 produkt\u00f3w i staj\u0105c si\u0119 jednym z wiod\u0105cych producent\u00f3w i hurtowych dystrybutor\u00f3w cylindr\u00f3w hydraulicznych na rynku krajowym i zagranicznym. Przestrzegamy zasady doskona\u0142o\u015bci jako\u015bci, opieramy si\u0119 na przemys\u0142owych strategiach zarz\u0105dzania produkcj\u0105 w precyzyjnych warsztatach produkcyjnych oraz stale udoskonalamy platform\u0119 produkcyjn\u0105 warsztatu i doskonalimy jako\u015b\u0107 linii produkcyjnej. Nasza firma charakteryzuje si\u0119 kreatywno\u015bci\u0105, wysok\u0105 wydajno\u015bci\u0105, precyzj\u0105 i wysokimi standardami jako\u015bci, aby sprosta\u0107 zr\u00f3\u017cnicowanym potrzebom klient\u00f3w.<\/p>\n<h3>Profesjonalizm<\/h3>\n<p>Nasz zesp\u00f3\u0142 sk\u0142ada si\u0119 z profesjonalist\u00f3w z du\u017cym do\u015bwiadczeniem bran\u017cowym, kt\u00f3rzy s\u0105 zobowi\u0105zani do dostarczania wysokiej jako\u015bci produkt\u00f3w i us\u0142ug.<\/p>\n<h3>Mi\u0119dzynarodowa Certyfikacja<\/h3>\n<p>Posiadamy mi\u0119dzynarodowe certyfikaty, takie jak ISO 9001, CE i SGS, kt\u00f3re gwarantuj\u0105, \u017ce nasze produkty spe\u0142niaj\u0105 najwy\u017csze standardy jako\u015bci.<\/p>\n<h3>Us\u0142ugi personalizacji<\/h3>\n<p>Oferujemy us\u0142ugi dostosowywania do konkretnych potrzeb i wymaga\u0144 klient\u00f3w, dostarczaj\u0105c rozwi\u0105zania dostosowane do r\u00f3\u017cnych zastosowa\u0144.<\/p>\n<h3>Sprz\u0119t produkcyjny<\/h3>\n<p>Nasza firma dysponuje zaawansowanym sprz\u0119tem i technologi\u0105 produkcyjn\u0105, w tym centrami obr\u00f3bki CNC, robotami spawalniczymi i innymi zaawansowanymi urz\u0105dzeniami do cyfrowej produkcji.<\/p>\n<h3>Serwis posprzeda\u017cowy<\/h3>\n<p>Zapewniamy kompleksow\u0105 obs\u0142ug\u0119 posprzeda\u017cow\u0105, obejmuj\u0105c\u0105 wsparcie techniczne, naprawy i konserwacj\u0119, aby zagwarantowa\u0107 zadowolenie klienta i d\u0142ugoterminow\u0105 wsp\u00f3\u0142prac\u0119.<\/p>\n<p><img decoding=\"async\" src=\"https:\/\/www.hydraulic-cylinders.net\/wp-content\/uploads\/2025\/01\/songte-company-3.webp\" alt=\"Obraz firmy Bucket Cylinder\"><\/p>\n<p>Autor: lyl<\/p>","protected":false},"excerpt":{"rendered":"<p>Bucket Cylinder For Hyundai Large Excavator R350LC-7 Introduction Defining the Bucket Cylinder A bucket cylinder is a specially designed hydraulic cylinder that is primarily used to control the movement of the bucket in heavy machinery such as excavators, backhoe loaders, and front-end loaders. Its main function is to enable the bucket to lift, lower, and [&hellip;]<\/p>","protected":false},"featured_media":14765,"comment_status":"open","ping_status":"closed","template":"","meta":{"_et_pb_use_builder":"","_et_pb_old_content":"","_et_gb_content_width":""},"product_brand":[],"product_cat":[1494],"product_tag":[1495,1496],"class_list":{"0":"post-15324","1":"product","2":"type-product","3":"status-publish","4":"has-post-thumbnail","6":"product_cat-bucket-cylinders","7":"product_tag-bucket-cylinders","8":"product_tag-hydraulic-cylinders","10":"first","11":"instock","12":"shipping-taxable","13":"product-type-simple"},"amp_enabled":true,"_links":{"self":[{"href":"https:\/\/www.hydraulic-cylinders.net\/pl\/wp-json\/wp\/v2\/product\/15324","targetHints":{"allow":["GET"]}}],"collection":[{"href":"https:\/\/www.hydraulic-cylinders.net\/pl\/wp-json\/wp\/v2\/product"}],"about":[{"href":"https:\/\/www.hydraulic-cylinders.net\/pl\/wp-json\/wp\/v2\/types\/product"}],"replies":[{"embeddable":true,"href":"https:\/\/www.hydraulic-cylinders.net\/pl\/wp-json\/wp\/v2\/comments?post=15324"}],"wp:featuredmedia":[{"embeddable":true,"href":"https:\/\/www.hydraulic-cylinders.net\/pl\/wp-json\/wp\/v2\/media\/14765"}],"wp:attachment":[{"href":"https:\/\/www.hydraulic-cylinders.net\/pl\/wp-json\/wp\/v2\/media?parent=15324"}],"wp:term":[{"taxonomy":"product_brand","embeddable":true,"href":"https:\/\/www.hydraulic-cylinders.net\/pl\/wp-json\/wp\/v2\/product_brand?post=15324"},{"taxonomy":"product_cat","embeddable":true,"href":"https:\/\/www.hydraulic-cylinders.net\/pl\/wp-json\/wp\/v2\/product_cat?post=15324"},{"taxonomy":"product_tag","embeddable":true,"href":"https:\/\/www.hydraulic-cylinders.net\/pl\/wp-json\/wp\/v2\/product_tag?post=15324"}],"curies":[{"name":"wp","href":"https:\/\/api.w.org\/{rel}","templated":true}]}}