{"id":15326,"date":"2025-01-19T14:23:24","date_gmt":"2025-01-19T14:23:24","guid":{"rendered":"https:\/\/www.hydraulic-cylinders.net\/product\/bucket-cylinder-for-hyundai-large-excavator-r37lc-7\/"},"modified":"2025-01-19T14:23:26","modified_gmt":"2025-01-19T14:23:26","slug":"bucket-cylinder-for-hyundai-large-excavator-r37lc-7","status":"publish","type":"product","link":"https:\/\/www.hydraulic-cylinders.net\/pl\/produkt\/bucket-cylinder-for-hyundai-large-excavator-r37lc-7\/","title":{"rendered":"Si\u0142ownik \u0142y\u017cki do du\u017cej koparki Hyundai R37LC-7"},"content":{"rendered":"<h1>Si\u0142ownik \u0142y\u017cki do du\u017cej koparki Hyundai R37LC-7<\/h1>\n<h2>Wst\u0119p<\/h2>\n<p>Si\u0142ownik \u0142y\u017cki do du\u017cej koparki Hyundai R37LC-7 to specjalnie zaprojektowany si\u0142ownik hydrauliczny s\u0142u\u017c\u0105cy do sterowania ruchem \u0142y\u017cek w ci\u0119\u017ckich maszynach, takich jak koparki, koparko-\u0142adowarki i \u0142adowarki czo\u0142owe. Jego g\u0142\u00f3wn\u0105 funkcj\u0105 jest podnoszenie, opuszczanie i przechylanie \u0142y\u017cki, u\u0142atwiaj\u0105c wykonywanie r\u00f3\u017cnych zada\u0144 zwi\u0105zanych z prze\u0142adunkiem materia\u0142\u00f3w. W uk\u0142adzie hydraulicznym si\u0142ownik \u0142y\u017cki wykorzystuje zmiany ci\u015bnienia oleju hydraulicznego, aby zapewni\u0107 precyzyjn\u0105 kontrol\u0119 nad \u0142y\u017ck\u0105, umo\u017cliwiaj\u0105c operatorom wydajne przenoszenie ci\u0119\u017ckich \u0142adunk\u00f3w, adaptacj\u0119 do z\u0142o\u017conych warunk\u00f3w pracy i zr\u00f3\u017cnicowanych wymaga\u0144 operacyjnych.<\/p>\n<p><img decoding=\"async\" src=\"https:\/\/www.hydraulic-cylinders.net\/wp-content\/uploads\/2025\/01\/songte-company-2.webp\" \/><\/p>\n<h2>Cechy<\/h2>\n<ul>\n<li>\n<h3>Wysoka wytrzyma\u0142o\u015b\u0107 i trwa\u0142o\u015b\u0107<\/h3>\n<p>Cylinder czerpakowy jest zazwyczaj wykonany z wytrzyma\u0142ej stali lub aluminium, wytrzymuje du\u017ce ci\u015bnienie i obci\u0105\u017cenia, jest przystosowany do trudnych warunk\u00f3w pracy, a tak\u017ce zaprojektowany z my\u015bl\u0105 o odporno\u015bci na zu\u017cycie i korozj\u0119, co wyd\u0142u\u017ca jego \u017cywotno\u015b\u0107.<\/p>\n<\/li>\n<li>\n<h3>Wydajna praca hydrauliczna<\/h3>\n<p>Dzi\u0119ki wykorzystaniu ci\u015bnienia oleju hydraulicznego do p\u0142ynnego wysuwania i wsuwania, si\u0142ownik \u0142y\u017cki mo\u017ce szybko reagowa\u0107 na polecenia steruj\u0105ce, zapewnia\u0107 du\u017c\u0105 si\u0142\u0119 pchania i ci\u0105gni\u0119cia oraz nadaje si\u0119 do przenoszenia ci\u0119\u017ckich przedmiot\u00f3w i wykonywania skomplikowanych zada\u0144 operacyjnych.<\/p>\n<\/li>\n<li>\n<h3>Wiele typ\u00f3w<\/h3>\n<p>Si\u0142ownik czerpakowy mo\u017ce by\u0107 wybrany jako si\u0142ownik jednostronnego dzia\u0142ania (hydrauliczny dzia\u0142aj\u0105cy w jednym kierunku) lub dwustronnego dzia\u0142ania (hydrauliczny dzia\u0142aj\u0105cy w dw\u00f3ch kierunkach) w zale\u017cno\u015bci od wymaga\u0144, aby spe\u0142ni\u0107 r\u00f3\u017cne potrzeby operacyjne. Niekt\u00f3re modele s\u0105 teleskopowe, co pozwala na wi\u0119ksze wysuni\u0119cie bez zwi\u0119kszania wymiar\u00f3w zewn\u0119trznych, nadaj\u0105c si\u0119 do zastosowa\u0144 w miejscach o ograniczonej przestrzeni.<\/p>\n<\/li>\n<li>\n<h3>Idealny zamiennik<\/h3>\n<p>Jeste\u015bmy w stanie wyprodukowa\u0107 ten produkt i nasze produkty mog\u0105 doskonale zast\u0105pi\u0107 te cylindry hydrauliczne.<\/p>\n<\/li>\n<li>\n<h3>Zastosowanie<\/h3>\n<p>Si\u0142ownik czerpakowy jest powszechnie stosowany w r\u00f3\u017cnych maszynach ci\u0119\u017ckich, takich jak:<\/p>\n<ul>\n<li><strong>Sprz\u0119t budowlany:<\/strong> W koparkach s\u0105 one niezb\u0119dne do kopania, za\u0142adunku i przemieszczania gleby lub gruzu. W koparko-\u0142adowarkach si\u0142ownik \u0142y\u017cki pomaga zar\u00f3wno w kopaniu, jak i podnoszeniu. <\/li>\n<li><strong>Maszyny rolnicze:<\/strong> Stosowany w \u0142adowarkach czo\u0142owych do nabierania, podnoszenia i transportu ziemi, siana i innych materia\u0142\u00f3w. <\/li>\n<li><strong>Koparki:<\/strong> Cylinder \u0142y\u017cki umo\u017cliwia kopanie poprzez umo\u017cliwienie \u0142y\u017cce wnikania w gleb\u0119.<\/li>\n<li><strong>\u0141adowarki:<\/strong> W \u0142adowarkach czo\u0142owych u\u0142atwiaj\u0105 podnoszenie i roz\u0142adowywanie towar\u00f3w.<\/li>\n<\/ul>\n<\/li>\n<\/ul>\n<h2>Zagadnienia projektowe i kryteria wyboru<\/h2>\n<ul>\n<li>\n<h3>No\u015bno\u015b\u0107<\/h3>\n<p>No\u015bno\u015b\u0107 cylindra \u0142y\u017cki ma kluczowe znaczenie dla zapewnienia, \u017ce \u200b\u200bb\u0119dzie on w stanie obs\u0142u\u017cy\u0107 zamierzone obci\u0105\u017cenie robocze bez awarii lub skr\u00f3cenia \u017cywotno\u015bci. <\/p>\n<\/li>\n<li>\n<h3>Opiecz\u0119towanie<\/h3>\n<p>Uszczelnienie jest kluczowym elementem projektu, poniewa\u017c zapobiega wyciekaniu cieczy i zanieczyszczeniu \u015brodowiska. Przy wyborze materia\u0142\u00f3w uszczelniaj\u0105cych nale\u017cy uwzgl\u0119dni\u0107 odporno\u015b\u0107 na zu\u017cycie i korozj\u0119, aby zapewni\u0107 d\u0142ug\u0105 \u017cywotno\u015b\u0107.<\/p>\n<\/li>\n<li>\n<h3>Trwa\u0142o\u015b\u0107<\/h3>\n<p>Trwa\u0142o\u015b\u0107 cylindra \u0142y\u017cki jest kluczowa, aby mie\u0107 pewno\u015b\u0107, \u017ce wytrzyma on trudne warunki pracy i du\u017ce obci\u0105\u017cenia bez awarii lub skr\u00f3cenia \u017cywotno\u015bci.<\/p>\n<\/li>\n<li>\n<h3>Bezpiecze\u0144stwo<\/h3>\n<p>Konstrukcja cylindra \u0142y\u017cki powinna uwzgl\u0119dnia\u0107 czynniki bezpiecze\u0144stwa, aby zapobiega\u0107 wypadkom i zapewni\u0107 bezpiecze\u0144stwo operatora.<\/p>\n<\/li>\n<li>\n<h3>Konserwacja<\/h3>\n<p>Konserwacja cylindra czerpakowego powinna by\u0107 \u0142atwa i prosta, umo\u017cliwiaj\u0105c szybkie naprawy i wymiany oraz zapewniaj\u0105c, \u017ce cylinder zawsze b\u0119dzie w optymalnym stanie.<\/p>\n<\/li>\n<\/ul>\n<p><img decoding=\"async\" src=\"https:\/\/www.hydraulic-cylinders.net\/wp-content\/uploads\/2025\/01\/songte-oil-pipes-and-spare-parts.webp\" \/><\/p>\n<h2>Uszczelnianie i smarowanie<\/h2>\n<p>W si\u0142owniku kube\u0142kowym zastosowano r\u00f3\u017cnorodne elementy uszczelniaj\u0105ce, takie jak uszczelnienia t\u0142oka i t\u0142oczyska, wykonane z materia\u0142\u00f3w odpornych na zu\u017cycie, takich jak poliuretan i kauczuk nitrylowy, aby zapobiec wyciekom oleju. Korpus si\u0142ownika i powierzchnia gwintu s\u0105 poddawane precyzyjnej obr\u00f3bce w celu zwi\u0119kszenia odporno\u015bci na zu\u017cycie. Si\u0142ownik kube\u0142kowy wymaga regularnego smarowania olejem hydraulicznym, aby zapewni\u0107 p\u0142ynn\u0105 prac\u0119 i d\u0142ug\u0105 \u017cywotno\u015b\u0107.<\/p>\n<h2>Inspekcja i konserwacja<\/h2>\n<p>Regularne przegl\u0105dy, smarowanie i wymiana uszczelek to podstawowe czynno\u015bci konserwacyjne si\u0142ownika kube\u0142kowego. Prawid\u0142owy monta\u017c, smarowanie i regulacja s\u0105 kluczowe dla zapewnienia optymalnej pracy si\u0142ownika. Zapewnienie prawid\u0142owego ustawienia i u\u017cycie odpowiednich wspornik\u00f3w monta\u017cowych do zabezpieczenia si\u0142ownika jest kluczowe. Zalecane procedury przegl\u0105du, naprawy i wymiany mog\u0105 pom\u00f3c wyd\u0142u\u017cy\u0107 \u017cywotno\u015b\u0107 si\u0142ownika kube\u0142kowego.<\/p>\n<p><img decoding=\"async\" src=\"https:\/\/www.hydraulic-cylinders.net\/wp-content\/uploads\/2025\/01\/songte-chushion-collar.webp\" \/><\/p>\n<h2>Zagadnienia bezpiecze\u0144stwa i czynniki \u015brodowiskowe<\/h2>\n<p>Bezpieczna obs\u0142uga cylindra czerpakowego ma kluczowe znaczenie dla unikni\u0119cia wypadk\u00f3w i zapewnienia bezpiecze\u0144stwa operatora. Podczas instalacji, obs\u0142ugi i konserwacji cylindra nale\u017cy bezwzgl\u0119dnie przestrzega\u0107 procedur bezpiecze\u0144stwa. Podczas projektowania i doboru cylindra czerpakowego nale\u017cy uwzgl\u0119dni\u0107 czynniki \u015brodowiskowe, takie jak zanieczyszczenia.<\/p>\n<h2>Diagnostyka awarii i typowe problemy<\/h2>\n<p>Do typowych problem\u00f3w z si\u0142ownikiem \u0142y\u017cki nale\u017c\u0105 wycieki oleju, obni\u017cona wydajno\u015b\u0107 i zwi\u0119kszone zu\u017cycie. Techniki diagnostyki usterek, takie jak kontrola wizualna, testowanie ci\u015bnieniowe i pomiary wymiarowe, mog\u0105 pom\u00f3c w zidentyfikowaniu przyczyny problemu. Typowe \u015brodki zapobiegawcze obejmuj\u0105 regularne kontrole, smarowanie i wymian\u0119 uszczelnie\u0144.<\/p>\n<p><img decoding=\"async\" src=\"https:\/\/www.hydraulic-cylinders.net\/wp-content\/uploads\/2025\/01\/songte-bushings-with-all-kinds-of-excavator-models.webp\" \/><\/p>\n<h2>O naszej firmie<\/h2>\n<p>Jeste\u015bmy wiod\u0105cym producentem i hurtowym dystrybutorem si\u0142ownik\u00f3w hydraulicznych na rynku krajowym i mi\u0119dzynarodowym. Oferujemy pe\u0142n\u0105 gam\u0119 produkt\u00f3w i dbamy o najwy\u017csz\u0105 jako\u015b\u0107, opieraj\u0105c si\u0119 na zaawansowanych warsztatach produkcyjnych i zindustrializowanych strategiach zarz\u0105dzania produkcj\u0105. Nasze produkty powstaj\u0105 przy u\u017cyciu zaawansowanych technologii, najwy\u017cszej klasy sprz\u0119tu produkcyjnego i profesjonalnych system\u00f3w testowych. Zale\u017cy nam na dostarczaniu naszym klientom wydajnych, precyzyjnych i wysokiej jako\u015bci produkt\u00f3w, kt\u00f3re spe\u0142niaj\u0105 ich zr\u00f3\u017cnicowane potrzeby.<\/p>\n<ul>\n<li>\n<h3>Profesjonalizm<\/h3>\n<p>W naszej firmie pracuje zesp\u00f3\u0142 wysoce profesjonalnych specjalist\u00f3w, kt\u00f3rych celem jest dostarczanie klientom najlepszych mo\u017cliwych produkt\u00f3w i us\u0142ug.<\/p>\n<\/li>\n<li>\n<h3>Mi\u0119dzynarodowa Certyfikacja<\/h3>\n<p>Nasza firma uzyska\u0142a szereg mi\u0119dzynarodowych certyfikat\u00f3w, takich jak CE, ISO i SGS, co gwarantuje, \u017ce nasze produkty spe\u0142niaj\u0105 \u015bwiatowe standardy jako\u015bci.<\/p>\n<\/li>\n<li>\n<h3>Us\u0142ugi personalizacji<\/h3>\n<p>Nasza firma oferuje us\u0142ugi dostosowywania do indywidualnych potrzeb i wymaga\u0144 klient\u00f3w.<\/p>\n<\/li>\n<li>\n<h3>Sprz\u0119t produkcyjny<\/h3>\n<p>Nasza firma wykorzystuje najnowocze\u015bniejszy sprz\u0119t produkcyjny w celu zwi\u0119kszenia jako\u015bci i wydajno\u015bci produkt\u00f3w.<\/p>\n<\/li>\n<li>\n<h3>Serwis posprzeda\u017cowy<\/h3>\n<p>Nasza firma zapewnia doskona\u0142\u0105 obs\u0142ug\u0119 posprzeda\u017cow\u0105, aby mie\u0107 pewno\u015b\u0107, \u017ce nasi klienci s\u0105 zadowoleni z naszych produkt\u00f3w i us\u0142ug.<\/p>\n<\/li>\n<\/ul>\n<p><img decoding=\"async\" src=\"https:\/\/hzpt.com\/wp-content\/uploads\/2024\/11\/songte-company-1.webp\" \/><\/p>\n<p>Autor: lyl.<\/p>","protected":false},"excerpt":{"rendered":"<p>Bucket Cylinder For Hyundai Large Excavator R37LC-7 Introduction The Bucket Cylinder for Hyundai Large Excavator R37LC-7 is a specially designed hydraulic cylinder used to control the movement of buckets in heavy machinery such as excavators, backhoe excavators, and front-end loaders. Its primary function is to enable the bucket to lift, lower and tilt, making it [&hellip;]<\/p>","protected":false},"featured_media":14761,"comment_status":"open","ping_status":"closed","template":"","meta":{"_et_pb_use_builder":"","_et_pb_old_content":"","_et_gb_content_width":""},"product_brand":[],"product_cat":[1494],"product_tag":[1495,1496],"class_list":{"0":"post-15326","1":"product","2":"type-product","3":"status-publish","4":"has-post-thumbnail","6":"product_cat-bucket-cylinders","7":"product_tag-bucket-cylinders","8":"product_tag-hydraulic-cylinders","10":"first","11":"instock","12":"shipping-taxable","13":"product-type-simple"},"amp_enabled":true,"_links":{"self":[{"href":"https:\/\/www.hydraulic-cylinders.net\/pl\/wp-json\/wp\/v2\/product\/15326","targetHints":{"allow":["GET"]}}],"collection":[{"href":"https:\/\/www.hydraulic-cylinders.net\/pl\/wp-json\/wp\/v2\/product"}],"about":[{"href":"https:\/\/www.hydraulic-cylinders.net\/pl\/wp-json\/wp\/v2\/types\/product"}],"replies":[{"embeddable":true,"href":"https:\/\/www.hydraulic-cylinders.net\/pl\/wp-json\/wp\/v2\/comments?post=15326"}],"wp:featuredmedia":[{"embeddable":true,"href":"https:\/\/www.hydraulic-cylinders.net\/pl\/wp-json\/wp\/v2\/media\/14761"}],"wp:attachment":[{"href":"https:\/\/www.hydraulic-cylinders.net\/pl\/wp-json\/wp\/v2\/media?parent=15326"}],"wp:term":[{"taxonomy":"product_brand","embeddable":true,"href":"https:\/\/www.hydraulic-cylinders.net\/pl\/wp-json\/wp\/v2\/product_brand?post=15326"},{"taxonomy":"product_cat","embeddable":true,"href":"https:\/\/www.hydraulic-cylinders.net\/pl\/wp-json\/wp\/v2\/product_cat?post=15326"},{"taxonomy":"product_tag","embeddable":true,"href":"https:\/\/www.hydraulic-cylinders.net\/pl\/wp-json\/wp\/v2\/product_tag?post=15326"}],"curies":[{"name":"wp","href":"https:\/\/api.w.org\/{rel}","templated":true}]}}