{"id":15331,"date":"2025-01-19T14:23:44","date_gmt":"2025-01-19T14:23:44","guid":{"rendered":"https:\/\/www.hydraulic-cylinders.net\/product\/bucket-cylinder-for-hyundai-large-excavator-r450lc-5\/"},"modified":"2025-01-19T14:23:46","modified_gmt":"2025-01-19T14:23:46","slug":"bucket-cylinder-for-hyundai-large-excavator-r450lc-5","status":"publish","type":"product","link":"https:\/\/www.hydraulic-cylinders.net\/pl\/produkt\/bucket-cylinder-for-hyundai-large-excavator-r450lc-5\/","title":{"rendered":"Si\u0142ownik \u0142y\u017cki do du\u017cej koparki Hyundai R450LC-5"},"content":{"rendered":"<p><!--Title--><\/p>\n<h1>Si\u0142ownik \u0142y\u017cki do du\u017cej koparki Hyundai R450LC-5<\/h1>\n<p><!--Introduction--><\/p>\n<h2>Wst\u0119p<\/h2>\n<p>Si\u0142ownik \u0142y\u017cki do du\u017cej koparki Hyundai R450LC-5 to specjalistyczny si\u0142ownik hydrauliczny s\u0142u\u017c\u0105cy do sterowania ruchami \u0142y\u017cki w ci\u0119\u017ckich maszynach, takich jak koparki, koparko-\u0142adowarki i \u0142adowarki czo\u0142owe. Jego g\u0142\u00f3wn\u0105 funkcj\u0105 jest podnoszenie, opuszczanie i przechylanie \u0142y\u017cki, u\u0142atwiaj\u0105c wykonywanie r\u00f3\u017cnych zada\u0144 zwi\u0105zanych z prze\u0142adunkiem materia\u0142\u00f3w. W uk\u0142adzie hydraulicznym si\u0142ownik \u0142y\u017cki steruje precyzyjnym ruchem \u0142y\u017cki poprzez zmian\u0119 ci\u015bnienia oleju hydraulicznego, umo\u017cliwiaj\u0105c operatorom wydajne podnoszenie ci\u0119\u017ckich \u0142adunk\u00f3w i dostosowywanie si\u0119 do z\u0142o\u017conych warunk\u00f3w pracy oraz zr\u00f3\u017cnicowanych wymaga\u0144 operacyjnych.<\/p>\n<p><!--Product Image--><br \/>\n<img decoding=\"async\" src=\"https:\/\/www.hydraulic-cylinders.net\/wp-content\/uploads\/2025\/01\/songte-company-2.webp\" alt=\"Obraz cylindra wiadra\"><\/p>\n<p><!--Product Features--><\/p>\n<h2>Cechy produktu<\/h2>\n<ul>\n<li>Wysoka wytrzyma\u0142o\u015b\u0107 i trwa\u0142o\u015b\u0107: Zazwyczaj wykonane z wysokowytrzyma\u0142ej stali lub aluminium, wytrzymuj\u0105 du\u017ce ci\u015bnienie i du\u017ce obci\u0105\u017cenia, nadaj\u0105 si\u0119 do trudnych warunk\u00f3w pracy, zaprojektowane z my\u015bl\u0105 o odporno\u015bci na zu\u017cycie i korozj\u0119 oraz wyd\u0142u\u017ceniu \u017cywotno\u015bci.<\/li>\n<li>Wydajne dzia\u0142anie uk\u0142adu hydraulicznego: P\u0142ynne ruchy wysuwania i wsuwania uzyskuje si\u0119 dzi\u0119ki wykorzystaniu ci\u015bnienia oleju hydraulicznego. Urz\u0105dzenie szybko reaguje na polecenia, zapewnia du\u017ce si\u0142y pchania i ci\u0105gni\u0119cia, co umo\u017cliwia obs\u0142ug\u0119 ci\u0119\u017ckich \u0142adunk\u00f3w i wykonywanie skomplikowanych zada\u0144.<\/li>\n<li>R\u00f3\u017cnorodne typy: Si\u0142owniki jednostronnego dzia\u0142ania (wykorzystuj\u0105ce hydraulik\u0119 tylko w jednym kierunku) lub dwustronnego dzia\u0142ania (wykorzystuj\u0105ce hydraulik\u0119 w obu kierunkach) mo\u017cna dobra\u0107 w zale\u017cno\u015bci od potrzeb, aby spe\u0142ni\u0107 zr\u00f3\u017cnicowane wymagania operacyjne. Niekt\u00f3re modele s\u0105 teleskopowe, co pozwala na wi\u0119ksze wysuni\u0119cie bez zwi\u0119kszania wymiar\u00f3w zewn\u0119trznych, i nadaje si\u0119 do zastosowa\u0144 w ograniczonej przestrzeni.<\/li>\n<li>Idealna wymiana: Nasze produkty mog\u0105 idealnie zast\u0105pi\u0107 te cylindry hydrauliczne.<\/li>\n<\/ul>\n<p><!--Product Replacement Image--><br \/>\n<img decoding=\"async\" src=\"https:\/\/www.hydraulic-cylinders.net\/wp-content\/uploads\/2025\/01\/songte-cylinder-head-with-all-kinds-excavator-models.webp\" alt=\"Obraz zast\u0119pczy produktu\"><\/p>\n<p><!--Product Applications--><\/p>\n<h2>Zastosowania produktu<\/h2>\n<p>Cylinder kube\u0142kowy jest szeroko stosowany w r\u00f3\u017cnych zastosowaniach przemys\u0142owych, w tym mi\u0119dzy innymi:<\/p>\n<ul>\n<li>Sprz\u0119t budowlany: W koparkach s\u0105 one niezb\u0119dne do wykop\u00f3w, za\u0142adunku i przemieszczania gleby lub gruzu. W koparko-\u0142adowarkach si\u0142ownik \u0142y\u017cki pomaga zar\u00f3wno w wykopach, jak i podnoszeniu.<\/li>\n<li>Maszyny rolnicze: U\u017cywane do \u0142adowarek czo\u0142owych, do zbierania, podnoszenia i transportu gleby, siana i innych materia\u0142\u00f3w. Si\u0142ownik \u0142y\u017cki w koparkach umo\u017cliwia kopanie poprzez zag\u0142\u0119bianie si\u0119 \u0142y\u017cki w gleb\u0119.<\/li>\n<li>\u0141adowarki: W \u0142adowarkach czo\u0142owych pomagaj\u0105 w efektywnym podnoszeniu i wysypywaniu \u0142adunk\u00f3w.<\/li>\n<\/ul>\n<p><!--Design and Selection Standards--><\/p>\n<h2>Standardy projektowania i wyboru<\/h2>\n<p>Normy dotycz\u0105ce projektowania i doboru cylindr\u00f3w kube\u0142kowych obejmuj\u0105:<\/p>\n<ul>\n<li>No\u015bno\u015b\u0107: Powinna wytrzyma\u0107 maksymalny ci\u0119\u017car i nacisk, jakim jest poddawana, zapewniaj\u0105c bezpieczn\u0105 i stabiln\u0105 prac\u0119.<\/li>\n<li>Uszczelnienie: Cylinder \u0142y\u017cki powinien by\u0107 uszczelniony, aby zapobiec wyciekom p\u0142ynu i zapewni\u0107 sprawne dzia\u0142anie uk\u0142adu hydraulicznego. Aby zapewni\u0107 d\u0142ug\u0105 \u017cywotno\u015b\u0107, nale\u017cy stosowa\u0107 wysokiej jako\u015bci materia\u0142y uszczelniaj\u0105ce.<\/li>\n<li>Trwa\u0142o\u015b\u0107: Cylinder \u0142y\u017cki powinien charakteryzowa\u0107 si\u0119 doskona\u0142\u0105 odporno\u015bci\u0105 na zu\u017cycie i korozj\u0119, aby zapewni\u0107 d\u0142ug\u0105 \u017cywotno\u015b\u0107.<\/li>\n<li>Bezpiecze\u0144stwo: Si\u0142ownik \u0142y\u017cki powinien by\u0107 zaprojektowany z uwzgl\u0119dnieniem funkcji bezpiecze\u0144stwa, takich jak zawory bezpiecze\u0144stwa zapobiegaj\u0105ce przeci\u0105\u017ceniu lub nag\u0142ym spadkom ci\u015bnienia hydraulicznego, co gwarantuje bezpiecze\u0144stwo operatora.<\/li>\n<li>Konserwacja: Cylinder czerpaka powinien by\u0107 zaprojektowany z my\u015bl\u0105 o \u0142atwej konserwacji, umo\u017cliwiaj\u0105c w razie potrzeby \u0142atw\u0105 kontrol\u0119, konserwacj\u0119 i napraw\u0119.<\/li>\n<\/ul>\n<p><!--Product Pipes and Spare Parts Image--><br \/>\n<img decoding=\"async\" src=\"https:\/\/www.hydraulic-cylinders.net\/wp-content\/uploads\/2025\/01\/songte-oil-pipes-and-spare-parts.webp\" alt=\"Obraz rur produktowych i cz\u0119\u015bci zamiennych\"><\/p>\n<p><!--Sealing and Lubrication--><\/p>\n<h2>Uszczelnianie i smarowanie<\/h2>\n<p>Sprawne dzia\u0142anie si\u0142ownika czerpakowego zale\u017cy od prawid\u0142owego uszczelnienia i smarowania. Podejmowane s\u0105 nast\u0119puj\u0105ce dzia\u0142ania:<\/p>\n<ul>\n<li>Aby zapewni\u0107 szczelno\u015b\u0107, stosuje si\u0119 r\u00f3\u017cne elementy uszczelniaj\u0105ce, takie jak uszczelki t\u0142okowe i t\u0142oczyskowe. Powinny by\u0107 one wykonane z materia\u0142\u00f3w odpornych na zu\u017cycie, takich jak poliuretan i kauczuk nitrylowy.<\/li>\n<li>Korpus cylindra i powierzchnia ko\u0144cowa gwintu zosta\u0142y poddane precyzyjnej obr\u00f3bce w celu zwi\u0119kszenia odporno\u015bci na zu\u017cycie.<\/li>\n<li>Aby zapewni\u0107 p\u0142ynn\u0105 prac\u0119 i wyd\u0142u\u017cy\u0107 \u017cywotno\u015b\u0107 si\u0142ownika \u0142y\u017cki, nale\u017cy go regularnie smarowa\u0107 odpowiedni\u0105 ilo\u015bci\u0105 oleju hydraulicznego.<\/li>\n<\/ul>\n<p><!--Maintenance and Repair--><\/p>\n<h2>Konserwacja i naprawa<\/h2>\n<p>Regularna konserwacja i naprawy s\u0105 niezb\u0119dne dla d\u0142ugowieczno\u015bci cylindra \u0142y\u017cki. Nale\u017cy wykonywa\u0107 nast\u0119puj\u0105ce czynno\u015bci konserwacyjne:<\/p>\n<ul>\n<li>Regularne kontrole: Sprawd\u017a, czy nie ma wyciek\u00f3w oleju, odkszta\u0142ce\u0144 i uszkodze\u0144 korpusu cylindra, t\u0142oczyska i t\u0142oka. Upewnij si\u0119, \u017ce monta\u017c i ustawienie s\u0105 prawid\u0142owe.<\/li>\n<li>Prawid\u0142owe smarowanie: Aby zapewni\u0107 p\u0142ynn\u0105 prac\u0119, nale\u017cy regularnie smarowa\u0107 cylinder \u0142y\u017cki odpowiedni\u0105 ilo\u015bci\u0105 oleju hydraulicznego.<\/li>\n<li>Wymiana uszczelek: Aby zapewni\u0107 szczelno\u015b\u0107, uszczelki nale\u017cy regularnie wymienia\u0107.<\/li>\n<li>Kontrola kalibracji: Przeprowadzaj kontrole kalibracji, aby zapewni\u0107 bezpieczn\u0105 i dok\u0142adn\u0105 prac\u0119.<\/li>\n<\/ul>\n<p><!--Product Cushion Collar Image--><br \/>\n<img decoding=\"async\" src=\"https:\/\/www.hydraulic-cylinders.net\/wp-content\/uploads\/2025\/01\/songte-chushion-collar.webp\" alt=\"Obraz ko\u0142nierza z poduszk\u0105 produktu\"><\/p>\n<p><!--Safety Considerations--><\/p>\n<h2>Zagadnienia bezpiecze\u0144stwa<\/h2>\n<p>Podczas u\u017cywania cylindra kube\u0142kowego nale\u017cy zachowa\u0107 nast\u0119puj\u0105ce \u015brodki bezpiecze\u0144stwa:<\/p>\n<ul>\n<li>Aby unikn\u0105\u0107 wypadk\u00f3w, nale\u017cy zadba\u0107 o prawid\u0142ow\u0105 instalacj\u0119 i wyr\u00f3wnanie.<\/li>\n<li>Nale\u017cy przestrzega\u0107 instrukcji obs\u0142ugi i \u015brodk\u00f3w ostro\u017cno\u015bci producenta.<\/li>\n<li>Nale\u017cy nosi\u0107 odpowiedni sprz\u0119t ochrony osobistej (PPE), taki jak r\u0119kawice, okulary ochronne i kask.<\/li>\n<li>Nie nale\u017cy przeci\u0105\u017ca\u0107 cylindra \u0142y\u017cki i przestrzega\u0107 jego maksymalnego ci\u015bnienia roboczego i no\u015bno\u015bci.<\/li>\n<li>Aby unikn\u0105\u0107 wypadk\u00f3w, nale\u017cy zadba\u0107 o w\u0142a\u015bciw\u0105 konserwacj\u0119.<\/li>\n<\/ul>\n<p><!--Product Bushings and Excavator Models Image--><br \/>\n<img decoding=\"async\" src=\"https:\/\/www.hydraulic-cylinders.net\/wp-content\/uploads\/2025\/01\/songte-bushings-with-all-kinds-of-excavator-models.webp\" alt=\"Tuleje produktowe i modele koparek Zdj\u0119cie\"><\/p>\n<p><!--About Us--><\/p>\n<h2>O nas<\/h2>\n<p>Jeste\u015bmy wiod\u0105cym producentem i hurtowym dystrybutorem si\u0142ownik\u00f3w hydraulicznych na rynku krajowym i mi\u0119dzynarodowym, oferuj\u0105c pe\u0142n\u0105 gam\u0119 produkt\u00f3w z tej dziedziny. W naszej firmie kierujemy si\u0119 podstawowymi warto\u015bciami, takimi jak doskona\u0142o\u015b\u0107 i jako\u015b\u0107, opieraj\u0105c si\u0119 na przemys\u0142owych strategiach zarz\u0105dzania produkcj\u0105 w precyzyjnie dopracowanych warsztatach produkcyjnych. Stale udoskonalamy nasz\u0105 platform\u0119 produkcyjn\u0105, wykorzystuj\u0105c cyfrowy, wysokiej klasy sprz\u0119t produkcyjny, wykwalifikowanych technik\u00f3w i profesjonalne systemy testowe, a tak\u017ce linie produkcyjne zapewniaj\u0105ce najwy\u017csz\u0105 jako\u015b\u0107 produkt\u00f3w. Kieruj\u0105c si\u0119 wysok\u0105 wydajno\u015bci\u0105, precyzj\u0105 i jako\u015bci\u0105, zaspokajamy zr\u00f3\u017cnicowane potrzeby naszych klient\u00f3w.<\/p>\n<p><!--Company Image--><br \/>\n<img decoding=\"async\" src=\"https:\/\/hzpt.com\/wp-content\/uploads\/2024\/11\/songte-company-1.webp\" alt=\"Wizerunek firmy\"><\/p>\n<p><!--Company Details--><\/p>\n<h2>Szczeg\u00f3\u0142y firmy<\/h2>\n<ul>\n<li>Profesjonalizm: W naszej firmie pracuje zesp\u00f3\u0142 profesjonalnych ekspert\u00f3w, kt\u00f3rzy s\u0105 w stanie zapewni\u0107 klientom najbardziej profesjonalne us\u0142ugi.<\/li>\n<li>Certyfikaty mi\u0119dzynarodowe: Nasze produkty uzyska\u0142y szereg certyfikat\u00f3w mi\u0119dzynarodowych, takich jak ISO9001 i CE, co gwarantuje jako\u015b\u0107 i bezpiecze\u0144stwo.<\/li>\n<li>Us\u0142ugi dostosowywania: Mo\u017cemy zapewni\u0107 us\u0142ugi dostosowane do potrzeb klienta, np. poprzez dostosowanie rozmiar\u00f3w cylindr\u00f3w, materia\u0142\u00f3w i funkcji.<\/li>\n<li>Zaawansowany sprz\u0119t produkcyjny: Nasza firma dysponuje pe\u0142nym zestawem zaawansowanego sprz\u0119tu do produkcji cylindr\u00f3w hydraulicznych, takiego jak tokarki CNC, honownice i automatyczne maszyny spawalnicze.<\/li>\n<li>Serwis posprzeda\u017cowy: Nasza firma zapewnia klientom doskona\u0142\u0105 obs\u0142ug\u0119 posprzeda\u017cow\u0105, np. napraw\u0119 i wymian\u0119 cz\u0119\u015bci oraz us\u0142ugi regeneracji, gwarantuj\u0105c jako\u015b\u0107 produktu i zadowolenie u\u017cytkownika.<\/li>\n<\/ul>\n<p><!--Author--><\/p>\n<p>Autor: lyl<\/p>","protected":false},"excerpt":{"rendered":"<p>Bucket Cylinder For Hyundai Large Excavator R450LC-5 Introduction A bucket cylinder for Hyundai large excavator R450LC-5 is a specialized hydraulic cylinder used to control the bucket&#8217;s movements in heavy machinery such as excavators, backhoes, and front-end loaders. Its main function is to enable the bucket to lift, lower and tilt, making it easier to handle [&hellip;]<\/p>","protected":false},"featured_media":14784,"comment_status":"open","ping_status":"closed","template":"","meta":{"_et_pb_use_builder":"","_et_pb_old_content":"","_et_gb_content_width":""},"product_brand":[],"product_cat":[1494],"product_tag":[1495,1496],"class_list":{"0":"post-15331","1":"product","2":"type-product","3":"status-publish","4":"has-post-thumbnail","6":"product_cat-bucket-cylinders","7":"product_tag-bucket-cylinders","8":"product_tag-hydraulic-cylinders","10":"first","11":"instock","12":"shipping-taxable","13":"product-type-simple"},"amp_enabled":true,"_links":{"self":[{"href":"https:\/\/www.hydraulic-cylinders.net\/pl\/wp-json\/wp\/v2\/product\/15331","targetHints":{"allow":["GET"]}}],"collection":[{"href":"https:\/\/www.hydraulic-cylinders.net\/pl\/wp-json\/wp\/v2\/product"}],"about":[{"href":"https:\/\/www.hydraulic-cylinders.net\/pl\/wp-json\/wp\/v2\/types\/product"}],"replies":[{"embeddable":true,"href":"https:\/\/www.hydraulic-cylinders.net\/pl\/wp-json\/wp\/v2\/comments?post=15331"}],"wp:featuredmedia":[{"embeddable":true,"href":"https:\/\/www.hydraulic-cylinders.net\/pl\/wp-json\/wp\/v2\/media\/14784"}],"wp:attachment":[{"href":"https:\/\/www.hydraulic-cylinders.net\/pl\/wp-json\/wp\/v2\/media?parent=15331"}],"wp:term":[{"taxonomy":"product_brand","embeddable":true,"href":"https:\/\/www.hydraulic-cylinders.net\/pl\/wp-json\/wp\/v2\/product_brand?post=15331"},{"taxonomy":"product_cat","embeddable":true,"href":"https:\/\/www.hydraulic-cylinders.net\/pl\/wp-json\/wp\/v2\/product_cat?post=15331"},{"taxonomy":"product_tag","embeddable":true,"href":"https:\/\/www.hydraulic-cylinders.net\/pl\/wp-json\/wp\/v2\/product_tag?post=15331"}],"curies":[{"name":"wp","href":"https:\/\/api.w.org\/{rel}","templated":true}]}}