{"id":15332,"date":"2025-01-19T14:23:48","date_gmt":"2025-01-19T14:23:48","guid":{"rendered":"https:\/\/www.hydraulic-cylinders.net\/product\/bucket-cylinder-for-hyundai-large-excavator-r505lc-7\/"},"modified":"2025-01-19T14:23:50","modified_gmt":"2025-01-19T14:23:50","slug":"bucket-cylinder-for-hyundai-large-excavator-r505lc-7","status":"publish","type":"product","link":"https:\/\/www.hydraulic-cylinders.net\/pl\/produkt\/bucket-cylinder-for-hyundai-large-excavator-r505lc-7\/","title":{"rendered":"Si\u0142ownik \u0142y\u017cki do du\u017cej koparki Hyundai R505LC-7"},"content":{"rendered":"<h1>Si\u0142ownik \u0142y\u017cki do du\u017cej koparki Hyundai R505LC-7<\/h1>\n<h2>Wst\u0119p<\/h2>\n<p>Si\u0142ownik \u0142y\u017cki do du\u017cej koparki Hyundai R505LC-7 to specjalnie zaprojektowany si\u0142ownik hydrauliczny s\u0142u\u017c\u0105cy do sterowania ruchem \u0142y\u017cki w ci\u0119\u017ckich maszynach, takich jak koparki, koparko-\u0142adowarki i \u0142adowarki czo\u0142owe. Jego g\u0142\u00f3wn\u0105 funkcj\u0105 jest podnoszenie, opuszczanie i przechylanie \u0142y\u017cki, u\u0142atwiaj\u0105c wykonywanie r\u00f3\u017cnych zada\u0144 zwi\u0105zanych z prze\u0142adunkiem materia\u0142\u00f3w. W uk\u0142adzie hydraulicznym si\u0142ownik \u0142y\u017cki steruje precyzyjnym ruchem \u0142y\u017cki poprzez zmiany ci\u015bnienia oleju hydraulicznego, umo\u017cliwiaj\u0105c operatorom wydajne przenoszenie du\u017cych \u0142adunk\u00f3w i dostosowywanie si\u0119 do z\u0142o\u017conych warunk\u00f3w pracy oraz zr\u00f3\u017cnicowanych wymaga\u0144.<\/p>\n<p><img decoding=\"async\" src=\"https:\/\/www.hydraulic-cylinders.net\/wp-content\/uploads\/2025\/01\/songte-company-2.webp\" \/><\/p>\n<h3>Cechy produktu<\/h3>\n<ul>\n<li><strong>Wysoka wytrzyma\u0142o\u015b\u0107 i trwa\u0142o\u015b\u0107:<\/strong> Si\u0142ownik \u0142y\u017cki, zazwyczaj wykonany z wysokowytrzyma\u0142ej stali lub aluminium, wytrzymuje wysokie ci\u015bnienie i du\u017ce obci\u0105\u017cenia, dostosowuj\u0105c si\u0119 do trudnych warunk\u00f3w pracy. Jego konstrukcja uwzgl\u0119dnia odporno\u015b\u0107 na zu\u017cycie i korozj\u0119, co wyd\u0142u\u017ca jego \u017cywotno\u015b\u0107.<\/li>\n<li><strong>Wydajna praca uk\u0142adu hydraulicznego:<\/strong> Dzi\u0119ki wykorzystaniu ci\u015bnienia oleju hydraulicznego do p\u0142ynnego wysuwania i wsuwania, si\u0142ownik \u0142y\u017cki mo\u017ce szybko reagowa\u0107 na polecenia steruj\u0105ce, zapewniaj\u0105c du\u017c\u0105 si\u0142\u0119 pchania i ci\u0105gni\u0119cia, odpowiedni\u0105 do podnoszenia ci\u0119\u017ckich \u0142adunk\u00f3w i wykonywania skomplikowanych zada\u0144.<\/li>\n<li><strong>R\u00f3\u017cne typy:<\/strong> Si\u0142ownik czerpakowy mo\u017ce by\u0107 wybrany jako si\u0142ownik jednostronnego dzia\u0142ania (hydrauliczny w jednym kierunku) lub dwustronnego dzia\u0142ania (hydrauliczny w obu kierunkach), w zale\u017cno\u015bci od potrzeb w zakresie pracy. Niekt\u00f3re modele s\u0105 teleskopowe, co pozwala na wi\u0119ksze wysuni\u0119cie bez zwi\u0119kszania wymiar\u00f3w zewn\u0119trznych, i nadaje si\u0119 do zastosowa\u0144 w ograniczonej przestrzeni.<\/li>\n<li><strong>Idealny zamiennik:<\/strong> Nasza firma mo\u017ce wyprodukowa\u0107 ten produkt i doskonale zast\u0105pi\u0107 te cylindry hydrauliczne.<\/li>\n<\/ul>\n<p><img decoding=\"async\" src=\"https:\/\/www.hydraulic-cylinders.net\/wp-content\/uploads\/2025\/01\/songte-cylinder-head-with-all-kinds-excavator-models.webp\" \/><\/p>\n<h3>Aplikacje<\/h3>\n<p>Cylinder kube\u0142kowy ma wiele zastosowa\u0144, w tym:<\/p>\n<ul>\n<li><strong>Sprz\u0119t budowlany:<\/strong> W koparkach s\u0105 one niezb\u0119dne do kopania, za\u0142adunku i przemieszczania gleby lub gruzu. W koparko-\u0142adowarkach si\u0142ownik \u0142y\u017cki wspomaga kopanie i podnoszenie. <\/li>\n<li><strong>Maszyny rolnicze:<\/strong> U\u017cywane w \u0142adowarkach czo\u0142owych, s\u0142u\u017c\u0105 do nabierania, podnoszenia i transportu ziemi, siana i innych materia\u0142\u00f3w. <\/li>\n<li><strong>Koparki:<\/strong> Cylinder \u0142y\u017cki umo\u017cliwia jej zag\u0142\u0119bianie si\u0119 w gleb\u0119 w celu wykonania czynno\u015bci kopania.<\/li>\n<li><strong>\u0141adowarki:<\/strong> W \u0142adowarkach czo\u0142owych umo\u017cliwiaj\u0105 sprawne podnoszenie i roz\u0142adowywanie \u0142adunk\u00f3w.<\/li>\n<\/ul>\n<h3>Zagadnienia projektowe i standardy wyboru<\/h3>\n<p>Si\u0142ownik kube\u0142kowy musi spe\u0142nia\u0107 okre\u015blone standardy projektowe i doboru, aby zapewni\u0107 jego funkcjonalno\u015b\u0107 i bezpiecze\u0144stwo. Te aspekty projektowe obejmuj\u0105:<\/p>\n<ul>\n<li><strong>No\u015bno\u015b\u0107:<\/strong> Si\u0142ownik czerpaka powinien by\u0107 w stanie wytrzyma\u0107 najwi\u0119ksze mo\u017cliwe obci\u0105\u017cenie.<\/li>\n<li><strong>Skuteczno\u015b\u0107 uszczelnienia:<\/strong> Cylinder musi mie\u0107 dobre w\u0142a\u015bciwo\u015bci uszczelniaj\u0105ce, aby zapobiec wyciekom oleju i chroni\u0107 uk\u0142ad hydrauliczny.<\/li>\n<li><strong>Trwa\u0142o\u015b\u0107:<\/strong> Cylinder \u0142y\u017cki powinien by\u0107 wykonany z trwa\u0142ych materia\u0142\u00f3w, aby by\u0142 odporny na zu\u017cycie i uszkodzenia oraz zachowywa\u0142 swoj\u0105 wydajno\u015b\u0107 przez d\u0142ugi czas.<\/li>\n<li><strong>Bezpiecze\u0144stwo:<\/strong> Cylinder musi by\u0107 zaprojektowany w spos\u00f3b zapobiegaj\u0105cy wypadkom i zapewniaj\u0105cy bezpiecze\u0144stwo pracownik\u00f3w i sprz\u0119tu.<\/li>\n<li><strong>Utrzymywalno\u015b\u0107:<\/strong> Cylinder powinien by\u0107 \u0142atwy w utrzymaniu, a jego elementy powinny by\u0107 \u0142atwe do wymiany.<\/li>\n<\/ul>\n<p><img decoding=\"async\" src=\"https:\/\/www.hydraulic-cylinders.net\/wp-content\/uploads\/2025\/01\/songte-oil-pipes-and-spare-parts.webp\" \/><\/p>\n<h3>Uszczelnianie i smarowanie<\/h3>\n<p>W si\u0142owniku kube\u0142kowym zastosowano r\u00f3\u017cnego rodzaju uszczelnienia, takie jak uszczelnienia t\u0142oka i t\u0142oczyska, wykonane z materia\u0142\u00f3w odpornych na zu\u017cycie, takich jak poliuretan i kauczuk nitrylowy. Korpus si\u0142ownika i gwintowane powierzchnie ko\u0144cowe s\u0105 precyzyjnie obrobione, aby zwi\u0119kszy\u0107 odporno\u015b\u0107 na zu\u017cycie. Regularne smarowanie odpowiedni\u0105 ilo\u015bci\u0105 oleju hydraulicznego jest niezb\u0119dne do zapewnienia p\u0142ynnej pracy.<\/p>\n<h3>Konserwacja i naprawa<\/h3>\n<p>Regularna konserwacja i dzia\u0142ania zapobiegawcze mog\u0105 pom\u00f3c wyd\u0142u\u017cy\u0107 \u017cywotno\u015b\u0107 cylindra \u0142y\u017cki. Obejmuj\u0105 one:<\/p>\n<ul>\n<li><strong>Regularna kontrola:<\/strong> Sprawd\u017a cylinder pod k\u0105tem uszkodze\u0144, zu\u017cycia i przeciek\u00f3w.<\/li>\n<li><strong>Smarowanie:<\/strong> W razie potrzeby nale\u017cy na\u0142o\u017cy\u0107 \u015brodek smaruj\u0105cy, aby zapewni\u0107 p\u0142ynn\u0105 prac\u0119 cylindra.<\/li>\n<li><strong>Wymiana uszczelki i kontrola kalibracji:<\/strong> Wymie\u0144 zu\u017cyte lub uszkodzone uszczelki i sprawd\u017a kalibracj\u0119 cylindra, aby zapewni\u0107 optymaln\u0105 wydajno\u015b\u0107.<\/li>\n<\/ul>\n<h3>Zagadnienia bezpiecze\u0144stwa i czynniki \u015brodowiskowe<\/h3>\n<p>Podczas pracy z cylindrami hydraulicznymi \u015brodki bezpiecze\u0144stwa s\u0105 niezwykle istotne. Zawsze nale\u017cy zapewni\u0107 odpowiedni sprz\u0119t bezpiecze\u0144stwa i przeszkolenie. Czynniki \u015brodowiskowe, takie jak temperatura i wilgotno\u015b\u0107, r\u00f3wnie\u017c mog\u0105 wp\u0142ywa\u0107 na wydajno\u015b\u0107 cylindra, dlatego nale\u017cy je uwzgl\u0119dni\u0107.<\/p>\n<h3>Rozwi\u0105zywanie problem\u00f3w i typowe problemy<\/h3>\n<p>Do typowych problem\u00f3w z si\u0142ownikiem czerpakowym nale\u017c\u0105 wycieki oleju, uszkodzone uszczelki i powolna praca. Rozwi\u0105zywanie tych problem\u00f3w wymaga dog\u0142\u0119bnej znajomo\u015bci konstrukcji i dzia\u0142ania si\u0142ownika, a konkretne problemy mog\u0105 wymaga\u0107 specyficznych rozwi\u0105za\u0144.<\/p>\n<p><img decoding=\"async\" src=\"https:\/\/www.hydraulic-cylinders.net\/wp-content\/uploads\/2025\/01\/songte-bushings-with-all-kinds-of-excavator-models.webp\" \/><\/p>\n<h3>O naszej firmie<\/h3>\n<p>Nasza firma jest wiod\u0105cym producentem i hurtowym dystrybutorem cylindr\u00f3w hydraulicznych na rynku krajowym i mi\u0119dzynarodowym. Oferujemy pe\u0142n\u0105 gam\u0119 cylindr\u00f3w hydraulicznych, kieruj\u0105c si\u0119 zasad\u0105 wysokiej wydajno\u015bci, precyzji i jako\u015bci, aby sprosta\u0107 zr\u00f3\u017cnicowanym potrzebom naszych klient\u00f3w. Posiadamy zaawansowany warsztat produkcyjny i strategi\u0119 zarz\u0105dzania produkcj\u0105 przemys\u0142ow\u0105 opart\u0105 na doskona\u0142ej jako\u015bci, wykorzystuj\u0105c\u0105 zaawansowane technologie, cyfrowy sprz\u0119t produkcyjny najwy\u017cszej klasy oraz profesjonalne systemy testowe.<\/p>\n<p>Oferujemy r\u00f3wnie\u017c us\u0142ugi dostosowane do indywidualnych potrzeb, a nasze produkty posiadaj\u0105 mi\u0119dzynarodowe certyfikaty jako\u015bci i bezpiecze\u0144stwa. Nasza firma zapewnia kompleksowy serwis posprzeda\u017cowy, w tym wymian\u0119 cz\u0119\u015bci i regeneracj\u0119, aby zapewni\u0107 maksymaln\u0105 \u017cywotno\u015b\u0107 naszych produkt\u00f3w. <\/p>\n<p><img decoding=\"async\" src=\"https:\/\/hzpt.com\/wp-content\/uploads\/2024\/11\/songte-company-1.webp\" \/><\/p>\n<p>Autor: lyl<\/p>","protected":false},"excerpt":{"rendered":"<p>Bucket Cylinder For Hyundai Large Excavator R505LC-7 Introduction The Bucket Cylinder for Hyundai Large Excavator R505LC-7 is a specially designed hydraulic cylinder used to control the movement of the bucket in heavy machinery such as excavators, backhoe excavators, and front-end loaders. Its main function is to enable the bucket to lift, lower and tilt, making [&hellip;]<\/p>","protected":false},"featured_media":14782,"comment_status":"open","ping_status":"closed","template":"","meta":{"_et_pb_use_builder":"","_et_pb_old_content":"","_et_gb_content_width":""},"product_brand":[],"product_cat":[1494],"product_tag":[1495,1496],"class_list":{"0":"post-15332","1":"product","2":"type-product","3":"status-publish","4":"has-post-thumbnail","6":"product_cat-bucket-cylinders","7":"product_tag-bucket-cylinders","8":"product_tag-hydraulic-cylinders","10":"first","11":"instock","12":"shipping-taxable","13":"product-type-simple"},"amp_enabled":true,"_links":{"self":[{"href":"https:\/\/www.hydraulic-cylinders.net\/pl\/wp-json\/wp\/v2\/product\/15332","targetHints":{"allow":["GET"]}}],"collection":[{"href":"https:\/\/www.hydraulic-cylinders.net\/pl\/wp-json\/wp\/v2\/product"}],"about":[{"href":"https:\/\/www.hydraulic-cylinders.net\/pl\/wp-json\/wp\/v2\/types\/product"}],"replies":[{"embeddable":true,"href":"https:\/\/www.hydraulic-cylinders.net\/pl\/wp-json\/wp\/v2\/comments?post=15332"}],"wp:featuredmedia":[{"embeddable":true,"href":"https:\/\/www.hydraulic-cylinders.net\/pl\/wp-json\/wp\/v2\/media\/14782"}],"wp:attachment":[{"href":"https:\/\/www.hydraulic-cylinders.net\/pl\/wp-json\/wp\/v2\/media?parent=15332"}],"wp:term":[{"taxonomy":"product_brand","embeddable":true,"href":"https:\/\/www.hydraulic-cylinders.net\/pl\/wp-json\/wp\/v2\/product_brand?post=15332"},{"taxonomy":"product_cat","embeddable":true,"href":"https:\/\/www.hydraulic-cylinders.net\/pl\/wp-json\/wp\/v2\/product_cat?post=15332"},{"taxonomy":"product_tag","embeddable":true,"href":"https:\/\/www.hydraulic-cylinders.net\/pl\/wp-json\/wp\/v2\/product_tag?post=15332"}],"curies":[{"name":"wp","href":"https:\/\/api.w.org\/{rel}","templated":true}]}}