{"id":15334,"date":"2025-01-19T14:23:56","date_gmt":"2025-01-19T14:23:56","guid":{"rendered":"https:\/\/www.hydraulic-cylinders.net\/product\/bucket-cylinder-for-hyundai-wheel-excavator-r160w-5\/"},"modified":"2025-01-19T14:23:58","modified_gmt":"2025-01-19T14:23:58","slug":"bucket-cylinder-for-hyundai-wheel-excavator-r160w-5","status":"publish","type":"product","link":"https:\/\/www.hydraulic-cylinders.net\/pl\/produkt\/bucket-cylinder-for-hyundai-wheel-excavator-r160w-5\/","title":{"rendered":"Si\u0142ownik \u0142y\u017cki do koparki ko\u0142owej Hyundai R160W-5"},"content":{"rendered":"<h1>Si\u0142ownik \u0142y\u017cki do koparki ko\u0142owej Hyundai R160W-5<\/h1>\n<h2>Wst\u0119p<\/h2>\n<p>Si\u0142ownik \u0142y\u017cki do koparki ko\u0142owej Hyundai R160W-5 to specjalistyczny si\u0142ownik hydrauliczny przeznaczony g\u0142\u00f3wnie do sterowania ruchem \u0142y\u017cki w ci\u0119\u017ckich maszynach, takich jak koparki, koparko-\u0142adowarki i \u0142adowarki czo\u0142owe. Jego g\u0142\u00f3wn\u0105 funkcj\u0105 jest podnoszenie, opuszczanie i przechylanie \u0142y\u017cki, u\u0142atwiaj\u0105c wykonywanie r\u00f3\u017cnych zada\u0144 zwi\u0105zanych z prze\u0142adunkiem materia\u0142\u00f3w. W uk\u0142adzie hydraulicznym si\u0142ownik \u0142y\u017cki zapewnia precyzyjn\u0105 kontrol\u0119 nad \u0142y\u017ck\u0105 poprzez zmiany ci\u015bnienia oleju hydraulicznego, umo\u017cliwiaj\u0105c operatorom wydajne przenoszenie ci\u0119\u017ckich \u0142adunk\u00f3w i dostosowywanie si\u0119 do z\u0142o\u017conych warunk\u00f3w pracy oraz zr\u00f3\u017cnicowanych wymaga\u0144.<\/p>\n<p><img decoding=\"async\" src=\"https:\/\/www.hydraulic-cylinders.net\/wp-content\/uploads\/2025\/01\/songte-company-2.webp\" alt=\"Cylinder kube\u0142kowy\" \/><\/p>\n<h2>Cechy<\/h2>\n<ul>\n<li>Wysoka wytrzyma\u0142o\u015b\u0107 i trwa\u0142o\u015b\u0107: Zazwyczaj wykonany z wysokowytrzyma\u0142ej stali lub aluminium, wytrzymuje wysokie ci\u015bnienie i du\u017ce obci\u0105\u017cenia, dostosowuj\u0105c si\u0119 do trudnych warunk\u00f3w pracy. Konstrukcja uwzgl\u0119dnia odporno\u015b\u0107 na zu\u017cycie i korozj\u0119, co wyd\u0142u\u017ca \u017cywotno\u015b\u0107.<\/li>\n<li>Wydajne dzia\u0142anie uk\u0142adu hydraulicznego: P\u0142ynne dzia\u0142anie teleskopowe uzyskuje si\u0119 dzi\u0119ki wykorzystaniu ci\u015bnienia oleju hydraulicznego, co umo\u017cliwia szybk\u0105 reakcj\u0119 na polecenia steruj\u0105ce, zapewnia du\u017c\u0105 si\u0142\u0119 pchania i ci\u0105gni\u0119cia i nadaje si\u0119 do obs\u0142ugi ci\u0119\u017ckich \u0142adunk\u00f3w i skomplikowanych zada\u0144.<\/li>\n<li>R\u00f3\u017cnorodne typy: Si\u0142owniki jednostronnego dzia\u0142ania (hydrauliczne dzia\u0142aj\u0105ce tylko w jednym kierunku) lub dwustronnego dzia\u0142ania (hydrauliczne dzia\u0142aj\u0105ce w dw\u00f3ch kierunkach) mo\u017cna dobra\u0107 w zale\u017cno\u015bci od potrzeb, aby spe\u0142ni\u0107 zr\u00f3\u017cnicowane potrzeby operacyjne. Niekt\u00f3re modele s\u0105 teleskopowe, co pozwala na wi\u0119ksze wysuni\u0119cie bez zwi\u0119kszania wymiar\u00f3w zewn\u0119trznych, i nadaje si\u0119 do zastosowa\u0144 w ograniczonej przestrzeni.<\/li>\n<li>Mo\u017cliwo\u015bci produkcyjne: Nasza firma mo\u017ce wyprodukowa\u0107 ten produkt i doskonale zast\u0105pi\u0107 te cylindry hydrauliczne.<\/li>\n<\/ul>\n<p><img decoding=\"async\" src=\"https:\/\/www.hydraulic-cylinders.net\/wp-content\/uploads\/2025\/01\/songte-cylinder-head-with-all-kinds-excavator-models.webp\" alt=\"Cylinder kube\u0142kowy\" \/><\/p>\n<h2>Aplikacje<\/h2>\n<p>Si\u0142ownik \u0142y\u017cki do koparki ko\u0142owej Hyundai R160W-5 jest szeroko stosowany w nast\u0119puj\u0105cych zastosowaniach:<\/p>\n<ul>\n<li>Sprz\u0119t budowlany: W koparkach s\u0105 one niezb\u0119dne do kopania, za\u0142adunku i przemieszczania gleby lub gruzu. W koparko-\u0142adowarkach si\u0142ownik \u0142y\u017cki pomaga zar\u00f3wno w kopaniu, jak i podnoszeniu. W \u0142adowarkach czo\u0142owych u\u0142atwiaj\u0105 one wydajne podnoszenie i wysypywanie materia\u0142\u00f3w.<\/li>\n<li>Maszyny rolnicze: Stosowane w \u0142adowarkach czo\u0142owych do nabierania, podnoszenia i transportu gleby, siana i innych materia\u0142\u00f3w. W koparkach si\u0142ownik \u0142y\u017cki umo\u017cliwia kopanie, umo\u017cliwiaj\u0105c \u0142y\u017cce zag\u0142\u0119bianie si\u0119 w gleb\u0119. <\/li>\n<\/ul>\n<h2>Zagadnienia projektowe i standardy wyboru<\/h2>\n<p>Przy projektowaniu cylindra \u0142y\u017cki do koparki ko\u0142owej Hyundai R160W-5 brane s\u0105 pod uwag\u0119 nast\u0119puj\u0105ce kluczowe czynniki:<\/p>\n<ul>\n<li>No\u015bno\u015b\u0107: Cylinder musi by\u0107 w stanie wytrzyma\u0107 obci\u0105\u017cenia, kt\u00f3rym b\u0119dzie poddawany w trakcie pracy.<\/li>\n<li>Uszczelnienie: Cylinder musi mie\u0107 dobre uszczelnienie, aby zapobiec wyciekaniu oleju hydraulicznego.<\/li>\n<li>Trwa\u0142o\u015b\u0107: Cylinder musi by\u0107 w stanie wytrzyma\u0107 trudne warunki pracy i zwi\u0105zane z tym zu\u017cycie.<\/li>\n<li>Bezpiecze\u0144stwo: Cylinder musi by\u0107 zaprojektowany z uwzgl\u0119dnieniem kwestii bezpiecze\u0144stwa, aby zapobiec wypadkom podczas pracy.<\/li>\n<li>\u0141atwo\u015b\u0107 konserwacji: Cylinder powinien by\u0107 zaprojektowany w taki spos\u00f3b, aby mo\u017cna go by\u0142o \u0142atwo naprawia\u0107 i konserwowa\u0107, co pozwoli ograniczy\u0107 koszty konserwacji i zminimalizowa\u0107 przestoje.<\/li>\n<\/ul>\n<p><img decoding=\"async\" src=\"https:\/\/www.hydraulic-cylinders.net\/wp-content\/uploads\/2025\/01\/songte-oil-pipes-and-spare-parts.webp\" alt=\"Cylinder kube\u0142kowy\" \/><\/p>\n<h2>Uszczelnianie i smarowanie<\/h2>\n<p>Si\u0142ownik \u0142y\u017cki do koparki ko\u0142owej Hyundai R160W-5 jest wyposa\u017cony w r\u00f3\u017cnorodne uszczelnienia, takie jak uszczelnienia t\u0142oka i t\u0142oczyska, wykonane z materia\u0142\u00f3w odpornych na zu\u017cycie, takich jak poliuretan i kauczuk nitrylowy. Korpus cylindra i powierzchnia gwintu s\u0105 precyzyjnie obrobione w celu zwi\u0119kszenia odporno\u015bci na zu\u017cycie. Wymagane jest regularne dodawanie odpowiedniej ilo\u015bci oleju hydraulicznego w celu smarowania.<\/p>\n<h2>Konserwacja i naprawa<\/h2>\n<p>Regularne przegl\u0105dy i konserwacja zapobiegawcza s\u0105 niezb\u0119dne dla zapewnienia d\u0142ugowieczno\u015bci cylindra \u0142y\u017cki. Typowe czynno\u015bci konserwacyjne obejmuj\u0105:<\/p>\n<ul>\n<li>Regularna kontrola<\/li>\n<li>Prawid\u0142owe smarowanie<\/li>\n<li>Wymiana uszczelki<\/li>\n<li>Kontrola kalibracji<\/li>\n<\/ul>\n<p><img decoding=\"async\" src=\"https:\/\/www.hydraulic-cylinders.net\/wp-content\/uploads\/2025\/01\/songte-chushion-collar.webp\" alt=\"Cylinder kube\u0142kowy\" \/><\/p>\n<h2>Bezpiecze\u0144stwo i wzgl\u0119dy \u015brodowiskowe<\/h2>\n<p>Podczas u\u017cytkowania si\u0142ownika \u0142y\u017cki koparki ko\u0142owej Hyundai R160W-5 nale\u017cy zachowa\u0107 odpowiednie \u015brodki bezpiecze\u0144stwa. Aby zminimalizowa\u0107 ryzyko wypadk\u00f3w, nale\u017cy bezwzgl\u0119dnie przestrzega\u0107 prawid\u0142owych procedur monta\u017cu, obs\u0142ugi i konserwacji. Nale\u017cy r\u00f3wnie\u017c uwzgl\u0119dni\u0107 czynniki \u015brodowiskowe, takie jak wycieki oleju i rozlania, i niezw\u0142ocznie podj\u0105\u0107 odpowiednie dzia\u0142ania.<\/p>\n<h2>Rozwi\u0105zywanie problem\u00f3w i typowe problemy<\/h2>\n<p>Do typowych problem\u00f3w z si\u0142ownikiem \u0142y\u017cki koparki ko\u0142owej Hyundai R160W-5 nale\u017c\u0105 wycieki oleju, uszkodzone uszczelki i wygi\u0119te t\u0142oczyska si\u0142ownika. Dost\u0119pne s\u0105 techniki i rozwi\u0105zania diagnostyczne, kt\u00f3re pomog\u0105 operatorom w diagnozowaniu i rozwi\u0105zywaniu problem\u00f3w, a tak\u017ce zalecane s\u0105 \u015brodki zapobiegawcze w celu zminimalizowania potencjalnych problem\u00f3w.<\/p>\n<p><img decoding=\"async\" src=\"https:\/\/www.hydraulic-cylinders.net\/wp-content\/uploads\/2025\/01\/songte-bushings-with-all-kinds-of-excavator-models.webp\" alt=\"Cylinder kube\u0142kowy\" \/><\/p>\n<h2>O naszej firmie<\/h2>\n<p>We are a manufacturer of replacement hydraulic cylinders with a comprehensive product range, becoming one of the leading manufacturers and wholesale distributors of hydraulic cylinders in the domestic and international markets. We follow the principle of excellent quality, relying on the industrial production management strategy of fine manufacturing workshops, continuously improve the manufacturing platform of the workshop, perfect the production route of product quality, and have strong creative capabilities. We meet customers&#8217; diverse needs with high efficiency, high precision, and high-quality principles.<\/p>\n<p><img decoding=\"async\" src=\"https:\/\/hzpt.com\/wp-content\/uploads\/2024\/11\/songte-company-1.webp\" alt=\"Cylinder kube\u0142kowy\" \/><\/p>\n<h3>Nasze specjalno\u015bci:<\/h3>\n<ul>\n<li>Profesjonalizm<\/li>\n<li>Mi\u0119dzynarodowa Certyfikacja<\/li>\n<li>Us\u0142ugi dostosowane do indywidualnych potrzeb<\/li>\n<li>Sprz\u0119t produkcyjny<\/li>\n<li>Serwis posprzeda\u017cowy<\/li>\n<\/ul>\n<p>Mamy nadziej\u0119, \u017ce ten artyku\u0142 dostarczy Ci przydatnych informacji na temat si\u0142ownika \u0142y\u017cki do koparki ko\u0142owej Hyundai R160W-5. Aby uzyska\u0107 wi\u0119cej informacji o naszych produktach i us\u0142ugach, odwied\u017a nasz\u0105 stron\u0119 internetow\u0105 lub skontaktuj si\u0119 z nami bezpo\u015brednio.<\/p>\n<p>Autor: lyl<\/p>","protected":false},"excerpt":{"rendered":"<p>Bucket Cylinder For Hyundai Wheel Excavator R160W-5 Introduction The bucket cylinder for Hyundai wheel excavator R160W-5 is a specialized hydraulic cylinder designed mainly for controlling the movement of the bucket in heavy machinery such as excavators, backhoe excavators, and front-end loaders. Its primary function is to allow the bucket to lift, lower, and tilt, making [&hellip;]<\/p>","protected":false},"featured_media":14778,"comment_status":"open","ping_status":"closed","template":"","meta":{"_et_pb_use_builder":"","_et_pb_old_content":"","_et_gb_content_width":""},"product_brand":[],"product_cat":[1494],"product_tag":[1495,1496],"class_list":{"0":"post-15334","1":"product","2":"type-product","3":"status-publish","4":"has-post-thumbnail","6":"product_cat-bucket-cylinders","7":"product_tag-bucket-cylinders","8":"product_tag-hydraulic-cylinders","10":"first","11":"instock","12":"shipping-taxable","13":"product-type-simple"},"amp_enabled":true,"_links":{"self":[{"href":"https:\/\/www.hydraulic-cylinders.net\/pl\/wp-json\/wp\/v2\/product\/15334","targetHints":{"allow":["GET"]}}],"collection":[{"href":"https:\/\/www.hydraulic-cylinders.net\/pl\/wp-json\/wp\/v2\/product"}],"about":[{"href":"https:\/\/www.hydraulic-cylinders.net\/pl\/wp-json\/wp\/v2\/types\/product"}],"replies":[{"embeddable":true,"href":"https:\/\/www.hydraulic-cylinders.net\/pl\/wp-json\/wp\/v2\/comments?post=15334"}],"wp:featuredmedia":[{"embeddable":true,"href":"https:\/\/www.hydraulic-cylinders.net\/pl\/wp-json\/wp\/v2\/media\/14778"}],"wp:attachment":[{"href":"https:\/\/www.hydraulic-cylinders.net\/pl\/wp-json\/wp\/v2\/media?parent=15334"}],"wp:term":[{"taxonomy":"product_brand","embeddable":true,"href":"https:\/\/www.hydraulic-cylinders.net\/pl\/wp-json\/wp\/v2\/product_brand?post=15334"},{"taxonomy":"product_cat","embeddable":true,"href":"https:\/\/www.hydraulic-cylinders.net\/pl\/wp-json\/wp\/v2\/product_cat?post=15334"},{"taxonomy":"product_tag","embeddable":true,"href":"https:\/\/www.hydraulic-cylinders.net\/pl\/wp-json\/wp\/v2\/product_tag?post=15334"}],"curies":[{"name":"wp","href":"https:\/\/api.w.org\/{rel}","templated":true}]}}